{"id":17179,"date":"2021-03-05T16:12:52","date_gmt":"2021-03-05T14:12:52","guid":{"rendered":"https:\/\/storitgroup.com\/?post_type=product&#038;p=17179"},"modified":"2026-05-02T07:55:58","modified_gmt":"2026-05-02T04:55:58","slug":"haarukkavaunu-pramac-gs-evo-25-800-x-525mm","status":"publish","type":"product","link":"https:\/\/storitgroup.com\/fi\/tuote\/haarukkavaunu-pramac-gs-evo-25-800-x-525mm\/","title":{"rendered":"Haarukkavaunu Pramac GS EVO 25 800 x 525mm"},"content":{"rendered":"<p>Nostokyky: 2500 kg<br \/> Haarukan pituus: 800 mm<br \/> Haarukan leveys: 525 mm<br \/> Haarukan min.\/maks. korkeus 85\/200 mm<br \/> Rullat: \u00d8 82&#215;60 mm, nailontandem polyuretaanipinnoitteella<br \/> K\u00e4\u00e4nt\u00f6s\u00e4de: 1017 mm.<br \/> Ty\u00f6skentelyet\u00e4isyys: 1673 mm.<br \/> Omapaino: 57 kg&lt;br\/ Haarukoiden p\u00e4iss\u00e4 olevat pienet lis\u00e4rullat mahdollistavat nopeamman ja sujuvamman sis\u00e4\u00e4n- ja ulosk\u00e4ynnin suljettuihin lavoihin.<br \/> Trukki on v\u00e4ltt\u00e4m\u00e4t\u00f6n ty\u00f6kalu varasto- ja kuljetust\u00f6iss\u00e4 varastoissa, tuotannossa ja myym\u00e4l\u00f6iss\u00e4.<br \/> Niit\u00e4 k\u00e4ytet\u00e4\u00e4n p\u00e4\u00e4asiassa matalan intensiteetin t\u00f6iss\u00e4 ja paikoissa, joissa moottoroidut trukit eiv\u00e4t voi ty\u00f6skennell\u00e4. <br \/>T\u00e4ll\u00e4 v\u00e4ltt\u00e4m\u00e4tt\u00f6m\u00e4ll\u00e4 ja eritt\u00e4in yleisell\u00e4 ty\u00f6kalulla on my\u00f6s monia nimi\u00e4 kansan keskuudessa \u2013 trukki, k\u00e4sik\u00e4ytt\u00f6inen trukki, pumppuk\u00e4rry, haarukkavaunu, k\u00e4sik\u00e4ytt\u00f6inen haarukkavaunu, rokla, rocla, \u0438\u0433\u0438\u0434\u0440\u0430\u0432\u043b\u044f\u0446\u0438\u044f \u0432\u0438\u043b\u043e\u0447\u043d\u0430\u044f \u0442\u0435\u043b\u0435\u0436\u043a\u0430 (ven\u00e4j\u00e4ksi) jne. <br \/>Tuotevalikoimaan kuuluu useita eri versioita, jotka vaihtelevat seuraavien ominaisuuksien suhteen: <br \/>nostokyky<br \/>haarukoiden pituus<br \/>ohjauspy\u00f6r\u00e4n ja rullien materiaali<br \/>haarukoiden leveys ja korkeus<br \/>manuaalinen tai s\u00e4hk\u00f6inen<\/p>\n","protected":false},"excerpt":{"rendered":"<p>Nostokyky: 2500 kg<br \/>\n Haarukan pituus: 800 mm<br \/>\n Haarukan leveys: 525 mm<\/p>\n","protected":false},"featured_media":224584,"template":"","meta":{"_acf_changed":false},"product_brand":[],"product_cat":[7038],"product_tag":[],"class_list":{"0":"post-17179","1":"product","2":"type-product","3":"status-publish","4":"has-post-thumbnail","6":"product_room-kuljetus-ja-logistiikka","7":"product_room-tyopaja-ja-autotalli","8":"product_room-ruuan-kasittely","9":"product_room-kaupankaynti-ja-myymalat","10":"product_room-tynnyrien-ja-kaapeleiden-kasittely","11":"product_room-iso-varasto","12":"product_room-varasto-pitkille-tavaroille-ja-levymateriaaleille","13":"product_room-pieni-varasto","14":"product_room-nostovalinet","15":"product_room-tavaroiden-logistiikka","16":"product_cat-manuaaliset-haarukkavaunut-pumppukarryt","18":"first","19":"instock","20":"taxable","21":"shipping-taxable","22":"purchasable","23":"product-type-simple"},"acf":[],"yoast_head":"<!-- This site is optimized with the Yoast SEO plugin v27.4 - https:\/\/yoast.com\/product\/yoast-seo-wordpress\/ -->\n<title>Haarukkavaunu Pramac GS EVO 25 800 x 525mm &#8226; Storit<\/title>\n<meta name=\"description\" content=\"Haarukkavaunu Pramac GS EVO 25 800 x 525mm \u2014 kohtuulliseen hintaan. Toimitukset kaikkialle Suomeen! \u261b Tutustu tuotteeseen ja tilaa k\u00e4tev\u00e4sti STORIT-verkkokaupasta!\" \/>\n<meta name=\"robots\" content=\"index, follow, max-snippet:-1, max-image-preview:large, max-video-preview:-1\" \/>\n<link rel=\"canonical\" href=\"https:\/\/storitgroup.com\/fi\/tuote\/haarukkavaunu-pramac-gs-evo-25-800-x-525mm\/\" \/>\n<meta property=\"og:locale\" content=\"fi_FI\" \/>\n<meta property=\"og:type\" content=\"article\" \/>\n<meta property=\"og:title\" content=\"Haarukkavaunu Pramac GS EVO 25 800 x 525mm &#8226; Storit\" \/>\n<meta property=\"og:description\" content=\"Haarukkavaunu Pramac GS EVO 25 800 x 525mm \u2014 kohtuulliseen hintaan. Toimitukset kaikkialle Suomeen! \u261b Tutustu tuotteeseen ja tilaa k\u00e4tev\u00e4sti STORIT-verkkokaupasta!\" \/>\n<meta property=\"og:url\" content=\"https:\/\/storitgroup.com\/fi\/tuote\/haarukkavaunu-pramac-gs-evo-25-800-x-525mm\/\" \/>\n<meta property=\"og:site_name\" content=\"Storit\" \/>\n<meta property=\"article:modified_time\" content=\"2026-05-02T04:55:58+00:00\" \/>\n<meta property=\"og:image\" content=\"https:\/\/storitgroup.com\/uploads\/2021\/03\/pramac-gs-evo-800mm-avakuva-.jpg\" \/>\n\t<meta property=\"og:image:width\" content=\"224\" \/>\n\t<meta property=\"og:image:height\" content=\"240\" \/>\n\t<meta property=\"og:image:type\" content=\"image\/jpeg\" \/>\n<meta name=\"twitter:card\" content=\"summary_large_image\" \/>\n<meta name=\"twitter:label1\" content=\"Arvioitu lukuaika\" \/>\n\t<meta name=\"twitter:data1\" content=\"1 minuutti\" \/>\n<script type=\"application\/ld+json\" class=\"yoast-schema-graph\">{\"@context\":\"https:\\\/\\\/schema.org\",\"@graph\":[{\"@type\":[\"WebPage\",\"ItemPage\"],\"@id\":\"https:\\\/\\\/storitgroup.com\\\/fi\\\/tuote\\\/haarukkavaunu-pramac-gs-evo-25-800-x-525mm\\\/\",\"url\":\"https:\\\/\\\/storitgroup.com\\\/fi\\\/tuote\\\/haarukkavaunu-pramac-gs-evo-25-800-x-525mm\\\/\",\"name\":\"Haarukkavaunu Pramac GS EVO 25 800 x 525mm &#8226; Storit\",\"isPartOf\":{\"@id\":\"https:\\\/\\\/storitgroup.com\\\/fi\\\/#website\"},\"primaryImageOfPage\":{\"@id\":\"https:\\\/\\\/storitgroup.com\\\/fi\\\/tuote\\\/haarukkavaunu-pramac-gs-evo-25-800-x-525mm\\\/#primaryimage\"},\"image\":{\"@id\":\"https:\\\/\\\/storitgroup.com\\\/fi\\\/tuote\\\/haarukkavaunu-pramac-gs-evo-25-800-x-525mm\\\/#primaryimage\"},\"thumbnailUrl\":\"https:\\\/\\\/storitgroup.com\\\/uploads\\\/2021\\\/03\\\/pramac-gs-evo-800mm-avakuva-.jpg\",\"datePublished\":\"2021-03-05T14:12:52+00:00\",\"dateModified\":\"2026-05-02T04:55:58+00:00\",\"description\":\"Haarukkavaunu Pramac GS EVO 25 800 x 525mm \u2014 kohtuulliseen hintaan. Toimitukset kaikkialle Suomeen! \u261b Tutustu tuotteeseen ja tilaa k\u00e4tev\u00e4sti STORIT-verkkokaupasta!\",\"breadcrumb\":{\"@id\":\"https:\\\/\\\/storitgroup.com\\\/fi\\\/tuote\\\/haarukkavaunu-pramac-gs-evo-25-800-x-525mm\\\/#breadcrumb\"},\"inLanguage\":\"fi\",\"potentialAction\":[{\"@type\":\"ReadAction\",\"target\":[\"https:\\\/\\\/storitgroup.com\\\/fi\\\/tuote\\\/haarukkavaunu-pramac-gs-evo-25-800-x-525mm\\\/\"]}]},{\"@type\":\"ImageObject\",\"inLanguage\":\"fi\",\"@id\":\"https:\\\/\\\/storitgroup.com\\\/fi\\\/tuote\\\/haarukkavaunu-pramac-gs-evo-25-800-x-525mm\\\/#primaryimage\",\"url\":\"https:\\\/\\\/storitgroup.com\\\/uploads\\\/2021\\\/03\\\/pramac-gs-evo-800mm-avakuva-.jpg\",\"contentUrl\":\"https:\\\/\\\/storitgroup.com\\\/uploads\\\/2021\\\/03\\\/pramac-gs-evo-800mm-avakuva-.jpg\",\"width\":224,\"height\":240},{\"@type\":\"BreadcrumbList\",\"@id\":\"https:\\\/\\\/storitgroup.com\\\/fi\\\/tuote\\\/haarukkavaunu-pramac-gs-evo-25-800-x-525mm\\\/#breadcrumb\",\"itemListElement\":[{\"@type\":\"ListItem\",\"position\":1,\"name\":\"Kotisivu\",\"item\":\"https:\\\/\\\/storitgroup.com\\\/fi\\\/\"},{\"@type\":\"ListItem\",\"position\":2,\"name\":\"Tuotteet\",\"item\":\"https:\\\/\\\/storitgroup.com\\\/fi\\\/tuotteet\\\/\"},{\"@type\":\"ListItem\",\"position\":3,\"name\":\"Varastotrukit, nostolavat, tarvikkeet\",\"item\":\"https:\\\/\\\/storitgroup.com\\\/fi\\\/tuotteet\\\/varastotrukit-nostolavat-tarvikkeet\\\/\"},{\"@type\":\"ListItem\",\"position\":4,\"name\":\"Haarukkavaunut, pumppuk\u00e4rryt ja lavansiirt\u00e4j\u00e4t\",\"item\":\"https:\\\/\\\/storitgroup.com\\\/fi\\\/tuotteet\\\/varastotrukit-nostolavat-tarvikkeet\\\/haarukkavaunut-pumppukarryt-ja-lavansiirtajat\\\/\"},{\"@type\":\"ListItem\",\"position\":5,\"name\":\"Manuaaliset haarukkavaunut, pumppuk\u00e4rryt\",\"item\":\"https:\\\/\\\/storitgroup.com\\\/fi\\\/tuotteet\\\/varastotrukit-nostolavat-tarvikkeet\\\/haarukkavaunut-pumppukarryt-ja-lavansiirtajat\\\/manuaaliset-haarukkavaunut-pumppukarryt\\\/\"},{\"@type\":\"ListItem\",\"position\":6,\"name\":\"Haarukkavaunu Pramac GS EVO 25 800 x 525mm\"}]},{\"@type\":\"WebSite\",\"@id\":\"https:\\\/\\\/storitgroup.com\\\/fi\\\/#website\",\"url\":\"https:\\\/\\\/storitgroup.com\\\/fi\\\/\",\"name\":\"Storit\",\"description\":\"\",\"potentialAction\":[{\"@type\":\"SearchAction\",\"target\":{\"@type\":\"EntryPoint\",\"urlTemplate\":\"https:\\\/\\\/storitgroup.com\\\/fi\\\/?s={search_term_string}\"},\"query-input\":{\"@type\":\"PropertyValueSpecification\",\"valueRequired\":true,\"valueName\":\"search_term_string\"}}],\"inLanguage\":\"fi\"}]}<\/script>\n<!-- \/ Yoast SEO plugin. -->","yoast_head_json":{"title":"Haarukkavaunu Pramac GS EVO 25 800 x 525mm &#8226; Storit","description":"Haarukkavaunu Pramac GS EVO 25 800 x 525mm \u2014 kohtuulliseen hintaan. Toimitukset kaikkialle Suomeen! \u261b Tutustu tuotteeseen ja tilaa k\u00e4tev\u00e4sti STORIT-verkkokaupasta!","robots":{"index":"index","follow":"follow","max-snippet":"max-snippet:-1","max-image-preview":"max-image-preview:large","max-video-preview":"max-video-preview:-1"},"canonical":"https:\/\/storitgroup.com\/fi\/tuote\/haarukkavaunu-pramac-gs-evo-25-800-x-525mm\/","og_locale":"fi_FI","og_type":"article","og_title":"Haarukkavaunu Pramac GS EVO 25 800 x 525mm &#8226; Storit","og_description":"Haarukkavaunu Pramac GS EVO 25 800 x 525mm \u2014 kohtuulliseen hintaan. Toimitukset kaikkialle Suomeen! \u261b Tutustu tuotteeseen ja tilaa k\u00e4tev\u00e4sti STORIT-verkkokaupasta!","og_url":"https:\/\/storitgroup.com\/fi\/tuote\/haarukkavaunu-pramac-gs-evo-25-800-x-525mm\/","og_site_name":"Storit","article_modified_time":"2026-05-02T04:55:58+00:00","og_image":[{"width":224,"height":240,"url":"https:\/\/storitgroup.com\/uploads\/2021\/03\/pramac-gs-evo-800mm-avakuva-.jpg","type":"image\/jpeg"}],"twitter_card":"summary_large_image","twitter_misc":{"Arvioitu lukuaika":"1 minuutti"},"schema":{"@context":"https:\/\/schema.org","@graph":[{"@type":["WebPage","ItemPage"],"@id":"https:\/\/storitgroup.com\/fi\/tuote\/haarukkavaunu-pramac-gs-evo-25-800-x-525mm\/","url":"https:\/\/storitgroup.com\/fi\/tuote\/haarukkavaunu-pramac-gs-evo-25-800-x-525mm\/","name":"Haarukkavaunu Pramac GS EVO 25 800 x 525mm &#8226; Storit","isPartOf":{"@id":"https:\/\/storitgroup.com\/fi\/#website"},"primaryImageOfPage":{"@id":"https:\/\/storitgroup.com\/fi\/tuote\/haarukkavaunu-pramac-gs-evo-25-800-x-525mm\/#primaryimage"},"image":{"@id":"https:\/\/storitgroup.com\/fi\/tuote\/haarukkavaunu-pramac-gs-evo-25-800-x-525mm\/#primaryimage"},"thumbnailUrl":"https:\/\/storitgroup.com\/uploads\/2021\/03\/pramac-gs-evo-800mm-avakuva-.jpg","datePublished":"2021-03-05T14:12:52+00:00","dateModified":"2026-05-02T04:55:58+00:00","description":"Haarukkavaunu Pramac GS EVO 25 800 x 525mm \u2014 kohtuulliseen hintaan. Toimitukset kaikkialle Suomeen! \u261b Tutustu tuotteeseen ja tilaa k\u00e4tev\u00e4sti STORIT-verkkokaupasta!","breadcrumb":{"@id":"https:\/\/storitgroup.com\/fi\/tuote\/haarukkavaunu-pramac-gs-evo-25-800-x-525mm\/#breadcrumb"},"inLanguage":"fi","potentialAction":[{"@type":"ReadAction","target":["https:\/\/storitgroup.com\/fi\/tuote\/haarukkavaunu-pramac-gs-evo-25-800-x-525mm\/"]}]},{"@type":"ImageObject","inLanguage":"fi","@id":"https:\/\/storitgroup.com\/fi\/tuote\/haarukkavaunu-pramac-gs-evo-25-800-x-525mm\/#primaryimage","url":"https:\/\/storitgroup.com\/uploads\/2021\/03\/pramac-gs-evo-800mm-avakuva-.jpg","contentUrl":"https:\/\/storitgroup.com\/uploads\/2021\/03\/pramac-gs-evo-800mm-avakuva-.jpg","width":224,"height":240},{"@type":"BreadcrumbList","@id":"https:\/\/storitgroup.com\/fi\/tuote\/haarukkavaunu-pramac-gs-evo-25-800-x-525mm\/#breadcrumb","itemListElement":[{"@type":"ListItem","position":1,"name":"Kotisivu","item":"https:\/\/storitgroup.com\/fi\/"},{"@type":"ListItem","position":2,"name":"Tuotteet","item":"https:\/\/storitgroup.com\/fi\/tuotteet\/"},{"@type":"ListItem","position":3,"name":"Varastotrukit, nostolavat, tarvikkeet","item":"https:\/\/storitgroup.com\/fi\/tuotteet\/varastotrukit-nostolavat-tarvikkeet\/"},{"@type":"ListItem","position":4,"name":"Haarukkavaunut, pumppuk\u00e4rryt ja lavansiirt\u00e4j\u00e4t","item":"https:\/\/storitgroup.com\/fi\/tuotteet\/varastotrukit-nostolavat-tarvikkeet\/haarukkavaunut-pumppukarryt-ja-lavansiirtajat\/"},{"@type":"ListItem","position":5,"name":"Manuaaliset haarukkavaunut, pumppuk\u00e4rryt","item":"https:\/\/storitgroup.com\/fi\/tuotteet\/varastotrukit-nostolavat-tarvikkeet\/haarukkavaunut-pumppukarryt-ja-lavansiirtajat\/manuaaliset-haarukkavaunut-pumppukarryt\/"},{"@type":"ListItem","position":6,"name":"Haarukkavaunu Pramac GS EVO 25 800 x 525mm"}]},{"@type":"WebSite","@id":"https:\/\/storitgroup.com\/fi\/#website","url":"https:\/\/storitgroup.com\/fi\/","name":"Storit","description":"","potentialAction":[{"@type":"SearchAction","target":{"@type":"EntryPoint","urlTemplate":"https:\/\/storitgroup.com\/fi\/?s={search_term_string}"},"query-input":{"@type":"PropertyValueSpecification","valueRequired":true,"valueName":"search_term_string"}}],"inLanguage":"fi"}]}},"_links":{"self":[{"href":"https:\/\/storitgroup.com\/fi\/wp-json\/wp\/v2\/product\/17179","targetHints":{"allow":["GET"]}}],"collection":[{"href":"https:\/\/storitgroup.com\/fi\/wp-json\/wp\/v2\/product"}],"about":[{"href":"https:\/\/storitgroup.com\/fi\/wp-json\/wp\/v2\/types\/product"}],"wp:featuredmedia":[{"embeddable":true,"href":"https:\/\/storitgroup.com\/fi\/wp-json\/wp\/v2\/media\/224584"}],"wp:attachment":[{"href":"https:\/\/storitgroup.com\/fi\/wp-json\/wp\/v2\/media?parent=17179"}],"wp:term":[{"taxonomy":"product_brand","embeddable":true,"href":"https:\/\/storitgroup.com\/fi\/wp-json\/wp\/v2\/product_brand?post=17179"},{"taxonomy":"product_cat","embeddable":true,"href":"https:\/\/storitgroup.com\/fi\/wp-json\/wp\/v2\/product_cat?post=17179"},{"taxonomy":"product_tag","embeddable":true,"href":"https:\/\/storitgroup.com\/fi\/wp-json\/wp\/v2\/product_tag?post=17179"}],"curies":[{"name":"wp","href":"https:\/\/api.w.org\/{rel}","templated":true}]}}