{"id":17165,"date":"2021-03-05T14:12:29","date_gmt":"2021-03-05T14:12:29","guid":{"rendered":"https:\/\/storitgroup.com\/?post_type=product&#038;p=17165"},"modified":"2026-04-09T17:46:29","modified_gmt":"2026-04-09T14:46:29","slug":"pakkausteipin-pidike-50mm","status":"publish","type":"product","link":"https:\/\/storitgroup.com\/fi\/tuote\/pakkausteipin-pidike-50mm\/","title":{"rendered":"Pakkausteipin pidike 50mm"},"content":{"rendered":"","protected":false},"excerpt":{"rendered":"","protected":false},"featured_media":23909,"template":"","meta":{"_acf_changed":false},"product_brand":[],"product_cat":[7104],"product_tag":[],"class_list":{"0":"post-17165","1":"product","2":"type-product","3":"status-publish","4":"has-post-thumbnail","6":"product_room-pakkaus","7":"product_room-iso-varasto","8":"product_room-pieni-varasto","9":"product_room-kuljetus-ja-logistiikka","10":"product_room-kokoonpano-ja-keraily","11":"product_cat-pakkausmateriaalit","13":"first","14":"instock","15":"taxable","16":"shipping-taxable","17":"purchasable","18":"product-type-simple"},"acf":[],"yoast_head":"<!-- This site is optimized with the Yoast SEO plugin v27.3 - https:\/\/yoast.com\/product\/yoast-seo-wordpress\/ -->\n<title>Pakkausteipin pidike 50mm &#8226; Storit<\/title>\n<meta name=\"description\" content=\"Pakkausteipin pidike 50mm \u2014 kohtuulliseen hintaan. Toimitukset kaikkialle Suomeen! \u261b Tutustu tuotteeseen ja tilaa k\u00e4tev\u00e4sti STORIT-verkkokaupasta!\" \/>\n<meta name=\"robots\" content=\"index, follow, max-snippet:-1, max-image-preview:large, max-video-preview:-1\" \/>\n<link rel=\"canonical\" href=\"https:\/\/storitgroup.com\/fi\/tuote\/pakkausteipin-pidike-50mm\/\" \/>\n<meta property=\"og:locale\" content=\"fi_FI\" \/>\n<meta property=\"og:type\" content=\"article\" \/>\n<meta property=\"og:title\" content=\"Pakkausteipin pidike 50mm &#8226; Storit\" \/>\n<meta property=\"og:description\" content=\"Pakkausteipin pidike 50mm \u2014 kohtuulliseen hintaan. Toimitukset kaikkialle Suomeen! \u261b Tutustu tuotteeseen ja tilaa k\u00e4tev\u00e4sti STORIT-verkkokaupasta!\" \/>\n<meta property=\"og:url\" content=\"https:\/\/storitgroup.com\/fi\/tuote\/pakkausteipin-pidike-50mm\/\" \/>\n<meta property=\"og:site_name\" content=\"Storit\" \/>\n<meta property=\"article:modified_time\" content=\"2026-04-09T14:46:29+00:00\" \/>\n<meta property=\"og:image\" content=\"https:\/\/storitgroup.com\/uploads\/2021\/03\/kasitsi-teipimise-masin-dispenser-tesa-50-mm-1-1.png\" \/>\n\t<meta property=\"og:image:width\" content=\"500\" \/>\n\t<meta property=\"og:image:height\" content=\"500\" \/>\n\t<meta property=\"og:image:type\" content=\"image\/png\" \/>\n<meta name=\"twitter:card\" content=\"summary_large_image\" \/>\n<script type=\"application\/ld+json\" class=\"yoast-schema-graph\">{\"@context\":\"https:\\\/\\\/schema.org\",\"@graph\":[{\"@type\":[\"WebPage\",\"ItemPage\"],\"@id\":\"https:\\\/\\\/storitgroup.com\\\/fi\\\/tuote\\\/pakkausteipin-pidike-50mm\\\/\",\"url\":\"https:\\\/\\\/storitgroup.com\\\/fi\\\/tuote\\\/pakkausteipin-pidike-50mm\\\/\",\"name\":\"Pakkausteipin pidike 50mm &#8226; Storit\",\"isPartOf\":{\"@id\":\"https:\\\/\\\/storitgroup.com\\\/fi\\\/#website\"},\"primaryImageOfPage\":{\"@id\":\"https:\\\/\\\/storitgroup.com\\\/fi\\\/tuote\\\/pakkausteipin-pidike-50mm\\\/#primaryimage\"},\"image\":{\"@id\":\"https:\\\/\\\/storitgroup.com\\\/fi\\\/tuote\\\/pakkausteipin-pidike-50mm\\\/#primaryimage\"},\"thumbnailUrl\":\"https:\\\/\\\/storitgroup.com\\\/uploads\\\/2021\\\/03\\\/kasitsi-teipimise-masin-dispenser-tesa-50-mm-1-1.png\",\"datePublished\":\"2021-03-05T14:12:29+00:00\",\"dateModified\":\"2026-04-09T14:46:29+00:00\",\"description\":\"Pakkausteipin pidike 50mm \u2014 kohtuulliseen hintaan. Toimitukset kaikkialle Suomeen! \u261b Tutustu tuotteeseen ja tilaa k\u00e4tev\u00e4sti STORIT-verkkokaupasta!\",\"breadcrumb\":{\"@id\":\"https:\\\/\\\/storitgroup.com\\\/fi\\\/tuote\\\/pakkausteipin-pidike-50mm\\\/#breadcrumb\"},\"inLanguage\":\"fi\",\"potentialAction\":[{\"@type\":\"ReadAction\",\"target\":[\"https:\\\/\\\/storitgroup.com\\\/fi\\\/tuote\\\/pakkausteipin-pidike-50mm\\\/\"]}]},{\"@type\":\"ImageObject\",\"inLanguage\":\"fi\",\"@id\":\"https:\\\/\\\/storitgroup.com\\\/fi\\\/tuote\\\/pakkausteipin-pidike-50mm\\\/#primaryimage\",\"url\":\"https:\\\/\\\/storitgroup.com\\\/uploads\\\/2021\\\/03\\\/kasitsi-teipimise-masin-dispenser-tesa-50-mm-1-1.png\",\"contentUrl\":\"https:\\\/\\\/storitgroup.com\\\/uploads\\\/2021\\\/03\\\/kasitsi-teipimise-masin-dispenser-tesa-50-mm-1-1.png\",\"width\":500,\"height\":500},{\"@type\":\"BreadcrumbList\",\"@id\":\"https:\\\/\\\/storitgroup.com\\\/fi\\\/tuote\\\/pakkausteipin-pidike-50mm\\\/#breadcrumb\",\"itemListElement\":[{\"@type\":\"ListItem\",\"position\":1,\"name\":\"Kotisivu\",\"item\":\"https:\\\/\\\/storitgroup.com\\\/fi\\\/\"},{\"@type\":\"ListItem\",\"position\":2,\"name\":\"Tuotteet\",\"item\":\"https:\\\/\\\/storitgroup.com\\\/fi\\\/tuotteet\\\/\"},{\"@type\":\"ListItem\",\"position\":3,\"name\":\"Ty\u00f6p\u00f6yd\u00e4t: STORIT\",\"item\":\"https:\\\/\\\/storitgroup.com\\\/fi\\\/poydat-tuolit-tyokaluvarasto\\\/tyopoydat\\\/tyopoydat-storit-tyopoydat\\\/\"},{\"@type\":\"ListItem\",\"position\":4,\"name\":\"Pakkausmateriaalit\",\"item\":\"https:\\\/\\\/storitgroup.com\\\/fi\\\/kuormalavat-pakkaus\\\/pakkausmateriaalit\\\/\"},{\"@type\":\"ListItem\",\"position\":5,\"name\":\"Pakkausteipin pidike 50mm\"}]},{\"@type\":\"WebSite\",\"@id\":\"https:\\\/\\\/storitgroup.com\\\/fi\\\/#website\",\"url\":\"https:\\\/\\\/storitgroup.com\\\/fi\\\/\",\"name\":\"Storit\",\"description\":\"\",\"potentialAction\":[{\"@type\":\"SearchAction\",\"target\":{\"@type\":\"EntryPoint\",\"urlTemplate\":\"https:\\\/\\\/storitgroup.com\\\/fi\\\/?s={search_term_string}\"},\"query-input\":{\"@type\":\"PropertyValueSpecification\",\"valueRequired\":true,\"valueName\":\"search_term_string\"}}],\"inLanguage\":\"fi\"}]}<\/script>\n<!-- \/ Yoast SEO plugin. -->","yoast_head_json":{"title":"Pakkausteipin pidike 50mm &#8226; Storit","description":"Pakkausteipin pidike 50mm \u2014 kohtuulliseen hintaan. Toimitukset kaikkialle Suomeen! \u261b Tutustu tuotteeseen ja tilaa k\u00e4tev\u00e4sti STORIT-verkkokaupasta!","robots":{"index":"index","follow":"follow","max-snippet":"max-snippet:-1","max-image-preview":"max-image-preview:large","max-video-preview":"max-video-preview:-1"},"canonical":"https:\/\/storitgroup.com\/fi\/tuote\/pakkausteipin-pidike-50mm\/","og_locale":"fi_FI","og_type":"article","og_title":"Pakkausteipin pidike 50mm &#8226; Storit","og_description":"Pakkausteipin pidike 50mm \u2014 kohtuulliseen hintaan. Toimitukset kaikkialle Suomeen! \u261b Tutustu tuotteeseen ja tilaa k\u00e4tev\u00e4sti STORIT-verkkokaupasta!","og_url":"https:\/\/storitgroup.com\/fi\/tuote\/pakkausteipin-pidike-50mm\/","og_site_name":"Storit","article_modified_time":"2026-04-09T14:46:29+00:00","og_image":[{"width":500,"height":500,"url":"https:\/\/storitgroup.com\/uploads\/2021\/03\/kasitsi-teipimise-masin-dispenser-tesa-50-mm-1-1.png","type":"image\/png"}],"twitter_card":"summary_large_image","schema":{"@context":"https:\/\/schema.org","@graph":[{"@type":["WebPage","ItemPage"],"@id":"https:\/\/storitgroup.com\/fi\/tuote\/pakkausteipin-pidike-50mm\/","url":"https:\/\/storitgroup.com\/fi\/tuote\/pakkausteipin-pidike-50mm\/","name":"Pakkausteipin pidike 50mm &#8226; Storit","isPartOf":{"@id":"https:\/\/storitgroup.com\/fi\/#website"},"primaryImageOfPage":{"@id":"https:\/\/storitgroup.com\/fi\/tuote\/pakkausteipin-pidike-50mm\/#primaryimage"},"image":{"@id":"https:\/\/storitgroup.com\/fi\/tuote\/pakkausteipin-pidike-50mm\/#primaryimage"},"thumbnailUrl":"https:\/\/storitgroup.com\/uploads\/2021\/03\/kasitsi-teipimise-masin-dispenser-tesa-50-mm-1-1.png","datePublished":"2021-03-05T14:12:29+00:00","dateModified":"2026-04-09T14:46:29+00:00","description":"Pakkausteipin pidike 50mm \u2014 kohtuulliseen hintaan. Toimitukset kaikkialle Suomeen! \u261b Tutustu tuotteeseen ja tilaa k\u00e4tev\u00e4sti STORIT-verkkokaupasta!","breadcrumb":{"@id":"https:\/\/storitgroup.com\/fi\/tuote\/pakkausteipin-pidike-50mm\/#breadcrumb"},"inLanguage":"fi","potentialAction":[{"@type":"ReadAction","target":["https:\/\/storitgroup.com\/fi\/tuote\/pakkausteipin-pidike-50mm\/"]}]},{"@type":"ImageObject","inLanguage":"fi","@id":"https:\/\/storitgroup.com\/fi\/tuote\/pakkausteipin-pidike-50mm\/#primaryimage","url":"https:\/\/storitgroup.com\/uploads\/2021\/03\/kasitsi-teipimise-masin-dispenser-tesa-50-mm-1-1.png","contentUrl":"https:\/\/storitgroup.com\/uploads\/2021\/03\/kasitsi-teipimise-masin-dispenser-tesa-50-mm-1-1.png","width":500,"height":500},{"@type":"BreadcrumbList","@id":"https:\/\/storitgroup.com\/fi\/tuote\/pakkausteipin-pidike-50mm\/#breadcrumb","itemListElement":[{"@type":"ListItem","position":1,"name":"Kotisivu","item":"https:\/\/storitgroup.com\/fi\/"},{"@type":"ListItem","position":2,"name":"Tuotteet","item":"https:\/\/storitgroup.com\/fi\/tuotteet\/"},{"@type":"ListItem","position":3,"name":"Ty\u00f6p\u00f6yd\u00e4t: STORIT","item":"https:\/\/storitgroup.com\/fi\/poydat-tuolit-tyokaluvarasto\/tyopoydat\/tyopoydat-storit-tyopoydat\/"},{"@type":"ListItem","position":4,"name":"Pakkausmateriaalit","item":"https:\/\/storitgroup.com\/fi\/kuormalavat-pakkaus\/pakkausmateriaalit\/"},{"@type":"ListItem","position":5,"name":"Pakkausteipin pidike 50mm"}]},{"@type":"WebSite","@id":"https:\/\/storitgroup.com\/fi\/#website","url":"https:\/\/storitgroup.com\/fi\/","name":"Storit","description":"","potentialAction":[{"@type":"SearchAction","target":{"@type":"EntryPoint","urlTemplate":"https:\/\/storitgroup.com\/fi\/?s={search_term_string}"},"query-input":{"@type":"PropertyValueSpecification","valueRequired":true,"valueName":"search_term_string"}}],"inLanguage":"fi"}]}},"_links":{"self":[{"href":"https:\/\/storitgroup.com\/fi\/wp-json\/wp\/v2\/product\/17165","targetHints":{"allow":["GET"]}}],"collection":[{"href":"https:\/\/storitgroup.com\/fi\/wp-json\/wp\/v2\/product"}],"about":[{"href":"https:\/\/storitgroup.com\/fi\/wp-json\/wp\/v2\/types\/product"}],"wp:featuredmedia":[{"embeddable":true,"href":"https:\/\/storitgroup.com\/fi\/wp-json\/wp\/v2\/media\/23909"}],"wp:attachment":[{"href":"https:\/\/storitgroup.com\/fi\/wp-json\/wp\/v2\/media?parent=17165"}],"wp:term":[{"taxonomy":"product_brand","embeddable":true,"href":"https:\/\/storitgroup.com\/fi\/wp-json\/wp\/v2\/product_brand?post=17165"},{"taxonomy":"product_cat","embeddable":true,"href":"https:\/\/storitgroup.com\/fi\/wp-json\/wp\/v2\/product_cat?post=17165"},{"taxonomy":"product_tag","embeddable":true,"href":"https:\/\/storitgroup.com\/fi\/wp-json\/wp\/v2\/product_tag?post=17165"}],"curies":[{"name":"wp","href":"https:\/\/api.w.org\/{rel}","templated":true}]}}