{"id":17079,"date":"2021-03-05T15:52:33","date_gmt":"2021-03-05T13:52:33","guid":{"rendered":"https:\/\/storitgroup.com\/?post_type=product&#038;p=17079"},"modified":"2026-04-10T19:52:20","modified_gmt":"2026-04-10T16:52:20","slug":"vaatekaappi-pariovilla-2x300mm-ral7035-7035","status":"publish","type":"product","link":"https:\/\/storitgroup.com\/fi\/tuote\/vaatekaappi-pariovilla-2x300mm-ral7035-7035\/","title":{"rendered":"Vaatekaappi Storit pariovilla 2&#215;300 mm, RAL7035\/7035"},"content":{"rendered":"<p>Ruosteenkest\u00e4v\u00e4 kaappi on jauhemaalattu, voit valita 16 RAL-v\u00e4rist\u00e4.<br \/>Loput RAL-luettelon v\u00e4rit ovat saatavilla lis\u00e4maksusta. <\/p>\n<p>T\u00e4m\u00e4 kaksipuolisilla ovilla varustettu vaatekaappi on esteettisesti miellytt\u00e4v\u00e4 ja tilava esine toimistoon, kouluun, kuntosalille jne. Hitsattu rakenne varmistaa ovien ja rungon j\u00e4ykkyyden ja ilmankierron takaa moderni rei\u00b4itys WEMO, rekister\u00f6ity teollinen malli.<br \/>Kaapissa on v\u00e4lisein\u00e4, joka tarjoaa k\u00e4yt\u00e4nn\u00f6llisen ratkaisun puhtaiden ja likaisten vaatteiden erottamiseen.<br \/>Kaapissa on ripustusputki koukuilla, leve\u00e4 hattuhylly ja itseliimautuva pyyhekoukku, peili ja nimilappu.<br \/> Oven edess\u00e4 on sylinterilukko, jonka mukana tulee 2 avainta. Lis\u00e4maksusta saatavilla p\u00e4\u00e4avain ja useita lukkotyyppej\u00e4: riippulukko, kolikkolukko, koodi- tai RFID-lukko.<br \/>Kaappi on valmistettu eripaksuisesta metallilevyst\u00e4, mik\u00e4 tekee siit\u00e4 erityisen vakaan: pohja &#8211; 0,8 mm, runko &#8211; 0,6 mm, katto ja hylly &#8211; 0,5 mm<\/p>\n<p> Kaapit ovat sertifioituja ja t\u00e4ytt\u00e4v\u00e4t EU:n turvallisuusstandardit.<\/p>\n","protected":false},"excerpt":{"rendered":"<p>Ruosteenkest\u00e4v\u00e4 kaappi on jauhemaalattu, voit valita 16 RAL-v\u00e4rist\u00e4.<br \/>\nLoput RAL-luettelon v\u00e4rit ovat saatavilla lis\u00e4maksusta. <\/p>\n","protected":false},"featured_media":197595,"template":"","meta":{"_acf_changed":false},"product_brand":[],"product_cat":[7058],"product_tag":[],"class_list":{"0":"post-17079","1":"product","2":"type-product","3":"status-publish","4":"has-post-thumbnail","6":"product_room-koulut-ja-paivakodit","7":"product_room-kotiratkaisut","8":"product_room-kiinteistokehitys","9":"product_room-pukuhuone","10":"product_room-tyopaja-ja-autotalli","11":"product_cat-pukukaapit","13":"first","14":"instock","15":"taxable","16":"shipping-taxable","17":"purchasable","18":"product-type-simple"},"acf":[],"yoast_head":"<!-- This site is optimized with the Yoast SEO plugin v27.3 - https:\/\/yoast.com\/product\/yoast-seo-wordpress\/ -->\n<title>Vaatekaappi Storit pariovilla 2x300 mm, RAL7035\/7035 &#8226; Storit<\/title>\n<meta name=\"description\" content=\"Vaatekaappi Storit pariovilla 2x300 mm, RAL7035\/7035 \u2014 kohtuulliseen hintaan. Toimitukset kaikkialle Suomeen! \u261b Tutustu tuotteeseen ja tilaa k\u00e4tev\u00e4sti STORIT-verkkokaupasta!\" \/>\n<meta name=\"robots\" content=\"index, follow, max-snippet:-1, max-image-preview:large, max-video-preview:-1\" \/>\n<link rel=\"canonical\" href=\"https:\/\/storitgroup.com\/fi\/tuote\/vaatekaappi-pariovilla-2x300mm-ral7035-7035\/\" \/>\n<meta property=\"og:locale\" content=\"fi_FI\" \/>\n<meta property=\"og:type\" content=\"article\" \/>\n<meta property=\"og:title\" content=\"Vaatekaappi Storit pariovilla 2x300 mm, RAL7035\/7035 &#8226; Storit\" \/>\n<meta property=\"og:description\" content=\"Vaatekaappi Storit pariovilla 2x300 mm, RAL7035\/7035 \u2014 kohtuulliseen hintaan. Toimitukset kaikkialle Suomeen! \u261b Tutustu tuotteeseen ja tilaa k\u00e4tev\u00e4sti STORIT-verkkokaupasta!\" \/>\n<meta property=\"og:url\" content=\"https:\/\/storitgroup.com\/fi\/tuote\/vaatekaappi-pariovilla-2x300mm-ral7035-7035\/\" \/>\n<meta property=\"og:site_name\" content=\"Storit\" \/>\n<meta property=\"article:modified_time\" content=\"2026-04-10T16:52:20+00:00\" \/>\n<meta property=\"og:image\" content=\"https:\/\/storitgroup.com\/uploads\/2021\/03\/15-2x400-kahepoolsete-1.jpg\" \/>\n\t<meta property=\"og:image:width\" content=\"366\" \/>\n\t<meta property=\"og:image:height\" content=\"468\" \/>\n\t<meta property=\"og:image:type\" content=\"image\/jpeg\" \/>\n<meta name=\"twitter:card\" content=\"summary_large_image\" \/>\n<meta name=\"twitter:label1\" content=\"Arvioitu lukuaika\" \/>\n\t<meta name=\"twitter:data1\" content=\"1 minuutti\" \/>\n<script type=\"application\/ld+json\" class=\"yoast-schema-graph\">{\"@context\":\"https:\\\/\\\/schema.org\",\"@graph\":[{\"@type\":[\"WebPage\",\"ItemPage\"],\"@id\":\"https:\\\/\\\/storitgroup.com\\\/fi\\\/tuote\\\/vaatekaappi-pariovilla-2x300mm-ral7035-7035\\\/\",\"url\":\"https:\\\/\\\/storitgroup.com\\\/fi\\\/tuote\\\/vaatekaappi-pariovilla-2x300mm-ral7035-7035\\\/\",\"name\":\"Vaatekaappi Storit pariovilla 2x300 mm, RAL7035\\\/7035 &#8226; Storit\",\"isPartOf\":{\"@id\":\"https:\\\/\\\/storitgroup.com\\\/fi\\\/#website\"},\"primaryImageOfPage\":{\"@id\":\"https:\\\/\\\/storitgroup.com\\\/fi\\\/tuote\\\/vaatekaappi-pariovilla-2x300mm-ral7035-7035\\\/#primaryimage\"},\"image\":{\"@id\":\"https:\\\/\\\/storitgroup.com\\\/fi\\\/tuote\\\/vaatekaappi-pariovilla-2x300mm-ral7035-7035\\\/#primaryimage\"},\"thumbnailUrl\":\"https:\\\/\\\/storitgroup.com\\\/uploads\\\/2021\\\/03\\\/15-2x400-kahepoolsete-1.jpg\",\"datePublished\":\"2021-03-05T13:52:33+00:00\",\"dateModified\":\"2026-04-10T16:52:20+00:00\",\"description\":\"Vaatekaappi Storit pariovilla 2x300 mm, RAL7035\\\/7035 \u2014 kohtuulliseen hintaan. Toimitukset kaikkialle Suomeen! \u261b Tutustu tuotteeseen ja tilaa k\u00e4tev\u00e4sti STORIT-verkkokaupasta!\",\"breadcrumb\":{\"@id\":\"https:\\\/\\\/storitgroup.com\\\/fi\\\/tuote\\\/vaatekaappi-pariovilla-2x300mm-ral7035-7035\\\/#breadcrumb\"},\"inLanguage\":\"fi\",\"potentialAction\":[{\"@type\":\"ReadAction\",\"target\":[\"https:\\\/\\\/storitgroup.com\\\/fi\\\/tuote\\\/vaatekaappi-pariovilla-2x300mm-ral7035-7035\\\/\"]}]},{\"@type\":\"ImageObject\",\"inLanguage\":\"fi\",\"@id\":\"https:\\\/\\\/storitgroup.com\\\/fi\\\/tuote\\\/vaatekaappi-pariovilla-2x300mm-ral7035-7035\\\/#primaryimage\",\"url\":\"https:\\\/\\\/storitgroup.com\\\/uploads\\\/2021\\\/03\\\/15-2x400-kahepoolsete-1.jpg\",\"contentUrl\":\"https:\\\/\\\/storitgroup.com\\\/uploads\\\/2021\\\/03\\\/15-2x400-kahepoolsete-1.jpg\",\"width\":366,\"height\":468},{\"@type\":\"BreadcrumbList\",\"@id\":\"https:\\\/\\\/storitgroup.com\\\/fi\\\/tuote\\\/vaatekaappi-pariovilla-2x300mm-ral7035-7035\\\/#breadcrumb\",\"itemListElement\":[{\"@type\":\"ListItem\",\"position\":1,\"name\":\"Kotisivu\",\"item\":\"https:\\\/\\\/storitgroup.com\\\/fi\\\/\"},{\"@type\":\"ListItem\",\"position\":2,\"name\":\"Tuotteet\",\"item\":\"https:\\\/\\\/storitgroup.com\\\/fi\\\/tuotteet\\\/\"},{\"@type\":\"ListItem\",\"position\":3,\"name\":\"Metallikaapit, pukukaapit\",\"item\":\"https:\\\/\\\/storitgroup.com\\\/fi\\\/metallikaapit-pukukaapit\\\/\"},{\"@type\":\"ListItem\",\"position\":4,\"name\":\"Pukukaapit\",\"item\":\"https:\\\/\\\/storitgroup.com\\\/fi\\\/metallikaapit-pukukaapit\\\/pukukaapit\\\/\"},{\"@type\":\"ListItem\",\"position\":5,\"name\":\"Vaatekaappi Storit pariovilla 2&#215;300 mm, RAL7035\\\/7035\"}]},{\"@type\":\"WebSite\",\"@id\":\"https:\\\/\\\/storitgroup.com\\\/fi\\\/#website\",\"url\":\"https:\\\/\\\/storitgroup.com\\\/fi\\\/\",\"name\":\"Storit\",\"description\":\"\",\"potentialAction\":[{\"@type\":\"SearchAction\",\"target\":{\"@type\":\"EntryPoint\",\"urlTemplate\":\"https:\\\/\\\/storitgroup.com\\\/fi\\\/?s={search_term_string}\"},\"query-input\":{\"@type\":\"PropertyValueSpecification\",\"valueRequired\":true,\"valueName\":\"search_term_string\"}}],\"inLanguage\":\"fi\"}]}<\/script>\n<!-- \/ Yoast SEO plugin. -->","yoast_head_json":{"title":"Vaatekaappi Storit pariovilla 2x300 mm, RAL7035\/7035 &#8226; Storit","description":"Vaatekaappi Storit pariovilla 2x300 mm, RAL7035\/7035 \u2014 kohtuulliseen hintaan. Toimitukset kaikkialle Suomeen! \u261b Tutustu tuotteeseen ja tilaa k\u00e4tev\u00e4sti STORIT-verkkokaupasta!","robots":{"index":"index","follow":"follow","max-snippet":"max-snippet:-1","max-image-preview":"max-image-preview:large","max-video-preview":"max-video-preview:-1"},"canonical":"https:\/\/storitgroup.com\/fi\/tuote\/vaatekaappi-pariovilla-2x300mm-ral7035-7035\/","og_locale":"fi_FI","og_type":"article","og_title":"Vaatekaappi Storit pariovilla 2x300 mm, RAL7035\/7035 &#8226; Storit","og_description":"Vaatekaappi Storit pariovilla 2x300 mm, RAL7035\/7035 \u2014 kohtuulliseen hintaan. Toimitukset kaikkialle Suomeen! \u261b Tutustu tuotteeseen ja tilaa k\u00e4tev\u00e4sti STORIT-verkkokaupasta!","og_url":"https:\/\/storitgroup.com\/fi\/tuote\/vaatekaappi-pariovilla-2x300mm-ral7035-7035\/","og_site_name":"Storit","article_modified_time":"2026-04-10T16:52:20+00:00","og_image":[{"width":366,"height":468,"url":"https:\/\/storitgroup.com\/uploads\/2021\/03\/15-2x400-kahepoolsete-1.jpg","type":"image\/jpeg"}],"twitter_card":"summary_large_image","twitter_misc":{"Arvioitu lukuaika":"1 minuutti"},"schema":{"@context":"https:\/\/schema.org","@graph":[{"@type":["WebPage","ItemPage"],"@id":"https:\/\/storitgroup.com\/fi\/tuote\/vaatekaappi-pariovilla-2x300mm-ral7035-7035\/","url":"https:\/\/storitgroup.com\/fi\/tuote\/vaatekaappi-pariovilla-2x300mm-ral7035-7035\/","name":"Vaatekaappi Storit pariovilla 2x300 mm, RAL7035\/7035 &#8226; Storit","isPartOf":{"@id":"https:\/\/storitgroup.com\/fi\/#website"},"primaryImageOfPage":{"@id":"https:\/\/storitgroup.com\/fi\/tuote\/vaatekaappi-pariovilla-2x300mm-ral7035-7035\/#primaryimage"},"image":{"@id":"https:\/\/storitgroup.com\/fi\/tuote\/vaatekaappi-pariovilla-2x300mm-ral7035-7035\/#primaryimage"},"thumbnailUrl":"https:\/\/storitgroup.com\/uploads\/2021\/03\/15-2x400-kahepoolsete-1.jpg","datePublished":"2021-03-05T13:52:33+00:00","dateModified":"2026-04-10T16:52:20+00:00","description":"Vaatekaappi Storit pariovilla 2x300 mm, RAL7035\/7035 \u2014 kohtuulliseen hintaan. Toimitukset kaikkialle Suomeen! \u261b Tutustu tuotteeseen ja tilaa k\u00e4tev\u00e4sti STORIT-verkkokaupasta!","breadcrumb":{"@id":"https:\/\/storitgroup.com\/fi\/tuote\/vaatekaappi-pariovilla-2x300mm-ral7035-7035\/#breadcrumb"},"inLanguage":"fi","potentialAction":[{"@type":"ReadAction","target":["https:\/\/storitgroup.com\/fi\/tuote\/vaatekaappi-pariovilla-2x300mm-ral7035-7035\/"]}]},{"@type":"ImageObject","inLanguage":"fi","@id":"https:\/\/storitgroup.com\/fi\/tuote\/vaatekaappi-pariovilla-2x300mm-ral7035-7035\/#primaryimage","url":"https:\/\/storitgroup.com\/uploads\/2021\/03\/15-2x400-kahepoolsete-1.jpg","contentUrl":"https:\/\/storitgroup.com\/uploads\/2021\/03\/15-2x400-kahepoolsete-1.jpg","width":366,"height":468},{"@type":"BreadcrumbList","@id":"https:\/\/storitgroup.com\/fi\/tuote\/vaatekaappi-pariovilla-2x300mm-ral7035-7035\/#breadcrumb","itemListElement":[{"@type":"ListItem","position":1,"name":"Kotisivu","item":"https:\/\/storitgroup.com\/fi\/"},{"@type":"ListItem","position":2,"name":"Tuotteet","item":"https:\/\/storitgroup.com\/fi\/tuotteet\/"},{"@type":"ListItem","position":3,"name":"Metallikaapit, pukukaapit","item":"https:\/\/storitgroup.com\/fi\/metallikaapit-pukukaapit\/"},{"@type":"ListItem","position":4,"name":"Pukukaapit","item":"https:\/\/storitgroup.com\/fi\/metallikaapit-pukukaapit\/pukukaapit\/"},{"@type":"ListItem","position":5,"name":"Vaatekaappi Storit pariovilla 2&#215;300 mm, RAL7035\/7035"}]},{"@type":"WebSite","@id":"https:\/\/storitgroup.com\/fi\/#website","url":"https:\/\/storitgroup.com\/fi\/","name":"Storit","description":"","potentialAction":[{"@type":"SearchAction","target":{"@type":"EntryPoint","urlTemplate":"https:\/\/storitgroup.com\/fi\/?s={search_term_string}"},"query-input":{"@type":"PropertyValueSpecification","valueRequired":true,"valueName":"search_term_string"}}],"inLanguage":"fi"}]}},"_links":{"self":[{"href":"https:\/\/storitgroup.com\/fi\/wp-json\/wp\/v2\/product\/17079","targetHints":{"allow":["GET"]}}],"collection":[{"href":"https:\/\/storitgroup.com\/fi\/wp-json\/wp\/v2\/product"}],"about":[{"href":"https:\/\/storitgroup.com\/fi\/wp-json\/wp\/v2\/types\/product"}],"wp:featuredmedia":[{"embeddable":true,"href":"https:\/\/storitgroup.com\/fi\/wp-json\/wp\/v2\/media\/197595"}],"wp:attachment":[{"href":"https:\/\/storitgroup.com\/fi\/wp-json\/wp\/v2\/media?parent=17079"}],"wp:term":[{"taxonomy":"product_brand","embeddable":true,"href":"https:\/\/storitgroup.com\/fi\/wp-json\/wp\/v2\/product_brand?post=17079"},{"taxonomy":"product_cat","embeddable":true,"href":"https:\/\/storitgroup.com\/fi\/wp-json\/wp\/v2\/product_cat?post=17079"},{"taxonomy":"product_tag","embeddable":true,"href":"https:\/\/storitgroup.com\/fi\/wp-json\/wp\/v2\/product_tag?post=17079"}],"curies":[{"name":"wp","href":"https:\/\/api.w.org\/{rel}","templated":true}]}}