{"id":16993,"date":"2021-03-05T15:40:48","date_gmt":"2021-03-05T13:40:48","guid":{"rendered":"https:\/\/storitgroup.com\/?post_type=product&#038;p=16993"},"modified":"2025-03-25T09:31:02","modified_gmt":"2025-03-25T07:31:02","slug":"siivousvaunu-700x550x1000mm","status":"publish","type":"product","link":"https:\/\/storitgroup.com\/fi\/tuote\/siivousvaunu-700x550x1000mm\/","title":{"rendered":"Siivousvaunu 700x550x1000mm"},"content":{"rendered":"<p>Siivousvaunu ammattilaisk\u00e4ytt\u00f6\u00f6n. Kest\u00e4v\u00e4 ja helppok\u00e4ytt\u00f6inen.<br \/>\nRoskapussille: 125L.<br \/>\nPy\u00f6r\u00e4t: 4 k\u00e4\u00e4ntyv\u00e4\u00e4, kuulalaakeroidut, umpikumia.<br \/>\nMitat: 700x550x1000mm<\/p>\n<p>&nbsp;<\/p>\n","protected":false},"excerpt":{"rendered":"<p>Siivousvaunu ammattilaisk\u00e4ytt\u00f6\u00f6n. Kest\u00e4v\u00e4 ja helppok\u00e4ytt\u00f6inen. Roskapussille: 125L. Py\u00f6r\u00e4t: 4 k\u00e4\u00e4ntyv\u00e4\u00e4, kuulalaakeroidut, umpikumia. Mitat: 700x550x1000mm &nbsp;<\/p>\n","protected":false},"featured_media":22546,"template":"","meta":{"_acf_changed":false},"product_brand":[],"product_cat":[7083],"product_tag":[],"class_list":{"0":"post-16993","1":"product","2":"type-product","3":"status-publish","4":"has-post-thumbnail","6":"product_room-kuljetus-ja-logistiikka","7":"product_room-varasto-pitkille-tavaroille-ja-levymateriaaleille","8":"product_cat-erikoiskarryt","10":"first","11":"instock","12":"taxable","13":"shipping-taxable","14":"purchasable","15":"product-type-simple"},"acf":[],"yoast_head":"<!-- This site is optimized with the Yoast SEO plugin v27.3 - https:\/\/yoast.com\/product\/yoast-seo-wordpress\/ -->\n<title>Siivousvaunu 700x550x1000mm &#8226; Storit<\/title>\n<meta name=\"description\" content=\"Siivousvaunu 700x550x1000mm \u2014 kest\u00e4v\u00e4 ja helppo k\u00e4ytt\u00e4\u00e4. Toimitus ymp\u00e4ri Suomen! \u261b Tutustu tuotteeseen ja tilaa k\u00e4tev\u00e4sti STORIT-verkkokaupasta! Nopea toimitus!\" \/>\n<meta name=\"robots\" content=\"index, follow, max-snippet:-1, max-image-preview:large, max-video-preview:-1\" \/>\n<link rel=\"canonical\" href=\"https:\/\/storitgroup.com\/fi\/tuote\/siivousvaunu-700x550x1000mm\/\" \/>\n<meta property=\"og:locale\" content=\"fi_FI\" \/>\n<meta property=\"og:type\" content=\"article\" \/>\n<meta property=\"og:title\" content=\"Siivousvaunu 700x550x1000mm &#8226; Storit\" \/>\n<meta property=\"og:description\" content=\"Siivousvaunu 700x550x1000mm \u2014 kest\u00e4v\u00e4 ja helppo k\u00e4ytt\u00e4\u00e4. Toimitus ymp\u00e4ri Suomen! \u261b Tutustu tuotteeseen ja tilaa k\u00e4tev\u00e4sti STORIT-verkkokaupasta! Nopea toimitus!\" \/>\n<meta property=\"og:url\" content=\"https:\/\/storitgroup.com\/fi\/tuote\/siivousvaunu-700x550x1000mm\/\" \/>\n<meta property=\"og:site_name\" content=\"Storit\" \/>\n<meta property=\"article:modified_time\" content=\"2025-03-25T07:31:02+00:00\" \/>\n<meta property=\"og:image\" content=\"https:\/\/storitgroup.com\/uploads\/2021\/03\/km30170-koristuskaru-1-1.jpg\" \/>\n\t<meta property=\"og:image:width\" content=\"900\" \/>\n\t<meta property=\"og:image:height\" content=\"900\" \/>\n\t<meta property=\"og:image:type\" content=\"image\/jpeg\" \/>\n<meta name=\"twitter:card\" content=\"summary_large_image\" \/>\n<script type=\"application\/ld+json\" class=\"yoast-schema-graph\">{\"@context\":\"https:\\\/\\\/schema.org\",\"@graph\":[{\"@type\":[\"WebPage\",\"ItemPage\"],\"@id\":\"https:\\\/\\\/storitgroup.com\\\/fi\\\/tuote\\\/siivousvaunu-700x550x1000mm\\\/\",\"url\":\"https:\\\/\\\/storitgroup.com\\\/fi\\\/tuote\\\/siivousvaunu-700x550x1000mm\\\/\",\"name\":\"Siivousvaunu 700x550x1000mm &#8226; Storit\",\"isPartOf\":{\"@id\":\"https:\\\/\\\/storitgroup.com\\\/fi\\\/#website\"},\"primaryImageOfPage\":{\"@id\":\"https:\\\/\\\/storitgroup.com\\\/fi\\\/tuote\\\/siivousvaunu-700x550x1000mm\\\/#primaryimage\"},\"image\":{\"@id\":\"https:\\\/\\\/storitgroup.com\\\/fi\\\/tuote\\\/siivousvaunu-700x550x1000mm\\\/#primaryimage\"},\"thumbnailUrl\":\"https:\\\/\\\/storitgroup.com\\\/uploads\\\/2021\\\/03\\\/km30170-koristuskaru-1-1.jpg\",\"datePublished\":\"2021-03-05T13:40:48+00:00\",\"dateModified\":\"2025-03-25T07:31:02+00:00\",\"description\":\"Siivousvaunu 700x550x1000mm \u2014 kest\u00e4v\u00e4 ja helppo k\u00e4ytt\u00e4\u00e4. Toimitus ymp\u00e4ri Suomen! \u261b Tutustu tuotteeseen ja tilaa k\u00e4tev\u00e4sti STORIT-verkkokaupasta! Nopea toimitus!\",\"breadcrumb\":{\"@id\":\"https:\\\/\\\/storitgroup.com\\\/fi\\\/tuote\\\/siivousvaunu-700x550x1000mm\\\/#breadcrumb\"},\"inLanguage\":\"fi\",\"potentialAction\":[{\"@type\":\"ReadAction\",\"target\":[\"https:\\\/\\\/storitgroup.com\\\/fi\\\/tuote\\\/siivousvaunu-700x550x1000mm\\\/\"]}]},{\"@type\":\"ImageObject\",\"inLanguage\":\"fi\",\"@id\":\"https:\\\/\\\/storitgroup.com\\\/fi\\\/tuote\\\/siivousvaunu-700x550x1000mm\\\/#primaryimage\",\"url\":\"https:\\\/\\\/storitgroup.com\\\/uploads\\\/2021\\\/03\\\/km30170-koristuskaru-1-1.jpg\",\"contentUrl\":\"https:\\\/\\\/storitgroup.com\\\/uploads\\\/2021\\\/03\\\/km30170-koristuskaru-1-1.jpg\",\"width\":900,\"height\":900},{\"@type\":\"BreadcrumbList\",\"@id\":\"https:\\\/\\\/storitgroup.com\\\/fi\\\/tuote\\\/siivousvaunu-700x550x1000mm\\\/#breadcrumb\",\"itemListElement\":[{\"@type\":\"ListItem\",\"position\":1,\"name\":\"Kotisivu\",\"item\":\"https:\\\/\\\/storitgroup.com\\\/fi\\\/\"},{\"@type\":\"ListItem\",\"position\":2,\"name\":\"Tuotteet\",\"item\":\"https:\\\/\\\/storitgroup.com\\\/fi\\\/tuotteet\\\/\"},{\"@type\":\"ListItem\",\"position\":3,\"name\":\"Varastovaunut, py\u00f6r\u00e4t\",\"item\":\"https:\\\/\\\/storitgroup.com\\\/fi\\\/varastovaunut-pyorat\\\/\"},{\"@type\":\"ListItem\",\"position\":4,\"name\":\"Erikoisk\u00e4rryt\",\"item\":\"https:\\\/\\\/storitgroup.com\\\/fi\\\/varastovaunut-pyorat\\\/erikoiskarryt\\\/\"},{\"@type\":\"ListItem\",\"position\":5,\"name\":\"Siivousvaunu 700x550x1000mm\"}]},{\"@type\":\"WebSite\",\"@id\":\"https:\\\/\\\/storitgroup.com\\\/fi\\\/#website\",\"url\":\"https:\\\/\\\/storitgroup.com\\\/fi\\\/\",\"name\":\"Storit\",\"description\":\"\",\"potentialAction\":[{\"@type\":\"SearchAction\",\"target\":{\"@type\":\"EntryPoint\",\"urlTemplate\":\"https:\\\/\\\/storitgroup.com\\\/fi\\\/?s={search_term_string}\"},\"query-input\":{\"@type\":\"PropertyValueSpecification\",\"valueRequired\":true,\"valueName\":\"search_term_string\"}}],\"inLanguage\":\"fi\"}]}<\/script>\n<!-- \/ Yoast SEO plugin. -->","yoast_head_json":{"title":"Siivousvaunu 700x550x1000mm &#8226; Storit","description":"Siivousvaunu 700x550x1000mm \u2014 kest\u00e4v\u00e4 ja helppo k\u00e4ytt\u00e4\u00e4. Toimitus ymp\u00e4ri Suomen! \u261b Tutustu tuotteeseen ja tilaa k\u00e4tev\u00e4sti STORIT-verkkokaupasta! Nopea toimitus!","robots":{"index":"index","follow":"follow","max-snippet":"max-snippet:-1","max-image-preview":"max-image-preview:large","max-video-preview":"max-video-preview:-1"},"canonical":"https:\/\/storitgroup.com\/fi\/tuote\/siivousvaunu-700x550x1000mm\/","og_locale":"fi_FI","og_type":"article","og_title":"Siivousvaunu 700x550x1000mm &#8226; Storit","og_description":"Siivousvaunu 700x550x1000mm \u2014 kest\u00e4v\u00e4 ja helppo k\u00e4ytt\u00e4\u00e4. Toimitus ymp\u00e4ri Suomen! \u261b Tutustu tuotteeseen ja tilaa k\u00e4tev\u00e4sti STORIT-verkkokaupasta! Nopea toimitus!","og_url":"https:\/\/storitgroup.com\/fi\/tuote\/siivousvaunu-700x550x1000mm\/","og_site_name":"Storit","article_modified_time":"2025-03-25T07:31:02+00:00","og_image":[{"width":900,"height":900,"url":"https:\/\/storitgroup.com\/uploads\/2021\/03\/km30170-koristuskaru-1-1.jpg","type":"image\/jpeg"}],"twitter_card":"summary_large_image","schema":{"@context":"https:\/\/schema.org","@graph":[{"@type":["WebPage","ItemPage"],"@id":"https:\/\/storitgroup.com\/fi\/tuote\/siivousvaunu-700x550x1000mm\/","url":"https:\/\/storitgroup.com\/fi\/tuote\/siivousvaunu-700x550x1000mm\/","name":"Siivousvaunu 700x550x1000mm &#8226; Storit","isPartOf":{"@id":"https:\/\/storitgroup.com\/fi\/#website"},"primaryImageOfPage":{"@id":"https:\/\/storitgroup.com\/fi\/tuote\/siivousvaunu-700x550x1000mm\/#primaryimage"},"image":{"@id":"https:\/\/storitgroup.com\/fi\/tuote\/siivousvaunu-700x550x1000mm\/#primaryimage"},"thumbnailUrl":"https:\/\/storitgroup.com\/uploads\/2021\/03\/km30170-koristuskaru-1-1.jpg","datePublished":"2021-03-05T13:40:48+00:00","dateModified":"2025-03-25T07:31:02+00:00","description":"Siivousvaunu 700x550x1000mm \u2014 kest\u00e4v\u00e4 ja helppo k\u00e4ytt\u00e4\u00e4. Toimitus ymp\u00e4ri Suomen! \u261b Tutustu tuotteeseen ja tilaa k\u00e4tev\u00e4sti STORIT-verkkokaupasta! Nopea toimitus!","breadcrumb":{"@id":"https:\/\/storitgroup.com\/fi\/tuote\/siivousvaunu-700x550x1000mm\/#breadcrumb"},"inLanguage":"fi","potentialAction":[{"@type":"ReadAction","target":["https:\/\/storitgroup.com\/fi\/tuote\/siivousvaunu-700x550x1000mm\/"]}]},{"@type":"ImageObject","inLanguage":"fi","@id":"https:\/\/storitgroup.com\/fi\/tuote\/siivousvaunu-700x550x1000mm\/#primaryimage","url":"https:\/\/storitgroup.com\/uploads\/2021\/03\/km30170-koristuskaru-1-1.jpg","contentUrl":"https:\/\/storitgroup.com\/uploads\/2021\/03\/km30170-koristuskaru-1-1.jpg","width":900,"height":900},{"@type":"BreadcrumbList","@id":"https:\/\/storitgroup.com\/fi\/tuote\/siivousvaunu-700x550x1000mm\/#breadcrumb","itemListElement":[{"@type":"ListItem","position":1,"name":"Kotisivu","item":"https:\/\/storitgroup.com\/fi\/"},{"@type":"ListItem","position":2,"name":"Tuotteet","item":"https:\/\/storitgroup.com\/fi\/tuotteet\/"},{"@type":"ListItem","position":3,"name":"Varastovaunut, py\u00f6r\u00e4t","item":"https:\/\/storitgroup.com\/fi\/varastovaunut-pyorat\/"},{"@type":"ListItem","position":4,"name":"Erikoisk\u00e4rryt","item":"https:\/\/storitgroup.com\/fi\/varastovaunut-pyorat\/erikoiskarryt\/"},{"@type":"ListItem","position":5,"name":"Siivousvaunu 700x550x1000mm"}]},{"@type":"WebSite","@id":"https:\/\/storitgroup.com\/fi\/#website","url":"https:\/\/storitgroup.com\/fi\/","name":"Storit","description":"","potentialAction":[{"@type":"SearchAction","target":{"@type":"EntryPoint","urlTemplate":"https:\/\/storitgroup.com\/fi\/?s={search_term_string}"},"query-input":{"@type":"PropertyValueSpecification","valueRequired":true,"valueName":"search_term_string"}}],"inLanguage":"fi"}]}},"_links":{"self":[{"href":"https:\/\/storitgroup.com\/fi\/wp-json\/wp\/v2\/product\/16993","targetHints":{"allow":["GET"]}}],"collection":[{"href":"https:\/\/storitgroup.com\/fi\/wp-json\/wp\/v2\/product"}],"about":[{"href":"https:\/\/storitgroup.com\/fi\/wp-json\/wp\/v2\/types\/product"}],"wp:featuredmedia":[{"embeddable":true,"href":"https:\/\/storitgroup.com\/fi\/wp-json\/wp\/v2\/media\/22546"}],"wp:attachment":[{"href":"https:\/\/storitgroup.com\/fi\/wp-json\/wp\/v2\/media?parent=16993"}],"wp:term":[{"taxonomy":"product_brand","embeddable":true,"href":"https:\/\/storitgroup.com\/fi\/wp-json\/wp\/v2\/product_brand?post=16993"},{"taxonomy":"product_cat","embeddable":true,"href":"https:\/\/storitgroup.com\/fi\/wp-json\/wp\/v2\/product_cat?post=16993"},{"taxonomy":"product_tag","embeddable":true,"href":"https:\/\/storitgroup.com\/fi\/wp-json\/wp\/v2\/product_tag?post=16993"}],"curies":[{"name":"wp","href":"https:\/\/api.w.org\/{rel}","templated":true}]}}