{"id":16937,"date":"2021-03-19T02:55:50","date_gmt":"2021-03-19T00:55:50","guid":{"rendered":"https:\/\/storitgroup.com\/?post_type=product&#038;p=16937"},"modified":"2026-04-03T21:22:03","modified_gmt":"2026-04-03T18:22:03","slug":"puinen-tormayssuojan-paatyelementti-c-h200mm","status":"publish","type":"product","link":"https:\/\/storitgroup.com\/fi\/tuote\/puinen-tormayssuojan-paatyelementti-c-h200mm\/","title":{"rendered":"Puukaiteen p\u00e4\u00e4tyelementti H 200 mm"},"content":{"rendered":"<p>Ter\u00e4selementit yhdess\u00e4 kyll\u00e4stetyn puun kanssa on suunniteltu suojakaiteiden rakentamiseen sek\u00e4 sis\u00e4- ett\u00e4 ulkok\u00e4ytt\u00f6\u00f6n. Elementit soveltuvat sek\u00e4 suorien osuuksien ett\u00e4 kulmien muodostamiseen, mahdollistaen rakenteellisesti j\u00e4yk\u00e4n ja visuaalisesti yhten\u00e4isen ratkaisun erilaisiin k\u00e4ytt\u00f6tarkoituksiin. Painekyll\u00e4stetty puu on tehokkaasti suojattu kosteudelta, s\u00e4\u00e4olosuhteilta ja biologisilta vaurioilta, mik\u00e4 takaa pitk\u00e4n k\u00e4ytt\u00f6i\u00e4n my\u00f6s suurikuormitteisissa ja intensiivisess\u00e4 k\u00e4yt\u00f6ss\u00e4 olevissa ymp\u00e4rist\u00f6iss\u00e4. Korkeampien suojakaiteiden rakentamiseen voidaan k\u00e4ytt\u00e4\u00e4 400 mm korkeita ter\u00e4selementtej\u00e4 kahden puun asennuksella. <\/p>\n<p>Elementtien korkeudet 200 ja 400 mm.<br \/>Pohjalevy 190&#215;490 mm, paksuus 10 mm.<br \/>4 kiinnitysreik\u00e4\u00e4 \u00d8 18 mm.<br \/>Puun pituudet 1000, 2000 ja 3000 mm.<br \/>Puun leveys 100 mm.<\/p>\n<p>J\u00e4rjestelm\u00e4llinen ratkaisu, joka varmistaa rakenteen eheyden, toiminnallisuuden ja pitk\u00e4aikaisen kest\u00e4vyyden.<\/p>\n","protected":false},"excerpt":{"rendered":"<p>Ter\u00e4selementit yhdess\u00e4 kyll\u00e4stetyn puun kanssa on suunniteltu suojakaiteiden rakentamiseen sek\u00e4 sis\u00e4- ett\u00e4 ulkok\u00e4ytt\u00f6\u00f6n. Elementit soveltuvat sek\u00e4 suorien osuuksien ett\u00e4 kulmien muodostamiseen, mahdollistaen rakenteellisesti j\u00e4yk\u00e4n ja visuaalisesti yhten\u00e4isen ratkaisun erilaisiin k\u00e4ytt\u00f6tarkoituksiin. Painekyll\u00e4stetty puu on tehokkaasti suojattu kosteudelta, s\u00e4\u00e4olosuhteilta ja biologisilta vaurioilta, mik\u00e4 takaa pitk\u00e4n k\u00e4ytt\u00f6i\u00e4n my\u00f6s suurikuormitteisissa ja intensiivisess\u00e4 k\u00e4yt\u00f6ss\u00e4 olevissa ymp\u00e4rist\u00f6iss\u00e4. Korkeampien suojakaiteiden rakentamiseen voidaan k\u00e4ytt\u00e4\u00e4 400 mm korkeita ter\u00e4selementtej\u00e4 kahden puun asennuksella. <\/p>\n<p>Elementtien korkeudet 200 ja 400 mm.<\/p>\n","protected":false},"featured_media":225378,"template":"","meta":{"_acf_changed":false},"product_brand":[],"product_cat":[7096],"product_tag":[],"class_list":{"0":"post-16937","1":"product","2":"type-product","3":"status-publish","4":"has-post-thumbnail","6":"product_room-turvaratkaisut-varastoon-tuotantoon","7":"product_room-iso-varasto","8":"product_room-ulkoalue","9":"product_room-kiinteistokehitys","10":"product_room-kuljetus-ja-logistiikka","11":"product_cat-tormayssuojat-turvatolpat","13":"first","14":"instock","15":"taxable","16":"shipping-taxable","17":"purchasable","18":"product-type-simple"},"acf":[],"yoast_head":"<!-- This site is optimized with the Yoast SEO plugin v27.2 - https:\/\/yoast.com\/product\/yoast-seo-wordpress\/ -->\n<title>Puukaiteen p\u00e4\u00e4tyelementti H 200 mm &#8226; Storit<\/title>\n<meta name=\"description\" content=\"Puukaiteen p\u00e4\u00e4tyelementti H 200 mm \u2014 kohtuulliseen hintaan. Toimitukset kaikkialle Suomeen! \u261b Tutustu tuotteeseen ja tilaa k\u00e4tev\u00e4sti STORIT-verkkokaupasta!\" \/>\n<meta name=\"robots\" content=\"index, follow, max-snippet:-1, max-image-preview:large, max-video-preview:-1\" \/>\n<link rel=\"canonical\" href=\"https:\/\/storitgroup.com\/fi\/tuote\/puinen-tormayssuojan-paatyelementti-c-h200mm\/\" \/>\n<meta property=\"og:locale\" content=\"fi_FI\" \/>\n<meta property=\"og:type\" content=\"article\" \/>\n<meta property=\"og:title\" content=\"Puukaiteen p\u00e4\u00e4tyelementti H 200 mm &#8226; Storit\" \/>\n<meta property=\"og:description\" content=\"Puukaiteen p\u00e4\u00e4tyelementti H 200 mm \u2014 kohtuulliseen hintaan. Toimitukset kaikkialle Suomeen! \u261b Tutustu tuotteeseen ja tilaa k\u00e4tev\u00e4sti STORIT-verkkokaupasta!\" \/>\n<meta property=\"og:url\" content=\"https:\/\/storitgroup.com\/fi\/tuote\/puinen-tormayssuojan-paatyelementti-c-h200mm\/\" \/>\n<meta property=\"og:site_name\" content=\"Storit\" \/>\n<meta property=\"article:modified_time\" content=\"2026-04-03T18:22:03+00:00\" \/>\n<meta property=\"og:image\" content=\"https:\/\/storitgroup.com\/uploads\/2021\/03\/ots-scaled.jpg\" \/>\n\t<meta property=\"og:image:width\" content=\"1441\" \/>\n\t<meta property=\"og:image:height\" content=\"2560\" \/>\n\t<meta property=\"og:image:type\" content=\"image\/jpeg\" \/>\n<meta name=\"twitter:card\" content=\"summary_large_image\" \/>\n<meta name=\"twitter:label1\" content=\"Arvioitu lukuaika\" \/>\n\t<meta name=\"twitter:data1\" content=\"1 minuutti\" \/>\n<script type=\"application\/ld+json\" class=\"yoast-schema-graph\">{\"@context\":\"https:\/\/schema.org\",\"@graph\":[{\"@type\":[\"WebPage\",\"ItemPage\"],\"@id\":\"https:\/\/storitgroup.com\/fi\/tuote\/puinen-tormayssuojan-paatyelementti-c-h200mm\/\",\"url\":\"https:\/\/storitgroup.com\/fi\/tuote\/puinen-tormayssuojan-paatyelementti-c-h200mm\/\",\"name\":\"Puukaiteen p\u00e4\u00e4tyelementti H 200 mm &#8226; Storit\",\"isPartOf\":{\"@id\":\"https:\/\/storitgroup.com\/fi\/#website\"},\"primaryImageOfPage\":{\"@id\":\"https:\/\/storitgroup.com\/fi\/tuote\/puinen-tormayssuojan-paatyelementti-c-h200mm\/#primaryimage\"},\"image\":{\"@id\":\"https:\/\/storitgroup.com\/fi\/tuote\/puinen-tormayssuojan-paatyelementti-c-h200mm\/#primaryimage\"},\"thumbnailUrl\":\"https:\/\/storitgroup.com\/uploads\/2021\/03\/ots-scaled.jpg\",\"datePublished\":\"2021-03-19T00:55:50+00:00\",\"dateModified\":\"2026-04-03T18:22:03+00:00\",\"description\":\"Puukaiteen p\u00e4\u00e4tyelementti H 200 mm \u2014 kohtuulliseen hintaan. Toimitukset kaikkialle Suomeen! \u261b Tutustu tuotteeseen ja tilaa k\u00e4tev\u00e4sti STORIT-verkkokaupasta!\",\"breadcrumb\":{\"@id\":\"https:\/\/storitgroup.com\/fi\/tuote\/puinen-tormayssuojan-paatyelementti-c-h200mm\/#breadcrumb\"},\"inLanguage\":\"fi\",\"potentialAction\":[{\"@type\":\"ReadAction\",\"target\":[\"https:\/\/storitgroup.com\/fi\/tuote\/puinen-tormayssuojan-paatyelementti-c-h200mm\/\"]}]},{\"@type\":\"ImageObject\",\"inLanguage\":\"fi\",\"@id\":\"https:\/\/storitgroup.com\/fi\/tuote\/puinen-tormayssuojan-paatyelementti-c-h200mm\/#primaryimage\",\"url\":\"https:\/\/storitgroup.com\/uploads\/2021\/03\/ots-scaled.jpg\",\"contentUrl\":\"https:\/\/storitgroup.com\/uploads\/2021\/03\/ots-scaled.jpg\",\"width\":1441,\"height\":2560},{\"@type\":\"BreadcrumbList\",\"@id\":\"https:\/\/storitgroup.com\/fi\/tuote\/puinen-tormayssuojan-paatyelementti-c-h200mm\/#breadcrumb\",\"itemListElement\":[{\"@type\":\"ListItem\",\"position\":1,\"name\":\"Kotisivu\",\"item\":\"https:\/\/storitgroup.com\/fi\/\"},{\"@type\":\"ListItem\",\"position\":2,\"name\":\"Tuotteet\",\"item\":\"https:\/\/storitgroup.com\/fi\/tuotteet\/\"},{\"@type\":\"ListItem\",\"position\":3,\"name\":\"Varaston portaat, tikkaat, turvallisuus\",\"item\":\"https:\/\/storitgroup.com\/fi\/varaston-portaat-tikkaat-turvallisuus\/\"},{\"@type\":\"ListItem\",\"position\":4,\"name\":\"T\u00f6rm\u00e4yssuojat, turvatolpat\",\"item\":\"https:\/\/storitgroup.com\/fi\/varaston-portaat-tikkaat-turvallisuus\/tormayssuojat-turvatolpat\/\"},{\"@type\":\"ListItem\",\"position\":5,\"name\":\"Puukaiteen p\u00e4\u00e4tyelementti H 200 mm\"}]},{\"@type\":\"WebSite\",\"@id\":\"https:\/\/storitgroup.com\/fi\/#website\",\"url\":\"https:\/\/storitgroup.com\/fi\/\",\"name\":\"Storit\",\"description\":\"\",\"potentialAction\":[{\"@type\":\"SearchAction\",\"target\":{\"@type\":\"EntryPoint\",\"urlTemplate\":\"https:\/\/storitgroup.com\/fi\/?s={search_term_string}\"},\"query-input\":{\"@type\":\"PropertyValueSpecification\",\"valueRequired\":true,\"valueName\":\"search_term_string\"}}],\"inLanguage\":\"fi\"}]}<\/script>\n<!-- \/ Yoast SEO plugin. -->","yoast_head_json":{"title":"Puukaiteen p\u00e4\u00e4tyelementti H 200 mm &#8226; Storit","description":"Puukaiteen p\u00e4\u00e4tyelementti H 200 mm \u2014 kohtuulliseen hintaan. Toimitukset kaikkialle Suomeen! \u261b Tutustu tuotteeseen ja tilaa k\u00e4tev\u00e4sti STORIT-verkkokaupasta!","robots":{"index":"index","follow":"follow","max-snippet":"max-snippet:-1","max-image-preview":"max-image-preview:large","max-video-preview":"max-video-preview:-1"},"canonical":"https:\/\/storitgroup.com\/fi\/tuote\/puinen-tormayssuojan-paatyelementti-c-h200mm\/","og_locale":"fi_FI","og_type":"article","og_title":"Puukaiteen p\u00e4\u00e4tyelementti H 200 mm &#8226; Storit","og_description":"Puukaiteen p\u00e4\u00e4tyelementti H 200 mm \u2014 kohtuulliseen hintaan. Toimitukset kaikkialle Suomeen! \u261b Tutustu tuotteeseen ja tilaa k\u00e4tev\u00e4sti STORIT-verkkokaupasta!","og_url":"https:\/\/storitgroup.com\/fi\/tuote\/puinen-tormayssuojan-paatyelementti-c-h200mm\/","og_site_name":"Storit","article_modified_time":"2026-04-03T18:22:03+00:00","og_image":[{"width":1441,"height":2560,"url":"https:\/\/storitgroup.com\/uploads\/2021\/03\/ots-scaled.jpg","type":"image\/jpeg"}],"twitter_card":"summary_large_image","twitter_misc":{"Arvioitu lukuaika":"1 minuutti"},"schema":{"@context":"https:\/\/schema.org","@graph":[{"@type":["WebPage","ItemPage"],"@id":"https:\/\/storitgroup.com\/fi\/tuote\/puinen-tormayssuojan-paatyelementti-c-h200mm\/","url":"https:\/\/storitgroup.com\/fi\/tuote\/puinen-tormayssuojan-paatyelementti-c-h200mm\/","name":"Puukaiteen p\u00e4\u00e4tyelementti H 200 mm &#8226; Storit","isPartOf":{"@id":"https:\/\/storitgroup.com\/fi\/#website"},"primaryImageOfPage":{"@id":"https:\/\/storitgroup.com\/fi\/tuote\/puinen-tormayssuojan-paatyelementti-c-h200mm\/#primaryimage"},"image":{"@id":"https:\/\/storitgroup.com\/fi\/tuote\/puinen-tormayssuojan-paatyelementti-c-h200mm\/#primaryimage"},"thumbnailUrl":"https:\/\/storitgroup.com\/uploads\/2021\/03\/ots-scaled.jpg","datePublished":"2021-03-19T00:55:50+00:00","dateModified":"2026-04-03T18:22:03+00:00","description":"Puukaiteen p\u00e4\u00e4tyelementti H 200 mm \u2014 kohtuulliseen hintaan. Toimitukset kaikkialle Suomeen! \u261b Tutustu tuotteeseen ja tilaa k\u00e4tev\u00e4sti STORIT-verkkokaupasta!","breadcrumb":{"@id":"https:\/\/storitgroup.com\/fi\/tuote\/puinen-tormayssuojan-paatyelementti-c-h200mm\/#breadcrumb"},"inLanguage":"fi","potentialAction":[{"@type":"ReadAction","target":["https:\/\/storitgroup.com\/fi\/tuote\/puinen-tormayssuojan-paatyelementti-c-h200mm\/"]}]},{"@type":"ImageObject","inLanguage":"fi","@id":"https:\/\/storitgroup.com\/fi\/tuote\/puinen-tormayssuojan-paatyelementti-c-h200mm\/#primaryimage","url":"https:\/\/storitgroup.com\/uploads\/2021\/03\/ots-scaled.jpg","contentUrl":"https:\/\/storitgroup.com\/uploads\/2021\/03\/ots-scaled.jpg","width":1441,"height":2560},{"@type":"BreadcrumbList","@id":"https:\/\/storitgroup.com\/fi\/tuote\/puinen-tormayssuojan-paatyelementti-c-h200mm\/#breadcrumb","itemListElement":[{"@type":"ListItem","position":1,"name":"Kotisivu","item":"https:\/\/storitgroup.com\/fi\/"},{"@type":"ListItem","position":2,"name":"Tuotteet","item":"https:\/\/storitgroup.com\/fi\/tuotteet\/"},{"@type":"ListItem","position":3,"name":"Varaston portaat, tikkaat, turvallisuus","item":"https:\/\/storitgroup.com\/fi\/varaston-portaat-tikkaat-turvallisuus\/"},{"@type":"ListItem","position":4,"name":"T\u00f6rm\u00e4yssuojat, turvatolpat","item":"https:\/\/storitgroup.com\/fi\/varaston-portaat-tikkaat-turvallisuus\/tormayssuojat-turvatolpat\/"},{"@type":"ListItem","position":5,"name":"Puukaiteen p\u00e4\u00e4tyelementti H 200 mm"}]},{"@type":"WebSite","@id":"https:\/\/storitgroup.com\/fi\/#website","url":"https:\/\/storitgroup.com\/fi\/","name":"Storit","description":"","potentialAction":[{"@type":"SearchAction","target":{"@type":"EntryPoint","urlTemplate":"https:\/\/storitgroup.com\/fi\/?s={search_term_string}"},"query-input":{"@type":"PropertyValueSpecification","valueRequired":true,"valueName":"search_term_string"}}],"inLanguage":"fi"}]}},"_links":{"self":[{"href":"https:\/\/storitgroup.com\/fi\/wp-json\/wp\/v2\/product\/16937","targetHints":{"allow":["GET"]}}],"collection":[{"href":"https:\/\/storitgroup.com\/fi\/wp-json\/wp\/v2\/product"}],"about":[{"href":"https:\/\/storitgroup.com\/fi\/wp-json\/wp\/v2\/types\/product"}],"wp:featuredmedia":[{"embeddable":true,"href":"https:\/\/storitgroup.com\/fi\/wp-json\/wp\/v2\/media\/225378"}],"wp:attachment":[{"href":"https:\/\/storitgroup.com\/fi\/wp-json\/wp\/v2\/media?parent=16937"}],"wp:term":[{"taxonomy":"product_brand","embeddable":true,"href":"https:\/\/storitgroup.com\/fi\/wp-json\/wp\/v2\/product_brand?post=16937"},{"taxonomy":"product_cat","embeddable":true,"href":"https:\/\/storitgroup.com\/fi\/wp-json\/wp\/v2\/product_cat?post=16937"},{"taxonomy":"product_tag","embeddable":true,"href":"https:\/\/storitgroup.com\/fi\/wp-json\/wp\/v2\/product_tag?post=16937"}],"curies":[{"name":"wp","href":"https:\/\/api.w.org\/{rel}","templated":true}]}}