{"id":16899,"date":"2021-03-05T13:29:20","date_gmt":"2021-03-05T13:29:20","guid":{"rendered":"https:\/\/storitgroup.com\/?post_type=product&#038;p=16899"},"modified":"2025-03-05T13:45:20","modified_gmt":"2025-03-05T11:45:20","slug":"lokerokaappi-455-x-355-x-275mm","status":"publish","type":"product","link":"https:\/\/storitgroup.com\/fi\/tuote\/lokerokaappi-455-x-355-x-275mm\/","title":{"rendered":"Lokerokaappi 455x355x275 mm"},"content":{"rendered":"<p>Jauhemaalatun lokerokaapin edess\u00e4 on sylinterilukitus kahdella avaimella.<\/p>\n<p> Kaappi voidaan kiinnitt\u00e4\u00e4 sein\u00e4\u00e4n tai toiseen kaappiin.<\/p>\n<p> Toimitetaan osissa &#8211; nopea, helppo asentaa, ilman pultteja ja muttereita.<\/p>\n","protected":false},"excerpt":{"rendered":"<p>Jauhemaalatun lokerokaapin edess\u00e4 on sylinterilukitus kahdella avaimella.<\/p>\n<p> Kaappi voidaan kiinnitt\u00e4\u00e4 sein\u00e4\u00e4n tai toiseen kaappiin.<\/p>\n","protected":false},"featured_media":16900,"template":"","meta":{"_acf_changed":false},"product_brand":[],"product_cat":[7073],"product_tag":[],"class_list":{"0":"post-16899","1":"product","2":"type-product","3":"status-publish","4":"has-post-thumbnail","6":"product_room-pukuhuone","7":"product_room-toimisto","8":"product_room-koulut-ja-paivakodit","9":"product_cat-lokerokaapit","11":"first","12":"onbackorder","13":"taxable","14":"shipping-taxable","15":"purchasable","16":"product-type-simple"},"acf":[],"yoast_head":"<!-- This site is optimized with the Yoast SEO plugin v27.2 - https:\/\/yoast.com\/product\/yoast-seo-wordpress\/ -->\n<title>Lokerokaappi 455x355x275 mm &#8226; Storit<\/title>\n<meta name=\"description\" content=\"Lokerokaappi 455x355x275 mm \u2014 kohtuulliseen hintaan. Toimitukset kaikkialle Suomeen! \u261b Tutustu tuotteeseen ja tilaa k\u00e4tev\u00e4sti STORIT-verkkokaupasta!\" \/>\n<meta name=\"robots\" content=\"index, follow, max-snippet:-1, max-image-preview:large, max-video-preview:-1\" \/>\n<link rel=\"canonical\" href=\"https:\/\/storitgroup.com\/fi\/tuote\/lokerokaappi-455-x-355-x-275mm\/\" \/>\n<meta property=\"og:locale\" content=\"fi_FI\" \/>\n<meta property=\"og:type\" content=\"article\" \/>\n<meta property=\"og:title\" content=\"Lokerokaappi 455x355x275 mm &#8226; Storit\" \/>\n<meta property=\"og:description\" content=\"Lokerokaappi 455x355x275 mm \u2014 kohtuulliseen hintaan. Toimitukset kaikkialle Suomeen! \u261b Tutustu tuotteeseen ja tilaa k\u00e4tev\u00e4sti STORIT-verkkokaupasta!\" \/>\n<meta property=\"og:url\" content=\"https:\/\/storitgroup.com\/fi\/tuote\/lokerokaappi-455-x-355-x-275mm\/\" \/>\n<meta property=\"og:site_name\" content=\"Storit\" \/>\n<meta property=\"article:modified_time\" content=\"2025-03-05T11:45:20+00:00\" \/>\n<meta property=\"og:image\" content=\"https:\/\/storitgroup.com\/uploads\/2021\/03\/laegaskapp-1-1.jpg\" \/>\n\t<meta property=\"og:image:width\" content=\"450\" \/>\n\t<meta property=\"og:image:height\" content=\"451\" \/>\n\t<meta property=\"og:image:type\" content=\"image\/jpeg\" \/>\n<meta name=\"twitter:card\" content=\"summary_large_image\" \/>\n<script type=\"application\/ld+json\" class=\"yoast-schema-graph\">{\"@context\":\"https:\/\/schema.org\",\"@graph\":[{\"@type\":[\"WebPage\",\"ItemPage\"],\"@id\":\"https:\/\/storitgroup.com\/fi\/tuote\/lokerokaappi-455-x-355-x-275mm\/\",\"url\":\"https:\/\/storitgroup.com\/fi\/tuote\/lokerokaappi-455-x-355-x-275mm\/\",\"name\":\"Lokerokaappi 455x355x275 mm &#8226; Storit\",\"isPartOf\":{\"@id\":\"https:\/\/storitgroup.com\/fi\/#website\"},\"primaryImageOfPage\":{\"@id\":\"https:\/\/storitgroup.com\/fi\/tuote\/lokerokaappi-455-x-355-x-275mm\/#primaryimage\"},\"image\":{\"@id\":\"https:\/\/storitgroup.com\/fi\/tuote\/lokerokaappi-455-x-355-x-275mm\/#primaryimage\"},\"thumbnailUrl\":\"https:\/\/storitgroup.com\/uploads\/2021\/03\/laegaskapp-1-1.jpg\",\"datePublished\":\"2021-03-05T13:29:20+00:00\",\"dateModified\":\"2025-03-05T11:45:20+00:00\",\"description\":\"Lokerokaappi 455x355x275 mm \u2014 kohtuulliseen hintaan. Toimitukset kaikkialle Suomeen! \u261b Tutustu tuotteeseen ja tilaa k\u00e4tev\u00e4sti STORIT-verkkokaupasta!\",\"breadcrumb\":{\"@id\":\"https:\/\/storitgroup.com\/fi\/tuote\/lokerokaappi-455-x-355-x-275mm\/#breadcrumb\"},\"inLanguage\":\"fi\",\"potentialAction\":[{\"@type\":\"ReadAction\",\"target\":[\"https:\/\/storitgroup.com\/fi\/tuote\/lokerokaappi-455-x-355-x-275mm\/\"]}]},{\"@type\":\"ImageObject\",\"inLanguage\":\"fi\",\"@id\":\"https:\/\/storitgroup.com\/fi\/tuote\/lokerokaappi-455-x-355-x-275mm\/#primaryimage\",\"url\":\"https:\/\/storitgroup.com\/uploads\/2021\/03\/laegaskapp-1-1.jpg\",\"contentUrl\":\"https:\/\/storitgroup.com\/uploads\/2021\/03\/laegaskapp-1-1.jpg\",\"width\":450,\"height\":451},{\"@type\":\"BreadcrumbList\",\"@id\":\"https:\/\/storitgroup.com\/fi\/tuote\/lokerokaappi-455-x-355-x-275mm\/#breadcrumb\",\"itemListElement\":[{\"@type\":\"ListItem\",\"position\":1,\"name\":\"Kotisivu\",\"item\":\"https:\/\/storitgroup.com\/fi\/\"},{\"@type\":\"ListItem\",\"position\":2,\"name\":\"Tuotteet\",\"item\":\"https:\/\/storitgroup.com\/fi\/tuotteet\/\"},{\"@type\":\"ListItem\",\"position\":3,\"name\":\"Metallikaapit, pukukaapit\",\"item\":\"https:\/\/storitgroup.com\/fi\/metallikaapit-pukukaapit\/\"},{\"@type\":\"ListItem\",\"position\":4,\"name\":\"Lokerokaapit\",\"item\":\"https:\/\/storitgroup.com\/fi\/metallikaapit-pukukaapit\/lokerokaapit\/\"},{\"@type\":\"ListItem\",\"position\":5,\"name\":\"Lokerokaappi 455x355x275 mm\"}]},{\"@type\":\"WebSite\",\"@id\":\"https:\/\/storitgroup.com\/fi\/#website\",\"url\":\"https:\/\/storitgroup.com\/fi\/\",\"name\":\"Storit\",\"description\":\"\",\"potentialAction\":[{\"@type\":\"SearchAction\",\"target\":{\"@type\":\"EntryPoint\",\"urlTemplate\":\"https:\/\/storitgroup.com\/fi\/?s={search_term_string}\"},\"query-input\":{\"@type\":\"PropertyValueSpecification\",\"valueRequired\":true,\"valueName\":\"search_term_string\"}}],\"inLanguage\":\"fi\"}]}<\/script>\n<!-- \/ Yoast SEO plugin. -->","yoast_head_json":{"title":"Lokerokaappi 455x355x275 mm &#8226; Storit","description":"Lokerokaappi 455x355x275 mm \u2014 kohtuulliseen hintaan. Toimitukset kaikkialle Suomeen! \u261b Tutustu tuotteeseen ja tilaa k\u00e4tev\u00e4sti STORIT-verkkokaupasta!","robots":{"index":"index","follow":"follow","max-snippet":"max-snippet:-1","max-image-preview":"max-image-preview:large","max-video-preview":"max-video-preview:-1"},"canonical":"https:\/\/storitgroup.com\/fi\/tuote\/lokerokaappi-455-x-355-x-275mm\/","og_locale":"fi_FI","og_type":"article","og_title":"Lokerokaappi 455x355x275 mm &#8226; Storit","og_description":"Lokerokaappi 455x355x275 mm \u2014 kohtuulliseen hintaan. Toimitukset kaikkialle Suomeen! \u261b Tutustu tuotteeseen ja tilaa k\u00e4tev\u00e4sti STORIT-verkkokaupasta!","og_url":"https:\/\/storitgroup.com\/fi\/tuote\/lokerokaappi-455-x-355-x-275mm\/","og_site_name":"Storit","article_modified_time":"2025-03-05T11:45:20+00:00","og_image":[{"width":450,"height":451,"url":"https:\/\/storitgroup.com\/uploads\/2021\/03\/laegaskapp-1-1.jpg","type":"image\/jpeg"}],"twitter_card":"summary_large_image","schema":{"@context":"https:\/\/schema.org","@graph":[{"@type":["WebPage","ItemPage"],"@id":"https:\/\/storitgroup.com\/fi\/tuote\/lokerokaappi-455-x-355-x-275mm\/","url":"https:\/\/storitgroup.com\/fi\/tuote\/lokerokaappi-455-x-355-x-275mm\/","name":"Lokerokaappi 455x355x275 mm &#8226; Storit","isPartOf":{"@id":"https:\/\/storitgroup.com\/fi\/#website"},"primaryImageOfPage":{"@id":"https:\/\/storitgroup.com\/fi\/tuote\/lokerokaappi-455-x-355-x-275mm\/#primaryimage"},"image":{"@id":"https:\/\/storitgroup.com\/fi\/tuote\/lokerokaappi-455-x-355-x-275mm\/#primaryimage"},"thumbnailUrl":"https:\/\/storitgroup.com\/uploads\/2021\/03\/laegaskapp-1-1.jpg","datePublished":"2021-03-05T13:29:20+00:00","dateModified":"2025-03-05T11:45:20+00:00","description":"Lokerokaappi 455x355x275 mm \u2014 kohtuulliseen hintaan. Toimitukset kaikkialle Suomeen! \u261b Tutustu tuotteeseen ja tilaa k\u00e4tev\u00e4sti STORIT-verkkokaupasta!","breadcrumb":{"@id":"https:\/\/storitgroup.com\/fi\/tuote\/lokerokaappi-455-x-355-x-275mm\/#breadcrumb"},"inLanguage":"fi","potentialAction":[{"@type":"ReadAction","target":["https:\/\/storitgroup.com\/fi\/tuote\/lokerokaappi-455-x-355-x-275mm\/"]}]},{"@type":"ImageObject","inLanguage":"fi","@id":"https:\/\/storitgroup.com\/fi\/tuote\/lokerokaappi-455-x-355-x-275mm\/#primaryimage","url":"https:\/\/storitgroup.com\/uploads\/2021\/03\/laegaskapp-1-1.jpg","contentUrl":"https:\/\/storitgroup.com\/uploads\/2021\/03\/laegaskapp-1-1.jpg","width":450,"height":451},{"@type":"BreadcrumbList","@id":"https:\/\/storitgroup.com\/fi\/tuote\/lokerokaappi-455-x-355-x-275mm\/#breadcrumb","itemListElement":[{"@type":"ListItem","position":1,"name":"Kotisivu","item":"https:\/\/storitgroup.com\/fi\/"},{"@type":"ListItem","position":2,"name":"Tuotteet","item":"https:\/\/storitgroup.com\/fi\/tuotteet\/"},{"@type":"ListItem","position":3,"name":"Metallikaapit, pukukaapit","item":"https:\/\/storitgroup.com\/fi\/metallikaapit-pukukaapit\/"},{"@type":"ListItem","position":4,"name":"Lokerokaapit","item":"https:\/\/storitgroup.com\/fi\/metallikaapit-pukukaapit\/lokerokaapit\/"},{"@type":"ListItem","position":5,"name":"Lokerokaappi 455x355x275 mm"}]},{"@type":"WebSite","@id":"https:\/\/storitgroup.com\/fi\/#website","url":"https:\/\/storitgroup.com\/fi\/","name":"Storit","description":"","potentialAction":[{"@type":"SearchAction","target":{"@type":"EntryPoint","urlTemplate":"https:\/\/storitgroup.com\/fi\/?s={search_term_string}"},"query-input":{"@type":"PropertyValueSpecification","valueRequired":true,"valueName":"search_term_string"}}],"inLanguage":"fi"}]}},"_links":{"self":[{"href":"https:\/\/storitgroup.com\/fi\/wp-json\/wp\/v2\/product\/16899","targetHints":{"allow":["GET"]}}],"collection":[{"href":"https:\/\/storitgroup.com\/fi\/wp-json\/wp\/v2\/product"}],"about":[{"href":"https:\/\/storitgroup.com\/fi\/wp-json\/wp\/v2\/types\/product"}],"wp:featuredmedia":[{"embeddable":true,"href":"https:\/\/storitgroup.com\/fi\/wp-json\/wp\/v2\/media\/16900"}],"wp:attachment":[{"href":"https:\/\/storitgroup.com\/fi\/wp-json\/wp\/v2\/media?parent=16899"}],"wp:term":[{"taxonomy":"product_brand","embeddable":true,"href":"https:\/\/storitgroup.com\/fi\/wp-json\/wp\/v2\/product_brand?post=16899"},{"taxonomy":"product_cat","embeddable":true,"href":"https:\/\/storitgroup.com\/fi\/wp-json\/wp\/v2\/product_cat?post=16899"},{"taxonomy":"product_tag","embeddable":true,"href":"https:\/\/storitgroup.com\/fi\/wp-json\/wp\/v2\/product_tag?post=16899"}],"curies":[{"name":"wp","href":"https:\/\/api.w.org\/{rel}","templated":true}]}}