{"id":16870,"date":"2021-03-19T00:48:33","date_gmt":"2021-03-19T00:48:33","guid":{"rendered":"https:\/\/storitgroup.com\/?post_type=product&#038;p=16870"},"modified":"2026-04-09T14:35:46","modified_gmt":"2026-04-09T11:35:46","slug":"korkeussaadettava-telatuki","status":"publish","type":"product","link":"https:\/\/storitgroup.com\/fi\/tuote\/korkeussaadettava-telatuki\/","title":{"rendered":"Korkeuss\u00e4\u00e4dett\u00e4v\u00e4 telatuki"},"content":{"rendered":"","protected":false},"excerpt":{"rendered":"","protected":false},"featured_media":35369,"template":"","meta":{"_acf_changed":false},"product_brand":[],"product_cat":[7083],"product_tag":[],"class_list":{"0":"post-16870","1":"product","2":"type-product","3":"status-publish","4":"has-post-thumbnail","6":"product_room-varasto-pitkille-tavaroille-ja-levymateriaaleille","7":"product_room-kuljetus-ja-logistiikka","8":"product_cat-erikoiskarryt","10":"first","11":"onbackorder","12":"taxable","13":"shipping-taxable","14":"purchasable","15":"product-type-simple"},"acf":[],"yoast_head":"<!-- This site is optimized with the Yoast SEO plugin v27.3 - https:\/\/yoast.com\/product\/yoast-seo-wordpress\/ -->\n<title>Korkeuss\u00e4\u00e4dett\u00e4v\u00e4 telatuki &#8226; Storit<\/title>\n<meta name=\"description\" content=\"Korkeuss\u00e4\u00e4dett\u00e4v\u00e4 telatuki \u2014 kohtuulliseen hintaan. Toimitukset kaikkialle Suomeen! \u261b Tutustu tuotteeseen ja tilaa k\u00e4tev\u00e4sti STORIT-verkkokaupasta!\" \/>\n<meta name=\"robots\" content=\"index, follow, max-snippet:-1, max-image-preview:large, max-video-preview:-1\" \/>\n<link rel=\"canonical\" href=\"https:\/\/storitgroup.com\/fi\/tuote\/korkeussaadettava-telatuki\/\" \/>\n<meta property=\"og:locale\" content=\"fi_FI\" \/>\n<meta property=\"og:type\" content=\"article\" \/>\n<meta property=\"og:title\" content=\"Korkeuss\u00e4\u00e4dett\u00e4v\u00e4 telatuki &#8226; Storit\" \/>\n<meta property=\"og:description\" content=\"Korkeuss\u00e4\u00e4dett\u00e4v\u00e4 telatuki \u2014 kohtuulliseen hintaan. Toimitukset kaikkialle Suomeen! \u261b Tutustu tuotteeseen ja tilaa k\u00e4tev\u00e4sti STORIT-verkkokaupasta!\" \/>\n<meta property=\"og:url\" content=\"https:\/\/storitgroup.com\/fi\/tuote\/korkeussaadettava-telatuki\/\" \/>\n<meta property=\"og:site_name\" content=\"Storit\" \/>\n<meta property=\"article:modified_time\" content=\"2026-04-09T11:35:46+00:00\" \/>\n<meta property=\"og:image\" content=\"https:\/\/storitgroup.com\/uploads\/2021\/03\/in1211039002-kokkukaiv-reguleeritava-korgusega-rull-tugi-laius-320-mm-1-1.png\" \/>\n\t<meta property=\"og:image:width\" content=\"960\" \/>\n\t<meta property=\"og:image:height\" content=\"960\" \/>\n\t<meta property=\"og:image:type\" content=\"image\/png\" \/>\n<meta name=\"twitter:card\" content=\"summary_large_image\" \/>\n<script type=\"application\/ld+json\" class=\"yoast-schema-graph\">{\"@context\":\"https:\\\/\\\/schema.org\",\"@graph\":[{\"@type\":[\"WebPage\",\"ItemPage\"],\"@id\":\"https:\\\/\\\/storitgroup.com\\\/fi\\\/tuote\\\/korkeussaadettava-telatuki\\\/\",\"url\":\"https:\\\/\\\/storitgroup.com\\\/fi\\\/tuote\\\/korkeussaadettava-telatuki\\\/\",\"name\":\"Korkeuss\u00e4\u00e4dett\u00e4v\u00e4 telatuki &#8226; Storit\",\"isPartOf\":{\"@id\":\"https:\\\/\\\/storitgroup.com\\\/fi\\\/#website\"},\"primaryImageOfPage\":{\"@id\":\"https:\\\/\\\/storitgroup.com\\\/fi\\\/tuote\\\/korkeussaadettava-telatuki\\\/#primaryimage\"},\"image\":{\"@id\":\"https:\\\/\\\/storitgroup.com\\\/fi\\\/tuote\\\/korkeussaadettava-telatuki\\\/#primaryimage\"},\"thumbnailUrl\":\"https:\\\/\\\/storitgroup.com\\\/uploads\\\/2021\\\/03\\\/in1211039002-kokkukaiv-reguleeritava-korgusega-rull-tugi-laius-320-mm-1-1.png\",\"datePublished\":\"2021-03-19T00:48:33+00:00\",\"dateModified\":\"2026-04-09T11:35:46+00:00\",\"description\":\"Korkeuss\u00e4\u00e4dett\u00e4v\u00e4 telatuki \u2014 kohtuulliseen hintaan. Toimitukset kaikkialle Suomeen! \u261b Tutustu tuotteeseen ja tilaa k\u00e4tev\u00e4sti STORIT-verkkokaupasta!\",\"breadcrumb\":{\"@id\":\"https:\\\/\\\/storitgroup.com\\\/fi\\\/tuote\\\/korkeussaadettava-telatuki\\\/#breadcrumb\"},\"inLanguage\":\"fi\",\"potentialAction\":[{\"@type\":\"ReadAction\",\"target\":[\"https:\\\/\\\/storitgroup.com\\\/fi\\\/tuote\\\/korkeussaadettava-telatuki\\\/\"]}]},{\"@type\":\"ImageObject\",\"inLanguage\":\"fi\",\"@id\":\"https:\\\/\\\/storitgroup.com\\\/fi\\\/tuote\\\/korkeussaadettava-telatuki\\\/#primaryimage\",\"url\":\"https:\\\/\\\/storitgroup.com\\\/uploads\\\/2021\\\/03\\\/in1211039002-kokkukaiv-reguleeritava-korgusega-rull-tugi-laius-320-mm-1-1.png\",\"contentUrl\":\"https:\\\/\\\/storitgroup.com\\\/uploads\\\/2021\\\/03\\\/in1211039002-kokkukaiv-reguleeritava-korgusega-rull-tugi-laius-320-mm-1-1.png\",\"width\":960,\"height\":960},{\"@type\":\"BreadcrumbList\",\"@id\":\"https:\\\/\\\/storitgroup.com\\\/fi\\\/tuote\\\/korkeussaadettava-telatuki\\\/#breadcrumb\",\"itemListElement\":[{\"@type\":\"ListItem\",\"position\":1,\"name\":\"Kotisivu\",\"item\":\"https:\\\/\\\/storitgroup.com\\\/fi\\\/\"},{\"@type\":\"ListItem\",\"position\":2,\"name\":\"Tuotteet\",\"item\":\"https:\\\/\\\/storitgroup.com\\\/fi\\\/tuotteet\\\/\"},{\"@type\":\"ListItem\",\"position\":3,\"name\":\"Varastovaunut, py\u00f6r\u00e4t\",\"item\":\"https:\\\/\\\/storitgroup.com\\\/fi\\\/varastovaunut-pyorat\\\/\"},{\"@type\":\"ListItem\",\"position\":4,\"name\":\"Erikoisk\u00e4rryt\",\"item\":\"https:\\\/\\\/storitgroup.com\\\/fi\\\/varastovaunut-pyorat\\\/erikoiskarryt\\\/\"},{\"@type\":\"ListItem\",\"position\":5,\"name\":\"Korkeuss\u00e4\u00e4dett\u00e4v\u00e4 telatuki\"}]},{\"@type\":\"WebSite\",\"@id\":\"https:\\\/\\\/storitgroup.com\\\/fi\\\/#website\",\"url\":\"https:\\\/\\\/storitgroup.com\\\/fi\\\/\",\"name\":\"Storit\",\"description\":\"\",\"potentialAction\":[{\"@type\":\"SearchAction\",\"target\":{\"@type\":\"EntryPoint\",\"urlTemplate\":\"https:\\\/\\\/storitgroup.com\\\/fi\\\/?s={search_term_string}\"},\"query-input\":{\"@type\":\"PropertyValueSpecification\",\"valueRequired\":true,\"valueName\":\"search_term_string\"}}],\"inLanguage\":\"fi\"}]}<\/script>\n<!-- \/ Yoast SEO plugin. -->","yoast_head_json":{"title":"Korkeuss\u00e4\u00e4dett\u00e4v\u00e4 telatuki &#8226; Storit","description":"Korkeuss\u00e4\u00e4dett\u00e4v\u00e4 telatuki \u2014 kohtuulliseen hintaan. Toimitukset kaikkialle Suomeen! \u261b Tutustu tuotteeseen ja tilaa k\u00e4tev\u00e4sti STORIT-verkkokaupasta!","robots":{"index":"index","follow":"follow","max-snippet":"max-snippet:-1","max-image-preview":"max-image-preview:large","max-video-preview":"max-video-preview:-1"},"canonical":"https:\/\/storitgroup.com\/fi\/tuote\/korkeussaadettava-telatuki\/","og_locale":"fi_FI","og_type":"article","og_title":"Korkeuss\u00e4\u00e4dett\u00e4v\u00e4 telatuki &#8226; Storit","og_description":"Korkeuss\u00e4\u00e4dett\u00e4v\u00e4 telatuki \u2014 kohtuulliseen hintaan. Toimitukset kaikkialle Suomeen! \u261b Tutustu tuotteeseen ja tilaa k\u00e4tev\u00e4sti STORIT-verkkokaupasta!","og_url":"https:\/\/storitgroup.com\/fi\/tuote\/korkeussaadettava-telatuki\/","og_site_name":"Storit","article_modified_time":"2026-04-09T11:35:46+00:00","og_image":[{"width":960,"height":960,"url":"https:\/\/storitgroup.com\/uploads\/2021\/03\/in1211039002-kokkukaiv-reguleeritava-korgusega-rull-tugi-laius-320-mm-1-1.png","type":"image\/png"}],"twitter_card":"summary_large_image","schema":{"@context":"https:\/\/schema.org","@graph":[{"@type":["WebPage","ItemPage"],"@id":"https:\/\/storitgroup.com\/fi\/tuote\/korkeussaadettava-telatuki\/","url":"https:\/\/storitgroup.com\/fi\/tuote\/korkeussaadettava-telatuki\/","name":"Korkeuss\u00e4\u00e4dett\u00e4v\u00e4 telatuki &#8226; Storit","isPartOf":{"@id":"https:\/\/storitgroup.com\/fi\/#website"},"primaryImageOfPage":{"@id":"https:\/\/storitgroup.com\/fi\/tuote\/korkeussaadettava-telatuki\/#primaryimage"},"image":{"@id":"https:\/\/storitgroup.com\/fi\/tuote\/korkeussaadettava-telatuki\/#primaryimage"},"thumbnailUrl":"https:\/\/storitgroup.com\/uploads\/2021\/03\/in1211039002-kokkukaiv-reguleeritava-korgusega-rull-tugi-laius-320-mm-1-1.png","datePublished":"2021-03-19T00:48:33+00:00","dateModified":"2026-04-09T11:35:46+00:00","description":"Korkeuss\u00e4\u00e4dett\u00e4v\u00e4 telatuki \u2014 kohtuulliseen hintaan. Toimitukset kaikkialle Suomeen! \u261b Tutustu tuotteeseen ja tilaa k\u00e4tev\u00e4sti STORIT-verkkokaupasta!","breadcrumb":{"@id":"https:\/\/storitgroup.com\/fi\/tuote\/korkeussaadettava-telatuki\/#breadcrumb"},"inLanguage":"fi","potentialAction":[{"@type":"ReadAction","target":["https:\/\/storitgroup.com\/fi\/tuote\/korkeussaadettava-telatuki\/"]}]},{"@type":"ImageObject","inLanguage":"fi","@id":"https:\/\/storitgroup.com\/fi\/tuote\/korkeussaadettava-telatuki\/#primaryimage","url":"https:\/\/storitgroup.com\/uploads\/2021\/03\/in1211039002-kokkukaiv-reguleeritava-korgusega-rull-tugi-laius-320-mm-1-1.png","contentUrl":"https:\/\/storitgroup.com\/uploads\/2021\/03\/in1211039002-kokkukaiv-reguleeritava-korgusega-rull-tugi-laius-320-mm-1-1.png","width":960,"height":960},{"@type":"BreadcrumbList","@id":"https:\/\/storitgroup.com\/fi\/tuote\/korkeussaadettava-telatuki\/#breadcrumb","itemListElement":[{"@type":"ListItem","position":1,"name":"Kotisivu","item":"https:\/\/storitgroup.com\/fi\/"},{"@type":"ListItem","position":2,"name":"Tuotteet","item":"https:\/\/storitgroup.com\/fi\/tuotteet\/"},{"@type":"ListItem","position":3,"name":"Varastovaunut, py\u00f6r\u00e4t","item":"https:\/\/storitgroup.com\/fi\/varastovaunut-pyorat\/"},{"@type":"ListItem","position":4,"name":"Erikoisk\u00e4rryt","item":"https:\/\/storitgroup.com\/fi\/varastovaunut-pyorat\/erikoiskarryt\/"},{"@type":"ListItem","position":5,"name":"Korkeuss\u00e4\u00e4dett\u00e4v\u00e4 telatuki"}]},{"@type":"WebSite","@id":"https:\/\/storitgroup.com\/fi\/#website","url":"https:\/\/storitgroup.com\/fi\/","name":"Storit","description":"","potentialAction":[{"@type":"SearchAction","target":{"@type":"EntryPoint","urlTemplate":"https:\/\/storitgroup.com\/fi\/?s={search_term_string}"},"query-input":{"@type":"PropertyValueSpecification","valueRequired":true,"valueName":"search_term_string"}}],"inLanguage":"fi"}]}},"_links":{"self":[{"href":"https:\/\/storitgroup.com\/fi\/wp-json\/wp\/v2\/product\/16870","targetHints":{"allow":["GET"]}}],"collection":[{"href":"https:\/\/storitgroup.com\/fi\/wp-json\/wp\/v2\/product"}],"about":[{"href":"https:\/\/storitgroup.com\/fi\/wp-json\/wp\/v2\/types\/product"}],"wp:featuredmedia":[{"embeddable":true,"href":"https:\/\/storitgroup.com\/fi\/wp-json\/wp\/v2\/media\/35369"}],"wp:attachment":[{"href":"https:\/\/storitgroup.com\/fi\/wp-json\/wp\/v2\/media?parent=16870"}],"wp:term":[{"taxonomy":"product_brand","embeddable":true,"href":"https:\/\/storitgroup.com\/fi\/wp-json\/wp\/v2\/product_brand?post=16870"},{"taxonomy":"product_cat","embeddable":true,"href":"https:\/\/storitgroup.com\/fi\/wp-json\/wp\/v2\/product_cat?post=16870"},{"taxonomy":"product_tag","embeddable":true,"href":"https:\/\/storitgroup.com\/fi\/wp-json\/wp\/v2\/product_tag?post=16870"}],"curies":[{"name":"wp","href":"https:\/\/api.w.org\/{rel}","templated":true}]}}