{"id":16398,"date":"2021-03-09T00:46:03","date_gmt":"2021-03-09T00:46:03","guid":{"rendered":"https:\/\/storitgroup.com\/?post_type=product&#038;p=16398"},"modified":"2025-01-10T02:01:14","modified_gmt":"2025-01-10T00:01:14","slug":"muovinen-lava-800x600x147mm-musta","status":"publish","type":"product","link":"https:\/\/storitgroup.com\/fi\/tuote\/muovinen-lava-800x600x147mm-musta\/","title":{"rendered":"Muovinen lava 800x600x147mm, musta"},"content":{"rendered":"<p>S0006  mitat: 800 x 600 x 147 mm<br \/>   muovia<br \/>  staattinen kuormitus: 800 kg<br \/>  dynaaminen kuormitus: 400 kg<br \/>   v\u00e4ri: musta<br \/>  paino: 3,5 kg.<\/p>\n","protected":false},"excerpt":{"rendered":"<p>S0006  mitat: 800 x 600 x 147 mm<br \/>\n   muovia<br \/>\n  staattinen kuormitus: 800 kg<\/p>\n","protected":false},"featured_media":20086,"template":"","meta":{"_acf_changed":false},"product_brand":[],"product_cat":[7103],"product_tag":[],"class_list":{"0":"post-16398","1":"product","2":"type-product","3":"status-publish","4":"has-post-thumbnail","6":"product_room-kaupankaynti-ja-myymalat","7":"product_room-iso-varasto","8":"product_cat-kuormalavat-lavankaulukset-lavojen-jakajat","10":"first","11":"onbackorder","12":"taxable","13":"shipping-taxable","14":"purchasable","15":"product-type-simple"},"acf":[],"yoast_head":"<!-- This site is optimized with the Yoast SEO plugin v27.4 - https:\/\/yoast.com\/product\/yoast-seo-wordpress\/ -->\n<title>Muovinen lava 800x600x147mm, musta &#8226; Storit<\/title>\n<meta name=\"description\" content=\"Muovinen lava 800x600x147mm, musta \u2014 kohtuulliseen hintaan. Toimitukset kaikkialle Suomeen! \u261b Tutustu tuotteeseen ja tilaa k\u00e4tev\u00e4sti STORIT-verkkokaupasta!\" \/>\n<meta name=\"robots\" content=\"index, follow, max-snippet:-1, max-image-preview:large, max-video-preview:-1\" \/>\n<link rel=\"canonical\" href=\"https:\/\/storitgroup.com\/fi\/tuote\/muovinen-lava-800x600x147mm-musta\/\" \/>\n<meta property=\"og:locale\" content=\"fi_FI\" \/>\n<meta property=\"og:type\" content=\"article\" \/>\n<meta property=\"og:title\" content=\"Muovinen lava 800x600x147mm, musta &#8226; Storit\" \/>\n<meta property=\"og:description\" content=\"Muovinen lava 800x600x147mm, musta \u2014 kohtuulliseen hintaan. Toimitukset kaikkialle Suomeen! \u261b Tutustu tuotteeseen ja tilaa k\u00e4tev\u00e4sti STORIT-verkkokaupasta!\" \/>\n<meta property=\"og:url\" content=\"https:\/\/storitgroup.com\/fi\/tuote\/muovinen-lava-800x600x147mm-musta\/\" \/>\n<meta property=\"og:site_name\" content=\"Storit\" \/>\n<meta property=\"article:modified_time\" content=\"2025-01-10T00:01:14+00:00\" \/>\n<meta property=\"og:image\" content=\"https:\/\/storitgroup.com\/uploads\/2021\/03\/kaubaalus-800-x-600-x-147-mm-plast-perfo-must-1.jpg\" \/>\n\t<meta property=\"og:image:width\" content=\"1920\" \/>\n\t<meta property=\"og:image:height\" content=\"1920\" \/>\n\t<meta property=\"og:image:type\" content=\"image\/jpeg\" \/>\n<meta name=\"twitter:card\" content=\"summary_large_image\" \/>\n<script type=\"application\/ld+json\" class=\"yoast-schema-graph\">{\"@context\":\"https:\\\/\\\/schema.org\",\"@graph\":[{\"@type\":[\"WebPage\",\"ItemPage\"],\"@id\":\"https:\\\/\\\/storitgroup.com\\\/fi\\\/tuote\\\/muovinen-lava-800x600x147mm-musta\\\/\",\"url\":\"https:\\\/\\\/storitgroup.com\\\/fi\\\/tuote\\\/muovinen-lava-800x600x147mm-musta\\\/\",\"name\":\"Muovinen lava 800x600x147mm, musta &#8226; Storit\",\"isPartOf\":{\"@id\":\"https:\\\/\\\/storitgroup.com\\\/fi\\\/#website\"},\"primaryImageOfPage\":{\"@id\":\"https:\\\/\\\/storitgroup.com\\\/fi\\\/tuote\\\/muovinen-lava-800x600x147mm-musta\\\/#primaryimage\"},\"image\":{\"@id\":\"https:\\\/\\\/storitgroup.com\\\/fi\\\/tuote\\\/muovinen-lava-800x600x147mm-musta\\\/#primaryimage\"},\"thumbnailUrl\":\"https:\\\/\\\/storitgroup.com\\\/uploads\\\/2021\\\/03\\\/kaubaalus-800-x-600-x-147-mm-plast-perfo-must-1.jpg\",\"datePublished\":\"2021-03-09T00:46:03+00:00\",\"dateModified\":\"2025-01-10T00:01:14+00:00\",\"description\":\"Muovinen lava 800x600x147mm, musta \u2014 kohtuulliseen hintaan. Toimitukset kaikkialle Suomeen! \u261b Tutustu tuotteeseen ja tilaa k\u00e4tev\u00e4sti STORIT-verkkokaupasta!\",\"breadcrumb\":{\"@id\":\"https:\\\/\\\/storitgroup.com\\\/fi\\\/tuote\\\/muovinen-lava-800x600x147mm-musta\\\/#breadcrumb\"},\"inLanguage\":\"fi\",\"potentialAction\":[{\"@type\":\"ReadAction\",\"target\":[\"https:\\\/\\\/storitgroup.com\\\/fi\\\/tuote\\\/muovinen-lava-800x600x147mm-musta\\\/\"]}]},{\"@type\":\"ImageObject\",\"inLanguage\":\"fi\",\"@id\":\"https:\\\/\\\/storitgroup.com\\\/fi\\\/tuote\\\/muovinen-lava-800x600x147mm-musta\\\/#primaryimage\",\"url\":\"https:\\\/\\\/storitgroup.com\\\/uploads\\\/2021\\\/03\\\/kaubaalus-800-x-600-x-147-mm-plast-perfo-must-1.jpg\",\"contentUrl\":\"https:\\\/\\\/storitgroup.com\\\/uploads\\\/2021\\\/03\\\/kaubaalus-800-x-600-x-147-mm-plast-perfo-must-1.jpg\",\"width\":1920,\"height\":1920},{\"@type\":\"BreadcrumbList\",\"@id\":\"https:\\\/\\\/storitgroup.com\\\/fi\\\/tuote\\\/muovinen-lava-800x600x147mm-musta\\\/#breadcrumb\",\"itemListElement\":[{\"@type\":\"ListItem\",\"position\":1,\"name\":\"Kotisivu\",\"item\":\"https:\\\/\\\/storitgroup.com\\\/fi\\\/\"},{\"@type\":\"ListItem\",\"position\":2,\"name\":\"Tuotteet\",\"item\":\"https:\\\/\\\/storitgroup.com\\\/fi\\\/tuotteet\\\/\"},{\"@type\":\"ListItem\",\"position\":3,\"name\":\"Ty\u00f6p\u00f6yd\u00e4t: STORIT\",\"item\":\"https:\\\/\\\/storitgroup.com\\\/fi\\\/tuotteet\\\/poydat-tuolit-tyokaluvarasto\\\/tyopoydat\\\/tyopoydat-storit-tyopoydat\\\/\"},{\"@type\":\"ListItem\",\"position\":4,\"name\":\"Kuormalavat, lavankaulukset, lavojen jakajat\",\"item\":\"https:\\\/\\\/storitgroup.com\\\/fi\\\/tuotteet\\\/kuormalavat-pakkaus\\\/kuormalavat-lavankaulukset-lavojen-jakajat\\\/\"},{\"@type\":\"ListItem\",\"position\":5,\"name\":\"Muovinen lava 800x600x147mm, musta\"}]},{\"@type\":\"WebSite\",\"@id\":\"https:\\\/\\\/storitgroup.com\\\/fi\\\/#website\",\"url\":\"https:\\\/\\\/storitgroup.com\\\/fi\\\/\",\"name\":\"Storit\",\"description\":\"\",\"potentialAction\":[{\"@type\":\"SearchAction\",\"target\":{\"@type\":\"EntryPoint\",\"urlTemplate\":\"https:\\\/\\\/storitgroup.com\\\/fi\\\/?s={search_term_string}\"},\"query-input\":{\"@type\":\"PropertyValueSpecification\",\"valueRequired\":true,\"valueName\":\"search_term_string\"}}],\"inLanguage\":\"fi\"}]}<\/script>\n<!-- \/ Yoast SEO plugin. -->","yoast_head_json":{"title":"Muovinen lava 800x600x147mm, musta &#8226; Storit","description":"Muovinen lava 800x600x147mm, musta \u2014 kohtuulliseen hintaan. Toimitukset kaikkialle Suomeen! \u261b Tutustu tuotteeseen ja tilaa k\u00e4tev\u00e4sti STORIT-verkkokaupasta!","robots":{"index":"index","follow":"follow","max-snippet":"max-snippet:-1","max-image-preview":"max-image-preview:large","max-video-preview":"max-video-preview:-1"},"canonical":"https:\/\/storitgroup.com\/fi\/tuote\/muovinen-lava-800x600x147mm-musta\/","og_locale":"fi_FI","og_type":"article","og_title":"Muovinen lava 800x600x147mm, musta &#8226; Storit","og_description":"Muovinen lava 800x600x147mm, musta \u2014 kohtuulliseen hintaan. Toimitukset kaikkialle Suomeen! \u261b Tutustu tuotteeseen ja tilaa k\u00e4tev\u00e4sti STORIT-verkkokaupasta!","og_url":"https:\/\/storitgroup.com\/fi\/tuote\/muovinen-lava-800x600x147mm-musta\/","og_site_name":"Storit","article_modified_time":"2025-01-10T00:01:14+00:00","og_image":[{"width":1920,"height":1920,"url":"https:\/\/storitgroup.com\/uploads\/2021\/03\/kaubaalus-800-x-600-x-147-mm-plast-perfo-must-1.jpg","type":"image\/jpeg"}],"twitter_card":"summary_large_image","schema":{"@context":"https:\/\/schema.org","@graph":[{"@type":["WebPage","ItemPage"],"@id":"https:\/\/storitgroup.com\/fi\/tuote\/muovinen-lava-800x600x147mm-musta\/","url":"https:\/\/storitgroup.com\/fi\/tuote\/muovinen-lava-800x600x147mm-musta\/","name":"Muovinen lava 800x600x147mm, musta &#8226; Storit","isPartOf":{"@id":"https:\/\/storitgroup.com\/fi\/#website"},"primaryImageOfPage":{"@id":"https:\/\/storitgroup.com\/fi\/tuote\/muovinen-lava-800x600x147mm-musta\/#primaryimage"},"image":{"@id":"https:\/\/storitgroup.com\/fi\/tuote\/muovinen-lava-800x600x147mm-musta\/#primaryimage"},"thumbnailUrl":"https:\/\/storitgroup.com\/uploads\/2021\/03\/kaubaalus-800-x-600-x-147-mm-plast-perfo-must-1.jpg","datePublished":"2021-03-09T00:46:03+00:00","dateModified":"2025-01-10T00:01:14+00:00","description":"Muovinen lava 800x600x147mm, musta \u2014 kohtuulliseen hintaan. Toimitukset kaikkialle Suomeen! \u261b Tutustu tuotteeseen ja tilaa k\u00e4tev\u00e4sti STORIT-verkkokaupasta!","breadcrumb":{"@id":"https:\/\/storitgroup.com\/fi\/tuote\/muovinen-lava-800x600x147mm-musta\/#breadcrumb"},"inLanguage":"fi","potentialAction":[{"@type":"ReadAction","target":["https:\/\/storitgroup.com\/fi\/tuote\/muovinen-lava-800x600x147mm-musta\/"]}]},{"@type":"ImageObject","inLanguage":"fi","@id":"https:\/\/storitgroup.com\/fi\/tuote\/muovinen-lava-800x600x147mm-musta\/#primaryimage","url":"https:\/\/storitgroup.com\/uploads\/2021\/03\/kaubaalus-800-x-600-x-147-mm-plast-perfo-must-1.jpg","contentUrl":"https:\/\/storitgroup.com\/uploads\/2021\/03\/kaubaalus-800-x-600-x-147-mm-plast-perfo-must-1.jpg","width":1920,"height":1920},{"@type":"BreadcrumbList","@id":"https:\/\/storitgroup.com\/fi\/tuote\/muovinen-lava-800x600x147mm-musta\/#breadcrumb","itemListElement":[{"@type":"ListItem","position":1,"name":"Kotisivu","item":"https:\/\/storitgroup.com\/fi\/"},{"@type":"ListItem","position":2,"name":"Tuotteet","item":"https:\/\/storitgroup.com\/fi\/tuotteet\/"},{"@type":"ListItem","position":3,"name":"Ty\u00f6p\u00f6yd\u00e4t: STORIT","item":"https:\/\/storitgroup.com\/fi\/tuotteet\/poydat-tuolit-tyokaluvarasto\/tyopoydat\/tyopoydat-storit-tyopoydat\/"},{"@type":"ListItem","position":4,"name":"Kuormalavat, lavankaulukset, lavojen jakajat","item":"https:\/\/storitgroup.com\/fi\/tuotteet\/kuormalavat-pakkaus\/kuormalavat-lavankaulukset-lavojen-jakajat\/"},{"@type":"ListItem","position":5,"name":"Muovinen lava 800x600x147mm, musta"}]},{"@type":"WebSite","@id":"https:\/\/storitgroup.com\/fi\/#website","url":"https:\/\/storitgroup.com\/fi\/","name":"Storit","description":"","potentialAction":[{"@type":"SearchAction","target":{"@type":"EntryPoint","urlTemplate":"https:\/\/storitgroup.com\/fi\/?s={search_term_string}"},"query-input":{"@type":"PropertyValueSpecification","valueRequired":true,"valueName":"search_term_string"}}],"inLanguage":"fi"}]}},"_links":{"self":[{"href":"https:\/\/storitgroup.com\/fi\/wp-json\/wp\/v2\/product\/16398","targetHints":{"allow":["GET"]}}],"collection":[{"href":"https:\/\/storitgroup.com\/fi\/wp-json\/wp\/v2\/product"}],"about":[{"href":"https:\/\/storitgroup.com\/fi\/wp-json\/wp\/v2\/types\/product"}],"wp:featuredmedia":[{"embeddable":true,"href":"https:\/\/storitgroup.com\/fi\/wp-json\/wp\/v2\/media\/20086"}],"wp:attachment":[{"href":"https:\/\/storitgroup.com\/fi\/wp-json\/wp\/v2\/media?parent=16398"}],"wp:term":[{"taxonomy":"product_brand","embeddable":true,"href":"https:\/\/storitgroup.com\/fi\/wp-json\/wp\/v2\/product_brand?post=16398"},{"taxonomy":"product_cat","embeddable":true,"href":"https:\/\/storitgroup.com\/fi\/wp-json\/wp\/v2\/product_cat?post=16398"},{"taxonomy":"product_tag","embeddable":true,"href":"https:\/\/storitgroup.com\/fi\/wp-json\/wp\/v2\/product_tag?post=16398"}],"curies":[{"name":"wp","href":"https:\/\/api.w.org\/{rel}","templated":true}]}}