{"id":16374,"date":"2021-04-08T12:45:22","date_gmt":"2021-04-08T12:45:22","guid":{"rendered":"https:\/\/storitgroup.com\/?post_type=product&#038;p=16374"},"modified":"2025-03-15T02:00:14","modified_gmt":"2025-03-15T00:00:14","slug":"tynnyrikarry-bts-250kg-1350-x-700mm-kl-sininen","status":"publish","type":"product","link":"https:\/\/storitgroup.com\/fi\/tuote\/tynnyrikarry-bts-250kg-1350-x-700mm-kl-sininen\/","title":{"rendered":"Tynnyrik\u00e4rry BTS, 250kg, 1350 x 700mm (kl) sininen"},"content":{"rendered":"<p>E0008  kantavuus: 250 kg<br \/>   korkeus: 1350 mm<br \/>  leveys: 700 mm<br \/>  py\u00f6r\u00e4t: \u00d8 400 mm, ilmakumipy\u00f6r\u00e4t<br \/>  paino:\u00a020,0 kg.<\/p>\n","protected":false},"excerpt":{"rendered":"<p>E0008  kantavuus: 250 kg<br \/>\n   korkeus: 1350 mm<br \/>\n  leveys: 700 mm<\/p>\n","protected":false},"featured_media":26342,"template":"","meta":{"_acf_changed":false},"product_brand":[],"product_cat":[7084],"product_tag":[],"class_list":{"0":"post-16374","1":"product","2":"type-product","3":"status-publish","4":"has-post-thumbnail","6":"product_room-tyopaja-ja-autotalli","7":"product_room-tynnyrien-ja-kaapeleiden-kasittely","8":"product_room-kuljetus-ja-logistiikka","9":"product_cat-tynnyrikarryt","11":"first","12":"onbackorder","13":"taxable","14":"shipping-taxable","15":"purchasable","16":"product-type-simple"},"acf":[],"yoast_head":"<!-- This site is optimized with the Yoast SEO plugin v27.3 - https:\/\/yoast.com\/product\/yoast-seo-wordpress\/ -->\n<title>Tynnyrik\u00e4rry BTS, 250kg, 1350 x 700mm (kl) sininen &#8226; Storit<\/title>\n<meta name=\"description\" content=\"Tynnyrik\u00e4rry BTS, 250kg, 1350 x 700mm (kl) sininen \u2014 kohtuulliseen hintaan. Toimitukset kaikkialle Suomeen! \u261b Tutustu tuotteeseen ja tilaa k\u00e4tev\u00e4sti STORIT-verkkokaupasta!\" \/>\n<meta name=\"robots\" content=\"index, follow, max-snippet:-1, max-image-preview:large, max-video-preview:-1\" \/>\n<link rel=\"canonical\" href=\"https:\/\/storitgroup.com\/fi\/tuote\/tynnyrikarry-bts-250kg-1350-x-700mm-kl-sininen\/\" \/>\n<meta property=\"og:locale\" content=\"fi_FI\" \/>\n<meta property=\"og:type\" content=\"article\" \/>\n<meta property=\"og:title\" content=\"Tynnyrik\u00e4rry BTS, 250kg, 1350 x 700mm (kl) sininen &#8226; Storit\" \/>\n<meta property=\"og:description\" content=\"Tynnyrik\u00e4rry BTS, 250kg, 1350 x 700mm (kl) sininen \u2014 kohtuulliseen hintaan. Toimitukset kaikkialle Suomeen! \u261b Tutustu tuotteeseen ja tilaa k\u00e4tev\u00e4sti STORIT-verkkokaupasta!\" \/>\n<meta property=\"og:url\" content=\"https:\/\/storitgroup.com\/fi\/tuote\/tynnyrikarry-bts-250kg-1350-x-700mm-kl-sininen\/\" \/>\n<meta property=\"og:site_name\" content=\"Storit\" \/>\n<meta property=\"article:modified_time\" content=\"2025-03-15T00:00:14+00:00\" \/>\n<meta property=\"og:image\" content=\"https:\/\/storitgroup.com\/uploads\/2021\/05\/vaadikaru-bts-1.png\" \/>\n\t<meta property=\"og:image:width\" content=\"821\" \/>\n\t<meta property=\"og:image:height\" content=\"820\" \/>\n\t<meta property=\"og:image:type\" content=\"image\/png\" \/>\n<meta name=\"twitter:card\" content=\"summary_large_image\" \/>\n<script type=\"application\/ld+json\" class=\"yoast-schema-graph\">{\"@context\":\"https:\\\/\\\/schema.org\",\"@graph\":[{\"@type\":[\"WebPage\",\"ItemPage\"],\"@id\":\"https:\\\/\\\/storitgroup.com\\\/fi\\\/tuote\\\/tynnyrikarry-bts-250kg-1350-x-700mm-kl-sininen\\\/\",\"url\":\"https:\\\/\\\/storitgroup.com\\\/fi\\\/tuote\\\/tynnyrikarry-bts-250kg-1350-x-700mm-kl-sininen\\\/\",\"name\":\"Tynnyrik\u00e4rry BTS, 250kg, 1350 x 700mm (kl) sininen &#8226; Storit\",\"isPartOf\":{\"@id\":\"https:\\\/\\\/storitgroup.com\\\/fi\\\/#website\"},\"primaryImageOfPage\":{\"@id\":\"https:\\\/\\\/storitgroup.com\\\/fi\\\/tuote\\\/tynnyrikarry-bts-250kg-1350-x-700mm-kl-sininen\\\/#primaryimage\"},\"image\":{\"@id\":\"https:\\\/\\\/storitgroup.com\\\/fi\\\/tuote\\\/tynnyrikarry-bts-250kg-1350-x-700mm-kl-sininen\\\/#primaryimage\"},\"thumbnailUrl\":\"https:\\\/\\\/storitgroup.com\\\/uploads\\\/2021\\\/05\\\/vaadikaru-bts-1.png\",\"datePublished\":\"2021-04-08T12:45:22+00:00\",\"dateModified\":\"2025-03-15T00:00:14+00:00\",\"description\":\"Tynnyrik\u00e4rry BTS, 250kg, 1350 x 700mm (kl) sininen \u2014 kohtuulliseen hintaan. Toimitukset kaikkialle Suomeen! \u261b Tutustu tuotteeseen ja tilaa k\u00e4tev\u00e4sti STORIT-verkkokaupasta!\",\"breadcrumb\":{\"@id\":\"https:\\\/\\\/storitgroup.com\\\/fi\\\/tuote\\\/tynnyrikarry-bts-250kg-1350-x-700mm-kl-sininen\\\/#breadcrumb\"},\"inLanguage\":\"fi\",\"potentialAction\":[{\"@type\":\"ReadAction\",\"target\":[\"https:\\\/\\\/storitgroup.com\\\/fi\\\/tuote\\\/tynnyrikarry-bts-250kg-1350-x-700mm-kl-sininen\\\/\"]}]},{\"@type\":\"ImageObject\",\"inLanguage\":\"fi\",\"@id\":\"https:\\\/\\\/storitgroup.com\\\/fi\\\/tuote\\\/tynnyrikarry-bts-250kg-1350-x-700mm-kl-sininen\\\/#primaryimage\",\"url\":\"https:\\\/\\\/storitgroup.com\\\/uploads\\\/2021\\\/05\\\/vaadikaru-bts-1.png\",\"contentUrl\":\"https:\\\/\\\/storitgroup.com\\\/uploads\\\/2021\\\/05\\\/vaadikaru-bts-1.png\",\"width\":821,\"height\":820},{\"@type\":\"BreadcrumbList\",\"@id\":\"https:\\\/\\\/storitgroup.com\\\/fi\\\/tuote\\\/tynnyrikarry-bts-250kg-1350-x-700mm-kl-sininen\\\/#breadcrumb\",\"itemListElement\":[{\"@type\":\"ListItem\",\"position\":1,\"name\":\"Kotisivu\",\"item\":\"https:\\\/\\\/storitgroup.com\\\/fi\\\/\"},{\"@type\":\"ListItem\",\"position\":2,\"name\":\"Tuotteet\",\"item\":\"https:\\\/\\\/storitgroup.com\\\/fi\\\/tuotteet\\\/\"},{\"@type\":\"ListItem\",\"position\":3,\"name\":\"Varastovaunut, py\u00f6r\u00e4t\",\"item\":\"https:\\\/\\\/storitgroup.com\\\/fi\\\/tuotteet\\\/varastovaunut-pyorat\\\/\"},{\"@type\":\"ListItem\",\"position\":4,\"name\":\"Tynnyrik\u00e4rryt\",\"item\":\"https:\\\/\\\/storitgroup.com\\\/fi\\\/tuotteet\\\/varastovaunut-pyorat\\\/tynnyrikarryt\\\/\"},{\"@type\":\"ListItem\",\"position\":5,\"name\":\"Tynnyrik\u00e4rry BTS, 250kg, 1350 x 700mm (kl) sininen\"}]},{\"@type\":\"WebSite\",\"@id\":\"https:\\\/\\\/storitgroup.com\\\/fi\\\/#website\",\"url\":\"https:\\\/\\\/storitgroup.com\\\/fi\\\/\",\"name\":\"Storit\",\"description\":\"\",\"potentialAction\":[{\"@type\":\"SearchAction\",\"target\":{\"@type\":\"EntryPoint\",\"urlTemplate\":\"https:\\\/\\\/storitgroup.com\\\/fi\\\/?s={search_term_string}\"},\"query-input\":{\"@type\":\"PropertyValueSpecification\",\"valueRequired\":true,\"valueName\":\"search_term_string\"}}],\"inLanguage\":\"fi\"}]}<\/script>\n<!-- \/ Yoast SEO plugin. -->","yoast_head_json":{"title":"Tynnyrik\u00e4rry BTS, 250kg, 1350 x 700mm (kl) sininen &#8226; Storit","description":"Tynnyrik\u00e4rry BTS, 250kg, 1350 x 700mm (kl) sininen \u2014 kohtuulliseen hintaan. Toimitukset kaikkialle Suomeen! \u261b Tutustu tuotteeseen ja tilaa k\u00e4tev\u00e4sti STORIT-verkkokaupasta!","robots":{"index":"index","follow":"follow","max-snippet":"max-snippet:-1","max-image-preview":"max-image-preview:large","max-video-preview":"max-video-preview:-1"},"canonical":"https:\/\/storitgroup.com\/fi\/tuote\/tynnyrikarry-bts-250kg-1350-x-700mm-kl-sininen\/","og_locale":"fi_FI","og_type":"article","og_title":"Tynnyrik\u00e4rry BTS, 250kg, 1350 x 700mm (kl) sininen &#8226; Storit","og_description":"Tynnyrik\u00e4rry BTS, 250kg, 1350 x 700mm (kl) sininen \u2014 kohtuulliseen hintaan. Toimitukset kaikkialle Suomeen! \u261b Tutustu tuotteeseen ja tilaa k\u00e4tev\u00e4sti STORIT-verkkokaupasta!","og_url":"https:\/\/storitgroup.com\/fi\/tuote\/tynnyrikarry-bts-250kg-1350-x-700mm-kl-sininen\/","og_site_name":"Storit","article_modified_time":"2025-03-15T00:00:14+00:00","og_image":[{"width":821,"height":820,"url":"https:\/\/storitgroup.com\/uploads\/2021\/05\/vaadikaru-bts-1.png","type":"image\/png"}],"twitter_card":"summary_large_image","schema":{"@context":"https:\/\/schema.org","@graph":[{"@type":["WebPage","ItemPage"],"@id":"https:\/\/storitgroup.com\/fi\/tuote\/tynnyrikarry-bts-250kg-1350-x-700mm-kl-sininen\/","url":"https:\/\/storitgroup.com\/fi\/tuote\/tynnyrikarry-bts-250kg-1350-x-700mm-kl-sininen\/","name":"Tynnyrik\u00e4rry BTS, 250kg, 1350 x 700mm (kl) sininen &#8226; Storit","isPartOf":{"@id":"https:\/\/storitgroup.com\/fi\/#website"},"primaryImageOfPage":{"@id":"https:\/\/storitgroup.com\/fi\/tuote\/tynnyrikarry-bts-250kg-1350-x-700mm-kl-sininen\/#primaryimage"},"image":{"@id":"https:\/\/storitgroup.com\/fi\/tuote\/tynnyrikarry-bts-250kg-1350-x-700mm-kl-sininen\/#primaryimage"},"thumbnailUrl":"https:\/\/storitgroup.com\/uploads\/2021\/05\/vaadikaru-bts-1.png","datePublished":"2021-04-08T12:45:22+00:00","dateModified":"2025-03-15T00:00:14+00:00","description":"Tynnyrik\u00e4rry BTS, 250kg, 1350 x 700mm (kl) sininen \u2014 kohtuulliseen hintaan. Toimitukset kaikkialle Suomeen! \u261b Tutustu tuotteeseen ja tilaa k\u00e4tev\u00e4sti STORIT-verkkokaupasta!","breadcrumb":{"@id":"https:\/\/storitgroup.com\/fi\/tuote\/tynnyrikarry-bts-250kg-1350-x-700mm-kl-sininen\/#breadcrumb"},"inLanguage":"fi","potentialAction":[{"@type":"ReadAction","target":["https:\/\/storitgroup.com\/fi\/tuote\/tynnyrikarry-bts-250kg-1350-x-700mm-kl-sininen\/"]}]},{"@type":"ImageObject","inLanguage":"fi","@id":"https:\/\/storitgroup.com\/fi\/tuote\/tynnyrikarry-bts-250kg-1350-x-700mm-kl-sininen\/#primaryimage","url":"https:\/\/storitgroup.com\/uploads\/2021\/05\/vaadikaru-bts-1.png","contentUrl":"https:\/\/storitgroup.com\/uploads\/2021\/05\/vaadikaru-bts-1.png","width":821,"height":820},{"@type":"BreadcrumbList","@id":"https:\/\/storitgroup.com\/fi\/tuote\/tynnyrikarry-bts-250kg-1350-x-700mm-kl-sininen\/#breadcrumb","itemListElement":[{"@type":"ListItem","position":1,"name":"Kotisivu","item":"https:\/\/storitgroup.com\/fi\/"},{"@type":"ListItem","position":2,"name":"Tuotteet","item":"https:\/\/storitgroup.com\/fi\/tuotteet\/"},{"@type":"ListItem","position":3,"name":"Varastovaunut, py\u00f6r\u00e4t","item":"https:\/\/storitgroup.com\/fi\/tuotteet\/varastovaunut-pyorat\/"},{"@type":"ListItem","position":4,"name":"Tynnyrik\u00e4rryt","item":"https:\/\/storitgroup.com\/fi\/tuotteet\/varastovaunut-pyorat\/tynnyrikarryt\/"},{"@type":"ListItem","position":5,"name":"Tynnyrik\u00e4rry BTS, 250kg, 1350 x 700mm (kl) sininen"}]},{"@type":"WebSite","@id":"https:\/\/storitgroup.com\/fi\/#website","url":"https:\/\/storitgroup.com\/fi\/","name":"Storit","description":"","potentialAction":[{"@type":"SearchAction","target":{"@type":"EntryPoint","urlTemplate":"https:\/\/storitgroup.com\/fi\/?s={search_term_string}"},"query-input":{"@type":"PropertyValueSpecification","valueRequired":true,"valueName":"search_term_string"}}],"inLanguage":"fi"}]}},"_links":{"self":[{"href":"https:\/\/storitgroup.com\/fi\/wp-json\/wp\/v2\/product\/16374","targetHints":{"allow":["GET"]}}],"collection":[{"href":"https:\/\/storitgroup.com\/fi\/wp-json\/wp\/v2\/product"}],"about":[{"href":"https:\/\/storitgroup.com\/fi\/wp-json\/wp\/v2\/types\/product"}],"wp:featuredmedia":[{"embeddable":true,"href":"https:\/\/storitgroup.com\/fi\/wp-json\/wp\/v2\/media\/26342"}],"wp:attachment":[{"href":"https:\/\/storitgroup.com\/fi\/wp-json\/wp\/v2\/media?parent=16374"}],"wp:term":[{"taxonomy":"product_brand","embeddable":true,"href":"https:\/\/storitgroup.com\/fi\/wp-json\/wp\/v2\/product_brand?post=16374"},{"taxonomy":"product_cat","embeddable":true,"href":"https:\/\/storitgroup.com\/fi\/wp-json\/wp\/v2\/product_cat?post=16374"},{"taxonomy":"product_tag","embeddable":true,"href":"https:\/\/storitgroup.com\/fi\/wp-json\/wp\/v2\/product_tag?post=16374"}],"curies":[{"name":"wp","href":"https:\/\/api.w.org\/{rel}","templated":true}]}}