{"id":16158,"date":"2021-03-05T13:47:24","date_gmt":"2021-03-05T13:47:24","guid":{"rendered":"https:\/\/storitgroup.com\/?post_type=product&#038;p=16158"},"modified":"2024-11-21T16:26:19","modified_gmt":"2024-11-21T14:26:19","slug":"pp-vanne-12-x-055mm-3000-m-valkoinen","status":"publish","type":"product","link":"https:\/\/storitgroup.com\/fi\/tuote\/pp-vanne-12-x-055mm-3000-m-valkoinen\/","title":{"rendered":"PP-vanne 12 x 0,55mm, 3000 m, valkoinen"},"content":{"rendered":"<p>P0041  materiaali: polypropyleeni<br \/>  suosittu polypropyleeni yleisvanne<br \/>  lavojen kiristykseen, niputtamiseen, kevyille ja puoliraskaille tavaroille<br \/>  soveltuu sidottavaksi metalli- ja muovilukoilla.<\/p>\n","protected":false},"excerpt":{"rendered":"<p>P0041  materiaali: polypropyleeni<br \/>\n  suosittu polypropyleeni yleisvanne<br \/>\n  lavojen kiristykseen, niputtamiseen, kevyille ja puoliraskaille tavaroille<\/p>\n","protected":false},"featured_media":22615,"template":"","meta":{"_acf_changed":false},"product_brand":[],"product_cat":[7104],"product_tag":[],"class_list":{"0":"post-16158","1":"product","2":"type-product","3":"status-publish","4":"has-post-thumbnail","6":"product_room-pakkaus","7":"product_room-iso-varasto","8":"product_room-pieni-varasto","9":"product_room-kuljetus-ja-logistiikka","10":"product_room-kokoonpano-ja-keraily","11":"product_cat-pakkausmateriaalit","13":"first","14":"onbackorder","15":"taxable","16":"shipping-taxable","17":"purchasable","18":"product-type-simple"},"acf":[],"yoast_head":"<!-- This site is optimized with the Yoast SEO plugin v27.3 - https:\/\/yoast.com\/product\/yoast-seo-wordpress\/ -->\n<title>PP-vanne 12 x 0,55mm, 3000 m, valkoinen &#8226; Storit<\/title>\n<meta name=\"description\" content=\"PP-vanne 12 x 0,55mm, 3000 m, valkoinen \u2014 kohtuulliseen hintaan. Toimitukset kaikkialle Suomeen! \u261b Tutustu tuotteeseen ja tilaa k\u00e4tev\u00e4sti STORIT-verkkokaupasta!\" \/>\n<meta name=\"robots\" content=\"index, follow, max-snippet:-1, max-image-preview:large, max-video-preview:-1\" \/>\n<link rel=\"canonical\" href=\"https:\/\/storitgroup.com\/fi\/tuote\/pp-vanne-12-x-055mm-3000-m-valkoinen\/\" \/>\n<meta property=\"og:locale\" content=\"fi_FI\" \/>\n<meta property=\"og:type\" content=\"article\" \/>\n<meta property=\"og:title\" content=\"PP-vanne 12 x 0,55mm, 3000 m, valkoinen &#8226; Storit\" \/>\n<meta property=\"og:description\" content=\"PP-vanne 12 x 0,55mm, 3000 m, valkoinen \u2014 kohtuulliseen hintaan. Toimitukset kaikkialle Suomeen! \u261b Tutustu tuotteeseen ja tilaa k\u00e4tev\u00e4sti STORIT-verkkokaupasta!\" \/>\n<meta property=\"og:url\" content=\"https:\/\/storitgroup.com\/fi\/tuote\/pp-vanne-12-x-055mm-3000-m-valkoinen\/\" \/>\n<meta property=\"og:site_name\" content=\"Storit\" \/>\n<meta property=\"article:modified_time\" content=\"2024-11-21T14:26:19+00:00\" \/>\n<meta property=\"og:image\" content=\"https:\/\/storitgroup.com\/uploads\/2021\/03\/pp-pakkelint-12-x-055-mm-rullis-3000-m-valge-1.png\" \/>\n\t<meta property=\"og:image:width\" content=\"910\" \/>\n\t<meta property=\"og:image:height\" content=\"910\" \/>\n\t<meta property=\"og:image:type\" content=\"image\/png\" \/>\n<meta name=\"twitter:card\" content=\"summary_large_image\" \/>\n<script type=\"application\/ld+json\" class=\"yoast-schema-graph\">{\"@context\":\"https:\\\/\\\/schema.org\",\"@graph\":[{\"@type\":[\"WebPage\",\"ItemPage\"],\"@id\":\"https:\\\/\\\/storitgroup.com\\\/fi\\\/tuote\\\/pp-vanne-12-x-055mm-3000-m-valkoinen\\\/\",\"url\":\"https:\\\/\\\/storitgroup.com\\\/fi\\\/tuote\\\/pp-vanne-12-x-055mm-3000-m-valkoinen\\\/\",\"name\":\"PP-vanne 12 x 0,55mm, 3000 m, valkoinen &#8226; Storit\",\"isPartOf\":{\"@id\":\"https:\\\/\\\/storitgroup.com\\\/fi\\\/#website\"},\"primaryImageOfPage\":{\"@id\":\"https:\\\/\\\/storitgroup.com\\\/fi\\\/tuote\\\/pp-vanne-12-x-055mm-3000-m-valkoinen\\\/#primaryimage\"},\"image\":{\"@id\":\"https:\\\/\\\/storitgroup.com\\\/fi\\\/tuote\\\/pp-vanne-12-x-055mm-3000-m-valkoinen\\\/#primaryimage\"},\"thumbnailUrl\":\"https:\\\/\\\/storitgroup.com\\\/uploads\\\/2021\\\/03\\\/pp-pakkelint-12-x-055-mm-rullis-3000-m-valge-1.png\",\"datePublished\":\"2021-03-05T13:47:24+00:00\",\"dateModified\":\"2024-11-21T14:26:19+00:00\",\"description\":\"PP-vanne 12 x 0,55mm, 3000 m, valkoinen \u2014 kohtuulliseen hintaan. Toimitukset kaikkialle Suomeen! \u261b Tutustu tuotteeseen ja tilaa k\u00e4tev\u00e4sti STORIT-verkkokaupasta!\",\"breadcrumb\":{\"@id\":\"https:\\\/\\\/storitgroup.com\\\/fi\\\/tuote\\\/pp-vanne-12-x-055mm-3000-m-valkoinen\\\/#breadcrumb\"},\"inLanguage\":\"fi\",\"potentialAction\":[{\"@type\":\"ReadAction\",\"target\":[\"https:\\\/\\\/storitgroup.com\\\/fi\\\/tuote\\\/pp-vanne-12-x-055mm-3000-m-valkoinen\\\/\"]}]},{\"@type\":\"ImageObject\",\"inLanguage\":\"fi\",\"@id\":\"https:\\\/\\\/storitgroup.com\\\/fi\\\/tuote\\\/pp-vanne-12-x-055mm-3000-m-valkoinen\\\/#primaryimage\",\"url\":\"https:\\\/\\\/storitgroup.com\\\/uploads\\\/2021\\\/03\\\/pp-pakkelint-12-x-055-mm-rullis-3000-m-valge-1.png\",\"contentUrl\":\"https:\\\/\\\/storitgroup.com\\\/uploads\\\/2021\\\/03\\\/pp-pakkelint-12-x-055-mm-rullis-3000-m-valge-1.png\",\"width\":910,\"height\":910},{\"@type\":\"BreadcrumbList\",\"@id\":\"https:\\\/\\\/storitgroup.com\\\/fi\\\/tuote\\\/pp-vanne-12-x-055mm-3000-m-valkoinen\\\/#breadcrumb\",\"itemListElement\":[{\"@type\":\"ListItem\",\"position\":1,\"name\":\"Kotisivu\",\"item\":\"https:\\\/\\\/storitgroup.com\\\/fi\\\/\"},{\"@type\":\"ListItem\",\"position\":2,\"name\":\"Tuotteet\",\"item\":\"https:\\\/\\\/storitgroup.com\\\/fi\\\/tuotteet\\\/\"},{\"@type\":\"ListItem\",\"position\":3,\"name\":\"Ty\u00f6p\u00f6yd\u00e4t: STORIT\",\"item\":\"https:\\\/\\\/storitgroup.com\\\/fi\\\/tuotteet\\\/poydat-tuolit-tyokaluvarasto\\\/tyopoydat\\\/tyopoydat-storit-tyopoydat\\\/\"},{\"@type\":\"ListItem\",\"position\":4,\"name\":\"Pakkausmateriaalit\",\"item\":\"https:\\\/\\\/storitgroup.com\\\/fi\\\/tuotteet\\\/kuormalavat-pakkaus\\\/pakkausmateriaalit\\\/\"},{\"@type\":\"ListItem\",\"position\":5,\"name\":\"PP-vanne 12 x 0,55mm, 3000 m, valkoinen\"}]},{\"@type\":\"WebSite\",\"@id\":\"https:\\\/\\\/storitgroup.com\\\/fi\\\/#website\",\"url\":\"https:\\\/\\\/storitgroup.com\\\/fi\\\/\",\"name\":\"Storit\",\"description\":\"\",\"potentialAction\":[{\"@type\":\"SearchAction\",\"target\":{\"@type\":\"EntryPoint\",\"urlTemplate\":\"https:\\\/\\\/storitgroup.com\\\/fi\\\/?s={search_term_string}\"},\"query-input\":{\"@type\":\"PropertyValueSpecification\",\"valueRequired\":true,\"valueName\":\"search_term_string\"}}],\"inLanguage\":\"fi\"}]}<\/script>\n<!-- \/ Yoast SEO plugin. -->","yoast_head_json":{"title":"PP-vanne 12 x 0,55mm, 3000 m, valkoinen &#8226; Storit","description":"PP-vanne 12 x 0,55mm, 3000 m, valkoinen \u2014 kohtuulliseen hintaan. Toimitukset kaikkialle Suomeen! \u261b Tutustu tuotteeseen ja tilaa k\u00e4tev\u00e4sti STORIT-verkkokaupasta!","robots":{"index":"index","follow":"follow","max-snippet":"max-snippet:-1","max-image-preview":"max-image-preview:large","max-video-preview":"max-video-preview:-1"},"canonical":"https:\/\/storitgroup.com\/fi\/tuote\/pp-vanne-12-x-055mm-3000-m-valkoinen\/","og_locale":"fi_FI","og_type":"article","og_title":"PP-vanne 12 x 0,55mm, 3000 m, valkoinen &#8226; Storit","og_description":"PP-vanne 12 x 0,55mm, 3000 m, valkoinen \u2014 kohtuulliseen hintaan. Toimitukset kaikkialle Suomeen! \u261b Tutustu tuotteeseen ja tilaa k\u00e4tev\u00e4sti STORIT-verkkokaupasta!","og_url":"https:\/\/storitgroup.com\/fi\/tuote\/pp-vanne-12-x-055mm-3000-m-valkoinen\/","og_site_name":"Storit","article_modified_time":"2024-11-21T14:26:19+00:00","og_image":[{"width":910,"height":910,"url":"https:\/\/storitgroup.com\/uploads\/2021\/03\/pp-pakkelint-12-x-055-mm-rullis-3000-m-valge-1.png","type":"image\/png"}],"twitter_card":"summary_large_image","schema":{"@context":"https:\/\/schema.org","@graph":[{"@type":["WebPage","ItemPage"],"@id":"https:\/\/storitgroup.com\/fi\/tuote\/pp-vanne-12-x-055mm-3000-m-valkoinen\/","url":"https:\/\/storitgroup.com\/fi\/tuote\/pp-vanne-12-x-055mm-3000-m-valkoinen\/","name":"PP-vanne 12 x 0,55mm, 3000 m, valkoinen &#8226; Storit","isPartOf":{"@id":"https:\/\/storitgroup.com\/fi\/#website"},"primaryImageOfPage":{"@id":"https:\/\/storitgroup.com\/fi\/tuote\/pp-vanne-12-x-055mm-3000-m-valkoinen\/#primaryimage"},"image":{"@id":"https:\/\/storitgroup.com\/fi\/tuote\/pp-vanne-12-x-055mm-3000-m-valkoinen\/#primaryimage"},"thumbnailUrl":"https:\/\/storitgroup.com\/uploads\/2021\/03\/pp-pakkelint-12-x-055-mm-rullis-3000-m-valge-1.png","datePublished":"2021-03-05T13:47:24+00:00","dateModified":"2024-11-21T14:26:19+00:00","description":"PP-vanne 12 x 0,55mm, 3000 m, valkoinen \u2014 kohtuulliseen hintaan. Toimitukset kaikkialle Suomeen! \u261b Tutustu tuotteeseen ja tilaa k\u00e4tev\u00e4sti STORIT-verkkokaupasta!","breadcrumb":{"@id":"https:\/\/storitgroup.com\/fi\/tuote\/pp-vanne-12-x-055mm-3000-m-valkoinen\/#breadcrumb"},"inLanguage":"fi","potentialAction":[{"@type":"ReadAction","target":["https:\/\/storitgroup.com\/fi\/tuote\/pp-vanne-12-x-055mm-3000-m-valkoinen\/"]}]},{"@type":"ImageObject","inLanguage":"fi","@id":"https:\/\/storitgroup.com\/fi\/tuote\/pp-vanne-12-x-055mm-3000-m-valkoinen\/#primaryimage","url":"https:\/\/storitgroup.com\/uploads\/2021\/03\/pp-pakkelint-12-x-055-mm-rullis-3000-m-valge-1.png","contentUrl":"https:\/\/storitgroup.com\/uploads\/2021\/03\/pp-pakkelint-12-x-055-mm-rullis-3000-m-valge-1.png","width":910,"height":910},{"@type":"BreadcrumbList","@id":"https:\/\/storitgroup.com\/fi\/tuote\/pp-vanne-12-x-055mm-3000-m-valkoinen\/#breadcrumb","itemListElement":[{"@type":"ListItem","position":1,"name":"Kotisivu","item":"https:\/\/storitgroup.com\/fi\/"},{"@type":"ListItem","position":2,"name":"Tuotteet","item":"https:\/\/storitgroup.com\/fi\/tuotteet\/"},{"@type":"ListItem","position":3,"name":"Ty\u00f6p\u00f6yd\u00e4t: STORIT","item":"https:\/\/storitgroup.com\/fi\/tuotteet\/poydat-tuolit-tyokaluvarasto\/tyopoydat\/tyopoydat-storit-tyopoydat\/"},{"@type":"ListItem","position":4,"name":"Pakkausmateriaalit","item":"https:\/\/storitgroup.com\/fi\/tuotteet\/kuormalavat-pakkaus\/pakkausmateriaalit\/"},{"@type":"ListItem","position":5,"name":"PP-vanne 12 x 0,55mm, 3000 m, valkoinen"}]},{"@type":"WebSite","@id":"https:\/\/storitgroup.com\/fi\/#website","url":"https:\/\/storitgroup.com\/fi\/","name":"Storit","description":"","potentialAction":[{"@type":"SearchAction","target":{"@type":"EntryPoint","urlTemplate":"https:\/\/storitgroup.com\/fi\/?s={search_term_string}"},"query-input":{"@type":"PropertyValueSpecification","valueRequired":true,"valueName":"search_term_string"}}],"inLanguage":"fi"}]}},"_links":{"self":[{"href":"https:\/\/storitgroup.com\/fi\/wp-json\/wp\/v2\/product\/16158","targetHints":{"allow":["GET"]}}],"collection":[{"href":"https:\/\/storitgroup.com\/fi\/wp-json\/wp\/v2\/product"}],"about":[{"href":"https:\/\/storitgroup.com\/fi\/wp-json\/wp\/v2\/types\/product"}],"wp:featuredmedia":[{"embeddable":true,"href":"https:\/\/storitgroup.com\/fi\/wp-json\/wp\/v2\/media\/22615"}],"wp:attachment":[{"href":"https:\/\/storitgroup.com\/fi\/wp-json\/wp\/v2\/media?parent=16158"}],"wp:term":[{"taxonomy":"product_brand","embeddable":true,"href":"https:\/\/storitgroup.com\/fi\/wp-json\/wp\/v2\/product_brand?post=16158"},{"taxonomy":"product_cat","embeddable":true,"href":"https:\/\/storitgroup.com\/fi\/wp-json\/wp\/v2\/product_cat?post=16158"},{"taxonomy":"product_tag","embeddable":true,"href":"https:\/\/storitgroup.com\/fi\/wp-json\/wp\/v2\/product_tag?post=16158"}],"curies":[{"name":"wp","href":"https:\/\/api.w.org\/{rel}","templated":true}]}}