{"id":15496,"date":"2021-03-05T15:17:50","date_gmt":"2021-03-05T15:17:50","guid":{"rendered":"https:\/\/storitgroup.com\/?post_type=product&#038;p=15496"},"modified":"2026-04-24T07:56:35","modified_gmt":"2026-04-24T04:56:35","slug":"suorakulmainen-liikennepeili-mp46-musta-runko","status":"publish","type":"product","link":"https:\/\/storitgroup.com\/fi\/tuote\/suorakulmainen-liikennepeili-mp46-musta-runko\/","title":{"rendered":"Suorakulmainen liikennepeili MP46, musta runko"},"content":{"rendered":"<p>V1008  mitat: 600 x 400 mm (pk)<br \/>  k\u00e4ytett\u00e4v\u00e4ksi sis\u00e4tiloissa<br \/>musta muovia<br \/>taivutettava\u00a0varsi.<\/p>\n","protected":false},"excerpt":{"rendered":"<p>V1008  mitat: 600 x 400 mm (pk)<br \/>\n  k\u00e4ytett\u00e4v\u00e4ksi sis\u00e4tiloissa<br \/>\nmusta muovia<\/p>\n","protected":false},"featured_media":24275,"template":"","meta":{"_acf_changed":false},"product_brand":[],"product_cat":[7097],"product_tag":[],"class_list":{"0":"post-15496","1":"product","2":"type-product","3":"status-publish","4":"has-post-thumbnail","6":"product_room-kaupankaynti-ja-myymalat","7":"product_room-turvaratkaisut-varastoon-tuotantoon","8":"product_room-iso-varasto","9":"product_room-ulkoalue","10":"product_room-kiinteistokehitys","11":"product_room-kuljetus-ja-logistiikka","12":"product_cat-turvapeilit","14":"first","15":"instock","16":"taxable","17":"shipping-taxable","18":"purchasable","19":"product-type-simple"},"acf":[],"yoast_head":"<!-- This site is optimized with the Yoast SEO plugin v27.4 - https:\/\/yoast.com\/product\/yoast-seo-wordpress\/ -->\n<title>Suorakulmainen liikennepeili MP46, musta runko &#8226; Storit<\/title>\n<meta name=\"description\" content=\"Suorakulmainen liikennepeili MP46, musta runko \u2014 kohtuulliseen hintaan. Toimitukset kaikkialle Suomeen! \u261b Tutustu tuotteeseen ja tilaa k\u00e4tev\u00e4sti STORIT-verkkokaupasta!\" \/>\n<meta name=\"robots\" content=\"index, follow, max-snippet:-1, max-image-preview:large, max-video-preview:-1\" \/>\n<link rel=\"canonical\" href=\"https:\/\/storitgroup.com\/fi\/tuote\/suorakulmainen-liikennepeili-mp46-musta-runko\/\" \/>\n<meta property=\"og:locale\" content=\"fi_FI\" \/>\n<meta property=\"og:type\" content=\"article\" \/>\n<meta property=\"og:title\" content=\"Suorakulmainen liikennepeili MP46, musta runko &#8226; Storit\" \/>\n<meta property=\"og:description\" content=\"Suorakulmainen liikennepeili MP46, musta runko \u2014 kohtuulliseen hintaan. Toimitukset kaikkialle Suomeen! \u261b Tutustu tuotteeseen ja tilaa k\u00e4tev\u00e4sti STORIT-verkkokaupasta!\" \/>\n<meta property=\"og:url\" content=\"https:\/\/storitgroup.com\/fi\/tuote\/suorakulmainen-liikennepeili-mp46-musta-runko\/\" \/>\n<meta property=\"og:site_name\" content=\"Storit\" \/>\n<meta property=\"article:modified_time\" content=\"2026-04-24T04:56:35+00:00\" \/>\n<meta property=\"og:image\" content=\"https:\/\/storitgroup.com\/uploads\/2021\/03\/kumer-neljakandiline-turvapeegel-1-1.png\" \/>\n\t<meta property=\"og:image:width\" content=\"370\" \/>\n\t<meta property=\"og:image:height\" content=\"370\" \/>\n\t<meta property=\"og:image:type\" content=\"image\/png\" \/>\n<meta name=\"twitter:card\" content=\"summary_large_image\" \/>\n<script type=\"application\/ld+json\" class=\"yoast-schema-graph\">{\"@context\":\"https:\\\/\\\/schema.org\",\"@graph\":[{\"@type\":[\"WebPage\",\"ItemPage\"],\"@id\":\"https:\\\/\\\/storitgroup.com\\\/fi\\\/tuote\\\/suorakulmainen-liikennepeili-mp46-musta-runko\\\/\",\"url\":\"https:\\\/\\\/storitgroup.com\\\/fi\\\/tuote\\\/suorakulmainen-liikennepeili-mp46-musta-runko\\\/\",\"name\":\"Suorakulmainen liikennepeili MP46, musta runko &#8226; Storit\",\"isPartOf\":{\"@id\":\"https:\\\/\\\/storitgroup.com\\\/fi\\\/#website\"},\"primaryImageOfPage\":{\"@id\":\"https:\\\/\\\/storitgroup.com\\\/fi\\\/tuote\\\/suorakulmainen-liikennepeili-mp46-musta-runko\\\/#primaryimage\"},\"image\":{\"@id\":\"https:\\\/\\\/storitgroup.com\\\/fi\\\/tuote\\\/suorakulmainen-liikennepeili-mp46-musta-runko\\\/#primaryimage\"},\"thumbnailUrl\":\"https:\\\/\\\/storitgroup.com\\\/uploads\\\/2021\\\/03\\\/kumer-neljakandiline-turvapeegel-1-1.png\",\"datePublished\":\"2021-03-05T15:17:50+00:00\",\"dateModified\":\"2026-04-24T04:56:35+00:00\",\"description\":\"Suorakulmainen liikennepeili MP46, musta runko \u2014 kohtuulliseen hintaan. Toimitukset kaikkialle Suomeen! \u261b Tutustu tuotteeseen ja tilaa k\u00e4tev\u00e4sti STORIT-verkkokaupasta!\",\"breadcrumb\":{\"@id\":\"https:\\\/\\\/storitgroup.com\\\/fi\\\/tuote\\\/suorakulmainen-liikennepeili-mp46-musta-runko\\\/#breadcrumb\"},\"inLanguage\":\"fi\",\"potentialAction\":[{\"@type\":\"ReadAction\",\"target\":[\"https:\\\/\\\/storitgroup.com\\\/fi\\\/tuote\\\/suorakulmainen-liikennepeili-mp46-musta-runko\\\/\"]}]},{\"@type\":\"ImageObject\",\"inLanguage\":\"fi\",\"@id\":\"https:\\\/\\\/storitgroup.com\\\/fi\\\/tuote\\\/suorakulmainen-liikennepeili-mp46-musta-runko\\\/#primaryimage\",\"url\":\"https:\\\/\\\/storitgroup.com\\\/uploads\\\/2021\\\/03\\\/kumer-neljakandiline-turvapeegel-1-1.png\",\"contentUrl\":\"https:\\\/\\\/storitgroup.com\\\/uploads\\\/2021\\\/03\\\/kumer-neljakandiline-turvapeegel-1-1.png\",\"width\":370,\"height\":370},{\"@type\":\"BreadcrumbList\",\"@id\":\"https:\\\/\\\/storitgroup.com\\\/fi\\\/tuote\\\/suorakulmainen-liikennepeili-mp46-musta-runko\\\/#breadcrumb\",\"itemListElement\":[{\"@type\":\"ListItem\",\"position\":1,\"name\":\"Kotisivu\",\"item\":\"https:\\\/\\\/storitgroup.com\\\/fi\\\/\"},{\"@type\":\"ListItem\",\"position\":2,\"name\":\"Tuotteet\",\"item\":\"https:\\\/\\\/storitgroup.com\\\/fi\\\/tuotteet\\\/\"},{\"@type\":\"ListItem\",\"position\":3,\"name\":\"Varaston portaat, tikkaat, turvallisuus\",\"item\":\"https:\\\/\\\/storitgroup.com\\\/fi\\\/tuotteet\\\/varaston-portaat-tikkaat-turvallisuus\\\/\"},{\"@type\":\"ListItem\",\"position\":4,\"name\":\"Turvapeilit\",\"item\":\"https:\\\/\\\/storitgroup.com\\\/fi\\\/tuotteet\\\/varaston-portaat-tikkaat-turvallisuus\\\/turvapeilit\\\/\"},{\"@type\":\"ListItem\",\"position\":5,\"name\":\"Suorakulmainen liikennepeili MP46, musta runko\"}]},{\"@type\":\"WebSite\",\"@id\":\"https:\\\/\\\/storitgroup.com\\\/fi\\\/#website\",\"url\":\"https:\\\/\\\/storitgroup.com\\\/fi\\\/\",\"name\":\"Storit\",\"description\":\"\",\"potentialAction\":[{\"@type\":\"SearchAction\",\"target\":{\"@type\":\"EntryPoint\",\"urlTemplate\":\"https:\\\/\\\/storitgroup.com\\\/fi\\\/?s={search_term_string}\"},\"query-input\":{\"@type\":\"PropertyValueSpecification\",\"valueRequired\":true,\"valueName\":\"search_term_string\"}}],\"inLanguage\":\"fi\"}]}<\/script>\n<!-- \/ Yoast SEO plugin. -->","yoast_head_json":{"title":"Suorakulmainen liikennepeili MP46, musta runko &#8226; Storit","description":"Suorakulmainen liikennepeili MP46, musta runko \u2014 kohtuulliseen hintaan. Toimitukset kaikkialle Suomeen! \u261b Tutustu tuotteeseen ja tilaa k\u00e4tev\u00e4sti STORIT-verkkokaupasta!","robots":{"index":"index","follow":"follow","max-snippet":"max-snippet:-1","max-image-preview":"max-image-preview:large","max-video-preview":"max-video-preview:-1"},"canonical":"https:\/\/storitgroup.com\/fi\/tuote\/suorakulmainen-liikennepeili-mp46-musta-runko\/","og_locale":"fi_FI","og_type":"article","og_title":"Suorakulmainen liikennepeili MP46, musta runko &#8226; Storit","og_description":"Suorakulmainen liikennepeili MP46, musta runko \u2014 kohtuulliseen hintaan. Toimitukset kaikkialle Suomeen! \u261b Tutustu tuotteeseen ja tilaa k\u00e4tev\u00e4sti STORIT-verkkokaupasta!","og_url":"https:\/\/storitgroup.com\/fi\/tuote\/suorakulmainen-liikennepeili-mp46-musta-runko\/","og_site_name":"Storit","article_modified_time":"2026-04-24T04:56:35+00:00","og_image":[{"width":370,"height":370,"url":"https:\/\/storitgroup.com\/uploads\/2021\/03\/kumer-neljakandiline-turvapeegel-1-1.png","type":"image\/png"}],"twitter_card":"summary_large_image","schema":{"@context":"https:\/\/schema.org","@graph":[{"@type":["WebPage","ItemPage"],"@id":"https:\/\/storitgroup.com\/fi\/tuote\/suorakulmainen-liikennepeili-mp46-musta-runko\/","url":"https:\/\/storitgroup.com\/fi\/tuote\/suorakulmainen-liikennepeili-mp46-musta-runko\/","name":"Suorakulmainen liikennepeili MP46, musta runko &#8226; Storit","isPartOf":{"@id":"https:\/\/storitgroup.com\/fi\/#website"},"primaryImageOfPage":{"@id":"https:\/\/storitgroup.com\/fi\/tuote\/suorakulmainen-liikennepeili-mp46-musta-runko\/#primaryimage"},"image":{"@id":"https:\/\/storitgroup.com\/fi\/tuote\/suorakulmainen-liikennepeili-mp46-musta-runko\/#primaryimage"},"thumbnailUrl":"https:\/\/storitgroup.com\/uploads\/2021\/03\/kumer-neljakandiline-turvapeegel-1-1.png","datePublished":"2021-03-05T15:17:50+00:00","dateModified":"2026-04-24T04:56:35+00:00","description":"Suorakulmainen liikennepeili MP46, musta runko \u2014 kohtuulliseen hintaan. Toimitukset kaikkialle Suomeen! \u261b Tutustu tuotteeseen ja tilaa k\u00e4tev\u00e4sti STORIT-verkkokaupasta!","breadcrumb":{"@id":"https:\/\/storitgroup.com\/fi\/tuote\/suorakulmainen-liikennepeili-mp46-musta-runko\/#breadcrumb"},"inLanguage":"fi","potentialAction":[{"@type":"ReadAction","target":["https:\/\/storitgroup.com\/fi\/tuote\/suorakulmainen-liikennepeili-mp46-musta-runko\/"]}]},{"@type":"ImageObject","inLanguage":"fi","@id":"https:\/\/storitgroup.com\/fi\/tuote\/suorakulmainen-liikennepeili-mp46-musta-runko\/#primaryimage","url":"https:\/\/storitgroup.com\/uploads\/2021\/03\/kumer-neljakandiline-turvapeegel-1-1.png","contentUrl":"https:\/\/storitgroup.com\/uploads\/2021\/03\/kumer-neljakandiline-turvapeegel-1-1.png","width":370,"height":370},{"@type":"BreadcrumbList","@id":"https:\/\/storitgroup.com\/fi\/tuote\/suorakulmainen-liikennepeili-mp46-musta-runko\/#breadcrumb","itemListElement":[{"@type":"ListItem","position":1,"name":"Kotisivu","item":"https:\/\/storitgroup.com\/fi\/"},{"@type":"ListItem","position":2,"name":"Tuotteet","item":"https:\/\/storitgroup.com\/fi\/tuotteet\/"},{"@type":"ListItem","position":3,"name":"Varaston portaat, tikkaat, turvallisuus","item":"https:\/\/storitgroup.com\/fi\/tuotteet\/varaston-portaat-tikkaat-turvallisuus\/"},{"@type":"ListItem","position":4,"name":"Turvapeilit","item":"https:\/\/storitgroup.com\/fi\/tuotteet\/varaston-portaat-tikkaat-turvallisuus\/turvapeilit\/"},{"@type":"ListItem","position":5,"name":"Suorakulmainen liikennepeili MP46, musta runko"}]},{"@type":"WebSite","@id":"https:\/\/storitgroup.com\/fi\/#website","url":"https:\/\/storitgroup.com\/fi\/","name":"Storit","description":"","potentialAction":[{"@type":"SearchAction","target":{"@type":"EntryPoint","urlTemplate":"https:\/\/storitgroup.com\/fi\/?s={search_term_string}"},"query-input":{"@type":"PropertyValueSpecification","valueRequired":true,"valueName":"search_term_string"}}],"inLanguage":"fi"}]}},"_links":{"self":[{"href":"https:\/\/storitgroup.com\/fi\/wp-json\/wp\/v2\/product\/15496","targetHints":{"allow":["GET"]}}],"collection":[{"href":"https:\/\/storitgroup.com\/fi\/wp-json\/wp\/v2\/product"}],"about":[{"href":"https:\/\/storitgroup.com\/fi\/wp-json\/wp\/v2\/types\/product"}],"wp:featuredmedia":[{"embeddable":true,"href":"https:\/\/storitgroup.com\/fi\/wp-json\/wp\/v2\/media\/24275"}],"wp:attachment":[{"href":"https:\/\/storitgroup.com\/fi\/wp-json\/wp\/v2\/media?parent=15496"}],"wp:term":[{"taxonomy":"product_brand","embeddable":true,"href":"https:\/\/storitgroup.com\/fi\/wp-json\/wp\/v2\/product_brand?post=15496"},{"taxonomy":"product_cat","embeddable":true,"href":"https:\/\/storitgroup.com\/fi\/wp-json\/wp\/v2\/product_cat?post=15496"},{"taxonomy":"product_tag","embeddable":true,"href":"https:\/\/storitgroup.com\/fi\/wp-json\/wp\/v2\/product_tag?post=15496"}],"curies":[{"name":"wp","href":"https:\/\/api.w.org\/{rel}","templated":true}]}}