{"id":15472,"date":"2021-03-05T15:17:15","date_gmt":"2021-03-05T15:17:15","guid":{"rendered":"https:\/\/storitgroup.com\/?post_type=product&#038;p=15472"},"modified":"2026-04-04T00:10:24","modified_gmt":"2026-04-03T21:10:24","slug":"lavavaunu-800-x-1200mm-5","status":"publish","type":"product","link":"https:\/\/storitgroup.com\/fi\/tuote\/lavavaunu-800-x-1200mm-5\/","title":{"rendered":"Lavavaunu 800 x 1200mm"},"content":{"rendered":"<p>B0026  Kantavuus: 500 kg<br \/>  Kuormataso: 1200 x 800 mm<br \/>  Kuormatason korkeus: 270 mm<br \/>  Ty\u00f6nt\u00f6kahvan korkeus: 900 mm<br \/>  Sivuseinien korkeus: 200 mm<br \/>  Py\u00f6r\u00e4t: \u00d8 200 mm, kumi, kaksi kiinte\u00e4\u00e4 ja kaksi k\u00e4\u00e4ntyv\u00e4\u00e4<br \/>  V\u00e4ri: sininen.<\/p>\n","protected":false},"excerpt":{"rendered":"<p>B0026  Kantavuus: 500 kg<br \/>\n  Kuormataso: 1200 x 800 mm<br \/>\n  Kuormatason korkeus: 270 mm<\/p>\n","protected":false},"featured_media":33969,"template":"","meta":{"_acf_changed":false},"product_brand":[],"product_cat":[7080],"product_tag":[],"class_list":{"0":"post-15472","1":"product","2":"type-product","3":"status-publish","4":"has-post-thumbnail","6":"product_room-iso-varasto","7":"product_room-pieni-varasto","8":"product_room-kuljetus-ja-logistiikka","9":"product_room-arkisto-museo","10":"product_room-kokoonpano-ja-keraily","11":"product_room-kaupankaynti-ja-myymalat","12":"product_room-pakkaus","13":"product_cat-tasovaunut-hyllykarryt","15":"first","16":"instock","17":"taxable","18":"shipping-taxable","19":"purchasable","20":"product-type-simple"},"acf":[],"yoast_head":"<!-- This site is optimized with the Yoast SEO plugin v27.2 - https:\/\/yoast.com\/product\/yoast-seo-wordpress\/ -->\n<title>Lavavaunu 800 x 1200mm &#8226; Storit<\/title>\n<meta name=\"description\" content=\"Lavavaunu 800 x 1200mm \u2014 kohtuulliseen hintaan. Toimitukset kaikkialle Suomeen! \u261b Tutustu tuotteeseen ja tilaa k\u00e4tev\u00e4sti STORIT-verkkokaupasta!\" \/>\n<meta name=\"robots\" content=\"index, follow, max-snippet:-1, max-image-preview:large, max-video-preview:-1\" \/>\n<link rel=\"canonical\" href=\"https:\/\/storitgroup.com\/fi\/tuote\/lavavaunu-800-x-1200mm-5\/\" \/>\n<meta property=\"og:locale\" content=\"fi_FI\" \/>\n<meta property=\"og:type\" content=\"article\" \/>\n<meta property=\"og:title\" content=\"Lavavaunu 800 x 1200mm &#8226; Storit\" \/>\n<meta property=\"og:description\" content=\"Lavavaunu 800 x 1200mm \u2014 kohtuulliseen hintaan. Toimitukset kaikkialle Suomeen! \u261b Tutustu tuotteeseen ja tilaa k\u00e4tev\u00e4sti STORIT-verkkokaupasta!\" \/>\n<meta property=\"og:url\" content=\"https:\/\/storitgroup.com\/fi\/tuote\/lavavaunu-800-x-1200mm-5\/\" \/>\n<meta property=\"og:site_name\" content=\"Storit\" \/>\n<meta property=\"article:modified_time\" content=\"2026-04-03T21:10:24+00:00\" \/>\n<meta property=\"og:image\" content=\"https:\/\/storitgroup.com\/uploads\/2021\/03\/platvormkaru-ru607-8-1.png\" \/>\n\t<meta property=\"og:image:width\" content=\"838\" \/>\n\t<meta property=\"og:image:height\" content=\"838\" \/>\n\t<meta property=\"og:image:type\" content=\"image\/png\" \/>\n<meta name=\"twitter:card\" content=\"summary_large_image\" \/>\n<script type=\"application\/ld+json\" class=\"yoast-schema-graph\">{\"@context\":\"https:\/\/schema.org\",\"@graph\":[{\"@type\":[\"WebPage\",\"ItemPage\"],\"@id\":\"https:\/\/storitgroup.com\/fi\/tuote\/lavavaunu-800-x-1200mm-5\/\",\"url\":\"https:\/\/storitgroup.com\/fi\/tuote\/lavavaunu-800-x-1200mm-5\/\",\"name\":\"Lavavaunu 800 x 1200mm &#8226; Storit\",\"isPartOf\":{\"@id\":\"https:\/\/storitgroup.com\/fi\/#website\"},\"primaryImageOfPage\":{\"@id\":\"https:\/\/storitgroup.com\/fi\/tuote\/lavavaunu-800-x-1200mm-5\/#primaryimage\"},\"image\":{\"@id\":\"https:\/\/storitgroup.com\/fi\/tuote\/lavavaunu-800-x-1200mm-5\/#primaryimage\"},\"thumbnailUrl\":\"https:\/\/storitgroup.com\/uploads\/2021\/03\/platvormkaru-ru607-8-1.png\",\"datePublished\":\"2021-03-05T15:17:15+00:00\",\"dateModified\":\"2026-04-03T21:10:24+00:00\",\"description\":\"Lavavaunu 800 x 1200mm \u2014 kohtuulliseen hintaan. Toimitukset kaikkialle Suomeen! \u261b Tutustu tuotteeseen ja tilaa k\u00e4tev\u00e4sti STORIT-verkkokaupasta!\",\"breadcrumb\":{\"@id\":\"https:\/\/storitgroup.com\/fi\/tuote\/lavavaunu-800-x-1200mm-5\/#breadcrumb\"},\"inLanguage\":\"fi\",\"potentialAction\":[{\"@type\":\"ReadAction\",\"target\":[\"https:\/\/storitgroup.com\/fi\/tuote\/lavavaunu-800-x-1200mm-5\/\"]}]},{\"@type\":\"ImageObject\",\"inLanguage\":\"fi\",\"@id\":\"https:\/\/storitgroup.com\/fi\/tuote\/lavavaunu-800-x-1200mm-5\/#primaryimage\",\"url\":\"https:\/\/storitgroup.com\/uploads\/2021\/03\/platvormkaru-ru607-8-1.png\",\"contentUrl\":\"https:\/\/storitgroup.com\/uploads\/2021\/03\/platvormkaru-ru607-8-1.png\",\"width\":838,\"height\":838},{\"@type\":\"BreadcrumbList\",\"@id\":\"https:\/\/storitgroup.com\/fi\/tuote\/lavavaunu-800-x-1200mm-5\/#breadcrumb\",\"itemListElement\":[{\"@type\":\"ListItem\",\"position\":1,\"name\":\"Kotisivu\",\"item\":\"https:\/\/storitgroup.com\/fi\/\"},{\"@type\":\"ListItem\",\"position\":2,\"name\":\"Tuotteet\",\"item\":\"https:\/\/storitgroup.com\/fi\/tuotteet\/\"},{\"@type\":\"ListItem\",\"position\":3,\"name\":\"Varastovaunut, py\u00f6r\u00e4t\",\"item\":\"https:\/\/storitgroup.com\/fi\/varastovaunut-pyorat\/\"},{\"@type\":\"ListItem\",\"position\":4,\"name\":\"Tasovaunut, hyllyk\u00e4rryt\",\"item\":\"https:\/\/storitgroup.com\/fi\/varastovaunut-pyorat\/tasovaunut-hyllykarryt\/\"},{\"@type\":\"ListItem\",\"position\":5,\"name\":\"Lavavaunu 800 x 1200mm\"}]},{\"@type\":\"WebSite\",\"@id\":\"https:\/\/storitgroup.com\/fi\/#website\",\"url\":\"https:\/\/storitgroup.com\/fi\/\",\"name\":\"Storit\",\"description\":\"\",\"potentialAction\":[{\"@type\":\"SearchAction\",\"target\":{\"@type\":\"EntryPoint\",\"urlTemplate\":\"https:\/\/storitgroup.com\/fi\/?s={search_term_string}\"},\"query-input\":{\"@type\":\"PropertyValueSpecification\",\"valueRequired\":true,\"valueName\":\"search_term_string\"}}],\"inLanguage\":\"fi\"}]}<\/script>\n<!-- \/ Yoast SEO plugin. -->","yoast_head_json":{"title":"Lavavaunu 800 x 1200mm &#8226; Storit","description":"Lavavaunu 800 x 1200mm \u2014 kohtuulliseen hintaan. Toimitukset kaikkialle Suomeen! \u261b Tutustu tuotteeseen ja tilaa k\u00e4tev\u00e4sti STORIT-verkkokaupasta!","robots":{"index":"index","follow":"follow","max-snippet":"max-snippet:-1","max-image-preview":"max-image-preview:large","max-video-preview":"max-video-preview:-1"},"canonical":"https:\/\/storitgroup.com\/fi\/tuote\/lavavaunu-800-x-1200mm-5\/","og_locale":"fi_FI","og_type":"article","og_title":"Lavavaunu 800 x 1200mm &#8226; Storit","og_description":"Lavavaunu 800 x 1200mm \u2014 kohtuulliseen hintaan. Toimitukset kaikkialle Suomeen! \u261b Tutustu tuotteeseen ja tilaa k\u00e4tev\u00e4sti STORIT-verkkokaupasta!","og_url":"https:\/\/storitgroup.com\/fi\/tuote\/lavavaunu-800-x-1200mm-5\/","og_site_name":"Storit","article_modified_time":"2026-04-03T21:10:24+00:00","og_image":[{"width":838,"height":838,"url":"https:\/\/storitgroup.com\/uploads\/2021\/03\/platvormkaru-ru607-8-1.png","type":"image\/png"}],"twitter_card":"summary_large_image","schema":{"@context":"https:\/\/schema.org","@graph":[{"@type":["WebPage","ItemPage"],"@id":"https:\/\/storitgroup.com\/fi\/tuote\/lavavaunu-800-x-1200mm-5\/","url":"https:\/\/storitgroup.com\/fi\/tuote\/lavavaunu-800-x-1200mm-5\/","name":"Lavavaunu 800 x 1200mm &#8226; Storit","isPartOf":{"@id":"https:\/\/storitgroup.com\/fi\/#website"},"primaryImageOfPage":{"@id":"https:\/\/storitgroup.com\/fi\/tuote\/lavavaunu-800-x-1200mm-5\/#primaryimage"},"image":{"@id":"https:\/\/storitgroup.com\/fi\/tuote\/lavavaunu-800-x-1200mm-5\/#primaryimage"},"thumbnailUrl":"https:\/\/storitgroup.com\/uploads\/2021\/03\/platvormkaru-ru607-8-1.png","datePublished":"2021-03-05T15:17:15+00:00","dateModified":"2026-04-03T21:10:24+00:00","description":"Lavavaunu 800 x 1200mm \u2014 kohtuulliseen hintaan. Toimitukset kaikkialle Suomeen! \u261b Tutustu tuotteeseen ja tilaa k\u00e4tev\u00e4sti STORIT-verkkokaupasta!","breadcrumb":{"@id":"https:\/\/storitgroup.com\/fi\/tuote\/lavavaunu-800-x-1200mm-5\/#breadcrumb"},"inLanguage":"fi","potentialAction":[{"@type":"ReadAction","target":["https:\/\/storitgroup.com\/fi\/tuote\/lavavaunu-800-x-1200mm-5\/"]}]},{"@type":"ImageObject","inLanguage":"fi","@id":"https:\/\/storitgroup.com\/fi\/tuote\/lavavaunu-800-x-1200mm-5\/#primaryimage","url":"https:\/\/storitgroup.com\/uploads\/2021\/03\/platvormkaru-ru607-8-1.png","contentUrl":"https:\/\/storitgroup.com\/uploads\/2021\/03\/platvormkaru-ru607-8-1.png","width":838,"height":838},{"@type":"BreadcrumbList","@id":"https:\/\/storitgroup.com\/fi\/tuote\/lavavaunu-800-x-1200mm-5\/#breadcrumb","itemListElement":[{"@type":"ListItem","position":1,"name":"Kotisivu","item":"https:\/\/storitgroup.com\/fi\/"},{"@type":"ListItem","position":2,"name":"Tuotteet","item":"https:\/\/storitgroup.com\/fi\/tuotteet\/"},{"@type":"ListItem","position":3,"name":"Varastovaunut, py\u00f6r\u00e4t","item":"https:\/\/storitgroup.com\/fi\/varastovaunut-pyorat\/"},{"@type":"ListItem","position":4,"name":"Tasovaunut, hyllyk\u00e4rryt","item":"https:\/\/storitgroup.com\/fi\/varastovaunut-pyorat\/tasovaunut-hyllykarryt\/"},{"@type":"ListItem","position":5,"name":"Lavavaunu 800 x 1200mm"}]},{"@type":"WebSite","@id":"https:\/\/storitgroup.com\/fi\/#website","url":"https:\/\/storitgroup.com\/fi\/","name":"Storit","description":"","potentialAction":[{"@type":"SearchAction","target":{"@type":"EntryPoint","urlTemplate":"https:\/\/storitgroup.com\/fi\/?s={search_term_string}"},"query-input":{"@type":"PropertyValueSpecification","valueRequired":true,"valueName":"search_term_string"}}],"inLanguage":"fi"}]}},"_links":{"self":[{"href":"https:\/\/storitgroup.com\/fi\/wp-json\/wp\/v2\/product\/15472","targetHints":{"allow":["GET"]}}],"collection":[{"href":"https:\/\/storitgroup.com\/fi\/wp-json\/wp\/v2\/product"}],"about":[{"href":"https:\/\/storitgroup.com\/fi\/wp-json\/wp\/v2\/types\/product"}],"wp:featuredmedia":[{"embeddable":true,"href":"https:\/\/storitgroup.com\/fi\/wp-json\/wp\/v2\/media\/33969"}],"wp:attachment":[{"href":"https:\/\/storitgroup.com\/fi\/wp-json\/wp\/v2\/media?parent=15472"}],"wp:term":[{"taxonomy":"product_brand","embeddable":true,"href":"https:\/\/storitgroup.com\/fi\/wp-json\/wp\/v2\/product_brand?post=15472"},{"taxonomy":"product_cat","embeddable":true,"href":"https:\/\/storitgroup.com\/fi\/wp-json\/wp\/v2\/product_cat?post=15472"},{"taxonomy":"product_tag","embeddable":true,"href":"https:\/\/storitgroup.com\/fi\/wp-json\/wp\/v2\/product_tag?post=15472"}],"curies":[{"name":"wp","href":"https:\/\/api.w.org\/{rel}","templated":true}]}}