{"id":15426,"date":"2021-03-05T15:16:46","date_gmt":"2021-03-05T15:16:46","guid":{"rendered":"https:\/\/storitgroup.com\/?post_type=product&#038;p=15426"},"modified":"2025-02-19T16:33:28","modified_gmt":"2025-02-19T14:33:28","slug":"eur-lava-1200-x-800-x-145mm-metalli","status":"publish","type":"product","link":"https:\/\/storitgroup.com\/fi\/tuote\/eur-lava-1200-x-800-x-145mm-metalli\/","title":{"rendered":"EUR-lava 1200 x 800 x 145mm, metalli"},"content":{"rendered":"<p>S0048  kantavuus: 1000 kg<br \/>  mitat: 1200 x 800 x 145 mm<br \/>  verkon silm\u00e4koko 50 x 50 cm<br \/>  sinkitty (Zn)<br \/>  paino:\u00a022 kg.<\/p>\n","protected":false},"excerpt":{"rendered":"<p>S0048  kantavuus: 1000 kg<br \/>\n  mitat: 1200 x 800 x 145 mm<br \/>\n  verkon silm\u00e4koko 50 x 50 cm<\/p>\n","protected":false},"featured_media":33991,"template":"","meta":{"_acf_changed":false},"product_brand":[],"product_cat":[7103],"product_tag":[],"class_list":{"0":"post-15426","1":"product","2":"type-product","3":"status-publish","4":"has-post-thumbnail","6":"product_room-kaupankaynti-ja-myymalat","7":"product_room-iso-varasto","8":"product_cat-kuormalavat-lavankaulukset-lavojen-jakajat","10":"first","11":"instock","12":"taxable","13":"shipping-taxable","14":"purchasable","15":"product-type-simple"},"acf":[],"yoast_head":"<!-- This site is optimized with the Yoast SEO plugin v27.3 - https:\/\/yoast.com\/product\/yoast-seo-wordpress\/ -->\n<title>EUR-lava 1200 x 800 x 145mm, metalli &#8226; Storit<\/title>\n<meta name=\"description\" content=\"EUR-lava 1200 x 800 x 145mm, metalli \u2014 kohtuulliseen hintaan. Toimitukset kaikkialle Suomeen! \u261b Tutustu tuotteeseen ja tilaa k\u00e4tev\u00e4sti STORIT-verkkokaupasta!\" \/>\n<meta name=\"robots\" content=\"index, follow, max-snippet:-1, max-image-preview:large, max-video-preview:-1\" \/>\n<link rel=\"canonical\" href=\"https:\/\/storitgroup.com\/fi\/tuote\/eur-lava-1200-x-800-x-145mm-metalli\/\" \/>\n<meta property=\"og:locale\" content=\"fi_FI\" \/>\n<meta property=\"og:type\" content=\"article\" \/>\n<meta property=\"og:title\" content=\"EUR-lava 1200 x 800 x 145mm, metalli &#8226; Storit\" \/>\n<meta property=\"og:description\" content=\"EUR-lava 1200 x 800 x 145mm, metalli \u2014 kohtuulliseen hintaan. Toimitukset kaikkialle Suomeen! \u261b Tutustu tuotteeseen ja tilaa k\u00e4tev\u00e4sti STORIT-verkkokaupasta!\" \/>\n<meta property=\"og:url\" content=\"https:\/\/storitgroup.com\/fi\/tuote\/eur-lava-1200-x-800-x-145mm-metalli\/\" \/>\n<meta property=\"og:site_name\" content=\"Storit\" \/>\n<meta property=\"article:modified_time\" content=\"2025-02-19T14:33:28+00:00\" \/>\n<meta property=\"og:image\" content=\"https:\/\/storitgroup.com\/uploads\/2021\/03\/metallist-eur-kaubaalus-1200-x-800-x-145-mm-1000-kg-1.png\" \/>\n\t<meta property=\"og:image:width\" content=\"520\" \/>\n\t<meta property=\"og:image:height\" content=\"520\" \/>\n\t<meta property=\"og:image:type\" content=\"image\/png\" \/>\n<meta name=\"twitter:card\" content=\"summary_large_image\" \/>\n<script type=\"application\/ld+json\" class=\"yoast-schema-graph\">{\"@context\":\"https:\\\/\\\/schema.org\",\"@graph\":[{\"@type\":[\"WebPage\",\"ItemPage\"],\"@id\":\"https:\\\/\\\/storitgroup.com\\\/fi\\\/tuote\\\/eur-lava-1200-x-800-x-145mm-metalli\\\/\",\"url\":\"https:\\\/\\\/storitgroup.com\\\/fi\\\/tuote\\\/eur-lava-1200-x-800-x-145mm-metalli\\\/\",\"name\":\"EUR-lava 1200 x 800 x 145mm, metalli &#8226; Storit\",\"isPartOf\":{\"@id\":\"https:\\\/\\\/storitgroup.com\\\/fi\\\/#website\"},\"primaryImageOfPage\":{\"@id\":\"https:\\\/\\\/storitgroup.com\\\/fi\\\/tuote\\\/eur-lava-1200-x-800-x-145mm-metalli\\\/#primaryimage\"},\"image\":{\"@id\":\"https:\\\/\\\/storitgroup.com\\\/fi\\\/tuote\\\/eur-lava-1200-x-800-x-145mm-metalli\\\/#primaryimage\"},\"thumbnailUrl\":\"https:\\\/\\\/storitgroup.com\\\/uploads\\\/2021\\\/03\\\/metallist-eur-kaubaalus-1200-x-800-x-145-mm-1000-kg-1.png\",\"datePublished\":\"2021-03-05T15:16:46+00:00\",\"dateModified\":\"2025-02-19T14:33:28+00:00\",\"description\":\"EUR-lava 1200 x 800 x 145mm, metalli \u2014 kohtuulliseen hintaan. Toimitukset kaikkialle Suomeen! \u261b Tutustu tuotteeseen ja tilaa k\u00e4tev\u00e4sti STORIT-verkkokaupasta!\",\"breadcrumb\":{\"@id\":\"https:\\\/\\\/storitgroup.com\\\/fi\\\/tuote\\\/eur-lava-1200-x-800-x-145mm-metalli\\\/#breadcrumb\"},\"inLanguage\":\"fi\",\"potentialAction\":[{\"@type\":\"ReadAction\",\"target\":[\"https:\\\/\\\/storitgroup.com\\\/fi\\\/tuote\\\/eur-lava-1200-x-800-x-145mm-metalli\\\/\"]}]},{\"@type\":\"ImageObject\",\"inLanguage\":\"fi\",\"@id\":\"https:\\\/\\\/storitgroup.com\\\/fi\\\/tuote\\\/eur-lava-1200-x-800-x-145mm-metalli\\\/#primaryimage\",\"url\":\"https:\\\/\\\/storitgroup.com\\\/uploads\\\/2021\\\/03\\\/metallist-eur-kaubaalus-1200-x-800-x-145-mm-1000-kg-1.png\",\"contentUrl\":\"https:\\\/\\\/storitgroup.com\\\/uploads\\\/2021\\\/03\\\/metallist-eur-kaubaalus-1200-x-800-x-145-mm-1000-kg-1.png\",\"width\":520,\"height\":520},{\"@type\":\"BreadcrumbList\",\"@id\":\"https:\\\/\\\/storitgroup.com\\\/fi\\\/tuote\\\/eur-lava-1200-x-800-x-145mm-metalli\\\/#breadcrumb\",\"itemListElement\":[{\"@type\":\"ListItem\",\"position\":1,\"name\":\"Kotisivu\",\"item\":\"https:\\\/\\\/storitgroup.com\\\/fi\\\/\"},{\"@type\":\"ListItem\",\"position\":2,\"name\":\"Tuotteet\",\"item\":\"https:\\\/\\\/storitgroup.com\\\/fi\\\/tuotteet\\\/\"},{\"@type\":\"ListItem\",\"position\":3,\"name\":\"Ty\u00f6p\u00f6yd\u00e4t: STORIT\",\"item\":\"https:\\\/\\\/storitgroup.com\\\/fi\\\/poydat-tuolit-tyokaluvarasto\\\/tyopoydat\\\/tyopoydat-storit-tyopoydat\\\/\"},{\"@type\":\"ListItem\",\"position\":4,\"name\":\"Kuormalavat, lavankaulukset, lavojen jakajat\",\"item\":\"https:\\\/\\\/storitgroup.com\\\/fi\\\/kuormalavat-pakkaus\\\/kuormalavat-lavankaulukset-lavojen-jakajat\\\/\"},{\"@type\":\"ListItem\",\"position\":5,\"name\":\"EUR-lava 1200 x 800 x 145mm, metalli\"}]},{\"@type\":\"WebSite\",\"@id\":\"https:\\\/\\\/storitgroup.com\\\/fi\\\/#website\",\"url\":\"https:\\\/\\\/storitgroup.com\\\/fi\\\/\",\"name\":\"Storit\",\"description\":\"\",\"potentialAction\":[{\"@type\":\"SearchAction\",\"target\":{\"@type\":\"EntryPoint\",\"urlTemplate\":\"https:\\\/\\\/storitgroup.com\\\/fi\\\/?s={search_term_string}\"},\"query-input\":{\"@type\":\"PropertyValueSpecification\",\"valueRequired\":true,\"valueName\":\"search_term_string\"}}],\"inLanguage\":\"fi\"}]}<\/script>\n<!-- \/ Yoast SEO plugin. -->","yoast_head_json":{"title":"EUR-lava 1200 x 800 x 145mm, metalli &#8226; Storit","description":"EUR-lava 1200 x 800 x 145mm, metalli \u2014 kohtuulliseen hintaan. Toimitukset kaikkialle Suomeen! \u261b Tutustu tuotteeseen ja tilaa k\u00e4tev\u00e4sti STORIT-verkkokaupasta!","robots":{"index":"index","follow":"follow","max-snippet":"max-snippet:-1","max-image-preview":"max-image-preview:large","max-video-preview":"max-video-preview:-1"},"canonical":"https:\/\/storitgroup.com\/fi\/tuote\/eur-lava-1200-x-800-x-145mm-metalli\/","og_locale":"fi_FI","og_type":"article","og_title":"EUR-lava 1200 x 800 x 145mm, metalli &#8226; Storit","og_description":"EUR-lava 1200 x 800 x 145mm, metalli \u2014 kohtuulliseen hintaan. Toimitukset kaikkialle Suomeen! \u261b Tutustu tuotteeseen ja tilaa k\u00e4tev\u00e4sti STORIT-verkkokaupasta!","og_url":"https:\/\/storitgroup.com\/fi\/tuote\/eur-lava-1200-x-800-x-145mm-metalli\/","og_site_name":"Storit","article_modified_time":"2025-02-19T14:33:28+00:00","og_image":[{"width":520,"height":520,"url":"https:\/\/storitgroup.com\/uploads\/2021\/03\/metallist-eur-kaubaalus-1200-x-800-x-145-mm-1000-kg-1.png","type":"image\/png"}],"twitter_card":"summary_large_image","schema":{"@context":"https:\/\/schema.org","@graph":[{"@type":["WebPage","ItemPage"],"@id":"https:\/\/storitgroup.com\/fi\/tuote\/eur-lava-1200-x-800-x-145mm-metalli\/","url":"https:\/\/storitgroup.com\/fi\/tuote\/eur-lava-1200-x-800-x-145mm-metalli\/","name":"EUR-lava 1200 x 800 x 145mm, metalli &#8226; Storit","isPartOf":{"@id":"https:\/\/storitgroup.com\/fi\/#website"},"primaryImageOfPage":{"@id":"https:\/\/storitgroup.com\/fi\/tuote\/eur-lava-1200-x-800-x-145mm-metalli\/#primaryimage"},"image":{"@id":"https:\/\/storitgroup.com\/fi\/tuote\/eur-lava-1200-x-800-x-145mm-metalli\/#primaryimage"},"thumbnailUrl":"https:\/\/storitgroup.com\/uploads\/2021\/03\/metallist-eur-kaubaalus-1200-x-800-x-145-mm-1000-kg-1.png","datePublished":"2021-03-05T15:16:46+00:00","dateModified":"2025-02-19T14:33:28+00:00","description":"EUR-lava 1200 x 800 x 145mm, metalli \u2014 kohtuulliseen hintaan. Toimitukset kaikkialle Suomeen! \u261b Tutustu tuotteeseen ja tilaa k\u00e4tev\u00e4sti STORIT-verkkokaupasta!","breadcrumb":{"@id":"https:\/\/storitgroup.com\/fi\/tuote\/eur-lava-1200-x-800-x-145mm-metalli\/#breadcrumb"},"inLanguage":"fi","potentialAction":[{"@type":"ReadAction","target":["https:\/\/storitgroup.com\/fi\/tuote\/eur-lava-1200-x-800-x-145mm-metalli\/"]}]},{"@type":"ImageObject","inLanguage":"fi","@id":"https:\/\/storitgroup.com\/fi\/tuote\/eur-lava-1200-x-800-x-145mm-metalli\/#primaryimage","url":"https:\/\/storitgroup.com\/uploads\/2021\/03\/metallist-eur-kaubaalus-1200-x-800-x-145-mm-1000-kg-1.png","contentUrl":"https:\/\/storitgroup.com\/uploads\/2021\/03\/metallist-eur-kaubaalus-1200-x-800-x-145-mm-1000-kg-1.png","width":520,"height":520},{"@type":"BreadcrumbList","@id":"https:\/\/storitgroup.com\/fi\/tuote\/eur-lava-1200-x-800-x-145mm-metalli\/#breadcrumb","itemListElement":[{"@type":"ListItem","position":1,"name":"Kotisivu","item":"https:\/\/storitgroup.com\/fi\/"},{"@type":"ListItem","position":2,"name":"Tuotteet","item":"https:\/\/storitgroup.com\/fi\/tuotteet\/"},{"@type":"ListItem","position":3,"name":"Ty\u00f6p\u00f6yd\u00e4t: STORIT","item":"https:\/\/storitgroup.com\/fi\/poydat-tuolit-tyokaluvarasto\/tyopoydat\/tyopoydat-storit-tyopoydat\/"},{"@type":"ListItem","position":4,"name":"Kuormalavat, lavankaulukset, lavojen jakajat","item":"https:\/\/storitgroup.com\/fi\/kuormalavat-pakkaus\/kuormalavat-lavankaulukset-lavojen-jakajat\/"},{"@type":"ListItem","position":5,"name":"EUR-lava 1200 x 800 x 145mm, metalli"}]},{"@type":"WebSite","@id":"https:\/\/storitgroup.com\/fi\/#website","url":"https:\/\/storitgroup.com\/fi\/","name":"Storit","description":"","potentialAction":[{"@type":"SearchAction","target":{"@type":"EntryPoint","urlTemplate":"https:\/\/storitgroup.com\/fi\/?s={search_term_string}"},"query-input":{"@type":"PropertyValueSpecification","valueRequired":true,"valueName":"search_term_string"}}],"inLanguage":"fi"}]}},"_links":{"self":[{"href":"https:\/\/storitgroup.com\/fi\/wp-json\/wp\/v2\/product\/15426","targetHints":{"allow":["GET"]}}],"collection":[{"href":"https:\/\/storitgroup.com\/fi\/wp-json\/wp\/v2\/product"}],"about":[{"href":"https:\/\/storitgroup.com\/fi\/wp-json\/wp\/v2\/types\/product"}],"wp:featuredmedia":[{"embeddable":true,"href":"https:\/\/storitgroup.com\/fi\/wp-json\/wp\/v2\/media\/33991"}],"wp:attachment":[{"href":"https:\/\/storitgroup.com\/fi\/wp-json\/wp\/v2\/media?parent=15426"}],"wp:term":[{"taxonomy":"product_brand","embeddable":true,"href":"https:\/\/storitgroup.com\/fi\/wp-json\/wp\/v2\/product_brand?post=15426"},{"taxonomy":"product_cat","embeddable":true,"href":"https:\/\/storitgroup.com\/fi\/wp-json\/wp\/v2\/product_cat?post=15426"},{"taxonomy":"product_tag","embeddable":true,"href":"https:\/\/storitgroup.com\/fi\/wp-json\/wp\/v2\/product_tag?post=15426"}],"curies":[{"name":"wp","href":"https:\/\/api.w.org\/{rel}","templated":true}]}}