{"id":15355,"date":"2021-03-05T14:12:35","date_gmt":"2021-03-05T14:12:35","guid":{"rendered":"https:\/\/storitgroup.com\/?post_type=product&#038;p=15355"},"modified":"2024-11-25T15:11:02","modified_gmt":"2024-11-25T13:11:02","slug":"magneettiteippi-25-x-05mm-x-30-m","status":"publish","type":"product","link":"https:\/\/storitgroup.com\/fi\/tuote\/magneettiteippi-25-x-05mm-x-30-m\/","title":{"rendered":"Magneettiteippi 25 x 0,5mm x 30 m"},"content":{"rendered":"<p>P0070  HUOM!\u00a0hinta\/\u00a0rulla<br \/>  leveys: 25 mm<br \/>  pituus: 30 m<br \/>  paksuus 0,5 mm<br \/>   leikattava saksilla<br \/>  valkoiselle puolelle voidaan kirjoittaa.\u00a0<\/p>\n","protected":false},"excerpt":{"rendered":"<p>P0070  HUOM!\u00a0hinta\/\u00a0rulla<br \/>\n  leveys: 25 mm<br \/>\n  pituus: 30 m<\/p>\n","protected":false},"featured_media":23939,"template":"","meta":{"_acf_changed":false},"product_brand":[],"product_cat":[7068],"product_tag":[],"class_list":{"0":"post-15355","1":"product","2":"type-product","3":"status-publish","4":"has-post-thumbnail","6":"product_room-tyopaja-ja-autotalli","7":"product_room-teollisuus-ja-tuotanto-ergonomiset-tyopaikat-tyokaluvarasto","8":"product_room-kotiratkaisut","9":"product_room-kuljetus-ja-logistiikka","10":"product_cat-varasto-tyopaja-autotalli-ja-vastaavat-tarvikkeet","12":"first","13":"instock","14":"taxable","15":"shipping-taxable","16":"purchasable","17":"product-type-simple"},"acf":[],"yoast_head":"<!-- This site is optimized with the Yoast SEO plugin v27.3 - https:\/\/yoast.com\/product\/yoast-seo-wordpress\/ -->\n<title>Magneettiteippi 25 x 0,5mm x 30 m &#8226; Storit<\/title>\n<meta name=\"description\" content=\"Magneettiteippi 25 x 0,5mm x 30 m \u2014 kohtuulliseen hintaan. Toimitukset kaikkialle Suomeen! \u261b Tutustu tuotteeseen ja tilaa k\u00e4tev\u00e4sti STORIT-verkkokaupasta!\" \/>\n<meta name=\"robots\" content=\"index, follow, max-snippet:-1, max-image-preview:large, max-video-preview:-1\" \/>\n<link rel=\"canonical\" href=\"https:\/\/storitgroup.com\/fi\/tuote\/magneettiteippi-25-x-05mm-x-30-m\/\" \/>\n<meta property=\"og:locale\" content=\"fi_FI\" \/>\n<meta property=\"og:type\" content=\"article\" \/>\n<meta property=\"og:title\" content=\"Magneettiteippi 25 x 0,5mm x 30 m &#8226; Storit\" \/>\n<meta property=\"og:description\" content=\"Magneettiteippi 25 x 0,5mm x 30 m \u2014 kohtuulliseen hintaan. Toimitukset kaikkialle Suomeen! \u261b Tutustu tuotteeseen ja tilaa k\u00e4tev\u00e4sti STORIT-verkkokaupasta!\" \/>\n<meta property=\"og:url\" content=\"https:\/\/storitgroup.com\/fi\/tuote\/magneettiteippi-25-x-05mm-x-30-m\/\" \/>\n<meta property=\"og:site_name\" content=\"Storit\" \/>\n<meta property=\"article:modified_time\" content=\"2024-11-25T13:11:02+00:00\" \/>\n<meta property=\"og:image\" content=\"https:\/\/storitgroup.com\/uploads\/2021\/03\/pp90000-59-magnetteip-25-x-05-mm-x-20-m-kpp-valge-kaaridega-loigatav-1.png\" \/>\n\t<meta property=\"og:image:width\" content=\"608\" \/>\n\t<meta property=\"og:image:height\" content=\"608\" \/>\n\t<meta property=\"og:image:type\" content=\"image\/png\" \/>\n<meta name=\"twitter:card\" content=\"summary_large_image\" \/>\n<script type=\"application\/ld+json\" class=\"yoast-schema-graph\">{\"@context\":\"https:\\\/\\\/schema.org\",\"@graph\":[{\"@type\":[\"WebPage\",\"ItemPage\"],\"@id\":\"https:\\\/\\\/storitgroup.com\\\/fi\\\/tuote\\\/magneettiteippi-25-x-05mm-x-30-m\\\/\",\"url\":\"https:\\\/\\\/storitgroup.com\\\/fi\\\/tuote\\\/magneettiteippi-25-x-05mm-x-30-m\\\/\",\"name\":\"Magneettiteippi 25 x 0,5mm x 30 m &#8226; Storit\",\"isPartOf\":{\"@id\":\"https:\\\/\\\/storitgroup.com\\\/fi\\\/#website\"},\"primaryImageOfPage\":{\"@id\":\"https:\\\/\\\/storitgroup.com\\\/fi\\\/tuote\\\/magneettiteippi-25-x-05mm-x-30-m\\\/#primaryimage\"},\"image\":{\"@id\":\"https:\\\/\\\/storitgroup.com\\\/fi\\\/tuote\\\/magneettiteippi-25-x-05mm-x-30-m\\\/#primaryimage\"},\"thumbnailUrl\":\"https:\\\/\\\/storitgroup.com\\\/uploads\\\/2021\\\/03\\\/pp90000-59-magnetteip-25-x-05-mm-x-20-m-kpp-valge-kaaridega-loigatav-1.png\",\"datePublished\":\"2021-03-05T14:12:35+00:00\",\"dateModified\":\"2024-11-25T13:11:02+00:00\",\"description\":\"Magneettiteippi 25 x 0,5mm x 30 m \u2014 kohtuulliseen hintaan. Toimitukset kaikkialle Suomeen! \u261b Tutustu tuotteeseen ja tilaa k\u00e4tev\u00e4sti STORIT-verkkokaupasta!\",\"breadcrumb\":{\"@id\":\"https:\\\/\\\/storitgroup.com\\\/fi\\\/tuote\\\/magneettiteippi-25-x-05mm-x-30-m\\\/#breadcrumb\"},\"inLanguage\":\"fi\",\"potentialAction\":[{\"@type\":\"ReadAction\",\"target\":[\"https:\\\/\\\/storitgroup.com\\\/fi\\\/tuote\\\/magneettiteippi-25-x-05mm-x-30-m\\\/\"]}]},{\"@type\":\"ImageObject\",\"inLanguage\":\"fi\",\"@id\":\"https:\\\/\\\/storitgroup.com\\\/fi\\\/tuote\\\/magneettiteippi-25-x-05mm-x-30-m\\\/#primaryimage\",\"url\":\"https:\\\/\\\/storitgroup.com\\\/uploads\\\/2021\\\/03\\\/pp90000-59-magnetteip-25-x-05-mm-x-20-m-kpp-valge-kaaridega-loigatav-1.png\",\"contentUrl\":\"https:\\\/\\\/storitgroup.com\\\/uploads\\\/2021\\\/03\\\/pp90000-59-magnetteip-25-x-05-mm-x-20-m-kpp-valge-kaaridega-loigatav-1.png\",\"width\":608,\"height\":608},{\"@type\":\"BreadcrumbList\",\"@id\":\"https:\\\/\\\/storitgroup.com\\\/fi\\\/tuote\\\/magneettiteippi-25-x-05mm-x-30-m\\\/#breadcrumb\",\"itemListElement\":[{\"@type\":\"ListItem\",\"position\":1,\"name\":\"Kotisivu\",\"item\":\"https:\\\/\\\/storitgroup.com\\\/fi\\\/\"},{\"@type\":\"ListItem\",\"position\":2,\"name\":\"Tuotteet\",\"item\":\"https:\\\/\\\/storitgroup.com\\\/fi\\\/tuotteet\\\/\"},{\"@type\":\"ListItem\",\"position\":3,\"name\":\"P\u00f6yd\u00e4t, tuolit, ty\u00f6kaluvarasto\",\"item\":\"https:\\\/\\\/storitgroup.com\\\/fi\\\/poydat-tuolit-tyokaluvarasto\\\/\"},{\"@type\":\"ListItem\",\"position\":4,\"name\":\"Varasto-, ty\u00f6paja-, autotalli- ja vastaavat tarvikkeet\",\"item\":\"https:\\\/\\\/storitgroup.com\\\/fi\\\/poydat-tuolit-tyokaluvarasto\\\/varasto-tyopaja-autotalli-ja-vastaavat-tarvikkeet\\\/\"},{\"@type\":\"ListItem\",\"position\":5,\"name\":\"Magneettiteippi 25 x 0,5mm x 30 m\"}]},{\"@type\":\"WebSite\",\"@id\":\"https:\\\/\\\/storitgroup.com\\\/fi\\\/#website\",\"url\":\"https:\\\/\\\/storitgroup.com\\\/fi\\\/\",\"name\":\"Storit\",\"description\":\"\",\"potentialAction\":[{\"@type\":\"SearchAction\",\"target\":{\"@type\":\"EntryPoint\",\"urlTemplate\":\"https:\\\/\\\/storitgroup.com\\\/fi\\\/?s={search_term_string}\"},\"query-input\":{\"@type\":\"PropertyValueSpecification\",\"valueRequired\":true,\"valueName\":\"search_term_string\"}}],\"inLanguage\":\"fi\"}]}<\/script>\n<!-- \/ Yoast SEO plugin. -->","yoast_head_json":{"title":"Magneettiteippi 25 x 0,5mm x 30 m &#8226; Storit","description":"Magneettiteippi 25 x 0,5mm x 30 m \u2014 kohtuulliseen hintaan. Toimitukset kaikkialle Suomeen! \u261b Tutustu tuotteeseen ja tilaa k\u00e4tev\u00e4sti STORIT-verkkokaupasta!","robots":{"index":"index","follow":"follow","max-snippet":"max-snippet:-1","max-image-preview":"max-image-preview:large","max-video-preview":"max-video-preview:-1"},"canonical":"https:\/\/storitgroup.com\/fi\/tuote\/magneettiteippi-25-x-05mm-x-30-m\/","og_locale":"fi_FI","og_type":"article","og_title":"Magneettiteippi 25 x 0,5mm x 30 m &#8226; Storit","og_description":"Magneettiteippi 25 x 0,5mm x 30 m \u2014 kohtuulliseen hintaan. Toimitukset kaikkialle Suomeen! \u261b Tutustu tuotteeseen ja tilaa k\u00e4tev\u00e4sti STORIT-verkkokaupasta!","og_url":"https:\/\/storitgroup.com\/fi\/tuote\/magneettiteippi-25-x-05mm-x-30-m\/","og_site_name":"Storit","article_modified_time":"2024-11-25T13:11:02+00:00","og_image":[{"width":608,"height":608,"url":"https:\/\/storitgroup.com\/uploads\/2021\/03\/pp90000-59-magnetteip-25-x-05-mm-x-20-m-kpp-valge-kaaridega-loigatav-1.png","type":"image\/png"}],"twitter_card":"summary_large_image","schema":{"@context":"https:\/\/schema.org","@graph":[{"@type":["WebPage","ItemPage"],"@id":"https:\/\/storitgroup.com\/fi\/tuote\/magneettiteippi-25-x-05mm-x-30-m\/","url":"https:\/\/storitgroup.com\/fi\/tuote\/magneettiteippi-25-x-05mm-x-30-m\/","name":"Magneettiteippi 25 x 0,5mm x 30 m &#8226; Storit","isPartOf":{"@id":"https:\/\/storitgroup.com\/fi\/#website"},"primaryImageOfPage":{"@id":"https:\/\/storitgroup.com\/fi\/tuote\/magneettiteippi-25-x-05mm-x-30-m\/#primaryimage"},"image":{"@id":"https:\/\/storitgroup.com\/fi\/tuote\/magneettiteippi-25-x-05mm-x-30-m\/#primaryimage"},"thumbnailUrl":"https:\/\/storitgroup.com\/uploads\/2021\/03\/pp90000-59-magnetteip-25-x-05-mm-x-20-m-kpp-valge-kaaridega-loigatav-1.png","datePublished":"2021-03-05T14:12:35+00:00","dateModified":"2024-11-25T13:11:02+00:00","description":"Magneettiteippi 25 x 0,5mm x 30 m \u2014 kohtuulliseen hintaan. Toimitukset kaikkialle Suomeen! \u261b Tutustu tuotteeseen ja tilaa k\u00e4tev\u00e4sti STORIT-verkkokaupasta!","breadcrumb":{"@id":"https:\/\/storitgroup.com\/fi\/tuote\/magneettiteippi-25-x-05mm-x-30-m\/#breadcrumb"},"inLanguage":"fi","potentialAction":[{"@type":"ReadAction","target":["https:\/\/storitgroup.com\/fi\/tuote\/magneettiteippi-25-x-05mm-x-30-m\/"]}]},{"@type":"ImageObject","inLanguage":"fi","@id":"https:\/\/storitgroup.com\/fi\/tuote\/magneettiteippi-25-x-05mm-x-30-m\/#primaryimage","url":"https:\/\/storitgroup.com\/uploads\/2021\/03\/pp90000-59-magnetteip-25-x-05-mm-x-20-m-kpp-valge-kaaridega-loigatav-1.png","contentUrl":"https:\/\/storitgroup.com\/uploads\/2021\/03\/pp90000-59-magnetteip-25-x-05-mm-x-20-m-kpp-valge-kaaridega-loigatav-1.png","width":608,"height":608},{"@type":"BreadcrumbList","@id":"https:\/\/storitgroup.com\/fi\/tuote\/magneettiteippi-25-x-05mm-x-30-m\/#breadcrumb","itemListElement":[{"@type":"ListItem","position":1,"name":"Kotisivu","item":"https:\/\/storitgroup.com\/fi\/"},{"@type":"ListItem","position":2,"name":"Tuotteet","item":"https:\/\/storitgroup.com\/fi\/tuotteet\/"},{"@type":"ListItem","position":3,"name":"P\u00f6yd\u00e4t, tuolit, ty\u00f6kaluvarasto","item":"https:\/\/storitgroup.com\/fi\/poydat-tuolit-tyokaluvarasto\/"},{"@type":"ListItem","position":4,"name":"Varasto-, ty\u00f6paja-, autotalli- ja vastaavat tarvikkeet","item":"https:\/\/storitgroup.com\/fi\/poydat-tuolit-tyokaluvarasto\/varasto-tyopaja-autotalli-ja-vastaavat-tarvikkeet\/"},{"@type":"ListItem","position":5,"name":"Magneettiteippi 25 x 0,5mm x 30 m"}]},{"@type":"WebSite","@id":"https:\/\/storitgroup.com\/fi\/#website","url":"https:\/\/storitgroup.com\/fi\/","name":"Storit","description":"","potentialAction":[{"@type":"SearchAction","target":{"@type":"EntryPoint","urlTemplate":"https:\/\/storitgroup.com\/fi\/?s={search_term_string}"},"query-input":{"@type":"PropertyValueSpecification","valueRequired":true,"valueName":"search_term_string"}}],"inLanguage":"fi"}]}},"_links":{"self":[{"href":"https:\/\/storitgroup.com\/fi\/wp-json\/wp\/v2\/product\/15355","targetHints":{"allow":["GET"]}}],"collection":[{"href":"https:\/\/storitgroup.com\/fi\/wp-json\/wp\/v2\/product"}],"about":[{"href":"https:\/\/storitgroup.com\/fi\/wp-json\/wp\/v2\/types\/product"}],"wp:featuredmedia":[{"embeddable":true,"href":"https:\/\/storitgroup.com\/fi\/wp-json\/wp\/v2\/media\/23939"}],"wp:attachment":[{"href":"https:\/\/storitgroup.com\/fi\/wp-json\/wp\/v2\/media?parent=15355"}],"wp:term":[{"taxonomy":"product_brand","embeddable":true,"href":"https:\/\/storitgroup.com\/fi\/wp-json\/wp\/v2\/product_brand?post=15355"},{"taxonomy":"product_cat","embeddable":true,"href":"https:\/\/storitgroup.com\/fi\/wp-json\/wp\/v2\/product_cat?post=15355"},{"taxonomy":"product_tag","embeddable":true,"href":"https:\/\/storitgroup.com\/fi\/wp-json\/wp\/v2\/product_tag?post=15355"}],"curies":[{"name":"wp","href":"https:\/\/api.w.org\/{rel}","templated":true}]}}