{"id":15348,"date":"2021-03-05T14:12:21","date_gmt":"2021-03-05T14:12:21","guid":{"rendered":"https:\/\/storitgroup.com\/?post_type=product&#038;p=15348"},"modified":"2024-12-14T02:10:24","modified_gmt":"2024-12-14T00:10:24","slug":"ottolaatikko-340-x-200-x-150mm-punainen","status":"publish","type":"product","link":"https:\/\/storitgroup.com\/fi\/tuote\/ottolaatikko-340-x-200-x-150mm-punainen\/","title":{"rendered":"Ottolaatikko 340x200x150 mm, punainen"},"content":{"rendered":"<p>Telinelaatikot ovat k\u00e4tevi\u00e4 s\u00e4ilytystarvikkeita, jotka auttavat yll\u00e4pit\u00e4m\u00e4\u00e4n j\u00e4rjestyst\u00e4 ja tehokkuutta varastossa.<br \/>Erikokoisten laatikoiden avulla ne voidaan sovittaa erilaisten tarvikkeiden s\u00e4ilytt\u00e4miseen ja ne voidaan sijoittaa hyllylle, rei\u00b4itetylle sein\u00e4lle tai laatikkok\u00e4rryyn.<\/p>\n<p>Telinelaatikot parantavat varastoinnin tehokkuutta, j\u00e4rjestyst\u00e4 ja yksinkertaistavat varastointi- ja k\u00e4sittelyprosesseja.<\/p>\n","protected":false},"excerpt":{"rendered":"<p>Telinelaatikot ovat k\u00e4tevi\u00e4 s\u00e4ilytystarvikkeita, jotka auttavat yll\u00e4pit\u00e4m\u00e4\u00e4n j\u00e4rjestyst\u00e4 ja tehokkuutta varastossa.<br \/>\nErikokoisten laatikoiden avulla ne voidaan sovittaa erilaisten tarvikkeiden s\u00e4ilytt\u00e4miseen ja ne voidaan sijoittaa hyllylle, rei\u00b4itetylle sein\u00e4lle tai laatikkok\u00e4rryyn.<\/p>\n","protected":false},"featured_media":23897,"template":"","meta":{"_acf_changed":false},"product_brand":[],"product_cat":[7212],"product_tag":[],"class_list":{"0":"post-15348","1":"product","2":"type-product","3":"status-publish","4":"has-post-thumbnail","6":"product_room-tyopaja-ja-autotalli","7":"product_cat-sailytyslaatikot-muu","9":"first","10":"instock","11":"taxable","12":"shipping-taxable","13":"purchasable","14":"product-type-simple"},"acf":[],"yoast_head":"<!-- This site is optimized with the Yoast SEO plugin v27.2 - https:\/\/yoast.com\/product\/yoast-seo-wordpress\/ -->\n<title>Ottolaatikko 340x200x150 mm, punainen &#8226; Storit<\/title>\n<meta name=\"description\" content=\"Ottolaatikko 340x200x150 mm, punainen \u2014 kohtuulliseen hintaan. Toimitukset kaikkialle Suomeen! \u261b Tutustu tuotteeseen ja tilaa k\u00e4tev\u00e4sti STORIT-verkkokaupasta!\" \/>\n<meta name=\"robots\" content=\"index, follow, max-snippet:-1, max-image-preview:large, max-video-preview:-1\" \/>\n<link rel=\"canonical\" href=\"https:\/\/storitgroup.com\/fi\/tuote\/ottolaatikko-340-x-200-x-150mm-punainen\/\" \/>\n<meta property=\"og:locale\" content=\"fi_FI\" \/>\n<meta property=\"og:type\" content=\"article\" \/>\n<meta property=\"og:title\" content=\"Ottolaatikko 340x200x150 mm, punainen &#8226; Storit\" \/>\n<meta property=\"og:description\" content=\"Ottolaatikko 340x200x150 mm, punainen \u2014 kohtuulliseen hintaan. Toimitukset kaikkialle Suomeen! \u261b Tutustu tuotteeseen ja tilaa k\u00e4tev\u00e4sti STORIT-verkkokaupasta!\" \/>\n<meta property=\"og:url\" content=\"https:\/\/storitgroup.com\/fi\/tuote\/ottolaatikko-340-x-200-x-150mm-punainen\/\" \/>\n<meta property=\"og:site_name\" content=\"Storit\" \/>\n<meta property=\"article:modified_time\" content=\"2024-12-14T00:10:24+00:00\" \/>\n<meta property=\"og:image\" content=\"https:\/\/storitgroup.com\/uploads\/2021\/03\/korjekarp-prof-15-340-x-200-x-150-mm-punane-1.jpg\" \/>\n\t<meta property=\"og:image:width\" content=\"1848\" \/>\n\t<meta property=\"og:image:height\" content=\"1848\" \/>\n\t<meta property=\"og:image:type\" content=\"image\/jpeg\" \/>\n<meta name=\"twitter:card\" content=\"summary_large_image\" \/>\n<script type=\"application\/ld+json\" class=\"yoast-schema-graph\">{\"@context\":\"https:\/\/schema.org\",\"@graph\":[{\"@type\":[\"WebPage\",\"ItemPage\"],\"@id\":\"https:\/\/storitgroup.com\/fi\/tuote\/ottolaatikko-340-x-200-x-150mm-punainen\/\",\"url\":\"https:\/\/storitgroup.com\/fi\/tuote\/ottolaatikko-340-x-200-x-150mm-punainen\/\",\"name\":\"Ottolaatikko 340x200x150 mm, punainen &#8226; Storit\",\"isPartOf\":{\"@id\":\"https:\/\/storitgroup.com\/fi\/#website\"},\"primaryImageOfPage\":{\"@id\":\"https:\/\/storitgroup.com\/fi\/tuote\/ottolaatikko-340-x-200-x-150mm-punainen\/#primaryimage\"},\"image\":{\"@id\":\"https:\/\/storitgroup.com\/fi\/tuote\/ottolaatikko-340-x-200-x-150mm-punainen\/#primaryimage\"},\"thumbnailUrl\":\"https:\/\/storitgroup.com\/uploads\/2021\/03\/korjekarp-prof-15-340-x-200-x-150-mm-punane-1.jpg\",\"datePublished\":\"2021-03-05T14:12:21+00:00\",\"dateModified\":\"2024-12-14T00:10:24+00:00\",\"description\":\"Ottolaatikko 340x200x150 mm, punainen \u2014 kohtuulliseen hintaan. Toimitukset kaikkialle Suomeen! \u261b Tutustu tuotteeseen ja tilaa k\u00e4tev\u00e4sti STORIT-verkkokaupasta!\",\"breadcrumb\":{\"@id\":\"https:\/\/storitgroup.com\/fi\/tuote\/ottolaatikko-340-x-200-x-150mm-punainen\/#breadcrumb\"},\"inLanguage\":\"fi\",\"potentialAction\":[{\"@type\":\"ReadAction\",\"target\":[\"https:\/\/storitgroup.com\/fi\/tuote\/ottolaatikko-340-x-200-x-150mm-punainen\/\"]}]},{\"@type\":\"ImageObject\",\"inLanguage\":\"fi\",\"@id\":\"https:\/\/storitgroup.com\/fi\/tuote\/ottolaatikko-340-x-200-x-150mm-punainen\/#primaryimage\",\"url\":\"https:\/\/storitgroup.com\/uploads\/2021\/03\/korjekarp-prof-15-340-x-200-x-150-mm-punane-1.jpg\",\"contentUrl\":\"https:\/\/storitgroup.com\/uploads\/2021\/03\/korjekarp-prof-15-340-x-200-x-150-mm-punane-1.jpg\",\"width\":1848,\"height\":1848},{\"@type\":\"BreadcrumbList\",\"@id\":\"https:\/\/storitgroup.com\/fi\/tuote\/ottolaatikko-340-x-200-x-150mm-punainen\/#breadcrumb\",\"itemListElement\":[{\"@type\":\"ListItem\",\"position\":1,\"name\":\"Kotisivu\",\"item\":\"https:\/\/storitgroup.com\/fi\/\"},{\"@type\":\"ListItem\",\"position\":2,\"name\":\"Tuotteet\",\"item\":\"https:\/\/storitgroup.com\/fi\/tuotteet\/\"},{\"@type\":\"ListItem\",\"position\":3,\"name\":\"Varastolaatikot, s\u00e4ilytyslaatikot\",\"item\":\"https:\/\/storitgroup.com\/fi\/varastolaatikot-sailytyslaatikot\/\"},{\"@type\":\"ListItem\",\"position\":4,\"name\":\"S\u00e4ilytyslaatikot, telinelaatikot (sadonkorjuulaatikot)\",\"item\":\"https:\/\/storitgroup.com\/fi\/varastolaatikot-sailytyslaatikot\/sailytyslaatikot-telinelaatikot-sadonkorjuulaatikot\/\"},{\"@type\":\"ListItem\",\"position\":5,\"name\":\"S\u00e4ilytyslaatikot: muu\",\"item\":\"https:\/\/storitgroup.com\/fi\/varastolaatikot-sailytyslaatikot\/sailytyslaatikot-telinelaatikot-sadonkorjuulaatikot\/sailytyslaatikot-muu\/\"},{\"@type\":\"ListItem\",\"position\":6,\"name\":\"Ottolaatikko 340x200x150 mm, punainen\"}]},{\"@type\":\"WebSite\",\"@id\":\"https:\/\/storitgroup.com\/fi\/#website\",\"url\":\"https:\/\/storitgroup.com\/fi\/\",\"name\":\"Storit\",\"description\":\"\",\"potentialAction\":[{\"@type\":\"SearchAction\",\"target\":{\"@type\":\"EntryPoint\",\"urlTemplate\":\"https:\/\/storitgroup.com\/fi\/?s={search_term_string}\"},\"query-input\":{\"@type\":\"PropertyValueSpecification\",\"valueRequired\":true,\"valueName\":\"search_term_string\"}}],\"inLanguage\":\"fi\"}]}<\/script>\n<!-- \/ Yoast SEO plugin. -->","yoast_head_json":{"title":"Ottolaatikko 340x200x150 mm, punainen &#8226; Storit","description":"Ottolaatikko 340x200x150 mm, punainen \u2014 kohtuulliseen hintaan. Toimitukset kaikkialle Suomeen! \u261b Tutustu tuotteeseen ja tilaa k\u00e4tev\u00e4sti STORIT-verkkokaupasta!","robots":{"index":"index","follow":"follow","max-snippet":"max-snippet:-1","max-image-preview":"max-image-preview:large","max-video-preview":"max-video-preview:-1"},"canonical":"https:\/\/storitgroup.com\/fi\/tuote\/ottolaatikko-340-x-200-x-150mm-punainen\/","og_locale":"fi_FI","og_type":"article","og_title":"Ottolaatikko 340x200x150 mm, punainen &#8226; Storit","og_description":"Ottolaatikko 340x200x150 mm, punainen \u2014 kohtuulliseen hintaan. Toimitukset kaikkialle Suomeen! \u261b Tutustu tuotteeseen ja tilaa k\u00e4tev\u00e4sti STORIT-verkkokaupasta!","og_url":"https:\/\/storitgroup.com\/fi\/tuote\/ottolaatikko-340-x-200-x-150mm-punainen\/","og_site_name":"Storit","article_modified_time":"2024-12-14T00:10:24+00:00","og_image":[{"width":1848,"height":1848,"url":"https:\/\/storitgroup.com\/uploads\/2021\/03\/korjekarp-prof-15-340-x-200-x-150-mm-punane-1.jpg","type":"image\/jpeg"}],"twitter_card":"summary_large_image","schema":{"@context":"https:\/\/schema.org","@graph":[{"@type":["WebPage","ItemPage"],"@id":"https:\/\/storitgroup.com\/fi\/tuote\/ottolaatikko-340-x-200-x-150mm-punainen\/","url":"https:\/\/storitgroup.com\/fi\/tuote\/ottolaatikko-340-x-200-x-150mm-punainen\/","name":"Ottolaatikko 340x200x150 mm, punainen &#8226; Storit","isPartOf":{"@id":"https:\/\/storitgroup.com\/fi\/#website"},"primaryImageOfPage":{"@id":"https:\/\/storitgroup.com\/fi\/tuote\/ottolaatikko-340-x-200-x-150mm-punainen\/#primaryimage"},"image":{"@id":"https:\/\/storitgroup.com\/fi\/tuote\/ottolaatikko-340-x-200-x-150mm-punainen\/#primaryimage"},"thumbnailUrl":"https:\/\/storitgroup.com\/uploads\/2021\/03\/korjekarp-prof-15-340-x-200-x-150-mm-punane-1.jpg","datePublished":"2021-03-05T14:12:21+00:00","dateModified":"2024-12-14T00:10:24+00:00","description":"Ottolaatikko 340x200x150 mm, punainen \u2014 kohtuulliseen hintaan. Toimitukset kaikkialle Suomeen! \u261b Tutustu tuotteeseen ja tilaa k\u00e4tev\u00e4sti STORIT-verkkokaupasta!","breadcrumb":{"@id":"https:\/\/storitgroup.com\/fi\/tuote\/ottolaatikko-340-x-200-x-150mm-punainen\/#breadcrumb"},"inLanguage":"fi","potentialAction":[{"@type":"ReadAction","target":["https:\/\/storitgroup.com\/fi\/tuote\/ottolaatikko-340-x-200-x-150mm-punainen\/"]}]},{"@type":"ImageObject","inLanguage":"fi","@id":"https:\/\/storitgroup.com\/fi\/tuote\/ottolaatikko-340-x-200-x-150mm-punainen\/#primaryimage","url":"https:\/\/storitgroup.com\/uploads\/2021\/03\/korjekarp-prof-15-340-x-200-x-150-mm-punane-1.jpg","contentUrl":"https:\/\/storitgroup.com\/uploads\/2021\/03\/korjekarp-prof-15-340-x-200-x-150-mm-punane-1.jpg","width":1848,"height":1848},{"@type":"BreadcrumbList","@id":"https:\/\/storitgroup.com\/fi\/tuote\/ottolaatikko-340-x-200-x-150mm-punainen\/#breadcrumb","itemListElement":[{"@type":"ListItem","position":1,"name":"Kotisivu","item":"https:\/\/storitgroup.com\/fi\/"},{"@type":"ListItem","position":2,"name":"Tuotteet","item":"https:\/\/storitgroup.com\/fi\/tuotteet\/"},{"@type":"ListItem","position":3,"name":"Varastolaatikot, s\u00e4ilytyslaatikot","item":"https:\/\/storitgroup.com\/fi\/varastolaatikot-sailytyslaatikot\/"},{"@type":"ListItem","position":4,"name":"S\u00e4ilytyslaatikot, telinelaatikot (sadonkorjuulaatikot)","item":"https:\/\/storitgroup.com\/fi\/varastolaatikot-sailytyslaatikot\/sailytyslaatikot-telinelaatikot-sadonkorjuulaatikot\/"},{"@type":"ListItem","position":5,"name":"S\u00e4ilytyslaatikot: muu","item":"https:\/\/storitgroup.com\/fi\/varastolaatikot-sailytyslaatikot\/sailytyslaatikot-telinelaatikot-sadonkorjuulaatikot\/sailytyslaatikot-muu\/"},{"@type":"ListItem","position":6,"name":"Ottolaatikko 340x200x150 mm, punainen"}]},{"@type":"WebSite","@id":"https:\/\/storitgroup.com\/fi\/#website","url":"https:\/\/storitgroup.com\/fi\/","name":"Storit","description":"","potentialAction":[{"@type":"SearchAction","target":{"@type":"EntryPoint","urlTemplate":"https:\/\/storitgroup.com\/fi\/?s={search_term_string}"},"query-input":{"@type":"PropertyValueSpecification","valueRequired":true,"valueName":"search_term_string"}}],"inLanguage":"fi"}]}},"_links":{"self":[{"href":"https:\/\/storitgroup.com\/fi\/wp-json\/wp\/v2\/product\/15348","targetHints":{"allow":["GET"]}}],"collection":[{"href":"https:\/\/storitgroup.com\/fi\/wp-json\/wp\/v2\/product"}],"about":[{"href":"https:\/\/storitgroup.com\/fi\/wp-json\/wp\/v2\/types\/product"}],"wp:featuredmedia":[{"embeddable":true,"href":"https:\/\/storitgroup.com\/fi\/wp-json\/wp\/v2\/media\/23897"}],"wp:attachment":[{"href":"https:\/\/storitgroup.com\/fi\/wp-json\/wp\/v2\/media?parent=15348"}],"wp:term":[{"taxonomy":"product_brand","embeddable":true,"href":"https:\/\/storitgroup.com\/fi\/wp-json\/wp\/v2\/product_brand?post=15348"},{"taxonomy":"product_cat","embeddable":true,"href":"https:\/\/storitgroup.com\/fi\/wp-json\/wp\/v2\/product_cat?post=15348"},{"taxonomy":"product_tag","embeddable":true,"href":"https:\/\/storitgroup.com\/fi\/wp-json\/wp\/v2\/product_tag?post=15348"}],"curies":[{"name":"wp","href":"https:\/\/api.w.org\/{rel}","templated":true}]}}