{"id":15318,"date":"2021-03-05T16:11:58","date_gmt":"2021-03-05T14:11:58","guid":{"rendered":"https:\/\/storitgroup.com\/?post_type=product&#038;p=15318"},"modified":"2024-11-25T15:05:06","modified_gmt":"2024-11-25T13:05:06","slug":"poytalevy-b-swt-12-sarjan-tyopoytaan-vaneri","status":"publish","type":"product","link":"https:\/\/storitgroup.com\/fi\/tuote\/poytalevy-b-swt-12-sarjan-tyopoytaan-vaneri\/","title":{"rendered":"Vanerilevy Storit Swt 12-sarjan ty\u00f6p\u00f6yt\u00e4lle"},"content":{"rendered":"<p>P\u00f6yt\u00e4levy on valmistettu lakatusta vanerista. P\u00f6yt\u00e4\u00e4n kiinnitt\u00e4mist\u00e4 varten porataan valmiiksi ruuvirei\u00e4t.<br \/>Levyn suojaamiseksi voi ostaa metallirungon tai ter\u00e4slevyn.<\/p>\n","protected":false},"excerpt":{"rendered":"<p>P\u00f6yt\u00e4levy on valmistettu lakatusta vanerista. P\u00f6yt\u00e4\u00e4n kiinnitt\u00e4mist\u00e4 varten porataan valmiiksi ruuvirei\u00e4t.<br \/>\nLevyn suojaamiseksi voi ostaa metallirungon tai ter\u00e4slevyn.<\/p>\n","protected":false},"featured_media":214398,"template":"","meta":{"_acf_changed":false},"product_brand":[],"product_cat":[8637],"product_tag":[],"class_list":{"0":"post-15318","1":"product","2":"type-product","3":"status-publish","4":"has-post-thumbnail","6":"product_room-arkisto-museo","7":"product_room-kaupankaynti-ja-myymalat","8":"product_room-kokoonpano-ja-keraily","9":"product_room-pakkaus","10":"product_room-toimisto","11":"product_room-koulut-ja-paivakodit","12":"product_room-laakeyhtiot-ja-laboratoriot","13":"product_room-teollisuus-ja-tuotanto-ergonomiset-tyopaikat-tyokaluvarasto","14":"product_room-kotitoimisto","15":"product_room-kotiratkaisut","16":"product_room-kiinteistokehitys","17":"product_room-tyopaja-ja-autotalli","18":"product_room-kuljetus-ja-logistiikka","19":"product_room-ruuan-kasittely","20":"product_cat-tyopoydat-storit-tyopoydat","22":"first","23":"onbackorder","24":"taxable","25":"shipping-taxable","26":"purchasable","27":"product-type-simple"},"acf":[],"yoast_head":"<!-- This site is optimized with the Yoast SEO plugin v27.3 - https:\/\/yoast.com\/product\/yoast-seo-wordpress\/ -->\n<title>Vanerilevy Storit Swt 12-sarjan ty\u00f6p\u00f6yt\u00e4lle &#8226; Storit<\/title>\n<meta name=\"description\" content=\"Vanerilevy Storit Swt 12-sarjan ty\u00f6p\u00f6yt\u00e4lle \u2014 kohtuulliseen hintaan. Toimitukset kaikkialle Suomeen! \u261b Tutustu tuotteeseen ja tilaa k\u00e4tev\u00e4sti STORIT-verkkokaupasta!\" \/>\n<meta name=\"robots\" content=\"index, follow, max-snippet:-1, max-image-preview:large, max-video-preview:-1\" \/>\n<link rel=\"canonical\" href=\"https:\/\/storitgroup.com\/fi\/tuote\/poytalevy-b-swt-12-sarjan-tyopoytaan-vaneri\/\" \/>\n<meta property=\"og:locale\" content=\"fi_FI\" \/>\n<meta property=\"og:type\" content=\"article\" \/>\n<meta property=\"og:title\" content=\"Vanerilevy Storit Swt 12-sarjan ty\u00f6p\u00f6yt\u00e4lle &#8226; Storit\" \/>\n<meta property=\"og:description\" content=\"Vanerilevy Storit Swt 12-sarjan ty\u00f6p\u00f6yt\u00e4lle \u2014 kohtuulliseen hintaan. Toimitukset kaikkialle Suomeen! \u261b Tutustu tuotteeseen ja tilaa k\u00e4tev\u00e4sti STORIT-verkkokaupasta!\" \/>\n<meta property=\"og:url\" content=\"https:\/\/storitgroup.com\/fi\/tuote\/poytalevy-b-swt-12-sarjan-tyopoytaan-vaneri\/\" \/>\n<meta property=\"og:site_name\" content=\"Storit\" \/>\n<meta property=\"article:modified_time\" content=\"2024-11-25T13:05:06+00:00\" \/>\n<meta property=\"og:image\" content=\"https:\/\/storitgroup.com\/uploads\/2021\/03\/15.2-mwxswt0423060401.jpg\" \/>\n\t<meta property=\"og:image:width\" content=\"499\" \/>\n\t<meta property=\"og:image:height\" content=\"403\" \/>\n\t<meta property=\"og:image:type\" content=\"image\/jpeg\" \/>\n<meta name=\"twitter:card\" content=\"summary_large_image\" \/>\n<script type=\"application\/ld+json\" class=\"yoast-schema-graph\">{\"@context\":\"https:\\\/\\\/schema.org\",\"@graph\":[{\"@type\":[\"WebPage\",\"ItemPage\"],\"@id\":\"https:\\\/\\\/storitgroup.com\\\/fi\\\/tuote\\\/poytalevy-b-swt-12-sarjan-tyopoytaan-vaneri\\\/\",\"url\":\"https:\\\/\\\/storitgroup.com\\\/fi\\\/tuote\\\/poytalevy-b-swt-12-sarjan-tyopoytaan-vaneri\\\/\",\"name\":\"Vanerilevy Storit Swt 12-sarjan ty\u00f6p\u00f6yt\u00e4lle &#8226; Storit\",\"isPartOf\":{\"@id\":\"https:\\\/\\\/storitgroup.com\\\/fi\\\/#website\"},\"primaryImageOfPage\":{\"@id\":\"https:\\\/\\\/storitgroup.com\\\/fi\\\/tuote\\\/poytalevy-b-swt-12-sarjan-tyopoytaan-vaneri\\\/#primaryimage\"},\"image\":{\"@id\":\"https:\\\/\\\/storitgroup.com\\\/fi\\\/tuote\\\/poytalevy-b-swt-12-sarjan-tyopoytaan-vaneri\\\/#primaryimage\"},\"thumbnailUrl\":\"https:\\\/\\\/storitgroup.com\\\/uploads\\\/2021\\\/03\\\/15.2-mwxswt0423060401.jpg\",\"datePublished\":\"2021-03-05T14:11:58+00:00\",\"dateModified\":\"2024-11-25T13:05:06+00:00\",\"description\":\"Vanerilevy Storit Swt 12-sarjan ty\u00f6p\u00f6yt\u00e4lle \u2014 kohtuulliseen hintaan. Toimitukset kaikkialle Suomeen! \u261b Tutustu tuotteeseen ja tilaa k\u00e4tev\u00e4sti STORIT-verkkokaupasta!\",\"breadcrumb\":{\"@id\":\"https:\\\/\\\/storitgroup.com\\\/fi\\\/tuote\\\/poytalevy-b-swt-12-sarjan-tyopoytaan-vaneri\\\/#breadcrumb\"},\"inLanguage\":\"fi\",\"potentialAction\":[{\"@type\":\"ReadAction\",\"target\":[\"https:\\\/\\\/storitgroup.com\\\/fi\\\/tuote\\\/poytalevy-b-swt-12-sarjan-tyopoytaan-vaneri\\\/\"]}]},{\"@type\":\"ImageObject\",\"inLanguage\":\"fi\",\"@id\":\"https:\\\/\\\/storitgroup.com\\\/fi\\\/tuote\\\/poytalevy-b-swt-12-sarjan-tyopoytaan-vaneri\\\/#primaryimage\",\"url\":\"https:\\\/\\\/storitgroup.com\\\/uploads\\\/2021\\\/03\\\/15.2-mwxswt0423060401.jpg\",\"contentUrl\":\"https:\\\/\\\/storitgroup.com\\\/uploads\\\/2021\\\/03\\\/15.2-mwxswt0423060401.jpg\",\"width\":499,\"height\":403},{\"@type\":\"BreadcrumbList\",\"@id\":\"https:\\\/\\\/storitgroup.com\\\/fi\\\/tuote\\\/poytalevy-b-swt-12-sarjan-tyopoytaan-vaneri\\\/#breadcrumb\",\"itemListElement\":[{\"@type\":\"ListItem\",\"position\":1,\"name\":\"Kotisivu\",\"item\":\"https:\\\/\\\/storitgroup.com\\\/fi\\\/\"},{\"@type\":\"ListItem\",\"position\":2,\"name\":\"Tuotteet\",\"item\":\"https:\\\/\\\/storitgroup.com\\\/fi\\\/tuotteet\\\/\"},{\"@type\":\"ListItem\",\"position\":3,\"name\":\"P\u00f6yd\u00e4t, tuolit, ty\u00f6kaluvarasto\",\"item\":\"https:\\\/\\\/storitgroup.com\\\/fi\\\/poydat-tuolit-tyokaluvarasto\\\/\"},{\"@type\":\"ListItem\",\"position\":4,\"name\":\"Ty\u00f6p\u00f6yd\u00e4t\",\"item\":\"https:\\\/\\\/storitgroup.com\\\/fi\\\/poydat-tuolit-tyokaluvarasto\\\/tyopoydat\\\/\"},{\"@type\":\"ListItem\",\"position\":5,\"name\":\"Ty\u00f6p\u00f6yd\u00e4t: STORIT\",\"item\":\"https:\\\/\\\/storitgroup.com\\\/fi\\\/poydat-tuolit-tyokaluvarasto\\\/tyopoydat\\\/tyopoydat-storit-tyopoydat\\\/\"},{\"@type\":\"ListItem\",\"position\":6,\"name\":\"Vanerilevy Storit Swt 12-sarjan ty\u00f6p\u00f6yt\u00e4lle\"}]},{\"@type\":\"WebSite\",\"@id\":\"https:\\\/\\\/storitgroup.com\\\/fi\\\/#website\",\"url\":\"https:\\\/\\\/storitgroup.com\\\/fi\\\/\",\"name\":\"Storit\",\"description\":\"\",\"potentialAction\":[{\"@type\":\"SearchAction\",\"target\":{\"@type\":\"EntryPoint\",\"urlTemplate\":\"https:\\\/\\\/storitgroup.com\\\/fi\\\/?s={search_term_string}\"},\"query-input\":{\"@type\":\"PropertyValueSpecification\",\"valueRequired\":true,\"valueName\":\"search_term_string\"}}],\"inLanguage\":\"fi\"}]}<\/script>\n<!-- \/ Yoast SEO plugin. -->","yoast_head_json":{"title":"Vanerilevy Storit Swt 12-sarjan ty\u00f6p\u00f6yt\u00e4lle &#8226; Storit","description":"Vanerilevy Storit Swt 12-sarjan ty\u00f6p\u00f6yt\u00e4lle \u2014 kohtuulliseen hintaan. Toimitukset kaikkialle Suomeen! \u261b Tutustu tuotteeseen ja tilaa k\u00e4tev\u00e4sti STORIT-verkkokaupasta!","robots":{"index":"index","follow":"follow","max-snippet":"max-snippet:-1","max-image-preview":"max-image-preview:large","max-video-preview":"max-video-preview:-1"},"canonical":"https:\/\/storitgroup.com\/fi\/tuote\/poytalevy-b-swt-12-sarjan-tyopoytaan-vaneri\/","og_locale":"fi_FI","og_type":"article","og_title":"Vanerilevy Storit Swt 12-sarjan ty\u00f6p\u00f6yt\u00e4lle &#8226; Storit","og_description":"Vanerilevy Storit Swt 12-sarjan ty\u00f6p\u00f6yt\u00e4lle \u2014 kohtuulliseen hintaan. Toimitukset kaikkialle Suomeen! \u261b Tutustu tuotteeseen ja tilaa k\u00e4tev\u00e4sti STORIT-verkkokaupasta!","og_url":"https:\/\/storitgroup.com\/fi\/tuote\/poytalevy-b-swt-12-sarjan-tyopoytaan-vaneri\/","og_site_name":"Storit","article_modified_time":"2024-11-25T13:05:06+00:00","og_image":[{"width":499,"height":403,"url":"https:\/\/storitgroup.com\/uploads\/2021\/03\/15.2-mwxswt0423060401.jpg","type":"image\/jpeg"}],"twitter_card":"summary_large_image","schema":{"@context":"https:\/\/schema.org","@graph":[{"@type":["WebPage","ItemPage"],"@id":"https:\/\/storitgroup.com\/fi\/tuote\/poytalevy-b-swt-12-sarjan-tyopoytaan-vaneri\/","url":"https:\/\/storitgroup.com\/fi\/tuote\/poytalevy-b-swt-12-sarjan-tyopoytaan-vaneri\/","name":"Vanerilevy Storit Swt 12-sarjan ty\u00f6p\u00f6yt\u00e4lle &#8226; Storit","isPartOf":{"@id":"https:\/\/storitgroup.com\/fi\/#website"},"primaryImageOfPage":{"@id":"https:\/\/storitgroup.com\/fi\/tuote\/poytalevy-b-swt-12-sarjan-tyopoytaan-vaneri\/#primaryimage"},"image":{"@id":"https:\/\/storitgroup.com\/fi\/tuote\/poytalevy-b-swt-12-sarjan-tyopoytaan-vaneri\/#primaryimage"},"thumbnailUrl":"https:\/\/storitgroup.com\/uploads\/2021\/03\/15.2-mwxswt0423060401.jpg","datePublished":"2021-03-05T14:11:58+00:00","dateModified":"2024-11-25T13:05:06+00:00","description":"Vanerilevy Storit Swt 12-sarjan ty\u00f6p\u00f6yt\u00e4lle \u2014 kohtuulliseen hintaan. Toimitukset kaikkialle Suomeen! \u261b Tutustu tuotteeseen ja tilaa k\u00e4tev\u00e4sti STORIT-verkkokaupasta!","breadcrumb":{"@id":"https:\/\/storitgroup.com\/fi\/tuote\/poytalevy-b-swt-12-sarjan-tyopoytaan-vaneri\/#breadcrumb"},"inLanguage":"fi","potentialAction":[{"@type":"ReadAction","target":["https:\/\/storitgroup.com\/fi\/tuote\/poytalevy-b-swt-12-sarjan-tyopoytaan-vaneri\/"]}]},{"@type":"ImageObject","inLanguage":"fi","@id":"https:\/\/storitgroup.com\/fi\/tuote\/poytalevy-b-swt-12-sarjan-tyopoytaan-vaneri\/#primaryimage","url":"https:\/\/storitgroup.com\/uploads\/2021\/03\/15.2-mwxswt0423060401.jpg","contentUrl":"https:\/\/storitgroup.com\/uploads\/2021\/03\/15.2-mwxswt0423060401.jpg","width":499,"height":403},{"@type":"BreadcrumbList","@id":"https:\/\/storitgroup.com\/fi\/tuote\/poytalevy-b-swt-12-sarjan-tyopoytaan-vaneri\/#breadcrumb","itemListElement":[{"@type":"ListItem","position":1,"name":"Kotisivu","item":"https:\/\/storitgroup.com\/fi\/"},{"@type":"ListItem","position":2,"name":"Tuotteet","item":"https:\/\/storitgroup.com\/fi\/tuotteet\/"},{"@type":"ListItem","position":3,"name":"P\u00f6yd\u00e4t, tuolit, ty\u00f6kaluvarasto","item":"https:\/\/storitgroup.com\/fi\/poydat-tuolit-tyokaluvarasto\/"},{"@type":"ListItem","position":4,"name":"Ty\u00f6p\u00f6yd\u00e4t","item":"https:\/\/storitgroup.com\/fi\/poydat-tuolit-tyokaluvarasto\/tyopoydat\/"},{"@type":"ListItem","position":5,"name":"Ty\u00f6p\u00f6yd\u00e4t: STORIT","item":"https:\/\/storitgroup.com\/fi\/poydat-tuolit-tyokaluvarasto\/tyopoydat\/tyopoydat-storit-tyopoydat\/"},{"@type":"ListItem","position":6,"name":"Vanerilevy Storit Swt 12-sarjan ty\u00f6p\u00f6yt\u00e4lle"}]},{"@type":"WebSite","@id":"https:\/\/storitgroup.com\/fi\/#website","url":"https:\/\/storitgroup.com\/fi\/","name":"Storit","description":"","potentialAction":[{"@type":"SearchAction","target":{"@type":"EntryPoint","urlTemplate":"https:\/\/storitgroup.com\/fi\/?s={search_term_string}"},"query-input":{"@type":"PropertyValueSpecification","valueRequired":true,"valueName":"search_term_string"}}],"inLanguage":"fi"}]}},"_links":{"self":[{"href":"https:\/\/storitgroup.com\/fi\/wp-json\/wp\/v2\/product\/15318","targetHints":{"allow":["GET"]}}],"collection":[{"href":"https:\/\/storitgroup.com\/fi\/wp-json\/wp\/v2\/product"}],"about":[{"href":"https:\/\/storitgroup.com\/fi\/wp-json\/wp\/v2\/types\/product"}],"wp:featuredmedia":[{"embeddable":true,"href":"https:\/\/storitgroup.com\/fi\/wp-json\/wp\/v2\/media\/214398"}],"wp:attachment":[{"href":"https:\/\/storitgroup.com\/fi\/wp-json\/wp\/v2\/media?parent=15318"}],"wp:term":[{"taxonomy":"product_brand","embeddable":true,"href":"https:\/\/storitgroup.com\/fi\/wp-json\/wp\/v2\/product_brand?post=15318"},{"taxonomy":"product_cat","embeddable":true,"href":"https:\/\/storitgroup.com\/fi\/wp-json\/wp\/v2\/product_cat?post=15318"},{"taxonomy":"product_tag","embeddable":true,"href":"https:\/\/storitgroup.com\/fi\/wp-json\/wp\/v2\/product_tag?post=15318"}],"curies":[{"name":"wp","href":"https:\/\/api.w.org\/{rel}","templated":true}]}}