{"id":15039,"date":"2021-03-05T15:53:04","date_gmt":"2021-03-05T13:53:04","guid":{"rendered":"https:\/\/storitgroup.com\/?post_type=product&#038;p=15039"},"modified":"2024-11-25T15:00:38","modified_gmt":"2024-11-25T13:00:38","slug":"urheiluvalinekaappi-sbm-212-ral7035-5010","status":"publish","type":"product","link":"https:\/\/storitgroup.com\/fi\/tuote\/urheiluvalinekaappi-sbm-212-ral7035-5010\/","title":{"rendered":"Urheiluv\u00e4linekaappi Storit Sbm 212, RAL7035\/5010"},"content":{"rendered":"<p>Ruosteenkest\u00e4v\u00e4 urheiluv\u00e4linekaappi on pulverimaalattu ja valittavissa on 16 perusv\u00e4ri\u00e4. RAL-katalogin j\u00e4ljelle j\u00e4\u00e4v\u00e4t v\u00e4rit ovat saatavilla pienell\u00e4 lis\u00e4maksulla. Kaapin ovet ovat rei\u00b4itetty paremman ilmanvaihdon varmistamiseksi. Urheiluv\u00e4lineiden paremman j\u00e4rjestelyn vuoksi on standardivarusteena kaapissa:<\/p>\n<p>&#8211; koukut, esim. hyppynarujen ripustamiseen,<br \/>&#8211; hylly reunakaiteella,<br \/>&#8211; kehyslaatikko jakajilla, joka tekee jousien, voimistelukeppien jne. s\u00e4ilytt\u00e4misest\u00e4 erityisen helppoa.<\/p>\n<p>Kaapin lis\u00e4varusteena on mahdollista ostaa pieni laatikko, joka on k\u00e4tev\u00e4 vihellyspillej\u00e4, sekuntikelloja ja muita pienempi\u00e4 tavaroita varten.<br \/>Hyllyjen korkeus on s\u00e4\u00e4dett\u00e4viss\u00e4.<br \/>Urheilukaapin ovet ovat lukittavat ja niihin sis\u00e4ltyy 2 avainta.<\/p>\n","protected":false},"excerpt":{"rendered":"<p>Ruosteenkest\u00e4v\u00e4 urheiluv\u00e4linekaappi on pulverimaalattu ja valittavissa on 16 perusv\u00e4ri\u00e4. RAL-katalogin j\u00e4ljelle j\u00e4\u00e4v\u00e4t v\u00e4rit ovat saatavilla pienell\u00e4 lis\u00e4maksulla. Kaapin ovet ovat rei\u00b4itetty paremman ilmanvaihdon varmistamiseksi. Urheiluv\u00e4lineiden paremman j\u00e4rjestelyn vuoksi on standardivarusteena kaapissa:<\/p>\n<p>&#8211; koukut, esim. hyppynarujen ripustamiseen,<\/p>\n","protected":false},"featured_media":184805,"template":"","meta":{"_acf_changed":false},"product_brand":[],"product_cat":[7059],"product_tag":[],"class_list":{"0":"post-15039","1":"product","2":"type-product","3":"status-publish","4":"has-post-thumbnail","6":"product_room-koulut-ja-paivakodit","7":"product_room-kotiratkaisut","8":"product_room-pukuhuone","9":"product_cat-lokerikkokaapit","11":"first","12":"onbackorder","13":"taxable","14":"shipping-taxable","15":"purchasable","16":"product-type-simple"},"acf":[],"yoast_head":"<!-- This site is optimized with the Yoast SEO plugin v27.3 - https:\/\/yoast.com\/product\/yoast-seo-wordpress\/ -->\n<title>Urheiluv\u00e4linekaappi Storit Sbm 212, RAL7035\/5010 &#8226; Storit<\/title>\n<meta name=\"description\" content=\"Urheiluv\u00e4linekaappi Storit Sbm 212, RAL7035\/5010 \u2014 kohtuulliseen hintaan. Toimitukset kaikkialle Suomeen! \u261b Tutustu tuotteeseen ja tilaa k\u00e4tev\u00e4sti STORIT-verkkokaupasta!\" \/>\n<meta name=\"robots\" content=\"index, follow, max-snippet:-1, max-image-preview:large, max-video-preview:-1\" \/>\n<link rel=\"canonical\" href=\"https:\/\/storitgroup.com\/fi\/tuote\/urheiluvalinekaappi-sbm-212-ral7035-5010\/\" \/>\n<meta property=\"og:locale\" content=\"fi_FI\" \/>\n<meta property=\"og:type\" content=\"article\" \/>\n<meta property=\"og:title\" content=\"Urheiluv\u00e4linekaappi Storit Sbm 212, RAL7035\/5010 &#8226; Storit\" \/>\n<meta property=\"og:description\" content=\"Urheiluv\u00e4linekaappi Storit Sbm 212, RAL7035\/5010 \u2014 kohtuulliseen hintaan. Toimitukset kaikkialle Suomeen! \u261b Tutustu tuotteeseen ja tilaa k\u00e4tev\u00e4sti STORIT-verkkokaupasta!\" \/>\n<meta property=\"og:url\" content=\"https:\/\/storitgroup.com\/fi\/tuote\/urheiluvalinekaappi-sbm-212-ral7035-5010\/\" \/>\n<meta property=\"og:site_name\" content=\"Storit\" \/>\n<meta property=\"article:modified_time\" content=\"2024-11-25T13:00:38+00:00\" \/>\n<meta property=\"og:image\" content=\"https:\/\/storitgroup.com\/uploads\/2021\/03\/k0062-scaled.jpg\" \/>\n\t<meta property=\"og:image:width\" content=\"2560\" \/>\n\t<meta property=\"og:image:height\" content=\"1911\" \/>\n\t<meta property=\"og:image:type\" content=\"image\/jpeg\" \/>\n<meta name=\"twitter:card\" content=\"summary_large_image\" \/>\n<script type=\"application\/ld+json\" class=\"yoast-schema-graph\">{\"@context\":\"https:\\\/\\\/schema.org\",\"@graph\":[{\"@type\":[\"WebPage\",\"ItemPage\"],\"@id\":\"https:\\\/\\\/storitgroup.com\\\/fi\\\/tuote\\\/urheiluvalinekaappi-sbm-212-ral7035-5010\\\/\",\"url\":\"https:\\\/\\\/storitgroup.com\\\/fi\\\/tuote\\\/urheiluvalinekaappi-sbm-212-ral7035-5010\\\/\",\"name\":\"Urheiluv\u00e4linekaappi Storit Sbm 212, RAL7035\\\/5010 &#8226; Storit\",\"isPartOf\":{\"@id\":\"https:\\\/\\\/storitgroup.com\\\/fi\\\/#website\"},\"primaryImageOfPage\":{\"@id\":\"https:\\\/\\\/storitgroup.com\\\/fi\\\/tuote\\\/urheiluvalinekaappi-sbm-212-ral7035-5010\\\/#primaryimage\"},\"image\":{\"@id\":\"https:\\\/\\\/storitgroup.com\\\/fi\\\/tuote\\\/urheiluvalinekaappi-sbm-212-ral7035-5010\\\/#primaryimage\"},\"thumbnailUrl\":\"https:\\\/\\\/storitgroup.com\\\/uploads\\\/2021\\\/03\\\/k0062-scaled.jpg\",\"datePublished\":\"2021-03-05T13:53:04+00:00\",\"dateModified\":\"2024-11-25T13:00:38+00:00\",\"description\":\"Urheiluv\u00e4linekaappi Storit Sbm 212, RAL7035\\\/5010 \u2014 kohtuulliseen hintaan. Toimitukset kaikkialle Suomeen! \u261b Tutustu tuotteeseen ja tilaa k\u00e4tev\u00e4sti STORIT-verkkokaupasta!\",\"breadcrumb\":{\"@id\":\"https:\\\/\\\/storitgroup.com\\\/fi\\\/tuote\\\/urheiluvalinekaappi-sbm-212-ral7035-5010\\\/#breadcrumb\"},\"inLanguage\":\"fi\",\"potentialAction\":[{\"@type\":\"ReadAction\",\"target\":[\"https:\\\/\\\/storitgroup.com\\\/fi\\\/tuote\\\/urheiluvalinekaappi-sbm-212-ral7035-5010\\\/\"]}]},{\"@type\":\"ImageObject\",\"inLanguage\":\"fi\",\"@id\":\"https:\\\/\\\/storitgroup.com\\\/fi\\\/tuote\\\/urheiluvalinekaappi-sbm-212-ral7035-5010\\\/#primaryimage\",\"url\":\"https:\\\/\\\/storitgroup.com\\\/uploads\\\/2021\\\/03\\\/k0062-scaled.jpg\",\"contentUrl\":\"https:\\\/\\\/storitgroup.com\\\/uploads\\\/2021\\\/03\\\/k0062-scaled.jpg\",\"width\":2560,\"height\":1911},{\"@type\":\"BreadcrumbList\",\"@id\":\"https:\\\/\\\/storitgroup.com\\\/fi\\\/tuote\\\/urheiluvalinekaappi-sbm-212-ral7035-5010\\\/#breadcrumb\",\"itemListElement\":[{\"@type\":\"ListItem\",\"position\":1,\"name\":\"Kotisivu\",\"item\":\"https:\\\/\\\/storitgroup.com\\\/fi\\\/\"},{\"@type\":\"ListItem\",\"position\":2,\"name\":\"Tuotteet\",\"item\":\"https:\\\/\\\/storitgroup.com\\\/fi\\\/tuotteet\\\/\"},{\"@type\":\"ListItem\",\"position\":3,\"name\":\"Metallikaapit, pukukaapit\",\"item\":\"https:\\\/\\\/storitgroup.com\\\/fi\\\/metallikaapit-pukukaapit\\\/\"},{\"@type\":\"ListItem\",\"position\":4,\"name\":\"Lokerikkokaapit\",\"item\":\"https:\\\/\\\/storitgroup.com\\\/fi\\\/metallikaapit-pukukaapit\\\/lokerikkokaapit\\\/\"},{\"@type\":\"ListItem\",\"position\":5,\"name\":\"Urheiluv\u00e4linekaappi Storit Sbm 212, RAL7035\\\/5010\"}]},{\"@type\":\"WebSite\",\"@id\":\"https:\\\/\\\/storitgroup.com\\\/fi\\\/#website\",\"url\":\"https:\\\/\\\/storitgroup.com\\\/fi\\\/\",\"name\":\"Storit\",\"description\":\"\",\"potentialAction\":[{\"@type\":\"SearchAction\",\"target\":{\"@type\":\"EntryPoint\",\"urlTemplate\":\"https:\\\/\\\/storitgroup.com\\\/fi\\\/?s={search_term_string}\"},\"query-input\":{\"@type\":\"PropertyValueSpecification\",\"valueRequired\":true,\"valueName\":\"search_term_string\"}}],\"inLanguage\":\"fi\"}]}<\/script>\n<!-- \/ Yoast SEO plugin. -->","yoast_head_json":{"title":"Urheiluv\u00e4linekaappi Storit Sbm 212, RAL7035\/5010 &#8226; Storit","description":"Urheiluv\u00e4linekaappi Storit Sbm 212, RAL7035\/5010 \u2014 kohtuulliseen hintaan. Toimitukset kaikkialle Suomeen! \u261b Tutustu tuotteeseen ja tilaa k\u00e4tev\u00e4sti STORIT-verkkokaupasta!","robots":{"index":"index","follow":"follow","max-snippet":"max-snippet:-1","max-image-preview":"max-image-preview:large","max-video-preview":"max-video-preview:-1"},"canonical":"https:\/\/storitgroup.com\/fi\/tuote\/urheiluvalinekaappi-sbm-212-ral7035-5010\/","og_locale":"fi_FI","og_type":"article","og_title":"Urheiluv\u00e4linekaappi Storit Sbm 212, RAL7035\/5010 &#8226; Storit","og_description":"Urheiluv\u00e4linekaappi Storit Sbm 212, RAL7035\/5010 \u2014 kohtuulliseen hintaan. Toimitukset kaikkialle Suomeen! \u261b Tutustu tuotteeseen ja tilaa k\u00e4tev\u00e4sti STORIT-verkkokaupasta!","og_url":"https:\/\/storitgroup.com\/fi\/tuote\/urheiluvalinekaappi-sbm-212-ral7035-5010\/","og_site_name":"Storit","article_modified_time":"2024-11-25T13:00:38+00:00","og_image":[{"width":2560,"height":1911,"url":"https:\/\/storitgroup.com\/uploads\/2021\/03\/k0062-scaled.jpg","type":"image\/jpeg"}],"twitter_card":"summary_large_image","schema":{"@context":"https:\/\/schema.org","@graph":[{"@type":["WebPage","ItemPage"],"@id":"https:\/\/storitgroup.com\/fi\/tuote\/urheiluvalinekaappi-sbm-212-ral7035-5010\/","url":"https:\/\/storitgroup.com\/fi\/tuote\/urheiluvalinekaappi-sbm-212-ral7035-5010\/","name":"Urheiluv\u00e4linekaappi Storit Sbm 212, RAL7035\/5010 &#8226; Storit","isPartOf":{"@id":"https:\/\/storitgroup.com\/fi\/#website"},"primaryImageOfPage":{"@id":"https:\/\/storitgroup.com\/fi\/tuote\/urheiluvalinekaappi-sbm-212-ral7035-5010\/#primaryimage"},"image":{"@id":"https:\/\/storitgroup.com\/fi\/tuote\/urheiluvalinekaappi-sbm-212-ral7035-5010\/#primaryimage"},"thumbnailUrl":"https:\/\/storitgroup.com\/uploads\/2021\/03\/k0062-scaled.jpg","datePublished":"2021-03-05T13:53:04+00:00","dateModified":"2024-11-25T13:00:38+00:00","description":"Urheiluv\u00e4linekaappi Storit Sbm 212, RAL7035\/5010 \u2014 kohtuulliseen hintaan. Toimitukset kaikkialle Suomeen! \u261b Tutustu tuotteeseen ja tilaa k\u00e4tev\u00e4sti STORIT-verkkokaupasta!","breadcrumb":{"@id":"https:\/\/storitgroup.com\/fi\/tuote\/urheiluvalinekaappi-sbm-212-ral7035-5010\/#breadcrumb"},"inLanguage":"fi","potentialAction":[{"@type":"ReadAction","target":["https:\/\/storitgroup.com\/fi\/tuote\/urheiluvalinekaappi-sbm-212-ral7035-5010\/"]}]},{"@type":"ImageObject","inLanguage":"fi","@id":"https:\/\/storitgroup.com\/fi\/tuote\/urheiluvalinekaappi-sbm-212-ral7035-5010\/#primaryimage","url":"https:\/\/storitgroup.com\/uploads\/2021\/03\/k0062-scaled.jpg","contentUrl":"https:\/\/storitgroup.com\/uploads\/2021\/03\/k0062-scaled.jpg","width":2560,"height":1911},{"@type":"BreadcrumbList","@id":"https:\/\/storitgroup.com\/fi\/tuote\/urheiluvalinekaappi-sbm-212-ral7035-5010\/#breadcrumb","itemListElement":[{"@type":"ListItem","position":1,"name":"Kotisivu","item":"https:\/\/storitgroup.com\/fi\/"},{"@type":"ListItem","position":2,"name":"Tuotteet","item":"https:\/\/storitgroup.com\/fi\/tuotteet\/"},{"@type":"ListItem","position":3,"name":"Metallikaapit, pukukaapit","item":"https:\/\/storitgroup.com\/fi\/metallikaapit-pukukaapit\/"},{"@type":"ListItem","position":4,"name":"Lokerikkokaapit","item":"https:\/\/storitgroup.com\/fi\/metallikaapit-pukukaapit\/lokerikkokaapit\/"},{"@type":"ListItem","position":5,"name":"Urheiluv\u00e4linekaappi Storit Sbm 212, RAL7035\/5010"}]},{"@type":"WebSite","@id":"https:\/\/storitgroup.com\/fi\/#website","url":"https:\/\/storitgroup.com\/fi\/","name":"Storit","description":"","potentialAction":[{"@type":"SearchAction","target":{"@type":"EntryPoint","urlTemplate":"https:\/\/storitgroup.com\/fi\/?s={search_term_string}"},"query-input":{"@type":"PropertyValueSpecification","valueRequired":true,"valueName":"search_term_string"}}],"inLanguage":"fi"}]}},"_links":{"self":[{"href":"https:\/\/storitgroup.com\/fi\/wp-json\/wp\/v2\/product\/15039","targetHints":{"allow":["GET"]}}],"collection":[{"href":"https:\/\/storitgroup.com\/fi\/wp-json\/wp\/v2\/product"}],"about":[{"href":"https:\/\/storitgroup.com\/fi\/wp-json\/wp\/v2\/types\/product"}],"wp:featuredmedia":[{"embeddable":true,"href":"https:\/\/storitgroup.com\/fi\/wp-json\/wp\/v2\/media\/184805"}],"wp:attachment":[{"href":"https:\/\/storitgroup.com\/fi\/wp-json\/wp\/v2\/media?parent=15039"}],"wp:term":[{"taxonomy":"product_brand","embeddable":true,"href":"https:\/\/storitgroup.com\/fi\/wp-json\/wp\/v2\/product_brand?post=15039"},{"taxonomy":"product_cat","embeddable":true,"href":"https:\/\/storitgroup.com\/fi\/wp-json\/wp\/v2\/product_cat?post=15039"},{"taxonomy":"product_tag","embeddable":true,"href":"https:\/\/storitgroup.com\/fi\/wp-json\/wp\/v2\/product_tag?post=15039"}],"curies":[{"name":"wp","href":"https:\/\/api.w.org\/{rel}","templated":true}]}}