{"id":15024,"date":"2021-03-05T15:52:50","date_gmt":"2021-03-05T13:52:50","guid":{"rendered":"https:\/\/storitgroup.com\/?post_type=product&#038;p=15024"},"modified":"2024-11-25T15:00:30","modified_gmt":"2024-11-25T13:00:30","slug":"tietokonekaappi-smk-4a-ral7035-5010","status":"publish","type":"product","link":"https:\/\/storitgroup.com\/fi\/tuote\/tietokonekaappi-smk-4a-ral7035-5010\/","title":{"rendered":"Tietokonekaappi Storit Smk 4a tuuletimella, RAL7035\/5010, jopa 23&#8243; n\u00e4yt\u00f6lle"},"content":{"rendered":"<p>Tietokonekaappi on pulverimaalattu ja voit valita 16 perusv\u00e4rist\u00e4. Muut RAL-luettelon v\u00e4rit ovat saatavilla pient\u00e4 lis\u00e4maksua vastaan. Hitsattu ter\u00e4skaappi on tarkoitettu k\u00e4ytett\u00e4v\u00e4ksi teollisuudessa, tuotannossa, varastoissa jne. suojaamaan tietokonetta p\u00f6lylt\u00e4, lialta, mekaanisilta vaurioilta ja luvattomalta k\u00e4ytt\u00e4jilt\u00e4.<\/p>\n<p>Kaapissa on 3 erikseen lukittavaa osa:<br \/>&#8211; yl\u00e4osa on n\u00e4yt\u00f6lle 23&#8243; asti ja se on suojattu 4 mm karkaistulla lasilla<br \/>&#8211; keskiosassa on ulosvedett\u00e4v\u00e4 n\u00e4pp\u00e4imist\u00f6laatikko taitettavan luukun takana <br \/>&#8211; alaosassa on 25 mm:n v\u00e4lein s\u00e4\u00e4dett\u00e4v\u00e4 hylly, jonka kantavuus on jopa 40 kg.<\/p>\n<p> Kaapin vakiovarusteisiin kuuluvat:<br \/>&#8211; tuuletin toimivan tietokoneen j\u00e4\u00e4hdytt\u00e4miseen<br \/>&#8211; pistorasia useilla liittimill\u00e4.<br \/>&#8211; s\u00e4\u00e4dett\u00e4v\u00e4t jalat mahdollistaen sen sijoittamisen ep\u00e4tasaiselle pinnalle.<\/p>\n","protected":false},"excerpt":{"rendered":"<p>Tietokonekaappi on pulverimaalattu ja voit valita 16 perusv\u00e4rist\u00e4. Muut RAL-luettelon v\u00e4rit ovat saatavilla pient\u00e4 lis\u00e4maksua vastaan. Hitsattu ter\u00e4skaappi on tarkoitettu k\u00e4ytett\u00e4v\u00e4ksi teollisuudessa, tuotannossa, varastoissa jne. suojaamaan tietokonetta p\u00f6lylt\u00e4, lialta, mekaanisilta vaurioilta ja luvattomalta k\u00e4ytt\u00e4jilt\u00e4.<\/p>\n<p>Kaapissa on 3 erikseen lukittavaa osa:<\/p>\n","protected":false},"featured_media":204621,"template":"","meta":{"_acf_changed":false},"product_brand":[],"product_cat":[7074],"product_tag":[],"class_list":{"0":"post-15024","1":"product","2":"type-product","3":"status-publish","4":"has-post-thumbnail","6":"product_room-toimisto","7":"product_room-koulut-ja-paivakodit","8":"product_cat-tietokonekaapit","10":"first","11":"onbackorder","12":"taxable","13":"shipping-taxable","14":"purchasable","15":"product-type-simple"},"acf":[],"yoast_head":"<!-- This site is optimized with the Yoast SEO plugin v27.2 - https:\/\/yoast.com\/product\/yoast-seo-wordpress\/ -->\n<title>Tietokonekaappi Storit Smk 4a tuuletimella, RAL7035\/5010, jopa 23&quot; n\u00e4yt\u00f6lle &#8226; Storit<\/title>\n<meta name=\"description\" content=\"Tietokonekaappi Storit Smk 4a tuuletimella, RAL7035\/5010, jopa 23&quot; n\u00e4yt\u00f6lle \u2014 kohtuulliseen hintaan. Toimitukset kaikkialle Suomeen! \u261b Tutustu tuotteeseen ja tilaa k\u00e4tev\u00e4sti STORIT-verkkokaupasta!\" \/>\n<meta name=\"robots\" content=\"index, follow, max-snippet:-1, max-image-preview:large, max-video-preview:-1\" \/>\n<link rel=\"canonical\" href=\"https:\/\/storitgroup.com\/fi\/tuote\/tietokonekaappi-smk-4a-ral7035-5010\/\" \/>\n<meta property=\"og:locale\" content=\"fi_FI\" \/>\n<meta property=\"og:type\" content=\"article\" \/>\n<meta property=\"og:title\" content=\"Tietokonekaappi Storit Smk 4a tuuletimella, RAL7035\/5010, jopa 23&quot; n\u00e4yt\u00f6lle &#8226; Storit\" \/>\n<meta property=\"og:description\" content=\"Tietokonekaappi Storit Smk 4a tuuletimella, RAL7035\/5010, jopa 23&quot; n\u00e4yt\u00f6lle \u2014 kohtuulliseen hintaan. Toimitukset kaikkialle Suomeen! \u261b Tutustu tuotteeseen ja tilaa k\u00e4tev\u00e4sti STORIT-verkkokaupasta!\" \/>\n<meta property=\"og:url\" content=\"https:\/\/storitgroup.com\/fi\/tuote\/tietokonekaappi-smk-4a-ral7035-5010\/\" \/>\n<meta property=\"og:site_name\" content=\"Storit\" \/>\n<meta property=\"article:modified_time\" content=\"2024-11-25T13:00:30+00:00\" \/>\n<meta property=\"og:image\" content=\"https:\/\/storitgroup.com\/uploads\/2021\/03\/14-smk4a-1.jpg\" \/>\n\t<meta property=\"og:image:width\" content=\"479\" \/>\n\t<meta property=\"og:image:height\" content=\"540\" \/>\n\t<meta property=\"og:image:type\" content=\"image\/jpeg\" \/>\n<meta name=\"twitter:card\" content=\"summary_large_image\" \/>\n<meta name=\"twitter:label1\" content=\"Arvioitu lukuaika\" \/>\n\t<meta name=\"twitter:data1\" content=\"1 minuutti\" \/>\n<script type=\"application\/ld+json\" class=\"yoast-schema-graph\">{\"@context\":\"https:\/\/schema.org\",\"@graph\":[{\"@type\":[\"WebPage\",\"ItemPage\"],\"@id\":\"https:\/\/storitgroup.com\/fi\/tuote\/tietokonekaappi-smk-4a-ral7035-5010\/\",\"url\":\"https:\/\/storitgroup.com\/fi\/tuote\/tietokonekaappi-smk-4a-ral7035-5010\/\",\"name\":\"Tietokonekaappi Storit Smk 4a tuuletimella, RAL7035\/5010, jopa 23\\\" n\u00e4yt\u00f6lle &#8226; Storit\",\"isPartOf\":{\"@id\":\"https:\/\/storitgroup.com\/fi\/#website\"},\"primaryImageOfPage\":{\"@id\":\"https:\/\/storitgroup.com\/fi\/tuote\/tietokonekaappi-smk-4a-ral7035-5010\/#primaryimage\"},\"image\":{\"@id\":\"https:\/\/storitgroup.com\/fi\/tuote\/tietokonekaappi-smk-4a-ral7035-5010\/#primaryimage\"},\"thumbnailUrl\":\"https:\/\/storitgroup.com\/uploads\/2021\/03\/14-smk4a-1.jpg\",\"datePublished\":\"2021-03-05T13:52:50+00:00\",\"dateModified\":\"2024-11-25T13:00:30+00:00\",\"description\":\"Tietokonekaappi Storit Smk 4a tuuletimella, RAL7035\/5010, jopa 23\\\" n\u00e4yt\u00f6lle \u2014 kohtuulliseen hintaan. Toimitukset kaikkialle Suomeen! \u261b Tutustu tuotteeseen ja tilaa k\u00e4tev\u00e4sti STORIT-verkkokaupasta!\",\"breadcrumb\":{\"@id\":\"https:\/\/storitgroup.com\/fi\/tuote\/tietokonekaappi-smk-4a-ral7035-5010\/#breadcrumb\"},\"inLanguage\":\"fi\",\"potentialAction\":[{\"@type\":\"ReadAction\",\"target\":[\"https:\/\/storitgroup.com\/fi\/tuote\/tietokonekaappi-smk-4a-ral7035-5010\/\"]}]},{\"@type\":\"ImageObject\",\"inLanguage\":\"fi\",\"@id\":\"https:\/\/storitgroup.com\/fi\/tuote\/tietokonekaappi-smk-4a-ral7035-5010\/#primaryimage\",\"url\":\"https:\/\/storitgroup.com\/uploads\/2021\/03\/14-smk4a-1.jpg\",\"contentUrl\":\"https:\/\/storitgroup.com\/uploads\/2021\/03\/14-smk4a-1.jpg\",\"width\":479,\"height\":540},{\"@type\":\"BreadcrumbList\",\"@id\":\"https:\/\/storitgroup.com\/fi\/tuote\/tietokonekaappi-smk-4a-ral7035-5010\/#breadcrumb\",\"itemListElement\":[{\"@type\":\"ListItem\",\"position\":1,\"name\":\"Kotisivu\",\"item\":\"https:\/\/storitgroup.com\/fi\/\"},{\"@type\":\"ListItem\",\"position\":2,\"name\":\"Tuotteet\",\"item\":\"https:\/\/storitgroup.com\/fi\/tuotteet\/\"},{\"@type\":\"ListItem\",\"position\":3,\"name\":\"Metallikaapit, pukukaapit\",\"item\":\"https:\/\/storitgroup.com\/fi\/metallikaapit-pukukaapit\/\"},{\"@type\":\"ListItem\",\"position\":4,\"name\":\"Tietokonekaapit\",\"item\":\"https:\/\/storitgroup.com\/fi\/metallikaapit-pukukaapit\/tietokonekaapit\/\"},{\"@type\":\"ListItem\",\"position\":5,\"name\":\"Tietokonekaappi Storit Smk 4a tuuletimella, RAL7035\/5010, jopa 23&#8243; n\u00e4yt\u00f6lle\"}]},{\"@type\":\"WebSite\",\"@id\":\"https:\/\/storitgroup.com\/fi\/#website\",\"url\":\"https:\/\/storitgroup.com\/fi\/\",\"name\":\"Storit\",\"description\":\"\",\"potentialAction\":[{\"@type\":\"SearchAction\",\"target\":{\"@type\":\"EntryPoint\",\"urlTemplate\":\"https:\/\/storitgroup.com\/fi\/?s={search_term_string}\"},\"query-input\":{\"@type\":\"PropertyValueSpecification\",\"valueRequired\":true,\"valueName\":\"search_term_string\"}}],\"inLanguage\":\"fi\"}]}<\/script>\n<!-- \/ Yoast SEO plugin. -->","yoast_head_json":{"title":"Tietokonekaappi Storit Smk 4a tuuletimella, RAL7035\/5010, jopa 23\" n\u00e4yt\u00f6lle &#8226; Storit","description":"Tietokonekaappi Storit Smk 4a tuuletimella, RAL7035\/5010, jopa 23\" n\u00e4yt\u00f6lle \u2014 kohtuulliseen hintaan. Toimitukset kaikkialle Suomeen! \u261b Tutustu tuotteeseen ja tilaa k\u00e4tev\u00e4sti STORIT-verkkokaupasta!","robots":{"index":"index","follow":"follow","max-snippet":"max-snippet:-1","max-image-preview":"max-image-preview:large","max-video-preview":"max-video-preview:-1"},"canonical":"https:\/\/storitgroup.com\/fi\/tuote\/tietokonekaappi-smk-4a-ral7035-5010\/","og_locale":"fi_FI","og_type":"article","og_title":"Tietokonekaappi Storit Smk 4a tuuletimella, RAL7035\/5010, jopa 23\" n\u00e4yt\u00f6lle &#8226; Storit","og_description":"Tietokonekaappi Storit Smk 4a tuuletimella, RAL7035\/5010, jopa 23\" n\u00e4yt\u00f6lle \u2014 kohtuulliseen hintaan. Toimitukset kaikkialle Suomeen! \u261b Tutustu tuotteeseen ja tilaa k\u00e4tev\u00e4sti STORIT-verkkokaupasta!","og_url":"https:\/\/storitgroup.com\/fi\/tuote\/tietokonekaappi-smk-4a-ral7035-5010\/","og_site_name":"Storit","article_modified_time":"2024-11-25T13:00:30+00:00","og_image":[{"width":479,"height":540,"url":"https:\/\/storitgroup.com\/uploads\/2021\/03\/14-smk4a-1.jpg","type":"image\/jpeg"}],"twitter_card":"summary_large_image","twitter_misc":{"Arvioitu lukuaika":"1 minuutti"},"schema":{"@context":"https:\/\/schema.org","@graph":[{"@type":["WebPage","ItemPage"],"@id":"https:\/\/storitgroup.com\/fi\/tuote\/tietokonekaappi-smk-4a-ral7035-5010\/","url":"https:\/\/storitgroup.com\/fi\/tuote\/tietokonekaappi-smk-4a-ral7035-5010\/","name":"Tietokonekaappi Storit Smk 4a tuuletimella, RAL7035\/5010, jopa 23\" n\u00e4yt\u00f6lle &#8226; Storit","isPartOf":{"@id":"https:\/\/storitgroup.com\/fi\/#website"},"primaryImageOfPage":{"@id":"https:\/\/storitgroup.com\/fi\/tuote\/tietokonekaappi-smk-4a-ral7035-5010\/#primaryimage"},"image":{"@id":"https:\/\/storitgroup.com\/fi\/tuote\/tietokonekaappi-smk-4a-ral7035-5010\/#primaryimage"},"thumbnailUrl":"https:\/\/storitgroup.com\/uploads\/2021\/03\/14-smk4a-1.jpg","datePublished":"2021-03-05T13:52:50+00:00","dateModified":"2024-11-25T13:00:30+00:00","description":"Tietokonekaappi Storit Smk 4a tuuletimella, RAL7035\/5010, jopa 23\" n\u00e4yt\u00f6lle \u2014 kohtuulliseen hintaan. Toimitukset kaikkialle Suomeen! \u261b Tutustu tuotteeseen ja tilaa k\u00e4tev\u00e4sti STORIT-verkkokaupasta!","breadcrumb":{"@id":"https:\/\/storitgroup.com\/fi\/tuote\/tietokonekaappi-smk-4a-ral7035-5010\/#breadcrumb"},"inLanguage":"fi","potentialAction":[{"@type":"ReadAction","target":["https:\/\/storitgroup.com\/fi\/tuote\/tietokonekaappi-smk-4a-ral7035-5010\/"]}]},{"@type":"ImageObject","inLanguage":"fi","@id":"https:\/\/storitgroup.com\/fi\/tuote\/tietokonekaappi-smk-4a-ral7035-5010\/#primaryimage","url":"https:\/\/storitgroup.com\/uploads\/2021\/03\/14-smk4a-1.jpg","contentUrl":"https:\/\/storitgroup.com\/uploads\/2021\/03\/14-smk4a-1.jpg","width":479,"height":540},{"@type":"BreadcrumbList","@id":"https:\/\/storitgroup.com\/fi\/tuote\/tietokonekaappi-smk-4a-ral7035-5010\/#breadcrumb","itemListElement":[{"@type":"ListItem","position":1,"name":"Kotisivu","item":"https:\/\/storitgroup.com\/fi\/"},{"@type":"ListItem","position":2,"name":"Tuotteet","item":"https:\/\/storitgroup.com\/fi\/tuotteet\/"},{"@type":"ListItem","position":3,"name":"Metallikaapit, pukukaapit","item":"https:\/\/storitgroup.com\/fi\/metallikaapit-pukukaapit\/"},{"@type":"ListItem","position":4,"name":"Tietokonekaapit","item":"https:\/\/storitgroup.com\/fi\/metallikaapit-pukukaapit\/tietokonekaapit\/"},{"@type":"ListItem","position":5,"name":"Tietokonekaappi Storit Smk 4a tuuletimella, RAL7035\/5010, jopa 23&#8243; n\u00e4yt\u00f6lle"}]},{"@type":"WebSite","@id":"https:\/\/storitgroup.com\/fi\/#website","url":"https:\/\/storitgroup.com\/fi\/","name":"Storit","description":"","potentialAction":[{"@type":"SearchAction","target":{"@type":"EntryPoint","urlTemplate":"https:\/\/storitgroup.com\/fi\/?s={search_term_string}"},"query-input":{"@type":"PropertyValueSpecification","valueRequired":true,"valueName":"search_term_string"}}],"inLanguage":"fi"}]}},"_links":{"self":[{"href":"https:\/\/storitgroup.com\/fi\/wp-json\/wp\/v2\/product\/15024","targetHints":{"allow":["GET"]}}],"collection":[{"href":"https:\/\/storitgroup.com\/fi\/wp-json\/wp\/v2\/product"}],"about":[{"href":"https:\/\/storitgroup.com\/fi\/wp-json\/wp\/v2\/types\/product"}],"wp:featuredmedia":[{"embeddable":true,"href":"https:\/\/storitgroup.com\/fi\/wp-json\/wp\/v2\/media\/204621"}],"wp:attachment":[{"href":"https:\/\/storitgroup.com\/fi\/wp-json\/wp\/v2\/media?parent=15024"}],"wp:term":[{"taxonomy":"product_brand","embeddable":true,"href":"https:\/\/storitgroup.com\/fi\/wp-json\/wp\/v2\/product_brand?post=15024"},{"taxonomy":"product_cat","embeddable":true,"href":"https:\/\/storitgroup.com\/fi\/wp-json\/wp\/v2\/product_cat?post=15024"},{"taxonomy":"product_tag","embeddable":true,"href":"https:\/\/storitgroup.com\/fi\/wp-json\/wp\/v2\/product_tag?post=15024"}],"curies":[{"name":"wp","href":"https:\/\/api.w.org\/{rel}","templated":true}]}}