{"id":14960,"date":"2021-03-05T15:52:16","date_gmt":"2021-03-05T13:52:16","guid":{"rendered":"https:\/\/storitgroup.com\/?post_type=product&#038;p=14960"},"modified":"2024-11-25T14:23:48","modified_gmt":"2024-11-25T12:23:48","slug":"penkkinaulakko-kaksipuolinen-9-9-koukkua-l1500mm-ral7035","status":"publish","type":"product","link":"https:\/\/storitgroup.com\/fi\/tuote\/penkkinaulakko-kaksipuolinen-9-9-koukkua-l1500mm-ral7035\/","title":{"rendered":"Penkkinaulakko Storit 9+9 koukulla, kaksipuolinen 1500&#215;1650 mm, RAL7035"},"content":{"rendered":"<p>Kaksipuolisella penkill\u00e4 koukuilla on hitsattu rakenne ja se on jauhemaalattu vaaleanharmaaksi, istuimen ja selk\u00e4nojan materiaali on lakattua puuta. Kehyksen v\u00e4rit voidaan valita 16 perusv\u00e4rist\u00e4, loput RAL-luettelon v\u00e4rit ovat saatavilla pient\u00e4 lis\u00e4maksua vastaan. <\/p>\n<p>Rakenteeltaan penkki jakaa tilan ja tekee siit\u00e4 yksityisemm\u00e4n, my\u00f6s antaa enemm\u00e4n s\u00e4ilytysvaihtoehtoja esimerkiksi pukuhuoneessa kaappien lis\u00e4ksi.<\/p>\n","protected":false},"excerpt":{"rendered":"<p>Kaksipuolisella penkill\u00e4 koukuilla on hitsattu rakenne ja se on jauhemaalattu vaaleanharmaaksi, istuimen ja selk\u00e4nojan materiaali on lakattua puuta. Kehyksen v\u00e4rit voidaan valita 16 perusv\u00e4rist\u00e4, loput RAL-luettelon v\u00e4rit ovat saatavilla pient\u00e4 lis\u00e4maksua vastaan. <\/p>\n<p>Rakenteeltaan penkki jakaa tilan ja tekee siit\u00e4 yksityisemm\u00e4n, my\u00f6s antaa enemm\u00e4n s\u00e4ilytysvaihtoehtoja esimerkiksi pukuhuoneessa kaappien lis\u00e4ksi.<\/p>\n","protected":false},"featured_media":218273,"template":"","meta":{"_acf_changed":false},"product_brand":[],"product_cat":[7061],"product_tag":[],"class_list":{"0":"post-14960","1":"product","2":"type-product","3":"status-publish","4":"has-post-thumbnail","6":"product_room-kotiratkaisut","7":"product_room-kiinteistokehitys","8":"product_room-pukuhuone","9":"product_room-tyopaja-ja-autotalli","10":"product_room-toimisto","11":"product_room-koulut-ja-paivakodit","12":"product_cat-penkit-penkkitelineet","14":"first","15":"onbackorder","16":"taxable","17":"shipping-taxable","18":"purchasable","19":"product-type-simple"},"acf":[],"yoast_head":"<!-- This site is optimized with the Yoast SEO plugin v27.2 - https:\/\/yoast.com\/product\/yoast-seo-wordpress\/ -->\n<title>Penkkinaulakko Storit 9+9 koukulla, kaksipuolinen 1500x1650 mm, RAL7035 &#8226; Storit<\/title>\n<meta name=\"description\" content=\"Penkkinaulakko Storit 9+9 koukulla, kaksipuolinen 1500x1650 mm, RAL7035 \u2014 kohtuulliseen hintaan. Toimitukset kaikkialle Suomeen! \u261b Tutustu tuotteeseen ja tilaa k\u00e4tev\u00e4sti STORIT-verkkokaupasta!\" \/>\n<meta name=\"robots\" content=\"index, follow, max-snippet:-1, max-image-preview:large, max-video-preview:-1\" \/>\n<link rel=\"canonical\" href=\"https:\/\/storitgroup.com\/fi\/tuote\/penkkinaulakko-kaksipuolinen-9-9-koukkua-l1500mm-ral7035\/\" \/>\n<meta property=\"og:locale\" content=\"fi_FI\" \/>\n<meta property=\"og:type\" content=\"article\" \/>\n<meta property=\"og:title\" content=\"Penkkinaulakko Storit 9+9 koukulla, kaksipuolinen 1500x1650 mm, RAL7035 &#8226; Storit\" \/>\n<meta property=\"og:description\" content=\"Penkkinaulakko Storit 9+9 koukulla, kaksipuolinen 1500x1650 mm, RAL7035 \u2014 kohtuulliseen hintaan. Toimitukset kaikkialle Suomeen! \u261b Tutustu tuotteeseen ja tilaa k\u00e4tev\u00e4sti STORIT-verkkokaupasta!\" \/>\n<meta property=\"og:url\" content=\"https:\/\/storitgroup.com\/fi\/tuote\/penkkinaulakko-kaksipuolinen-9-9-koukkua-l1500mm-ral7035\/\" \/>\n<meta property=\"og:site_name\" content=\"Storit\" \/>\n<meta property=\"article:modified_time\" content=\"2024-11-25T12:23:48+00:00\" \/>\n<meta property=\"og:image\" content=\"https:\/\/storitgroup.com\/uploads\/2021\/03\/123-lsz2a-2.jpg\" \/>\n\t<meta property=\"og:image:width\" content=\"530\" \/>\n\t<meta property=\"og:image:height\" content=\"531\" \/>\n\t<meta property=\"og:image:type\" content=\"image\/jpeg\" \/>\n<meta name=\"twitter:card\" content=\"summary_large_image\" \/>\n<script type=\"application\/ld+json\" class=\"yoast-schema-graph\">{\"@context\":\"https:\/\/schema.org\",\"@graph\":[{\"@type\":[\"WebPage\",\"ItemPage\"],\"@id\":\"https:\/\/storitgroup.com\/fi\/tuote\/penkkinaulakko-kaksipuolinen-9-9-koukkua-l1500mm-ral7035\/\",\"url\":\"https:\/\/storitgroup.com\/fi\/tuote\/penkkinaulakko-kaksipuolinen-9-9-koukkua-l1500mm-ral7035\/\",\"name\":\"Penkkinaulakko Storit 9+9 koukulla, kaksipuolinen 1500x1650 mm, RAL7035 &#8226; Storit\",\"isPartOf\":{\"@id\":\"https:\/\/storitgroup.com\/fi\/#website\"},\"primaryImageOfPage\":{\"@id\":\"https:\/\/storitgroup.com\/fi\/tuote\/penkkinaulakko-kaksipuolinen-9-9-koukkua-l1500mm-ral7035\/#primaryimage\"},\"image\":{\"@id\":\"https:\/\/storitgroup.com\/fi\/tuote\/penkkinaulakko-kaksipuolinen-9-9-koukkua-l1500mm-ral7035\/#primaryimage\"},\"thumbnailUrl\":\"https:\/\/storitgroup.com\/uploads\/2021\/03\/123-lsz2a-2.jpg\",\"datePublished\":\"2021-03-05T13:52:16+00:00\",\"dateModified\":\"2024-11-25T12:23:48+00:00\",\"description\":\"Penkkinaulakko Storit 9+9 koukulla, kaksipuolinen 1500x1650 mm, RAL7035 \u2014 kohtuulliseen hintaan. Toimitukset kaikkialle Suomeen! \u261b Tutustu tuotteeseen ja tilaa k\u00e4tev\u00e4sti STORIT-verkkokaupasta!\",\"breadcrumb\":{\"@id\":\"https:\/\/storitgroup.com\/fi\/tuote\/penkkinaulakko-kaksipuolinen-9-9-koukkua-l1500mm-ral7035\/#breadcrumb\"},\"inLanguage\":\"fi\",\"potentialAction\":[{\"@type\":\"ReadAction\",\"target\":[\"https:\/\/storitgroup.com\/fi\/tuote\/penkkinaulakko-kaksipuolinen-9-9-koukkua-l1500mm-ral7035\/\"]}]},{\"@type\":\"ImageObject\",\"inLanguage\":\"fi\",\"@id\":\"https:\/\/storitgroup.com\/fi\/tuote\/penkkinaulakko-kaksipuolinen-9-9-koukkua-l1500mm-ral7035\/#primaryimage\",\"url\":\"https:\/\/storitgroup.com\/uploads\/2021\/03\/123-lsz2a-2.jpg\",\"contentUrl\":\"https:\/\/storitgroup.com\/uploads\/2021\/03\/123-lsz2a-2.jpg\",\"width\":530,\"height\":531},{\"@type\":\"BreadcrumbList\",\"@id\":\"https:\/\/storitgroup.com\/fi\/tuote\/penkkinaulakko-kaksipuolinen-9-9-koukkua-l1500mm-ral7035\/#breadcrumb\",\"itemListElement\":[{\"@type\":\"ListItem\",\"position\":1,\"name\":\"Kotisivu\",\"item\":\"https:\/\/storitgroup.com\/fi\/\"},{\"@type\":\"ListItem\",\"position\":2,\"name\":\"Tuotteet\",\"item\":\"https:\/\/storitgroup.com\/fi\/tuotteet\/\"},{\"@type\":\"ListItem\",\"position\":3,\"name\":\"Metallikaapit, pukukaapit\",\"item\":\"https:\/\/storitgroup.com\/fi\/metallikaapit-pukukaapit\/\"},{\"@type\":\"ListItem\",\"position\":4,\"name\":\"Penkit, penkkitelineet\",\"item\":\"https:\/\/storitgroup.com\/fi\/metallikaapit-pukukaapit\/penkit-penkkitelineet\/\"},{\"@type\":\"ListItem\",\"position\":5,\"name\":\"Penkkinaulakko Storit 9+9 koukulla, kaksipuolinen 1500&#215;1650 mm, RAL7035\"}]},{\"@type\":\"WebSite\",\"@id\":\"https:\/\/storitgroup.com\/fi\/#website\",\"url\":\"https:\/\/storitgroup.com\/fi\/\",\"name\":\"Storit\",\"description\":\"\",\"potentialAction\":[{\"@type\":\"SearchAction\",\"target\":{\"@type\":\"EntryPoint\",\"urlTemplate\":\"https:\/\/storitgroup.com\/fi\/?s={search_term_string}\"},\"query-input\":{\"@type\":\"PropertyValueSpecification\",\"valueRequired\":true,\"valueName\":\"search_term_string\"}}],\"inLanguage\":\"fi\"}]}<\/script>\n<!-- \/ Yoast SEO plugin. -->","yoast_head_json":{"title":"Penkkinaulakko Storit 9+9 koukulla, kaksipuolinen 1500x1650 mm, RAL7035 &#8226; Storit","description":"Penkkinaulakko Storit 9+9 koukulla, kaksipuolinen 1500x1650 mm, RAL7035 \u2014 kohtuulliseen hintaan. Toimitukset kaikkialle Suomeen! \u261b Tutustu tuotteeseen ja tilaa k\u00e4tev\u00e4sti STORIT-verkkokaupasta!","robots":{"index":"index","follow":"follow","max-snippet":"max-snippet:-1","max-image-preview":"max-image-preview:large","max-video-preview":"max-video-preview:-1"},"canonical":"https:\/\/storitgroup.com\/fi\/tuote\/penkkinaulakko-kaksipuolinen-9-9-koukkua-l1500mm-ral7035\/","og_locale":"fi_FI","og_type":"article","og_title":"Penkkinaulakko Storit 9+9 koukulla, kaksipuolinen 1500x1650 mm, RAL7035 &#8226; Storit","og_description":"Penkkinaulakko Storit 9+9 koukulla, kaksipuolinen 1500x1650 mm, RAL7035 \u2014 kohtuulliseen hintaan. Toimitukset kaikkialle Suomeen! \u261b Tutustu tuotteeseen ja tilaa k\u00e4tev\u00e4sti STORIT-verkkokaupasta!","og_url":"https:\/\/storitgroup.com\/fi\/tuote\/penkkinaulakko-kaksipuolinen-9-9-koukkua-l1500mm-ral7035\/","og_site_name":"Storit","article_modified_time":"2024-11-25T12:23:48+00:00","og_image":[{"width":530,"height":531,"url":"https:\/\/storitgroup.com\/uploads\/2021\/03\/123-lsz2a-2.jpg","type":"image\/jpeg"}],"twitter_card":"summary_large_image","schema":{"@context":"https:\/\/schema.org","@graph":[{"@type":["WebPage","ItemPage"],"@id":"https:\/\/storitgroup.com\/fi\/tuote\/penkkinaulakko-kaksipuolinen-9-9-koukkua-l1500mm-ral7035\/","url":"https:\/\/storitgroup.com\/fi\/tuote\/penkkinaulakko-kaksipuolinen-9-9-koukkua-l1500mm-ral7035\/","name":"Penkkinaulakko Storit 9+9 koukulla, kaksipuolinen 1500x1650 mm, RAL7035 &#8226; Storit","isPartOf":{"@id":"https:\/\/storitgroup.com\/fi\/#website"},"primaryImageOfPage":{"@id":"https:\/\/storitgroup.com\/fi\/tuote\/penkkinaulakko-kaksipuolinen-9-9-koukkua-l1500mm-ral7035\/#primaryimage"},"image":{"@id":"https:\/\/storitgroup.com\/fi\/tuote\/penkkinaulakko-kaksipuolinen-9-9-koukkua-l1500mm-ral7035\/#primaryimage"},"thumbnailUrl":"https:\/\/storitgroup.com\/uploads\/2021\/03\/123-lsz2a-2.jpg","datePublished":"2021-03-05T13:52:16+00:00","dateModified":"2024-11-25T12:23:48+00:00","description":"Penkkinaulakko Storit 9+9 koukulla, kaksipuolinen 1500x1650 mm, RAL7035 \u2014 kohtuulliseen hintaan. Toimitukset kaikkialle Suomeen! \u261b Tutustu tuotteeseen ja tilaa k\u00e4tev\u00e4sti STORIT-verkkokaupasta!","breadcrumb":{"@id":"https:\/\/storitgroup.com\/fi\/tuote\/penkkinaulakko-kaksipuolinen-9-9-koukkua-l1500mm-ral7035\/#breadcrumb"},"inLanguage":"fi","potentialAction":[{"@type":"ReadAction","target":["https:\/\/storitgroup.com\/fi\/tuote\/penkkinaulakko-kaksipuolinen-9-9-koukkua-l1500mm-ral7035\/"]}]},{"@type":"ImageObject","inLanguage":"fi","@id":"https:\/\/storitgroup.com\/fi\/tuote\/penkkinaulakko-kaksipuolinen-9-9-koukkua-l1500mm-ral7035\/#primaryimage","url":"https:\/\/storitgroup.com\/uploads\/2021\/03\/123-lsz2a-2.jpg","contentUrl":"https:\/\/storitgroup.com\/uploads\/2021\/03\/123-lsz2a-2.jpg","width":530,"height":531},{"@type":"BreadcrumbList","@id":"https:\/\/storitgroup.com\/fi\/tuote\/penkkinaulakko-kaksipuolinen-9-9-koukkua-l1500mm-ral7035\/#breadcrumb","itemListElement":[{"@type":"ListItem","position":1,"name":"Kotisivu","item":"https:\/\/storitgroup.com\/fi\/"},{"@type":"ListItem","position":2,"name":"Tuotteet","item":"https:\/\/storitgroup.com\/fi\/tuotteet\/"},{"@type":"ListItem","position":3,"name":"Metallikaapit, pukukaapit","item":"https:\/\/storitgroup.com\/fi\/metallikaapit-pukukaapit\/"},{"@type":"ListItem","position":4,"name":"Penkit, penkkitelineet","item":"https:\/\/storitgroup.com\/fi\/metallikaapit-pukukaapit\/penkit-penkkitelineet\/"},{"@type":"ListItem","position":5,"name":"Penkkinaulakko Storit 9+9 koukulla, kaksipuolinen 1500&#215;1650 mm, RAL7035"}]},{"@type":"WebSite","@id":"https:\/\/storitgroup.com\/fi\/#website","url":"https:\/\/storitgroup.com\/fi\/","name":"Storit","description":"","potentialAction":[{"@type":"SearchAction","target":{"@type":"EntryPoint","urlTemplate":"https:\/\/storitgroup.com\/fi\/?s={search_term_string}"},"query-input":{"@type":"PropertyValueSpecification","valueRequired":true,"valueName":"search_term_string"}}],"inLanguage":"fi"}]}},"_links":{"self":[{"href":"https:\/\/storitgroup.com\/fi\/wp-json\/wp\/v2\/product\/14960","targetHints":{"allow":["GET"]}}],"collection":[{"href":"https:\/\/storitgroup.com\/fi\/wp-json\/wp\/v2\/product"}],"about":[{"href":"https:\/\/storitgroup.com\/fi\/wp-json\/wp\/v2\/types\/product"}],"wp:featuredmedia":[{"embeddable":true,"href":"https:\/\/storitgroup.com\/fi\/wp-json\/wp\/v2\/media\/218273"}],"wp:attachment":[{"href":"https:\/\/storitgroup.com\/fi\/wp-json\/wp\/v2\/media?parent=14960"}],"wp:term":[{"taxonomy":"product_brand","embeddable":true,"href":"https:\/\/storitgroup.com\/fi\/wp-json\/wp\/v2\/product_brand?post=14960"},{"taxonomy":"product_cat","embeddable":true,"href":"https:\/\/storitgroup.com\/fi\/wp-json\/wp\/v2\/product_cat?post=14960"},{"taxonomy":"product_tag","embeddable":true,"href":"https:\/\/storitgroup.com\/fi\/wp-json\/wp\/v2\/product_tag?post=14960"}],"curies":[{"name":"wp","href":"https:\/\/api.w.org\/{rel}","templated":true}]}}