{"id":14816,"date":"2021-03-05T15:49:59","date_gmt":"2021-03-05T13:49:59","guid":{"rendered":"https:\/\/storitgroup.com\/?post_type=product&#038;p=14816"},"modified":"2026-04-03T23:00:32","modified_gmt":"2026-04-03T20:00:32","slug":"ulosvedettava-jalustapenkki-600mm-ral7035","status":"publish","type":"product","link":"https:\/\/storitgroup.com\/fi\/tuote\/ulosvedettava-jalustapenkki-600mm-ral7035\/","title":{"rendered":"Ulosvedett\u00e4v\u00e4 jalustapenkki Storit 600 mm, RAL7035"},"content":{"rendered":"<p>Hitsattu rakenne ja jauhemaalattu jalkarunko, jossa penkki voidaan ty\u00f6nt\u00e4\u00e4 kaapin alle, s\u00e4\u00e4st\u00e4en siten tilaa.<br \/>Penkin istuin on lakattua puuta.<br \/>Haluttaessa istuin voidaan tilata my\u00f6s muovisilla s\u00e4leill\u00e4, joita suositellaan k\u00e4ytett\u00e4v\u00e4ksi kosteissa tiloissa.<br \/>Kenk\u00e4teline istuimen alle on myyt\u00e4v\u00e4n\u00e4 erikseen.<\/p>\n<p>Runko kiinnitet\u00e4\u00e4n kaapin pohjan l\u00e4pi metalliruuveilla.<\/p>\n","protected":false},"excerpt":{"rendered":"<p>Hitsattu rakenne ja jauhemaalattu jalkarunko, jossa penkki voidaan ty\u00f6nt\u00e4\u00e4 kaapin alle, s\u00e4\u00e4st\u00e4en siten tilaa.<br \/>\nPenkin istuin on lakattua puuta.<br \/>\nHaluttaessa istuin voidaan tilata my\u00f6s muovisilla s\u00e4leill\u00e4, joita suositellaan k\u00e4ytett\u00e4v\u00e4ksi kosteissa tiloissa.<\/p>\n","protected":false},"featured_media":194242,"template":"","meta":{"_acf_changed":false},"product_brand":[],"product_cat":[7058],"product_tag":[],"class_list":{"0":"post-14816","1":"product","2":"type-product","3":"status-publish","4":"has-post-thumbnail","6":"product_room-koulut-ja-paivakodit","7":"product_room-kiinteistokehitys","8":"product_room-pukuhuone","9":"product_room-tyopaja-ja-autotalli","10":"product_room-kaupankaynti-ja-myymalat","11":"product_cat-pukukaapit","13":"first","14":"instock","15":"taxable","16":"shipping-taxable","17":"purchasable","18":"product-type-simple"},"acf":[],"yoast_head":"<!-- This site is optimized with the Yoast SEO plugin v27.2 - https:\/\/yoast.com\/product\/yoast-seo-wordpress\/ -->\n<title>Ulosvedett\u00e4v\u00e4 jalustapenkki Storit 600 mm, RAL7035 &#8226; Storit<\/title>\n<meta name=\"description\" content=\"Ulosvedett\u00e4v\u00e4 jalustapenkki Storit 600 mm, RAL7035 \u2014 kohtuulliseen hintaan. Toimitukset kaikkialle Suomeen! \u261b Tutustu tuotteeseen ja tilaa k\u00e4tev\u00e4sti STORIT-verkkokaupasta!\" \/>\n<meta name=\"robots\" content=\"index, follow, max-snippet:-1, max-image-preview:large, max-video-preview:-1\" \/>\n<link rel=\"canonical\" href=\"https:\/\/storitgroup.com\/fi\/tuote\/ulosvedettava-jalustapenkki-600mm-ral7035\/\" \/>\n<meta property=\"og:locale\" content=\"fi_FI\" \/>\n<meta property=\"og:type\" content=\"article\" \/>\n<meta property=\"og:title\" content=\"Ulosvedett\u00e4v\u00e4 jalustapenkki Storit 600 mm, RAL7035 &#8226; Storit\" \/>\n<meta property=\"og:description\" content=\"Ulosvedett\u00e4v\u00e4 jalustapenkki Storit 600 mm, RAL7035 \u2014 kohtuulliseen hintaan. Toimitukset kaikkialle Suomeen! \u261b Tutustu tuotteeseen ja tilaa k\u00e4tev\u00e4sti STORIT-verkkokaupasta!\" \/>\n<meta property=\"og:url\" content=\"https:\/\/storitgroup.com\/fi\/tuote\/ulosvedettava-jalustapenkki-600mm-ral7035\/\" \/>\n<meta property=\"og:site_name\" content=\"Storit\" \/>\n<meta property=\"article:modified_time\" content=\"2026-04-03T20:00:32+00:00\" \/>\n<meta property=\"og:image\" content=\"https:\/\/storitgroup.com\/uploads\/2021\/03\/pw321w-7035-base-extendable-ks-scaled.jpg\" \/>\n\t<meta property=\"og:image:width\" content=\"2560\" \/>\n\t<meta property=\"og:image:height\" content=\"2191\" \/>\n\t<meta property=\"og:image:type\" content=\"image\/jpeg\" \/>\n<meta name=\"twitter:card\" content=\"summary_large_image\" \/>\n<script type=\"application\/ld+json\" class=\"yoast-schema-graph\">{\"@context\":\"https:\/\/schema.org\",\"@graph\":[{\"@type\":[\"WebPage\",\"ItemPage\"],\"@id\":\"https:\/\/storitgroup.com\/fi\/tuote\/ulosvedettava-jalustapenkki-600mm-ral7035\/\",\"url\":\"https:\/\/storitgroup.com\/fi\/tuote\/ulosvedettava-jalustapenkki-600mm-ral7035\/\",\"name\":\"Ulosvedett\u00e4v\u00e4 jalustapenkki Storit 600 mm, RAL7035 &#8226; Storit\",\"isPartOf\":{\"@id\":\"https:\/\/storitgroup.com\/fi\/#website\"},\"primaryImageOfPage\":{\"@id\":\"https:\/\/storitgroup.com\/fi\/tuote\/ulosvedettava-jalustapenkki-600mm-ral7035\/#primaryimage\"},\"image\":{\"@id\":\"https:\/\/storitgroup.com\/fi\/tuote\/ulosvedettava-jalustapenkki-600mm-ral7035\/#primaryimage\"},\"thumbnailUrl\":\"https:\/\/storitgroup.com\/uploads\/2021\/03\/pw321w-7035-base-extendable-ks-scaled.jpg\",\"datePublished\":\"2021-03-05T13:49:59+00:00\",\"dateModified\":\"2026-04-03T20:00:32+00:00\",\"description\":\"Ulosvedett\u00e4v\u00e4 jalustapenkki Storit 600 mm, RAL7035 \u2014 kohtuulliseen hintaan. Toimitukset kaikkialle Suomeen! \u261b Tutustu tuotteeseen ja tilaa k\u00e4tev\u00e4sti STORIT-verkkokaupasta!\",\"breadcrumb\":{\"@id\":\"https:\/\/storitgroup.com\/fi\/tuote\/ulosvedettava-jalustapenkki-600mm-ral7035\/#breadcrumb\"},\"inLanguage\":\"fi\",\"potentialAction\":[{\"@type\":\"ReadAction\",\"target\":[\"https:\/\/storitgroup.com\/fi\/tuote\/ulosvedettava-jalustapenkki-600mm-ral7035\/\"]}]},{\"@type\":\"ImageObject\",\"inLanguage\":\"fi\",\"@id\":\"https:\/\/storitgroup.com\/fi\/tuote\/ulosvedettava-jalustapenkki-600mm-ral7035\/#primaryimage\",\"url\":\"https:\/\/storitgroup.com\/uploads\/2021\/03\/pw321w-7035-base-extendable-ks-scaled.jpg\",\"contentUrl\":\"https:\/\/storitgroup.com\/uploads\/2021\/03\/pw321w-7035-base-extendable-ks-scaled.jpg\",\"width\":2560,\"height\":2191},{\"@type\":\"BreadcrumbList\",\"@id\":\"https:\/\/storitgroup.com\/fi\/tuote\/ulosvedettava-jalustapenkki-600mm-ral7035\/#breadcrumb\",\"itemListElement\":[{\"@type\":\"ListItem\",\"position\":1,\"name\":\"Kotisivu\",\"item\":\"https:\/\/storitgroup.com\/fi\/\"},{\"@type\":\"ListItem\",\"position\":2,\"name\":\"Tuotteet\",\"item\":\"https:\/\/storitgroup.com\/fi\/tuotteet\/\"},{\"@type\":\"ListItem\",\"position\":3,\"name\":\"Metallikaapit, pukukaapit\",\"item\":\"https:\/\/storitgroup.com\/fi\/metallikaapit-pukukaapit\/\"},{\"@type\":\"ListItem\",\"position\":4,\"name\":\"Pukukaapit\",\"item\":\"https:\/\/storitgroup.com\/fi\/metallikaapit-pukukaapit\/pukukaapit\/\"},{\"@type\":\"ListItem\",\"position\":5,\"name\":\"Ulosvedett\u00e4v\u00e4 jalustapenkki Storit 600 mm, RAL7035\"}]},{\"@type\":\"WebSite\",\"@id\":\"https:\/\/storitgroup.com\/fi\/#website\",\"url\":\"https:\/\/storitgroup.com\/fi\/\",\"name\":\"Storit\",\"description\":\"\",\"potentialAction\":[{\"@type\":\"SearchAction\",\"target\":{\"@type\":\"EntryPoint\",\"urlTemplate\":\"https:\/\/storitgroup.com\/fi\/?s={search_term_string}\"},\"query-input\":{\"@type\":\"PropertyValueSpecification\",\"valueRequired\":true,\"valueName\":\"search_term_string\"}}],\"inLanguage\":\"fi\"}]}<\/script>\n<!-- \/ Yoast SEO plugin. -->","yoast_head_json":{"title":"Ulosvedett\u00e4v\u00e4 jalustapenkki Storit 600 mm, RAL7035 &#8226; Storit","description":"Ulosvedett\u00e4v\u00e4 jalustapenkki Storit 600 mm, RAL7035 \u2014 kohtuulliseen hintaan. Toimitukset kaikkialle Suomeen! \u261b Tutustu tuotteeseen ja tilaa k\u00e4tev\u00e4sti STORIT-verkkokaupasta!","robots":{"index":"index","follow":"follow","max-snippet":"max-snippet:-1","max-image-preview":"max-image-preview:large","max-video-preview":"max-video-preview:-1"},"canonical":"https:\/\/storitgroup.com\/fi\/tuote\/ulosvedettava-jalustapenkki-600mm-ral7035\/","og_locale":"fi_FI","og_type":"article","og_title":"Ulosvedett\u00e4v\u00e4 jalustapenkki Storit 600 mm, RAL7035 &#8226; Storit","og_description":"Ulosvedett\u00e4v\u00e4 jalustapenkki Storit 600 mm, RAL7035 \u2014 kohtuulliseen hintaan. Toimitukset kaikkialle Suomeen! \u261b Tutustu tuotteeseen ja tilaa k\u00e4tev\u00e4sti STORIT-verkkokaupasta!","og_url":"https:\/\/storitgroup.com\/fi\/tuote\/ulosvedettava-jalustapenkki-600mm-ral7035\/","og_site_name":"Storit","article_modified_time":"2026-04-03T20:00:32+00:00","og_image":[{"width":2560,"height":2191,"url":"https:\/\/storitgroup.com\/uploads\/2021\/03\/pw321w-7035-base-extendable-ks-scaled.jpg","type":"image\/jpeg"}],"twitter_card":"summary_large_image","schema":{"@context":"https:\/\/schema.org","@graph":[{"@type":["WebPage","ItemPage"],"@id":"https:\/\/storitgroup.com\/fi\/tuote\/ulosvedettava-jalustapenkki-600mm-ral7035\/","url":"https:\/\/storitgroup.com\/fi\/tuote\/ulosvedettava-jalustapenkki-600mm-ral7035\/","name":"Ulosvedett\u00e4v\u00e4 jalustapenkki Storit 600 mm, RAL7035 &#8226; Storit","isPartOf":{"@id":"https:\/\/storitgroup.com\/fi\/#website"},"primaryImageOfPage":{"@id":"https:\/\/storitgroup.com\/fi\/tuote\/ulosvedettava-jalustapenkki-600mm-ral7035\/#primaryimage"},"image":{"@id":"https:\/\/storitgroup.com\/fi\/tuote\/ulosvedettava-jalustapenkki-600mm-ral7035\/#primaryimage"},"thumbnailUrl":"https:\/\/storitgroup.com\/uploads\/2021\/03\/pw321w-7035-base-extendable-ks-scaled.jpg","datePublished":"2021-03-05T13:49:59+00:00","dateModified":"2026-04-03T20:00:32+00:00","description":"Ulosvedett\u00e4v\u00e4 jalustapenkki Storit 600 mm, RAL7035 \u2014 kohtuulliseen hintaan. Toimitukset kaikkialle Suomeen! \u261b Tutustu tuotteeseen ja tilaa k\u00e4tev\u00e4sti STORIT-verkkokaupasta!","breadcrumb":{"@id":"https:\/\/storitgroup.com\/fi\/tuote\/ulosvedettava-jalustapenkki-600mm-ral7035\/#breadcrumb"},"inLanguage":"fi","potentialAction":[{"@type":"ReadAction","target":["https:\/\/storitgroup.com\/fi\/tuote\/ulosvedettava-jalustapenkki-600mm-ral7035\/"]}]},{"@type":"ImageObject","inLanguage":"fi","@id":"https:\/\/storitgroup.com\/fi\/tuote\/ulosvedettava-jalustapenkki-600mm-ral7035\/#primaryimage","url":"https:\/\/storitgroup.com\/uploads\/2021\/03\/pw321w-7035-base-extendable-ks-scaled.jpg","contentUrl":"https:\/\/storitgroup.com\/uploads\/2021\/03\/pw321w-7035-base-extendable-ks-scaled.jpg","width":2560,"height":2191},{"@type":"BreadcrumbList","@id":"https:\/\/storitgroup.com\/fi\/tuote\/ulosvedettava-jalustapenkki-600mm-ral7035\/#breadcrumb","itemListElement":[{"@type":"ListItem","position":1,"name":"Kotisivu","item":"https:\/\/storitgroup.com\/fi\/"},{"@type":"ListItem","position":2,"name":"Tuotteet","item":"https:\/\/storitgroup.com\/fi\/tuotteet\/"},{"@type":"ListItem","position":3,"name":"Metallikaapit, pukukaapit","item":"https:\/\/storitgroup.com\/fi\/metallikaapit-pukukaapit\/"},{"@type":"ListItem","position":4,"name":"Pukukaapit","item":"https:\/\/storitgroup.com\/fi\/metallikaapit-pukukaapit\/pukukaapit\/"},{"@type":"ListItem","position":5,"name":"Ulosvedett\u00e4v\u00e4 jalustapenkki Storit 600 mm, RAL7035"}]},{"@type":"WebSite","@id":"https:\/\/storitgroup.com\/fi\/#website","url":"https:\/\/storitgroup.com\/fi\/","name":"Storit","description":"","potentialAction":[{"@type":"SearchAction","target":{"@type":"EntryPoint","urlTemplate":"https:\/\/storitgroup.com\/fi\/?s={search_term_string}"},"query-input":{"@type":"PropertyValueSpecification","valueRequired":true,"valueName":"search_term_string"}}],"inLanguage":"fi"}]}},"_links":{"self":[{"href":"https:\/\/storitgroup.com\/fi\/wp-json\/wp\/v2\/product\/14816","targetHints":{"allow":["GET"]}}],"collection":[{"href":"https:\/\/storitgroup.com\/fi\/wp-json\/wp\/v2\/product"}],"about":[{"href":"https:\/\/storitgroup.com\/fi\/wp-json\/wp\/v2\/types\/product"}],"wp:featuredmedia":[{"embeddable":true,"href":"https:\/\/storitgroup.com\/fi\/wp-json\/wp\/v2\/media\/194242"}],"wp:attachment":[{"href":"https:\/\/storitgroup.com\/fi\/wp-json\/wp\/v2\/media?parent=14816"}],"wp:term":[{"taxonomy":"product_brand","embeddable":true,"href":"https:\/\/storitgroup.com\/fi\/wp-json\/wp\/v2\/product_brand?post=14816"},{"taxonomy":"product_cat","embeddable":true,"href":"https:\/\/storitgroup.com\/fi\/wp-json\/wp\/v2\/product_cat?post=14816"},{"taxonomy":"product_tag","embeddable":true,"href":"https:\/\/storitgroup.com\/fi\/wp-json\/wp\/v2\/product_tag?post=14816"}],"curies":[{"name":"wp","href":"https:\/\/api.w.org\/{rel}","templated":true}]}}