{"id":14676,"date":"2021-03-05T13:41:07","date_gmt":"2021-03-05T13:41:07","guid":{"rendered":"https:\/\/storitgroup.com\/?post_type=product&#038;p=14676"},"modified":"2024-11-21T16:22:20","modified_gmt":"2024-11-21T14:22:20","slug":"lavavaunu-2000-x-1000-x-460mm","status":"publish","type":"product","link":"https:\/\/storitgroup.com\/fi\/tuote\/lavavaunu-2000-x-1000-x-460mm\/","title":{"rendered":"Lavavaunu 2000 x 1000 x 460mm"},"content":{"rendered":"<p>E0020  mitat: 2000 x 1000 x 460 mm (plk)<br \/>  max\u00a0dynaaminen kuormitus: 750 kg<br \/>  max\u00a0staattinen kuormitus: 1500 kg<br \/>  luja ter\u00e4sputkirunko, jauhemaalattu<br \/>  kuormataso: vedenpit\u00e4v\u00e4 vaneri<br \/>  vetoaisa \u00d8 24 mm, etupy\u00f6r\u00e4t lukittuvat vetoaisan ollessa yl\u00e4asennossa<br \/>  py\u00f6r\u00e4t: ter\u00e4svanteet, ilmarenkaat\u00a0\u00d8 400 mm<br \/>  paino: 71,5\u00a0kg    Lis\u00e4tarvikkeet &#8211; kulmatolppat, p\u00e4\u00e4dyt tai verkkosivut.<\/p>\n","protected":false},"excerpt":{"rendered":"<p>E0020  mitat: 2000 x 1000 x 460 mm (plk)<br \/>\n  max\u00a0dynaaminen kuormitus: 750 kg<br \/>\n  max\u00a0staattinen kuormitus: 1500 kg<\/p>\n","protected":false},"featured_media":34652,"template":"","meta":{"_acf_changed":false},"product_brand":[],"product_cat":[7080],"product_tag":[],"class_list":{"0":"post-14676","1":"product","2":"type-product","3":"status-publish","4":"has-post-thumbnail","6":"product_room-pieni-varasto","7":"product_room-kuljetus-ja-logistiikka","8":"product_room-arkisto-museo","9":"product_room-kokoonpano-ja-keraily","10":"product_room-kaupankaynti-ja-myymalat","11":"product_room-pakkaus","12":"product_room-iso-varasto","13":"product_cat-tasovaunut-hyllykarryt","15":"first","16":"onbackorder","17":"taxable","18":"shipping-taxable","19":"purchasable","20":"product-type-simple"},"acf":[],"yoast_head":"<!-- This site is optimized with the Yoast SEO plugin v27.3 - https:\/\/yoast.com\/product\/yoast-seo-wordpress\/ -->\n<title>Lavavaunu 2000 x 1000 x 460mm &#8226; Storit<\/title>\n<meta name=\"description\" content=\"Lavavaunu 2000 x 1000 x 460mm \u2014 kohtuulliseen hintaan. Toimitukset kaikkialle Suomeen! \u261b Tutustu tuotteeseen ja tilaa k\u00e4tev\u00e4sti STORIT-verkkokaupasta!\" \/>\n<meta name=\"robots\" content=\"index, follow, max-snippet:-1, max-image-preview:large, max-video-preview:-1\" \/>\n<link rel=\"canonical\" href=\"https:\/\/storitgroup.com\/fi\/tuote\/lavavaunu-2000-x-1000-x-460mm\/\" \/>\n<meta property=\"og:locale\" content=\"fi_FI\" \/>\n<meta property=\"og:type\" content=\"article\" \/>\n<meta property=\"og:title\" content=\"Lavavaunu 2000 x 1000 x 460mm &#8226; Storit\" \/>\n<meta property=\"og:description\" content=\"Lavavaunu 2000 x 1000 x 460mm \u2014 kohtuulliseen hintaan. Toimitukset kaikkialle Suomeen! \u261b Tutustu tuotteeseen ja tilaa k\u00e4tev\u00e4sti STORIT-verkkokaupasta!\" \/>\n<meta property=\"og:url\" content=\"https:\/\/storitgroup.com\/fi\/tuote\/lavavaunu-2000-x-1000-x-460mm\/\" \/>\n<meta property=\"og:site_name\" content=\"Storit\" \/>\n<meta property=\"article:modified_time\" content=\"2024-11-21T14:22:20+00:00\" \/>\n<meta property=\"og:image\" content=\"https:\/\/storitgroup.com\/uploads\/2021\/03\/veokaru-2000-x-1000-x-460-mm-1.png\" \/>\n\t<meta property=\"og:image:width\" content=\"480\" \/>\n\t<meta property=\"og:image:height\" content=\"480\" \/>\n\t<meta property=\"og:image:type\" content=\"image\/png\" \/>\n<meta name=\"twitter:card\" content=\"summary_large_image\" \/>\n<script type=\"application\/ld+json\" class=\"yoast-schema-graph\">{\"@context\":\"https:\\\/\\\/schema.org\",\"@graph\":[{\"@type\":[\"WebPage\",\"ItemPage\"],\"@id\":\"https:\\\/\\\/storitgroup.com\\\/fi\\\/tuote\\\/lavavaunu-2000-x-1000-x-460mm\\\/\",\"url\":\"https:\\\/\\\/storitgroup.com\\\/fi\\\/tuote\\\/lavavaunu-2000-x-1000-x-460mm\\\/\",\"name\":\"Lavavaunu 2000 x 1000 x 460mm &#8226; Storit\",\"isPartOf\":{\"@id\":\"https:\\\/\\\/storitgroup.com\\\/fi\\\/#website\"},\"primaryImageOfPage\":{\"@id\":\"https:\\\/\\\/storitgroup.com\\\/fi\\\/tuote\\\/lavavaunu-2000-x-1000-x-460mm\\\/#primaryimage\"},\"image\":{\"@id\":\"https:\\\/\\\/storitgroup.com\\\/fi\\\/tuote\\\/lavavaunu-2000-x-1000-x-460mm\\\/#primaryimage\"},\"thumbnailUrl\":\"https:\\\/\\\/storitgroup.com\\\/uploads\\\/2021\\\/03\\\/veokaru-2000-x-1000-x-460-mm-1.png\",\"datePublished\":\"2021-03-05T13:41:07+00:00\",\"dateModified\":\"2024-11-21T14:22:20+00:00\",\"description\":\"Lavavaunu 2000 x 1000 x 460mm \u2014 kohtuulliseen hintaan. Toimitukset kaikkialle Suomeen! \u261b Tutustu tuotteeseen ja tilaa k\u00e4tev\u00e4sti STORIT-verkkokaupasta!\",\"breadcrumb\":{\"@id\":\"https:\\\/\\\/storitgroup.com\\\/fi\\\/tuote\\\/lavavaunu-2000-x-1000-x-460mm\\\/#breadcrumb\"},\"inLanguage\":\"fi\",\"potentialAction\":[{\"@type\":\"ReadAction\",\"target\":[\"https:\\\/\\\/storitgroup.com\\\/fi\\\/tuote\\\/lavavaunu-2000-x-1000-x-460mm\\\/\"]}]},{\"@type\":\"ImageObject\",\"inLanguage\":\"fi\",\"@id\":\"https:\\\/\\\/storitgroup.com\\\/fi\\\/tuote\\\/lavavaunu-2000-x-1000-x-460mm\\\/#primaryimage\",\"url\":\"https:\\\/\\\/storitgroup.com\\\/uploads\\\/2021\\\/03\\\/veokaru-2000-x-1000-x-460-mm-1.png\",\"contentUrl\":\"https:\\\/\\\/storitgroup.com\\\/uploads\\\/2021\\\/03\\\/veokaru-2000-x-1000-x-460-mm-1.png\",\"width\":480,\"height\":480},{\"@type\":\"BreadcrumbList\",\"@id\":\"https:\\\/\\\/storitgroup.com\\\/fi\\\/tuote\\\/lavavaunu-2000-x-1000-x-460mm\\\/#breadcrumb\",\"itemListElement\":[{\"@type\":\"ListItem\",\"position\":1,\"name\":\"Kotisivu\",\"item\":\"https:\\\/\\\/storitgroup.com\\\/fi\\\/\"},{\"@type\":\"ListItem\",\"position\":2,\"name\":\"Tuotteet\",\"item\":\"https:\\\/\\\/storitgroup.com\\\/fi\\\/tuotteet\\\/\"},{\"@type\":\"ListItem\",\"position\":3,\"name\":\"Varastovaunut, py\u00f6r\u00e4t\",\"item\":\"https:\\\/\\\/storitgroup.com\\\/fi\\\/varastovaunut-pyorat\\\/\"},{\"@type\":\"ListItem\",\"position\":4,\"name\":\"Tasovaunut, hyllyk\u00e4rryt\",\"item\":\"https:\\\/\\\/storitgroup.com\\\/fi\\\/varastovaunut-pyorat\\\/tasovaunut-hyllykarryt\\\/\"},{\"@type\":\"ListItem\",\"position\":5,\"name\":\"Lavavaunu 2000 x 1000 x 460mm\"}]},{\"@type\":\"WebSite\",\"@id\":\"https:\\\/\\\/storitgroup.com\\\/fi\\\/#website\",\"url\":\"https:\\\/\\\/storitgroup.com\\\/fi\\\/\",\"name\":\"Storit\",\"description\":\"\",\"potentialAction\":[{\"@type\":\"SearchAction\",\"target\":{\"@type\":\"EntryPoint\",\"urlTemplate\":\"https:\\\/\\\/storitgroup.com\\\/fi\\\/?s={search_term_string}\"},\"query-input\":{\"@type\":\"PropertyValueSpecification\",\"valueRequired\":true,\"valueName\":\"search_term_string\"}}],\"inLanguage\":\"fi\"}]}<\/script>\n<!-- \/ Yoast SEO plugin. -->","yoast_head_json":{"title":"Lavavaunu 2000 x 1000 x 460mm &#8226; Storit","description":"Lavavaunu 2000 x 1000 x 460mm \u2014 kohtuulliseen hintaan. Toimitukset kaikkialle Suomeen! \u261b Tutustu tuotteeseen ja tilaa k\u00e4tev\u00e4sti STORIT-verkkokaupasta!","robots":{"index":"index","follow":"follow","max-snippet":"max-snippet:-1","max-image-preview":"max-image-preview:large","max-video-preview":"max-video-preview:-1"},"canonical":"https:\/\/storitgroup.com\/fi\/tuote\/lavavaunu-2000-x-1000-x-460mm\/","og_locale":"fi_FI","og_type":"article","og_title":"Lavavaunu 2000 x 1000 x 460mm &#8226; Storit","og_description":"Lavavaunu 2000 x 1000 x 460mm \u2014 kohtuulliseen hintaan. Toimitukset kaikkialle Suomeen! \u261b Tutustu tuotteeseen ja tilaa k\u00e4tev\u00e4sti STORIT-verkkokaupasta!","og_url":"https:\/\/storitgroup.com\/fi\/tuote\/lavavaunu-2000-x-1000-x-460mm\/","og_site_name":"Storit","article_modified_time":"2024-11-21T14:22:20+00:00","og_image":[{"width":480,"height":480,"url":"https:\/\/storitgroup.com\/uploads\/2021\/03\/veokaru-2000-x-1000-x-460-mm-1.png","type":"image\/png"}],"twitter_card":"summary_large_image","schema":{"@context":"https:\/\/schema.org","@graph":[{"@type":["WebPage","ItemPage"],"@id":"https:\/\/storitgroup.com\/fi\/tuote\/lavavaunu-2000-x-1000-x-460mm\/","url":"https:\/\/storitgroup.com\/fi\/tuote\/lavavaunu-2000-x-1000-x-460mm\/","name":"Lavavaunu 2000 x 1000 x 460mm &#8226; Storit","isPartOf":{"@id":"https:\/\/storitgroup.com\/fi\/#website"},"primaryImageOfPage":{"@id":"https:\/\/storitgroup.com\/fi\/tuote\/lavavaunu-2000-x-1000-x-460mm\/#primaryimage"},"image":{"@id":"https:\/\/storitgroup.com\/fi\/tuote\/lavavaunu-2000-x-1000-x-460mm\/#primaryimage"},"thumbnailUrl":"https:\/\/storitgroup.com\/uploads\/2021\/03\/veokaru-2000-x-1000-x-460-mm-1.png","datePublished":"2021-03-05T13:41:07+00:00","dateModified":"2024-11-21T14:22:20+00:00","description":"Lavavaunu 2000 x 1000 x 460mm \u2014 kohtuulliseen hintaan. Toimitukset kaikkialle Suomeen! \u261b Tutustu tuotteeseen ja tilaa k\u00e4tev\u00e4sti STORIT-verkkokaupasta!","breadcrumb":{"@id":"https:\/\/storitgroup.com\/fi\/tuote\/lavavaunu-2000-x-1000-x-460mm\/#breadcrumb"},"inLanguage":"fi","potentialAction":[{"@type":"ReadAction","target":["https:\/\/storitgroup.com\/fi\/tuote\/lavavaunu-2000-x-1000-x-460mm\/"]}]},{"@type":"ImageObject","inLanguage":"fi","@id":"https:\/\/storitgroup.com\/fi\/tuote\/lavavaunu-2000-x-1000-x-460mm\/#primaryimage","url":"https:\/\/storitgroup.com\/uploads\/2021\/03\/veokaru-2000-x-1000-x-460-mm-1.png","contentUrl":"https:\/\/storitgroup.com\/uploads\/2021\/03\/veokaru-2000-x-1000-x-460-mm-1.png","width":480,"height":480},{"@type":"BreadcrumbList","@id":"https:\/\/storitgroup.com\/fi\/tuote\/lavavaunu-2000-x-1000-x-460mm\/#breadcrumb","itemListElement":[{"@type":"ListItem","position":1,"name":"Kotisivu","item":"https:\/\/storitgroup.com\/fi\/"},{"@type":"ListItem","position":2,"name":"Tuotteet","item":"https:\/\/storitgroup.com\/fi\/tuotteet\/"},{"@type":"ListItem","position":3,"name":"Varastovaunut, py\u00f6r\u00e4t","item":"https:\/\/storitgroup.com\/fi\/varastovaunut-pyorat\/"},{"@type":"ListItem","position":4,"name":"Tasovaunut, hyllyk\u00e4rryt","item":"https:\/\/storitgroup.com\/fi\/varastovaunut-pyorat\/tasovaunut-hyllykarryt\/"},{"@type":"ListItem","position":5,"name":"Lavavaunu 2000 x 1000 x 460mm"}]},{"@type":"WebSite","@id":"https:\/\/storitgroup.com\/fi\/#website","url":"https:\/\/storitgroup.com\/fi\/","name":"Storit","description":"","potentialAction":[{"@type":"SearchAction","target":{"@type":"EntryPoint","urlTemplate":"https:\/\/storitgroup.com\/fi\/?s={search_term_string}"},"query-input":{"@type":"PropertyValueSpecification","valueRequired":true,"valueName":"search_term_string"}}],"inLanguage":"fi"}]}},"_links":{"self":[{"href":"https:\/\/storitgroup.com\/fi\/wp-json\/wp\/v2\/product\/14676","targetHints":{"allow":["GET"]}}],"collection":[{"href":"https:\/\/storitgroup.com\/fi\/wp-json\/wp\/v2\/product"}],"about":[{"href":"https:\/\/storitgroup.com\/fi\/wp-json\/wp\/v2\/types\/product"}],"wp:featuredmedia":[{"embeddable":true,"href":"https:\/\/storitgroup.com\/fi\/wp-json\/wp\/v2\/media\/34652"}],"wp:attachment":[{"href":"https:\/\/storitgroup.com\/fi\/wp-json\/wp\/v2\/media?parent=14676"}],"wp:term":[{"taxonomy":"product_brand","embeddable":true,"href":"https:\/\/storitgroup.com\/fi\/wp-json\/wp\/v2\/product_brand?post=14676"},{"taxonomy":"product_cat","embeddable":true,"href":"https:\/\/storitgroup.com\/fi\/wp-json\/wp\/v2\/product_cat?post=14676"},{"taxonomy":"product_tag","embeddable":true,"href":"https:\/\/storitgroup.com\/fi\/wp-json\/wp\/v2\/product_tag?post=14676"}],"curies":[{"name":"wp","href":"https:\/\/api.w.org\/{rel}","templated":true}]}}