{"id":14663,"date":"2021-03-05T13:40:47","date_gmt":"2021-03-05T13:40:47","guid":{"rendered":"https:\/\/storitgroup.com\/?post_type=product&#038;p=14663"},"modified":"2024-11-21T16:22:00","modified_gmt":"2024-11-21T14:22:00","slug":"sailiokippi-kallistaja-20-25l","status":"publish","type":"product","link":"https:\/\/storitgroup.com\/fi\/tuote\/sailiokippi-kallistaja-20-25l\/","title":{"rendered":"S\u00e4ili\u00f6kippi\/kallistaja 20\/25L"},"content":{"rendered":"<p>S0051  mitat:\u00a0285 x 280 x 410 mm (plk)<br \/>  20 \/ 25 L ter\u00e4stynnyreille<br \/>  materiaali: alusinkitty\u00e4 ter\u00e4st\u00e4<br \/>  voidaan asentaa sein\u00e4lle tai pit\u00e4\u00e4 lattialla<br \/>  sopii maks. \u00d8 285 mm:n tynnyreihin<br \/>  paino: 5,0 kg.    Painavien astioiden turvalliseen tyhjennyksen. Annostele\u00a0varmasti ilman vuotoja ja pid\u00e4 k\u00e4sittely siistin\u00e4\u00a0vankan ja varman rakenteen avulla.  S\u00e4ili\u00f6kipill\u00e4 v\u00e4lt\u00e4t raskaat nostot ja tarpeettomat roiskeet, s\u00e4\u00e4st\u00e4t siten sek\u00e4 selk\u00e4\u00e4 ett\u00e4 ymp\u00e4rist\u00f6\u00e4. S\u00e4ili\u00f6kippi on apuv\u00e4line teollisuudessa, korjaamoissa ja laboratorioissa.    \u00a0  \u00a0<\/p>\n","protected":false},"excerpt":{"rendered":"<p>S0051  mitat:\u00a0285 x 280 x 410 mm (plk)<br \/>\n  20 \/ 25 L ter\u00e4stynnyreille<br \/>\n  materiaali: alusinkitty\u00e4 ter\u00e4st\u00e4<\/p>\n","protected":false},"featured_media":34682,"template":"","meta":{"_acf_changed":false},"product_brand":[],"product_cat":[7084],"product_tag":[],"class_list":{"0":"post-14663","1":"product","2":"type-product","3":"status-publish","4":"has-post-thumbnail","6":"product_room-kotiratkaisut","7":"product_room-pieni-varasto","8":"product_room-tyopaja-ja-autotalli","9":"product_cat-tynnyrikarryt","11":"first","12":"instock","13":"taxable","14":"shipping-taxable","15":"purchasable","16":"product-type-simple"},"acf":[],"yoast_head":"<!-- This site is optimized with the Yoast SEO plugin v27.4 - https:\/\/yoast.com\/product\/yoast-seo-wordpress\/ -->\n<title>S\u00e4ili\u00f6kippi\/kallistaja 20\/25L &#8226; Storit<\/title>\n<meta name=\"description\" content=\"S\u00e4ili\u00f6kippi\/kallistaja 20\/25L \u2014 kohtuulliseen hintaan. Toimitukset kaikkialle Suomeen! \u261b Tutustu tuotteeseen ja tilaa k\u00e4tev\u00e4sti STORIT-verkkokaupasta!\" \/>\n<meta name=\"robots\" content=\"index, follow, max-snippet:-1, max-image-preview:large, max-video-preview:-1\" \/>\n<link rel=\"canonical\" href=\"https:\/\/storitgroup.com\/fi\/tuote\/sailiokippi-kallistaja-20-25l\/\" \/>\n<meta property=\"og:locale\" content=\"fi_FI\" \/>\n<meta property=\"og:type\" content=\"article\" \/>\n<meta property=\"og:title\" content=\"S\u00e4ili\u00f6kippi\/kallistaja 20\/25L &#8226; Storit\" \/>\n<meta property=\"og:description\" content=\"S\u00e4ili\u00f6kippi\/kallistaja 20\/25L \u2014 kohtuulliseen hintaan. Toimitukset kaikkialle Suomeen! \u261b Tutustu tuotteeseen ja tilaa k\u00e4tev\u00e4sti STORIT-verkkokaupasta!\" \/>\n<meta property=\"og:url\" content=\"https:\/\/storitgroup.com\/fi\/tuote\/sailiokippi-kallistaja-20-25l\/\" \/>\n<meta property=\"og:site_name\" content=\"Storit\" \/>\n<meta property=\"article:modified_time\" content=\"2024-11-21T14:22:00+00:00\" \/>\n<meta property=\"og:image\" content=\"https:\/\/storitgroup.com\/uploads\/2021\/03\/km2501-kanistrikallutaja-20-l-1-1.png\" \/>\n\t<meta property=\"og:image:width\" content=\"621\" \/>\n\t<meta property=\"og:image:height\" content=\"621\" \/>\n\t<meta property=\"og:image:type\" content=\"image\/png\" \/>\n<meta name=\"twitter:card\" content=\"summary_large_image\" \/>\n<script type=\"application\/ld+json\" class=\"yoast-schema-graph\">{\"@context\":\"https:\\\/\\\/schema.org\",\"@graph\":[{\"@type\":[\"WebPage\",\"ItemPage\"],\"@id\":\"https:\\\/\\\/storitgroup.com\\\/fi\\\/tuote\\\/sailiokippi-kallistaja-20-25l\\\/\",\"url\":\"https:\\\/\\\/storitgroup.com\\\/fi\\\/tuote\\\/sailiokippi-kallistaja-20-25l\\\/\",\"name\":\"S\u00e4ili\u00f6kippi\\\/kallistaja 20\\\/25L &#8226; Storit\",\"isPartOf\":{\"@id\":\"https:\\\/\\\/storitgroup.com\\\/fi\\\/#website\"},\"primaryImageOfPage\":{\"@id\":\"https:\\\/\\\/storitgroup.com\\\/fi\\\/tuote\\\/sailiokippi-kallistaja-20-25l\\\/#primaryimage\"},\"image\":{\"@id\":\"https:\\\/\\\/storitgroup.com\\\/fi\\\/tuote\\\/sailiokippi-kallistaja-20-25l\\\/#primaryimage\"},\"thumbnailUrl\":\"https:\\\/\\\/storitgroup.com\\\/uploads\\\/2021\\\/03\\\/km2501-kanistrikallutaja-20-l-1-1.png\",\"datePublished\":\"2021-03-05T13:40:47+00:00\",\"dateModified\":\"2024-11-21T14:22:00+00:00\",\"description\":\"S\u00e4ili\u00f6kippi\\\/kallistaja 20\\\/25L \u2014 kohtuulliseen hintaan. Toimitukset kaikkialle Suomeen! \u261b Tutustu tuotteeseen ja tilaa k\u00e4tev\u00e4sti STORIT-verkkokaupasta!\",\"breadcrumb\":{\"@id\":\"https:\\\/\\\/storitgroup.com\\\/fi\\\/tuote\\\/sailiokippi-kallistaja-20-25l\\\/#breadcrumb\"},\"inLanguage\":\"fi\",\"potentialAction\":[{\"@type\":\"ReadAction\",\"target\":[\"https:\\\/\\\/storitgroup.com\\\/fi\\\/tuote\\\/sailiokippi-kallistaja-20-25l\\\/\"]}]},{\"@type\":\"ImageObject\",\"inLanguage\":\"fi\",\"@id\":\"https:\\\/\\\/storitgroup.com\\\/fi\\\/tuote\\\/sailiokippi-kallistaja-20-25l\\\/#primaryimage\",\"url\":\"https:\\\/\\\/storitgroup.com\\\/uploads\\\/2021\\\/03\\\/km2501-kanistrikallutaja-20-l-1-1.png\",\"contentUrl\":\"https:\\\/\\\/storitgroup.com\\\/uploads\\\/2021\\\/03\\\/km2501-kanistrikallutaja-20-l-1-1.png\",\"width\":621,\"height\":621},{\"@type\":\"BreadcrumbList\",\"@id\":\"https:\\\/\\\/storitgroup.com\\\/fi\\\/tuote\\\/sailiokippi-kallistaja-20-25l\\\/#breadcrumb\",\"itemListElement\":[{\"@type\":\"ListItem\",\"position\":1,\"name\":\"Kotisivu\",\"item\":\"https:\\\/\\\/storitgroup.com\\\/fi\\\/\"},{\"@type\":\"ListItem\",\"position\":2,\"name\":\"Tuotteet\",\"item\":\"https:\\\/\\\/storitgroup.com\\\/fi\\\/tuotteet\\\/\"},{\"@type\":\"ListItem\",\"position\":3,\"name\":\"Varastovaunut, py\u00f6r\u00e4t\",\"item\":\"https:\\\/\\\/storitgroup.com\\\/fi\\\/tuotteet\\\/varastovaunut-pyorat\\\/\"},{\"@type\":\"ListItem\",\"position\":4,\"name\":\"Tynnyrik\u00e4rryt\",\"item\":\"https:\\\/\\\/storitgroup.com\\\/fi\\\/tuotteet\\\/varastovaunut-pyorat\\\/tynnyrikarryt\\\/\"},{\"@type\":\"ListItem\",\"position\":5,\"name\":\"S\u00e4ili\u00f6kippi\\\/kallistaja 20\\\/25L\"}]},{\"@type\":\"WebSite\",\"@id\":\"https:\\\/\\\/storitgroup.com\\\/fi\\\/#website\",\"url\":\"https:\\\/\\\/storitgroup.com\\\/fi\\\/\",\"name\":\"Storit\",\"description\":\"\",\"potentialAction\":[{\"@type\":\"SearchAction\",\"target\":{\"@type\":\"EntryPoint\",\"urlTemplate\":\"https:\\\/\\\/storitgroup.com\\\/fi\\\/?s={search_term_string}\"},\"query-input\":{\"@type\":\"PropertyValueSpecification\",\"valueRequired\":true,\"valueName\":\"search_term_string\"}}],\"inLanguage\":\"fi\"}]}<\/script>\n<!-- \/ Yoast SEO plugin. -->","yoast_head_json":{"title":"S\u00e4ili\u00f6kippi\/kallistaja 20\/25L &#8226; Storit","description":"S\u00e4ili\u00f6kippi\/kallistaja 20\/25L \u2014 kohtuulliseen hintaan. Toimitukset kaikkialle Suomeen! \u261b Tutustu tuotteeseen ja tilaa k\u00e4tev\u00e4sti STORIT-verkkokaupasta!","robots":{"index":"index","follow":"follow","max-snippet":"max-snippet:-1","max-image-preview":"max-image-preview:large","max-video-preview":"max-video-preview:-1"},"canonical":"https:\/\/storitgroup.com\/fi\/tuote\/sailiokippi-kallistaja-20-25l\/","og_locale":"fi_FI","og_type":"article","og_title":"S\u00e4ili\u00f6kippi\/kallistaja 20\/25L &#8226; Storit","og_description":"S\u00e4ili\u00f6kippi\/kallistaja 20\/25L \u2014 kohtuulliseen hintaan. Toimitukset kaikkialle Suomeen! \u261b Tutustu tuotteeseen ja tilaa k\u00e4tev\u00e4sti STORIT-verkkokaupasta!","og_url":"https:\/\/storitgroup.com\/fi\/tuote\/sailiokippi-kallistaja-20-25l\/","og_site_name":"Storit","article_modified_time":"2024-11-21T14:22:00+00:00","og_image":[{"width":621,"height":621,"url":"https:\/\/storitgroup.com\/uploads\/2021\/03\/km2501-kanistrikallutaja-20-l-1-1.png","type":"image\/png"}],"twitter_card":"summary_large_image","schema":{"@context":"https:\/\/schema.org","@graph":[{"@type":["WebPage","ItemPage"],"@id":"https:\/\/storitgroup.com\/fi\/tuote\/sailiokippi-kallistaja-20-25l\/","url":"https:\/\/storitgroup.com\/fi\/tuote\/sailiokippi-kallistaja-20-25l\/","name":"S\u00e4ili\u00f6kippi\/kallistaja 20\/25L &#8226; Storit","isPartOf":{"@id":"https:\/\/storitgroup.com\/fi\/#website"},"primaryImageOfPage":{"@id":"https:\/\/storitgroup.com\/fi\/tuote\/sailiokippi-kallistaja-20-25l\/#primaryimage"},"image":{"@id":"https:\/\/storitgroup.com\/fi\/tuote\/sailiokippi-kallistaja-20-25l\/#primaryimage"},"thumbnailUrl":"https:\/\/storitgroup.com\/uploads\/2021\/03\/km2501-kanistrikallutaja-20-l-1-1.png","datePublished":"2021-03-05T13:40:47+00:00","dateModified":"2024-11-21T14:22:00+00:00","description":"S\u00e4ili\u00f6kippi\/kallistaja 20\/25L \u2014 kohtuulliseen hintaan. Toimitukset kaikkialle Suomeen! \u261b Tutustu tuotteeseen ja tilaa k\u00e4tev\u00e4sti STORIT-verkkokaupasta!","breadcrumb":{"@id":"https:\/\/storitgroup.com\/fi\/tuote\/sailiokippi-kallistaja-20-25l\/#breadcrumb"},"inLanguage":"fi","potentialAction":[{"@type":"ReadAction","target":["https:\/\/storitgroup.com\/fi\/tuote\/sailiokippi-kallistaja-20-25l\/"]}]},{"@type":"ImageObject","inLanguage":"fi","@id":"https:\/\/storitgroup.com\/fi\/tuote\/sailiokippi-kallistaja-20-25l\/#primaryimage","url":"https:\/\/storitgroup.com\/uploads\/2021\/03\/km2501-kanistrikallutaja-20-l-1-1.png","contentUrl":"https:\/\/storitgroup.com\/uploads\/2021\/03\/km2501-kanistrikallutaja-20-l-1-1.png","width":621,"height":621},{"@type":"BreadcrumbList","@id":"https:\/\/storitgroup.com\/fi\/tuote\/sailiokippi-kallistaja-20-25l\/#breadcrumb","itemListElement":[{"@type":"ListItem","position":1,"name":"Kotisivu","item":"https:\/\/storitgroup.com\/fi\/"},{"@type":"ListItem","position":2,"name":"Tuotteet","item":"https:\/\/storitgroup.com\/fi\/tuotteet\/"},{"@type":"ListItem","position":3,"name":"Varastovaunut, py\u00f6r\u00e4t","item":"https:\/\/storitgroup.com\/fi\/tuotteet\/varastovaunut-pyorat\/"},{"@type":"ListItem","position":4,"name":"Tynnyrik\u00e4rryt","item":"https:\/\/storitgroup.com\/fi\/tuotteet\/varastovaunut-pyorat\/tynnyrikarryt\/"},{"@type":"ListItem","position":5,"name":"S\u00e4ili\u00f6kippi\/kallistaja 20\/25L"}]},{"@type":"WebSite","@id":"https:\/\/storitgroup.com\/fi\/#website","url":"https:\/\/storitgroup.com\/fi\/","name":"Storit","description":"","potentialAction":[{"@type":"SearchAction","target":{"@type":"EntryPoint","urlTemplate":"https:\/\/storitgroup.com\/fi\/?s={search_term_string}"},"query-input":{"@type":"PropertyValueSpecification","valueRequired":true,"valueName":"search_term_string"}}],"inLanguage":"fi"}]}},"_links":{"self":[{"href":"https:\/\/storitgroup.com\/fi\/wp-json\/wp\/v2\/product\/14663","targetHints":{"allow":["GET"]}}],"collection":[{"href":"https:\/\/storitgroup.com\/fi\/wp-json\/wp\/v2\/product"}],"about":[{"href":"https:\/\/storitgroup.com\/fi\/wp-json\/wp\/v2\/types\/product"}],"wp:featuredmedia":[{"embeddable":true,"href":"https:\/\/storitgroup.com\/fi\/wp-json\/wp\/v2\/media\/34682"}],"wp:attachment":[{"href":"https:\/\/storitgroup.com\/fi\/wp-json\/wp\/v2\/media?parent=14663"}],"wp:term":[{"taxonomy":"product_brand","embeddable":true,"href":"https:\/\/storitgroup.com\/fi\/wp-json\/wp\/v2\/product_brand?post=14663"},{"taxonomy":"product_cat","embeddable":true,"href":"https:\/\/storitgroup.com\/fi\/wp-json\/wp\/v2\/product_cat?post=14663"},{"taxonomy":"product_tag","embeddable":true,"href":"https:\/\/storitgroup.com\/fi\/wp-json\/wp\/v2\/product_tag?post=14663"}],"curies":[{"name":"wp","href":"https:\/\/api.w.org\/{rel}","templated":true}]}}