{"id":14653,"date":"2021-03-05T13:40:42","date_gmt":"2021-03-05T13:40:42","guid":{"rendered":"https:\/\/storitgroup.com\/?post_type=product&#038;p=14653"},"modified":"2024-11-21T16:21:52","modified_gmt":"2024-11-21T14:21:52","slug":"korkeussaadettava-kuormalavavaunu-punainen","status":"publish","type":"product","link":"https:\/\/storitgroup.com\/fi\/tuote\/korkeussaadettava-kuormalavavaunu-punainen\/","title":{"rendered":"Korkeuss\u00e4\u00e4dett\u00e4v\u00e4 kuormalavavaunu, punainen"},"content":{"rendered":"<p>E0066  mitat: 1200 x 800 x 655 mm\u00a0(plk)<br \/>  kantavuus: 800 kg<br \/>  luja hitsattu rakenne, pulverimaalattu (punainen)<br \/>  sopii\u00a0EUR-lavalle \u00a0&#8211; \u00a01200 x 800 mm (pl)<br \/>  korkeuss\u00e4\u00e4dett\u00e4v\u00e4: 655 &#8211; 830 mm<br \/>  py\u00f6r\u00e4t: \u00d8 200 x 50 mm, umpikumi, 2 kiinte\u00e4\u00e4, 2 k\u00e4\u00e4ntyv\u00e4\u00e4<br \/>  paino: 39 kg.<\/p>\n","protected":false},"excerpt":{"rendered":"<p>E0066  mitat: 1200 x 800 x 655 mm\u00a0(plk)<br \/>\n  kantavuus: 800 kg<br \/>\n  luja hitsattu rakenne, pulverimaalattu (punainen)<\/p>\n","protected":false},"featured_media":22504,"template":"","meta":{"_acf_changed":false},"product_brand":[],"product_cat":[7085],"product_tag":[],"class_list":{"0":"post-14653","1":"product","2":"type-product","3":"status-publish","4":"has-post-thumbnail","6":"product_room-kaupankaynti-ja-myymalat","7":"product_room-kuljetus-ja-logistiikka","8":"product_cat-laatikkovaunut-lavakarryt","10":"first","11":"onbackorder","12":"taxable","13":"shipping-taxable","14":"purchasable","15":"product-type-simple"},"acf":[],"yoast_head":"<!-- This site is optimized with the Yoast SEO plugin v27.2 - https:\/\/yoast.com\/product\/yoast-seo-wordpress\/ -->\n<title>Korkeuss\u00e4\u00e4dett\u00e4v\u00e4 kuormalavavaunu, punainen &#8226; Storit<\/title>\n<meta name=\"description\" content=\"Korkeuss\u00e4\u00e4dett\u00e4v\u00e4 kuormalavavaunu, punainen \u2014 kohtuulliseen hintaan. Toimitukset kaikkialle Suomeen! \u261b Tutustu tuotteeseen ja tilaa k\u00e4tev\u00e4sti STORIT-verkkokaupasta!\" \/>\n<meta name=\"robots\" content=\"index, follow, max-snippet:-1, max-image-preview:large, max-video-preview:-1\" \/>\n<link rel=\"canonical\" href=\"https:\/\/storitgroup.com\/fi\/tuote\/korkeussaadettava-kuormalavavaunu-punainen\/\" \/>\n<meta property=\"og:locale\" content=\"fi_FI\" \/>\n<meta property=\"og:type\" content=\"article\" \/>\n<meta property=\"og:title\" content=\"Korkeuss\u00e4\u00e4dett\u00e4v\u00e4 kuormalavavaunu, punainen &#8226; Storit\" \/>\n<meta property=\"og:description\" content=\"Korkeuss\u00e4\u00e4dett\u00e4v\u00e4 kuormalavavaunu, punainen \u2014 kohtuulliseen hintaan. Toimitukset kaikkialle Suomeen! \u261b Tutustu tuotteeseen ja tilaa k\u00e4tev\u00e4sti STORIT-verkkokaupasta!\" \/>\n<meta property=\"og:url\" content=\"https:\/\/storitgroup.com\/fi\/tuote\/korkeussaadettava-kuormalavavaunu-punainen\/\" \/>\n<meta property=\"og:site_name\" content=\"Storit\" \/>\n<meta property=\"article:modified_time\" content=\"2024-11-21T14:21:52+00:00\" \/>\n<meta property=\"og:image\" content=\"https:\/\/storitgroup.com\/uploads\/2021\/03\/km222-reguleeritava-korgusega-eur-aluse-karu-km222-punane-1-1.png\" \/>\n\t<meta property=\"og:image:width\" content=\"600\" \/>\n\t<meta property=\"og:image:height\" content=\"600\" \/>\n\t<meta property=\"og:image:type\" content=\"image\/png\" \/>\n<meta name=\"twitter:card\" content=\"summary_large_image\" \/>\n<script type=\"application\/ld+json\" class=\"yoast-schema-graph\">{\"@context\":\"https:\/\/schema.org\",\"@graph\":[{\"@type\":[\"WebPage\",\"ItemPage\"],\"@id\":\"https:\/\/storitgroup.com\/fi\/tuote\/korkeussaadettava-kuormalavavaunu-punainen\/\",\"url\":\"https:\/\/storitgroup.com\/fi\/tuote\/korkeussaadettava-kuormalavavaunu-punainen\/\",\"name\":\"Korkeuss\u00e4\u00e4dett\u00e4v\u00e4 kuormalavavaunu, punainen &#8226; Storit\",\"isPartOf\":{\"@id\":\"https:\/\/storitgroup.com\/fi\/#website\"},\"primaryImageOfPage\":{\"@id\":\"https:\/\/storitgroup.com\/fi\/tuote\/korkeussaadettava-kuormalavavaunu-punainen\/#primaryimage\"},\"image\":{\"@id\":\"https:\/\/storitgroup.com\/fi\/tuote\/korkeussaadettava-kuormalavavaunu-punainen\/#primaryimage\"},\"thumbnailUrl\":\"https:\/\/storitgroup.com\/uploads\/2021\/03\/km222-reguleeritava-korgusega-eur-aluse-karu-km222-punane-1-1.png\",\"datePublished\":\"2021-03-05T13:40:42+00:00\",\"dateModified\":\"2024-11-21T14:21:52+00:00\",\"description\":\"Korkeuss\u00e4\u00e4dett\u00e4v\u00e4 kuormalavavaunu, punainen \u2014 kohtuulliseen hintaan. Toimitukset kaikkialle Suomeen! \u261b Tutustu tuotteeseen ja tilaa k\u00e4tev\u00e4sti STORIT-verkkokaupasta!\",\"breadcrumb\":{\"@id\":\"https:\/\/storitgroup.com\/fi\/tuote\/korkeussaadettava-kuormalavavaunu-punainen\/#breadcrumb\"},\"inLanguage\":\"fi\",\"potentialAction\":[{\"@type\":\"ReadAction\",\"target\":[\"https:\/\/storitgroup.com\/fi\/tuote\/korkeussaadettava-kuormalavavaunu-punainen\/\"]}]},{\"@type\":\"ImageObject\",\"inLanguage\":\"fi\",\"@id\":\"https:\/\/storitgroup.com\/fi\/tuote\/korkeussaadettava-kuormalavavaunu-punainen\/#primaryimage\",\"url\":\"https:\/\/storitgroup.com\/uploads\/2021\/03\/km222-reguleeritava-korgusega-eur-aluse-karu-km222-punane-1-1.png\",\"contentUrl\":\"https:\/\/storitgroup.com\/uploads\/2021\/03\/km222-reguleeritava-korgusega-eur-aluse-karu-km222-punane-1-1.png\",\"width\":600,\"height\":600},{\"@type\":\"BreadcrumbList\",\"@id\":\"https:\/\/storitgroup.com\/fi\/tuote\/korkeussaadettava-kuormalavavaunu-punainen\/#breadcrumb\",\"itemListElement\":[{\"@type\":\"ListItem\",\"position\":1,\"name\":\"Kotisivu\",\"item\":\"https:\/\/storitgroup.com\/fi\/\"},{\"@type\":\"ListItem\",\"position\":2,\"name\":\"Tuotteet\",\"item\":\"https:\/\/storitgroup.com\/fi\/tuotteet\/\"},{\"@type\":\"ListItem\",\"position\":3,\"name\":\"Varastovaunut, py\u00f6r\u00e4t\",\"item\":\"https:\/\/storitgroup.com\/fi\/varastovaunut-pyorat\/\"},{\"@type\":\"ListItem\",\"position\":4,\"name\":\"Laatikkovaunut, lavak\u00e4rryt\",\"item\":\"https:\/\/storitgroup.com\/fi\/varastovaunut-pyorat\/laatikkovaunut-lavakarryt\/\"},{\"@type\":\"ListItem\",\"position\":5,\"name\":\"Korkeuss\u00e4\u00e4dett\u00e4v\u00e4 kuormalavavaunu, punainen\"}]},{\"@type\":\"WebSite\",\"@id\":\"https:\/\/storitgroup.com\/fi\/#website\",\"url\":\"https:\/\/storitgroup.com\/fi\/\",\"name\":\"Storit\",\"description\":\"\",\"potentialAction\":[{\"@type\":\"SearchAction\",\"target\":{\"@type\":\"EntryPoint\",\"urlTemplate\":\"https:\/\/storitgroup.com\/fi\/?s={search_term_string}\"},\"query-input\":{\"@type\":\"PropertyValueSpecification\",\"valueRequired\":true,\"valueName\":\"search_term_string\"}}],\"inLanguage\":\"fi\"}]}<\/script>\n<!-- \/ Yoast SEO plugin. -->","yoast_head_json":{"title":"Korkeuss\u00e4\u00e4dett\u00e4v\u00e4 kuormalavavaunu, punainen &#8226; Storit","description":"Korkeuss\u00e4\u00e4dett\u00e4v\u00e4 kuormalavavaunu, punainen \u2014 kohtuulliseen hintaan. Toimitukset kaikkialle Suomeen! \u261b Tutustu tuotteeseen ja tilaa k\u00e4tev\u00e4sti STORIT-verkkokaupasta!","robots":{"index":"index","follow":"follow","max-snippet":"max-snippet:-1","max-image-preview":"max-image-preview:large","max-video-preview":"max-video-preview:-1"},"canonical":"https:\/\/storitgroup.com\/fi\/tuote\/korkeussaadettava-kuormalavavaunu-punainen\/","og_locale":"fi_FI","og_type":"article","og_title":"Korkeuss\u00e4\u00e4dett\u00e4v\u00e4 kuormalavavaunu, punainen &#8226; Storit","og_description":"Korkeuss\u00e4\u00e4dett\u00e4v\u00e4 kuormalavavaunu, punainen \u2014 kohtuulliseen hintaan. Toimitukset kaikkialle Suomeen! \u261b Tutustu tuotteeseen ja tilaa k\u00e4tev\u00e4sti STORIT-verkkokaupasta!","og_url":"https:\/\/storitgroup.com\/fi\/tuote\/korkeussaadettava-kuormalavavaunu-punainen\/","og_site_name":"Storit","article_modified_time":"2024-11-21T14:21:52+00:00","og_image":[{"width":600,"height":600,"url":"https:\/\/storitgroup.com\/uploads\/2021\/03\/km222-reguleeritava-korgusega-eur-aluse-karu-km222-punane-1-1.png","type":"image\/png"}],"twitter_card":"summary_large_image","schema":{"@context":"https:\/\/schema.org","@graph":[{"@type":["WebPage","ItemPage"],"@id":"https:\/\/storitgroup.com\/fi\/tuote\/korkeussaadettava-kuormalavavaunu-punainen\/","url":"https:\/\/storitgroup.com\/fi\/tuote\/korkeussaadettava-kuormalavavaunu-punainen\/","name":"Korkeuss\u00e4\u00e4dett\u00e4v\u00e4 kuormalavavaunu, punainen &#8226; Storit","isPartOf":{"@id":"https:\/\/storitgroup.com\/fi\/#website"},"primaryImageOfPage":{"@id":"https:\/\/storitgroup.com\/fi\/tuote\/korkeussaadettava-kuormalavavaunu-punainen\/#primaryimage"},"image":{"@id":"https:\/\/storitgroup.com\/fi\/tuote\/korkeussaadettava-kuormalavavaunu-punainen\/#primaryimage"},"thumbnailUrl":"https:\/\/storitgroup.com\/uploads\/2021\/03\/km222-reguleeritava-korgusega-eur-aluse-karu-km222-punane-1-1.png","datePublished":"2021-03-05T13:40:42+00:00","dateModified":"2024-11-21T14:21:52+00:00","description":"Korkeuss\u00e4\u00e4dett\u00e4v\u00e4 kuormalavavaunu, punainen \u2014 kohtuulliseen hintaan. Toimitukset kaikkialle Suomeen! \u261b Tutustu tuotteeseen ja tilaa k\u00e4tev\u00e4sti STORIT-verkkokaupasta!","breadcrumb":{"@id":"https:\/\/storitgroup.com\/fi\/tuote\/korkeussaadettava-kuormalavavaunu-punainen\/#breadcrumb"},"inLanguage":"fi","potentialAction":[{"@type":"ReadAction","target":["https:\/\/storitgroup.com\/fi\/tuote\/korkeussaadettava-kuormalavavaunu-punainen\/"]}]},{"@type":"ImageObject","inLanguage":"fi","@id":"https:\/\/storitgroup.com\/fi\/tuote\/korkeussaadettava-kuormalavavaunu-punainen\/#primaryimage","url":"https:\/\/storitgroup.com\/uploads\/2021\/03\/km222-reguleeritava-korgusega-eur-aluse-karu-km222-punane-1-1.png","contentUrl":"https:\/\/storitgroup.com\/uploads\/2021\/03\/km222-reguleeritava-korgusega-eur-aluse-karu-km222-punane-1-1.png","width":600,"height":600},{"@type":"BreadcrumbList","@id":"https:\/\/storitgroup.com\/fi\/tuote\/korkeussaadettava-kuormalavavaunu-punainen\/#breadcrumb","itemListElement":[{"@type":"ListItem","position":1,"name":"Kotisivu","item":"https:\/\/storitgroup.com\/fi\/"},{"@type":"ListItem","position":2,"name":"Tuotteet","item":"https:\/\/storitgroup.com\/fi\/tuotteet\/"},{"@type":"ListItem","position":3,"name":"Varastovaunut, py\u00f6r\u00e4t","item":"https:\/\/storitgroup.com\/fi\/varastovaunut-pyorat\/"},{"@type":"ListItem","position":4,"name":"Laatikkovaunut, lavak\u00e4rryt","item":"https:\/\/storitgroup.com\/fi\/varastovaunut-pyorat\/laatikkovaunut-lavakarryt\/"},{"@type":"ListItem","position":5,"name":"Korkeuss\u00e4\u00e4dett\u00e4v\u00e4 kuormalavavaunu, punainen"}]},{"@type":"WebSite","@id":"https:\/\/storitgroup.com\/fi\/#website","url":"https:\/\/storitgroup.com\/fi\/","name":"Storit","description":"","potentialAction":[{"@type":"SearchAction","target":{"@type":"EntryPoint","urlTemplate":"https:\/\/storitgroup.com\/fi\/?s={search_term_string}"},"query-input":{"@type":"PropertyValueSpecification","valueRequired":true,"valueName":"search_term_string"}}],"inLanguage":"fi"}]}},"_links":{"self":[{"href":"https:\/\/storitgroup.com\/fi\/wp-json\/wp\/v2\/product\/14653","targetHints":{"allow":["GET"]}}],"collection":[{"href":"https:\/\/storitgroup.com\/fi\/wp-json\/wp\/v2\/product"}],"about":[{"href":"https:\/\/storitgroup.com\/fi\/wp-json\/wp\/v2\/types\/product"}],"wp:featuredmedia":[{"embeddable":true,"href":"https:\/\/storitgroup.com\/fi\/wp-json\/wp\/v2\/media\/22504"}],"wp:attachment":[{"href":"https:\/\/storitgroup.com\/fi\/wp-json\/wp\/v2\/media?parent=14653"}],"wp:term":[{"taxonomy":"product_brand","embeddable":true,"href":"https:\/\/storitgroup.com\/fi\/wp-json\/wp\/v2\/product_brand?post=14653"},{"taxonomy":"product_cat","embeddable":true,"href":"https:\/\/storitgroup.com\/fi\/wp-json\/wp\/v2\/product_cat?post=14653"},{"taxonomy":"product_tag","embeddable":true,"href":"https:\/\/storitgroup.com\/fi\/wp-json\/wp\/v2\/product_tag?post=14653"}],"curies":[{"name":"wp","href":"https:\/\/api.w.org\/{rel}","templated":true}]}}