{"id":14641,"date":"2021-03-05T13:40:36","date_gmt":"2021-03-05T13:40:36","guid":{"rendered":"https:\/\/storitgroup.com\/?post_type=product&#038;p=14641"},"modified":"2024-11-21T16:21:42","modified_gmt":"2024-11-21T14:21:42","slug":"kuormalavavaunu-800-x-600-x-270mm-pyorat-2","status":"publish","type":"product","link":"https:\/\/storitgroup.com\/fi\/tuote\/kuormalavavaunu-800-x-600-x-270mm-pyorat-2\/","title":{"rendered":"Kuormalavavaunu 800 x 600 x 270mm, py\u00f6r\u00e4t"},"content":{"rendered":"<p>E0056  mitat: 800\u00a0x 600 x 270\u00a0mm\u00a0(plk)<br \/>  kantavuus: 800 kg<br \/>  luja hitsattu rakenne, jauhemaalattu (sininen)<br \/>  sopii 1\/2 EUR-lavalle \u00a0&#8211; \u00a0800 x 600 mm (pl)<br \/>  py\u00f6r\u00e4t: \u00d8 200 x 50 mm, umpikumi, 2 kiinte\u00e4\u00e4, 2 k\u00e4\u00e4ntyv\u00e4\u00e4<br \/>  paino:\u00a017,5 kg.<\/p>\n","protected":false},"excerpt":{"rendered":"<p>E0056  mitat: 800\u00a0x 600 x 270\u00a0mm\u00a0(plk)<br \/>\n  kantavuus: 800 kg<br \/>\n  luja hitsattu rakenne, jauhemaalattu (sininen)<\/p>\n","protected":false},"featured_media":22474,"template":"","meta":{"_acf_changed":false},"product_brand":[],"product_cat":[7085],"product_tag":[],"class_list":{"0":"post-14641","1":"product","2":"type-product","3":"status-publish","4":"has-post-thumbnail","6":"product_room-kaupankaynti-ja-myymalat","7":"product_room-kuljetus-ja-logistiikka","8":"product_cat-laatikkovaunut-lavakarryt","10":"first","11":"onbackorder","12":"taxable","13":"shipping-taxable","14":"purchasable","15":"product-type-simple"},"acf":[],"yoast_head":"<!-- This site is optimized with the Yoast SEO plugin v27.2 - https:\/\/yoast.com\/product\/yoast-seo-wordpress\/ -->\n<title>Kuormalavavaunu 800 x 600 x 270mm, py\u00f6r\u00e4t &#8226; Storit<\/title>\n<meta name=\"description\" content=\"Kuormalavavaunu 800 x 600 x 270mm, py\u00f6r\u00e4t \u2014 kohtuulliseen hintaan. Toimitukset kaikkialle Suomeen! \u261b Tutustu tuotteeseen ja tilaa k\u00e4tev\u00e4sti STORIT-verkkokaupasta!\" \/>\n<meta name=\"robots\" content=\"index, follow, max-snippet:-1, max-image-preview:large, max-video-preview:-1\" \/>\n<link rel=\"canonical\" href=\"https:\/\/storitgroup.com\/fi\/tuote\/kuormalavavaunu-800-x-600-x-270mm-pyorat-2\/\" \/>\n<meta property=\"og:locale\" content=\"fi_FI\" \/>\n<meta property=\"og:type\" content=\"article\" \/>\n<meta property=\"og:title\" content=\"Kuormalavavaunu 800 x 600 x 270mm, py\u00f6r\u00e4t &#8226; Storit\" \/>\n<meta property=\"og:description\" content=\"Kuormalavavaunu 800 x 600 x 270mm, py\u00f6r\u00e4t \u2014 kohtuulliseen hintaan. Toimitukset kaikkialle Suomeen! \u261b Tutustu tuotteeseen ja tilaa k\u00e4tev\u00e4sti STORIT-verkkokaupasta!\" \/>\n<meta property=\"og:url\" content=\"https:\/\/storitgroup.com\/fi\/tuote\/kuormalavavaunu-800-x-600-x-270mm-pyorat-2\/\" \/>\n<meta property=\"og:site_name\" content=\"Storit\" \/>\n<meta property=\"article:modified_time\" content=\"2024-11-21T14:21:42+00:00\" \/>\n<meta property=\"og:image\" content=\"https:\/\/storitgroup.com\/uploads\/2021\/03\/km217-bh-madal-poolaluse-karu-km217-bh-sinine-1-1.png\" \/>\n\t<meta property=\"og:image:width\" content=\"610\" \/>\n\t<meta property=\"og:image:height\" content=\"610\" \/>\n\t<meta property=\"og:image:type\" content=\"image\/png\" \/>\n<meta name=\"twitter:card\" content=\"summary_large_image\" \/>\n<script type=\"application\/ld+json\" class=\"yoast-schema-graph\">{\"@context\":\"https:\/\/schema.org\",\"@graph\":[{\"@type\":[\"WebPage\",\"ItemPage\"],\"@id\":\"https:\/\/storitgroup.com\/fi\/tuote\/kuormalavavaunu-800-x-600-x-270mm-pyorat-2\/\",\"url\":\"https:\/\/storitgroup.com\/fi\/tuote\/kuormalavavaunu-800-x-600-x-270mm-pyorat-2\/\",\"name\":\"Kuormalavavaunu 800 x 600 x 270mm, py\u00f6r\u00e4t &#8226; Storit\",\"isPartOf\":{\"@id\":\"https:\/\/storitgroup.com\/fi\/#website\"},\"primaryImageOfPage\":{\"@id\":\"https:\/\/storitgroup.com\/fi\/tuote\/kuormalavavaunu-800-x-600-x-270mm-pyorat-2\/#primaryimage\"},\"image\":{\"@id\":\"https:\/\/storitgroup.com\/fi\/tuote\/kuormalavavaunu-800-x-600-x-270mm-pyorat-2\/#primaryimage\"},\"thumbnailUrl\":\"https:\/\/storitgroup.com\/uploads\/2021\/03\/km217-bh-madal-poolaluse-karu-km217-bh-sinine-1-1.png\",\"datePublished\":\"2021-03-05T13:40:36+00:00\",\"dateModified\":\"2024-11-21T14:21:42+00:00\",\"description\":\"Kuormalavavaunu 800 x 600 x 270mm, py\u00f6r\u00e4t \u2014 kohtuulliseen hintaan. Toimitukset kaikkialle Suomeen! \u261b Tutustu tuotteeseen ja tilaa k\u00e4tev\u00e4sti STORIT-verkkokaupasta!\",\"breadcrumb\":{\"@id\":\"https:\/\/storitgroup.com\/fi\/tuote\/kuormalavavaunu-800-x-600-x-270mm-pyorat-2\/#breadcrumb\"},\"inLanguage\":\"fi\",\"potentialAction\":[{\"@type\":\"ReadAction\",\"target\":[\"https:\/\/storitgroup.com\/fi\/tuote\/kuormalavavaunu-800-x-600-x-270mm-pyorat-2\/\"]}]},{\"@type\":\"ImageObject\",\"inLanguage\":\"fi\",\"@id\":\"https:\/\/storitgroup.com\/fi\/tuote\/kuormalavavaunu-800-x-600-x-270mm-pyorat-2\/#primaryimage\",\"url\":\"https:\/\/storitgroup.com\/uploads\/2021\/03\/km217-bh-madal-poolaluse-karu-km217-bh-sinine-1-1.png\",\"contentUrl\":\"https:\/\/storitgroup.com\/uploads\/2021\/03\/km217-bh-madal-poolaluse-karu-km217-bh-sinine-1-1.png\",\"width\":610,\"height\":610},{\"@type\":\"BreadcrumbList\",\"@id\":\"https:\/\/storitgroup.com\/fi\/tuote\/kuormalavavaunu-800-x-600-x-270mm-pyorat-2\/#breadcrumb\",\"itemListElement\":[{\"@type\":\"ListItem\",\"position\":1,\"name\":\"Kotisivu\",\"item\":\"https:\/\/storitgroup.com\/fi\/\"},{\"@type\":\"ListItem\",\"position\":2,\"name\":\"Tuotteet\",\"item\":\"https:\/\/storitgroup.com\/fi\/tuotteet\/\"},{\"@type\":\"ListItem\",\"position\":3,\"name\":\"Varastovaunut, py\u00f6r\u00e4t\",\"item\":\"https:\/\/storitgroup.com\/fi\/varastovaunut-pyorat\/\"},{\"@type\":\"ListItem\",\"position\":4,\"name\":\"Laatikkovaunut, lavak\u00e4rryt\",\"item\":\"https:\/\/storitgroup.com\/fi\/varastovaunut-pyorat\/laatikkovaunut-lavakarryt\/\"},{\"@type\":\"ListItem\",\"position\":5,\"name\":\"Kuormalavavaunu 800 x 600 x 270mm, py\u00f6r\u00e4t\"}]},{\"@type\":\"WebSite\",\"@id\":\"https:\/\/storitgroup.com\/fi\/#website\",\"url\":\"https:\/\/storitgroup.com\/fi\/\",\"name\":\"Storit\",\"description\":\"\",\"potentialAction\":[{\"@type\":\"SearchAction\",\"target\":{\"@type\":\"EntryPoint\",\"urlTemplate\":\"https:\/\/storitgroup.com\/fi\/?s={search_term_string}\"},\"query-input\":{\"@type\":\"PropertyValueSpecification\",\"valueRequired\":true,\"valueName\":\"search_term_string\"}}],\"inLanguage\":\"fi\"}]}<\/script>\n<!-- \/ Yoast SEO plugin. -->","yoast_head_json":{"title":"Kuormalavavaunu 800 x 600 x 270mm, py\u00f6r\u00e4t &#8226; Storit","description":"Kuormalavavaunu 800 x 600 x 270mm, py\u00f6r\u00e4t \u2014 kohtuulliseen hintaan. Toimitukset kaikkialle Suomeen! \u261b Tutustu tuotteeseen ja tilaa k\u00e4tev\u00e4sti STORIT-verkkokaupasta!","robots":{"index":"index","follow":"follow","max-snippet":"max-snippet:-1","max-image-preview":"max-image-preview:large","max-video-preview":"max-video-preview:-1"},"canonical":"https:\/\/storitgroup.com\/fi\/tuote\/kuormalavavaunu-800-x-600-x-270mm-pyorat-2\/","og_locale":"fi_FI","og_type":"article","og_title":"Kuormalavavaunu 800 x 600 x 270mm, py\u00f6r\u00e4t &#8226; Storit","og_description":"Kuormalavavaunu 800 x 600 x 270mm, py\u00f6r\u00e4t \u2014 kohtuulliseen hintaan. Toimitukset kaikkialle Suomeen! \u261b Tutustu tuotteeseen ja tilaa k\u00e4tev\u00e4sti STORIT-verkkokaupasta!","og_url":"https:\/\/storitgroup.com\/fi\/tuote\/kuormalavavaunu-800-x-600-x-270mm-pyorat-2\/","og_site_name":"Storit","article_modified_time":"2024-11-21T14:21:42+00:00","og_image":[{"width":610,"height":610,"url":"https:\/\/storitgroup.com\/uploads\/2021\/03\/km217-bh-madal-poolaluse-karu-km217-bh-sinine-1-1.png","type":"image\/png"}],"twitter_card":"summary_large_image","schema":{"@context":"https:\/\/schema.org","@graph":[{"@type":["WebPage","ItemPage"],"@id":"https:\/\/storitgroup.com\/fi\/tuote\/kuormalavavaunu-800-x-600-x-270mm-pyorat-2\/","url":"https:\/\/storitgroup.com\/fi\/tuote\/kuormalavavaunu-800-x-600-x-270mm-pyorat-2\/","name":"Kuormalavavaunu 800 x 600 x 270mm, py\u00f6r\u00e4t &#8226; Storit","isPartOf":{"@id":"https:\/\/storitgroup.com\/fi\/#website"},"primaryImageOfPage":{"@id":"https:\/\/storitgroup.com\/fi\/tuote\/kuormalavavaunu-800-x-600-x-270mm-pyorat-2\/#primaryimage"},"image":{"@id":"https:\/\/storitgroup.com\/fi\/tuote\/kuormalavavaunu-800-x-600-x-270mm-pyorat-2\/#primaryimage"},"thumbnailUrl":"https:\/\/storitgroup.com\/uploads\/2021\/03\/km217-bh-madal-poolaluse-karu-km217-bh-sinine-1-1.png","datePublished":"2021-03-05T13:40:36+00:00","dateModified":"2024-11-21T14:21:42+00:00","description":"Kuormalavavaunu 800 x 600 x 270mm, py\u00f6r\u00e4t \u2014 kohtuulliseen hintaan. Toimitukset kaikkialle Suomeen! \u261b Tutustu tuotteeseen ja tilaa k\u00e4tev\u00e4sti STORIT-verkkokaupasta!","breadcrumb":{"@id":"https:\/\/storitgroup.com\/fi\/tuote\/kuormalavavaunu-800-x-600-x-270mm-pyorat-2\/#breadcrumb"},"inLanguage":"fi","potentialAction":[{"@type":"ReadAction","target":["https:\/\/storitgroup.com\/fi\/tuote\/kuormalavavaunu-800-x-600-x-270mm-pyorat-2\/"]}]},{"@type":"ImageObject","inLanguage":"fi","@id":"https:\/\/storitgroup.com\/fi\/tuote\/kuormalavavaunu-800-x-600-x-270mm-pyorat-2\/#primaryimage","url":"https:\/\/storitgroup.com\/uploads\/2021\/03\/km217-bh-madal-poolaluse-karu-km217-bh-sinine-1-1.png","contentUrl":"https:\/\/storitgroup.com\/uploads\/2021\/03\/km217-bh-madal-poolaluse-karu-km217-bh-sinine-1-1.png","width":610,"height":610},{"@type":"BreadcrumbList","@id":"https:\/\/storitgroup.com\/fi\/tuote\/kuormalavavaunu-800-x-600-x-270mm-pyorat-2\/#breadcrumb","itemListElement":[{"@type":"ListItem","position":1,"name":"Kotisivu","item":"https:\/\/storitgroup.com\/fi\/"},{"@type":"ListItem","position":2,"name":"Tuotteet","item":"https:\/\/storitgroup.com\/fi\/tuotteet\/"},{"@type":"ListItem","position":3,"name":"Varastovaunut, py\u00f6r\u00e4t","item":"https:\/\/storitgroup.com\/fi\/varastovaunut-pyorat\/"},{"@type":"ListItem","position":4,"name":"Laatikkovaunut, lavak\u00e4rryt","item":"https:\/\/storitgroup.com\/fi\/varastovaunut-pyorat\/laatikkovaunut-lavakarryt\/"},{"@type":"ListItem","position":5,"name":"Kuormalavavaunu 800 x 600 x 270mm, py\u00f6r\u00e4t"}]},{"@type":"WebSite","@id":"https:\/\/storitgroup.com\/fi\/#website","url":"https:\/\/storitgroup.com\/fi\/","name":"Storit","description":"","potentialAction":[{"@type":"SearchAction","target":{"@type":"EntryPoint","urlTemplate":"https:\/\/storitgroup.com\/fi\/?s={search_term_string}"},"query-input":{"@type":"PropertyValueSpecification","valueRequired":true,"valueName":"search_term_string"}}],"inLanguage":"fi"}]}},"_links":{"self":[{"href":"https:\/\/storitgroup.com\/fi\/wp-json\/wp\/v2\/product\/14641","targetHints":{"allow":["GET"]}}],"collection":[{"href":"https:\/\/storitgroup.com\/fi\/wp-json\/wp\/v2\/product"}],"about":[{"href":"https:\/\/storitgroup.com\/fi\/wp-json\/wp\/v2\/types\/product"}],"wp:featuredmedia":[{"embeddable":true,"href":"https:\/\/storitgroup.com\/fi\/wp-json\/wp\/v2\/media\/22474"}],"wp:attachment":[{"href":"https:\/\/storitgroup.com\/fi\/wp-json\/wp\/v2\/media?parent=14641"}],"wp:term":[{"taxonomy":"product_brand","embeddable":true,"href":"https:\/\/storitgroup.com\/fi\/wp-json\/wp\/v2\/product_brand?post=14641"},{"taxonomy":"product_cat","embeddable":true,"href":"https:\/\/storitgroup.com\/fi\/wp-json\/wp\/v2\/product_cat?post=14641"},{"taxonomy":"product_tag","embeddable":true,"href":"https:\/\/storitgroup.com\/fi\/wp-json\/wp\/v2\/product_tag?post=14641"}],"curies":[{"name":"wp","href":"https:\/\/api.w.org\/{rel}","templated":true}]}}