{"id":14635,"date":"2021-03-05T13:40:33","date_gmt":"2021-03-05T13:40:33","guid":{"rendered":"https:\/\/storitgroup.com\/?post_type=product&#038;p=14635"},"modified":"2024-11-21T16:21:37","modified_gmt":"2024-11-21T14:21:37","slug":"karry-750-x-1600-x-600mm-pitkille-tavaroille","status":"publish","type":"product","link":"https:\/\/storitgroup.com\/fi\/tuote\/karry-750-x-1600-x-600mm-pitkille-tavaroille\/","title":{"rendered":"K\u00e4rry 750 x 1600 x 600mm, pitkille tavaroille"},"content":{"rendered":"<p>E0073  kantavuus: 200\u00a0kg<br \/>  mitat: 1600 x\u00a0600 x 750 mm (plk)<br \/>  pituus ilman kahvaa: 600 mm<br \/>  luja hitsattu ter\u00e4ksest\u00e4 runko on pulverimaalattu (sininen)<br \/>  py\u00f6r\u00e4t: \u00d8 260 mm, ilmakumi<br \/>  paino: 15 kg.<\/p>\n","protected":false},"excerpt":{"rendered":"<p>E0073  kantavuus: 200\u00a0kg<br \/>\n  mitat: 1600 x\u00a0600 x 750 mm (plk)<br \/>\n  pituus ilman kahvaa: 600 mm<\/p>\n","protected":false},"featured_media":34709,"template":"","meta":{"_acf_changed":false},"product_brand":[],"product_cat":[7083],"product_tag":[],"class_list":{"0":"post-14635","1":"product","2":"type-product","3":"status-publish","4":"has-post-thumbnail","6":"product_room-varasto-pitkille-tavaroille-ja-levymateriaaleille","7":"product_room-kuljetus-ja-logistiikka","8":"product_cat-erikoiskarryt","10":"first","11":"onbackorder","12":"taxable","13":"shipping-taxable","14":"purchasable","15":"product-type-simple"},"acf":[],"yoast_head":"<!-- This site is optimized with the Yoast SEO plugin v27.2 - https:\/\/yoast.com\/product\/yoast-seo-wordpress\/ -->\n<title>K\u00e4rry 750 x 1600 x 600mm, pitkille tavaroille &#8226; Storit<\/title>\n<meta name=\"description\" content=\"K\u00e4rry 750 x 1600 x 600mm, pitkille tavaroille \u2014 kohtuulliseen hintaan. Toimitukset kaikkialle Suomeen! \u261b Tutustu tuotteeseen ja tilaa k\u00e4tev\u00e4sti STORIT-verkkokaupasta!\" \/>\n<meta name=\"robots\" content=\"index, follow, max-snippet:-1, max-image-preview:large, max-video-preview:-1\" \/>\n<link rel=\"canonical\" href=\"https:\/\/storitgroup.com\/fi\/tuote\/karry-750-x-1600-x-600mm-pitkille-tavaroille\/\" \/>\n<meta property=\"og:locale\" content=\"fi_FI\" \/>\n<meta property=\"og:type\" content=\"article\" \/>\n<meta property=\"og:title\" content=\"K\u00e4rry 750 x 1600 x 600mm, pitkille tavaroille &#8226; Storit\" \/>\n<meta property=\"og:description\" content=\"K\u00e4rry 750 x 1600 x 600mm, pitkille tavaroille \u2014 kohtuulliseen hintaan. Toimitukset kaikkialle Suomeen! \u261b Tutustu tuotteeseen ja tilaa k\u00e4tev\u00e4sti STORIT-verkkokaupasta!\" \/>\n<meta property=\"og:url\" content=\"https:\/\/storitgroup.com\/fi\/tuote\/karry-750-x-1600-x-600mm-pitkille-tavaroille\/\" \/>\n<meta property=\"og:site_name\" content=\"Storit\" \/>\n<meta property=\"article:modified_time\" content=\"2024-11-21T14:21:37+00:00\" \/>\n<meta property=\"og:image\" content=\"https:\/\/storitgroup.com\/uploads\/2021\/03\/pika-materjali-karu-km215-1-1.png\" \/>\n\t<meta property=\"og:image:width\" content=\"685\" \/>\n\t<meta property=\"og:image:height\" content=\"685\" \/>\n\t<meta property=\"og:image:type\" content=\"image\/png\" \/>\n<meta name=\"twitter:card\" content=\"summary_large_image\" \/>\n<script type=\"application\/ld+json\" class=\"yoast-schema-graph\">{\"@context\":\"https:\/\/schema.org\",\"@graph\":[{\"@type\":[\"WebPage\",\"ItemPage\"],\"@id\":\"https:\/\/storitgroup.com\/fi\/tuote\/karry-750-x-1600-x-600mm-pitkille-tavaroille\/\",\"url\":\"https:\/\/storitgroup.com\/fi\/tuote\/karry-750-x-1600-x-600mm-pitkille-tavaroille\/\",\"name\":\"K\u00e4rry 750 x 1600 x 600mm, pitkille tavaroille &#8226; Storit\",\"isPartOf\":{\"@id\":\"https:\/\/storitgroup.com\/fi\/#website\"},\"primaryImageOfPage\":{\"@id\":\"https:\/\/storitgroup.com\/fi\/tuote\/karry-750-x-1600-x-600mm-pitkille-tavaroille\/#primaryimage\"},\"image\":{\"@id\":\"https:\/\/storitgroup.com\/fi\/tuote\/karry-750-x-1600-x-600mm-pitkille-tavaroille\/#primaryimage\"},\"thumbnailUrl\":\"https:\/\/storitgroup.com\/uploads\/2021\/03\/pika-materjali-karu-km215-1-1.png\",\"datePublished\":\"2021-03-05T13:40:33+00:00\",\"dateModified\":\"2024-11-21T14:21:37+00:00\",\"description\":\"K\u00e4rry 750 x 1600 x 600mm, pitkille tavaroille \u2014 kohtuulliseen hintaan. Toimitukset kaikkialle Suomeen! \u261b Tutustu tuotteeseen ja tilaa k\u00e4tev\u00e4sti STORIT-verkkokaupasta!\",\"breadcrumb\":{\"@id\":\"https:\/\/storitgroup.com\/fi\/tuote\/karry-750-x-1600-x-600mm-pitkille-tavaroille\/#breadcrumb\"},\"inLanguage\":\"fi\",\"potentialAction\":[{\"@type\":\"ReadAction\",\"target\":[\"https:\/\/storitgroup.com\/fi\/tuote\/karry-750-x-1600-x-600mm-pitkille-tavaroille\/\"]}]},{\"@type\":\"ImageObject\",\"inLanguage\":\"fi\",\"@id\":\"https:\/\/storitgroup.com\/fi\/tuote\/karry-750-x-1600-x-600mm-pitkille-tavaroille\/#primaryimage\",\"url\":\"https:\/\/storitgroup.com\/uploads\/2021\/03\/pika-materjali-karu-km215-1-1.png\",\"contentUrl\":\"https:\/\/storitgroup.com\/uploads\/2021\/03\/pika-materjali-karu-km215-1-1.png\",\"width\":685,\"height\":685},{\"@type\":\"BreadcrumbList\",\"@id\":\"https:\/\/storitgroup.com\/fi\/tuote\/karry-750-x-1600-x-600mm-pitkille-tavaroille\/#breadcrumb\",\"itemListElement\":[{\"@type\":\"ListItem\",\"position\":1,\"name\":\"Kotisivu\",\"item\":\"https:\/\/storitgroup.com\/fi\/\"},{\"@type\":\"ListItem\",\"position\":2,\"name\":\"Tuotteet\",\"item\":\"https:\/\/storitgroup.com\/fi\/tuotteet\/\"},{\"@type\":\"ListItem\",\"position\":3,\"name\":\"Varastovaunut, py\u00f6r\u00e4t\",\"item\":\"https:\/\/storitgroup.com\/fi\/varastovaunut-pyorat\/\"},{\"@type\":\"ListItem\",\"position\":4,\"name\":\"Erikoisk\u00e4rryt\",\"item\":\"https:\/\/storitgroup.com\/fi\/varastovaunut-pyorat\/erikoiskarryt\/\"},{\"@type\":\"ListItem\",\"position\":5,\"name\":\"K\u00e4rry 750 x 1600 x 600mm, pitkille tavaroille\"}]},{\"@type\":\"WebSite\",\"@id\":\"https:\/\/storitgroup.com\/fi\/#website\",\"url\":\"https:\/\/storitgroup.com\/fi\/\",\"name\":\"Storit\",\"description\":\"\",\"potentialAction\":[{\"@type\":\"SearchAction\",\"target\":{\"@type\":\"EntryPoint\",\"urlTemplate\":\"https:\/\/storitgroup.com\/fi\/?s={search_term_string}\"},\"query-input\":{\"@type\":\"PropertyValueSpecification\",\"valueRequired\":true,\"valueName\":\"search_term_string\"}}],\"inLanguage\":\"fi\"}]}<\/script>\n<!-- \/ Yoast SEO plugin. -->","yoast_head_json":{"title":"K\u00e4rry 750 x 1600 x 600mm, pitkille tavaroille &#8226; Storit","description":"K\u00e4rry 750 x 1600 x 600mm, pitkille tavaroille \u2014 kohtuulliseen hintaan. Toimitukset kaikkialle Suomeen! \u261b Tutustu tuotteeseen ja tilaa k\u00e4tev\u00e4sti STORIT-verkkokaupasta!","robots":{"index":"index","follow":"follow","max-snippet":"max-snippet:-1","max-image-preview":"max-image-preview:large","max-video-preview":"max-video-preview:-1"},"canonical":"https:\/\/storitgroup.com\/fi\/tuote\/karry-750-x-1600-x-600mm-pitkille-tavaroille\/","og_locale":"fi_FI","og_type":"article","og_title":"K\u00e4rry 750 x 1600 x 600mm, pitkille tavaroille &#8226; Storit","og_description":"K\u00e4rry 750 x 1600 x 600mm, pitkille tavaroille \u2014 kohtuulliseen hintaan. Toimitukset kaikkialle Suomeen! \u261b Tutustu tuotteeseen ja tilaa k\u00e4tev\u00e4sti STORIT-verkkokaupasta!","og_url":"https:\/\/storitgroup.com\/fi\/tuote\/karry-750-x-1600-x-600mm-pitkille-tavaroille\/","og_site_name":"Storit","article_modified_time":"2024-11-21T14:21:37+00:00","og_image":[{"width":685,"height":685,"url":"https:\/\/storitgroup.com\/uploads\/2021\/03\/pika-materjali-karu-km215-1-1.png","type":"image\/png"}],"twitter_card":"summary_large_image","schema":{"@context":"https:\/\/schema.org","@graph":[{"@type":["WebPage","ItemPage"],"@id":"https:\/\/storitgroup.com\/fi\/tuote\/karry-750-x-1600-x-600mm-pitkille-tavaroille\/","url":"https:\/\/storitgroup.com\/fi\/tuote\/karry-750-x-1600-x-600mm-pitkille-tavaroille\/","name":"K\u00e4rry 750 x 1600 x 600mm, pitkille tavaroille &#8226; Storit","isPartOf":{"@id":"https:\/\/storitgroup.com\/fi\/#website"},"primaryImageOfPage":{"@id":"https:\/\/storitgroup.com\/fi\/tuote\/karry-750-x-1600-x-600mm-pitkille-tavaroille\/#primaryimage"},"image":{"@id":"https:\/\/storitgroup.com\/fi\/tuote\/karry-750-x-1600-x-600mm-pitkille-tavaroille\/#primaryimage"},"thumbnailUrl":"https:\/\/storitgroup.com\/uploads\/2021\/03\/pika-materjali-karu-km215-1-1.png","datePublished":"2021-03-05T13:40:33+00:00","dateModified":"2024-11-21T14:21:37+00:00","description":"K\u00e4rry 750 x 1600 x 600mm, pitkille tavaroille \u2014 kohtuulliseen hintaan. Toimitukset kaikkialle Suomeen! \u261b Tutustu tuotteeseen ja tilaa k\u00e4tev\u00e4sti STORIT-verkkokaupasta!","breadcrumb":{"@id":"https:\/\/storitgroup.com\/fi\/tuote\/karry-750-x-1600-x-600mm-pitkille-tavaroille\/#breadcrumb"},"inLanguage":"fi","potentialAction":[{"@type":"ReadAction","target":["https:\/\/storitgroup.com\/fi\/tuote\/karry-750-x-1600-x-600mm-pitkille-tavaroille\/"]}]},{"@type":"ImageObject","inLanguage":"fi","@id":"https:\/\/storitgroup.com\/fi\/tuote\/karry-750-x-1600-x-600mm-pitkille-tavaroille\/#primaryimage","url":"https:\/\/storitgroup.com\/uploads\/2021\/03\/pika-materjali-karu-km215-1-1.png","contentUrl":"https:\/\/storitgroup.com\/uploads\/2021\/03\/pika-materjali-karu-km215-1-1.png","width":685,"height":685},{"@type":"BreadcrumbList","@id":"https:\/\/storitgroup.com\/fi\/tuote\/karry-750-x-1600-x-600mm-pitkille-tavaroille\/#breadcrumb","itemListElement":[{"@type":"ListItem","position":1,"name":"Kotisivu","item":"https:\/\/storitgroup.com\/fi\/"},{"@type":"ListItem","position":2,"name":"Tuotteet","item":"https:\/\/storitgroup.com\/fi\/tuotteet\/"},{"@type":"ListItem","position":3,"name":"Varastovaunut, py\u00f6r\u00e4t","item":"https:\/\/storitgroup.com\/fi\/varastovaunut-pyorat\/"},{"@type":"ListItem","position":4,"name":"Erikoisk\u00e4rryt","item":"https:\/\/storitgroup.com\/fi\/varastovaunut-pyorat\/erikoiskarryt\/"},{"@type":"ListItem","position":5,"name":"K\u00e4rry 750 x 1600 x 600mm, pitkille tavaroille"}]},{"@type":"WebSite","@id":"https:\/\/storitgroup.com\/fi\/#website","url":"https:\/\/storitgroup.com\/fi\/","name":"Storit","description":"","potentialAction":[{"@type":"SearchAction","target":{"@type":"EntryPoint","urlTemplate":"https:\/\/storitgroup.com\/fi\/?s={search_term_string}"},"query-input":{"@type":"PropertyValueSpecification","valueRequired":true,"valueName":"search_term_string"}}],"inLanguage":"fi"}]}},"_links":{"self":[{"href":"https:\/\/storitgroup.com\/fi\/wp-json\/wp\/v2\/product\/14635","targetHints":{"allow":["GET"]}}],"collection":[{"href":"https:\/\/storitgroup.com\/fi\/wp-json\/wp\/v2\/product"}],"about":[{"href":"https:\/\/storitgroup.com\/fi\/wp-json\/wp\/v2\/types\/product"}],"wp:featuredmedia":[{"embeddable":true,"href":"https:\/\/storitgroup.com\/fi\/wp-json\/wp\/v2\/media\/34709"}],"wp:attachment":[{"href":"https:\/\/storitgroup.com\/fi\/wp-json\/wp\/v2\/media?parent=14635"}],"wp:term":[{"taxonomy":"product_brand","embeddable":true,"href":"https:\/\/storitgroup.com\/fi\/wp-json\/wp\/v2\/product_brand?post=14635"},{"taxonomy":"product_cat","embeddable":true,"href":"https:\/\/storitgroup.com\/fi\/wp-json\/wp\/v2\/product_cat?post=14635"},{"taxonomy":"product_tag","embeddable":true,"href":"https:\/\/storitgroup.com\/fi\/wp-json\/wp\/v2\/product_tag?post=14635"}],"curies":[{"name":"wp","href":"https:\/\/api.w.org\/{rel}","templated":true}]}}