{"id":14633,"date":"2021-03-05T13:40:32","date_gmt":"2021-03-05T13:40:32","guid":{"rendered":"https:\/\/storitgroup.com\/?post_type=product&#038;p=14633"},"modified":"2024-11-21T16:21:35","modified_gmt":"2024-11-21T14:21:35","slug":"verkkovaunu-800-x-600-x-915mm-sininen","status":"publish","type":"product","link":"https:\/\/storitgroup.com\/fi\/tuote\/verkkovaunu-800-x-600-x-915mm-sininen\/","title":{"rendered":"Verkkovaunu 800 x 600 x 915mm, sininen"},"content":{"rendered":"<p>E0049  mitat: 800 x 600 x 915\u00a0mm (plk)<br \/>  kantavuus: 150 kg<br \/>  kansilla vaunun mitat: 770 x 570 x 430<br \/>  jauhemaalattu, sininen<br \/>  py\u00f6r\u00e4t: 4 k\u00e4\u00e4ntyv\u00e4\u00e4 py\u00f6r\u00e4\u00e4 \u00d8 100 mm<br \/>  paino: 9\u00a0kg.<\/p>\n","protected":false},"excerpt":{"rendered":"<p>E0049  mitat: 800 x 600 x 915\u00a0mm (plk)<br \/>\n  kantavuus: 150 kg<br \/>\n  kansilla vaunun mitat: 770 x 570 x 430<\/p>\n","protected":false},"featured_media":22465,"template":"","meta":{"_acf_changed":false},"product_brand":[],"product_cat":[7087],"product_tag":[],"class_list":{"0":"post-14633","1":"product","2":"type-product","3":"status-publish","4":"has-post-thumbnail","6":"product_room-kuljetus-ja-logistiikka","7":"product_room-kaupankaynti-ja-myymalat","8":"product_cat-ritilakontit","10":"first","11":"onbackorder","12":"taxable","13":"shipping-taxable","14":"purchasable","15":"product-type-simple"},"acf":[],"yoast_head":"<!-- This site is optimized with the Yoast SEO plugin v27.2 - https:\/\/yoast.com\/product\/yoast-seo-wordpress\/ -->\n<title>Verkkovaunu 800 x 600 x 915mm, sininen &#8226; Storit<\/title>\n<meta name=\"description\" content=\"Verkkovaunu 800 x 600 x 915mm, sininen \u2014 kohtuulliseen hintaan. Toimitukset kaikkialle Suomeen! \u261b Tutustu tuotteeseen ja tilaa k\u00e4tev\u00e4sti STORIT-verkkokaupasta!\" \/>\n<meta name=\"robots\" content=\"index, follow, max-snippet:-1, max-image-preview:large, max-video-preview:-1\" \/>\n<link rel=\"canonical\" href=\"https:\/\/storitgroup.com\/fi\/tuote\/verkkovaunu-800-x-600-x-915mm-sininen\/\" \/>\n<meta property=\"og:locale\" content=\"fi_FI\" \/>\n<meta property=\"og:type\" content=\"article\" \/>\n<meta property=\"og:title\" content=\"Verkkovaunu 800 x 600 x 915mm, sininen &#8226; Storit\" \/>\n<meta property=\"og:description\" content=\"Verkkovaunu 800 x 600 x 915mm, sininen \u2014 kohtuulliseen hintaan. Toimitukset kaikkialle Suomeen! \u261b Tutustu tuotteeseen ja tilaa k\u00e4tev\u00e4sti STORIT-verkkokaupasta!\" \/>\n<meta property=\"og:url\" content=\"https:\/\/storitgroup.com\/fi\/tuote\/verkkovaunu-800-x-600-x-915mm-sininen\/\" \/>\n<meta property=\"og:site_name\" content=\"Storit\" \/>\n<meta property=\"article:modified_time\" content=\"2024-11-21T14:21:35+00:00\" \/>\n<meta property=\"og:image\" content=\"https:\/\/storitgroup.com\/uploads\/2021\/03\/km198-vorekaru-km198-sinine-1-1.png\" \/>\n\t<meta property=\"og:image:width\" content=\"614\" \/>\n\t<meta property=\"og:image:height\" content=\"614\" \/>\n\t<meta property=\"og:image:type\" content=\"image\/png\" \/>\n<meta name=\"twitter:card\" content=\"summary_large_image\" \/>\n<script type=\"application\/ld+json\" class=\"yoast-schema-graph\">{\"@context\":\"https:\/\/schema.org\",\"@graph\":[{\"@type\":[\"WebPage\",\"ItemPage\"],\"@id\":\"https:\/\/storitgroup.com\/fi\/tuote\/verkkovaunu-800-x-600-x-915mm-sininen\/\",\"url\":\"https:\/\/storitgroup.com\/fi\/tuote\/verkkovaunu-800-x-600-x-915mm-sininen\/\",\"name\":\"Verkkovaunu 800 x 600 x 915mm, sininen &#8226; Storit\",\"isPartOf\":{\"@id\":\"https:\/\/storitgroup.com\/fi\/#website\"},\"primaryImageOfPage\":{\"@id\":\"https:\/\/storitgroup.com\/fi\/tuote\/verkkovaunu-800-x-600-x-915mm-sininen\/#primaryimage\"},\"image\":{\"@id\":\"https:\/\/storitgroup.com\/fi\/tuote\/verkkovaunu-800-x-600-x-915mm-sininen\/#primaryimage\"},\"thumbnailUrl\":\"https:\/\/storitgroup.com\/uploads\/2021\/03\/km198-vorekaru-km198-sinine-1-1.png\",\"datePublished\":\"2021-03-05T13:40:32+00:00\",\"dateModified\":\"2024-11-21T14:21:35+00:00\",\"description\":\"Verkkovaunu 800 x 600 x 915mm, sininen \u2014 kohtuulliseen hintaan. Toimitukset kaikkialle Suomeen! \u261b Tutustu tuotteeseen ja tilaa k\u00e4tev\u00e4sti STORIT-verkkokaupasta!\",\"breadcrumb\":{\"@id\":\"https:\/\/storitgroup.com\/fi\/tuote\/verkkovaunu-800-x-600-x-915mm-sininen\/#breadcrumb\"},\"inLanguage\":\"fi\",\"potentialAction\":[{\"@type\":\"ReadAction\",\"target\":[\"https:\/\/storitgroup.com\/fi\/tuote\/verkkovaunu-800-x-600-x-915mm-sininen\/\"]}]},{\"@type\":\"ImageObject\",\"inLanguage\":\"fi\",\"@id\":\"https:\/\/storitgroup.com\/fi\/tuote\/verkkovaunu-800-x-600-x-915mm-sininen\/#primaryimage\",\"url\":\"https:\/\/storitgroup.com\/uploads\/2021\/03\/km198-vorekaru-km198-sinine-1-1.png\",\"contentUrl\":\"https:\/\/storitgroup.com\/uploads\/2021\/03\/km198-vorekaru-km198-sinine-1-1.png\",\"width\":614,\"height\":614},{\"@type\":\"BreadcrumbList\",\"@id\":\"https:\/\/storitgroup.com\/fi\/tuote\/verkkovaunu-800-x-600-x-915mm-sininen\/#breadcrumb\",\"itemListElement\":[{\"@type\":\"ListItem\",\"position\":1,\"name\":\"Kotisivu\",\"item\":\"https:\/\/storitgroup.com\/fi\/\"},{\"@type\":\"ListItem\",\"position\":2,\"name\":\"Tuotteet\",\"item\":\"https:\/\/storitgroup.com\/fi\/tuotteet\/\"},{\"@type\":\"ListItem\",\"position\":3,\"name\":\"Kontit, roskakorit\",\"item\":\"https:\/\/storitgroup.com\/fi\/kontit-roskakorit\/\"},{\"@type\":\"ListItem\",\"position\":4,\"name\":\"Ritil\u00e4kontit\",\"item\":\"https:\/\/storitgroup.com\/fi\/kontit-roskakorit\/ritilakontit\/\"},{\"@type\":\"ListItem\",\"position\":5,\"name\":\"Verkkovaunu 800 x 600 x 915mm, sininen\"}]},{\"@type\":\"WebSite\",\"@id\":\"https:\/\/storitgroup.com\/fi\/#website\",\"url\":\"https:\/\/storitgroup.com\/fi\/\",\"name\":\"Storit\",\"description\":\"\",\"potentialAction\":[{\"@type\":\"SearchAction\",\"target\":{\"@type\":\"EntryPoint\",\"urlTemplate\":\"https:\/\/storitgroup.com\/fi\/?s={search_term_string}\"},\"query-input\":{\"@type\":\"PropertyValueSpecification\",\"valueRequired\":true,\"valueName\":\"search_term_string\"}}],\"inLanguage\":\"fi\"}]}<\/script>\n<!-- \/ Yoast SEO plugin. -->","yoast_head_json":{"title":"Verkkovaunu 800 x 600 x 915mm, sininen &#8226; Storit","description":"Verkkovaunu 800 x 600 x 915mm, sininen \u2014 kohtuulliseen hintaan. Toimitukset kaikkialle Suomeen! \u261b Tutustu tuotteeseen ja tilaa k\u00e4tev\u00e4sti STORIT-verkkokaupasta!","robots":{"index":"index","follow":"follow","max-snippet":"max-snippet:-1","max-image-preview":"max-image-preview:large","max-video-preview":"max-video-preview:-1"},"canonical":"https:\/\/storitgroup.com\/fi\/tuote\/verkkovaunu-800-x-600-x-915mm-sininen\/","og_locale":"fi_FI","og_type":"article","og_title":"Verkkovaunu 800 x 600 x 915mm, sininen &#8226; Storit","og_description":"Verkkovaunu 800 x 600 x 915mm, sininen \u2014 kohtuulliseen hintaan. Toimitukset kaikkialle Suomeen! \u261b Tutustu tuotteeseen ja tilaa k\u00e4tev\u00e4sti STORIT-verkkokaupasta!","og_url":"https:\/\/storitgroup.com\/fi\/tuote\/verkkovaunu-800-x-600-x-915mm-sininen\/","og_site_name":"Storit","article_modified_time":"2024-11-21T14:21:35+00:00","og_image":[{"width":614,"height":614,"url":"https:\/\/storitgroup.com\/uploads\/2021\/03\/km198-vorekaru-km198-sinine-1-1.png","type":"image\/png"}],"twitter_card":"summary_large_image","schema":{"@context":"https:\/\/schema.org","@graph":[{"@type":["WebPage","ItemPage"],"@id":"https:\/\/storitgroup.com\/fi\/tuote\/verkkovaunu-800-x-600-x-915mm-sininen\/","url":"https:\/\/storitgroup.com\/fi\/tuote\/verkkovaunu-800-x-600-x-915mm-sininen\/","name":"Verkkovaunu 800 x 600 x 915mm, sininen &#8226; Storit","isPartOf":{"@id":"https:\/\/storitgroup.com\/fi\/#website"},"primaryImageOfPage":{"@id":"https:\/\/storitgroup.com\/fi\/tuote\/verkkovaunu-800-x-600-x-915mm-sininen\/#primaryimage"},"image":{"@id":"https:\/\/storitgroup.com\/fi\/tuote\/verkkovaunu-800-x-600-x-915mm-sininen\/#primaryimage"},"thumbnailUrl":"https:\/\/storitgroup.com\/uploads\/2021\/03\/km198-vorekaru-km198-sinine-1-1.png","datePublished":"2021-03-05T13:40:32+00:00","dateModified":"2024-11-21T14:21:35+00:00","description":"Verkkovaunu 800 x 600 x 915mm, sininen \u2014 kohtuulliseen hintaan. Toimitukset kaikkialle Suomeen! \u261b Tutustu tuotteeseen ja tilaa k\u00e4tev\u00e4sti STORIT-verkkokaupasta!","breadcrumb":{"@id":"https:\/\/storitgroup.com\/fi\/tuote\/verkkovaunu-800-x-600-x-915mm-sininen\/#breadcrumb"},"inLanguage":"fi","potentialAction":[{"@type":"ReadAction","target":["https:\/\/storitgroup.com\/fi\/tuote\/verkkovaunu-800-x-600-x-915mm-sininen\/"]}]},{"@type":"ImageObject","inLanguage":"fi","@id":"https:\/\/storitgroup.com\/fi\/tuote\/verkkovaunu-800-x-600-x-915mm-sininen\/#primaryimage","url":"https:\/\/storitgroup.com\/uploads\/2021\/03\/km198-vorekaru-km198-sinine-1-1.png","contentUrl":"https:\/\/storitgroup.com\/uploads\/2021\/03\/km198-vorekaru-km198-sinine-1-1.png","width":614,"height":614},{"@type":"BreadcrumbList","@id":"https:\/\/storitgroup.com\/fi\/tuote\/verkkovaunu-800-x-600-x-915mm-sininen\/#breadcrumb","itemListElement":[{"@type":"ListItem","position":1,"name":"Kotisivu","item":"https:\/\/storitgroup.com\/fi\/"},{"@type":"ListItem","position":2,"name":"Tuotteet","item":"https:\/\/storitgroup.com\/fi\/tuotteet\/"},{"@type":"ListItem","position":3,"name":"Kontit, roskakorit","item":"https:\/\/storitgroup.com\/fi\/kontit-roskakorit\/"},{"@type":"ListItem","position":4,"name":"Ritil\u00e4kontit","item":"https:\/\/storitgroup.com\/fi\/kontit-roskakorit\/ritilakontit\/"},{"@type":"ListItem","position":5,"name":"Verkkovaunu 800 x 600 x 915mm, sininen"}]},{"@type":"WebSite","@id":"https:\/\/storitgroup.com\/fi\/#website","url":"https:\/\/storitgroup.com\/fi\/","name":"Storit","description":"","potentialAction":[{"@type":"SearchAction","target":{"@type":"EntryPoint","urlTemplate":"https:\/\/storitgroup.com\/fi\/?s={search_term_string}"},"query-input":{"@type":"PropertyValueSpecification","valueRequired":true,"valueName":"search_term_string"}}],"inLanguage":"fi"}]}},"_links":{"self":[{"href":"https:\/\/storitgroup.com\/fi\/wp-json\/wp\/v2\/product\/14633","targetHints":{"allow":["GET"]}}],"collection":[{"href":"https:\/\/storitgroup.com\/fi\/wp-json\/wp\/v2\/product"}],"about":[{"href":"https:\/\/storitgroup.com\/fi\/wp-json\/wp\/v2\/types\/product"}],"wp:featuredmedia":[{"embeddable":true,"href":"https:\/\/storitgroup.com\/fi\/wp-json\/wp\/v2\/media\/22465"}],"wp:attachment":[{"href":"https:\/\/storitgroup.com\/fi\/wp-json\/wp\/v2\/media?parent=14633"}],"wp:term":[{"taxonomy":"product_brand","embeddable":true,"href":"https:\/\/storitgroup.com\/fi\/wp-json\/wp\/v2\/product_brand?post=14633"},{"taxonomy":"product_cat","embeddable":true,"href":"https:\/\/storitgroup.com\/fi\/wp-json\/wp\/v2\/product_cat?post=14633"},{"taxonomy":"product_tag","embeddable":true,"href":"https:\/\/storitgroup.com\/fi\/wp-json\/wp\/v2\/product_tag?post=14633"}],"curies":[{"name":"wp","href":"https:\/\/api.w.org\/{rel}","templated":true}]}}