{"id":14630,"date":"2021-03-05T15:40:26","date_gmt":"2021-03-05T13:40:26","guid":{"rendered":"https:\/\/storitgroup.com\/?post_type=product&#038;p=14630"},"modified":"2024-11-21T16:21:30","modified_gmt":"2024-11-21T14:21:30","slug":"nokkakarry-nk251-jalkakahvalla","status":"publish","type":"product","link":"https:\/\/storitgroup.com\/fi\/tuote\/nokkakarry-nk251-jalkakahvalla\/","title":{"rendered":"Nokkak\u00e4rry NK251 jalkakahvalla"},"content":{"rendered":"<p>D0016  Kantavuus: 250 kg<br \/>  Mitat: 810 x 500 x 1140 mm (plk)<br \/>  Polttomaalattu: keltainen:   Kuormataso: 385\u00a0x 120\u00a0mm<br \/>  Kuormatason pidennys: 500 x 350 mm<br \/>  Py\u00f6r\u00e4t: \u00d8 260 x 85\u00a0mm, ilmakumipy\u00f6r\u00e4t, peltivanteet<br \/>  Paino:\u00a014,5 kg.<\/p>\n","protected":false},"excerpt":{"rendered":"<p>D0016  Kantavuus: 250 kg<br \/>\n  Mitat: 810 x 500 x 1140 mm (plk)<br \/>\n  Polttomaalattu: keltainen:   Kuormataso: 385\u00a0x 120\u00a0mm<\/p>\n","protected":false},"featured_media":22453,"template":"","meta":{"_acf_changed":false},"product_brand":[],"product_cat":[7079],"product_tag":[],"class_list":{"0":"post-14630","1":"product","2":"type-product","3":"status-publish","4":"has-post-thumbnail","6":"product_room-kaupankaynti-ja-myymalat","7":"product_room-tynnyrien-ja-kaapeleiden-kasittely","8":"product_room-kuljetus-ja-logistiikka","9":"product_cat-nokkakarryt-tavarakarryt","11":"first","12":"onbackorder","13":"sale","14":"taxable","15":"shipping-taxable","16":"purchasable","17":"product-type-simple"},"acf":[],"yoast_head":"<!-- This site is optimized with the Yoast SEO plugin v27.3 - https:\/\/yoast.com\/product\/yoast-seo-wordpress\/ -->\n<title>Nokkak\u00e4rry NK251 jalkakahvalla &#8226; Storit<\/title>\n<meta name=\"description\" content=\"Nokkak\u00e4rry NK251 jalkakahvalla \u2014 kohtuulliseen hintaan. Toimitukset kaikkialle Suomeen! \u261b Tutustu tuotteeseen ja tilaa k\u00e4tev\u00e4sti STORIT-verkkokaupasta!\" \/>\n<meta name=\"robots\" content=\"index, follow, max-snippet:-1, max-image-preview:large, max-video-preview:-1\" \/>\n<link rel=\"canonical\" href=\"https:\/\/storitgroup.com\/fi\/tuote\/nokkakarry-nk251-jalkakahvalla\/\" \/>\n<meta property=\"og:locale\" content=\"fi_FI\" \/>\n<meta property=\"og:type\" content=\"article\" \/>\n<meta property=\"og:title\" content=\"Nokkak\u00e4rry NK251 jalkakahvalla &#8226; Storit\" \/>\n<meta property=\"og:description\" content=\"Nokkak\u00e4rry NK251 jalkakahvalla \u2014 kohtuulliseen hintaan. Toimitukset kaikkialle Suomeen! \u261b Tutustu tuotteeseen ja tilaa k\u00e4tev\u00e4sti STORIT-verkkokaupasta!\" \/>\n<meta property=\"og:url\" content=\"https:\/\/storitgroup.com\/fi\/tuote\/nokkakarry-nk251-jalkakahvalla\/\" \/>\n<meta property=\"og:site_name\" content=\"Storit\" \/>\n<meta property=\"article:modified_time\" content=\"2024-11-21T14:21:30+00:00\" \/>\n<meta property=\"og:image\" content=\"https:\/\/storitgroup.com\/uploads\/2021\/03\/km145251-nokk-karu-1-1.png\" \/>\n\t<meta property=\"og:image:width\" content=\"619\" \/>\n\t<meta property=\"og:image:height\" content=\"619\" \/>\n\t<meta property=\"og:image:type\" content=\"image\/png\" \/>\n<meta name=\"twitter:card\" content=\"summary_large_image\" \/>\n<script type=\"application\/ld+json\" class=\"yoast-schema-graph\">{\"@context\":\"https:\\\/\\\/schema.org\",\"@graph\":[{\"@type\":[\"WebPage\",\"ItemPage\"],\"@id\":\"https:\\\/\\\/storitgroup.com\\\/fi\\\/tuote\\\/nokkakarry-nk251-jalkakahvalla\\\/\",\"url\":\"https:\\\/\\\/storitgroup.com\\\/fi\\\/tuote\\\/nokkakarry-nk251-jalkakahvalla\\\/\",\"name\":\"Nokkak\u00e4rry NK251 jalkakahvalla &#8226; Storit\",\"isPartOf\":{\"@id\":\"https:\\\/\\\/storitgroup.com\\\/fi\\\/#website\"},\"primaryImageOfPage\":{\"@id\":\"https:\\\/\\\/storitgroup.com\\\/fi\\\/tuote\\\/nokkakarry-nk251-jalkakahvalla\\\/#primaryimage\"},\"image\":{\"@id\":\"https:\\\/\\\/storitgroup.com\\\/fi\\\/tuote\\\/nokkakarry-nk251-jalkakahvalla\\\/#primaryimage\"},\"thumbnailUrl\":\"https:\\\/\\\/storitgroup.com\\\/uploads\\\/2021\\\/03\\\/km145251-nokk-karu-1-1.png\",\"datePublished\":\"2021-03-05T13:40:26+00:00\",\"dateModified\":\"2024-11-21T14:21:30+00:00\",\"description\":\"Nokkak\u00e4rry NK251 jalkakahvalla \u2014 kohtuulliseen hintaan. Toimitukset kaikkialle Suomeen! \u261b Tutustu tuotteeseen ja tilaa k\u00e4tev\u00e4sti STORIT-verkkokaupasta!\",\"breadcrumb\":{\"@id\":\"https:\\\/\\\/storitgroup.com\\\/fi\\\/tuote\\\/nokkakarry-nk251-jalkakahvalla\\\/#breadcrumb\"},\"inLanguage\":\"fi\",\"potentialAction\":[{\"@type\":\"ReadAction\",\"target\":[\"https:\\\/\\\/storitgroup.com\\\/fi\\\/tuote\\\/nokkakarry-nk251-jalkakahvalla\\\/\"]}]},{\"@type\":\"ImageObject\",\"inLanguage\":\"fi\",\"@id\":\"https:\\\/\\\/storitgroup.com\\\/fi\\\/tuote\\\/nokkakarry-nk251-jalkakahvalla\\\/#primaryimage\",\"url\":\"https:\\\/\\\/storitgroup.com\\\/uploads\\\/2021\\\/03\\\/km145251-nokk-karu-1-1.png\",\"contentUrl\":\"https:\\\/\\\/storitgroup.com\\\/uploads\\\/2021\\\/03\\\/km145251-nokk-karu-1-1.png\",\"width\":619,\"height\":619},{\"@type\":\"BreadcrumbList\",\"@id\":\"https:\\\/\\\/storitgroup.com\\\/fi\\\/tuote\\\/nokkakarry-nk251-jalkakahvalla\\\/#breadcrumb\",\"itemListElement\":[{\"@type\":\"ListItem\",\"position\":1,\"name\":\"Kotisivu\",\"item\":\"https:\\\/\\\/storitgroup.com\\\/fi\\\/\"},{\"@type\":\"ListItem\",\"position\":2,\"name\":\"Tuotteet\",\"item\":\"https:\\\/\\\/storitgroup.com\\\/fi\\\/tuotteet\\\/\"},{\"@type\":\"ListItem\",\"position\":3,\"name\":\"Varastovaunut, py\u00f6r\u00e4t\",\"item\":\"https:\\\/\\\/storitgroup.com\\\/fi\\\/varastovaunut-pyorat\\\/\"},{\"@type\":\"ListItem\",\"position\":4,\"name\":\"Nokkak\u00e4rryt, tavarak\u00e4rryt\",\"item\":\"https:\\\/\\\/storitgroup.com\\\/fi\\\/varastovaunut-pyorat\\\/nokkakarryt-tavarakarryt\\\/\"},{\"@type\":\"ListItem\",\"position\":5,\"name\":\"Nokkak\u00e4rry NK251 jalkakahvalla\"}]},{\"@type\":\"WebSite\",\"@id\":\"https:\\\/\\\/storitgroup.com\\\/fi\\\/#website\",\"url\":\"https:\\\/\\\/storitgroup.com\\\/fi\\\/\",\"name\":\"Storit\",\"description\":\"\",\"potentialAction\":[{\"@type\":\"SearchAction\",\"target\":{\"@type\":\"EntryPoint\",\"urlTemplate\":\"https:\\\/\\\/storitgroup.com\\\/fi\\\/?s={search_term_string}\"},\"query-input\":{\"@type\":\"PropertyValueSpecification\",\"valueRequired\":true,\"valueName\":\"search_term_string\"}}],\"inLanguage\":\"fi\"}]}<\/script>\n<!-- \/ Yoast SEO plugin. -->","yoast_head_json":{"title":"Nokkak\u00e4rry NK251 jalkakahvalla &#8226; Storit","description":"Nokkak\u00e4rry NK251 jalkakahvalla \u2014 kohtuulliseen hintaan. Toimitukset kaikkialle Suomeen! \u261b Tutustu tuotteeseen ja tilaa k\u00e4tev\u00e4sti STORIT-verkkokaupasta!","robots":{"index":"index","follow":"follow","max-snippet":"max-snippet:-1","max-image-preview":"max-image-preview:large","max-video-preview":"max-video-preview:-1"},"canonical":"https:\/\/storitgroup.com\/fi\/tuote\/nokkakarry-nk251-jalkakahvalla\/","og_locale":"fi_FI","og_type":"article","og_title":"Nokkak\u00e4rry NK251 jalkakahvalla &#8226; Storit","og_description":"Nokkak\u00e4rry NK251 jalkakahvalla \u2014 kohtuulliseen hintaan. Toimitukset kaikkialle Suomeen! \u261b Tutustu tuotteeseen ja tilaa k\u00e4tev\u00e4sti STORIT-verkkokaupasta!","og_url":"https:\/\/storitgroup.com\/fi\/tuote\/nokkakarry-nk251-jalkakahvalla\/","og_site_name":"Storit","article_modified_time":"2024-11-21T14:21:30+00:00","og_image":[{"width":619,"height":619,"url":"https:\/\/storitgroup.com\/uploads\/2021\/03\/km145251-nokk-karu-1-1.png","type":"image\/png"}],"twitter_card":"summary_large_image","schema":{"@context":"https:\/\/schema.org","@graph":[{"@type":["WebPage","ItemPage"],"@id":"https:\/\/storitgroup.com\/fi\/tuote\/nokkakarry-nk251-jalkakahvalla\/","url":"https:\/\/storitgroup.com\/fi\/tuote\/nokkakarry-nk251-jalkakahvalla\/","name":"Nokkak\u00e4rry NK251 jalkakahvalla &#8226; Storit","isPartOf":{"@id":"https:\/\/storitgroup.com\/fi\/#website"},"primaryImageOfPage":{"@id":"https:\/\/storitgroup.com\/fi\/tuote\/nokkakarry-nk251-jalkakahvalla\/#primaryimage"},"image":{"@id":"https:\/\/storitgroup.com\/fi\/tuote\/nokkakarry-nk251-jalkakahvalla\/#primaryimage"},"thumbnailUrl":"https:\/\/storitgroup.com\/uploads\/2021\/03\/km145251-nokk-karu-1-1.png","datePublished":"2021-03-05T13:40:26+00:00","dateModified":"2024-11-21T14:21:30+00:00","description":"Nokkak\u00e4rry NK251 jalkakahvalla \u2014 kohtuulliseen hintaan. Toimitukset kaikkialle Suomeen! \u261b Tutustu tuotteeseen ja tilaa k\u00e4tev\u00e4sti STORIT-verkkokaupasta!","breadcrumb":{"@id":"https:\/\/storitgroup.com\/fi\/tuote\/nokkakarry-nk251-jalkakahvalla\/#breadcrumb"},"inLanguage":"fi","potentialAction":[{"@type":"ReadAction","target":["https:\/\/storitgroup.com\/fi\/tuote\/nokkakarry-nk251-jalkakahvalla\/"]}]},{"@type":"ImageObject","inLanguage":"fi","@id":"https:\/\/storitgroup.com\/fi\/tuote\/nokkakarry-nk251-jalkakahvalla\/#primaryimage","url":"https:\/\/storitgroup.com\/uploads\/2021\/03\/km145251-nokk-karu-1-1.png","contentUrl":"https:\/\/storitgroup.com\/uploads\/2021\/03\/km145251-nokk-karu-1-1.png","width":619,"height":619},{"@type":"BreadcrumbList","@id":"https:\/\/storitgroup.com\/fi\/tuote\/nokkakarry-nk251-jalkakahvalla\/#breadcrumb","itemListElement":[{"@type":"ListItem","position":1,"name":"Kotisivu","item":"https:\/\/storitgroup.com\/fi\/"},{"@type":"ListItem","position":2,"name":"Tuotteet","item":"https:\/\/storitgroup.com\/fi\/tuotteet\/"},{"@type":"ListItem","position":3,"name":"Varastovaunut, py\u00f6r\u00e4t","item":"https:\/\/storitgroup.com\/fi\/varastovaunut-pyorat\/"},{"@type":"ListItem","position":4,"name":"Nokkak\u00e4rryt, tavarak\u00e4rryt","item":"https:\/\/storitgroup.com\/fi\/varastovaunut-pyorat\/nokkakarryt-tavarakarryt\/"},{"@type":"ListItem","position":5,"name":"Nokkak\u00e4rry NK251 jalkakahvalla"}]},{"@type":"WebSite","@id":"https:\/\/storitgroup.com\/fi\/#website","url":"https:\/\/storitgroup.com\/fi\/","name":"Storit","description":"","potentialAction":[{"@type":"SearchAction","target":{"@type":"EntryPoint","urlTemplate":"https:\/\/storitgroup.com\/fi\/?s={search_term_string}"},"query-input":{"@type":"PropertyValueSpecification","valueRequired":true,"valueName":"search_term_string"}}],"inLanguage":"fi"}]}},"_links":{"self":[{"href":"https:\/\/storitgroup.com\/fi\/wp-json\/wp\/v2\/product\/14630","targetHints":{"allow":["GET"]}}],"collection":[{"href":"https:\/\/storitgroup.com\/fi\/wp-json\/wp\/v2\/product"}],"about":[{"href":"https:\/\/storitgroup.com\/fi\/wp-json\/wp\/v2\/types\/product"}],"wp:featuredmedia":[{"embeddable":true,"href":"https:\/\/storitgroup.com\/fi\/wp-json\/wp\/v2\/media\/22453"}],"wp:attachment":[{"href":"https:\/\/storitgroup.com\/fi\/wp-json\/wp\/v2\/media?parent=14630"}],"wp:term":[{"taxonomy":"product_brand","embeddable":true,"href":"https:\/\/storitgroup.com\/fi\/wp-json\/wp\/v2\/product_brand?post=14630"},{"taxonomy":"product_cat","embeddable":true,"href":"https:\/\/storitgroup.com\/fi\/wp-json\/wp\/v2\/product_cat?post=14630"},{"taxonomy":"product_tag","embeddable":true,"href":"https:\/\/storitgroup.com\/fi\/wp-json\/wp\/v2\/product_tag?post=14630"}],"curies":[{"name":"wp","href":"https:\/\/api.w.org\/{rel}","templated":true}]}}