{"id":14626,"date":"2021-03-05T13:40:23","date_gmt":"2021-03-05T13:40:23","guid":{"rendered":"https:\/\/storitgroup.com\/?post_type=product&#038;p=14626"},"modified":"2026-04-21T11:05:32","modified_gmt":"2026-04-21T08:05:32","slug":"levykuljetin-tukikaarella","status":"publish","type":"product","link":"https:\/\/storitgroup.com\/fi\/tuote\/levykuljetin-tukikaarella\/","title":{"rendered":"Levykuljetin tukikaarella"},"content":{"rendered":"<p>Kantavuus 200 kg<br \/>Kuormausosan pituus<br \/>800 mmKuormausosan leveys: 160 mm.<br \/>Kuormausosa on p\u00e4\u00e4llystetty kumimatolla<br \/>Vahva ter\u00e4srunko on pulverimaalattu (keltainen, RAL 1003)<br \/>Py\u00f6r\u00e4t: \u00d8 260 x 85 mm, ilmarenkaat.<\/p>\n","protected":false},"excerpt":{"rendered":"<p>Kantavuus 200 kg<br \/>\nKuormausosan pituus<br \/>\n800 mmKuormausosan leveys: 160 mm.<\/p>\n","protected":false},"featured_media":22423,"template":"","meta":{"_acf_changed":false},"product_brand":[],"product_cat":[7080],"product_tag":[],"class_list":{"0":"post-14626","1":"product","2":"type-product","3":"status-publish","4":"has-post-thumbnail","6":"product_room-kaupankaynti-ja-myymalat","7":"product_room-pakkaus","8":"product_room-iso-varasto","9":"product_room-pieni-varasto","10":"product_room-kuljetus-ja-logistiikka","11":"product_room-arkisto-museo","12":"product_room-kokoonpano-ja-keraily","13":"product_cat-tasovaunut-hyllykarryt","15":"first","16":"onbackorder","17":"taxable","18":"shipping-taxable","19":"purchasable","20":"product-type-simple"},"acf":[],"yoast_head":"<!-- This site is optimized with the Yoast SEO plugin v27.4 - https:\/\/yoast.com\/product\/yoast-seo-wordpress\/ -->\n<title>Levykuljetin tukikaarella &#8226; Storit<\/title>\n<meta name=\"description\" content=\"Levykuljetin tukikaarella \u2014 kohtuulliseen hintaan. Toimitukset kaikkialle Suomeen! \u261b Tutustu tuotteeseen ja tilaa k\u00e4tev\u00e4sti STORIT-verkkokaupasta!\" \/>\n<meta name=\"robots\" content=\"index, follow, max-snippet:-1, max-image-preview:large, max-video-preview:-1\" \/>\n<link rel=\"canonical\" href=\"https:\/\/storitgroup.com\/fi\/tuote\/levykuljetin-tukikaarella\/\" \/>\n<meta property=\"og:locale\" content=\"fi_FI\" \/>\n<meta property=\"og:type\" content=\"article\" \/>\n<meta property=\"og:title\" content=\"Levykuljetin tukikaarella &#8226; Storit\" \/>\n<meta property=\"og:description\" content=\"Levykuljetin tukikaarella \u2014 kohtuulliseen hintaan. Toimitukset kaikkialle Suomeen! \u261b Tutustu tuotteeseen ja tilaa k\u00e4tev\u00e4sti STORIT-verkkokaupasta!\" \/>\n<meta property=\"og:url\" content=\"https:\/\/storitgroup.com\/fi\/tuote\/levykuljetin-tukikaarella\/\" \/>\n<meta property=\"og:site_name\" content=\"Storit\" \/>\n<meta property=\"article:modified_time\" content=\"2026-04-21T08:05:32+00:00\" \/>\n<meta property=\"og:image\" content=\"https:\/\/storitgroup.com\/uploads\/2021\/03\/plaadikaru-tugikaarega-1-1.png\" \/>\n\t<meta property=\"og:image:width\" content=\"660\" \/>\n\t<meta property=\"og:image:height\" content=\"660\" \/>\n\t<meta property=\"og:image:type\" content=\"image\/png\" \/>\n<meta name=\"twitter:card\" content=\"summary_large_image\" \/>\n<script type=\"application\/ld+json\" class=\"yoast-schema-graph\">{\"@context\":\"https:\\\/\\\/schema.org\",\"@graph\":[{\"@type\":[\"WebPage\",\"ItemPage\"],\"@id\":\"https:\\\/\\\/storitgroup.com\\\/fi\\\/tuote\\\/levykuljetin-tukikaarella\\\/\",\"url\":\"https:\\\/\\\/storitgroup.com\\\/fi\\\/tuote\\\/levykuljetin-tukikaarella\\\/\",\"name\":\"Levykuljetin tukikaarella &#8226; Storit\",\"isPartOf\":{\"@id\":\"https:\\\/\\\/storitgroup.com\\\/fi\\\/#website\"},\"primaryImageOfPage\":{\"@id\":\"https:\\\/\\\/storitgroup.com\\\/fi\\\/tuote\\\/levykuljetin-tukikaarella\\\/#primaryimage\"},\"image\":{\"@id\":\"https:\\\/\\\/storitgroup.com\\\/fi\\\/tuote\\\/levykuljetin-tukikaarella\\\/#primaryimage\"},\"thumbnailUrl\":\"https:\\\/\\\/storitgroup.com\\\/uploads\\\/2021\\\/03\\\/plaadikaru-tugikaarega-1-1.png\",\"datePublished\":\"2021-03-05T13:40:23+00:00\",\"dateModified\":\"2026-04-21T08:05:32+00:00\",\"description\":\"Levykuljetin tukikaarella \u2014 kohtuulliseen hintaan. Toimitukset kaikkialle Suomeen! \u261b Tutustu tuotteeseen ja tilaa k\u00e4tev\u00e4sti STORIT-verkkokaupasta!\",\"breadcrumb\":{\"@id\":\"https:\\\/\\\/storitgroup.com\\\/fi\\\/tuote\\\/levykuljetin-tukikaarella\\\/#breadcrumb\"},\"inLanguage\":\"fi\",\"potentialAction\":[{\"@type\":\"ReadAction\",\"target\":[\"https:\\\/\\\/storitgroup.com\\\/fi\\\/tuote\\\/levykuljetin-tukikaarella\\\/\"]}]},{\"@type\":\"ImageObject\",\"inLanguage\":\"fi\",\"@id\":\"https:\\\/\\\/storitgroup.com\\\/fi\\\/tuote\\\/levykuljetin-tukikaarella\\\/#primaryimage\",\"url\":\"https:\\\/\\\/storitgroup.com\\\/uploads\\\/2021\\\/03\\\/plaadikaru-tugikaarega-1-1.png\",\"contentUrl\":\"https:\\\/\\\/storitgroup.com\\\/uploads\\\/2021\\\/03\\\/plaadikaru-tugikaarega-1-1.png\",\"width\":660,\"height\":660},{\"@type\":\"BreadcrumbList\",\"@id\":\"https:\\\/\\\/storitgroup.com\\\/fi\\\/tuote\\\/levykuljetin-tukikaarella\\\/#breadcrumb\",\"itemListElement\":[{\"@type\":\"ListItem\",\"position\":1,\"name\":\"Kotisivu\",\"item\":\"https:\\\/\\\/storitgroup.com\\\/fi\\\/\"},{\"@type\":\"ListItem\",\"position\":2,\"name\":\"Tuotteet\",\"item\":\"https:\\\/\\\/storitgroup.com\\\/fi\\\/tuotteet\\\/\"},{\"@type\":\"ListItem\",\"position\":3,\"name\":\"Varastovaunut, py\u00f6r\u00e4t\",\"item\":\"https:\\\/\\\/storitgroup.com\\\/fi\\\/tuotteet\\\/varastovaunut-pyorat\\\/\"},{\"@type\":\"ListItem\",\"position\":4,\"name\":\"Tasovaunut, hyllyk\u00e4rryt\",\"item\":\"https:\\\/\\\/storitgroup.com\\\/fi\\\/tuotteet\\\/varastovaunut-pyorat\\\/tasovaunut-hyllykarryt\\\/\"},{\"@type\":\"ListItem\",\"position\":5,\"name\":\"Levykuljetin tukikaarella\"}]},{\"@type\":\"WebSite\",\"@id\":\"https:\\\/\\\/storitgroup.com\\\/fi\\\/#website\",\"url\":\"https:\\\/\\\/storitgroup.com\\\/fi\\\/\",\"name\":\"Storit\",\"description\":\"\",\"potentialAction\":[{\"@type\":\"SearchAction\",\"target\":{\"@type\":\"EntryPoint\",\"urlTemplate\":\"https:\\\/\\\/storitgroup.com\\\/fi\\\/?s={search_term_string}\"},\"query-input\":{\"@type\":\"PropertyValueSpecification\",\"valueRequired\":true,\"valueName\":\"search_term_string\"}}],\"inLanguage\":\"fi\"}]}<\/script>\n<!-- \/ Yoast SEO plugin. -->","yoast_head_json":{"title":"Levykuljetin tukikaarella &#8226; Storit","description":"Levykuljetin tukikaarella \u2014 kohtuulliseen hintaan. Toimitukset kaikkialle Suomeen! \u261b Tutustu tuotteeseen ja tilaa k\u00e4tev\u00e4sti STORIT-verkkokaupasta!","robots":{"index":"index","follow":"follow","max-snippet":"max-snippet:-1","max-image-preview":"max-image-preview:large","max-video-preview":"max-video-preview:-1"},"canonical":"https:\/\/storitgroup.com\/fi\/tuote\/levykuljetin-tukikaarella\/","og_locale":"fi_FI","og_type":"article","og_title":"Levykuljetin tukikaarella &#8226; Storit","og_description":"Levykuljetin tukikaarella \u2014 kohtuulliseen hintaan. Toimitukset kaikkialle Suomeen! \u261b Tutustu tuotteeseen ja tilaa k\u00e4tev\u00e4sti STORIT-verkkokaupasta!","og_url":"https:\/\/storitgroup.com\/fi\/tuote\/levykuljetin-tukikaarella\/","og_site_name":"Storit","article_modified_time":"2026-04-21T08:05:32+00:00","og_image":[{"width":660,"height":660,"url":"https:\/\/storitgroup.com\/uploads\/2021\/03\/plaadikaru-tugikaarega-1-1.png","type":"image\/png"}],"twitter_card":"summary_large_image","schema":{"@context":"https:\/\/schema.org","@graph":[{"@type":["WebPage","ItemPage"],"@id":"https:\/\/storitgroup.com\/fi\/tuote\/levykuljetin-tukikaarella\/","url":"https:\/\/storitgroup.com\/fi\/tuote\/levykuljetin-tukikaarella\/","name":"Levykuljetin tukikaarella &#8226; Storit","isPartOf":{"@id":"https:\/\/storitgroup.com\/fi\/#website"},"primaryImageOfPage":{"@id":"https:\/\/storitgroup.com\/fi\/tuote\/levykuljetin-tukikaarella\/#primaryimage"},"image":{"@id":"https:\/\/storitgroup.com\/fi\/tuote\/levykuljetin-tukikaarella\/#primaryimage"},"thumbnailUrl":"https:\/\/storitgroup.com\/uploads\/2021\/03\/plaadikaru-tugikaarega-1-1.png","datePublished":"2021-03-05T13:40:23+00:00","dateModified":"2026-04-21T08:05:32+00:00","description":"Levykuljetin tukikaarella \u2014 kohtuulliseen hintaan. Toimitukset kaikkialle Suomeen! \u261b Tutustu tuotteeseen ja tilaa k\u00e4tev\u00e4sti STORIT-verkkokaupasta!","breadcrumb":{"@id":"https:\/\/storitgroup.com\/fi\/tuote\/levykuljetin-tukikaarella\/#breadcrumb"},"inLanguage":"fi","potentialAction":[{"@type":"ReadAction","target":["https:\/\/storitgroup.com\/fi\/tuote\/levykuljetin-tukikaarella\/"]}]},{"@type":"ImageObject","inLanguage":"fi","@id":"https:\/\/storitgroup.com\/fi\/tuote\/levykuljetin-tukikaarella\/#primaryimage","url":"https:\/\/storitgroup.com\/uploads\/2021\/03\/plaadikaru-tugikaarega-1-1.png","contentUrl":"https:\/\/storitgroup.com\/uploads\/2021\/03\/plaadikaru-tugikaarega-1-1.png","width":660,"height":660},{"@type":"BreadcrumbList","@id":"https:\/\/storitgroup.com\/fi\/tuote\/levykuljetin-tukikaarella\/#breadcrumb","itemListElement":[{"@type":"ListItem","position":1,"name":"Kotisivu","item":"https:\/\/storitgroup.com\/fi\/"},{"@type":"ListItem","position":2,"name":"Tuotteet","item":"https:\/\/storitgroup.com\/fi\/tuotteet\/"},{"@type":"ListItem","position":3,"name":"Varastovaunut, py\u00f6r\u00e4t","item":"https:\/\/storitgroup.com\/fi\/tuotteet\/varastovaunut-pyorat\/"},{"@type":"ListItem","position":4,"name":"Tasovaunut, hyllyk\u00e4rryt","item":"https:\/\/storitgroup.com\/fi\/tuotteet\/varastovaunut-pyorat\/tasovaunut-hyllykarryt\/"},{"@type":"ListItem","position":5,"name":"Levykuljetin tukikaarella"}]},{"@type":"WebSite","@id":"https:\/\/storitgroup.com\/fi\/#website","url":"https:\/\/storitgroup.com\/fi\/","name":"Storit","description":"","potentialAction":[{"@type":"SearchAction","target":{"@type":"EntryPoint","urlTemplate":"https:\/\/storitgroup.com\/fi\/?s={search_term_string}"},"query-input":{"@type":"PropertyValueSpecification","valueRequired":true,"valueName":"search_term_string"}}],"inLanguage":"fi"}]}},"_links":{"self":[{"href":"https:\/\/storitgroup.com\/fi\/wp-json\/wp\/v2\/product\/14626","targetHints":{"allow":["GET"]}}],"collection":[{"href":"https:\/\/storitgroup.com\/fi\/wp-json\/wp\/v2\/product"}],"about":[{"href":"https:\/\/storitgroup.com\/fi\/wp-json\/wp\/v2\/types\/product"}],"wp:featuredmedia":[{"embeddable":true,"href":"https:\/\/storitgroup.com\/fi\/wp-json\/wp\/v2\/media\/22423"}],"wp:attachment":[{"href":"https:\/\/storitgroup.com\/fi\/wp-json\/wp\/v2\/media?parent=14626"}],"wp:term":[{"taxonomy":"product_brand","embeddable":true,"href":"https:\/\/storitgroup.com\/fi\/wp-json\/wp\/v2\/product_brand?post=14626"},{"taxonomy":"product_cat","embeddable":true,"href":"https:\/\/storitgroup.com\/fi\/wp-json\/wp\/v2\/product_cat?post=14626"},{"taxonomy":"product_tag","embeddable":true,"href":"https:\/\/storitgroup.com\/fi\/wp-json\/wp\/v2\/product_tag?post=14626"}],"curies":[{"name":"wp","href":"https:\/\/api.w.org\/{rel}","templated":true}]}}