{"id":14611,"date":"2021-03-05T15:40:16","date_gmt":"2021-03-05T13:40:16","guid":{"rendered":"https:\/\/storitgroup.com\/?post_type=product&#038;p=14611"},"modified":"2024-11-21T16:21:14","modified_gmt":"2024-11-21T14:21:14","slug":"vaaterekki-pyorilla-1700-x-600-x-1690mm-2","status":"publish","type":"product","link":"https:\/\/storitgroup.com\/fi\/tuote\/vaaterekki-pyorilla-1700-x-600-x-1690mm-2\/","title":{"rendered":"Vaaterekki py\u00f6rill\u00e4 1700x600x1690 mm"},"content":{"rendered":"<p>Vaatetelineell\u00e4 on vahva rakenne ja se on jauhemaalattu.<br \/>4 py\u00f6riv\u00e4\u00e4 py\u00f6r\u00e4\u00e4, joiden halkaisija on \u00d8 125 mm.<\/p>\n","protected":false},"excerpt":{"rendered":"<p>Vaatetelineell\u00e4 on vahva rakenne ja se on jauhemaalattu.<br \/>\n4 py\u00f6riv\u00e4\u00e4 py\u00f6r\u00e4\u00e4, joiden halkaisija on \u00d8 125 mm.<\/p>\n","protected":false},"featured_media":203374,"template":"","meta":{"_acf_changed":false},"product_brand":[],"product_cat":[7061],"product_tag":[],"class_list":{"0":"post-14611","1":"product","2":"type-product","3":"status-publish","4":"has-post-thumbnail","6":"product_room-kotiratkaisut","7":"product_room-kiinteistokehitys","8":"product_room-arkisto-museo","9":"product_room-pukuhuone","10":"product_room-tyopaja-ja-autotalli","11":"product_room-toimisto","12":"product_room-koulut-ja-paivakodit","13":"product_room-laakeyhtiot-ja-laboratoriot","14":"product_room-kotitoimisto","15":"product_cat-penkit-penkkitelineet","17":"first","18":"onbackorder","19":"taxable","20":"shipping-taxable","21":"purchasable","22":"product-type-simple"},"acf":[],"yoast_head":"<!-- This site is optimized with the Yoast SEO plugin v27.4 - https:\/\/yoast.com\/product\/yoast-seo-wordpress\/ -->\n<title>Vaaterekki py\u00f6rill\u00e4 1700x600x1690 mm &#8226; Storit<\/title>\n<meta name=\"description\" content=\"Vaaterekki py\u00f6rill\u00e4 1700x600x1690 mm \u2014 kohtuulliseen hintaan. Toimitukset kaikkialle Suomeen! \u261b Tutustu tuotteeseen ja tilaa k\u00e4tev\u00e4sti STORIT-verkkokaupasta!\" \/>\n<meta name=\"robots\" content=\"index, follow, max-snippet:-1, max-image-preview:large, max-video-preview:-1\" \/>\n<link rel=\"canonical\" href=\"https:\/\/storitgroup.com\/fi\/tuote\/vaaterekki-pyorilla-1700-x-600-x-1690mm-2\/\" \/>\n<meta property=\"og:locale\" content=\"fi_FI\" \/>\n<meta property=\"og:type\" content=\"article\" \/>\n<meta property=\"og:title\" content=\"Vaaterekki py\u00f6rill\u00e4 1700x600x1690 mm &#8226; Storit\" \/>\n<meta property=\"og:description\" content=\"Vaaterekki py\u00f6rill\u00e4 1700x600x1690 mm \u2014 kohtuulliseen hintaan. Toimitukset kaikkialle Suomeen! \u261b Tutustu tuotteeseen ja tilaa k\u00e4tev\u00e4sti STORIT-verkkokaupasta!\" \/>\n<meta property=\"og:url\" content=\"https:\/\/storitgroup.com\/fi\/tuote\/vaaterekki-pyorilla-1700-x-600-x-1690mm-2\/\" \/>\n<meta property=\"og:site_name\" content=\"Storit\" \/>\n<meta property=\"article:modified_time\" content=\"2024-11-21T14:21:14+00:00\" \/>\n<meta property=\"og:image\" content=\"https:\/\/storitgroup.com\/uploads\/2021\/03\/125-riidestange_kkm113700.jpg\" \/>\n\t<meta property=\"og:image:width\" content=\"459\" \/>\n\t<meta property=\"og:image:height\" content=\"512\" \/>\n\t<meta property=\"og:image:type\" content=\"image\/jpeg\" \/>\n<meta name=\"twitter:card\" content=\"summary_large_image\" \/>\n<script type=\"application\/ld+json\" class=\"yoast-schema-graph\">{\"@context\":\"https:\\\/\\\/schema.org\",\"@graph\":[{\"@type\":[\"WebPage\",\"ItemPage\"],\"@id\":\"https:\\\/\\\/storitgroup.com\\\/fi\\\/tuote\\\/vaaterekki-pyorilla-1700-x-600-x-1690mm-2\\\/\",\"url\":\"https:\\\/\\\/storitgroup.com\\\/fi\\\/tuote\\\/vaaterekki-pyorilla-1700-x-600-x-1690mm-2\\\/\",\"name\":\"Vaaterekki py\u00f6rill\u00e4 1700x600x1690 mm &#8226; Storit\",\"isPartOf\":{\"@id\":\"https:\\\/\\\/storitgroup.com\\\/fi\\\/#website\"},\"primaryImageOfPage\":{\"@id\":\"https:\\\/\\\/storitgroup.com\\\/fi\\\/tuote\\\/vaaterekki-pyorilla-1700-x-600-x-1690mm-2\\\/#primaryimage\"},\"image\":{\"@id\":\"https:\\\/\\\/storitgroup.com\\\/fi\\\/tuote\\\/vaaterekki-pyorilla-1700-x-600-x-1690mm-2\\\/#primaryimage\"},\"thumbnailUrl\":\"https:\\\/\\\/storitgroup.com\\\/uploads\\\/2021\\\/03\\\/125-riidestange_kkm113700.jpg\",\"datePublished\":\"2021-03-05T13:40:16+00:00\",\"dateModified\":\"2024-11-21T14:21:14+00:00\",\"description\":\"Vaaterekki py\u00f6rill\u00e4 1700x600x1690 mm \u2014 kohtuulliseen hintaan. Toimitukset kaikkialle Suomeen! \u261b Tutustu tuotteeseen ja tilaa k\u00e4tev\u00e4sti STORIT-verkkokaupasta!\",\"breadcrumb\":{\"@id\":\"https:\\\/\\\/storitgroup.com\\\/fi\\\/tuote\\\/vaaterekki-pyorilla-1700-x-600-x-1690mm-2\\\/#breadcrumb\"},\"inLanguage\":\"fi\",\"potentialAction\":[{\"@type\":\"ReadAction\",\"target\":[\"https:\\\/\\\/storitgroup.com\\\/fi\\\/tuote\\\/vaaterekki-pyorilla-1700-x-600-x-1690mm-2\\\/\"]}]},{\"@type\":\"ImageObject\",\"inLanguage\":\"fi\",\"@id\":\"https:\\\/\\\/storitgroup.com\\\/fi\\\/tuote\\\/vaaterekki-pyorilla-1700-x-600-x-1690mm-2\\\/#primaryimage\",\"url\":\"https:\\\/\\\/storitgroup.com\\\/uploads\\\/2021\\\/03\\\/125-riidestange_kkm113700.jpg\",\"contentUrl\":\"https:\\\/\\\/storitgroup.com\\\/uploads\\\/2021\\\/03\\\/125-riidestange_kkm113700.jpg\",\"width\":459,\"height\":512},{\"@type\":\"BreadcrumbList\",\"@id\":\"https:\\\/\\\/storitgroup.com\\\/fi\\\/tuote\\\/vaaterekki-pyorilla-1700-x-600-x-1690mm-2\\\/#breadcrumb\",\"itemListElement\":[{\"@type\":\"ListItem\",\"position\":1,\"name\":\"Kotisivu\",\"item\":\"https:\\\/\\\/storitgroup.com\\\/fi\\\/\"},{\"@type\":\"ListItem\",\"position\":2,\"name\":\"Tuotteet\",\"item\":\"https:\\\/\\\/storitgroup.com\\\/fi\\\/tuotteet\\\/\"},{\"@type\":\"ListItem\",\"position\":3,\"name\":\"Metallikaapit, pukukaapit\",\"item\":\"https:\\\/\\\/storitgroup.com\\\/fi\\\/tuotteet\\\/metallikaapit-pukukaapit\\\/\"},{\"@type\":\"ListItem\",\"position\":4,\"name\":\"Penkit, penkkitelineet\",\"item\":\"https:\\\/\\\/storitgroup.com\\\/fi\\\/tuotteet\\\/metallikaapit-pukukaapit\\\/penkit-penkkitelineet\\\/\"},{\"@type\":\"ListItem\",\"position\":5,\"name\":\"Vaaterekki py\u00f6rill\u00e4 1700x600x1690 mm\"}]},{\"@type\":\"WebSite\",\"@id\":\"https:\\\/\\\/storitgroup.com\\\/fi\\\/#website\",\"url\":\"https:\\\/\\\/storitgroup.com\\\/fi\\\/\",\"name\":\"Storit\",\"description\":\"\",\"potentialAction\":[{\"@type\":\"SearchAction\",\"target\":{\"@type\":\"EntryPoint\",\"urlTemplate\":\"https:\\\/\\\/storitgroup.com\\\/fi\\\/?s={search_term_string}\"},\"query-input\":{\"@type\":\"PropertyValueSpecification\",\"valueRequired\":true,\"valueName\":\"search_term_string\"}}],\"inLanguage\":\"fi\"}]}<\/script>\n<!-- \/ Yoast SEO plugin. -->","yoast_head_json":{"title":"Vaaterekki py\u00f6rill\u00e4 1700x600x1690 mm &#8226; Storit","description":"Vaaterekki py\u00f6rill\u00e4 1700x600x1690 mm \u2014 kohtuulliseen hintaan. Toimitukset kaikkialle Suomeen! \u261b Tutustu tuotteeseen ja tilaa k\u00e4tev\u00e4sti STORIT-verkkokaupasta!","robots":{"index":"index","follow":"follow","max-snippet":"max-snippet:-1","max-image-preview":"max-image-preview:large","max-video-preview":"max-video-preview:-1"},"canonical":"https:\/\/storitgroup.com\/fi\/tuote\/vaaterekki-pyorilla-1700-x-600-x-1690mm-2\/","og_locale":"fi_FI","og_type":"article","og_title":"Vaaterekki py\u00f6rill\u00e4 1700x600x1690 mm &#8226; Storit","og_description":"Vaaterekki py\u00f6rill\u00e4 1700x600x1690 mm \u2014 kohtuulliseen hintaan. Toimitukset kaikkialle Suomeen! \u261b Tutustu tuotteeseen ja tilaa k\u00e4tev\u00e4sti STORIT-verkkokaupasta!","og_url":"https:\/\/storitgroup.com\/fi\/tuote\/vaaterekki-pyorilla-1700-x-600-x-1690mm-2\/","og_site_name":"Storit","article_modified_time":"2024-11-21T14:21:14+00:00","og_image":[{"width":459,"height":512,"url":"https:\/\/storitgroup.com\/uploads\/2021\/03\/125-riidestange_kkm113700.jpg","type":"image\/jpeg"}],"twitter_card":"summary_large_image","schema":{"@context":"https:\/\/schema.org","@graph":[{"@type":["WebPage","ItemPage"],"@id":"https:\/\/storitgroup.com\/fi\/tuote\/vaaterekki-pyorilla-1700-x-600-x-1690mm-2\/","url":"https:\/\/storitgroup.com\/fi\/tuote\/vaaterekki-pyorilla-1700-x-600-x-1690mm-2\/","name":"Vaaterekki py\u00f6rill\u00e4 1700x600x1690 mm &#8226; Storit","isPartOf":{"@id":"https:\/\/storitgroup.com\/fi\/#website"},"primaryImageOfPage":{"@id":"https:\/\/storitgroup.com\/fi\/tuote\/vaaterekki-pyorilla-1700-x-600-x-1690mm-2\/#primaryimage"},"image":{"@id":"https:\/\/storitgroup.com\/fi\/tuote\/vaaterekki-pyorilla-1700-x-600-x-1690mm-2\/#primaryimage"},"thumbnailUrl":"https:\/\/storitgroup.com\/uploads\/2021\/03\/125-riidestange_kkm113700.jpg","datePublished":"2021-03-05T13:40:16+00:00","dateModified":"2024-11-21T14:21:14+00:00","description":"Vaaterekki py\u00f6rill\u00e4 1700x600x1690 mm \u2014 kohtuulliseen hintaan. Toimitukset kaikkialle Suomeen! \u261b Tutustu tuotteeseen ja tilaa k\u00e4tev\u00e4sti STORIT-verkkokaupasta!","breadcrumb":{"@id":"https:\/\/storitgroup.com\/fi\/tuote\/vaaterekki-pyorilla-1700-x-600-x-1690mm-2\/#breadcrumb"},"inLanguage":"fi","potentialAction":[{"@type":"ReadAction","target":["https:\/\/storitgroup.com\/fi\/tuote\/vaaterekki-pyorilla-1700-x-600-x-1690mm-2\/"]}]},{"@type":"ImageObject","inLanguage":"fi","@id":"https:\/\/storitgroup.com\/fi\/tuote\/vaaterekki-pyorilla-1700-x-600-x-1690mm-2\/#primaryimage","url":"https:\/\/storitgroup.com\/uploads\/2021\/03\/125-riidestange_kkm113700.jpg","contentUrl":"https:\/\/storitgroup.com\/uploads\/2021\/03\/125-riidestange_kkm113700.jpg","width":459,"height":512},{"@type":"BreadcrumbList","@id":"https:\/\/storitgroup.com\/fi\/tuote\/vaaterekki-pyorilla-1700-x-600-x-1690mm-2\/#breadcrumb","itemListElement":[{"@type":"ListItem","position":1,"name":"Kotisivu","item":"https:\/\/storitgroup.com\/fi\/"},{"@type":"ListItem","position":2,"name":"Tuotteet","item":"https:\/\/storitgroup.com\/fi\/tuotteet\/"},{"@type":"ListItem","position":3,"name":"Metallikaapit, pukukaapit","item":"https:\/\/storitgroup.com\/fi\/tuotteet\/metallikaapit-pukukaapit\/"},{"@type":"ListItem","position":4,"name":"Penkit, penkkitelineet","item":"https:\/\/storitgroup.com\/fi\/tuotteet\/metallikaapit-pukukaapit\/penkit-penkkitelineet\/"},{"@type":"ListItem","position":5,"name":"Vaaterekki py\u00f6rill\u00e4 1700x600x1690 mm"}]},{"@type":"WebSite","@id":"https:\/\/storitgroup.com\/fi\/#website","url":"https:\/\/storitgroup.com\/fi\/","name":"Storit","description":"","potentialAction":[{"@type":"SearchAction","target":{"@type":"EntryPoint","urlTemplate":"https:\/\/storitgroup.com\/fi\/?s={search_term_string}"},"query-input":{"@type":"PropertyValueSpecification","valueRequired":true,"valueName":"search_term_string"}}],"inLanguage":"fi"}]}},"_links":{"self":[{"href":"https:\/\/storitgroup.com\/fi\/wp-json\/wp\/v2\/product\/14611","targetHints":{"allow":["GET"]}}],"collection":[{"href":"https:\/\/storitgroup.com\/fi\/wp-json\/wp\/v2\/product"}],"about":[{"href":"https:\/\/storitgroup.com\/fi\/wp-json\/wp\/v2\/types\/product"}],"wp:featuredmedia":[{"embeddable":true,"href":"https:\/\/storitgroup.com\/fi\/wp-json\/wp\/v2\/media\/203374"}],"wp:attachment":[{"href":"https:\/\/storitgroup.com\/fi\/wp-json\/wp\/v2\/media?parent=14611"}],"wp:term":[{"taxonomy":"product_brand","embeddable":true,"href":"https:\/\/storitgroup.com\/fi\/wp-json\/wp\/v2\/product_brand?post=14611"},{"taxonomy":"product_cat","embeddable":true,"href":"https:\/\/storitgroup.com\/fi\/wp-json\/wp\/v2\/product_cat?post=14611"},{"taxonomy":"product_tag","embeddable":true,"href":"https:\/\/storitgroup.com\/fi\/wp-json\/wp\/v2\/product_tag?post=14611"}],"curies":[{"name":"wp","href":"https:\/\/api.w.org\/{rel}","templated":true}]}}