{"id":14608,"date":"2021-03-05T15:40:15","date_gmt":"2021-03-05T13:40:15","guid":{"rendered":"https:\/\/storitgroup.com\/?post_type=product&#038;p=14608"},"modified":"2024-12-12T02:10:20","modified_gmt":"2024-12-12T00:10:20","slug":"vaaterekki-pyorilla-1180-x-710-x-1830mm","status":"publish","type":"product","link":"https:\/\/storitgroup.com\/fi\/tuote\/vaaterekki-pyorilla-1180-x-710-x-1830mm\/","title":{"rendered":"Vaaterekki py\u00f6rill\u00e4 1180x710x1830 mm, jarruilla"},"content":{"rendered":"<p>Vaaterekki on pulverimaalattu.<br \/>S\u00e4\u00e4dett\u00e4v\u00e4 korkeus: 1420 &#8211; 1820 mm<br \/>Py\u00f6r\u00e4t halkaisijaltaan \u00d8 100 mm, 4 py\u00f6riv\u00e4\u00e4, joista 2 jarrullisia.<\/p>\n","protected":false},"excerpt":{"rendered":"<p>Vaaterekki on pulverimaalattu.<br \/>\nS\u00e4\u00e4dett\u00e4v\u00e4 korkeus: 1420 &#8211; 1820 mm<br \/>\nPy\u00f6r\u00e4t halkaisijaltaan \u00d8 100 mm, 4 py\u00f6riv\u00e4\u00e4, joista 2 jarrullisia.<\/p>\n","protected":false},"featured_media":203369,"template":"","meta":{"_acf_changed":false},"product_brand":[],"product_cat":[7061],"product_tag":[],"class_list":{"0":"post-14608","1":"product","2":"type-product","3":"status-publish","4":"has-post-thumbnail","6":"product_room-laakeyhtiot-ja-laboratoriot","7":"product_room-kotitoimisto","8":"product_room-kotiratkaisut","9":"product_room-kiinteistokehitys","10":"product_room-arkisto-museo","11":"product_room-pukuhuone","12":"product_room-tyopaja-ja-autotalli","13":"product_room-toimisto","14":"product_room-koulut-ja-paivakodit","15":"product_cat-penkit-penkkitelineet","17":"first","18":"instock","19":"taxable","20":"shipping-taxable","21":"purchasable","22":"product-type-simple"},"acf":[],"yoast_head":"<!-- This site is optimized with the Yoast SEO plugin v27.2 - https:\/\/yoast.com\/product\/yoast-seo-wordpress\/ -->\n<title>Vaaterekki py\u00f6rill\u00e4 1180x710x1830 mm, jarruilla &#8226; Storit<\/title>\n<meta name=\"description\" content=\"Vaaterekki py\u00f6rill\u00e4 1180x710x1830 mm, jarruilla \u2014 kohtuulliseen hintaan. Toimitukset kaikkialle Suomeen! \u261b Tutustu tuotteeseen ja tilaa k\u00e4tev\u00e4sti STORIT-verkkokaupasta!\" \/>\n<meta name=\"robots\" content=\"index, follow, max-snippet:-1, max-image-preview:large, max-video-preview:-1\" \/>\n<link rel=\"canonical\" href=\"https:\/\/storitgroup.com\/fi\/tuote\/vaaterekki-pyorilla-1180-x-710-x-1830mm\/\" \/>\n<meta property=\"og:locale\" content=\"fi_FI\" \/>\n<meta property=\"og:type\" content=\"article\" \/>\n<meta property=\"og:title\" content=\"Vaaterekki py\u00f6rill\u00e4 1180x710x1830 mm, jarruilla &#8226; Storit\" \/>\n<meta property=\"og:description\" content=\"Vaaterekki py\u00f6rill\u00e4 1180x710x1830 mm, jarruilla \u2014 kohtuulliseen hintaan. Toimitukset kaikkialle Suomeen! \u261b Tutustu tuotteeseen ja tilaa k\u00e4tev\u00e4sti STORIT-verkkokaupasta!\" \/>\n<meta property=\"og:url\" content=\"https:\/\/storitgroup.com\/fi\/tuote\/vaaterekki-pyorilla-1180-x-710-x-1830mm\/\" \/>\n<meta property=\"og:site_name\" content=\"Storit\" \/>\n<meta property=\"article:modified_time\" content=\"2024-12-12T00:10:20+00:00\" \/>\n<meta property=\"og:image\" content=\"https:\/\/storitgroup.com\/uploads\/2021\/03\/124-riidestange_kkm113500.jpg\" \/>\n\t<meta property=\"og:image:width\" content=\"460\" \/>\n\t<meta property=\"og:image:height\" content=\"514\" \/>\n\t<meta property=\"og:image:type\" content=\"image\/jpeg\" \/>\n<meta name=\"twitter:card\" content=\"summary_large_image\" \/>\n<script type=\"application\/ld+json\" class=\"yoast-schema-graph\">{\"@context\":\"https:\/\/schema.org\",\"@graph\":[{\"@type\":[\"WebPage\",\"ItemPage\"],\"@id\":\"https:\/\/storitgroup.com\/fi\/tuote\/vaaterekki-pyorilla-1180-x-710-x-1830mm\/\",\"url\":\"https:\/\/storitgroup.com\/fi\/tuote\/vaaterekki-pyorilla-1180-x-710-x-1830mm\/\",\"name\":\"Vaaterekki py\u00f6rill\u00e4 1180x710x1830 mm, jarruilla &#8226; Storit\",\"isPartOf\":{\"@id\":\"https:\/\/storitgroup.com\/fi\/#website\"},\"primaryImageOfPage\":{\"@id\":\"https:\/\/storitgroup.com\/fi\/tuote\/vaaterekki-pyorilla-1180-x-710-x-1830mm\/#primaryimage\"},\"image\":{\"@id\":\"https:\/\/storitgroup.com\/fi\/tuote\/vaaterekki-pyorilla-1180-x-710-x-1830mm\/#primaryimage\"},\"thumbnailUrl\":\"https:\/\/storitgroup.com\/uploads\/2021\/03\/124-riidestange_kkm113500.jpg\",\"datePublished\":\"2021-03-05T13:40:15+00:00\",\"dateModified\":\"2024-12-12T00:10:20+00:00\",\"description\":\"Vaaterekki py\u00f6rill\u00e4 1180x710x1830 mm, jarruilla \u2014 kohtuulliseen hintaan. Toimitukset kaikkialle Suomeen! \u261b Tutustu tuotteeseen ja tilaa k\u00e4tev\u00e4sti STORIT-verkkokaupasta!\",\"breadcrumb\":{\"@id\":\"https:\/\/storitgroup.com\/fi\/tuote\/vaaterekki-pyorilla-1180-x-710-x-1830mm\/#breadcrumb\"},\"inLanguage\":\"fi\",\"potentialAction\":[{\"@type\":\"ReadAction\",\"target\":[\"https:\/\/storitgroup.com\/fi\/tuote\/vaaterekki-pyorilla-1180-x-710-x-1830mm\/\"]}]},{\"@type\":\"ImageObject\",\"inLanguage\":\"fi\",\"@id\":\"https:\/\/storitgroup.com\/fi\/tuote\/vaaterekki-pyorilla-1180-x-710-x-1830mm\/#primaryimage\",\"url\":\"https:\/\/storitgroup.com\/uploads\/2021\/03\/124-riidestange_kkm113500.jpg\",\"contentUrl\":\"https:\/\/storitgroup.com\/uploads\/2021\/03\/124-riidestange_kkm113500.jpg\",\"width\":460,\"height\":514},{\"@type\":\"BreadcrumbList\",\"@id\":\"https:\/\/storitgroup.com\/fi\/tuote\/vaaterekki-pyorilla-1180-x-710-x-1830mm\/#breadcrumb\",\"itemListElement\":[{\"@type\":\"ListItem\",\"position\":1,\"name\":\"Kotisivu\",\"item\":\"https:\/\/storitgroup.com\/fi\/\"},{\"@type\":\"ListItem\",\"position\":2,\"name\":\"Tuotteet\",\"item\":\"https:\/\/storitgroup.com\/fi\/tuotteet\/\"},{\"@type\":\"ListItem\",\"position\":3,\"name\":\"Metallikaapit, pukukaapit\",\"item\":\"https:\/\/storitgroup.com\/fi\/metallikaapit-pukukaapit\/\"},{\"@type\":\"ListItem\",\"position\":4,\"name\":\"Penkit, penkkitelineet\",\"item\":\"https:\/\/storitgroup.com\/fi\/metallikaapit-pukukaapit\/penkit-penkkitelineet\/\"},{\"@type\":\"ListItem\",\"position\":5,\"name\":\"Vaaterekki py\u00f6rill\u00e4 1180x710x1830 mm, jarruilla\"}]},{\"@type\":\"WebSite\",\"@id\":\"https:\/\/storitgroup.com\/fi\/#website\",\"url\":\"https:\/\/storitgroup.com\/fi\/\",\"name\":\"Storit\",\"description\":\"\",\"potentialAction\":[{\"@type\":\"SearchAction\",\"target\":{\"@type\":\"EntryPoint\",\"urlTemplate\":\"https:\/\/storitgroup.com\/fi\/?s={search_term_string}\"},\"query-input\":{\"@type\":\"PropertyValueSpecification\",\"valueRequired\":true,\"valueName\":\"search_term_string\"}}],\"inLanguage\":\"fi\"}]}<\/script>\n<!-- \/ Yoast SEO plugin. -->","yoast_head_json":{"title":"Vaaterekki py\u00f6rill\u00e4 1180x710x1830 mm, jarruilla &#8226; Storit","description":"Vaaterekki py\u00f6rill\u00e4 1180x710x1830 mm, jarruilla \u2014 kohtuulliseen hintaan. Toimitukset kaikkialle Suomeen! \u261b Tutustu tuotteeseen ja tilaa k\u00e4tev\u00e4sti STORIT-verkkokaupasta!","robots":{"index":"index","follow":"follow","max-snippet":"max-snippet:-1","max-image-preview":"max-image-preview:large","max-video-preview":"max-video-preview:-1"},"canonical":"https:\/\/storitgroup.com\/fi\/tuote\/vaaterekki-pyorilla-1180-x-710-x-1830mm\/","og_locale":"fi_FI","og_type":"article","og_title":"Vaaterekki py\u00f6rill\u00e4 1180x710x1830 mm, jarruilla &#8226; Storit","og_description":"Vaaterekki py\u00f6rill\u00e4 1180x710x1830 mm, jarruilla \u2014 kohtuulliseen hintaan. Toimitukset kaikkialle Suomeen! \u261b Tutustu tuotteeseen ja tilaa k\u00e4tev\u00e4sti STORIT-verkkokaupasta!","og_url":"https:\/\/storitgroup.com\/fi\/tuote\/vaaterekki-pyorilla-1180-x-710-x-1830mm\/","og_site_name":"Storit","article_modified_time":"2024-12-12T00:10:20+00:00","og_image":[{"width":460,"height":514,"url":"https:\/\/storitgroup.com\/uploads\/2021\/03\/124-riidestange_kkm113500.jpg","type":"image\/jpeg"}],"twitter_card":"summary_large_image","schema":{"@context":"https:\/\/schema.org","@graph":[{"@type":["WebPage","ItemPage"],"@id":"https:\/\/storitgroup.com\/fi\/tuote\/vaaterekki-pyorilla-1180-x-710-x-1830mm\/","url":"https:\/\/storitgroup.com\/fi\/tuote\/vaaterekki-pyorilla-1180-x-710-x-1830mm\/","name":"Vaaterekki py\u00f6rill\u00e4 1180x710x1830 mm, jarruilla &#8226; Storit","isPartOf":{"@id":"https:\/\/storitgroup.com\/fi\/#website"},"primaryImageOfPage":{"@id":"https:\/\/storitgroup.com\/fi\/tuote\/vaaterekki-pyorilla-1180-x-710-x-1830mm\/#primaryimage"},"image":{"@id":"https:\/\/storitgroup.com\/fi\/tuote\/vaaterekki-pyorilla-1180-x-710-x-1830mm\/#primaryimage"},"thumbnailUrl":"https:\/\/storitgroup.com\/uploads\/2021\/03\/124-riidestange_kkm113500.jpg","datePublished":"2021-03-05T13:40:15+00:00","dateModified":"2024-12-12T00:10:20+00:00","description":"Vaaterekki py\u00f6rill\u00e4 1180x710x1830 mm, jarruilla \u2014 kohtuulliseen hintaan. Toimitukset kaikkialle Suomeen! \u261b Tutustu tuotteeseen ja tilaa k\u00e4tev\u00e4sti STORIT-verkkokaupasta!","breadcrumb":{"@id":"https:\/\/storitgroup.com\/fi\/tuote\/vaaterekki-pyorilla-1180-x-710-x-1830mm\/#breadcrumb"},"inLanguage":"fi","potentialAction":[{"@type":"ReadAction","target":["https:\/\/storitgroup.com\/fi\/tuote\/vaaterekki-pyorilla-1180-x-710-x-1830mm\/"]}]},{"@type":"ImageObject","inLanguage":"fi","@id":"https:\/\/storitgroup.com\/fi\/tuote\/vaaterekki-pyorilla-1180-x-710-x-1830mm\/#primaryimage","url":"https:\/\/storitgroup.com\/uploads\/2021\/03\/124-riidestange_kkm113500.jpg","contentUrl":"https:\/\/storitgroup.com\/uploads\/2021\/03\/124-riidestange_kkm113500.jpg","width":460,"height":514},{"@type":"BreadcrumbList","@id":"https:\/\/storitgroup.com\/fi\/tuote\/vaaterekki-pyorilla-1180-x-710-x-1830mm\/#breadcrumb","itemListElement":[{"@type":"ListItem","position":1,"name":"Kotisivu","item":"https:\/\/storitgroup.com\/fi\/"},{"@type":"ListItem","position":2,"name":"Tuotteet","item":"https:\/\/storitgroup.com\/fi\/tuotteet\/"},{"@type":"ListItem","position":3,"name":"Metallikaapit, pukukaapit","item":"https:\/\/storitgroup.com\/fi\/metallikaapit-pukukaapit\/"},{"@type":"ListItem","position":4,"name":"Penkit, penkkitelineet","item":"https:\/\/storitgroup.com\/fi\/metallikaapit-pukukaapit\/penkit-penkkitelineet\/"},{"@type":"ListItem","position":5,"name":"Vaaterekki py\u00f6rill\u00e4 1180x710x1830 mm, jarruilla"}]},{"@type":"WebSite","@id":"https:\/\/storitgroup.com\/fi\/#website","url":"https:\/\/storitgroup.com\/fi\/","name":"Storit","description":"","potentialAction":[{"@type":"SearchAction","target":{"@type":"EntryPoint","urlTemplate":"https:\/\/storitgroup.com\/fi\/?s={search_term_string}"},"query-input":{"@type":"PropertyValueSpecification","valueRequired":true,"valueName":"search_term_string"}}],"inLanguage":"fi"}]}},"_links":{"self":[{"href":"https:\/\/storitgroup.com\/fi\/wp-json\/wp\/v2\/product\/14608","targetHints":{"allow":["GET"]}}],"collection":[{"href":"https:\/\/storitgroup.com\/fi\/wp-json\/wp\/v2\/product"}],"about":[{"href":"https:\/\/storitgroup.com\/fi\/wp-json\/wp\/v2\/types\/product"}],"wp:featuredmedia":[{"embeddable":true,"href":"https:\/\/storitgroup.com\/fi\/wp-json\/wp\/v2\/media\/203369"}],"wp:attachment":[{"href":"https:\/\/storitgroup.com\/fi\/wp-json\/wp\/v2\/media?parent=14608"}],"wp:term":[{"taxonomy":"product_brand","embeddable":true,"href":"https:\/\/storitgroup.com\/fi\/wp-json\/wp\/v2\/product_brand?post=14608"},{"taxonomy":"product_cat","embeddable":true,"href":"https:\/\/storitgroup.com\/fi\/wp-json\/wp\/v2\/product_cat?post=14608"},{"taxonomy":"product_tag","embeddable":true,"href":"https:\/\/storitgroup.com\/fi\/wp-json\/wp\/v2\/product_tag?post=14608"}],"curies":[{"name":"wp","href":"https:\/\/api.w.org\/{rel}","templated":true}]}}