{"id":14519,"date":"2021-03-05T13:39:35","date_gmt":"2021-03-05T13:39:35","guid":{"rendered":"https:\/\/storitgroup.com\/?post_type=product&#038;p=14519"},"modified":"2026-04-03T21:22:58","modified_gmt":"2026-04-03T18:22:58","slug":"tormayssuoja-tolppa-o-114-x-1200mm","status":"publish","type":"product","link":"https:\/\/storitgroup.com\/fi\/tuote\/tormayssuoja-tolppa-o-114-x-1200mm\/","title":{"rendered":"T\u00f6rm\u00e4yssuoja tolppa \u00d8 114 x 1200mm"},"content":{"rendered":"<p>V2062 mitat: \u00d8 114 x 1200 mm (hk)<br \/>v\u00e4ri: keltainen (RAL 1003)\/musta.  <br \/>Katso muita v\u00e4rivaihtoehtoja kuvasta.<\/p>\n","protected":false},"excerpt":{"rendered":"<p>V2062 mitat: \u00d8 114 x 1200 mm (hk)<br \/>\nv\u00e4ri: keltainen (RAL 1003)\/musta.<br \/>\nKatso muita v\u00e4rivaihtoehtoja kuvasta.<\/p>\n","protected":false},"featured_media":22261,"template":"","meta":{"_acf_changed":false},"product_brand":[],"product_cat":[7096],"product_tag":[],"class_list":{"0":"post-14519","1":"product","2":"type-product","3":"status-publish","4":"has-post-thumbnail","6":"product_room-turvaratkaisut-varastoon-tuotantoon","7":"product_room-iso-varasto","8":"product_room-ulkoalue","9":"product_room-kiinteistokehitys","10":"product_room-kuljetus-ja-logistiikka","11":"product_cat-tormayssuojat-turvatolpat","13":"first","14":"onbackorder","15":"taxable","16":"shipping-taxable","17":"purchasable","18":"product-type-simple"},"acf":[],"yoast_head":"<!-- This site is optimized with the Yoast SEO plugin v27.2 - https:\/\/yoast.com\/product\/yoast-seo-wordpress\/ -->\n<title>T\u00f6rm\u00e4yssuoja tolppa \u00d8 114 x 1200mm &#8226; Storit<\/title>\n<meta name=\"description\" content=\"T\u00f6rm\u00e4yssuoja tolppa \u00d8 114 x 1200mm \u2014 kohtuulliseen hintaan. Toimitukset kaikkialle Suomeen! \u261b Tutustu tuotteeseen ja tilaa k\u00e4tev\u00e4sti STORIT-verkkokaupasta!\" \/>\n<meta name=\"robots\" content=\"index, follow, max-snippet:-1, max-image-preview:large, max-video-preview:-1\" \/>\n<link rel=\"canonical\" href=\"https:\/\/storitgroup.com\/fi\/tuote\/tormayssuoja-tolppa-o-114-x-1200mm\/\" \/>\n<meta property=\"og:locale\" content=\"fi_FI\" \/>\n<meta property=\"og:type\" content=\"article\" \/>\n<meta property=\"og:title\" content=\"T\u00f6rm\u00e4yssuoja tolppa \u00d8 114 x 1200mm &#8226; Storit\" \/>\n<meta property=\"og:description\" content=\"T\u00f6rm\u00e4yssuoja tolppa \u00d8 114 x 1200mm \u2014 kohtuulliseen hintaan. Toimitukset kaikkialle Suomeen! \u261b Tutustu tuotteeseen ja tilaa k\u00e4tev\u00e4sti STORIT-verkkokaupasta!\" \/>\n<meta property=\"og:url\" content=\"https:\/\/storitgroup.com\/fi\/tuote\/tormayssuoja-tolppa-o-114-x-1200mm\/\" \/>\n<meta property=\"og:site_name\" content=\"Storit\" \/>\n<meta property=\"article:modified_time\" content=\"2026-04-03T18:22:58+00:00\" \/>\n<meta property=\"og:image\" content=\"https:\/\/storitgroup.com\/uploads\/2021\/03\/turvapost-o-114-x-1200-mm-1.png\" \/>\n\t<meta property=\"og:image:width\" content=\"470\" \/>\n\t<meta property=\"og:image:height\" content=\"470\" \/>\n\t<meta property=\"og:image:type\" content=\"image\/png\" \/>\n<meta name=\"twitter:card\" content=\"summary_large_image\" \/>\n<script type=\"application\/ld+json\" class=\"yoast-schema-graph\">{\"@context\":\"https:\/\/schema.org\",\"@graph\":[{\"@type\":[\"WebPage\",\"ItemPage\"],\"@id\":\"https:\/\/storitgroup.com\/fi\/tuote\/tormayssuoja-tolppa-o-114-x-1200mm\/\",\"url\":\"https:\/\/storitgroup.com\/fi\/tuote\/tormayssuoja-tolppa-o-114-x-1200mm\/\",\"name\":\"T\u00f6rm\u00e4yssuoja tolppa \u00d8 114 x 1200mm &#8226; Storit\",\"isPartOf\":{\"@id\":\"https:\/\/storitgroup.com\/fi\/#website\"},\"primaryImageOfPage\":{\"@id\":\"https:\/\/storitgroup.com\/fi\/tuote\/tormayssuoja-tolppa-o-114-x-1200mm\/#primaryimage\"},\"image\":{\"@id\":\"https:\/\/storitgroup.com\/fi\/tuote\/tormayssuoja-tolppa-o-114-x-1200mm\/#primaryimage\"},\"thumbnailUrl\":\"https:\/\/storitgroup.com\/uploads\/2021\/03\/turvapost-o-114-x-1200-mm-1.png\",\"datePublished\":\"2021-03-05T13:39:35+00:00\",\"dateModified\":\"2026-04-03T18:22:58+00:00\",\"description\":\"T\u00f6rm\u00e4yssuoja tolppa \u00d8 114 x 1200mm \u2014 kohtuulliseen hintaan. Toimitukset kaikkialle Suomeen! \u261b Tutustu tuotteeseen ja tilaa k\u00e4tev\u00e4sti STORIT-verkkokaupasta!\",\"breadcrumb\":{\"@id\":\"https:\/\/storitgroup.com\/fi\/tuote\/tormayssuoja-tolppa-o-114-x-1200mm\/#breadcrumb\"},\"inLanguage\":\"fi\",\"potentialAction\":[{\"@type\":\"ReadAction\",\"target\":[\"https:\/\/storitgroup.com\/fi\/tuote\/tormayssuoja-tolppa-o-114-x-1200mm\/\"]}]},{\"@type\":\"ImageObject\",\"inLanguage\":\"fi\",\"@id\":\"https:\/\/storitgroup.com\/fi\/tuote\/tormayssuoja-tolppa-o-114-x-1200mm\/#primaryimage\",\"url\":\"https:\/\/storitgroup.com\/uploads\/2021\/03\/turvapost-o-114-x-1200-mm-1.png\",\"contentUrl\":\"https:\/\/storitgroup.com\/uploads\/2021\/03\/turvapost-o-114-x-1200-mm-1.png\",\"width\":470,\"height\":470},{\"@type\":\"BreadcrumbList\",\"@id\":\"https:\/\/storitgroup.com\/fi\/tuote\/tormayssuoja-tolppa-o-114-x-1200mm\/#breadcrumb\",\"itemListElement\":[{\"@type\":\"ListItem\",\"position\":1,\"name\":\"Kotisivu\",\"item\":\"https:\/\/storitgroup.com\/fi\/\"},{\"@type\":\"ListItem\",\"position\":2,\"name\":\"Tuotteet\",\"item\":\"https:\/\/storitgroup.com\/fi\/tuotteet\/\"},{\"@type\":\"ListItem\",\"position\":3,\"name\":\"Varaston portaat, tikkaat, turvallisuus\",\"item\":\"https:\/\/storitgroup.com\/fi\/varaston-portaat-tikkaat-turvallisuus\/\"},{\"@type\":\"ListItem\",\"position\":4,\"name\":\"T\u00f6rm\u00e4yssuojat, turvatolpat\",\"item\":\"https:\/\/storitgroup.com\/fi\/varaston-portaat-tikkaat-turvallisuus\/tormayssuojat-turvatolpat\/\"},{\"@type\":\"ListItem\",\"position\":5,\"name\":\"T\u00f6rm\u00e4yssuoja tolppa \u00d8 114 x 1200mm\"}]},{\"@type\":\"WebSite\",\"@id\":\"https:\/\/storitgroup.com\/fi\/#website\",\"url\":\"https:\/\/storitgroup.com\/fi\/\",\"name\":\"Storit\",\"description\":\"\",\"potentialAction\":[{\"@type\":\"SearchAction\",\"target\":{\"@type\":\"EntryPoint\",\"urlTemplate\":\"https:\/\/storitgroup.com\/fi\/?s={search_term_string}\"},\"query-input\":{\"@type\":\"PropertyValueSpecification\",\"valueRequired\":true,\"valueName\":\"search_term_string\"}}],\"inLanguage\":\"fi\"}]}<\/script>\n<!-- \/ Yoast SEO plugin. -->","yoast_head_json":{"title":"T\u00f6rm\u00e4yssuoja tolppa \u00d8 114 x 1200mm &#8226; Storit","description":"T\u00f6rm\u00e4yssuoja tolppa \u00d8 114 x 1200mm \u2014 kohtuulliseen hintaan. Toimitukset kaikkialle Suomeen! \u261b Tutustu tuotteeseen ja tilaa k\u00e4tev\u00e4sti STORIT-verkkokaupasta!","robots":{"index":"index","follow":"follow","max-snippet":"max-snippet:-1","max-image-preview":"max-image-preview:large","max-video-preview":"max-video-preview:-1"},"canonical":"https:\/\/storitgroup.com\/fi\/tuote\/tormayssuoja-tolppa-o-114-x-1200mm\/","og_locale":"fi_FI","og_type":"article","og_title":"T\u00f6rm\u00e4yssuoja tolppa \u00d8 114 x 1200mm &#8226; Storit","og_description":"T\u00f6rm\u00e4yssuoja tolppa \u00d8 114 x 1200mm \u2014 kohtuulliseen hintaan. Toimitukset kaikkialle Suomeen! \u261b Tutustu tuotteeseen ja tilaa k\u00e4tev\u00e4sti STORIT-verkkokaupasta!","og_url":"https:\/\/storitgroup.com\/fi\/tuote\/tormayssuoja-tolppa-o-114-x-1200mm\/","og_site_name":"Storit","article_modified_time":"2026-04-03T18:22:58+00:00","og_image":[{"width":470,"height":470,"url":"https:\/\/storitgroup.com\/uploads\/2021\/03\/turvapost-o-114-x-1200-mm-1.png","type":"image\/png"}],"twitter_card":"summary_large_image","schema":{"@context":"https:\/\/schema.org","@graph":[{"@type":["WebPage","ItemPage"],"@id":"https:\/\/storitgroup.com\/fi\/tuote\/tormayssuoja-tolppa-o-114-x-1200mm\/","url":"https:\/\/storitgroup.com\/fi\/tuote\/tormayssuoja-tolppa-o-114-x-1200mm\/","name":"T\u00f6rm\u00e4yssuoja tolppa \u00d8 114 x 1200mm &#8226; Storit","isPartOf":{"@id":"https:\/\/storitgroup.com\/fi\/#website"},"primaryImageOfPage":{"@id":"https:\/\/storitgroup.com\/fi\/tuote\/tormayssuoja-tolppa-o-114-x-1200mm\/#primaryimage"},"image":{"@id":"https:\/\/storitgroup.com\/fi\/tuote\/tormayssuoja-tolppa-o-114-x-1200mm\/#primaryimage"},"thumbnailUrl":"https:\/\/storitgroup.com\/uploads\/2021\/03\/turvapost-o-114-x-1200-mm-1.png","datePublished":"2021-03-05T13:39:35+00:00","dateModified":"2026-04-03T18:22:58+00:00","description":"T\u00f6rm\u00e4yssuoja tolppa \u00d8 114 x 1200mm \u2014 kohtuulliseen hintaan. Toimitukset kaikkialle Suomeen! \u261b Tutustu tuotteeseen ja tilaa k\u00e4tev\u00e4sti STORIT-verkkokaupasta!","breadcrumb":{"@id":"https:\/\/storitgroup.com\/fi\/tuote\/tormayssuoja-tolppa-o-114-x-1200mm\/#breadcrumb"},"inLanguage":"fi","potentialAction":[{"@type":"ReadAction","target":["https:\/\/storitgroup.com\/fi\/tuote\/tormayssuoja-tolppa-o-114-x-1200mm\/"]}]},{"@type":"ImageObject","inLanguage":"fi","@id":"https:\/\/storitgroup.com\/fi\/tuote\/tormayssuoja-tolppa-o-114-x-1200mm\/#primaryimage","url":"https:\/\/storitgroup.com\/uploads\/2021\/03\/turvapost-o-114-x-1200-mm-1.png","contentUrl":"https:\/\/storitgroup.com\/uploads\/2021\/03\/turvapost-o-114-x-1200-mm-1.png","width":470,"height":470},{"@type":"BreadcrumbList","@id":"https:\/\/storitgroup.com\/fi\/tuote\/tormayssuoja-tolppa-o-114-x-1200mm\/#breadcrumb","itemListElement":[{"@type":"ListItem","position":1,"name":"Kotisivu","item":"https:\/\/storitgroup.com\/fi\/"},{"@type":"ListItem","position":2,"name":"Tuotteet","item":"https:\/\/storitgroup.com\/fi\/tuotteet\/"},{"@type":"ListItem","position":3,"name":"Varaston portaat, tikkaat, turvallisuus","item":"https:\/\/storitgroup.com\/fi\/varaston-portaat-tikkaat-turvallisuus\/"},{"@type":"ListItem","position":4,"name":"T\u00f6rm\u00e4yssuojat, turvatolpat","item":"https:\/\/storitgroup.com\/fi\/varaston-portaat-tikkaat-turvallisuus\/tormayssuojat-turvatolpat\/"},{"@type":"ListItem","position":5,"name":"T\u00f6rm\u00e4yssuoja tolppa \u00d8 114 x 1200mm"}]},{"@type":"WebSite","@id":"https:\/\/storitgroup.com\/fi\/#website","url":"https:\/\/storitgroup.com\/fi\/","name":"Storit","description":"","potentialAction":[{"@type":"SearchAction","target":{"@type":"EntryPoint","urlTemplate":"https:\/\/storitgroup.com\/fi\/?s={search_term_string}"},"query-input":{"@type":"PropertyValueSpecification","valueRequired":true,"valueName":"search_term_string"}}],"inLanguage":"fi"}]}},"_links":{"self":[{"href":"https:\/\/storitgroup.com\/fi\/wp-json\/wp\/v2\/product\/14519","targetHints":{"allow":["GET"]}}],"collection":[{"href":"https:\/\/storitgroup.com\/fi\/wp-json\/wp\/v2\/product"}],"about":[{"href":"https:\/\/storitgroup.com\/fi\/wp-json\/wp\/v2\/types\/product"}],"wp:featuredmedia":[{"embeddable":true,"href":"https:\/\/storitgroup.com\/fi\/wp-json\/wp\/v2\/media\/22261"}],"wp:attachment":[{"href":"https:\/\/storitgroup.com\/fi\/wp-json\/wp\/v2\/media?parent=14519"}],"wp:term":[{"taxonomy":"product_brand","embeddable":true,"href":"https:\/\/storitgroup.com\/fi\/wp-json\/wp\/v2\/product_brand?post=14519"},{"taxonomy":"product_cat","embeddable":true,"href":"https:\/\/storitgroup.com\/fi\/wp-json\/wp\/v2\/product_cat?post=14519"},{"taxonomy":"product_tag","embeddable":true,"href":"https:\/\/storitgroup.com\/fi\/wp-json\/wp\/v2\/product_tag?post=14519"}],"curies":[{"name":"wp","href":"https:\/\/api.w.org\/{rel}","templated":true}]}}