{"id":14425,"date":"2021-03-05T15:32:33","date_gmt":"2021-03-05T13:32:33","guid":{"rendered":"https:\/\/storitgroup.com\/?post_type=product&#038;p=14425"},"modified":"2025-02-03T14:00:17","modified_gmt":"2025-02-03T12:00:17","slug":"tyopoyta-esw344-1600-x-800-x-842-1100mm","status":"publish","type":"product","link":"https:\/\/storitgroup.com\/fi\/tuote\/tyopoyta-esw344-1600-x-800-x-842-1100mm\/","title":{"rendered":"Ty\u00f6p\u00f6yt\u00e4 ESW 1600x800x903 mm, vinyylip\u00e4\u00e4llys"},"content":{"rendered":"<p>H0164  kantavuus: 500 kg<br \/>  p\u00f6yt\u00e4levy: 42 x 1600 x 800 mm,  vinyylipinnoitettu HDF-levy (kova puukuitulevy)<br \/>  s\u00e4\u00e4dett\u00e4v\u00e4 korkeus: H = 842-1100 mm<br \/>  5-osainen laatikosto<br \/>  laatikoiden korkeus:  &#8211; 1 x 50 mm,  &#8211; 2 x 100 mm,  &#8211; 1 x 150 mm,  &#8211; 1 x 200 mm<br \/>  laatikon kantavuus: 40 kg<br \/>  laatikoissa kuulalaakeroidut kiskot ja avautuvat t\u00e4ysin.<\/p>\n","protected":false},"excerpt":{"rendered":"<p>H0164  kantavuus: 500 kg<br \/>\n  p\u00f6yt\u00e4levy: 42 x 1600 x 800 mm,  vinyylipinnoitettu HDF-levy (kova puukuitulevy)<br \/>\n  s\u00e4\u00e4dett\u00e4v\u00e4 korkeus: H = 842-1100 mm<\/p>\n","protected":false},"featured_media":214818,"template":"","meta":{"_acf_changed":false},"product_brand":[],"product_cat":[8411],"product_tag":[],"class_list":{"0":"post-14425","1":"product","2":"type-product","3":"status-publish","4":"has-post-thumbnail","6":"product_room-laakeyhtiot-ja-laboratoriot","7":"product_room-teollisuus-ja-tuotanto-ergonomiset-tyopaikat-tyokaluvarasto","8":"product_room-kotitoimisto","9":"product_room-kotiratkaisut","10":"product_room-kiinteistokehitys","11":"product_room-tyopaja-ja-autotalli","12":"product_room-kuljetus-ja-logistiikka","13":"product_room-ruuan-kasittely","14":"product_room-arkisto-museo","15":"product_room-kaupankaynti-ja-myymalat","16":"product_room-kokoonpano-ja-keraily","17":"product_room-pakkaus","18":"product_room-toimisto","19":"product_room-koulut-ja-paivakodit","20":"product_cat-tyopoydat-intra","22":"first","23":"onbackorder","24":"taxable","25":"shipping-taxable","26":"purchasable","27":"product-type-simple"},"acf":[],"yoast_head":"<!-- This site is optimized with the Yoast SEO plugin v27.2 - https:\/\/yoast.com\/product\/yoast-seo-wordpress\/ -->\n<title>Ty\u00f6p\u00f6yt\u00e4 ESW 1600x800x903 mm, vinyylip\u00e4\u00e4llys &#8226; Storit<\/title>\n<meta name=\"description\" content=\"Ty\u00f6p\u00f6yt\u00e4 ESW 1600x800x903 mm, vinyylip\u00e4\u00e4llys \u2014 kohtuulliseen hintaan. Toimitukset kaikkialle Suomeen! \u261b Tutustu tuotteeseen ja tilaa k\u00e4tev\u00e4sti STORIT-verkkokaupasta!\" \/>\n<meta name=\"robots\" content=\"index, follow, max-snippet:-1, max-image-preview:large, max-video-preview:-1\" \/>\n<link rel=\"canonical\" href=\"https:\/\/storitgroup.com\/fi\/tuote\/tyopoyta-esw344-1600-x-800-x-842-1100mm\/\" \/>\n<meta property=\"og:locale\" content=\"fi_FI\" \/>\n<meta property=\"og:type\" content=\"article\" \/>\n<meta property=\"og:title\" content=\"Ty\u00f6p\u00f6yt\u00e4 ESW 1600x800x903 mm, vinyylip\u00e4\u00e4llys &#8226; Storit\" \/>\n<meta property=\"og:description\" content=\"Ty\u00f6p\u00f6yt\u00e4 ESW 1600x800x903 mm, vinyylip\u00e4\u00e4llys \u2014 kohtuulliseen hintaan. Toimitukset kaikkialle Suomeen! \u261b Tutustu tuotteeseen ja tilaa k\u00e4tev\u00e4sti STORIT-verkkokaupasta!\" \/>\n<meta property=\"og:url\" content=\"https:\/\/storitgroup.com\/fi\/tuote\/tyopoyta-esw344-1600-x-800-x-842-1100mm\/\" \/>\n<meta property=\"og:site_name\" content=\"Storit\" \/>\n<meta property=\"article:modified_time\" content=\"2025-02-03T12:00:17+00:00\" \/>\n<meta property=\"og:image\" content=\"https:\/\/storitgroup.com\/uploads\/2021\/03\/16.-4232743344.jpg\" \/>\n\t<meta property=\"og:image:width\" content=\"500\" \/>\n\t<meta property=\"og:image:height\" content=\"402\" \/>\n\t<meta property=\"og:image:type\" content=\"image\/jpeg\" \/>\n<meta name=\"twitter:card\" content=\"summary_large_image\" \/>\n<script type=\"application\/ld+json\" class=\"yoast-schema-graph\">{\"@context\":\"https:\/\/schema.org\",\"@graph\":[{\"@type\":[\"WebPage\",\"ItemPage\"],\"@id\":\"https:\/\/storitgroup.com\/fi\/tuote\/tyopoyta-esw344-1600-x-800-x-842-1100mm\/\",\"url\":\"https:\/\/storitgroup.com\/fi\/tuote\/tyopoyta-esw344-1600-x-800-x-842-1100mm\/\",\"name\":\"Ty\u00f6p\u00f6yt\u00e4 ESW 1600x800x903 mm, vinyylip\u00e4\u00e4llys &#8226; Storit\",\"isPartOf\":{\"@id\":\"https:\/\/storitgroup.com\/fi\/#website\"},\"primaryImageOfPage\":{\"@id\":\"https:\/\/storitgroup.com\/fi\/tuote\/tyopoyta-esw344-1600-x-800-x-842-1100mm\/#primaryimage\"},\"image\":{\"@id\":\"https:\/\/storitgroup.com\/fi\/tuote\/tyopoyta-esw344-1600-x-800-x-842-1100mm\/#primaryimage\"},\"thumbnailUrl\":\"https:\/\/storitgroup.com\/uploads\/2021\/03\/16.-4232743344.jpg\",\"datePublished\":\"2021-03-05T13:32:33+00:00\",\"dateModified\":\"2025-02-03T12:00:17+00:00\",\"description\":\"Ty\u00f6p\u00f6yt\u00e4 ESW 1600x800x903 mm, vinyylip\u00e4\u00e4llys \u2014 kohtuulliseen hintaan. Toimitukset kaikkialle Suomeen! \u261b Tutustu tuotteeseen ja tilaa k\u00e4tev\u00e4sti STORIT-verkkokaupasta!\",\"breadcrumb\":{\"@id\":\"https:\/\/storitgroup.com\/fi\/tuote\/tyopoyta-esw344-1600-x-800-x-842-1100mm\/#breadcrumb\"},\"inLanguage\":\"fi\",\"potentialAction\":[{\"@type\":\"ReadAction\",\"target\":[\"https:\/\/storitgroup.com\/fi\/tuote\/tyopoyta-esw344-1600-x-800-x-842-1100mm\/\"]}]},{\"@type\":\"ImageObject\",\"inLanguage\":\"fi\",\"@id\":\"https:\/\/storitgroup.com\/fi\/tuote\/tyopoyta-esw344-1600-x-800-x-842-1100mm\/#primaryimage\",\"url\":\"https:\/\/storitgroup.com\/uploads\/2021\/03\/16.-4232743344.jpg\",\"contentUrl\":\"https:\/\/storitgroup.com\/uploads\/2021\/03\/16.-4232743344.jpg\",\"width\":500,\"height\":402},{\"@type\":\"BreadcrumbList\",\"@id\":\"https:\/\/storitgroup.com\/fi\/tuote\/tyopoyta-esw344-1600-x-800-x-842-1100mm\/#breadcrumb\",\"itemListElement\":[{\"@type\":\"ListItem\",\"position\":1,\"name\":\"Kotisivu\",\"item\":\"https:\/\/storitgroup.com\/fi\/\"},{\"@type\":\"ListItem\",\"position\":2,\"name\":\"Tuotteet\",\"item\":\"https:\/\/storitgroup.com\/fi\/tuotteet\/\"},{\"@type\":\"ListItem\",\"position\":3,\"name\":\"P\u00f6yd\u00e4t, tuolit, ty\u00f6kaluvarasto\",\"item\":\"https:\/\/storitgroup.com\/fi\/poydat-tuolit-tyokaluvarasto\/\"},{\"@type\":\"ListItem\",\"position\":4,\"name\":\"Ty\u00f6p\u00f6yd\u00e4t\",\"item\":\"https:\/\/storitgroup.com\/fi\/poydat-tuolit-tyokaluvarasto\/tyopoydat\/\"},{\"@type\":\"ListItem\",\"position\":5,\"name\":\"Ty\u00f6p\u00f6yd\u00e4t: INTRA\",\"item\":\"https:\/\/storitgroup.com\/fi\/poydat-tuolit-tyokaluvarasto\/tyopoydat\/tyopoydat-intra\/\"},{\"@type\":\"ListItem\",\"position\":6,\"name\":\"Ty\u00f6p\u00f6yt\u00e4 ESW 1600x800x903 mm, vinyylip\u00e4\u00e4llys\"}]},{\"@type\":\"WebSite\",\"@id\":\"https:\/\/storitgroup.com\/fi\/#website\",\"url\":\"https:\/\/storitgroup.com\/fi\/\",\"name\":\"Storit\",\"description\":\"\",\"potentialAction\":[{\"@type\":\"SearchAction\",\"target\":{\"@type\":\"EntryPoint\",\"urlTemplate\":\"https:\/\/storitgroup.com\/fi\/?s={search_term_string}\"},\"query-input\":{\"@type\":\"PropertyValueSpecification\",\"valueRequired\":true,\"valueName\":\"search_term_string\"}}],\"inLanguage\":\"fi\"}]}<\/script>\n<!-- \/ Yoast SEO plugin. -->","yoast_head_json":{"title":"Ty\u00f6p\u00f6yt\u00e4 ESW 1600x800x903 mm, vinyylip\u00e4\u00e4llys &#8226; Storit","description":"Ty\u00f6p\u00f6yt\u00e4 ESW 1600x800x903 mm, vinyylip\u00e4\u00e4llys \u2014 kohtuulliseen hintaan. Toimitukset kaikkialle Suomeen! \u261b Tutustu tuotteeseen ja tilaa k\u00e4tev\u00e4sti STORIT-verkkokaupasta!","robots":{"index":"index","follow":"follow","max-snippet":"max-snippet:-1","max-image-preview":"max-image-preview:large","max-video-preview":"max-video-preview:-1"},"canonical":"https:\/\/storitgroup.com\/fi\/tuote\/tyopoyta-esw344-1600-x-800-x-842-1100mm\/","og_locale":"fi_FI","og_type":"article","og_title":"Ty\u00f6p\u00f6yt\u00e4 ESW 1600x800x903 mm, vinyylip\u00e4\u00e4llys &#8226; Storit","og_description":"Ty\u00f6p\u00f6yt\u00e4 ESW 1600x800x903 mm, vinyylip\u00e4\u00e4llys \u2014 kohtuulliseen hintaan. Toimitukset kaikkialle Suomeen! \u261b Tutustu tuotteeseen ja tilaa k\u00e4tev\u00e4sti STORIT-verkkokaupasta!","og_url":"https:\/\/storitgroup.com\/fi\/tuote\/tyopoyta-esw344-1600-x-800-x-842-1100mm\/","og_site_name":"Storit","article_modified_time":"2025-02-03T12:00:17+00:00","og_image":[{"width":500,"height":402,"url":"https:\/\/storitgroup.com\/uploads\/2021\/03\/16.-4232743344.jpg","type":"image\/jpeg"}],"twitter_card":"summary_large_image","schema":{"@context":"https:\/\/schema.org","@graph":[{"@type":["WebPage","ItemPage"],"@id":"https:\/\/storitgroup.com\/fi\/tuote\/tyopoyta-esw344-1600-x-800-x-842-1100mm\/","url":"https:\/\/storitgroup.com\/fi\/tuote\/tyopoyta-esw344-1600-x-800-x-842-1100mm\/","name":"Ty\u00f6p\u00f6yt\u00e4 ESW 1600x800x903 mm, vinyylip\u00e4\u00e4llys &#8226; Storit","isPartOf":{"@id":"https:\/\/storitgroup.com\/fi\/#website"},"primaryImageOfPage":{"@id":"https:\/\/storitgroup.com\/fi\/tuote\/tyopoyta-esw344-1600-x-800-x-842-1100mm\/#primaryimage"},"image":{"@id":"https:\/\/storitgroup.com\/fi\/tuote\/tyopoyta-esw344-1600-x-800-x-842-1100mm\/#primaryimage"},"thumbnailUrl":"https:\/\/storitgroup.com\/uploads\/2021\/03\/16.-4232743344.jpg","datePublished":"2021-03-05T13:32:33+00:00","dateModified":"2025-02-03T12:00:17+00:00","description":"Ty\u00f6p\u00f6yt\u00e4 ESW 1600x800x903 mm, vinyylip\u00e4\u00e4llys \u2014 kohtuulliseen hintaan. Toimitukset kaikkialle Suomeen! \u261b Tutustu tuotteeseen ja tilaa k\u00e4tev\u00e4sti STORIT-verkkokaupasta!","breadcrumb":{"@id":"https:\/\/storitgroup.com\/fi\/tuote\/tyopoyta-esw344-1600-x-800-x-842-1100mm\/#breadcrumb"},"inLanguage":"fi","potentialAction":[{"@type":"ReadAction","target":["https:\/\/storitgroup.com\/fi\/tuote\/tyopoyta-esw344-1600-x-800-x-842-1100mm\/"]}]},{"@type":"ImageObject","inLanguage":"fi","@id":"https:\/\/storitgroup.com\/fi\/tuote\/tyopoyta-esw344-1600-x-800-x-842-1100mm\/#primaryimage","url":"https:\/\/storitgroup.com\/uploads\/2021\/03\/16.-4232743344.jpg","contentUrl":"https:\/\/storitgroup.com\/uploads\/2021\/03\/16.-4232743344.jpg","width":500,"height":402},{"@type":"BreadcrumbList","@id":"https:\/\/storitgroup.com\/fi\/tuote\/tyopoyta-esw344-1600-x-800-x-842-1100mm\/#breadcrumb","itemListElement":[{"@type":"ListItem","position":1,"name":"Kotisivu","item":"https:\/\/storitgroup.com\/fi\/"},{"@type":"ListItem","position":2,"name":"Tuotteet","item":"https:\/\/storitgroup.com\/fi\/tuotteet\/"},{"@type":"ListItem","position":3,"name":"P\u00f6yd\u00e4t, tuolit, ty\u00f6kaluvarasto","item":"https:\/\/storitgroup.com\/fi\/poydat-tuolit-tyokaluvarasto\/"},{"@type":"ListItem","position":4,"name":"Ty\u00f6p\u00f6yd\u00e4t","item":"https:\/\/storitgroup.com\/fi\/poydat-tuolit-tyokaluvarasto\/tyopoydat\/"},{"@type":"ListItem","position":5,"name":"Ty\u00f6p\u00f6yd\u00e4t: INTRA","item":"https:\/\/storitgroup.com\/fi\/poydat-tuolit-tyokaluvarasto\/tyopoydat\/tyopoydat-intra\/"},{"@type":"ListItem","position":6,"name":"Ty\u00f6p\u00f6yt\u00e4 ESW 1600x800x903 mm, vinyylip\u00e4\u00e4llys"}]},{"@type":"WebSite","@id":"https:\/\/storitgroup.com\/fi\/#website","url":"https:\/\/storitgroup.com\/fi\/","name":"Storit","description":"","potentialAction":[{"@type":"SearchAction","target":{"@type":"EntryPoint","urlTemplate":"https:\/\/storitgroup.com\/fi\/?s={search_term_string}"},"query-input":{"@type":"PropertyValueSpecification","valueRequired":true,"valueName":"search_term_string"}}],"inLanguage":"fi"}]}},"_links":{"self":[{"href":"https:\/\/storitgroup.com\/fi\/wp-json\/wp\/v2\/product\/14425","targetHints":{"allow":["GET"]}}],"collection":[{"href":"https:\/\/storitgroup.com\/fi\/wp-json\/wp\/v2\/product"}],"about":[{"href":"https:\/\/storitgroup.com\/fi\/wp-json\/wp\/v2\/types\/product"}],"wp:featuredmedia":[{"embeddable":true,"href":"https:\/\/storitgroup.com\/fi\/wp-json\/wp\/v2\/media\/214818"}],"wp:attachment":[{"href":"https:\/\/storitgroup.com\/fi\/wp-json\/wp\/v2\/media?parent=14425"}],"wp:term":[{"taxonomy":"product_brand","embeddable":true,"href":"https:\/\/storitgroup.com\/fi\/wp-json\/wp\/v2\/product_brand?post=14425"},{"taxonomy":"product_cat","embeddable":true,"href":"https:\/\/storitgroup.com\/fi\/wp-json\/wp\/v2\/product_cat?post=14425"},{"taxonomy":"product_tag","embeddable":true,"href":"https:\/\/storitgroup.com\/fi\/wp-json\/wp\/v2\/product_tag?post=14425"}],"curies":[{"name":"wp","href":"https:\/\/api.w.org\/{rel}","templated":true}]}}