{"id":14405,"date":"2021-03-05T15:32:23","date_gmt":"2021-03-05T13:32:23","guid":{"rendered":"https:\/\/storitgroup.com\/?post_type=product&#038;p=14405"},"modified":"2025-03-25T12:18:00","modified_gmt":"2025-03-25T10:18:00","slug":"pakkauspoyta-sw20-2000-x-800-x-720-970mm","status":"publish","type":"product","link":"https:\/\/storitgroup.com\/fi\/tuote\/pakkauspoyta-sw20-2000-x-800-x-720-970mm\/","title":{"rendered":"Pakkausp\u00f6yt\u00e4 SW20, 2000x800x720-970 mm"},"content":{"rendered":"<p>Ty\u00f6p\u00f6yt\u00e4 on ihanteellinen pienempiin kokoonpanoteht\u00e4viin. Manuaalisesti s\u00e4\u00e4dett\u00e4v\u00e4t jalat mahdollistavat p\u00f6yd\u00e4n korkeuden k\u00e4tev\u00e4n mukauttamisen yksil\u00f6llisten mieltymysten ja tarpeiden mukaan.<br \/>20 mm paksu vaaleanharmaa laminoitu p\u00f6yt\u00e4levy antaa ty\u00f6pajalle modernin ja elegantin ilmeen samalla s\u00e4ilytt\u00e4en kest\u00e4vyyden ja toiminnallisuuden p\u00e4ivitt\u00e4isess\u00e4 k\u00e4yt\u00f6ss\u00e4.<br \/>Lis\u00e4ksi voit asettaa p\u00f6yd\u00e4lle.<br \/>&#8211; reik\u00e4levyjen ja tarvikkeiden sarjan ty\u00f6tilan j\u00e4rjest\u00e4miseksi ja ty\u00f6kalujen sek\u00e4 muiden tarpeellisten esineiden helpottamiseksi saatavillaoloon.<br \/>Tai:<br \/>&#8211; pakkaustarvikkeet \u00e4lykk\u00e4ill\u00e4 ratkaisuilla, joissa leikkuuleveys on 1300 mm.<\/p>\n","protected":false},"excerpt":{"rendered":"<p>Ty\u00f6p\u00f6yt\u00e4 on ihanteellinen pienempiin kokoonpanoteht\u00e4viin. Manuaalisesti s\u00e4\u00e4dett\u00e4v\u00e4t jalat mahdollistavat p\u00f6yd\u00e4n korkeuden k\u00e4tev\u00e4n mukauttamisen yksil\u00f6llisten mieltymysten ja tarpeiden mukaan.<br \/>\n20 mm paksu vaaleanharmaa laminoitu p\u00f6yt\u00e4levy antaa ty\u00f6pajalle modernin ja elegantin ilmeen samalla s\u00e4ilytt\u00e4en kest\u00e4vyyden ja toiminnallisuuden p\u00e4ivitt\u00e4isess\u00e4 k\u00e4yt\u00f6ss\u00e4.<br \/>\nLis\u00e4ksi voit asettaa p\u00f6yd\u00e4lle.<\/p>\n","protected":false},"featured_media":214618,"template":"","meta":{"_acf_changed":false},"product_brand":[],"product_cat":[8411],"product_tag":[],"class_list":{"0":"post-14405","1":"product","2":"type-product","3":"status-publish","4":"has-post-thumbnail","6":"product_room-arkisto-museo","7":"product_room-kaupankaynti-ja-myymalat","8":"product_room-kiinteistokehitys","9":"product_room-kokoonpano-ja-keraily","10":"product_room-kotiratkaisut","11":"product_room-kotitoimisto","12":"product_room-koulut-ja-paivakodit","13":"product_room-kuljetus-ja-logistiikka","14":"product_room-laakeyhtiot-ja-laboratoriot","15":"product_room-pakkaus","16":"product_room-ruuan-kasittely","17":"product_room-teollisuus-ja-tuotanto-ergonomiset-tyopaikat-tyokaluvarasto","18":"product_room-toimisto","19":"product_room-tyopaja-ja-autotalli","20":"product_cat-tyopoydat-intra","22":"first","23":"onbackorder","24":"taxable","25":"shipping-taxable","26":"purchasable","27":"product-type-simple"},"acf":[],"yoast_head":"<!-- This site is optimized with the Yoast SEO plugin v27.4 - https:\/\/yoast.com\/product\/yoast-seo-wordpress\/ -->\n<title>Pakkausp\u00f6yt\u00e4 SW20, 2000x800x720-970 mm &#8226; Storit<\/title>\n<meta name=\"description\" content=\"Pakkausp\u00f6yt\u00e4 SW20, 2000x800x720-970 mm \u2014 kohtuulliseen hintaan. Toimitukset kaikkialle Suomeen! \u261b Tutustu tuotteeseen ja tilaa k\u00e4tev\u00e4sti STORIT-verkkokaupasta!\" \/>\n<meta name=\"robots\" content=\"index, follow, max-snippet:-1, max-image-preview:large, max-video-preview:-1\" \/>\n<link rel=\"canonical\" href=\"https:\/\/storitgroup.com\/fi\/tuote\/pakkauspoyta-sw20-2000-x-800-x-720-970mm\/\" \/>\n<meta property=\"og:locale\" content=\"fi_FI\" \/>\n<meta property=\"og:type\" content=\"article\" \/>\n<meta property=\"og:title\" content=\"Pakkausp\u00f6yt\u00e4 SW20, 2000x800x720-970 mm &#8226; Storit\" \/>\n<meta property=\"og:description\" content=\"Pakkausp\u00f6yt\u00e4 SW20, 2000x800x720-970 mm \u2014 kohtuulliseen hintaan. Toimitukset kaikkialle Suomeen! \u261b Tutustu tuotteeseen ja tilaa k\u00e4tev\u00e4sti STORIT-verkkokaupasta!\" \/>\n<meta property=\"og:url\" content=\"https:\/\/storitgroup.com\/fi\/tuote\/pakkauspoyta-sw20-2000-x-800-x-720-970mm\/\" \/>\n<meta property=\"og:site_name\" content=\"Storit\" \/>\n<meta property=\"article:modified_time\" content=\"2025-03-25T10:18:00+00:00\" \/>\n<meta property=\"og:image\" content=\"https:\/\/storitgroup.com\/uploads\/2021\/03\/2.-4230074304_2000.jpg\" \/>\n\t<meta property=\"og:image:width\" content=\"501\" \/>\n\t<meta property=\"og:image:height\" content=\"401\" \/>\n\t<meta property=\"og:image:type\" content=\"image\/jpeg\" \/>\n<meta name=\"twitter:card\" content=\"summary_large_image\" \/>\n<script type=\"application\/ld+json\" class=\"yoast-schema-graph\">{\"@context\":\"https:\\\/\\\/schema.org\",\"@graph\":[{\"@type\":[\"WebPage\",\"ItemPage\"],\"@id\":\"https:\\\/\\\/storitgroup.com\\\/fi\\\/tuote\\\/pakkauspoyta-sw20-2000-x-800-x-720-970mm\\\/\",\"url\":\"https:\\\/\\\/storitgroup.com\\\/fi\\\/tuote\\\/pakkauspoyta-sw20-2000-x-800-x-720-970mm\\\/\",\"name\":\"Pakkausp\u00f6yt\u00e4 SW20, 2000x800x720-970 mm &#8226; Storit\",\"isPartOf\":{\"@id\":\"https:\\\/\\\/storitgroup.com\\\/fi\\\/#website\"},\"primaryImageOfPage\":{\"@id\":\"https:\\\/\\\/storitgroup.com\\\/fi\\\/tuote\\\/pakkauspoyta-sw20-2000-x-800-x-720-970mm\\\/#primaryimage\"},\"image\":{\"@id\":\"https:\\\/\\\/storitgroup.com\\\/fi\\\/tuote\\\/pakkauspoyta-sw20-2000-x-800-x-720-970mm\\\/#primaryimage\"},\"thumbnailUrl\":\"https:\\\/\\\/storitgroup.com\\\/uploads\\\/2021\\\/03\\\/2.-4230074304_2000.jpg\",\"datePublished\":\"2021-03-05T13:32:23+00:00\",\"dateModified\":\"2025-03-25T10:18:00+00:00\",\"description\":\"Pakkausp\u00f6yt\u00e4 SW20, 2000x800x720-970 mm \u2014 kohtuulliseen hintaan. Toimitukset kaikkialle Suomeen! \u261b Tutustu tuotteeseen ja tilaa k\u00e4tev\u00e4sti STORIT-verkkokaupasta!\",\"breadcrumb\":{\"@id\":\"https:\\\/\\\/storitgroup.com\\\/fi\\\/tuote\\\/pakkauspoyta-sw20-2000-x-800-x-720-970mm\\\/#breadcrumb\"},\"inLanguage\":\"fi\",\"potentialAction\":[{\"@type\":\"ReadAction\",\"target\":[\"https:\\\/\\\/storitgroup.com\\\/fi\\\/tuote\\\/pakkauspoyta-sw20-2000-x-800-x-720-970mm\\\/\"]}]},{\"@type\":\"ImageObject\",\"inLanguage\":\"fi\",\"@id\":\"https:\\\/\\\/storitgroup.com\\\/fi\\\/tuote\\\/pakkauspoyta-sw20-2000-x-800-x-720-970mm\\\/#primaryimage\",\"url\":\"https:\\\/\\\/storitgroup.com\\\/uploads\\\/2021\\\/03\\\/2.-4230074304_2000.jpg\",\"contentUrl\":\"https:\\\/\\\/storitgroup.com\\\/uploads\\\/2021\\\/03\\\/2.-4230074304_2000.jpg\",\"width\":501,\"height\":401},{\"@type\":\"BreadcrumbList\",\"@id\":\"https:\\\/\\\/storitgroup.com\\\/fi\\\/tuote\\\/pakkauspoyta-sw20-2000-x-800-x-720-970mm\\\/#breadcrumb\",\"itemListElement\":[{\"@type\":\"ListItem\",\"position\":1,\"name\":\"Kotisivu\",\"item\":\"https:\\\/\\\/storitgroup.com\\\/fi\\\/\"},{\"@type\":\"ListItem\",\"position\":2,\"name\":\"Tuotteet\",\"item\":\"https:\\\/\\\/storitgroup.com\\\/fi\\\/tuotteet\\\/\"},{\"@type\":\"ListItem\",\"position\":3,\"name\":\"P\u00f6yd\u00e4t, tuolit, ty\u00f6kaluvarasto\",\"item\":\"https:\\\/\\\/storitgroup.com\\\/fi\\\/tuotteet\\\/poydat-tuolit-tyokaluvarasto\\\/\"},{\"@type\":\"ListItem\",\"position\":4,\"name\":\"Ty\u00f6p\u00f6yd\u00e4t\",\"item\":\"https:\\\/\\\/storitgroup.com\\\/fi\\\/tuotteet\\\/poydat-tuolit-tyokaluvarasto\\\/tyopoydat\\\/\"},{\"@type\":\"ListItem\",\"position\":5,\"name\":\"Ty\u00f6p\u00f6yd\u00e4t: INTRA\",\"item\":\"https:\\\/\\\/storitgroup.com\\\/fi\\\/tuotteet\\\/poydat-tuolit-tyokaluvarasto\\\/tyopoydat\\\/tyopoydat-intra\\\/\"},{\"@type\":\"ListItem\",\"position\":6,\"name\":\"Pakkausp\u00f6yt\u00e4 SW20, 2000x800x720-970 mm\"}]},{\"@type\":\"WebSite\",\"@id\":\"https:\\\/\\\/storitgroup.com\\\/fi\\\/#website\",\"url\":\"https:\\\/\\\/storitgroup.com\\\/fi\\\/\",\"name\":\"Storit\",\"description\":\"\",\"potentialAction\":[{\"@type\":\"SearchAction\",\"target\":{\"@type\":\"EntryPoint\",\"urlTemplate\":\"https:\\\/\\\/storitgroup.com\\\/fi\\\/?s={search_term_string}\"},\"query-input\":{\"@type\":\"PropertyValueSpecification\",\"valueRequired\":true,\"valueName\":\"search_term_string\"}}],\"inLanguage\":\"fi\"}]}<\/script>\n<!-- \/ Yoast SEO plugin. -->","yoast_head_json":{"title":"Pakkausp\u00f6yt\u00e4 SW20, 2000x800x720-970 mm &#8226; Storit","description":"Pakkausp\u00f6yt\u00e4 SW20, 2000x800x720-970 mm \u2014 kohtuulliseen hintaan. Toimitukset kaikkialle Suomeen! \u261b Tutustu tuotteeseen ja tilaa k\u00e4tev\u00e4sti STORIT-verkkokaupasta!","robots":{"index":"index","follow":"follow","max-snippet":"max-snippet:-1","max-image-preview":"max-image-preview:large","max-video-preview":"max-video-preview:-1"},"canonical":"https:\/\/storitgroup.com\/fi\/tuote\/pakkauspoyta-sw20-2000-x-800-x-720-970mm\/","og_locale":"fi_FI","og_type":"article","og_title":"Pakkausp\u00f6yt\u00e4 SW20, 2000x800x720-970 mm &#8226; Storit","og_description":"Pakkausp\u00f6yt\u00e4 SW20, 2000x800x720-970 mm \u2014 kohtuulliseen hintaan. Toimitukset kaikkialle Suomeen! \u261b Tutustu tuotteeseen ja tilaa k\u00e4tev\u00e4sti STORIT-verkkokaupasta!","og_url":"https:\/\/storitgroup.com\/fi\/tuote\/pakkauspoyta-sw20-2000-x-800-x-720-970mm\/","og_site_name":"Storit","article_modified_time":"2025-03-25T10:18:00+00:00","og_image":[{"width":501,"height":401,"url":"https:\/\/storitgroup.com\/uploads\/2021\/03\/2.-4230074304_2000.jpg","type":"image\/jpeg"}],"twitter_card":"summary_large_image","schema":{"@context":"https:\/\/schema.org","@graph":[{"@type":["WebPage","ItemPage"],"@id":"https:\/\/storitgroup.com\/fi\/tuote\/pakkauspoyta-sw20-2000-x-800-x-720-970mm\/","url":"https:\/\/storitgroup.com\/fi\/tuote\/pakkauspoyta-sw20-2000-x-800-x-720-970mm\/","name":"Pakkausp\u00f6yt\u00e4 SW20, 2000x800x720-970 mm &#8226; Storit","isPartOf":{"@id":"https:\/\/storitgroup.com\/fi\/#website"},"primaryImageOfPage":{"@id":"https:\/\/storitgroup.com\/fi\/tuote\/pakkauspoyta-sw20-2000-x-800-x-720-970mm\/#primaryimage"},"image":{"@id":"https:\/\/storitgroup.com\/fi\/tuote\/pakkauspoyta-sw20-2000-x-800-x-720-970mm\/#primaryimage"},"thumbnailUrl":"https:\/\/storitgroup.com\/uploads\/2021\/03\/2.-4230074304_2000.jpg","datePublished":"2021-03-05T13:32:23+00:00","dateModified":"2025-03-25T10:18:00+00:00","description":"Pakkausp\u00f6yt\u00e4 SW20, 2000x800x720-970 mm \u2014 kohtuulliseen hintaan. Toimitukset kaikkialle Suomeen! \u261b Tutustu tuotteeseen ja tilaa k\u00e4tev\u00e4sti STORIT-verkkokaupasta!","breadcrumb":{"@id":"https:\/\/storitgroup.com\/fi\/tuote\/pakkauspoyta-sw20-2000-x-800-x-720-970mm\/#breadcrumb"},"inLanguage":"fi","potentialAction":[{"@type":"ReadAction","target":["https:\/\/storitgroup.com\/fi\/tuote\/pakkauspoyta-sw20-2000-x-800-x-720-970mm\/"]}]},{"@type":"ImageObject","inLanguage":"fi","@id":"https:\/\/storitgroup.com\/fi\/tuote\/pakkauspoyta-sw20-2000-x-800-x-720-970mm\/#primaryimage","url":"https:\/\/storitgroup.com\/uploads\/2021\/03\/2.-4230074304_2000.jpg","contentUrl":"https:\/\/storitgroup.com\/uploads\/2021\/03\/2.-4230074304_2000.jpg","width":501,"height":401},{"@type":"BreadcrumbList","@id":"https:\/\/storitgroup.com\/fi\/tuote\/pakkauspoyta-sw20-2000-x-800-x-720-970mm\/#breadcrumb","itemListElement":[{"@type":"ListItem","position":1,"name":"Kotisivu","item":"https:\/\/storitgroup.com\/fi\/"},{"@type":"ListItem","position":2,"name":"Tuotteet","item":"https:\/\/storitgroup.com\/fi\/tuotteet\/"},{"@type":"ListItem","position":3,"name":"P\u00f6yd\u00e4t, tuolit, ty\u00f6kaluvarasto","item":"https:\/\/storitgroup.com\/fi\/tuotteet\/poydat-tuolit-tyokaluvarasto\/"},{"@type":"ListItem","position":4,"name":"Ty\u00f6p\u00f6yd\u00e4t","item":"https:\/\/storitgroup.com\/fi\/tuotteet\/poydat-tuolit-tyokaluvarasto\/tyopoydat\/"},{"@type":"ListItem","position":5,"name":"Ty\u00f6p\u00f6yd\u00e4t: INTRA","item":"https:\/\/storitgroup.com\/fi\/tuotteet\/poydat-tuolit-tyokaluvarasto\/tyopoydat\/tyopoydat-intra\/"},{"@type":"ListItem","position":6,"name":"Pakkausp\u00f6yt\u00e4 SW20, 2000x800x720-970 mm"}]},{"@type":"WebSite","@id":"https:\/\/storitgroup.com\/fi\/#website","url":"https:\/\/storitgroup.com\/fi\/","name":"Storit","description":"","potentialAction":[{"@type":"SearchAction","target":{"@type":"EntryPoint","urlTemplate":"https:\/\/storitgroup.com\/fi\/?s={search_term_string}"},"query-input":{"@type":"PropertyValueSpecification","valueRequired":true,"valueName":"search_term_string"}}],"inLanguage":"fi"}]}},"_links":{"self":[{"href":"https:\/\/storitgroup.com\/fi\/wp-json\/wp\/v2\/product\/14405","targetHints":{"allow":["GET"]}}],"collection":[{"href":"https:\/\/storitgroup.com\/fi\/wp-json\/wp\/v2\/product"}],"about":[{"href":"https:\/\/storitgroup.com\/fi\/wp-json\/wp\/v2\/types\/product"}],"wp:featuredmedia":[{"embeddable":true,"href":"https:\/\/storitgroup.com\/fi\/wp-json\/wp\/v2\/media\/214618"}],"wp:attachment":[{"href":"https:\/\/storitgroup.com\/fi\/wp-json\/wp\/v2\/media?parent=14405"}],"wp:term":[{"taxonomy":"product_brand","embeddable":true,"href":"https:\/\/storitgroup.com\/fi\/wp-json\/wp\/v2\/product_brand?post=14405"},{"taxonomy":"product_cat","embeddable":true,"href":"https:\/\/storitgroup.com\/fi\/wp-json\/wp\/v2\/product_cat?post=14405"},{"taxonomy":"product_tag","embeddable":true,"href":"https:\/\/storitgroup.com\/fi\/wp-json\/wp\/v2\/product_tag?post=14405"}],"curies":[{"name":"wp","href":"https:\/\/api.w.org\/{rel}","templated":true}]}}