{"id":14396,"date":"2021-03-05T13:32:17","date_gmt":"2021-03-05T13:32:17","guid":{"rendered":"https:\/\/storitgroup.com\/?post_type=product&#038;p=14396"},"modified":"2026-04-09T15:11:55","modified_gmt":"2026-04-09T12:11:55","slug":"laatikko-tyokalukaappiin-840-x-420-x-80mm-sininen","status":"publish","type":"product","link":"https:\/\/storitgroup.com\/fi\/tuote\/laatikko-tyokalukaappiin-840-x-420-x-80mm-sininen\/","title":{"rendered":"Laatikko ty\u00f6kalukaappiin, 840 x 420 x 80mm, sininen"},"content":{"rendered":"<p>J0019  mitat:\u00a0840 x 420 x 80 mm (lsk)<br \/>  v\u00e4ri: sininen<br \/>  sopii ty\u00f6kalukaappiin H0034 ja H0198.<\/p>\n","protected":false},"excerpt":{"rendered":"<p>J0019  mitat:\u00a0840 x 420 x 80 mm (lsk)<br \/>\n  v\u00e4ri: sininen<br \/>\n  sopii ty\u00f6kalukaappiin H0034 ja H0198.<\/p>\n","protected":false},"featured_media":22150,"template":"","meta":{"_acf_changed":false},"product_brand":[],"product_cat":[7066],"product_tag":[],"class_list":{"0":"post-14396","1":"product","2":"type-product","3":"status-publish","4":"has-post-thumbnail","6":"product_room-tyopaja-ja-autotalli","7":"product_room-teollisuus-ja-tuotanto-ergonomiset-tyopaikat-tyokaluvarasto","8":"product_cat-laatikkolokerot","10":"first","11":"instock","12":"taxable","13":"shipping-taxable","14":"purchasable","15":"product-type-simple"},"acf":[],"yoast_head":"<!-- This site is optimized with the Yoast SEO plugin v27.3 - https:\/\/yoast.com\/product\/yoast-seo-wordpress\/ -->\n<title>Laatikko ty\u00f6kalukaappiin, 840 x 420 x 80mm, sininen &#8226; Storit<\/title>\n<meta name=\"description\" content=\"Laatikko ty\u00f6kalukaappiin, 840 x 420 x 80mm, sininen \u2014 kohtuulliseen hintaan. Toimitukset kaikkialle Suomeen! \u261b Tutustu tuotteeseen ja tilaa k\u00e4tev\u00e4sti STORIT-verkkokaupasta!\" \/>\n<meta name=\"robots\" content=\"index, follow, max-snippet:-1, max-image-preview:large, max-video-preview:-1\" \/>\n<link rel=\"canonical\" href=\"https:\/\/storitgroup.com\/fi\/tuote\/laatikko-tyokalukaappiin-840-x-420-x-80mm-sininen\/\" \/>\n<meta property=\"og:locale\" content=\"fi_FI\" \/>\n<meta property=\"og:type\" content=\"article\" \/>\n<meta property=\"og:title\" content=\"Laatikko ty\u00f6kalukaappiin, 840 x 420 x 80mm, sininen &#8226; Storit\" \/>\n<meta property=\"og:description\" content=\"Laatikko ty\u00f6kalukaappiin, 840 x 420 x 80mm, sininen \u2014 kohtuulliseen hintaan. Toimitukset kaikkialle Suomeen! \u261b Tutustu tuotteeseen ja tilaa k\u00e4tev\u00e4sti STORIT-verkkokaupasta!\" \/>\n<meta property=\"og:url\" content=\"https:\/\/storitgroup.com\/fi\/tuote\/laatikko-tyokalukaappiin-840-x-420-x-80mm-sininen\/\" \/>\n<meta property=\"og:site_name\" content=\"Storit\" \/>\n<meta property=\"article:modified_time\" content=\"2026-04-09T12:11:55+00:00\" \/>\n<meta property=\"og:image\" content=\"https:\/\/storitgroup.com\/uploads\/2021\/03\/sahtel-tooriistakapile-840-x-420-x-80-mm-lsk-sinine-h0034-h0198-1.jpg\" \/>\n\t<meta property=\"og:image:width\" content=\"1800\" \/>\n\t<meta property=\"og:image:height\" content=\"1800\" \/>\n\t<meta property=\"og:image:type\" content=\"image\/jpeg\" \/>\n<meta name=\"twitter:card\" content=\"summary_large_image\" \/>\n<script type=\"application\/ld+json\" class=\"yoast-schema-graph\">{\"@context\":\"https:\\\/\\\/schema.org\",\"@graph\":[{\"@type\":[\"WebPage\",\"ItemPage\"],\"@id\":\"https:\\\/\\\/storitgroup.com\\\/fi\\\/tuote\\\/laatikko-tyokalukaappiin-840-x-420-x-80mm-sininen\\\/\",\"url\":\"https:\\\/\\\/storitgroup.com\\\/fi\\\/tuote\\\/laatikko-tyokalukaappiin-840-x-420-x-80mm-sininen\\\/\",\"name\":\"Laatikko ty\u00f6kalukaappiin, 840 x 420 x 80mm, sininen &#8226; Storit\",\"isPartOf\":{\"@id\":\"https:\\\/\\\/storitgroup.com\\\/fi\\\/#website\"},\"primaryImageOfPage\":{\"@id\":\"https:\\\/\\\/storitgroup.com\\\/fi\\\/tuote\\\/laatikko-tyokalukaappiin-840-x-420-x-80mm-sininen\\\/#primaryimage\"},\"image\":{\"@id\":\"https:\\\/\\\/storitgroup.com\\\/fi\\\/tuote\\\/laatikko-tyokalukaappiin-840-x-420-x-80mm-sininen\\\/#primaryimage\"},\"thumbnailUrl\":\"https:\\\/\\\/storitgroup.com\\\/uploads\\\/2021\\\/03\\\/sahtel-tooriistakapile-840-x-420-x-80-mm-lsk-sinine-h0034-h0198-1.jpg\",\"datePublished\":\"2021-03-05T13:32:17+00:00\",\"dateModified\":\"2026-04-09T12:11:55+00:00\",\"description\":\"Laatikko ty\u00f6kalukaappiin, 840 x 420 x 80mm, sininen \u2014 kohtuulliseen hintaan. Toimitukset kaikkialle Suomeen! \u261b Tutustu tuotteeseen ja tilaa k\u00e4tev\u00e4sti STORIT-verkkokaupasta!\",\"breadcrumb\":{\"@id\":\"https:\\\/\\\/storitgroup.com\\\/fi\\\/tuote\\\/laatikko-tyokalukaappiin-840-x-420-x-80mm-sininen\\\/#breadcrumb\"},\"inLanguage\":\"fi\",\"potentialAction\":[{\"@type\":\"ReadAction\",\"target\":[\"https:\\\/\\\/storitgroup.com\\\/fi\\\/tuote\\\/laatikko-tyokalukaappiin-840-x-420-x-80mm-sininen\\\/\"]}]},{\"@type\":\"ImageObject\",\"inLanguage\":\"fi\",\"@id\":\"https:\\\/\\\/storitgroup.com\\\/fi\\\/tuote\\\/laatikko-tyokalukaappiin-840-x-420-x-80mm-sininen\\\/#primaryimage\",\"url\":\"https:\\\/\\\/storitgroup.com\\\/uploads\\\/2021\\\/03\\\/sahtel-tooriistakapile-840-x-420-x-80-mm-lsk-sinine-h0034-h0198-1.jpg\",\"contentUrl\":\"https:\\\/\\\/storitgroup.com\\\/uploads\\\/2021\\\/03\\\/sahtel-tooriistakapile-840-x-420-x-80-mm-lsk-sinine-h0034-h0198-1.jpg\",\"width\":1800,\"height\":1800},{\"@type\":\"BreadcrumbList\",\"@id\":\"https:\\\/\\\/storitgroup.com\\\/fi\\\/tuote\\\/laatikko-tyokalukaappiin-840-x-420-x-80mm-sininen\\\/#breadcrumb\",\"itemListElement\":[{\"@type\":\"ListItem\",\"position\":1,\"name\":\"Kotisivu\",\"item\":\"https:\\\/\\\/storitgroup.com\\\/fi\\\/\"},{\"@type\":\"ListItem\",\"position\":2,\"name\":\"Tuotteet\",\"item\":\"https:\\\/\\\/storitgroup.com\\\/fi\\\/tuotteet\\\/\"},{\"@type\":\"ListItem\",\"position\":3,\"name\":\"P\u00f6yd\u00e4t, tuolit, ty\u00f6kaluvarasto\",\"item\":\"https:\\\/\\\/storitgroup.com\\\/fi\\\/poydat-tuolit-tyokaluvarasto\\\/\"},{\"@type\":\"ListItem\",\"position\":4,\"name\":\"Laatikkolokerot\",\"item\":\"https:\\\/\\\/storitgroup.com\\\/fi\\\/poydat-tuolit-tyokaluvarasto\\\/laatikkolokerot\\\/\"},{\"@type\":\"ListItem\",\"position\":5,\"name\":\"Laatikko ty\u00f6kalukaappiin, 840 x 420 x 80mm, sininen\"}]},{\"@type\":\"WebSite\",\"@id\":\"https:\\\/\\\/storitgroup.com\\\/fi\\\/#website\",\"url\":\"https:\\\/\\\/storitgroup.com\\\/fi\\\/\",\"name\":\"Storit\",\"description\":\"\",\"potentialAction\":[{\"@type\":\"SearchAction\",\"target\":{\"@type\":\"EntryPoint\",\"urlTemplate\":\"https:\\\/\\\/storitgroup.com\\\/fi\\\/?s={search_term_string}\"},\"query-input\":{\"@type\":\"PropertyValueSpecification\",\"valueRequired\":true,\"valueName\":\"search_term_string\"}}],\"inLanguage\":\"fi\"}]}<\/script>\n<!-- \/ Yoast SEO plugin. -->","yoast_head_json":{"title":"Laatikko ty\u00f6kalukaappiin, 840 x 420 x 80mm, sininen &#8226; Storit","description":"Laatikko ty\u00f6kalukaappiin, 840 x 420 x 80mm, sininen \u2014 kohtuulliseen hintaan. Toimitukset kaikkialle Suomeen! \u261b Tutustu tuotteeseen ja tilaa k\u00e4tev\u00e4sti STORIT-verkkokaupasta!","robots":{"index":"index","follow":"follow","max-snippet":"max-snippet:-1","max-image-preview":"max-image-preview:large","max-video-preview":"max-video-preview:-1"},"canonical":"https:\/\/storitgroup.com\/fi\/tuote\/laatikko-tyokalukaappiin-840-x-420-x-80mm-sininen\/","og_locale":"fi_FI","og_type":"article","og_title":"Laatikko ty\u00f6kalukaappiin, 840 x 420 x 80mm, sininen &#8226; Storit","og_description":"Laatikko ty\u00f6kalukaappiin, 840 x 420 x 80mm, sininen \u2014 kohtuulliseen hintaan. Toimitukset kaikkialle Suomeen! \u261b Tutustu tuotteeseen ja tilaa k\u00e4tev\u00e4sti STORIT-verkkokaupasta!","og_url":"https:\/\/storitgroup.com\/fi\/tuote\/laatikko-tyokalukaappiin-840-x-420-x-80mm-sininen\/","og_site_name":"Storit","article_modified_time":"2026-04-09T12:11:55+00:00","og_image":[{"width":1800,"height":1800,"url":"https:\/\/storitgroup.com\/uploads\/2021\/03\/sahtel-tooriistakapile-840-x-420-x-80-mm-lsk-sinine-h0034-h0198-1.jpg","type":"image\/jpeg"}],"twitter_card":"summary_large_image","schema":{"@context":"https:\/\/schema.org","@graph":[{"@type":["WebPage","ItemPage"],"@id":"https:\/\/storitgroup.com\/fi\/tuote\/laatikko-tyokalukaappiin-840-x-420-x-80mm-sininen\/","url":"https:\/\/storitgroup.com\/fi\/tuote\/laatikko-tyokalukaappiin-840-x-420-x-80mm-sininen\/","name":"Laatikko ty\u00f6kalukaappiin, 840 x 420 x 80mm, sininen &#8226; Storit","isPartOf":{"@id":"https:\/\/storitgroup.com\/fi\/#website"},"primaryImageOfPage":{"@id":"https:\/\/storitgroup.com\/fi\/tuote\/laatikko-tyokalukaappiin-840-x-420-x-80mm-sininen\/#primaryimage"},"image":{"@id":"https:\/\/storitgroup.com\/fi\/tuote\/laatikko-tyokalukaappiin-840-x-420-x-80mm-sininen\/#primaryimage"},"thumbnailUrl":"https:\/\/storitgroup.com\/uploads\/2021\/03\/sahtel-tooriistakapile-840-x-420-x-80-mm-lsk-sinine-h0034-h0198-1.jpg","datePublished":"2021-03-05T13:32:17+00:00","dateModified":"2026-04-09T12:11:55+00:00","description":"Laatikko ty\u00f6kalukaappiin, 840 x 420 x 80mm, sininen \u2014 kohtuulliseen hintaan. Toimitukset kaikkialle Suomeen! \u261b Tutustu tuotteeseen ja tilaa k\u00e4tev\u00e4sti STORIT-verkkokaupasta!","breadcrumb":{"@id":"https:\/\/storitgroup.com\/fi\/tuote\/laatikko-tyokalukaappiin-840-x-420-x-80mm-sininen\/#breadcrumb"},"inLanguage":"fi","potentialAction":[{"@type":"ReadAction","target":["https:\/\/storitgroup.com\/fi\/tuote\/laatikko-tyokalukaappiin-840-x-420-x-80mm-sininen\/"]}]},{"@type":"ImageObject","inLanguage":"fi","@id":"https:\/\/storitgroup.com\/fi\/tuote\/laatikko-tyokalukaappiin-840-x-420-x-80mm-sininen\/#primaryimage","url":"https:\/\/storitgroup.com\/uploads\/2021\/03\/sahtel-tooriistakapile-840-x-420-x-80-mm-lsk-sinine-h0034-h0198-1.jpg","contentUrl":"https:\/\/storitgroup.com\/uploads\/2021\/03\/sahtel-tooriistakapile-840-x-420-x-80-mm-lsk-sinine-h0034-h0198-1.jpg","width":1800,"height":1800},{"@type":"BreadcrumbList","@id":"https:\/\/storitgroup.com\/fi\/tuote\/laatikko-tyokalukaappiin-840-x-420-x-80mm-sininen\/#breadcrumb","itemListElement":[{"@type":"ListItem","position":1,"name":"Kotisivu","item":"https:\/\/storitgroup.com\/fi\/"},{"@type":"ListItem","position":2,"name":"Tuotteet","item":"https:\/\/storitgroup.com\/fi\/tuotteet\/"},{"@type":"ListItem","position":3,"name":"P\u00f6yd\u00e4t, tuolit, ty\u00f6kaluvarasto","item":"https:\/\/storitgroup.com\/fi\/poydat-tuolit-tyokaluvarasto\/"},{"@type":"ListItem","position":4,"name":"Laatikkolokerot","item":"https:\/\/storitgroup.com\/fi\/poydat-tuolit-tyokaluvarasto\/laatikkolokerot\/"},{"@type":"ListItem","position":5,"name":"Laatikko ty\u00f6kalukaappiin, 840 x 420 x 80mm, sininen"}]},{"@type":"WebSite","@id":"https:\/\/storitgroup.com\/fi\/#website","url":"https:\/\/storitgroup.com\/fi\/","name":"Storit","description":"","potentialAction":[{"@type":"SearchAction","target":{"@type":"EntryPoint","urlTemplate":"https:\/\/storitgroup.com\/fi\/?s={search_term_string}"},"query-input":{"@type":"PropertyValueSpecification","valueRequired":true,"valueName":"search_term_string"}}],"inLanguage":"fi"}]}},"_links":{"self":[{"href":"https:\/\/storitgroup.com\/fi\/wp-json\/wp\/v2\/product\/14396","targetHints":{"allow":["GET"]}}],"collection":[{"href":"https:\/\/storitgroup.com\/fi\/wp-json\/wp\/v2\/product"}],"about":[{"href":"https:\/\/storitgroup.com\/fi\/wp-json\/wp\/v2\/types\/product"}],"wp:featuredmedia":[{"embeddable":true,"href":"https:\/\/storitgroup.com\/fi\/wp-json\/wp\/v2\/media\/22150"}],"wp:attachment":[{"href":"https:\/\/storitgroup.com\/fi\/wp-json\/wp\/v2\/media?parent=14396"}],"wp:term":[{"taxonomy":"product_brand","embeddable":true,"href":"https:\/\/storitgroup.com\/fi\/wp-json\/wp\/v2\/product_brand?post=14396"},{"taxonomy":"product_cat","embeddable":true,"href":"https:\/\/storitgroup.com\/fi\/wp-json\/wp\/v2\/product_cat?post=14396"},{"taxonomy":"product_tag","embeddable":true,"href":"https:\/\/storitgroup.com\/fi\/wp-json\/wp\/v2\/product_tag?post=14396"}],"curies":[{"name":"wp","href":"https:\/\/api.w.org\/{rel}","templated":true}]}}