{"id":14364,"date":"2021-03-05T13:32:02","date_gmt":"2021-03-05T13:32:02","guid":{"rendered":"https:\/\/storitgroup.com\/?post_type=product&#038;p=14364"},"modified":"2026-04-03T12:21:00","modified_gmt":"2026-04-03T09:21:00","slug":"puolikoukku-100-x-80mm","status":"publish","type":"product","link":"https:\/\/storitgroup.com\/fi\/tuote\/puolikoukku-100-x-80mm\/","title":{"rendered":"Puolikoukku 100 x 80mm"},"content":{"rendered":"<p>V0075  mitat: 100 x 80 mm (pl)<br \/>  1\u00a0kpl\/pakkaus<br \/>  galvanoitua ter\u00e4st\u00e4, helppo kiinnitt\u00e4\u00e4 reik\u00e4levyihin.  NB!\u00a0Kannattimet sopivat reik\u00e4levylle, joss\u00e4 rei\u00e4t\u00a09 x 9\u00a0mm,\u00a038\u00a0mm v\u00e4lein.<\/p>\n","protected":false},"excerpt":{"rendered":"<p>V0075  mitat: 100 x 80 mm (pl)<br \/>\n  1\u00a0kpl\/pakkaus<br \/>\n  galvanoitua ter\u00e4st\u00e4, helppo kiinnitt\u00e4\u00e4 reik\u00e4levyihin.  NB!\u00a0Kannattimet sopivat reik\u00e4levylle, joss\u00e4 rei\u00e4t\u00a09 x 9\u00a0mm,\u00a038\u00a0mm v\u00e4lein.<\/p>\n","protected":false},"featured_media":22087,"template":"","meta":{"_acf_changed":false},"product_brand":[],"product_cat":[7248],"product_tag":[],"class_list":{"0":"post-14364","1":"product","2":"type-product","3":"status-publish","4":"has-post-thumbnail","6":"product_room-tyopaja-ja-autotalli","7":"product_room-kaupankaynti-ja-myymalat","8":"product_room-pieni-varasto","9":"product_room-teollisuus-ja-tuotanto-ergonomiset-tyopaikat-tyokaluvarasto","10":"product_room-kotiratkaisut","11":"product_cat-reikalevyt-intra","13":"first","14":"instock","15":"taxable","16":"shipping-taxable","17":"purchasable","18":"product-type-simple"},"acf":[],"yoast_head":"<!-- This site is optimized with the Yoast SEO plugin v27.2 - https:\/\/yoast.com\/product\/yoast-seo-wordpress\/ -->\n<title>Puolikoukku 100 x 80mm &#8226; Storit<\/title>\n<meta name=\"description\" content=\"Puolikoukku 100 x 80mm \u2014 kohtuulliseen hintaan. Toimitukset kaikkialle Suomeen! \u261b Tutustu tuotteeseen ja tilaa k\u00e4tev\u00e4sti STORIT-verkkokaupasta!\" \/>\n<meta name=\"robots\" content=\"index, follow, max-snippet:-1, max-image-preview:large, max-video-preview:-1\" \/>\n<link rel=\"canonical\" href=\"https:\/\/storitgroup.com\/fi\/tuote\/puolikoukku-100-x-80mm\/\" \/>\n<meta property=\"og:locale\" content=\"fi_FI\" \/>\n<meta property=\"og:type\" content=\"article\" \/>\n<meta property=\"og:title\" content=\"Puolikoukku 100 x 80mm &#8226; Storit\" \/>\n<meta property=\"og:description\" content=\"Puolikoukku 100 x 80mm \u2014 kohtuulliseen hintaan. Toimitukset kaikkialle Suomeen! \u261b Tutustu tuotteeseen ja tilaa k\u00e4tev\u00e4sti STORIT-verkkokaupasta!\" \/>\n<meta property=\"og:url\" content=\"https:\/\/storitgroup.com\/fi\/tuote\/puolikoukku-100-x-80mm\/\" \/>\n<meta property=\"og:site_name\" content=\"Storit\" \/>\n<meta property=\"article:modified_time\" content=\"2026-04-03T09:21:00+00:00\" \/>\n<meta property=\"og:image\" content=\"https:\/\/storitgroup.com\/uploads\/2021\/03\/v0075-poolikonks-perfoseinale-100-x-80-mm-1.jpg\" \/>\n\t<meta property=\"og:image:width\" content=\"1200\" \/>\n\t<meta property=\"og:image:height\" content=\"1200\" \/>\n\t<meta property=\"og:image:type\" content=\"image\/jpeg\" \/>\n<meta name=\"twitter:card\" content=\"summary_large_image\" \/>\n<script type=\"application\/ld+json\" class=\"yoast-schema-graph\">{\"@context\":\"https:\/\/schema.org\",\"@graph\":[{\"@type\":[\"WebPage\",\"ItemPage\"],\"@id\":\"https:\/\/storitgroup.com\/fi\/tuote\/puolikoukku-100-x-80mm\/\",\"url\":\"https:\/\/storitgroup.com\/fi\/tuote\/puolikoukku-100-x-80mm\/\",\"name\":\"Puolikoukku 100 x 80mm &#8226; Storit\",\"isPartOf\":{\"@id\":\"https:\/\/storitgroup.com\/fi\/#website\"},\"primaryImageOfPage\":{\"@id\":\"https:\/\/storitgroup.com\/fi\/tuote\/puolikoukku-100-x-80mm\/#primaryimage\"},\"image\":{\"@id\":\"https:\/\/storitgroup.com\/fi\/tuote\/puolikoukku-100-x-80mm\/#primaryimage\"},\"thumbnailUrl\":\"https:\/\/storitgroup.com\/uploads\/2021\/03\/v0075-poolikonks-perfoseinale-100-x-80-mm-1.jpg\",\"datePublished\":\"2021-03-05T13:32:02+00:00\",\"dateModified\":\"2026-04-03T09:21:00+00:00\",\"description\":\"Puolikoukku 100 x 80mm \u2014 kohtuulliseen hintaan. Toimitukset kaikkialle Suomeen! \u261b Tutustu tuotteeseen ja tilaa k\u00e4tev\u00e4sti STORIT-verkkokaupasta!\",\"breadcrumb\":{\"@id\":\"https:\/\/storitgroup.com\/fi\/tuote\/puolikoukku-100-x-80mm\/#breadcrumb\"},\"inLanguage\":\"fi\",\"potentialAction\":[{\"@type\":\"ReadAction\",\"target\":[\"https:\/\/storitgroup.com\/fi\/tuote\/puolikoukku-100-x-80mm\/\"]}]},{\"@type\":\"ImageObject\",\"inLanguage\":\"fi\",\"@id\":\"https:\/\/storitgroup.com\/fi\/tuote\/puolikoukku-100-x-80mm\/#primaryimage\",\"url\":\"https:\/\/storitgroup.com\/uploads\/2021\/03\/v0075-poolikonks-perfoseinale-100-x-80-mm-1.jpg\",\"contentUrl\":\"https:\/\/storitgroup.com\/uploads\/2021\/03\/v0075-poolikonks-perfoseinale-100-x-80-mm-1.jpg\",\"width\":1200,\"height\":1200},{\"@type\":\"BreadcrumbList\",\"@id\":\"https:\/\/storitgroup.com\/fi\/tuote\/puolikoukku-100-x-80mm\/#breadcrumb\",\"itemListElement\":[{\"@type\":\"ListItem\",\"position\":1,\"name\":\"Kotisivu\",\"item\":\"https:\/\/storitgroup.com\/fi\/\"},{\"@type\":\"ListItem\",\"position\":2,\"name\":\"Tuotteet\",\"item\":\"https:\/\/storitgroup.com\/fi\/tuotteet\/\"},{\"@type\":\"ListItem\",\"position\":3,\"name\":\"P\u00f6yd\u00e4t, tuolit, ty\u00f6kaluvarasto\",\"item\":\"https:\/\/storitgroup.com\/fi\/poydat-tuolit-tyokaluvarasto\/\"},{\"@type\":\"ListItem\",\"position\":4,\"name\":\"Reik\u00e4levyt, reik\u00e4levyyn tarvikkeet\",\"item\":\"https:\/\/storitgroup.com\/fi\/poydat-tuolit-tyokaluvarasto\/reikalevyt-reikalevyyn-tarvikkeet\/\"},{\"@type\":\"ListItem\",\"position\":5,\"name\":\"Reik\u00e4levyt: INTRA\",\"item\":\"https:\/\/storitgroup.com\/fi\/poydat-tuolit-tyokaluvarasto\/reikalevyt-reikalevyyn-tarvikkeet\/reikalevyt-intra\/\"},{\"@type\":\"ListItem\",\"position\":6,\"name\":\"Puolikoukku 100 x 80mm\"}]},{\"@type\":\"WebSite\",\"@id\":\"https:\/\/storitgroup.com\/fi\/#website\",\"url\":\"https:\/\/storitgroup.com\/fi\/\",\"name\":\"Storit\",\"description\":\"\",\"potentialAction\":[{\"@type\":\"SearchAction\",\"target\":{\"@type\":\"EntryPoint\",\"urlTemplate\":\"https:\/\/storitgroup.com\/fi\/?s={search_term_string}\"},\"query-input\":{\"@type\":\"PropertyValueSpecification\",\"valueRequired\":true,\"valueName\":\"search_term_string\"}}],\"inLanguage\":\"fi\"}]}<\/script>\n<!-- \/ Yoast SEO plugin. -->","yoast_head_json":{"title":"Puolikoukku 100 x 80mm &#8226; Storit","description":"Puolikoukku 100 x 80mm \u2014 kohtuulliseen hintaan. Toimitukset kaikkialle Suomeen! \u261b Tutustu tuotteeseen ja tilaa k\u00e4tev\u00e4sti STORIT-verkkokaupasta!","robots":{"index":"index","follow":"follow","max-snippet":"max-snippet:-1","max-image-preview":"max-image-preview:large","max-video-preview":"max-video-preview:-1"},"canonical":"https:\/\/storitgroup.com\/fi\/tuote\/puolikoukku-100-x-80mm\/","og_locale":"fi_FI","og_type":"article","og_title":"Puolikoukku 100 x 80mm &#8226; Storit","og_description":"Puolikoukku 100 x 80mm \u2014 kohtuulliseen hintaan. Toimitukset kaikkialle Suomeen! \u261b Tutustu tuotteeseen ja tilaa k\u00e4tev\u00e4sti STORIT-verkkokaupasta!","og_url":"https:\/\/storitgroup.com\/fi\/tuote\/puolikoukku-100-x-80mm\/","og_site_name":"Storit","article_modified_time":"2026-04-03T09:21:00+00:00","og_image":[{"width":1200,"height":1200,"url":"https:\/\/storitgroup.com\/uploads\/2021\/03\/v0075-poolikonks-perfoseinale-100-x-80-mm-1.jpg","type":"image\/jpeg"}],"twitter_card":"summary_large_image","schema":{"@context":"https:\/\/schema.org","@graph":[{"@type":["WebPage","ItemPage"],"@id":"https:\/\/storitgroup.com\/fi\/tuote\/puolikoukku-100-x-80mm\/","url":"https:\/\/storitgroup.com\/fi\/tuote\/puolikoukku-100-x-80mm\/","name":"Puolikoukku 100 x 80mm &#8226; Storit","isPartOf":{"@id":"https:\/\/storitgroup.com\/fi\/#website"},"primaryImageOfPage":{"@id":"https:\/\/storitgroup.com\/fi\/tuote\/puolikoukku-100-x-80mm\/#primaryimage"},"image":{"@id":"https:\/\/storitgroup.com\/fi\/tuote\/puolikoukku-100-x-80mm\/#primaryimage"},"thumbnailUrl":"https:\/\/storitgroup.com\/uploads\/2021\/03\/v0075-poolikonks-perfoseinale-100-x-80-mm-1.jpg","datePublished":"2021-03-05T13:32:02+00:00","dateModified":"2026-04-03T09:21:00+00:00","description":"Puolikoukku 100 x 80mm \u2014 kohtuulliseen hintaan. Toimitukset kaikkialle Suomeen! \u261b Tutustu tuotteeseen ja tilaa k\u00e4tev\u00e4sti STORIT-verkkokaupasta!","breadcrumb":{"@id":"https:\/\/storitgroup.com\/fi\/tuote\/puolikoukku-100-x-80mm\/#breadcrumb"},"inLanguage":"fi","potentialAction":[{"@type":"ReadAction","target":["https:\/\/storitgroup.com\/fi\/tuote\/puolikoukku-100-x-80mm\/"]}]},{"@type":"ImageObject","inLanguage":"fi","@id":"https:\/\/storitgroup.com\/fi\/tuote\/puolikoukku-100-x-80mm\/#primaryimage","url":"https:\/\/storitgroup.com\/uploads\/2021\/03\/v0075-poolikonks-perfoseinale-100-x-80-mm-1.jpg","contentUrl":"https:\/\/storitgroup.com\/uploads\/2021\/03\/v0075-poolikonks-perfoseinale-100-x-80-mm-1.jpg","width":1200,"height":1200},{"@type":"BreadcrumbList","@id":"https:\/\/storitgroup.com\/fi\/tuote\/puolikoukku-100-x-80mm\/#breadcrumb","itemListElement":[{"@type":"ListItem","position":1,"name":"Kotisivu","item":"https:\/\/storitgroup.com\/fi\/"},{"@type":"ListItem","position":2,"name":"Tuotteet","item":"https:\/\/storitgroup.com\/fi\/tuotteet\/"},{"@type":"ListItem","position":3,"name":"P\u00f6yd\u00e4t, tuolit, ty\u00f6kaluvarasto","item":"https:\/\/storitgroup.com\/fi\/poydat-tuolit-tyokaluvarasto\/"},{"@type":"ListItem","position":4,"name":"Reik\u00e4levyt, reik\u00e4levyyn tarvikkeet","item":"https:\/\/storitgroup.com\/fi\/poydat-tuolit-tyokaluvarasto\/reikalevyt-reikalevyyn-tarvikkeet\/"},{"@type":"ListItem","position":5,"name":"Reik\u00e4levyt: INTRA","item":"https:\/\/storitgroup.com\/fi\/poydat-tuolit-tyokaluvarasto\/reikalevyt-reikalevyyn-tarvikkeet\/reikalevyt-intra\/"},{"@type":"ListItem","position":6,"name":"Puolikoukku 100 x 80mm"}]},{"@type":"WebSite","@id":"https:\/\/storitgroup.com\/fi\/#website","url":"https:\/\/storitgroup.com\/fi\/","name":"Storit","description":"","potentialAction":[{"@type":"SearchAction","target":{"@type":"EntryPoint","urlTemplate":"https:\/\/storitgroup.com\/fi\/?s={search_term_string}"},"query-input":{"@type":"PropertyValueSpecification","valueRequired":true,"valueName":"search_term_string"}}],"inLanguage":"fi"}]}},"_links":{"self":[{"href":"https:\/\/storitgroup.com\/fi\/wp-json\/wp\/v2\/product\/14364","targetHints":{"allow":["GET"]}}],"collection":[{"href":"https:\/\/storitgroup.com\/fi\/wp-json\/wp\/v2\/product"}],"about":[{"href":"https:\/\/storitgroup.com\/fi\/wp-json\/wp\/v2\/types\/product"}],"wp:featuredmedia":[{"embeddable":true,"href":"https:\/\/storitgroup.com\/fi\/wp-json\/wp\/v2\/media\/22087"}],"wp:attachment":[{"href":"https:\/\/storitgroup.com\/fi\/wp-json\/wp\/v2\/media?parent=14364"}],"wp:term":[{"taxonomy":"product_brand","embeddable":true,"href":"https:\/\/storitgroup.com\/fi\/wp-json\/wp\/v2\/product_brand?post=14364"},{"taxonomy":"product_cat","embeddable":true,"href":"https:\/\/storitgroup.com\/fi\/wp-json\/wp\/v2\/product_cat?post=14364"},{"taxonomy":"product_tag","embeddable":true,"href":"https:\/\/storitgroup.com\/fi\/wp-json\/wp\/v2\/product_tag?post=14364"}],"curies":[{"name":"wp","href":"https:\/\/api.w.org\/{rel}","templated":true}]}}