{"id":14340,"date":"2021-03-05T13:31:42","date_gmt":"2021-03-05T13:31:42","guid":{"rendered":"https:\/\/storitgroup.com\/?post_type=product&#038;p=14340"},"modified":"2026-04-03T21:20:44","modified_gmt":"2026-04-03T18:20:44","slug":"ottolaatikot-5-kpl-kiskoilla","status":"publish","type":"product","link":"https:\/\/storitgroup.com\/fi\/tuote\/ottolaatikot-5-kpl-kiskoilla\/","title":{"rendered":"Ottolaatikot (5 kpl) kiskoilla"},"content":{"rendered":"<p>V0063  pidikkeen pituus: 555 mm<br \/>  laatikon pidike sis. 5 laatikkoa, laatikon leveys 125 mm  NB!\u00a0Kannattimet sopivat reik\u00e4levylle, joss\u00e4 rei\u00e4t\u00a09 x 9\u00a0mm,\u00a038\u00a0mm v\u00e4lein.<\/p>\n","protected":false},"excerpt":{"rendered":"<p>V0063  pidikkeen pituus: 555 mm<br \/>\n  laatikon pidike sis. 5 laatikkoa, laatikon leveys 125 mm  NB!\u00a0Kannattimet sopivat reik\u00e4levylle, joss\u00e4 rei\u00e4t\u00a09 x 9\u00a0mm,\u00a038\u00a0mm v\u00e4lein.<\/p>\n","protected":false},"featured_media":22009,"template":"","meta":{"_acf_changed":false},"product_brand":[],"product_cat":[7248],"product_tag":[],"class_list":{"0":"post-14340","1":"product","2":"type-product","3":"status-publish","4":"has-post-thumbnail","6":"product_room-tyopaja-ja-autotalli","7":"product_room-kaupankaynti-ja-myymalat","8":"product_room-pieni-varasto","9":"product_room-teollisuus-ja-tuotanto-ergonomiset-tyopaikat-tyokaluvarasto","10":"product_room-kotiratkaisut","11":"product_cat-reikalevyt-intra","13":"first","14":"instock","15":"taxable","16":"shipping-taxable","17":"purchasable","18":"product-type-simple"},"acf":[],"yoast_head":"<!-- This site is optimized with the Yoast SEO plugin v27.2 - https:\/\/yoast.com\/product\/yoast-seo-wordpress\/ -->\n<title>Ottolaatikot (5 kpl) kiskoilla &#8226; Storit<\/title>\n<meta name=\"description\" content=\"Ottolaatikot (5 kpl) kiskoilla \u2014 kohtuulliseen hintaan. Toimitukset kaikkialle Suomeen! \u261b Tutustu tuotteeseen ja tilaa k\u00e4tev\u00e4sti STORIT-verkkokaupasta!\" \/>\n<meta name=\"robots\" content=\"index, follow, max-snippet:-1, max-image-preview:large, max-video-preview:-1\" \/>\n<link rel=\"canonical\" href=\"https:\/\/storitgroup.com\/fi\/tuote\/ottolaatikot-5-kpl-kiskoilla\/\" \/>\n<meta property=\"og:locale\" content=\"fi_FI\" \/>\n<meta property=\"og:type\" content=\"article\" \/>\n<meta property=\"og:title\" content=\"Ottolaatikot (5 kpl) kiskoilla &#8226; Storit\" \/>\n<meta property=\"og:description\" content=\"Ottolaatikot (5 kpl) kiskoilla \u2014 kohtuulliseen hintaan. Toimitukset kaikkialle Suomeen! \u261b Tutustu tuotteeseen ja tilaa k\u00e4tev\u00e4sti STORIT-verkkokaupasta!\" \/>\n<meta property=\"og:url\" content=\"https:\/\/storitgroup.com\/fi\/tuote\/ottolaatikot-5-kpl-kiskoilla\/\" \/>\n<meta property=\"og:site_name\" content=\"Storit\" \/>\n<meta property=\"article:modified_time\" content=\"2026-04-03T18:20:44+00:00\" \/>\n<meta property=\"og:image\" content=\"https:\/\/storitgroup.com\/uploads\/2021\/03\/v0063-stendikarbid-5-tk-koos-karbirelsiga-1.jpg\" \/>\n\t<meta property=\"og:image:width\" content=\"1148\" \/>\n\t<meta property=\"og:image:height\" content=\"1148\" \/>\n\t<meta property=\"og:image:type\" content=\"image\/jpeg\" \/>\n<meta name=\"twitter:card\" content=\"summary_large_image\" \/>\n<script type=\"application\/ld+json\" class=\"yoast-schema-graph\">{\"@context\":\"https:\/\/schema.org\",\"@graph\":[{\"@type\":[\"WebPage\",\"ItemPage\"],\"@id\":\"https:\/\/storitgroup.com\/fi\/tuote\/ottolaatikot-5-kpl-kiskoilla\/\",\"url\":\"https:\/\/storitgroup.com\/fi\/tuote\/ottolaatikot-5-kpl-kiskoilla\/\",\"name\":\"Ottolaatikot (5 kpl) kiskoilla &#8226; Storit\",\"isPartOf\":{\"@id\":\"https:\/\/storitgroup.com\/fi\/#website\"},\"primaryImageOfPage\":{\"@id\":\"https:\/\/storitgroup.com\/fi\/tuote\/ottolaatikot-5-kpl-kiskoilla\/#primaryimage\"},\"image\":{\"@id\":\"https:\/\/storitgroup.com\/fi\/tuote\/ottolaatikot-5-kpl-kiskoilla\/#primaryimage\"},\"thumbnailUrl\":\"https:\/\/storitgroup.com\/uploads\/2021\/03\/v0063-stendikarbid-5-tk-koos-karbirelsiga-1.jpg\",\"datePublished\":\"2021-03-05T13:31:42+00:00\",\"dateModified\":\"2026-04-03T18:20:44+00:00\",\"description\":\"Ottolaatikot (5 kpl) kiskoilla \u2014 kohtuulliseen hintaan. Toimitukset kaikkialle Suomeen! \u261b Tutustu tuotteeseen ja tilaa k\u00e4tev\u00e4sti STORIT-verkkokaupasta!\",\"breadcrumb\":{\"@id\":\"https:\/\/storitgroup.com\/fi\/tuote\/ottolaatikot-5-kpl-kiskoilla\/#breadcrumb\"},\"inLanguage\":\"fi\",\"potentialAction\":[{\"@type\":\"ReadAction\",\"target\":[\"https:\/\/storitgroup.com\/fi\/tuote\/ottolaatikot-5-kpl-kiskoilla\/\"]}]},{\"@type\":\"ImageObject\",\"inLanguage\":\"fi\",\"@id\":\"https:\/\/storitgroup.com\/fi\/tuote\/ottolaatikot-5-kpl-kiskoilla\/#primaryimage\",\"url\":\"https:\/\/storitgroup.com\/uploads\/2021\/03\/v0063-stendikarbid-5-tk-koos-karbirelsiga-1.jpg\",\"contentUrl\":\"https:\/\/storitgroup.com\/uploads\/2021\/03\/v0063-stendikarbid-5-tk-koos-karbirelsiga-1.jpg\",\"width\":1148,\"height\":1148},{\"@type\":\"BreadcrumbList\",\"@id\":\"https:\/\/storitgroup.com\/fi\/tuote\/ottolaatikot-5-kpl-kiskoilla\/#breadcrumb\",\"itemListElement\":[{\"@type\":\"ListItem\",\"position\":1,\"name\":\"Kotisivu\",\"item\":\"https:\/\/storitgroup.com\/fi\/\"},{\"@type\":\"ListItem\",\"position\":2,\"name\":\"Tuotteet\",\"item\":\"https:\/\/storitgroup.com\/fi\/tuotteet\/\"},{\"@type\":\"ListItem\",\"position\":3,\"name\":\"P\u00f6yd\u00e4t, tuolit, ty\u00f6kaluvarasto\",\"item\":\"https:\/\/storitgroup.com\/fi\/poydat-tuolit-tyokaluvarasto\/\"},{\"@type\":\"ListItem\",\"position\":4,\"name\":\"Reik\u00e4levyt, reik\u00e4levyyn tarvikkeet\",\"item\":\"https:\/\/storitgroup.com\/fi\/poydat-tuolit-tyokaluvarasto\/reikalevyt-reikalevyyn-tarvikkeet\/\"},{\"@type\":\"ListItem\",\"position\":5,\"name\":\"Reik\u00e4levyt: INTRA\",\"item\":\"https:\/\/storitgroup.com\/fi\/poydat-tuolit-tyokaluvarasto\/reikalevyt-reikalevyyn-tarvikkeet\/reikalevyt-intra\/\"},{\"@type\":\"ListItem\",\"position\":6,\"name\":\"Ottolaatikot (5 kpl) kiskoilla\"}]},{\"@type\":\"WebSite\",\"@id\":\"https:\/\/storitgroup.com\/fi\/#website\",\"url\":\"https:\/\/storitgroup.com\/fi\/\",\"name\":\"Storit\",\"description\":\"\",\"potentialAction\":[{\"@type\":\"SearchAction\",\"target\":{\"@type\":\"EntryPoint\",\"urlTemplate\":\"https:\/\/storitgroup.com\/fi\/?s={search_term_string}\"},\"query-input\":{\"@type\":\"PropertyValueSpecification\",\"valueRequired\":true,\"valueName\":\"search_term_string\"}}],\"inLanguage\":\"fi\"}]}<\/script>\n<!-- \/ Yoast SEO plugin. -->","yoast_head_json":{"title":"Ottolaatikot (5 kpl) kiskoilla &#8226; Storit","description":"Ottolaatikot (5 kpl) kiskoilla \u2014 kohtuulliseen hintaan. Toimitukset kaikkialle Suomeen! \u261b Tutustu tuotteeseen ja tilaa k\u00e4tev\u00e4sti STORIT-verkkokaupasta!","robots":{"index":"index","follow":"follow","max-snippet":"max-snippet:-1","max-image-preview":"max-image-preview:large","max-video-preview":"max-video-preview:-1"},"canonical":"https:\/\/storitgroup.com\/fi\/tuote\/ottolaatikot-5-kpl-kiskoilla\/","og_locale":"fi_FI","og_type":"article","og_title":"Ottolaatikot (5 kpl) kiskoilla &#8226; Storit","og_description":"Ottolaatikot (5 kpl) kiskoilla \u2014 kohtuulliseen hintaan. Toimitukset kaikkialle Suomeen! \u261b Tutustu tuotteeseen ja tilaa k\u00e4tev\u00e4sti STORIT-verkkokaupasta!","og_url":"https:\/\/storitgroup.com\/fi\/tuote\/ottolaatikot-5-kpl-kiskoilla\/","og_site_name":"Storit","article_modified_time":"2026-04-03T18:20:44+00:00","og_image":[{"width":1148,"height":1148,"url":"https:\/\/storitgroup.com\/uploads\/2021\/03\/v0063-stendikarbid-5-tk-koos-karbirelsiga-1.jpg","type":"image\/jpeg"}],"twitter_card":"summary_large_image","schema":{"@context":"https:\/\/schema.org","@graph":[{"@type":["WebPage","ItemPage"],"@id":"https:\/\/storitgroup.com\/fi\/tuote\/ottolaatikot-5-kpl-kiskoilla\/","url":"https:\/\/storitgroup.com\/fi\/tuote\/ottolaatikot-5-kpl-kiskoilla\/","name":"Ottolaatikot (5 kpl) kiskoilla &#8226; Storit","isPartOf":{"@id":"https:\/\/storitgroup.com\/fi\/#website"},"primaryImageOfPage":{"@id":"https:\/\/storitgroup.com\/fi\/tuote\/ottolaatikot-5-kpl-kiskoilla\/#primaryimage"},"image":{"@id":"https:\/\/storitgroup.com\/fi\/tuote\/ottolaatikot-5-kpl-kiskoilla\/#primaryimage"},"thumbnailUrl":"https:\/\/storitgroup.com\/uploads\/2021\/03\/v0063-stendikarbid-5-tk-koos-karbirelsiga-1.jpg","datePublished":"2021-03-05T13:31:42+00:00","dateModified":"2026-04-03T18:20:44+00:00","description":"Ottolaatikot (5 kpl) kiskoilla \u2014 kohtuulliseen hintaan. Toimitukset kaikkialle Suomeen! \u261b Tutustu tuotteeseen ja tilaa k\u00e4tev\u00e4sti STORIT-verkkokaupasta!","breadcrumb":{"@id":"https:\/\/storitgroup.com\/fi\/tuote\/ottolaatikot-5-kpl-kiskoilla\/#breadcrumb"},"inLanguage":"fi","potentialAction":[{"@type":"ReadAction","target":["https:\/\/storitgroup.com\/fi\/tuote\/ottolaatikot-5-kpl-kiskoilla\/"]}]},{"@type":"ImageObject","inLanguage":"fi","@id":"https:\/\/storitgroup.com\/fi\/tuote\/ottolaatikot-5-kpl-kiskoilla\/#primaryimage","url":"https:\/\/storitgroup.com\/uploads\/2021\/03\/v0063-stendikarbid-5-tk-koos-karbirelsiga-1.jpg","contentUrl":"https:\/\/storitgroup.com\/uploads\/2021\/03\/v0063-stendikarbid-5-tk-koos-karbirelsiga-1.jpg","width":1148,"height":1148},{"@type":"BreadcrumbList","@id":"https:\/\/storitgroup.com\/fi\/tuote\/ottolaatikot-5-kpl-kiskoilla\/#breadcrumb","itemListElement":[{"@type":"ListItem","position":1,"name":"Kotisivu","item":"https:\/\/storitgroup.com\/fi\/"},{"@type":"ListItem","position":2,"name":"Tuotteet","item":"https:\/\/storitgroup.com\/fi\/tuotteet\/"},{"@type":"ListItem","position":3,"name":"P\u00f6yd\u00e4t, tuolit, ty\u00f6kaluvarasto","item":"https:\/\/storitgroup.com\/fi\/poydat-tuolit-tyokaluvarasto\/"},{"@type":"ListItem","position":4,"name":"Reik\u00e4levyt, reik\u00e4levyyn tarvikkeet","item":"https:\/\/storitgroup.com\/fi\/poydat-tuolit-tyokaluvarasto\/reikalevyt-reikalevyyn-tarvikkeet\/"},{"@type":"ListItem","position":5,"name":"Reik\u00e4levyt: INTRA","item":"https:\/\/storitgroup.com\/fi\/poydat-tuolit-tyokaluvarasto\/reikalevyt-reikalevyyn-tarvikkeet\/reikalevyt-intra\/"},{"@type":"ListItem","position":6,"name":"Ottolaatikot (5 kpl) kiskoilla"}]},{"@type":"WebSite","@id":"https:\/\/storitgroup.com\/fi\/#website","url":"https:\/\/storitgroup.com\/fi\/","name":"Storit","description":"","potentialAction":[{"@type":"SearchAction","target":{"@type":"EntryPoint","urlTemplate":"https:\/\/storitgroup.com\/fi\/?s={search_term_string}"},"query-input":{"@type":"PropertyValueSpecification","valueRequired":true,"valueName":"search_term_string"}}],"inLanguage":"fi"}]}},"_links":{"self":[{"href":"https:\/\/storitgroup.com\/fi\/wp-json\/wp\/v2\/product\/14340","targetHints":{"allow":["GET"]}}],"collection":[{"href":"https:\/\/storitgroup.com\/fi\/wp-json\/wp\/v2\/product"}],"about":[{"href":"https:\/\/storitgroup.com\/fi\/wp-json\/wp\/v2\/types\/product"}],"wp:featuredmedia":[{"embeddable":true,"href":"https:\/\/storitgroup.com\/fi\/wp-json\/wp\/v2\/media\/22009"}],"wp:attachment":[{"href":"https:\/\/storitgroup.com\/fi\/wp-json\/wp\/v2\/media?parent=14340"}],"wp:term":[{"taxonomy":"product_brand","embeddable":true,"href":"https:\/\/storitgroup.com\/fi\/wp-json\/wp\/v2\/product_brand?post=14340"},{"taxonomy":"product_cat","embeddable":true,"href":"https:\/\/storitgroup.com\/fi\/wp-json\/wp\/v2\/product_cat?post=14340"},{"taxonomy":"product_tag","embeddable":true,"href":"https:\/\/storitgroup.com\/fi\/wp-json\/wp\/v2\/product_tag?post=14340"}],"curies":[{"name":"wp","href":"https:\/\/api.w.org\/{rel}","templated":true}]}}