{"id":14276,"date":"2021-03-05T13:31:00","date_gmt":"2021-03-05T13:31:00","guid":{"rendered":"https:\/\/storitgroup.com\/?post_type=product&#038;p=14276"},"modified":"2026-04-03T21:20:12","modified_gmt":"2026-04-03T18:20:12","slug":"pakkauskoukku-170-x-29-x-o-5mm","status":"publish","type":"product","link":"https:\/\/storitgroup.com\/fi\/tuote\/pakkauskoukku-170-x-29-x-o-5mm\/","title":{"rendered":"Pakkauskoukku 170 x 29 x \u00d8 5mm"},"content":{"rendered":"<p>V0041  mitat: 170 x 29 x 5 mm\u00a0\u00a0(pituus x leveys x halkaisija)<br \/>  2\u00a0kpl\/pakkaus<br \/>  galvanoitua ter\u00e4st\u00e4, helppo kiinnitt\u00e4\u00e4 reik\u00e4levyihin.NB!\u00a0Kannattimet sopivat reik\u00e4levylle, joss\u00e4 rei\u00e4t\u00a09 x 9\u00a0mm,\u00a038\u00a0mm v\u00e4lein.<\/p>\n","protected":false},"excerpt":{"rendered":"<p>V0041  mitat: 170 x 29 x 5 mm\u00a0\u00a0(pituus x leveys x halkaisija)<br \/>\n  2\u00a0kpl\/pakkaus<br \/>\n  galvanoitua ter\u00e4st\u00e4, helppo kiinnitt\u00e4\u00e4 reik\u00e4levyihin.NB!\u00a0Kannattimet sopivat reik\u00e4levylle, joss\u00e4 rei\u00e4t\u00a09 x 9\u00a0mm,\u00a038\u00a0mm v\u00e4lein.<\/p>\n","protected":false},"featured_media":21886,"template":"","meta":{"_acf_changed":false},"product_brand":[],"product_cat":[7248],"product_tag":[],"class_list":{"0":"post-14276","1":"product","2":"type-product","3":"status-publish","4":"has-post-thumbnail","6":"product_room-kotiratkaisut","7":"product_room-tyopaja-ja-autotalli","8":"product_room-kaupankaynti-ja-myymalat","9":"product_room-pieni-varasto","10":"product_room-teollisuus-ja-tuotanto-ergonomiset-tyopaikat-tyokaluvarasto","11":"product_cat-reikalevyt-intra","13":"first","14":"instock","15":"taxable","16":"shipping-taxable","17":"purchasable","18":"product-type-simple"},"acf":[],"yoast_head":"<!-- This site is optimized with the Yoast SEO plugin v27.2 - https:\/\/yoast.com\/product\/yoast-seo-wordpress\/ -->\n<title>Pakkauskoukku 170 x 29 x \u00d8 5mm &#8226; Storit<\/title>\n<meta name=\"description\" content=\"Pakkauskoukku 170 x 29 x \u00d8 5mm \u2014 kohtuulliseen hintaan. Toimitukset kaikkialle Suomeen! \u261b Tutustu tuotteeseen ja tilaa k\u00e4tev\u00e4sti STORIT-verkkokaupasta!\" \/>\n<meta name=\"robots\" content=\"index, follow, max-snippet:-1, max-image-preview:large, max-video-preview:-1\" \/>\n<link rel=\"canonical\" href=\"https:\/\/storitgroup.com\/fi\/tuote\/pakkauskoukku-170-x-29-x-o-5mm\/\" \/>\n<meta property=\"og:locale\" content=\"fi_FI\" \/>\n<meta property=\"og:type\" content=\"article\" \/>\n<meta property=\"og:title\" content=\"Pakkauskoukku 170 x 29 x \u00d8 5mm &#8226; Storit\" \/>\n<meta property=\"og:description\" content=\"Pakkauskoukku 170 x 29 x \u00d8 5mm \u2014 kohtuulliseen hintaan. Toimitukset kaikkialle Suomeen! \u261b Tutustu tuotteeseen ja tilaa k\u00e4tev\u00e4sti STORIT-verkkokaupasta!\" \/>\n<meta property=\"og:url\" content=\"https:\/\/storitgroup.com\/fi\/tuote\/pakkauskoukku-170-x-29-x-o-5mm\/\" \/>\n<meta property=\"og:site_name\" content=\"Storit\" \/>\n<meta property=\"article:modified_time\" content=\"2026-04-03T18:20:12+00:00\" \/>\n<meta property=\"og:image\" content=\"https:\/\/storitgroup.com\/uploads\/2021\/03\/v0041-kinnine-topeltpiik-170-x-29-mm-1.jpg\" \/>\n\t<meta property=\"og:image:width\" content=\"1320\" \/>\n\t<meta property=\"og:image:height\" content=\"1320\" \/>\n\t<meta property=\"og:image:type\" content=\"image\/jpeg\" \/>\n<meta name=\"twitter:card\" content=\"summary_large_image\" \/>\n<script type=\"application\/ld+json\" class=\"yoast-schema-graph\">{\"@context\":\"https:\/\/schema.org\",\"@graph\":[{\"@type\":[\"WebPage\",\"ItemPage\"],\"@id\":\"https:\/\/storitgroup.com\/fi\/tuote\/pakkauskoukku-170-x-29-x-o-5mm\/\",\"url\":\"https:\/\/storitgroup.com\/fi\/tuote\/pakkauskoukku-170-x-29-x-o-5mm\/\",\"name\":\"Pakkauskoukku 170 x 29 x \u00d8 5mm &#8226; Storit\",\"isPartOf\":{\"@id\":\"https:\/\/storitgroup.com\/fi\/#website\"},\"primaryImageOfPage\":{\"@id\":\"https:\/\/storitgroup.com\/fi\/tuote\/pakkauskoukku-170-x-29-x-o-5mm\/#primaryimage\"},\"image\":{\"@id\":\"https:\/\/storitgroup.com\/fi\/tuote\/pakkauskoukku-170-x-29-x-o-5mm\/#primaryimage\"},\"thumbnailUrl\":\"https:\/\/storitgroup.com\/uploads\/2021\/03\/v0041-kinnine-topeltpiik-170-x-29-mm-1.jpg\",\"datePublished\":\"2021-03-05T13:31:00+00:00\",\"dateModified\":\"2026-04-03T18:20:12+00:00\",\"description\":\"Pakkauskoukku 170 x 29 x \u00d8 5mm \u2014 kohtuulliseen hintaan. Toimitukset kaikkialle Suomeen! \u261b Tutustu tuotteeseen ja tilaa k\u00e4tev\u00e4sti STORIT-verkkokaupasta!\",\"breadcrumb\":{\"@id\":\"https:\/\/storitgroup.com\/fi\/tuote\/pakkauskoukku-170-x-29-x-o-5mm\/#breadcrumb\"},\"inLanguage\":\"fi\",\"potentialAction\":[{\"@type\":\"ReadAction\",\"target\":[\"https:\/\/storitgroup.com\/fi\/tuote\/pakkauskoukku-170-x-29-x-o-5mm\/\"]}]},{\"@type\":\"ImageObject\",\"inLanguage\":\"fi\",\"@id\":\"https:\/\/storitgroup.com\/fi\/tuote\/pakkauskoukku-170-x-29-x-o-5mm\/#primaryimage\",\"url\":\"https:\/\/storitgroup.com\/uploads\/2021\/03\/v0041-kinnine-topeltpiik-170-x-29-mm-1.jpg\",\"contentUrl\":\"https:\/\/storitgroup.com\/uploads\/2021\/03\/v0041-kinnine-topeltpiik-170-x-29-mm-1.jpg\",\"width\":1320,\"height\":1320},{\"@type\":\"BreadcrumbList\",\"@id\":\"https:\/\/storitgroup.com\/fi\/tuote\/pakkauskoukku-170-x-29-x-o-5mm\/#breadcrumb\",\"itemListElement\":[{\"@type\":\"ListItem\",\"position\":1,\"name\":\"Kotisivu\",\"item\":\"https:\/\/storitgroup.com\/fi\/\"},{\"@type\":\"ListItem\",\"position\":2,\"name\":\"Tuotteet\",\"item\":\"https:\/\/storitgroup.com\/fi\/tuotteet\/\"},{\"@type\":\"ListItem\",\"position\":3,\"name\":\"P\u00f6yd\u00e4t, tuolit, ty\u00f6kaluvarasto\",\"item\":\"https:\/\/storitgroup.com\/fi\/poydat-tuolit-tyokaluvarasto\/\"},{\"@type\":\"ListItem\",\"position\":4,\"name\":\"Reik\u00e4levyt, reik\u00e4levyyn tarvikkeet\",\"item\":\"https:\/\/storitgroup.com\/fi\/poydat-tuolit-tyokaluvarasto\/reikalevyt-reikalevyyn-tarvikkeet\/\"},{\"@type\":\"ListItem\",\"position\":5,\"name\":\"Reik\u00e4levyt: INTRA\",\"item\":\"https:\/\/storitgroup.com\/fi\/poydat-tuolit-tyokaluvarasto\/reikalevyt-reikalevyyn-tarvikkeet\/reikalevyt-intra\/\"},{\"@type\":\"ListItem\",\"position\":6,\"name\":\"Pakkauskoukku 170 x 29 x \u00d8 5mm\"}]},{\"@type\":\"WebSite\",\"@id\":\"https:\/\/storitgroup.com\/fi\/#website\",\"url\":\"https:\/\/storitgroup.com\/fi\/\",\"name\":\"Storit\",\"description\":\"\",\"potentialAction\":[{\"@type\":\"SearchAction\",\"target\":{\"@type\":\"EntryPoint\",\"urlTemplate\":\"https:\/\/storitgroup.com\/fi\/?s={search_term_string}\"},\"query-input\":{\"@type\":\"PropertyValueSpecification\",\"valueRequired\":true,\"valueName\":\"search_term_string\"}}],\"inLanguage\":\"fi\"}]}<\/script>\n<!-- \/ Yoast SEO plugin. -->","yoast_head_json":{"title":"Pakkauskoukku 170 x 29 x \u00d8 5mm &#8226; Storit","description":"Pakkauskoukku 170 x 29 x \u00d8 5mm \u2014 kohtuulliseen hintaan. Toimitukset kaikkialle Suomeen! \u261b Tutustu tuotteeseen ja tilaa k\u00e4tev\u00e4sti STORIT-verkkokaupasta!","robots":{"index":"index","follow":"follow","max-snippet":"max-snippet:-1","max-image-preview":"max-image-preview:large","max-video-preview":"max-video-preview:-1"},"canonical":"https:\/\/storitgroup.com\/fi\/tuote\/pakkauskoukku-170-x-29-x-o-5mm\/","og_locale":"fi_FI","og_type":"article","og_title":"Pakkauskoukku 170 x 29 x \u00d8 5mm &#8226; Storit","og_description":"Pakkauskoukku 170 x 29 x \u00d8 5mm \u2014 kohtuulliseen hintaan. Toimitukset kaikkialle Suomeen! \u261b Tutustu tuotteeseen ja tilaa k\u00e4tev\u00e4sti STORIT-verkkokaupasta!","og_url":"https:\/\/storitgroup.com\/fi\/tuote\/pakkauskoukku-170-x-29-x-o-5mm\/","og_site_name":"Storit","article_modified_time":"2026-04-03T18:20:12+00:00","og_image":[{"width":1320,"height":1320,"url":"https:\/\/storitgroup.com\/uploads\/2021\/03\/v0041-kinnine-topeltpiik-170-x-29-mm-1.jpg","type":"image\/jpeg"}],"twitter_card":"summary_large_image","schema":{"@context":"https:\/\/schema.org","@graph":[{"@type":["WebPage","ItemPage"],"@id":"https:\/\/storitgroup.com\/fi\/tuote\/pakkauskoukku-170-x-29-x-o-5mm\/","url":"https:\/\/storitgroup.com\/fi\/tuote\/pakkauskoukku-170-x-29-x-o-5mm\/","name":"Pakkauskoukku 170 x 29 x \u00d8 5mm &#8226; Storit","isPartOf":{"@id":"https:\/\/storitgroup.com\/fi\/#website"},"primaryImageOfPage":{"@id":"https:\/\/storitgroup.com\/fi\/tuote\/pakkauskoukku-170-x-29-x-o-5mm\/#primaryimage"},"image":{"@id":"https:\/\/storitgroup.com\/fi\/tuote\/pakkauskoukku-170-x-29-x-o-5mm\/#primaryimage"},"thumbnailUrl":"https:\/\/storitgroup.com\/uploads\/2021\/03\/v0041-kinnine-topeltpiik-170-x-29-mm-1.jpg","datePublished":"2021-03-05T13:31:00+00:00","dateModified":"2026-04-03T18:20:12+00:00","description":"Pakkauskoukku 170 x 29 x \u00d8 5mm \u2014 kohtuulliseen hintaan. Toimitukset kaikkialle Suomeen! \u261b Tutustu tuotteeseen ja tilaa k\u00e4tev\u00e4sti STORIT-verkkokaupasta!","breadcrumb":{"@id":"https:\/\/storitgroup.com\/fi\/tuote\/pakkauskoukku-170-x-29-x-o-5mm\/#breadcrumb"},"inLanguage":"fi","potentialAction":[{"@type":"ReadAction","target":["https:\/\/storitgroup.com\/fi\/tuote\/pakkauskoukku-170-x-29-x-o-5mm\/"]}]},{"@type":"ImageObject","inLanguage":"fi","@id":"https:\/\/storitgroup.com\/fi\/tuote\/pakkauskoukku-170-x-29-x-o-5mm\/#primaryimage","url":"https:\/\/storitgroup.com\/uploads\/2021\/03\/v0041-kinnine-topeltpiik-170-x-29-mm-1.jpg","contentUrl":"https:\/\/storitgroup.com\/uploads\/2021\/03\/v0041-kinnine-topeltpiik-170-x-29-mm-1.jpg","width":1320,"height":1320},{"@type":"BreadcrumbList","@id":"https:\/\/storitgroup.com\/fi\/tuote\/pakkauskoukku-170-x-29-x-o-5mm\/#breadcrumb","itemListElement":[{"@type":"ListItem","position":1,"name":"Kotisivu","item":"https:\/\/storitgroup.com\/fi\/"},{"@type":"ListItem","position":2,"name":"Tuotteet","item":"https:\/\/storitgroup.com\/fi\/tuotteet\/"},{"@type":"ListItem","position":3,"name":"P\u00f6yd\u00e4t, tuolit, ty\u00f6kaluvarasto","item":"https:\/\/storitgroup.com\/fi\/poydat-tuolit-tyokaluvarasto\/"},{"@type":"ListItem","position":4,"name":"Reik\u00e4levyt, reik\u00e4levyyn tarvikkeet","item":"https:\/\/storitgroup.com\/fi\/poydat-tuolit-tyokaluvarasto\/reikalevyt-reikalevyyn-tarvikkeet\/"},{"@type":"ListItem","position":5,"name":"Reik\u00e4levyt: INTRA","item":"https:\/\/storitgroup.com\/fi\/poydat-tuolit-tyokaluvarasto\/reikalevyt-reikalevyyn-tarvikkeet\/reikalevyt-intra\/"},{"@type":"ListItem","position":6,"name":"Pakkauskoukku 170 x 29 x \u00d8 5mm"}]},{"@type":"WebSite","@id":"https:\/\/storitgroup.com\/fi\/#website","url":"https:\/\/storitgroup.com\/fi\/","name":"Storit","description":"","potentialAction":[{"@type":"SearchAction","target":{"@type":"EntryPoint","urlTemplate":"https:\/\/storitgroup.com\/fi\/?s={search_term_string}"},"query-input":{"@type":"PropertyValueSpecification","valueRequired":true,"valueName":"search_term_string"}}],"inLanguage":"fi"}]}},"_links":{"self":[{"href":"https:\/\/storitgroup.com\/fi\/wp-json\/wp\/v2\/product\/14276","targetHints":{"allow":["GET"]}}],"collection":[{"href":"https:\/\/storitgroup.com\/fi\/wp-json\/wp\/v2\/product"}],"about":[{"href":"https:\/\/storitgroup.com\/fi\/wp-json\/wp\/v2\/types\/product"}],"wp:featuredmedia":[{"embeddable":true,"href":"https:\/\/storitgroup.com\/fi\/wp-json\/wp\/v2\/media\/21886"}],"wp:attachment":[{"href":"https:\/\/storitgroup.com\/fi\/wp-json\/wp\/v2\/media?parent=14276"}],"wp:term":[{"taxonomy":"product_brand","embeddable":true,"href":"https:\/\/storitgroup.com\/fi\/wp-json\/wp\/v2\/product_brand?post=14276"},{"taxonomy":"product_cat","embeddable":true,"href":"https:\/\/storitgroup.com\/fi\/wp-json\/wp\/v2\/product_cat?post=14276"},{"taxonomy":"product_tag","embeddable":true,"href":"https:\/\/storitgroup.com\/fi\/wp-json\/wp\/v2\/product_tag?post=14276"}],"curies":[{"name":"wp","href":"https:\/\/api.w.org\/{rel}","templated":true}]}}