{"id":14240,"date":"2021-03-05T13:30:33","date_gmt":"2021-03-05T13:30:33","guid":{"rendered":"https:\/\/storitgroup.com\/?post_type=product&#038;p=14240"},"modified":"2025-02-08T07:48:17","modified_gmt":"2025-02-08T05:48:17","slug":"kulmakoukku-25-x-o-5mm-3-kpl","status":"publish","type":"product","link":"https:\/\/storitgroup.com\/fi\/tuote\/kulmakoukku-25-x-o-5mm-3-kpl\/","title":{"rendered":"Kulmakoukku 25 x \u00d8 5mm, 3 kpl"},"content":{"rendered":"<p>V0023  mitat: 25 x 5 mm\u00a0(pituus x halkaisija)<br \/>3 kpl\/pakkaus<br \/>  galvanoitua ter\u00e4st\u00e4, helppo kiinnitt\u00e4\u00e4 reik\u00e4levyihin.NB!\u00a0Kannattimet sopivat reik\u00e4levylle, joss\u00e4 rei\u00e4t\u00a09 x 9\u00a0mm,\u00a038\u00a0mm v\u00e4lein.<\/p>\n","protected":false},"excerpt":{"rendered":"<p>V0023  mitat: 25 x 5 mm\u00a0(pituus x halkaisija)<br \/>\n3 kpl\/pakkaus<br \/>\n  galvanoitua ter\u00e4st\u00e4, helppo kiinnitt\u00e4\u00e4 reik\u00e4levyihin.NB!\u00a0Kannattimet sopivat reik\u00e4levylle, joss\u00e4 rei\u00e4t\u00a09 x 9\u00a0mm,\u00a038\u00a0mm v\u00e4lein.<\/p>\n","protected":false},"featured_media":21769,"template":"","meta":{"_acf_changed":false},"product_brand":[],"product_cat":[7248],"product_tag":[],"class_list":{"0":"post-14240","1":"product","2":"type-product","3":"status-publish","4":"has-post-thumbnail","6":"product_room-tyopaja-ja-autotalli","7":"product_room-kaupankaynti-ja-myymalat","8":"product_room-pieni-varasto","9":"product_room-teollisuus-ja-tuotanto-ergonomiset-tyopaikat-tyokaluvarasto","10":"product_room-kotiratkaisut","11":"product_cat-reikalevyt-intra","13":"first","14":"onbackorder","15":"taxable","16":"shipping-taxable","17":"purchasable","18":"product-type-simple"},"acf":[],"yoast_head":"<!-- This site is optimized with the Yoast SEO plugin v27.2 - https:\/\/yoast.com\/product\/yoast-seo-wordpress\/ -->\n<title>Kulmakoukku 25 x \u00d8 5mm, 3 kpl &#8226; Storit<\/title>\n<meta name=\"description\" content=\"Kulmakoukku 25 x \u00d8 5mm, 3 kpl \u2014 kohtuulliseen hintaan. Toimitukset kaikkialle Suomeen! \u261b Tutustu tuotteeseen ja tilaa k\u00e4tev\u00e4sti STORIT-verkkokaupasta!\" \/>\n<meta name=\"robots\" content=\"index, follow, max-snippet:-1, max-image-preview:large, max-video-preview:-1\" \/>\n<link rel=\"canonical\" href=\"https:\/\/storitgroup.com\/fi\/tuote\/kulmakoukku-25-x-o-5mm-3-kpl\/\" \/>\n<meta property=\"og:locale\" content=\"fi_FI\" \/>\n<meta property=\"og:type\" content=\"article\" \/>\n<meta property=\"og:title\" content=\"Kulmakoukku 25 x \u00d8 5mm, 3 kpl &#8226; Storit\" \/>\n<meta property=\"og:description\" content=\"Kulmakoukku 25 x \u00d8 5mm, 3 kpl \u2014 kohtuulliseen hintaan. Toimitukset kaikkialle Suomeen! \u261b Tutustu tuotteeseen ja tilaa k\u00e4tev\u00e4sti STORIT-verkkokaupasta!\" \/>\n<meta property=\"og:url\" content=\"https:\/\/storitgroup.com\/fi\/tuote\/kulmakoukku-25-x-o-5mm-3-kpl\/\" \/>\n<meta property=\"og:site_name\" content=\"Storit\" \/>\n<meta property=\"article:modified_time\" content=\"2025-02-08T05:48:17+00:00\" \/>\n<meta property=\"og:image\" content=\"https:\/\/storitgroup.com\/uploads\/2021\/03\/v0023-perfopiik-nurgaga-25-x-o-5-mm-1.png\" \/>\n\t<meta property=\"og:image:width\" content=\"390\" \/>\n\t<meta property=\"og:image:height\" content=\"390\" \/>\n\t<meta property=\"og:image:type\" content=\"image\/png\" \/>\n<meta name=\"twitter:card\" content=\"summary_large_image\" \/>\n<script type=\"application\/ld+json\" class=\"yoast-schema-graph\">{\"@context\":\"https:\/\/schema.org\",\"@graph\":[{\"@type\":[\"WebPage\",\"ItemPage\"],\"@id\":\"https:\/\/storitgroup.com\/fi\/tuote\/kulmakoukku-25-x-o-5mm-3-kpl\/\",\"url\":\"https:\/\/storitgroup.com\/fi\/tuote\/kulmakoukku-25-x-o-5mm-3-kpl\/\",\"name\":\"Kulmakoukku 25 x \u00d8 5mm, 3 kpl &#8226; Storit\",\"isPartOf\":{\"@id\":\"https:\/\/storitgroup.com\/fi\/#website\"},\"primaryImageOfPage\":{\"@id\":\"https:\/\/storitgroup.com\/fi\/tuote\/kulmakoukku-25-x-o-5mm-3-kpl\/#primaryimage\"},\"image\":{\"@id\":\"https:\/\/storitgroup.com\/fi\/tuote\/kulmakoukku-25-x-o-5mm-3-kpl\/#primaryimage\"},\"thumbnailUrl\":\"https:\/\/storitgroup.com\/uploads\/2021\/03\/v0023-perfopiik-nurgaga-25-x-o-5-mm-1.png\",\"datePublished\":\"2021-03-05T13:30:33+00:00\",\"dateModified\":\"2025-02-08T05:48:17+00:00\",\"description\":\"Kulmakoukku 25 x \u00d8 5mm, 3 kpl \u2014 kohtuulliseen hintaan. Toimitukset kaikkialle Suomeen! \u261b Tutustu tuotteeseen ja tilaa k\u00e4tev\u00e4sti STORIT-verkkokaupasta!\",\"breadcrumb\":{\"@id\":\"https:\/\/storitgroup.com\/fi\/tuote\/kulmakoukku-25-x-o-5mm-3-kpl\/#breadcrumb\"},\"inLanguage\":\"fi\",\"potentialAction\":[{\"@type\":\"ReadAction\",\"target\":[\"https:\/\/storitgroup.com\/fi\/tuote\/kulmakoukku-25-x-o-5mm-3-kpl\/\"]}]},{\"@type\":\"ImageObject\",\"inLanguage\":\"fi\",\"@id\":\"https:\/\/storitgroup.com\/fi\/tuote\/kulmakoukku-25-x-o-5mm-3-kpl\/#primaryimage\",\"url\":\"https:\/\/storitgroup.com\/uploads\/2021\/03\/v0023-perfopiik-nurgaga-25-x-o-5-mm-1.png\",\"contentUrl\":\"https:\/\/storitgroup.com\/uploads\/2021\/03\/v0023-perfopiik-nurgaga-25-x-o-5-mm-1.png\",\"width\":390,\"height\":390},{\"@type\":\"BreadcrumbList\",\"@id\":\"https:\/\/storitgroup.com\/fi\/tuote\/kulmakoukku-25-x-o-5mm-3-kpl\/#breadcrumb\",\"itemListElement\":[{\"@type\":\"ListItem\",\"position\":1,\"name\":\"Kotisivu\",\"item\":\"https:\/\/storitgroup.com\/fi\/\"},{\"@type\":\"ListItem\",\"position\":2,\"name\":\"Tuotteet\",\"item\":\"https:\/\/storitgroup.com\/fi\/tuotteet\/\"},{\"@type\":\"ListItem\",\"position\":3,\"name\":\"P\u00f6yd\u00e4t, tuolit, ty\u00f6kaluvarasto\",\"item\":\"https:\/\/storitgroup.com\/fi\/poydat-tuolit-tyokaluvarasto\/\"},{\"@type\":\"ListItem\",\"position\":4,\"name\":\"Reik\u00e4levyt, reik\u00e4levyyn tarvikkeet\",\"item\":\"https:\/\/storitgroup.com\/fi\/poydat-tuolit-tyokaluvarasto\/reikalevyt-reikalevyyn-tarvikkeet\/\"},{\"@type\":\"ListItem\",\"position\":5,\"name\":\"Reik\u00e4levyt: INTRA\",\"item\":\"https:\/\/storitgroup.com\/fi\/poydat-tuolit-tyokaluvarasto\/reikalevyt-reikalevyyn-tarvikkeet\/reikalevyt-intra\/\"},{\"@type\":\"ListItem\",\"position\":6,\"name\":\"Kulmakoukku 25 x \u00d8 5mm, 3 kpl\"}]},{\"@type\":\"WebSite\",\"@id\":\"https:\/\/storitgroup.com\/fi\/#website\",\"url\":\"https:\/\/storitgroup.com\/fi\/\",\"name\":\"Storit\",\"description\":\"\",\"potentialAction\":[{\"@type\":\"SearchAction\",\"target\":{\"@type\":\"EntryPoint\",\"urlTemplate\":\"https:\/\/storitgroup.com\/fi\/?s={search_term_string}\"},\"query-input\":{\"@type\":\"PropertyValueSpecification\",\"valueRequired\":true,\"valueName\":\"search_term_string\"}}],\"inLanguage\":\"fi\"}]}<\/script>\n<!-- \/ Yoast SEO plugin. -->","yoast_head_json":{"title":"Kulmakoukku 25 x \u00d8 5mm, 3 kpl &#8226; Storit","description":"Kulmakoukku 25 x \u00d8 5mm, 3 kpl \u2014 kohtuulliseen hintaan. Toimitukset kaikkialle Suomeen! \u261b Tutustu tuotteeseen ja tilaa k\u00e4tev\u00e4sti STORIT-verkkokaupasta!","robots":{"index":"index","follow":"follow","max-snippet":"max-snippet:-1","max-image-preview":"max-image-preview:large","max-video-preview":"max-video-preview:-1"},"canonical":"https:\/\/storitgroup.com\/fi\/tuote\/kulmakoukku-25-x-o-5mm-3-kpl\/","og_locale":"fi_FI","og_type":"article","og_title":"Kulmakoukku 25 x \u00d8 5mm, 3 kpl &#8226; Storit","og_description":"Kulmakoukku 25 x \u00d8 5mm, 3 kpl \u2014 kohtuulliseen hintaan. Toimitukset kaikkialle Suomeen! \u261b Tutustu tuotteeseen ja tilaa k\u00e4tev\u00e4sti STORIT-verkkokaupasta!","og_url":"https:\/\/storitgroup.com\/fi\/tuote\/kulmakoukku-25-x-o-5mm-3-kpl\/","og_site_name":"Storit","article_modified_time":"2025-02-08T05:48:17+00:00","og_image":[{"width":390,"height":390,"url":"https:\/\/storitgroup.com\/uploads\/2021\/03\/v0023-perfopiik-nurgaga-25-x-o-5-mm-1.png","type":"image\/png"}],"twitter_card":"summary_large_image","schema":{"@context":"https:\/\/schema.org","@graph":[{"@type":["WebPage","ItemPage"],"@id":"https:\/\/storitgroup.com\/fi\/tuote\/kulmakoukku-25-x-o-5mm-3-kpl\/","url":"https:\/\/storitgroup.com\/fi\/tuote\/kulmakoukku-25-x-o-5mm-3-kpl\/","name":"Kulmakoukku 25 x \u00d8 5mm, 3 kpl &#8226; Storit","isPartOf":{"@id":"https:\/\/storitgroup.com\/fi\/#website"},"primaryImageOfPage":{"@id":"https:\/\/storitgroup.com\/fi\/tuote\/kulmakoukku-25-x-o-5mm-3-kpl\/#primaryimage"},"image":{"@id":"https:\/\/storitgroup.com\/fi\/tuote\/kulmakoukku-25-x-o-5mm-3-kpl\/#primaryimage"},"thumbnailUrl":"https:\/\/storitgroup.com\/uploads\/2021\/03\/v0023-perfopiik-nurgaga-25-x-o-5-mm-1.png","datePublished":"2021-03-05T13:30:33+00:00","dateModified":"2025-02-08T05:48:17+00:00","description":"Kulmakoukku 25 x \u00d8 5mm, 3 kpl \u2014 kohtuulliseen hintaan. Toimitukset kaikkialle Suomeen! \u261b Tutustu tuotteeseen ja tilaa k\u00e4tev\u00e4sti STORIT-verkkokaupasta!","breadcrumb":{"@id":"https:\/\/storitgroup.com\/fi\/tuote\/kulmakoukku-25-x-o-5mm-3-kpl\/#breadcrumb"},"inLanguage":"fi","potentialAction":[{"@type":"ReadAction","target":["https:\/\/storitgroup.com\/fi\/tuote\/kulmakoukku-25-x-o-5mm-3-kpl\/"]}]},{"@type":"ImageObject","inLanguage":"fi","@id":"https:\/\/storitgroup.com\/fi\/tuote\/kulmakoukku-25-x-o-5mm-3-kpl\/#primaryimage","url":"https:\/\/storitgroup.com\/uploads\/2021\/03\/v0023-perfopiik-nurgaga-25-x-o-5-mm-1.png","contentUrl":"https:\/\/storitgroup.com\/uploads\/2021\/03\/v0023-perfopiik-nurgaga-25-x-o-5-mm-1.png","width":390,"height":390},{"@type":"BreadcrumbList","@id":"https:\/\/storitgroup.com\/fi\/tuote\/kulmakoukku-25-x-o-5mm-3-kpl\/#breadcrumb","itemListElement":[{"@type":"ListItem","position":1,"name":"Kotisivu","item":"https:\/\/storitgroup.com\/fi\/"},{"@type":"ListItem","position":2,"name":"Tuotteet","item":"https:\/\/storitgroup.com\/fi\/tuotteet\/"},{"@type":"ListItem","position":3,"name":"P\u00f6yd\u00e4t, tuolit, ty\u00f6kaluvarasto","item":"https:\/\/storitgroup.com\/fi\/poydat-tuolit-tyokaluvarasto\/"},{"@type":"ListItem","position":4,"name":"Reik\u00e4levyt, reik\u00e4levyyn tarvikkeet","item":"https:\/\/storitgroup.com\/fi\/poydat-tuolit-tyokaluvarasto\/reikalevyt-reikalevyyn-tarvikkeet\/"},{"@type":"ListItem","position":5,"name":"Reik\u00e4levyt: INTRA","item":"https:\/\/storitgroup.com\/fi\/poydat-tuolit-tyokaluvarasto\/reikalevyt-reikalevyyn-tarvikkeet\/reikalevyt-intra\/"},{"@type":"ListItem","position":6,"name":"Kulmakoukku 25 x \u00d8 5mm, 3 kpl"}]},{"@type":"WebSite","@id":"https:\/\/storitgroup.com\/fi\/#website","url":"https:\/\/storitgroup.com\/fi\/","name":"Storit","description":"","potentialAction":[{"@type":"SearchAction","target":{"@type":"EntryPoint","urlTemplate":"https:\/\/storitgroup.com\/fi\/?s={search_term_string}"},"query-input":{"@type":"PropertyValueSpecification","valueRequired":true,"valueName":"search_term_string"}}],"inLanguage":"fi"}]}},"_links":{"self":[{"href":"https:\/\/storitgroup.com\/fi\/wp-json\/wp\/v2\/product\/14240","targetHints":{"allow":["GET"]}}],"collection":[{"href":"https:\/\/storitgroup.com\/fi\/wp-json\/wp\/v2\/product"}],"about":[{"href":"https:\/\/storitgroup.com\/fi\/wp-json\/wp\/v2\/types\/product"}],"wp:featuredmedia":[{"embeddable":true,"href":"https:\/\/storitgroup.com\/fi\/wp-json\/wp\/v2\/media\/21769"}],"wp:attachment":[{"href":"https:\/\/storitgroup.com\/fi\/wp-json\/wp\/v2\/media?parent=14240"}],"wp:term":[{"taxonomy":"product_brand","embeddable":true,"href":"https:\/\/storitgroup.com\/fi\/wp-json\/wp\/v2\/product_brand?post=14240"},{"taxonomy":"product_cat","embeddable":true,"href":"https:\/\/storitgroup.com\/fi\/wp-json\/wp\/v2\/product_cat?post=14240"},{"taxonomy":"product_tag","embeddable":true,"href":"https:\/\/storitgroup.com\/fi\/wp-json\/wp\/v2\/product_tag?post=14240"}],"curies":[{"name":"wp","href":"https:\/\/api.w.org\/{rel}","templated":true}]}}