{"id":14214,"date":"2021-03-05T13:30:01","date_gmt":"2021-03-05T11:30:01","guid":{"rendered":"https:\/\/storitgroup.com\/?post_type=product&#038;p=14214"},"modified":"2026-04-03T20:48:07","modified_gmt":"2026-04-03T17:48:07","slug":"reikalevyseinatarvikkeiden-setti-30-erilaista-tarviketta","status":"publish","type":"product","link":"https:\/\/storitgroup.com\/fi\/tuote\/reikalevyseinatarvikkeiden-setti-30-erilaista-tarviketta\/","title":{"rendered":"Reik\u00e4levysein\u00e4tarvikkeiden setti (30 erilaista tarviketta)"},"content":{"rendered":"<p>V0008  settiin kuuluu:  ripustuskoukku\u00a0200 mm &#8211; 3 kpl (V0021)<br \/>  putkipidike\u00a024 mm &#8211; 2 kpl (V0068)<br \/>  putkipidike\u00a0\u00d8 16 mm &#8211; 2 kpl\u00a0(V0067)<br \/>  putkipidike\u00a0\u00d8 9 mm &#8211; 2 kpl\u00a0(V0066)<br \/>  ty\u00f6kaluteline\u00a020\/43 mm &#8211; 3 kpl\u00a0(V0048)<br \/>  ripustuskoukku\u00a038 mm &#8211; 5 kpl\u00a0(V0014)<br \/>  kaksoiskoukku\u00a064 x 11 mm &#8211; 2 kpl\u00a0(V0032)<br \/>  kaksoiskoukku\u00a0\u00a038 x 11 mm &#8211; 6 kpl\u00a0(V0029)<br \/>  laatikkopidike 100 mm sis laatikon &#8211; 2 kpl\u00a0(V0061)<br \/>  kulmakoukku\u00a050\u00a0mm &#8211; 3 kpl\u00a0(V0050).      NB!\u00a0Kannattimet sopivat reik\u00e4levylle, joss\u00e4 rei\u00e4t\u00a09 x 9\u00a0mm,\u00a038\u00a0mm v\u00e4lein.<\/p>\n","protected":false},"excerpt":{"rendered":"<p>V0008  settiin kuuluu:  ripustuskoukku\u00a0200 mm &#8211; 3 kpl (V0021)<br \/>\n  putkipidike\u00a024 mm &#8211; 2 kpl (V0068)<br \/>\n  putkipidike\u00a0\u00d8 16 mm &#8211; 2 kpl\u00a0(V0067)<\/p>\n","protected":false},"featured_media":37341,"template":"","meta":{"_acf_changed":false},"product_brand":[],"product_cat":[7248],"product_tag":[],"class_list":{"0":"post-14214","1":"product","2":"type-product","3":"status-publish","4":"has-post-thumbnail","6":"product_room-tyopaja-ja-autotalli","7":"product_room-kaupankaynti-ja-myymalat","8":"product_room-pieni-varasto","9":"product_room-teollisuus-ja-tuotanto-ergonomiset-tyopaikat-tyokaluvarasto","10":"product_room-kotiratkaisut","11":"product_cat-reikalevyt-intra","13":"first","14":"instock","15":"taxable","16":"shipping-taxable","17":"purchasable","18":"product-type-simple"},"acf":[],"yoast_head":"<!-- This site is optimized with the Yoast SEO plugin v27.2 - https:\/\/yoast.com\/product\/yoast-seo-wordpress\/ -->\n<title>Reik\u00e4levysein\u00e4tarvikkeiden setti (30 erilaista tarviketta) &#8226; Storit<\/title>\n<meta name=\"description\" content=\"Reik\u00e4levysein\u00e4tarvikkeiden setti (30 erilaista tarviketta) \u2014 kohtuulliseen hintaan. Toimitukset kaikkialle Suomeen! \u261b Tutustu tuotteeseen ja tilaa k\u00e4tev\u00e4sti STORIT-verkkokaupasta!\" \/>\n<meta name=\"robots\" content=\"index, follow, max-snippet:-1, max-image-preview:large, max-video-preview:-1\" \/>\n<link rel=\"canonical\" href=\"https:\/\/storitgroup.com\/fi\/tuote\/reikalevyseinatarvikkeiden-setti-30-erilaista-tarviketta\/\" \/>\n<meta property=\"og:locale\" content=\"fi_FI\" \/>\n<meta property=\"og:type\" content=\"article\" \/>\n<meta property=\"og:title\" content=\"Reik\u00e4levysein\u00e4tarvikkeiden setti (30 erilaista tarviketta) &#8226; Storit\" \/>\n<meta property=\"og:description\" content=\"Reik\u00e4levysein\u00e4tarvikkeiden setti (30 erilaista tarviketta) \u2014 kohtuulliseen hintaan. Toimitukset kaikkialle Suomeen! \u261b Tutustu tuotteeseen ja tilaa k\u00e4tev\u00e4sti STORIT-verkkokaupasta!\" \/>\n<meta property=\"og:url\" content=\"https:\/\/storitgroup.com\/fi\/tuote\/reikalevyseinatarvikkeiden-setti-30-erilaista-tarviketta\/\" \/>\n<meta property=\"og:site_name\" content=\"Storit\" \/>\n<meta property=\"article:modified_time\" content=\"2026-04-03T17:48:07+00:00\" \/>\n<meta property=\"og:image\" content=\"https:\/\/storitgroup.com\/uploads\/2021\/06\/v0008-perfoseinatarvikute-komplekt-30-erinevat-tarvikut-1-scaled-2.jpg\" \/>\n\t<meta property=\"og:image:width\" content=\"1920\" \/>\n\t<meta property=\"og:image:height\" content=\"1082\" \/>\n\t<meta property=\"og:image:type\" content=\"image\/jpeg\" \/>\n<meta name=\"twitter:card\" content=\"summary_large_image\" \/>\n<script type=\"application\/ld+json\" class=\"yoast-schema-graph\">{\"@context\":\"https:\/\/schema.org\",\"@graph\":[{\"@type\":[\"WebPage\",\"ItemPage\"],\"@id\":\"https:\/\/storitgroup.com\/fi\/tuote\/reikalevyseinatarvikkeiden-setti-30-erilaista-tarviketta\/\",\"url\":\"https:\/\/storitgroup.com\/fi\/tuote\/reikalevyseinatarvikkeiden-setti-30-erilaista-tarviketta\/\",\"name\":\"Reik\u00e4levysein\u00e4tarvikkeiden setti (30 erilaista tarviketta) &#8226; Storit\",\"isPartOf\":{\"@id\":\"https:\/\/storitgroup.com\/fi\/#website\"},\"primaryImageOfPage\":{\"@id\":\"https:\/\/storitgroup.com\/fi\/tuote\/reikalevyseinatarvikkeiden-setti-30-erilaista-tarviketta\/#primaryimage\"},\"image\":{\"@id\":\"https:\/\/storitgroup.com\/fi\/tuote\/reikalevyseinatarvikkeiden-setti-30-erilaista-tarviketta\/#primaryimage\"},\"thumbnailUrl\":\"https:\/\/storitgroup.com\/uploads\/2021\/06\/v0008-perfoseinatarvikute-komplekt-30-erinevat-tarvikut-1-scaled-2.jpg\",\"datePublished\":\"2021-03-05T11:30:01+00:00\",\"dateModified\":\"2026-04-03T17:48:07+00:00\",\"description\":\"Reik\u00e4levysein\u00e4tarvikkeiden setti (30 erilaista tarviketta) \u2014 kohtuulliseen hintaan. Toimitukset kaikkialle Suomeen! \u261b Tutustu tuotteeseen ja tilaa k\u00e4tev\u00e4sti STORIT-verkkokaupasta!\",\"breadcrumb\":{\"@id\":\"https:\/\/storitgroup.com\/fi\/tuote\/reikalevyseinatarvikkeiden-setti-30-erilaista-tarviketta\/#breadcrumb\"},\"inLanguage\":\"fi\",\"potentialAction\":[{\"@type\":\"ReadAction\",\"target\":[\"https:\/\/storitgroup.com\/fi\/tuote\/reikalevyseinatarvikkeiden-setti-30-erilaista-tarviketta\/\"]}]},{\"@type\":\"ImageObject\",\"inLanguage\":\"fi\",\"@id\":\"https:\/\/storitgroup.com\/fi\/tuote\/reikalevyseinatarvikkeiden-setti-30-erilaista-tarviketta\/#primaryimage\",\"url\":\"https:\/\/storitgroup.com\/uploads\/2021\/06\/v0008-perfoseinatarvikute-komplekt-30-erinevat-tarvikut-1-scaled-2.jpg\",\"contentUrl\":\"https:\/\/storitgroup.com\/uploads\/2021\/06\/v0008-perfoseinatarvikute-komplekt-30-erinevat-tarvikut-1-scaled-2.jpg\",\"width\":1920,\"height\":1082},{\"@type\":\"BreadcrumbList\",\"@id\":\"https:\/\/storitgroup.com\/fi\/tuote\/reikalevyseinatarvikkeiden-setti-30-erilaista-tarviketta\/#breadcrumb\",\"itemListElement\":[{\"@type\":\"ListItem\",\"position\":1,\"name\":\"Kotisivu\",\"item\":\"https:\/\/storitgroup.com\/fi\/\"},{\"@type\":\"ListItem\",\"position\":2,\"name\":\"Tuotteet\",\"item\":\"https:\/\/storitgroup.com\/fi\/tuotteet\/\"},{\"@type\":\"ListItem\",\"position\":3,\"name\":\"P\u00f6yd\u00e4t, tuolit, ty\u00f6kaluvarasto\",\"item\":\"https:\/\/storitgroup.com\/fi\/poydat-tuolit-tyokaluvarasto\/\"},{\"@type\":\"ListItem\",\"position\":4,\"name\":\"Reik\u00e4levyt, reik\u00e4levyyn tarvikkeet\",\"item\":\"https:\/\/storitgroup.com\/fi\/poydat-tuolit-tyokaluvarasto\/reikalevyt-reikalevyyn-tarvikkeet\/\"},{\"@type\":\"ListItem\",\"position\":5,\"name\":\"Reik\u00e4levyt: INTRA\",\"item\":\"https:\/\/storitgroup.com\/fi\/poydat-tuolit-tyokaluvarasto\/reikalevyt-reikalevyyn-tarvikkeet\/reikalevyt-intra\/\"},{\"@type\":\"ListItem\",\"position\":6,\"name\":\"Reik\u00e4levysein\u00e4tarvikkeiden setti (30 erilaista tarviketta)\"}]},{\"@type\":\"WebSite\",\"@id\":\"https:\/\/storitgroup.com\/fi\/#website\",\"url\":\"https:\/\/storitgroup.com\/fi\/\",\"name\":\"Storit\",\"description\":\"\",\"potentialAction\":[{\"@type\":\"SearchAction\",\"target\":{\"@type\":\"EntryPoint\",\"urlTemplate\":\"https:\/\/storitgroup.com\/fi\/?s={search_term_string}\"},\"query-input\":{\"@type\":\"PropertyValueSpecification\",\"valueRequired\":true,\"valueName\":\"search_term_string\"}}],\"inLanguage\":\"fi\"}]}<\/script>\n<!-- \/ Yoast SEO plugin. -->","yoast_head_json":{"title":"Reik\u00e4levysein\u00e4tarvikkeiden setti (30 erilaista tarviketta) &#8226; Storit","description":"Reik\u00e4levysein\u00e4tarvikkeiden setti (30 erilaista tarviketta) \u2014 kohtuulliseen hintaan. Toimitukset kaikkialle Suomeen! \u261b Tutustu tuotteeseen ja tilaa k\u00e4tev\u00e4sti STORIT-verkkokaupasta!","robots":{"index":"index","follow":"follow","max-snippet":"max-snippet:-1","max-image-preview":"max-image-preview:large","max-video-preview":"max-video-preview:-1"},"canonical":"https:\/\/storitgroup.com\/fi\/tuote\/reikalevyseinatarvikkeiden-setti-30-erilaista-tarviketta\/","og_locale":"fi_FI","og_type":"article","og_title":"Reik\u00e4levysein\u00e4tarvikkeiden setti (30 erilaista tarviketta) &#8226; Storit","og_description":"Reik\u00e4levysein\u00e4tarvikkeiden setti (30 erilaista tarviketta) \u2014 kohtuulliseen hintaan. Toimitukset kaikkialle Suomeen! \u261b Tutustu tuotteeseen ja tilaa k\u00e4tev\u00e4sti STORIT-verkkokaupasta!","og_url":"https:\/\/storitgroup.com\/fi\/tuote\/reikalevyseinatarvikkeiden-setti-30-erilaista-tarviketta\/","og_site_name":"Storit","article_modified_time":"2026-04-03T17:48:07+00:00","og_image":[{"width":1920,"height":1082,"url":"https:\/\/storitgroup.com\/uploads\/2021\/06\/v0008-perfoseinatarvikute-komplekt-30-erinevat-tarvikut-1-scaled-2.jpg","type":"image\/jpeg"}],"twitter_card":"summary_large_image","schema":{"@context":"https:\/\/schema.org","@graph":[{"@type":["WebPage","ItemPage"],"@id":"https:\/\/storitgroup.com\/fi\/tuote\/reikalevyseinatarvikkeiden-setti-30-erilaista-tarviketta\/","url":"https:\/\/storitgroup.com\/fi\/tuote\/reikalevyseinatarvikkeiden-setti-30-erilaista-tarviketta\/","name":"Reik\u00e4levysein\u00e4tarvikkeiden setti (30 erilaista tarviketta) &#8226; Storit","isPartOf":{"@id":"https:\/\/storitgroup.com\/fi\/#website"},"primaryImageOfPage":{"@id":"https:\/\/storitgroup.com\/fi\/tuote\/reikalevyseinatarvikkeiden-setti-30-erilaista-tarviketta\/#primaryimage"},"image":{"@id":"https:\/\/storitgroup.com\/fi\/tuote\/reikalevyseinatarvikkeiden-setti-30-erilaista-tarviketta\/#primaryimage"},"thumbnailUrl":"https:\/\/storitgroup.com\/uploads\/2021\/06\/v0008-perfoseinatarvikute-komplekt-30-erinevat-tarvikut-1-scaled-2.jpg","datePublished":"2021-03-05T11:30:01+00:00","dateModified":"2026-04-03T17:48:07+00:00","description":"Reik\u00e4levysein\u00e4tarvikkeiden setti (30 erilaista tarviketta) \u2014 kohtuulliseen hintaan. Toimitukset kaikkialle Suomeen! \u261b Tutustu tuotteeseen ja tilaa k\u00e4tev\u00e4sti STORIT-verkkokaupasta!","breadcrumb":{"@id":"https:\/\/storitgroup.com\/fi\/tuote\/reikalevyseinatarvikkeiden-setti-30-erilaista-tarviketta\/#breadcrumb"},"inLanguage":"fi","potentialAction":[{"@type":"ReadAction","target":["https:\/\/storitgroup.com\/fi\/tuote\/reikalevyseinatarvikkeiden-setti-30-erilaista-tarviketta\/"]}]},{"@type":"ImageObject","inLanguage":"fi","@id":"https:\/\/storitgroup.com\/fi\/tuote\/reikalevyseinatarvikkeiden-setti-30-erilaista-tarviketta\/#primaryimage","url":"https:\/\/storitgroup.com\/uploads\/2021\/06\/v0008-perfoseinatarvikute-komplekt-30-erinevat-tarvikut-1-scaled-2.jpg","contentUrl":"https:\/\/storitgroup.com\/uploads\/2021\/06\/v0008-perfoseinatarvikute-komplekt-30-erinevat-tarvikut-1-scaled-2.jpg","width":1920,"height":1082},{"@type":"BreadcrumbList","@id":"https:\/\/storitgroup.com\/fi\/tuote\/reikalevyseinatarvikkeiden-setti-30-erilaista-tarviketta\/#breadcrumb","itemListElement":[{"@type":"ListItem","position":1,"name":"Kotisivu","item":"https:\/\/storitgroup.com\/fi\/"},{"@type":"ListItem","position":2,"name":"Tuotteet","item":"https:\/\/storitgroup.com\/fi\/tuotteet\/"},{"@type":"ListItem","position":3,"name":"P\u00f6yd\u00e4t, tuolit, ty\u00f6kaluvarasto","item":"https:\/\/storitgroup.com\/fi\/poydat-tuolit-tyokaluvarasto\/"},{"@type":"ListItem","position":4,"name":"Reik\u00e4levyt, reik\u00e4levyyn tarvikkeet","item":"https:\/\/storitgroup.com\/fi\/poydat-tuolit-tyokaluvarasto\/reikalevyt-reikalevyyn-tarvikkeet\/"},{"@type":"ListItem","position":5,"name":"Reik\u00e4levyt: INTRA","item":"https:\/\/storitgroup.com\/fi\/poydat-tuolit-tyokaluvarasto\/reikalevyt-reikalevyyn-tarvikkeet\/reikalevyt-intra\/"},{"@type":"ListItem","position":6,"name":"Reik\u00e4levysein\u00e4tarvikkeiden setti (30 erilaista tarviketta)"}]},{"@type":"WebSite","@id":"https:\/\/storitgroup.com\/fi\/#website","url":"https:\/\/storitgroup.com\/fi\/","name":"Storit","description":"","potentialAction":[{"@type":"SearchAction","target":{"@type":"EntryPoint","urlTemplate":"https:\/\/storitgroup.com\/fi\/?s={search_term_string}"},"query-input":{"@type":"PropertyValueSpecification","valueRequired":true,"valueName":"search_term_string"}}],"inLanguage":"fi"}]}},"_links":{"self":[{"href":"https:\/\/storitgroup.com\/fi\/wp-json\/wp\/v2\/product\/14214","targetHints":{"allow":["GET"]}}],"collection":[{"href":"https:\/\/storitgroup.com\/fi\/wp-json\/wp\/v2\/product"}],"about":[{"href":"https:\/\/storitgroup.com\/fi\/wp-json\/wp\/v2\/types\/product"}],"wp:featuredmedia":[{"embeddable":true,"href":"https:\/\/storitgroup.com\/fi\/wp-json\/wp\/v2\/media\/37341"}],"wp:attachment":[{"href":"https:\/\/storitgroup.com\/fi\/wp-json\/wp\/v2\/media?parent=14214"}],"wp:term":[{"taxonomy":"product_brand","embeddable":true,"href":"https:\/\/storitgroup.com\/fi\/wp-json\/wp\/v2\/product_brand?post=14214"},{"taxonomy":"product_cat","embeddable":true,"href":"https:\/\/storitgroup.com\/fi\/wp-json\/wp\/v2\/product_cat?post=14214"},{"taxonomy":"product_tag","embeddable":true,"href":"https:\/\/storitgroup.com\/fi\/wp-json\/wp\/v2\/product_tag?post=14214"}],"curies":[{"name":"wp","href":"https:\/\/api.w.org\/{rel}","templated":true}]}}