{"id":14204,"date":"2021-03-05T15:29:57","date_gmt":"2021-03-05T13:29:57","guid":{"rendered":"https:\/\/storitgroup.com\/?post_type=product&#038;p=14204"},"modified":"2026-04-09T14:38:31","modified_gmt":"2026-04-09T11:38:31","slug":"laatikoston-kuljetusalusta-wf-356","status":"publish","type":"product","link":"https:\/\/storitgroup.com\/fi\/tuote\/laatikoston-kuljetusalusta-wf-356\/","title":{"rendered":"Laatikoston kuljetusalusta WF 356"},"content":{"rendered":"<p>H0182  mitat: 540 x 675 x 170 mm (lsk)<br \/>  umpikumipy\u00f6r\u00e4t\u00a0\u00d8 125 x 27 mm, k\u00e4\u00e4ntyvi\u00e4, joista 2 jarrullisia<br \/>  sopii\u00a0DU\u00a0350 ja\u00a0DU 352 laatikostoille,\u00a0jos niit\u00e4 k\u00e4ytet\u00e4\u00e4n riippumattomana yksikk\u00f6n\u00e4.<\/p>\n","protected":false},"excerpt":{"rendered":"<p>H0182  mitat: 540 x 675 x 170 mm (lsk)<br \/>\n  umpikumipy\u00f6r\u00e4t\u00a0\u00d8 125 x 27 mm, k\u00e4\u00e4ntyvi\u00e4, joista 2 jarrullisia<br \/>\n  sopii\u00a0DU\u00a0350 ja\u00a0DU 352 laatikostoille,\u00a0jos niit\u00e4 k\u00e4ytet\u00e4\u00e4n riippumattomana yksikk\u00f6n\u00e4.<\/p>\n","protected":false},"featured_media":21682,"template":"","meta":{"_acf_changed":false},"product_brand":[],"product_cat":[7066],"product_tag":[],"class_list":{"0":"post-14204","1":"product","2":"type-product","3":"status-publish","4":"has-post-thumbnail","6":"product_room-tyopaja-ja-autotalli","7":"product_room-teollisuus-ja-tuotanto-ergonomiset-tyopaikat-tyokaluvarasto","8":"product_cat-laatikkolokerot","10":"first","11":"onbackorder","12":"taxable","13":"shipping-taxable","14":"purchasable","15":"product-type-simple"},"acf":[],"yoast_head":"<!-- This site is optimized with the Yoast SEO plugin v27.3 - https:\/\/yoast.com\/product\/yoast-seo-wordpress\/ -->\n<title>Laatikoston kuljetusalusta WF 356 &#8226; Storit<\/title>\n<meta name=\"description\" content=\"Laatikoston kuljetusalusta WF 356 \u2014 kohtuulliseen hintaan. Toimitukset kaikkialle Suomeen! \u261b Tutustu tuotteeseen ja tilaa k\u00e4tev\u00e4sti STORIT-verkkokaupasta!\" \/>\n<meta name=\"robots\" content=\"index, follow, max-snippet:-1, max-image-preview:large, max-video-preview:-1\" \/>\n<link rel=\"canonical\" href=\"https:\/\/storitgroup.com\/fi\/tuote\/laatikoston-kuljetusalusta-wf-356\/\" \/>\n<meta property=\"og:locale\" content=\"fi_FI\" \/>\n<meta property=\"og:type\" content=\"article\" \/>\n<meta property=\"og:title\" content=\"Laatikoston kuljetusalusta WF 356 &#8226; Storit\" \/>\n<meta property=\"og:description\" content=\"Laatikoston kuljetusalusta WF 356 \u2014 kohtuulliseen hintaan. Toimitukset kaikkialle Suomeen! \u261b Tutustu tuotteeseen ja tilaa k\u00e4tev\u00e4sti STORIT-verkkokaupasta!\" \/>\n<meta property=\"og:url\" content=\"https:\/\/storitgroup.com\/fi\/tuote\/laatikoston-kuljetusalusta-wf-356\/\" \/>\n<meta property=\"og:site_name\" content=\"Storit\" \/>\n<meta property=\"article:modified_time\" content=\"2026-04-09T11:38:31+00:00\" \/>\n<meta property=\"og:image\" content=\"https:\/\/storitgroup.com\/uploads\/2021\/03\/sahtliboksi-ratastega-alusraam-1.jpg\" \/>\n\t<meta property=\"og:image:width\" content=\"1920\" \/>\n\t<meta property=\"og:image:height\" content=\"1917\" \/>\n\t<meta property=\"og:image:type\" content=\"image\/jpeg\" \/>\n<meta name=\"twitter:card\" content=\"summary_large_image\" \/>\n<script type=\"application\/ld+json\" class=\"yoast-schema-graph\">{\"@context\":\"https:\\\/\\\/schema.org\",\"@graph\":[{\"@type\":[\"WebPage\",\"ItemPage\"],\"@id\":\"https:\\\/\\\/storitgroup.com\\\/fi\\\/tuote\\\/laatikoston-kuljetusalusta-wf-356\\\/\",\"url\":\"https:\\\/\\\/storitgroup.com\\\/fi\\\/tuote\\\/laatikoston-kuljetusalusta-wf-356\\\/\",\"name\":\"Laatikoston kuljetusalusta WF 356 &#8226; Storit\",\"isPartOf\":{\"@id\":\"https:\\\/\\\/storitgroup.com\\\/fi\\\/#website\"},\"primaryImageOfPage\":{\"@id\":\"https:\\\/\\\/storitgroup.com\\\/fi\\\/tuote\\\/laatikoston-kuljetusalusta-wf-356\\\/#primaryimage\"},\"image\":{\"@id\":\"https:\\\/\\\/storitgroup.com\\\/fi\\\/tuote\\\/laatikoston-kuljetusalusta-wf-356\\\/#primaryimage\"},\"thumbnailUrl\":\"https:\\\/\\\/storitgroup.com\\\/uploads\\\/2021\\\/03\\\/sahtliboksi-ratastega-alusraam-1.jpg\",\"datePublished\":\"2021-03-05T13:29:57+00:00\",\"dateModified\":\"2026-04-09T11:38:31+00:00\",\"description\":\"Laatikoston kuljetusalusta WF 356 \u2014 kohtuulliseen hintaan. Toimitukset kaikkialle Suomeen! \u261b Tutustu tuotteeseen ja tilaa k\u00e4tev\u00e4sti STORIT-verkkokaupasta!\",\"breadcrumb\":{\"@id\":\"https:\\\/\\\/storitgroup.com\\\/fi\\\/tuote\\\/laatikoston-kuljetusalusta-wf-356\\\/#breadcrumb\"},\"inLanguage\":\"fi\",\"potentialAction\":[{\"@type\":\"ReadAction\",\"target\":[\"https:\\\/\\\/storitgroup.com\\\/fi\\\/tuote\\\/laatikoston-kuljetusalusta-wf-356\\\/\"]}]},{\"@type\":\"ImageObject\",\"inLanguage\":\"fi\",\"@id\":\"https:\\\/\\\/storitgroup.com\\\/fi\\\/tuote\\\/laatikoston-kuljetusalusta-wf-356\\\/#primaryimage\",\"url\":\"https:\\\/\\\/storitgroup.com\\\/uploads\\\/2021\\\/03\\\/sahtliboksi-ratastega-alusraam-1.jpg\",\"contentUrl\":\"https:\\\/\\\/storitgroup.com\\\/uploads\\\/2021\\\/03\\\/sahtliboksi-ratastega-alusraam-1.jpg\",\"width\":1920,\"height\":1917},{\"@type\":\"BreadcrumbList\",\"@id\":\"https:\\\/\\\/storitgroup.com\\\/fi\\\/tuote\\\/laatikoston-kuljetusalusta-wf-356\\\/#breadcrumb\",\"itemListElement\":[{\"@type\":\"ListItem\",\"position\":1,\"name\":\"Kotisivu\",\"item\":\"https:\\\/\\\/storitgroup.com\\\/fi\\\/\"},{\"@type\":\"ListItem\",\"position\":2,\"name\":\"Tuotteet\",\"item\":\"https:\\\/\\\/storitgroup.com\\\/fi\\\/tuotteet\\\/\"},{\"@type\":\"ListItem\",\"position\":3,\"name\":\"P\u00f6yd\u00e4t, tuolit, ty\u00f6kaluvarasto\",\"item\":\"https:\\\/\\\/storitgroup.com\\\/fi\\\/poydat-tuolit-tyokaluvarasto\\\/\"},{\"@type\":\"ListItem\",\"position\":4,\"name\":\"Laatikkolokerot\",\"item\":\"https:\\\/\\\/storitgroup.com\\\/fi\\\/poydat-tuolit-tyokaluvarasto\\\/laatikkolokerot\\\/\"},{\"@type\":\"ListItem\",\"position\":5,\"name\":\"Laatikoston kuljetusalusta WF 356\"}]},{\"@type\":\"WebSite\",\"@id\":\"https:\\\/\\\/storitgroup.com\\\/fi\\\/#website\",\"url\":\"https:\\\/\\\/storitgroup.com\\\/fi\\\/\",\"name\":\"Storit\",\"description\":\"\",\"potentialAction\":[{\"@type\":\"SearchAction\",\"target\":{\"@type\":\"EntryPoint\",\"urlTemplate\":\"https:\\\/\\\/storitgroup.com\\\/fi\\\/?s={search_term_string}\"},\"query-input\":{\"@type\":\"PropertyValueSpecification\",\"valueRequired\":true,\"valueName\":\"search_term_string\"}}],\"inLanguage\":\"fi\"}]}<\/script>\n<!-- \/ Yoast SEO plugin. -->","yoast_head_json":{"title":"Laatikoston kuljetusalusta WF 356 &#8226; Storit","description":"Laatikoston kuljetusalusta WF 356 \u2014 kohtuulliseen hintaan. Toimitukset kaikkialle Suomeen! \u261b Tutustu tuotteeseen ja tilaa k\u00e4tev\u00e4sti STORIT-verkkokaupasta!","robots":{"index":"index","follow":"follow","max-snippet":"max-snippet:-1","max-image-preview":"max-image-preview:large","max-video-preview":"max-video-preview:-1"},"canonical":"https:\/\/storitgroup.com\/fi\/tuote\/laatikoston-kuljetusalusta-wf-356\/","og_locale":"fi_FI","og_type":"article","og_title":"Laatikoston kuljetusalusta WF 356 &#8226; Storit","og_description":"Laatikoston kuljetusalusta WF 356 \u2014 kohtuulliseen hintaan. Toimitukset kaikkialle Suomeen! \u261b Tutustu tuotteeseen ja tilaa k\u00e4tev\u00e4sti STORIT-verkkokaupasta!","og_url":"https:\/\/storitgroup.com\/fi\/tuote\/laatikoston-kuljetusalusta-wf-356\/","og_site_name":"Storit","article_modified_time":"2026-04-09T11:38:31+00:00","og_image":[{"width":1920,"height":1917,"url":"https:\/\/storitgroup.com\/uploads\/2021\/03\/sahtliboksi-ratastega-alusraam-1.jpg","type":"image\/jpeg"}],"twitter_card":"summary_large_image","schema":{"@context":"https:\/\/schema.org","@graph":[{"@type":["WebPage","ItemPage"],"@id":"https:\/\/storitgroup.com\/fi\/tuote\/laatikoston-kuljetusalusta-wf-356\/","url":"https:\/\/storitgroup.com\/fi\/tuote\/laatikoston-kuljetusalusta-wf-356\/","name":"Laatikoston kuljetusalusta WF 356 &#8226; Storit","isPartOf":{"@id":"https:\/\/storitgroup.com\/fi\/#website"},"primaryImageOfPage":{"@id":"https:\/\/storitgroup.com\/fi\/tuote\/laatikoston-kuljetusalusta-wf-356\/#primaryimage"},"image":{"@id":"https:\/\/storitgroup.com\/fi\/tuote\/laatikoston-kuljetusalusta-wf-356\/#primaryimage"},"thumbnailUrl":"https:\/\/storitgroup.com\/uploads\/2021\/03\/sahtliboksi-ratastega-alusraam-1.jpg","datePublished":"2021-03-05T13:29:57+00:00","dateModified":"2026-04-09T11:38:31+00:00","description":"Laatikoston kuljetusalusta WF 356 \u2014 kohtuulliseen hintaan. Toimitukset kaikkialle Suomeen! \u261b Tutustu tuotteeseen ja tilaa k\u00e4tev\u00e4sti STORIT-verkkokaupasta!","breadcrumb":{"@id":"https:\/\/storitgroup.com\/fi\/tuote\/laatikoston-kuljetusalusta-wf-356\/#breadcrumb"},"inLanguage":"fi","potentialAction":[{"@type":"ReadAction","target":["https:\/\/storitgroup.com\/fi\/tuote\/laatikoston-kuljetusalusta-wf-356\/"]}]},{"@type":"ImageObject","inLanguage":"fi","@id":"https:\/\/storitgroup.com\/fi\/tuote\/laatikoston-kuljetusalusta-wf-356\/#primaryimage","url":"https:\/\/storitgroup.com\/uploads\/2021\/03\/sahtliboksi-ratastega-alusraam-1.jpg","contentUrl":"https:\/\/storitgroup.com\/uploads\/2021\/03\/sahtliboksi-ratastega-alusraam-1.jpg","width":1920,"height":1917},{"@type":"BreadcrumbList","@id":"https:\/\/storitgroup.com\/fi\/tuote\/laatikoston-kuljetusalusta-wf-356\/#breadcrumb","itemListElement":[{"@type":"ListItem","position":1,"name":"Kotisivu","item":"https:\/\/storitgroup.com\/fi\/"},{"@type":"ListItem","position":2,"name":"Tuotteet","item":"https:\/\/storitgroup.com\/fi\/tuotteet\/"},{"@type":"ListItem","position":3,"name":"P\u00f6yd\u00e4t, tuolit, ty\u00f6kaluvarasto","item":"https:\/\/storitgroup.com\/fi\/poydat-tuolit-tyokaluvarasto\/"},{"@type":"ListItem","position":4,"name":"Laatikkolokerot","item":"https:\/\/storitgroup.com\/fi\/poydat-tuolit-tyokaluvarasto\/laatikkolokerot\/"},{"@type":"ListItem","position":5,"name":"Laatikoston kuljetusalusta WF 356"}]},{"@type":"WebSite","@id":"https:\/\/storitgroup.com\/fi\/#website","url":"https:\/\/storitgroup.com\/fi\/","name":"Storit","description":"","potentialAction":[{"@type":"SearchAction","target":{"@type":"EntryPoint","urlTemplate":"https:\/\/storitgroup.com\/fi\/?s={search_term_string}"},"query-input":{"@type":"PropertyValueSpecification","valueRequired":true,"valueName":"search_term_string"}}],"inLanguage":"fi"}]}},"_links":{"self":[{"href":"https:\/\/storitgroup.com\/fi\/wp-json\/wp\/v2\/product\/14204","targetHints":{"allow":["GET"]}}],"collection":[{"href":"https:\/\/storitgroup.com\/fi\/wp-json\/wp\/v2\/product"}],"about":[{"href":"https:\/\/storitgroup.com\/fi\/wp-json\/wp\/v2\/types\/product"}],"wp:featuredmedia":[{"embeddable":true,"href":"https:\/\/storitgroup.com\/fi\/wp-json\/wp\/v2\/media\/21682"}],"wp:attachment":[{"href":"https:\/\/storitgroup.com\/fi\/wp-json\/wp\/v2\/media?parent=14204"}],"wp:term":[{"taxonomy":"product_brand","embeddable":true,"href":"https:\/\/storitgroup.com\/fi\/wp-json\/wp\/v2\/product_brand?post=14204"},{"taxonomy":"product_cat","embeddable":true,"href":"https:\/\/storitgroup.com\/fi\/wp-json\/wp\/v2\/product_cat?post=14204"},{"taxonomy":"product_tag","embeddable":true,"href":"https:\/\/storitgroup.com\/fi\/wp-json\/wp\/v2\/product_tag?post=14204"}],"curies":[{"name":"wp","href":"https:\/\/api.w.org\/{rel}","templated":true}]}}