{"id":14193,"date":"2021-03-05T15:29:51","date_gmt":"2021-03-05T13:29:51","guid":{"rendered":"https:\/\/storitgroup.com\/?post_type=product&#038;p=14193"},"modified":"2026-04-08T21:33:12","modified_gmt":"2026-04-08T18:33:12","slug":"tyopoydan-reikalevyjen-ja-tarvikkeiden-setti-2000mm-tyopoydalle-2","status":"publish","type":"product","link":"https:\/\/storitgroup.com\/fi\/tuote\/tyopoydan-reikalevyjen-ja-tarvikkeiden-setti-2000mm-tyopoydalle-2\/","title":{"rendered":"Reik\u00e4levyjen ja tarvikkeiden setti ty\u00f6p\u00f6yd\u00e4lle 2000 mm leveyksell\u00e4"},"content":{"rendered":"<p>Valmis setti p\u00f6yt\u00e4\u00e4n, joka tekee siit\u00e4 t\u00e4ydellisen ty\u00f6paikan hyllyill\u00e4, rei\u00b4itetyill\u00e4 paneeleilla ja 30 erillaisella haulla ja pidikkeell\u00e4. Sarja sis\u00e4lt\u00e4\u00e4:<br \/>3 kpl. \u2013 rei\u00b4itetty tukipylv\u00e4s 1446 mm,<br \/>1 kpl. \u2013 asennuskehys 1920 mm,<br \/>2 kpl. \u2013 vaakatuki 875 mm,<br \/>2 kpl. \u2013 hylly 875&#215;300 mm,<br \/>2 kpl. \u2013 rei\u00b4itetty paneeli 666&#215;480 mm,<br \/>1 kpl. \u2013 laatikkokisko 645&#215;75 mm,<br \/>5 kpl. \u2013 muovinen s\u00e4ilytyslaatikko,<br \/>1 kpl. \u2013 setti, jossa 30 lis\u00e4varustetta (V0008 piikit, laatikot, pidikkeet),<br \/>1 kpl. \u2013 laatikon sovitin.<br \/>Maksimikorkeus p\u00f6yd\u00e4n yl\u00e4puolella 1045 mm, minimi 550 mm.<\/p>\n<p>Sopii 2000 mm leveisiin ty\u00f6p\u00f6ytiin.<\/p>\n","protected":false},"excerpt":{"rendered":"<p>Valmis setti p\u00f6yt\u00e4\u00e4n, joka tekee siit\u00e4 t\u00e4ydellisen ty\u00f6paikan hyllyill\u00e4, rei\u00b4itetyill\u00e4 paneeleilla ja 30 erillaisella haulla ja pidikkeell\u00e4. Sarja sis\u00e4lt\u00e4\u00e4:<br \/>\n3 kpl. \u2013 rei\u00b4itetty tukipylv\u00e4s 1446 mm,<br \/>\n1 kpl. \u2013 asennuskehys 1920 mm,<\/p>\n","protected":false},"featured_media":215119,"template":"","meta":{"_acf_changed":false},"product_brand":[],"product_cat":[8411],"product_tag":[],"class_list":{"0":"post-14193","1":"product","2":"type-product","3":"status-publish","4":"has-post-thumbnail","6":"product_room-tyopaja-ja-autotalli","7":"product_room-kaupankaynti-ja-myymalat","8":"product_room-pieni-varasto","9":"product_room-teollisuus-ja-tuotanto-ergonomiset-tyopaikat-tyokaluvarasto","10":"product_room-kotiratkaisut","11":"product_cat-tyopoydat-intra","13":"first","14":"onbackorder","15":"sold-individually","16":"taxable","17":"shipping-taxable","18":"purchasable","19":"product-type-simple"},"acf":[],"yoast_head":"<!-- This site is optimized with the Yoast SEO plugin v27.2 - https:\/\/yoast.com\/product\/yoast-seo-wordpress\/ -->\n<title>Reik\u00e4levyjen ja tarvikkeiden setti ty\u00f6p\u00f6yd\u00e4lle 2000 mm leveyksell\u00e4 &#8226; Storit<\/title>\n<meta name=\"description\" content=\"Reik\u00e4levyjen ja tarvikkeiden setti ty\u00f6p\u00f6yd\u00e4lle 2000 mm leveyksell\u00e4 \u2014 kohtuulliseen hintaan. Toimitukset kaikkialle Suomeen! \u261b Tutustu tuotteeseen ja tilaa k\u00e4tev\u00e4sti STORIT-verkkokaupasta!\" \/>\n<meta name=\"robots\" content=\"index, follow, max-snippet:-1, max-image-preview:large, max-video-preview:-1\" \/>\n<link rel=\"canonical\" href=\"https:\/\/storitgroup.com\/fi\/tuote\/tyopoydan-reikalevyjen-ja-tarvikkeiden-setti-2000mm-tyopoydalle-2\/\" \/>\n<meta property=\"og:locale\" content=\"fi_FI\" \/>\n<meta property=\"og:type\" content=\"article\" \/>\n<meta property=\"og:title\" content=\"Reik\u00e4levyjen ja tarvikkeiden setti ty\u00f6p\u00f6yd\u00e4lle 2000 mm leveyksell\u00e4 &#8226; Storit\" \/>\n<meta property=\"og:description\" content=\"Reik\u00e4levyjen ja tarvikkeiden setti ty\u00f6p\u00f6yd\u00e4lle 2000 mm leveyksell\u00e4 \u2014 kohtuulliseen hintaan. Toimitukset kaikkialle Suomeen! \u261b Tutustu tuotteeseen ja tilaa k\u00e4tev\u00e4sti STORIT-verkkokaupasta!\" \/>\n<meta property=\"og:url\" content=\"https:\/\/storitgroup.com\/fi\/tuote\/tyopoydan-reikalevyjen-ja-tarvikkeiden-setti-2000mm-tyopoydalle-2\/\" \/>\n<meta property=\"og:site_name\" content=\"Storit\" \/>\n<meta property=\"article:modified_time\" content=\"2026-04-08T18:33:12+00:00\" \/>\n<meta property=\"og:image\" content=\"https:\/\/storitgroup.com\/uploads\/2021\/03\/38.-4035074322.jpg\" \/>\n\t<meta property=\"og:image:width\" content=\"499\" \/>\n\t<meta property=\"og:image:height\" content=\"400\" \/>\n\t<meta property=\"og:image:type\" content=\"image\/jpeg\" \/>\n<meta name=\"twitter:card\" content=\"summary_large_image\" \/>\n<script type=\"application\/ld+json\" class=\"yoast-schema-graph\">{\"@context\":\"https:\/\/schema.org\",\"@graph\":[{\"@type\":[\"WebPage\",\"ItemPage\"],\"@id\":\"https:\/\/storitgroup.com\/fi\/tuote\/tyopoydan-reikalevyjen-ja-tarvikkeiden-setti-2000mm-tyopoydalle-2\/\",\"url\":\"https:\/\/storitgroup.com\/fi\/tuote\/tyopoydan-reikalevyjen-ja-tarvikkeiden-setti-2000mm-tyopoydalle-2\/\",\"name\":\"Reik\u00e4levyjen ja tarvikkeiden setti ty\u00f6p\u00f6yd\u00e4lle 2000 mm leveyksell\u00e4 &#8226; Storit\",\"isPartOf\":{\"@id\":\"https:\/\/storitgroup.com\/fi\/#website\"},\"primaryImageOfPage\":{\"@id\":\"https:\/\/storitgroup.com\/fi\/tuote\/tyopoydan-reikalevyjen-ja-tarvikkeiden-setti-2000mm-tyopoydalle-2\/#primaryimage\"},\"image\":{\"@id\":\"https:\/\/storitgroup.com\/fi\/tuote\/tyopoydan-reikalevyjen-ja-tarvikkeiden-setti-2000mm-tyopoydalle-2\/#primaryimage\"},\"thumbnailUrl\":\"https:\/\/storitgroup.com\/uploads\/2021\/03\/38.-4035074322.jpg\",\"datePublished\":\"2021-03-05T13:29:51+00:00\",\"dateModified\":\"2026-04-08T18:33:12+00:00\",\"description\":\"Reik\u00e4levyjen ja tarvikkeiden setti ty\u00f6p\u00f6yd\u00e4lle 2000 mm leveyksell\u00e4 \u2014 kohtuulliseen hintaan. Toimitukset kaikkialle Suomeen! \u261b Tutustu tuotteeseen ja tilaa k\u00e4tev\u00e4sti STORIT-verkkokaupasta!\",\"breadcrumb\":{\"@id\":\"https:\/\/storitgroup.com\/fi\/tuote\/tyopoydan-reikalevyjen-ja-tarvikkeiden-setti-2000mm-tyopoydalle-2\/#breadcrumb\"},\"inLanguage\":\"fi\",\"potentialAction\":[{\"@type\":\"ReadAction\",\"target\":[\"https:\/\/storitgroup.com\/fi\/tuote\/tyopoydan-reikalevyjen-ja-tarvikkeiden-setti-2000mm-tyopoydalle-2\/\"]}]},{\"@type\":\"ImageObject\",\"inLanguage\":\"fi\",\"@id\":\"https:\/\/storitgroup.com\/fi\/tuote\/tyopoydan-reikalevyjen-ja-tarvikkeiden-setti-2000mm-tyopoydalle-2\/#primaryimage\",\"url\":\"https:\/\/storitgroup.com\/uploads\/2021\/03\/38.-4035074322.jpg\",\"contentUrl\":\"https:\/\/storitgroup.com\/uploads\/2021\/03\/38.-4035074322.jpg\",\"width\":499,\"height\":400},{\"@type\":\"BreadcrumbList\",\"@id\":\"https:\/\/storitgroup.com\/fi\/tuote\/tyopoydan-reikalevyjen-ja-tarvikkeiden-setti-2000mm-tyopoydalle-2\/#breadcrumb\",\"itemListElement\":[{\"@type\":\"ListItem\",\"position\":1,\"name\":\"Kotisivu\",\"item\":\"https:\/\/storitgroup.com\/fi\/\"},{\"@type\":\"ListItem\",\"position\":2,\"name\":\"Tuotteet\",\"item\":\"https:\/\/storitgroup.com\/fi\/tuotteet\/\"},{\"@type\":\"ListItem\",\"position\":3,\"name\":\"P\u00f6yd\u00e4t, tuolit, ty\u00f6kaluvarasto\",\"item\":\"https:\/\/storitgroup.com\/fi\/poydat-tuolit-tyokaluvarasto\/\"},{\"@type\":\"ListItem\",\"position\":4,\"name\":\"Ty\u00f6p\u00f6yd\u00e4t\",\"item\":\"https:\/\/storitgroup.com\/fi\/poydat-tuolit-tyokaluvarasto\/tyopoydat\/\"},{\"@type\":\"ListItem\",\"position\":5,\"name\":\"Ty\u00f6p\u00f6yd\u00e4t: INTRA\",\"item\":\"https:\/\/storitgroup.com\/fi\/poydat-tuolit-tyokaluvarasto\/tyopoydat\/tyopoydat-intra\/\"},{\"@type\":\"ListItem\",\"position\":6,\"name\":\"Reik\u00e4levyjen ja tarvikkeiden setti ty\u00f6p\u00f6yd\u00e4lle 2000 mm leveyksell\u00e4\"}]},{\"@type\":\"WebSite\",\"@id\":\"https:\/\/storitgroup.com\/fi\/#website\",\"url\":\"https:\/\/storitgroup.com\/fi\/\",\"name\":\"Storit\",\"description\":\"\",\"potentialAction\":[{\"@type\":\"SearchAction\",\"target\":{\"@type\":\"EntryPoint\",\"urlTemplate\":\"https:\/\/storitgroup.com\/fi\/?s={search_term_string}\"},\"query-input\":{\"@type\":\"PropertyValueSpecification\",\"valueRequired\":true,\"valueName\":\"search_term_string\"}}],\"inLanguage\":\"fi\"}]}<\/script>\n<!-- \/ Yoast SEO plugin. -->","yoast_head_json":{"title":"Reik\u00e4levyjen ja tarvikkeiden setti ty\u00f6p\u00f6yd\u00e4lle 2000 mm leveyksell\u00e4 &#8226; Storit","description":"Reik\u00e4levyjen ja tarvikkeiden setti ty\u00f6p\u00f6yd\u00e4lle 2000 mm leveyksell\u00e4 \u2014 kohtuulliseen hintaan. Toimitukset kaikkialle Suomeen! \u261b Tutustu tuotteeseen ja tilaa k\u00e4tev\u00e4sti STORIT-verkkokaupasta!","robots":{"index":"index","follow":"follow","max-snippet":"max-snippet:-1","max-image-preview":"max-image-preview:large","max-video-preview":"max-video-preview:-1"},"canonical":"https:\/\/storitgroup.com\/fi\/tuote\/tyopoydan-reikalevyjen-ja-tarvikkeiden-setti-2000mm-tyopoydalle-2\/","og_locale":"fi_FI","og_type":"article","og_title":"Reik\u00e4levyjen ja tarvikkeiden setti ty\u00f6p\u00f6yd\u00e4lle 2000 mm leveyksell\u00e4 &#8226; Storit","og_description":"Reik\u00e4levyjen ja tarvikkeiden setti ty\u00f6p\u00f6yd\u00e4lle 2000 mm leveyksell\u00e4 \u2014 kohtuulliseen hintaan. Toimitukset kaikkialle Suomeen! \u261b Tutustu tuotteeseen ja tilaa k\u00e4tev\u00e4sti STORIT-verkkokaupasta!","og_url":"https:\/\/storitgroup.com\/fi\/tuote\/tyopoydan-reikalevyjen-ja-tarvikkeiden-setti-2000mm-tyopoydalle-2\/","og_site_name":"Storit","article_modified_time":"2026-04-08T18:33:12+00:00","og_image":[{"width":499,"height":400,"url":"https:\/\/storitgroup.com\/uploads\/2021\/03\/38.-4035074322.jpg","type":"image\/jpeg"}],"twitter_card":"summary_large_image","schema":{"@context":"https:\/\/schema.org","@graph":[{"@type":["WebPage","ItemPage"],"@id":"https:\/\/storitgroup.com\/fi\/tuote\/tyopoydan-reikalevyjen-ja-tarvikkeiden-setti-2000mm-tyopoydalle-2\/","url":"https:\/\/storitgroup.com\/fi\/tuote\/tyopoydan-reikalevyjen-ja-tarvikkeiden-setti-2000mm-tyopoydalle-2\/","name":"Reik\u00e4levyjen ja tarvikkeiden setti ty\u00f6p\u00f6yd\u00e4lle 2000 mm leveyksell\u00e4 &#8226; Storit","isPartOf":{"@id":"https:\/\/storitgroup.com\/fi\/#website"},"primaryImageOfPage":{"@id":"https:\/\/storitgroup.com\/fi\/tuote\/tyopoydan-reikalevyjen-ja-tarvikkeiden-setti-2000mm-tyopoydalle-2\/#primaryimage"},"image":{"@id":"https:\/\/storitgroup.com\/fi\/tuote\/tyopoydan-reikalevyjen-ja-tarvikkeiden-setti-2000mm-tyopoydalle-2\/#primaryimage"},"thumbnailUrl":"https:\/\/storitgroup.com\/uploads\/2021\/03\/38.-4035074322.jpg","datePublished":"2021-03-05T13:29:51+00:00","dateModified":"2026-04-08T18:33:12+00:00","description":"Reik\u00e4levyjen ja tarvikkeiden setti ty\u00f6p\u00f6yd\u00e4lle 2000 mm leveyksell\u00e4 \u2014 kohtuulliseen hintaan. Toimitukset kaikkialle Suomeen! \u261b Tutustu tuotteeseen ja tilaa k\u00e4tev\u00e4sti STORIT-verkkokaupasta!","breadcrumb":{"@id":"https:\/\/storitgroup.com\/fi\/tuote\/tyopoydan-reikalevyjen-ja-tarvikkeiden-setti-2000mm-tyopoydalle-2\/#breadcrumb"},"inLanguage":"fi","potentialAction":[{"@type":"ReadAction","target":["https:\/\/storitgroup.com\/fi\/tuote\/tyopoydan-reikalevyjen-ja-tarvikkeiden-setti-2000mm-tyopoydalle-2\/"]}]},{"@type":"ImageObject","inLanguage":"fi","@id":"https:\/\/storitgroup.com\/fi\/tuote\/tyopoydan-reikalevyjen-ja-tarvikkeiden-setti-2000mm-tyopoydalle-2\/#primaryimage","url":"https:\/\/storitgroup.com\/uploads\/2021\/03\/38.-4035074322.jpg","contentUrl":"https:\/\/storitgroup.com\/uploads\/2021\/03\/38.-4035074322.jpg","width":499,"height":400},{"@type":"BreadcrumbList","@id":"https:\/\/storitgroup.com\/fi\/tuote\/tyopoydan-reikalevyjen-ja-tarvikkeiden-setti-2000mm-tyopoydalle-2\/#breadcrumb","itemListElement":[{"@type":"ListItem","position":1,"name":"Kotisivu","item":"https:\/\/storitgroup.com\/fi\/"},{"@type":"ListItem","position":2,"name":"Tuotteet","item":"https:\/\/storitgroup.com\/fi\/tuotteet\/"},{"@type":"ListItem","position":3,"name":"P\u00f6yd\u00e4t, tuolit, ty\u00f6kaluvarasto","item":"https:\/\/storitgroup.com\/fi\/poydat-tuolit-tyokaluvarasto\/"},{"@type":"ListItem","position":4,"name":"Ty\u00f6p\u00f6yd\u00e4t","item":"https:\/\/storitgroup.com\/fi\/poydat-tuolit-tyokaluvarasto\/tyopoydat\/"},{"@type":"ListItem","position":5,"name":"Ty\u00f6p\u00f6yd\u00e4t: INTRA","item":"https:\/\/storitgroup.com\/fi\/poydat-tuolit-tyokaluvarasto\/tyopoydat\/tyopoydat-intra\/"},{"@type":"ListItem","position":6,"name":"Reik\u00e4levyjen ja tarvikkeiden setti ty\u00f6p\u00f6yd\u00e4lle 2000 mm leveyksell\u00e4"}]},{"@type":"WebSite","@id":"https:\/\/storitgroup.com\/fi\/#website","url":"https:\/\/storitgroup.com\/fi\/","name":"Storit","description":"","potentialAction":[{"@type":"SearchAction","target":{"@type":"EntryPoint","urlTemplate":"https:\/\/storitgroup.com\/fi\/?s={search_term_string}"},"query-input":{"@type":"PropertyValueSpecification","valueRequired":true,"valueName":"search_term_string"}}],"inLanguage":"fi"}]}},"_links":{"self":[{"href":"https:\/\/storitgroup.com\/fi\/wp-json\/wp\/v2\/product\/14193","targetHints":{"allow":["GET"]}}],"collection":[{"href":"https:\/\/storitgroup.com\/fi\/wp-json\/wp\/v2\/product"}],"about":[{"href":"https:\/\/storitgroup.com\/fi\/wp-json\/wp\/v2\/types\/product"}],"wp:featuredmedia":[{"embeddable":true,"href":"https:\/\/storitgroup.com\/fi\/wp-json\/wp\/v2\/media\/215119"}],"wp:attachment":[{"href":"https:\/\/storitgroup.com\/fi\/wp-json\/wp\/v2\/media?parent=14193"}],"wp:term":[{"taxonomy":"product_brand","embeddable":true,"href":"https:\/\/storitgroup.com\/fi\/wp-json\/wp\/v2\/product_brand?post=14193"},{"taxonomy":"product_cat","embeddable":true,"href":"https:\/\/storitgroup.com\/fi\/wp-json\/wp\/v2\/product_cat?post=14193"},{"taxonomy":"product_tag","embeddable":true,"href":"https:\/\/storitgroup.com\/fi\/wp-json\/wp\/v2\/product_tag?post=14193"}],"curies":[{"name":"wp","href":"https:\/\/api.w.org\/{rel}","templated":true}]}}