{"id":14187,"date":"2021-03-05T15:29:47","date_gmt":"2021-03-05T13:29:47","guid":{"rendered":"https:\/\/storitgroup.com\/?post_type=product&#038;p=14187"},"modified":"2025-02-08T07:46:53","modified_gmt":"2025-02-08T05:46:53","slug":"tyopoydan-laatikko-sd-310-535-x-665-x-100mm","status":"publish","type":"product","link":"https:\/\/storitgroup.com\/fi\/tuote\/tyopoydan-laatikko-sd-310-535-x-665-x-100mm\/","title":{"rendered":"Laatikko ty\u00f6p\u00f6yd\u00e4lle 535x665x150 mm"},"content":{"rendered":"<p>Laatikko ty\u00f6tason alle asennettavaksi. Turvallisempaa s\u00e4ilytyst\u00e4 varten laatikko on varustettu kahdella avaimella varustetulla sylinterilukolla. Kuulalaakeroitu teleskooppinen vetolaatikko on 100 % avattava.<\/p>\n<p>Laatikoston mitat: syvyys 665 mm, leveys 535 mm, korkeus 150 mm.<br \/>Laatikon mitat: syvyys 606 mm, leveys 450 mm, korkeus 100 mm.<\/p>\n","protected":false},"excerpt":{"rendered":"<p>Laatikko ty\u00f6tason alle asennettavaksi. Turvallisempaa s\u00e4ilytyst\u00e4 varten laatikko on varustettu kahdella avaimella varustetulla sylinterilukolla. Kuulalaakeroitu teleskooppinen vetolaatikko on 100 % avattava.<\/p>\n<p>Laatikoston mitat: syvyys 665 mm, leveys 535 mm, korkeus 150 mm.<\/p>\n","protected":false},"featured_media":215159,"template":"","meta":{"_acf_changed":false},"product_brand":[],"product_cat":[8411],"product_tag":[],"class_list":{"0":"post-14187","1":"product","2":"type-product","3":"status-publish","4":"has-post-thumbnail","6":"product_room-laakeyhtiot-ja-laboratoriot","7":"product_room-teollisuus-ja-tuotanto-ergonomiset-tyopaikat-tyokaluvarasto","8":"product_room-kotitoimisto","9":"product_room-kotiratkaisut","10":"product_room-kiinteistokehitys","11":"product_room-tyopaja-ja-autotalli","12":"product_room-kuljetus-ja-logistiikka","13":"product_room-ruuan-kasittely","14":"product_room-arkisto-museo","15":"product_room-kaupankaynti-ja-myymalat","16":"product_room-kokoonpano-ja-keraily","17":"product_room-pakkaus","18":"product_room-toimisto","19":"product_room-koulut-ja-paivakodit","20":"product_cat-tyopoydat-intra","22":"first","23":"instock","24":"taxable","25":"shipping-taxable","26":"purchasable","27":"product-type-simple"},"acf":[],"yoast_head":"<!-- This site is optimized with the Yoast SEO plugin v27.3 - https:\/\/yoast.com\/product\/yoast-seo-wordpress\/ -->\n<title>Laatikko ty\u00f6p\u00f6yd\u00e4lle 535x665x150 mm &#8226; Storit<\/title>\n<meta name=\"description\" content=\"Laatikko ty\u00f6p\u00f6yd\u00e4lle 535x665x150 mm \u2014 kohtuulliseen hintaan. Toimitukset kaikkialle Suomeen! \u261b Tutustu tuotteeseen ja tilaa k\u00e4tev\u00e4sti STORIT-verkkokaupasta!\" \/>\n<meta name=\"robots\" content=\"index, follow, max-snippet:-1, max-image-preview:large, max-video-preview:-1\" \/>\n<link rel=\"canonical\" href=\"https:\/\/storitgroup.com\/fi\/tuote\/tyopoydan-laatikko-sd-310-535-x-665-x-100mm\/\" \/>\n<meta property=\"og:locale\" content=\"fi_FI\" \/>\n<meta property=\"og:type\" content=\"article\" \/>\n<meta property=\"og:title\" content=\"Laatikko ty\u00f6p\u00f6yd\u00e4lle 535x665x150 mm &#8226; Storit\" \/>\n<meta property=\"og:description\" content=\"Laatikko ty\u00f6p\u00f6yd\u00e4lle 535x665x150 mm \u2014 kohtuulliseen hintaan. Toimitukset kaikkialle Suomeen! \u261b Tutustu tuotteeseen ja tilaa k\u00e4tev\u00e4sti STORIT-verkkokaupasta!\" \/>\n<meta property=\"og:url\" content=\"https:\/\/storitgroup.com\/fi\/tuote\/tyopoydan-laatikko-sd-310-535-x-665-x-100mm\/\" \/>\n<meta property=\"og:site_name\" content=\"Storit\" \/>\n<meta property=\"article:modified_time\" content=\"2025-02-08T05:46:53+00:00\" \/>\n<meta property=\"og:image\" content=\"https:\/\/storitgroup.com\/uploads\/2021\/03\/41.-4035074310.jpg\" \/>\n\t<meta property=\"og:image:width\" content=\"500\" \/>\n\t<meta property=\"og:image:height\" content=\"397\" \/>\n\t<meta property=\"og:image:type\" content=\"image\/jpeg\" \/>\n<meta name=\"twitter:card\" content=\"summary_large_image\" \/>\n<script type=\"application\/ld+json\" class=\"yoast-schema-graph\">{\"@context\":\"https:\\\/\\\/schema.org\",\"@graph\":[{\"@type\":[\"WebPage\",\"ItemPage\"],\"@id\":\"https:\\\/\\\/storitgroup.com\\\/fi\\\/tuote\\\/tyopoydan-laatikko-sd-310-535-x-665-x-100mm\\\/\",\"url\":\"https:\\\/\\\/storitgroup.com\\\/fi\\\/tuote\\\/tyopoydan-laatikko-sd-310-535-x-665-x-100mm\\\/\",\"name\":\"Laatikko ty\u00f6p\u00f6yd\u00e4lle 535x665x150 mm &#8226; Storit\",\"isPartOf\":{\"@id\":\"https:\\\/\\\/storitgroup.com\\\/fi\\\/#website\"},\"primaryImageOfPage\":{\"@id\":\"https:\\\/\\\/storitgroup.com\\\/fi\\\/tuote\\\/tyopoydan-laatikko-sd-310-535-x-665-x-100mm\\\/#primaryimage\"},\"image\":{\"@id\":\"https:\\\/\\\/storitgroup.com\\\/fi\\\/tuote\\\/tyopoydan-laatikko-sd-310-535-x-665-x-100mm\\\/#primaryimage\"},\"thumbnailUrl\":\"https:\\\/\\\/storitgroup.com\\\/uploads\\\/2021\\\/03\\\/41.-4035074310.jpg\",\"datePublished\":\"2021-03-05T13:29:47+00:00\",\"dateModified\":\"2025-02-08T05:46:53+00:00\",\"description\":\"Laatikko ty\u00f6p\u00f6yd\u00e4lle 535x665x150 mm \u2014 kohtuulliseen hintaan. Toimitukset kaikkialle Suomeen! \u261b Tutustu tuotteeseen ja tilaa k\u00e4tev\u00e4sti STORIT-verkkokaupasta!\",\"breadcrumb\":{\"@id\":\"https:\\\/\\\/storitgroup.com\\\/fi\\\/tuote\\\/tyopoydan-laatikko-sd-310-535-x-665-x-100mm\\\/#breadcrumb\"},\"inLanguage\":\"fi\",\"potentialAction\":[{\"@type\":\"ReadAction\",\"target\":[\"https:\\\/\\\/storitgroup.com\\\/fi\\\/tuote\\\/tyopoydan-laatikko-sd-310-535-x-665-x-100mm\\\/\"]}]},{\"@type\":\"ImageObject\",\"inLanguage\":\"fi\",\"@id\":\"https:\\\/\\\/storitgroup.com\\\/fi\\\/tuote\\\/tyopoydan-laatikko-sd-310-535-x-665-x-100mm\\\/#primaryimage\",\"url\":\"https:\\\/\\\/storitgroup.com\\\/uploads\\\/2021\\\/03\\\/41.-4035074310.jpg\",\"contentUrl\":\"https:\\\/\\\/storitgroup.com\\\/uploads\\\/2021\\\/03\\\/41.-4035074310.jpg\",\"width\":500,\"height\":397},{\"@type\":\"BreadcrumbList\",\"@id\":\"https:\\\/\\\/storitgroup.com\\\/fi\\\/tuote\\\/tyopoydan-laatikko-sd-310-535-x-665-x-100mm\\\/#breadcrumb\",\"itemListElement\":[{\"@type\":\"ListItem\",\"position\":1,\"name\":\"Kotisivu\",\"item\":\"https:\\\/\\\/storitgroup.com\\\/fi\\\/\"},{\"@type\":\"ListItem\",\"position\":2,\"name\":\"Tuotteet\",\"item\":\"https:\\\/\\\/storitgroup.com\\\/fi\\\/tuotteet\\\/\"},{\"@type\":\"ListItem\",\"position\":3,\"name\":\"P\u00f6yd\u00e4t, tuolit, ty\u00f6kaluvarasto\",\"item\":\"https:\\\/\\\/storitgroup.com\\\/fi\\\/poydat-tuolit-tyokaluvarasto\\\/\"},{\"@type\":\"ListItem\",\"position\":4,\"name\":\"Ty\u00f6p\u00f6yd\u00e4t\",\"item\":\"https:\\\/\\\/storitgroup.com\\\/fi\\\/poydat-tuolit-tyokaluvarasto\\\/tyopoydat\\\/\"},{\"@type\":\"ListItem\",\"position\":5,\"name\":\"Ty\u00f6p\u00f6yd\u00e4t: INTRA\",\"item\":\"https:\\\/\\\/storitgroup.com\\\/fi\\\/poydat-tuolit-tyokaluvarasto\\\/tyopoydat\\\/tyopoydat-intra\\\/\"},{\"@type\":\"ListItem\",\"position\":6,\"name\":\"Laatikko ty\u00f6p\u00f6yd\u00e4lle 535x665x150 mm\"}]},{\"@type\":\"WebSite\",\"@id\":\"https:\\\/\\\/storitgroup.com\\\/fi\\\/#website\",\"url\":\"https:\\\/\\\/storitgroup.com\\\/fi\\\/\",\"name\":\"Storit\",\"description\":\"\",\"potentialAction\":[{\"@type\":\"SearchAction\",\"target\":{\"@type\":\"EntryPoint\",\"urlTemplate\":\"https:\\\/\\\/storitgroup.com\\\/fi\\\/?s={search_term_string}\"},\"query-input\":{\"@type\":\"PropertyValueSpecification\",\"valueRequired\":true,\"valueName\":\"search_term_string\"}}],\"inLanguage\":\"fi\"}]}<\/script>\n<!-- \/ Yoast SEO plugin. -->","yoast_head_json":{"title":"Laatikko ty\u00f6p\u00f6yd\u00e4lle 535x665x150 mm &#8226; Storit","description":"Laatikko ty\u00f6p\u00f6yd\u00e4lle 535x665x150 mm \u2014 kohtuulliseen hintaan. Toimitukset kaikkialle Suomeen! \u261b Tutustu tuotteeseen ja tilaa k\u00e4tev\u00e4sti STORIT-verkkokaupasta!","robots":{"index":"index","follow":"follow","max-snippet":"max-snippet:-1","max-image-preview":"max-image-preview:large","max-video-preview":"max-video-preview:-1"},"canonical":"https:\/\/storitgroup.com\/fi\/tuote\/tyopoydan-laatikko-sd-310-535-x-665-x-100mm\/","og_locale":"fi_FI","og_type":"article","og_title":"Laatikko ty\u00f6p\u00f6yd\u00e4lle 535x665x150 mm &#8226; Storit","og_description":"Laatikko ty\u00f6p\u00f6yd\u00e4lle 535x665x150 mm \u2014 kohtuulliseen hintaan. Toimitukset kaikkialle Suomeen! \u261b Tutustu tuotteeseen ja tilaa k\u00e4tev\u00e4sti STORIT-verkkokaupasta!","og_url":"https:\/\/storitgroup.com\/fi\/tuote\/tyopoydan-laatikko-sd-310-535-x-665-x-100mm\/","og_site_name":"Storit","article_modified_time":"2025-02-08T05:46:53+00:00","og_image":[{"width":500,"height":397,"url":"https:\/\/storitgroup.com\/uploads\/2021\/03\/41.-4035074310.jpg","type":"image\/jpeg"}],"twitter_card":"summary_large_image","schema":{"@context":"https:\/\/schema.org","@graph":[{"@type":["WebPage","ItemPage"],"@id":"https:\/\/storitgroup.com\/fi\/tuote\/tyopoydan-laatikko-sd-310-535-x-665-x-100mm\/","url":"https:\/\/storitgroup.com\/fi\/tuote\/tyopoydan-laatikko-sd-310-535-x-665-x-100mm\/","name":"Laatikko ty\u00f6p\u00f6yd\u00e4lle 535x665x150 mm &#8226; Storit","isPartOf":{"@id":"https:\/\/storitgroup.com\/fi\/#website"},"primaryImageOfPage":{"@id":"https:\/\/storitgroup.com\/fi\/tuote\/tyopoydan-laatikko-sd-310-535-x-665-x-100mm\/#primaryimage"},"image":{"@id":"https:\/\/storitgroup.com\/fi\/tuote\/tyopoydan-laatikko-sd-310-535-x-665-x-100mm\/#primaryimage"},"thumbnailUrl":"https:\/\/storitgroup.com\/uploads\/2021\/03\/41.-4035074310.jpg","datePublished":"2021-03-05T13:29:47+00:00","dateModified":"2025-02-08T05:46:53+00:00","description":"Laatikko ty\u00f6p\u00f6yd\u00e4lle 535x665x150 mm \u2014 kohtuulliseen hintaan. Toimitukset kaikkialle Suomeen! \u261b Tutustu tuotteeseen ja tilaa k\u00e4tev\u00e4sti STORIT-verkkokaupasta!","breadcrumb":{"@id":"https:\/\/storitgroup.com\/fi\/tuote\/tyopoydan-laatikko-sd-310-535-x-665-x-100mm\/#breadcrumb"},"inLanguage":"fi","potentialAction":[{"@type":"ReadAction","target":["https:\/\/storitgroup.com\/fi\/tuote\/tyopoydan-laatikko-sd-310-535-x-665-x-100mm\/"]}]},{"@type":"ImageObject","inLanguage":"fi","@id":"https:\/\/storitgroup.com\/fi\/tuote\/tyopoydan-laatikko-sd-310-535-x-665-x-100mm\/#primaryimage","url":"https:\/\/storitgroup.com\/uploads\/2021\/03\/41.-4035074310.jpg","contentUrl":"https:\/\/storitgroup.com\/uploads\/2021\/03\/41.-4035074310.jpg","width":500,"height":397},{"@type":"BreadcrumbList","@id":"https:\/\/storitgroup.com\/fi\/tuote\/tyopoydan-laatikko-sd-310-535-x-665-x-100mm\/#breadcrumb","itemListElement":[{"@type":"ListItem","position":1,"name":"Kotisivu","item":"https:\/\/storitgroup.com\/fi\/"},{"@type":"ListItem","position":2,"name":"Tuotteet","item":"https:\/\/storitgroup.com\/fi\/tuotteet\/"},{"@type":"ListItem","position":3,"name":"P\u00f6yd\u00e4t, tuolit, ty\u00f6kaluvarasto","item":"https:\/\/storitgroup.com\/fi\/poydat-tuolit-tyokaluvarasto\/"},{"@type":"ListItem","position":4,"name":"Ty\u00f6p\u00f6yd\u00e4t","item":"https:\/\/storitgroup.com\/fi\/poydat-tuolit-tyokaluvarasto\/tyopoydat\/"},{"@type":"ListItem","position":5,"name":"Ty\u00f6p\u00f6yd\u00e4t: INTRA","item":"https:\/\/storitgroup.com\/fi\/poydat-tuolit-tyokaluvarasto\/tyopoydat\/tyopoydat-intra\/"},{"@type":"ListItem","position":6,"name":"Laatikko ty\u00f6p\u00f6yd\u00e4lle 535x665x150 mm"}]},{"@type":"WebSite","@id":"https:\/\/storitgroup.com\/fi\/#website","url":"https:\/\/storitgroup.com\/fi\/","name":"Storit","description":"","potentialAction":[{"@type":"SearchAction","target":{"@type":"EntryPoint","urlTemplate":"https:\/\/storitgroup.com\/fi\/?s={search_term_string}"},"query-input":{"@type":"PropertyValueSpecification","valueRequired":true,"valueName":"search_term_string"}}],"inLanguage":"fi"}]}},"_links":{"self":[{"href":"https:\/\/storitgroup.com\/fi\/wp-json\/wp\/v2\/product\/14187","targetHints":{"allow":["GET"]}}],"collection":[{"href":"https:\/\/storitgroup.com\/fi\/wp-json\/wp\/v2\/product"}],"about":[{"href":"https:\/\/storitgroup.com\/fi\/wp-json\/wp\/v2\/types\/product"}],"wp:featuredmedia":[{"embeddable":true,"href":"https:\/\/storitgroup.com\/fi\/wp-json\/wp\/v2\/media\/215159"}],"wp:attachment":[{"href":"https:\/\/storitgroup.com\/fi\/wp-json\/wp\/v2\/media?parent=14187"}],"wp:term":[{"taxonomy":"product_brand","embeddable":true,"href":"https:\/\/storitgroup.com\/fi\/wp-json\/wp\/v2\/product_brand?post=14187"},{"taxonomy":"product_cat","embeddable":true,"href":"https:\/\/storitgroup.com\/fi\/wp-json\/wp\/v2\/product_cat?post=14187"},{"taxonomy":"product_tag","embeddable":true,"href":"https:\/\/storitgroup.com\/fi\/wp-json\/wp\/v2\/product_tag?post=14187"}],"curies":[{"name":"wp","href":"https:\/\/api.w.org\/{rel}","templated":true}]}}