{"id":14185,"date":"2021-03-05T15:29:45","date_gmt":"2021-03-05T13:29:45","guid":{"rendered":"https:\/\/storitgroup.com\/?post_type=product&#038;p=14185"},"modified":"2026-04-10T00:13:04","modified_gmt":"2026-04-09T21:13:04","slug":"laatikosto-tyokaluvaunuun-wt-60","status":"publish","type":"product","link":"https:\/\/storitgroup.com\/fi\/tuote\/laatikosto-tyokaluvaunuun-wt-60\/","title":{"rendered":"Laatikosto ty\u00f6kaluvaunuun WT 60"},"content":{"rendered":"<p>H0193  mitat:\u00a0544 x 400 x 693 mm (lsk)<br \/>  laatikoiden korkeus:\u00a01 x 50 mm,\u00a02 x 150 mm,\u00a01 x 250 mm<br \/>  jokaisen laatikon kantavuus: 40 kg<br \/>  laatikot liikkuvat kuulalaakeroiduilla kiskoilla, joiden ulosvedett\u00e4vyys on 100 %<br \/>  2 avaimella keskuslukko<br \/>  paino: 30 kg.<\/p>\n","protected":false},"excerpt":{"rendered":"<p>H0193  mitat:\u00a0544 x 400 x 693 mm (lsk)<br \/>\n  laatikoiden korkeus:\u00a01 x 50 mm,\u00a02 x 150 mm,\u00a01 x 250 mm<br \/>\n  jokaisen laatikon kantavuus: 40 kg<\/p>\n","protected":false},"featured_media":21649,"template":"","meta":{"_acf_changed":false},"product_brand":[],"product_cat":[7066],"product_tag":[],"class_list":{"0":"post-14185","1":"product","2":"type-product","3":"status-publish","4":"has-post-thumbnail","6":"product_room-tyopaja-ja-autotalli","7":"product_room-teollisuus-ja-tuotanto-ergonomiset-tyopaikat-tyokaluvarasto","8":"product_cat-laatikkolokerot","10":"first","11":"onbackorder","12":"taxable","13":"shipping-taxable","14":"purchasable","15":"product-type-simple"},"acf":[],"yoast_head":"<!-- This site is optimized with the Yoast SEO plugin v27.3 - https:\/\/yoast.com\/product\/yoast-seo-wordpress\/ -->\n<title>Laatikosto ty\u00f6kaluvaunuun WT 60 &#8226; Storit<\/title>\n<meta name=\"description\" content=\"Laatikosto ty\u00f6kaluvaunuun WT 60 \u2014 kohtuulliseen hintaan. Toimitukset kaikkialle Suomeen! \u261b Tutustu tuotteeseen ja tilaa k\u00e4tev\u00e4sti STORIT-verkkokaupasta!\" \/>\n<meta name=\"robots\" content=\"index, follow, max-snippet:-1, max-image-preview:large, max-video-preview:-1\" \/>\n<link rel=\"canonical\" href=\"https:\/\/storitgroup.com\/fi\/tuote\/laatikosto-tyokaluvaunuun-wt-60\/\" \/>\n<meta property=\"og:locale\" content=\"fi_FI\" \/>\n<meta property=\"og:type\" content=\"article\" \/>\n<meta property=\"og:title\" content=\"Laatikosto ty\u00f6kaluvaunuun WT 60 &#8226; Storit\" \/>\n<meta property=\"og:description\" content=\"Laatikosto ty\u00f6kaluvaunuun WT 60 \u2014 kohtuulliseen hintaan. Toimitukset kaikkialle Suomeen! \u261b Tutustu tuotteeseen ja tilaa k\u00e4tev\u00e4sti STORIT-verkkokaupasta!\" \/>\n<meta property=\"og:url\" content=\"https:\/\/storitgroup.com\/fi\/tuote\/laatikosto-tyokaluvaunuun-wt-60\/\" \/>\n<meta property=\"og:site_name\" content=\"Storit\" \/>\n<meta property=\"article:modified_time\" content=\"2026-04-09T21:13:04+00:00\" \/>\n<meta property=\"og:image\" content=\"https:\/\/storitgroup.com\/uploads\/2021\/03\/sahtliboks-ratastel-tooriistakapile-wt-60-1.jpg\" \/>\n\t<meta property=\"og:image:width\" content=\"1848\" \/>\n\t<meta property=\"og:image:height\" content=\"1848\" \/>\n\t<meta property=\"og:image:type\" content=\"image\/jpeg\" \/>\n<meta name=\"twitter:card\" content=\"summary_large_image\" \/>\n<script type=\"application\/ld+json\" class=\"yoast-schema-graph\">{\"@context\":\"https:\\\/\\\/schema.org\",\"@graph\":[{\"@type\":[\"WebPage\",\"ItemPage\"],\"@id\":\"https:\\\/\\\/storitgroup.com\\\/fi\\\/tuote\\\/laatikosto-tyokaluvaunuun-wt-60\\\/\",\"url\":\"https:\\\/\\\/storitgroup.com\\\/fi\\\/tuote\\\/laatikosto-tyokaluvaunuun-wt-60\\\/\",\"name\":\"Laatikosto ty\u00f6kaluvaunuun WT 60 &#8226; Storit\",\"isPartOf\":{\"@id\":\"https:\\\/\\\/storitgroup.com\\\/fi\\\/#website\"},\"primaryImageOfPage\":{\"@id\":\"https:\\\/\\\/storitgroup.com\\\/fi\\\/tuote\\\/laatikosto-tyokaluvaunuun-wt-60\\\/#primaryimage\"},\"image\":{\"@id\":\"https:\\\/\\\/storitgroup.com\\\/fi\\\/tuote\\\/laatikosto-tyokaluvaunuun-wt-60\\\/#primaryimage\"},\"thumbnailUrl\":\"https:\\\/\\\/storitgroup.com\\\/uploads\\\/2021\\\/03\\\/sahtliboks-ratastel-tooriistakapile-wt-60-1.jpg\",\"datePublished\":\"2021-03-05T13:29:45+00:00\",\"dateModified\":\"2026-04-09T21:13:04+00:00\",\"description\":\"Laatikosto ty\u00f6kaluvaunuun WT 60 \u2014 kohtuulliseen hintaan. Toimitukset kaikkialle Suomeen! \u261b Tutustu tuotteeseen ja tilaa k\u00e4tev\u00e4sti STORIT-verkkokaupasta!\",\"breadcrumb\":{\"@id\":\"https:\\\/\\\/storitgroup.com\\\/fi\\\/tuote\\\/laatikosto-tyokaluvaunuun-wt-60\\\/#breadcrumb\"},\"inLanguage\":\"fi\",\"potentialAction\":[{\"@type\":\"ReadAction\",\"target\":[\"https:\\\/\\\/storitgroup.com\\\/fi\\\/tuote\\\/laatikosto-tyokaluvaunuun-wt-60\\\/\"]}]},{\"@type\":\"ImageObject\",\"inLanguage\":\"fi\",\"@id\":\"https:\\\/\\\/storitgroup.com\\\/fi\\\/tuote\\\/laatikosto-tyokaluvaunuun-wt-60\\\/#primaryimage\",\"url\":\"https:\\\/\\\/storitgroup.com\\\/uploads\\\/2021\\\/03\\\/sahtliboks-ratastel-tooriistakapile-wt-60-1.jpg\",\"contentUrl\":\"https:\\\/\\\/storitgroup.com\\\/uploads\\\/2021\\\/03\\\/sahtliboks-ratastel-tooriistakapile-wt-60-1.jpg\",\"width\":1848,\"height\":1848},{\"@type\":\"BreadcrumbList\",\"@id\":\"https:\\\/\\\/storitgroup.com\\\/fi\\\/tuote\\\/laatikosto-tyokaluvaunuun-wt-60\\\/#breadcrumb\",\"itemListElement\":[{\"@type\":\"ListItem\",\"position\":1,\"name\":\"Kotisivu\",\"item\":\"https:\\\/\\\/storitgroup.com\\\/fi\\\/\"},{\"@type\":\"ListItem\",\"position\":2,\"name\":\"Tuotteet\",\"item\":\"https:\\\/\\\/storitgroup.com\\\/fi\\\/tuotteet\\\/\"},{\"@type\":\"ListItem\",\"position\":3,\"name\":\"P\u00f6yd\u00e4t, tuolit, ty\u00f6kaluvarasto\",\"item\":\"https:\\\/\\\/storitgroup.com\\\/fi\\\/poydat-tuolit-tyokaluvarasto\\\/\"},{\"@type\":\"ListItem\",\"position\":4,\"name\":\"Laatikkolokerot\",\"item\":\"https:\\\/\\\/storitgroup.com\\\/fi\\\/poydat-tuolit-tyokaluvarasto\\\/laatikkolokerot\\\/\"},{\"@type\":\"ListItem\",\"position\":5,\"name\":\"Laatikosto ty\u00f6kaluvaunuun WT 60\"}]},{\"@type\":\"WebSite\",\"@id\":\"https:\\\/\\\/storitgroup.com\\\/fi\\\/#website\",\"url\":\"https:\\\/\\\/storitgroup.com\\\/fi\\\/\",\"name\":\"Storit\",\"description\":\"\",\"potentialAction\":[{\"@type\":\"SearchAction\",\"target\":{\"@type\":\"EntryPoint\",\"urlTemplate\":\"https:\\\/\\\/storitgroup.com\\\/fi\\\/?s={search_term_string}\"},\"query-input\":{\"@type\":\"PropertyValueSpecification\",\"valueRequired\":true,\"valueName\":\"search_term_string\"}}],\"inLanguage\":\"fi\"}]}<\/script>\n<!-- \/ Yoast SEO plugin. -->","yoast_head_json":{"title":"Laatikosto ty\u00f6kaluvaunuun WT 60 &#8226; Storit","description":"Laatikosto ty\u00f6kaluvaunuun WT 60 \u2014 kohtuulliseen hintaan. Toimitukset kaikkialle Suomeen! \u261b Tutustu tuotteeseen ja tilaa k\u00e4tev\u00e4sti STORIT-verkkokaupasta!","robots":{"index":"index","follow":"follow","max-snippet":"max-snippet:-1","max-image-preview":"max-image-preview:large","max-video-preview":"max-video-preview:-1"},"canonical":"https:\/\/storitgroup.com\/fi\/tuote\/laatikosto-tyokaluvaunuun-wt-60\/","og_locale":"fi_FI","og_type":"article","og_title":"Laatikosto ty\u00f6kaluvaunuun WT 60 &#8226; Storit","og_description":"Laatikosto ty\u00f6kaluvaunuun WT 60 \u2014 kohtuulliseen hintaan. Toimitukset kaikkialle Suomeen! \u261b Tutustu tuotteeseen ja tilaa k\u00e4tev\u00e4sti STORIT-verkkokaupasta!","og_url":"https:\/\/storitgroup.com\/fi\/tuote\/laatikosto-tyokaluvaunuun-wt-60\/","og_site_name":"Storit","article_modified_time":"2026-04-09T21:13:04+00:00","og_image":[{"width":1848,"height":1848,"url":"https:\/\/storitgroup.com\/uploads\/2021\/03\/sahtliboks-ratastel-tooriistakapile-wt-60-1.jpg","type":"image\/jpeg"}],"twitter_card":"summary_large_image","schema":{"@context":"https:\/\/schema.org","@graph":[{"@type":["WebPage","ItemPage"],"@id":"https:\/\/storitgroup.com\/fi\/tuote\/laatikosto-tyokaluvaunuun-wt-60\/","url":"https:\/\/storitgroup.com\/fi\/tuote\/laatikosto-tyokaluvaunuun-wt-60\/","name":"Laatikosto ty\u00f6kaluvaunuun WT 60 &#8226; Storit","isPartOf":{"@id":"https:\/\/storitgroup.com\/fi\/#website"},"primaryImageOfPage":{"@id":"https:\/\/storitgroup.com\/fi\/tuote\/laatikosto-tyokaluvaunuun-wt-60\/#primaryimage"},"image":{"@id":"https:\/\/storitgroup.com\/fi\/tuote\/laatikosto-tyokaluvaunuun-wt-60\/#primaryimage"},"thumbnailUrl":"https:\/\/storitgroup.com\/uploads\/2021\/03\/sahtliboks-ratastel-tooriistakapile-wt-60-1.jpg","datePublished":"2021-03-05T13:29:45+00:00","dateModified":"2026-04-09T21:13:04+00:00","description":"Laatikosto ty\u00f6kaluvaunuun WT 60 \u2014 kohtuulliseen hintaan. Toimitukset kaikkialle Suomeen! \u261b Tutustu tuotteeseen ja tilaa k\u00e4tev\u00e4sti STORIT-verkkokaupasta!","breadcrumb":{"@id":"https:\/\/storitgroup.com\/fi\/tuote\/laatikosto-tyokaluvaunuun-wt-60\/#breadcrumb"},"inLanguage":"fi","potentialAction":[{"@type":"ReadAction","target":["https:\/\/storitgroup.com\/fi\/tuote\/laatikosto-tyokaluvaunuun-wt-60\/"]}]},{"@type":"ImageObject","inLanguage":"fi","@id":"https:\/\/storitgroup.com\/fi\/tuote\/laatikosto-tyokaluvaunuun-wt-60\/#primaryimage","url":"https:\/\/storitgroup.com\/uploads\/2021\/03\/sahtliboks-ratastel-tooriistakapile-wt-60-1.jpg","contentUrl":"https:\/\/storitgroup.com\/uploads\/2021\/03\/sahtliboks-ratastel-tooriistakapile-wt-60-1.jpg","width":1848,"height":1848},{"@type":"BreadcrumbList","@id":"https:\/\/storitgroup.com\/fi\/tuote\/laatikosto-tyokaluvaunuun-wt-60\/#breadcrumb","itemListElement":[{"@type":"ListItem","position":1,"name":"Kotisivu","item":"https:\/\/storitgroup.com\/fi\/"},{"@type":"ListItem","position":2,"name":"Tuotteet","item":"https:\/\/storitgroup.com\/fi\/tuotteet\/"},{"@type":"ListItem","position":3,"name":"P\u00f6yd\u00e4t, tuolit, ty\u00f6kaluvarasto","item":"https:\/\/storitgroup.com\/fi\/poydat-tuolit-tyokaluvarasto\/"},{"@type":"ListItem","position":4,"name":"Laatikkolokerot","item":"https:\/\/storitgroup.com\/fi\/poydat-tuolit-tyokaluvarasto\/laatikkolokerot\/"},{"@type":"ListItem","position":5,"name":"Laatikosto ty\u00f6kaluvaunuun WT 60"}]},{"@type":"WebSite","@id":"https:\/\/storitgroup.com\/fi\/#website","url":"https:\/\/storitgroup.com\/fi\/","name":"Storit","description":"","potentialAction":[{"@type":"SearchAction","target":{"@type":"EntryPoint","urlTemplate":"https:\/\/storitgroup.com\/fi\/?s={search_term_string}"},"query-input":{"@type":"PropertyValueSpecification","valueRequired":true,"valueName":"search_term_string"}}],"inLanguage":"fi"}]}},"_links":{"self":[{"href":"https:\/\/storitgroup.com\/fi\/wp-json\/wp\/v2\/product\/14185","targetHints":{"allow":["GET"]}}],"collection":[{"href":"https:\/\/storitgroup.com\/fi\/wp-json\/wp\/v2\/product"}],"about":[{"href":"https:\/\/storitgroup.com\/fi\/wp-json\/wp\/v2\/types\/product"}],"wp:featuredmedia":[{"embeddable":true,"href":"https:\/\/storitgroup.com\/fi\/wp-json\/wp\/v2\/media\/21649"}],"wp:attachment":[{"href":"https:\/\/storitgroup.com\/fi\/wp-json\/wp\/v2\/media?parent=14185"}],"wp:term":[{"taxonomy":"product_brand","embeddable":true,"href":"https:\/\/storitgroup.com\/fi\/wp-json\/wp\/v2\/product_brand?post=14185"},{"taxonomy":"product_cat","embeddable":true,"href":"https:\/\/storitgroup.com\/fi\/wp-json\/wp\/v2\/product_cat?post=14185"},{"taxonomy":"product_tag","embeddable":true,"href":"https:\/\/storitgroup.com\/fi\/wp-json\/wp\/v2\/product_tag?post=14185"}],"curies":[{"name":"wp","href":"https:\/\/api.w.org\/{rel}","templated":true}]}}