{"id":14183,"date":"2021-03-05T15:29:44","date_gmt":"2021-03-05T13:29:44","guid":{"rendered":"https:\/\/storitgroup.com\/?post_type=product&#038;p=14183"},"modified":"2025-02-08T07:46:48","modified_gmt":"2025-02-08T05:46:48","slug":"tyokaluvaunu-wt-60-600-x-1800-x-400mm","status":"publish","type":"product","link":"https:\/\/storitgroup.com\/fi\/tuote\/tyokaluvaunu-wt-60-600-x-1800-x-400mm\/","title":{"rendered":"Ty\u00f6kaluvaunu Strong 600x1800x400 mm py\u00f6rill\u00e4"},"content":{"rendered":"<p>Ter\u00e4ksest\u00e4 valmistettu k\u00e4rry on vakaa ja k\u00e4tev\u00e4 ty\u00f6kalu varastoon, autotalliin, ty\u00f6pajaan jne.<\/p>\n<p>Kaikki 4 kumipy\u00f6r\u00e4\u00e4 py\u00f6riv\u00e4t, kahdessa niiss\u00e4 on jarrut, \u00d8125 mm.<br \/> Rei\u00b4itettyn kaapin mitat 600x885x400 mm (lks). <br \/>Setti rei\u00b4itettyj\u00e4 sein\u00e4tarvikkeita 20 eri lis\u00e4varusteella.<br \/>Py\u00f6rien yl\u00e4puolella taso\/hylly.<br \/>Lis\u00e4varusteena on mahdollista ostaa laatikosto kaapin alla.<\/p>\n","protected":false},"excerpt":{"rendered":"<p>Ter\u00e4ksest\u00e4 valmistettu k\u00e4rry on vakaa ja k\u00e4tev\u00e4 ty\u00f6kalu varastoon, autotalliin, ty\u00f6pajaan jne.<\/p>\n<p>Kaikki 4 kumipy\u00f6r\u00e4\u00e4 py\u00f6riv\u00e4t, kahdessa niiss\u00e4 on jarrut, \u00d8125 mm.<\/p>\n","protected":false},"featured_media":202929,"template":"","meta":{"_acf_changed":false},"product_brand":[],"product_cat":[7071],"product_tag":[],"class_list":{"0":"post-14183","1":"product","2":"type-product","3":"status-publish","4":"has-post-thumbnail","6":"product_room-kotiratkaisut","7":"product_room-kuljetus-ja-logistiikka","8":"product_room-kokoonpano-ja-keraily","9":"product_room-tyopaja-ja-autotalli","10":"product_room-teollisuus-ja-tuotanto-ergonomiset-tyopaikat-tyokaluvarasto","11":"product_cat-tyokalukaapit-ja-vaunut","13":"first","14":"onbackorder","15":"taxable","16":"shipping-taxable","17":"purchasable","18":"product-type-simple"},"acf":[],"yoast_head":"<!-- This site is optimized with the Yoast SEO plugin v27.2 - https:\/\/yoast.com\/product\/yoast-seo-wordpress\/ -->\n<title>Ty\u00f6kaluvaunu Strong 600x1800x400 mm py\u00f6rill\u00e4 &#8226; Storit<\/title>\n<meta name=\"description\" content=\"Ty\u00f6kaluvaunu Strong 600x1800x400 mm py\u00f6rill\u00e4 \u2014 kohtuulliseen hintaan. Toimitukset kaikkialle Suomeen! \u261b Tutustu tuotteeseen ja tilaa k\u00e4tev\u00e4sti STORIT-verkkokaupasta!\" \/>\n<meta name=\"robots\" content=\"index, follow, max-snippet:-1, max-image-preview:large, max-video-preview:-1\" \/>\n<link rel=\"canonical\" href=\"https:\/\/storitgroup.com\/fi\/tuote\/tyokaluvaunu-wt-60-600-x-1800-x-400mm\/\" \/>\n<meta property=\"og:locale\" content=\"fi_FI\" \/>\n<meta property=\"og:type\" content=\"article\" \/>\n<meta property=\"og:title\" content=\"Ty\u00f6kaluvaunu Strong 600x1800x400 mm py\u00f6rill\u00e4 &#8226; Storit\" \/>\n<meta property=\"og:description\" content=\"Ty\u00f6kaluvaunu Strong 600x1800x400 mm py\u00f6rill\u00e4 \u2014 kohtuulliseen hintaan. Toimitukset kaikkialle Suomeen! \u261b Tutustu tuotteeseen ja tilaa k\u00e4tev\u00e4sti STORIT-verkkokaupasta!\" \/>\n<meta property=\"og:url\" content=\"https:\/\/storitgroup.com\/fi\/tuote\/tyokaluvaunu-wt-60-600-x-1800-x-400mm\/\" \/>\n<meta property=\"og:site_name\" content=\"Storit\" \/>\n<meta property=\"article:modified_time\" content=\"2025-02-08T05:46:48+00:00\" \/>\n<meta property=\"og:image\" content=\"https:\/\/storitgroup.com\/uploads\/2021\/03\/6-74060_strong-1.jpg\" \/>\n\t<meta property=\"og:image:width\" content=\"300\" \/>\n\t<meta property=\"og:image:height\" content=\"511\" \/>\n\t<meta property=\"og:image:type\" content=\"image\/jpeg\" \/>\n<meta name=\"twitter:card\" content=\"summary_large_image\" \/>\n<script type=\"application\/ld+json\" class=\"yoast-schema-graph\">{\"@context\":\"https:\/\/schema.org\",\"@graph\":[{\"@type\":[\"WebPage\",\"ItemPage\"],\"@id\":\"https:\/\/storitgroup.com\/fi\/tuote\/tyokaluvaunu-wt-60-600-x-1800-x-400mm\/\",\"url\":\"https:\/\/storitgroup.com\/fi\/tuote\/tyokaluvaunu-wt-60-600-x-1800-x-400mm\/\",\"name\":\"Ty\u00f6kaluvaunu Strong 600x1800x400 mm py\u00f6rill\u00e4 &#8226; Storit\",\"isPartOf\":{\"@id\":\"https:\/\/storitgroup.com\/fi\/#website\"},\"primaryImageOfPage\":{\"@id\":\"https:\/\/storitgroup.com\/fi\/tuote\/tyokaluvaunu-wt-60-600-x-1800-x-400mm\/#primaryimage\"},\"image\":{\"@id\":\"https:\/\/storitgroup.com\/fi\/tuote\/tyokaluvaunu-wt-60-600-x-1800-x-400mm\/#primaryimage\"},\"thumbnailUrl\":\"https:\/\/storitgroup.com\/uploads\/2021\/03\/6-74060_strong-1.jpg\",\"datePublished\":\"2021-03-05T13:29:44+00:00\",\"dateModified\":\"2025-02-08T05:46:48+00:00\",\"description\":\"Ty\u00f6kaluvaunu Strong 600x1800x400 mm py\u00f6rill\u00e4 \u2014 kohtuulliseen hintaan. Toimitukset kaikkialle Suomeen! \u261b Tutustu tuotteeseen ja tilaa k\u00e4tev\u00e4sti STORIT-verkkokaupasta!\",\"breadcrumb\":{\"@id\":\"https:\/\/storitgroup.com\/fi\/tuote\/tyokaluvaunu-wt-60-600-x-1800-x-400mm\/#breadcrumb\"},\"inLanguage\":\"fi\",\"potentialAction\":[{\"@type\":\"ReadAction\",\"target\":[\"https:\/\/storitgroup.com\/fi\/tuote\/tyokaluvaunu-wt-60-600-x-1800-x-400mm\/\"]}]},{\"@type\":\"ImageObject\",\"inLanguage\":\"fi\",\"@id\":\"https:\/\/storitgroup.com\/fi\/tuote\/tyokaluvaunu-wt-60-600-x-1800-x-400mm\/#primaryimage\",\"url\":\"https:\/\/storitgroup.com\/uploads\/2021\/03\/6-74060_strong-1.jpg\",\"contentUrl\":\"https:\/\/storitgroup.com\/uploads\/2021\/03\/6-74060_strong-1.jpg\",\"width\":300,\"height\":511},{\"@type\":\"BreadcrumbList\",\"@id\":\"https:\/\/storitgroup.com\/fi\/tuote\/tyokaluvaunu-wt-60-600-x-1800-x-400mm\/#breadcrumb\",\"itemListElement\":[{\"@type\":\"ListItem\",\"position\":1,\"name\":\"Kotisivu\",\"item\":\"https:\/\/storitgroup.com\/fi\/\"},{\"@type\":\"ListItem\",\"position\":2,\"name\":\"Tuotteet\",\"item\":\"https:\/\/storitgroup.com\/fi\/tuotteet\/\"},{\"@type\":\"ListItem\",\"position\":3,\"name\":\"Metallikaapit, pukukaapit\",\"item\":\"https:\/\/storitgroup.com\/fi\/metallikaapit-pukukaapit\/\"},{\"@type\":\"ListItem\",\"position\":4,\"name\":\"Ty\u00f6kalukaapit ja -vaunut\",\"item\":\"https:\/\/storitgroup.com\/fi\/metallikaapit-pukukaapit\/tyokalukaapit-ja-vaunut\/\"},{\"@type\":\"ListItem\",\"position\":5,\"name\":\"Ty\u00f6kaluvaunu Strong 600x1800x400 mm py\u00f6rill\u00e4\"}]},{\"@type\":\"WebSite\",\"@id\":\"https:\/\/storitgroup.com\/fi\/#website\",\"url\":\"https:\/\/storitgroup.com\/fi\/\",\"name\":\"Storit\",\"description\":\"\",\"potentialAction\":[{\"@type\":\"SearchAction\",\"target\":{\"@type\":\"EntryPoint\",\"urlTemplate\":\"https:\/\/storitgroup.com\/fi\/?s={search_term_string}\"},\"query-input\":{\"@type\":\"PropertyValueSpecification\",\"valueRequired\":true,\"valueName\":\"search_term_string\"}}],\"inLanguage\":\"fi\"}]}<\/script>\n<!-- \/ Yoast SEO plugin. -->","yoast_head_json":{"title":"Ty\u00f6kaluvaunu Strong 600x1800x400 mm py\u00f6rill\u00e4 &#8226; Storit","description":"Ty\u00f6kaluvaunu Strong 600x1800x400 mm py\u00f6rill\u00e4 \u2014 kohtuulliseen hintaan. Toimitukset kaikkialle Suomeen! \u261b Tutustu tuotteeseen ja tilaa k\u00e4tev\u00e4sti STORIT-verkkokaupasta!","robots":{"index":"index","follow":"follow","max-snippet":"max-snippet:-1","max-image-preview":"max-image-preview:large","max-video-preview":"max-video-preview:-1"},"canonical":"https:\/\/storitgroup.com\/fi\/tuote\/tyokaluvaunu-wt-60-600-x-1800-x-400mm\/","og_locale":"fi_FI","og_type":"article","og_title":"Ty\u00f6kaluvaunu Strong 600x1800x400 mm py\u00f6rill\u00e4 &#8226; Storit","og_description":"Ty\u00f6kaluvaunu Strong 600x1800x400 mm py\u00f6rill\u00e4 \u2014 kohtuulliseen hintaan. Toimitukset kaikkialle Suomeen! \u261b Tutustu tuotteeseen ja tilaa k\u00e4tev\u00e4sti STORIT-verkkokaupasta!","og_url":"https:\/\/storitgroup.com\/fi\/tuote\/tyokaluvaunu-wt-60-600-x-1800-x-400mm\/","og_site_name":"Storit","article_modified_time":"2025-02-08T05:46:48+00:00","og_image":[{"width":300,"height":511,"url":"https:\/\/storitgroup.com\/uploads\/2021\/03\/6-74060_strong-1.jpg","type":"image\/jpeg"}],"twitter_card":"summary_large_image","schema":{"@context":"https:\/\/schema.org","@graph":[{"@type":["WebPage","ItemPage"],"@id":"https:\/\/storitgroup.com\/fi\/tuote\/tyokaluvaunu-wt-60-600-x-1800-x-400mm\/","url":"https:\/\/storitgroup.com\/fi\/tuote\/tyokaluvaunu-wt-60-600-x-1800-x-400mm\/","name":"Ty\u00f6kaluvaunu Strong 600x1800x400 mm py\u00f6rill\u00e4 &#8226; Storit","isPartOf":{"@id":"https:\/\/storitgroup.com\/fi\/#website"},"primaryImageOfPage":{"@id":"https:\/\/storitgroup.com\/fi\/tuote\/tyokaluvaunu-wt-60-600-x-1800-x-400mm\/#primaryimage"},"image":{"@id":"https:\/\/storitgroup.com\/fi\/tuote\/tyokaluvaunu-wt-60-600-x-1800-x-400mm\/#primaryimage"},"thumbnailUrl":"https:\/\/storitgroup.com\/uploads\/2021\/03\/6-74060_strong-1.jpg","datePublished":"2021-03-05T13:29:44+00:00","dateModified":"2025-02-08T05:46:48+00:00","description":"Ty\u00f6kaluvaunu Strong 600x1800x400 mm py\u00f6rill\u00e4 \u2014 kohtuulliseen hintaan. Toimitukset kaikkialle Suomeen! \u261b Tutustu tuotteeseen ja tilaa k\u00e4tev\u00e4sti STORIT-verkkokaupasta!","breadcrumb":{"@id":"https:\/\/storitgroup.com\/fi\/tuote\/tyokaluvaunu-wt-60-600-x-1800-x-400mm\/#breadcrumb"},"inLanguage":"fi","potentialAction":[{"@type":"ReadAction","target":["https:\/\/storitgroup.com\/fi\/tuote\/tyokaluvaunu-wt-60-600-x-1800-x-400mm\/"]}]},{"@type":"ImageObject","inLanguage":"fi","@id":"https:\/\/storitgroup.com\/fi\/tuote\/tyokaluvaunu-wt-60-600-x-1800-x-400mm\/#primaryimage","url":"https:\/\/storitgroup.com\/uploads\/2021\/03\/6-74060_strong-1.jpg","contentUrl":"https:\/\/storitgroup.com\/uploads\/2021\/03\/6-74060_strong-1.jpg","width":300,"height":511},{"@type":"BreadcrumbList","@id":"https:\/\/storitgroup.com\/fi\/tuote\/tyokaluvaunu-wt-60-600-x-1800-x-400mm\/#breadcrumb","itemListElement":[{"@type":"ListItem","position":1,"name":"Kotisivu","item":"https:\/\/storitgroup.com\/fi\/"},{"@type":"ListItem","position":2,"name":"Tuotteet","item":"https:\/\/storitgroup.com\/fi\/tuotteet\/"},{"@type":"ListItem","position":3,"name":"Metallikaapit, pukukaapit","item":"https:\/\/storitgroup.com\/fi\/metallikaapit-pukukaapit\/"},{"@type":"ListItem","position":4,"name":"Ty\u00f6kalukaapit ja -vaunut","item":"https:\/\/storitgroup.com\/fi\/metallikaapit-pukukaapit\/tyokalukaapit-ja-vaunut\/"},{"@type":"ListItem","position":5,"name":"Ty\u00f6kaluvaunu Strong 600x1800x400 mm py\u00f6rill\u00e4"}]},{"@type":"WebSite","@id":"https:\/\/storitgroup.com\/fi\/#website","url":"https:\/\/storitgroup.com\/fi\/","name":"Storit","description":"","potentialAction":[{"@type":"SearchAction","target":{"@type":"EntryPoint","urlTemplate":"https:\/\/storitgroup.com\/fi\/?s={search_term_string}"},"query-input":{"@type":"PropertyValueSpecification","valueRequired":true,"valueName":"search_term_string"}}],"inLanguage":"fi"}]}},"_links":{"self":[{"href":"https:\/\/storitgroup.com\/fi\/wp-json\/wp\/v2\/product\/14183","targetHints":{"allow":["GET"]}}],"collection":[{"href":"https:\/\/storitgroup.com\/fi\/wp-json\/wp\/v2\/product"}],"about":[{"href":"https:\/\/storitgroup.com\/fi\/wp-json\/wp\/v2\/types\/product"}],"wp:featuredmedia":[{"embeddable":true,"href":"https:\/\/storitgroup.com\/fi\/wp-json\/wp\/v2\/media\/202929"}],"wp:attachment":[{"href":"https:\/\/storitgroup.com\/fi\/wp-json\/wp\/v2\/media?parent=14183"}],"wp:term":[{"taxonomy":"product_brand","embeddable":true,"href":"https:\/\/storitgroup.com\/fi\/wp-json\/wp\/v2\/product_brand?post=14183"},{"taxonomy":"product_cat","embeddable":true,"href":"https:\/\/storitgroup.com\/fi\/wp-json\/wp\/v2\/product_cat?post=14183"},{"taxonomy":"product_tag","embeddable":true,"href":"https:\/\/storitgroup.com\/fi\/wp-json\/wp\/v2\/product_tag?post=14183"}],"curies":[{"name":"wp","href":"https:\/\/api.w.org\/{rel}","templated":true}]}}