{"id":14181,"date":"2021-03-05T15:29:43","date_gmt":"2021-03-05T13:29:43","guid":{"rendered":"https:\/\/storitgroup.com\/?post_type=product&#038;p=14181"},"modified":"2026-04-10T00:13:03","modified_gmt":"2026-04-09T21:13:03","slug":"tyokaluvaunu-1660-x-1000mm","status":"publish","type":"product","link":"https:\/\/storitgroup.com\/fi\/tuote\/tyokaluvaunu-1660-x-1000mm\/","title":{"rendered":"Ty\u00f6kalusein\u00e4 1660x1000x750 mm, A-muoto"},"content":{"rendered":"<p>Suuri ja vahva kolmion muotoinen rei\u00b4itetty ty\u00f6kalusein\u00e4 py\u00f6rill\u00e4, johon mahtuu isompia ja pienempi\u00e4 ty\u00f6kaluja ja laitteita. Piikit, koukut, pidikkeet jne. on saatavana erikseen (https:\/\/storitgroup.com\/fi\/poydat-tuolit-tyokaluvarasto\/reikalevyt-reikalevyyn-tarvikkeet\/reikalevyt-intra\/?lng=changed). <\/p>\n<p>Kahden rei\u00b4itetyn sein\u00e4n v\u00e4liss\u00e4 on 3 korkeareunaista hylly\u00e4, joiden mitat alhaalta yl\u00f6sp\u00e4in:<br \/>996x710x98 mm (l*l*k),<br \/>997x465x88 mm (l). *l*k),<br \/>995x225x39 mm (l*l*k).<\/p>\n<p>Sein\u00e4 liikkuu 4 muovivanteisella kumipy\u00f6r\u00e4ll\u00e4, halkaisija 125 mm ja leveys 35 mm. 2 py\u00f6r\u00e4\u00e4 on kiinteit\u00e4 ja 2 py\u00f6r\u00e4\u00e4 on jarrulla, kaikki 4 on suojattu metallirungolla.<\/p>\n","protected":false},"excerpt":{"rendered":"<p>Suuri ja vahva kolmion muotoinen rei\u00b4itetty ty\u00f6kalusein\u00e4 py\u00f6rill\u00e4, johon mahtuu isompia ja pienempi\u00e4 ty\u00f6kaluja ja laitteita. Piikit, koukut, pidikkeet jne. on saatavana erikseen (https:\/\/storitgroup.com\/fi\/poydat-tuolit-tyokaluvarasto\/reikalevyt-reikalevyyn-tarvikkeet\/reikalevyt-intra\/?lng=changed). <\/p>\n<p>Kahden rei\u00b4itetyn sein\u00e4n v\u00e4liss\u00e4 on 3 korkeareunaista hylly\u00e4, joiden mitat alhaalta yl\u00f6sp\u00e4in:<\/p>\n","protected":false},"featured_media":202984,"template":"","meta":{"_acf_changed":false},"product_brand":[],"product_cat":[7248],"product_tag":[],"class_list":{"0":"post-14181","1":"product","2":"type-product","3":"status-publish","4":"has-post-thumbnail","6":"product_room-tyopaja-ja-autotalli","7":"product_room-teollisuus-ja-tuotanto-ergonomiset-tyopaikat-tyokaluvarasto","8":"product_room-kotiratkaisut","9":"product_room-kuljetus-ja-logistiikka","10":"product_room-kokoonpano-ja-keraily","11":"product_cat-reikalevyt-intra","13":"first","14":"onbackorder","15":"taxable","16":"shipping-taxable","17":"purchasable","18":"product-type-simple"},"acf":[],"yoast_head":"<!-- This site is optimized with the Yoast SEO plugin v27.3 - https:\/\/yoast.com\/product\/yoast-seo-wordpress\/ -->\n<title>Ty\u00f6kalusein\u00e4 1660x1000x750 mm, A-muoto &#8226; Storit<\/title>\n<meta name=\"description\" content=\"Ty\u00f6kalusein\u00e4 1660x1000x750 mm, A-muoto \u2014 kohtuulliseen hintaan. Toimitukset kaikkialle Suomeen! \u261b Tutustu tuotteeseen ja tilaa k\u00e4tev\u00e4sti STORIT-verkkokaupasta!\" \/>\n<meta name=\"robots\" content=\"index, follow, max-snippet:-1, max-image-preview:large, max-video-preview:-1\" \/>\n<link rel=\"canonical\" href=\"https:\/\/storitgroup.com\/fi\/tuote\/tyokaluvaunu-1660-x-1000mm\/\" \/>\n<meta property=\"og:locale\" content=\"fi_FI\" \/>\n<meta property=\"og:type\" content=\"article\" \/>\n<meta property=\"og:title\" content=\"Ty\u00f6kalusein\u00e4 1660x1000x750 mm, A-muoto &#8226; Storit\" \/>\n<meta property=\"og:description\" content=\"Ty\u00f6kalusein\u00e4 1660x1000x750 mm, A-muoto \u2014 kohtuulliseen hintaan. Toimitukset kaikkialle Suomeen! \u261b Tutustu tuotteeseen ja tilaa k\u00e4tev\u00e4sti STORIT-verkkokaupasta!\" \/>\n<meta property=\"og:url\" content=\"https:\/\/storitgroup.com\/fi\/tuote\/tyokaluvaunu-1660-x-1000mm\/\" \/>\n<meta property=\"og:site_name\" content=\"Storit\" \/>\n<meta property=\"article:modified_time\" content=\"2026-04-09T21:13:03+00:00\" \/>\n<meta property=\"og:image\" content=\"https:\/\/storitgroup.com\/uploads\/2021\/03\/10-74050_sein-1.jpg\" \/>\n\t<meta property=\"og:image:width\" content=\"449\" \/>\n\t<meta property=\"og:image:height\" content=\"511\" \/>\n\t<meta property=\"og:image:type\" content=\"image\/jpeg\" \/>\n<meta name=\"twitter:card\" content=\"summary_large_image\" \/>\n<script type=\"application\/ld+json\" class=\"yoast-schema-graph\">{\"@context\":\"https:\\\/\\\/schema.org\",\"@graph\":[{\"@type\":[\"WebPage\",\"ItemPage\"],\"@id\":\"https:\\\/\\\/storitgroup.com\\\/fi\\\/tuote\\\/tyokaluvaunu-1660-x-1000mm\\\/\",\"url\":\"https:\\\/\\\/storitgroup.com\\\/fi\\\/tuote\\\/tyokaluvaunu-1660-x-1000mm\\\/\",\"name\":\"Ty\u00f6kalusein\u00e4 1660x1000x750 mm, A-muoto &#8226; Storit\",\"isPartOf\":{\"@id\":\"https:\\\/\\\/storitgroup.com\\\/fi\\\/#website\"},\"primaryImageOfPage\":{\"@id\":\"https:\\\/\\\/storitgroup.com\\\/fi\\\/tuote\\\/tyokaluvaunu-1660-x-1000mm\\\/#primaryimage\"},\"image\":{\"@id\":\"https:\\\/\\\/storitgroup.com\\\/fi\\\/tuote\\\/tyokaluvaunu-1660-x-1000mm\\\/#primaryimage\"},\"thumbnailUrl\":\"https:\\\/\\\/storitgroup.com\\\/uploads\\\/2021\\\/03\\\/10-74050_sein-1.jpg\",\"datePublished\":\"2021-03-05T13:29:43+00:00\",\"dateModified\":\"2026-04-09T21:13:03+00:00\",\"description\":\"Ty\u00f6kalusein\u00e4 1660x1000x750 mm, A-muoto \u2014 kohtuulliseen hintaan. Toimitukset kaikkialle Suomeen! \u261b Tutustu tuotteeseen ja tilaa k\u00e4tev\u00e4sti STORIT-verkkokaupasta!\",\"breadcrumb\":{\"@id\":\"https:\\\/\\\/storitgroup.com\\\/fi\\\/tuote\\\/tyokaluvaunu-1660-x-1000mm\\\/#breadcrumb\"},\"inLanguage\":\"fi\",\"potentialAction\":[{\"@type\":\"ReadAction\",\"target\":[\"https:\\\/\\\/storitgroup.com\\\/fi\\\/tuote\\\/tyokaluvaunu-1660-x-1000mm\\\/\"]}]},{\"@type\":\"ImageObject\",\"inLanguage\":\"fi\",\"@id\":\"https:\\\/\\\/storitgroup.com\\\/fi\\\/tuote\\\/tyokaluvaunu-1660-x-1000mm\\\/#primaryimage\",\"url\":\"https:\\\/\\\/storitgroup.com\\\/uploads\\\/2021\\\/03\\\/10-74050_sein-1.jpg\",\"contentUrl\":\"https:\\\/\\\/storitgroup.com\\\/uploads\\\/2021\\\/03\\\/10-74050_sein-1.jpg\",\"width\":449,\"height\":511},{\"@type\":\"BreadcrumbList\",\"@id\":\"https:\\\/\\\/storitgroup.com\\\/fi\\\/tuote\\\/tyokaluvaunu-1660-x-1000mm\\\/#breadcrumb\",\"itemListElement\":[{\"@type\":\"ListItem\",\"position\":1,\"name\":\"Kotisivu\",\"item\":\"https:\\\/\\\/storitgroup.com\\\/fi\\\/\"},{\"@type\":\"ListItem\",\"position\":2,\"name\":\"Tuotteet\",\"item\":\"https:\\\/\\\/storitgroup.com\\\/fi\\\/tuotteet\\\/\"},{\"@type\":\"ListItem\",\"position\":3,\"name\":\"P\u00f6yd\u00e4t, tuolit, ty\u00f6kaluvarasto\",\"item\":\"https:\\\/\\\/storitgroup.com\\\/fi\\\/poydat-tuolit-tyokaluvarasto\\\/\"},{\"@type\":\"ListItem\",\"position\":4,\"name\":\"Reik\u00e4levyt, reik\u00e4levyyn tarvikkeet\",\"item\":\"https:\\\/\\\/storitgroup.com\\\/fi\\\/poydat-tuolit-tyokaluvarasto\\\/reikalevyt-reikalevyyn-tarvikkeet\\\/\"},{\"@type\":\"ListItem\",\"position\":5,\"name\":\"Reik\u00e4levyt: INTRA\",\"item\":\"https:\\\/\\\/storitgroup.com\\\/fi\\\/poydat-tuolit-tyokaluvarasto\\\/reikalevyt-reikalevyyn-tarvikkeet\\\/reikalevyt-intra\\\/\"},{\"@type\":\"ListItem\",\"position\":6,\"name\":\"Ty\u00f6kalusein\u00e4 1660x1000x750 mm, A-muoto\"}]},{\"@type\":\"WebSite\",\"@id\":\"https:\\\/\\\/storitgroup.com\\\/fi\\\/#website\",\"url\":\"https:\\\/\\\/storitgroup.com\\\/fi\\\/\",\"name\":\"Storit\",\"description\":\"\",\"potentialAction\":[{\"@type\":\"SearchAction\",\"target\":{\"@type\":\"EntryPoint\",\"urlTemplate\":\"https:\\\/\\\/storitgroup.com\\\/fi\\\/?s={search_term_string}\"},\"query-input\":{\"@type\":\"PropertyValueSpecification\",\"valueRequired\":true,\"valueName\":\"search_term_string\"}}],\"inLanguage\":\"fi\"}]}<\/script>\n<!-- \/ Yoast SEO plugin. -->","yoast_head_json":{"title":"Ty\u00f6kalusein\u00e4 1660x1000x750 mm, A-muoto &#8226; Storit","description":"Ty\u00f6kalusein\u00e4 1660x1000x750 mm, A-muoto \u2014 kohtuulliseen hintaan. Toimitukset kaikkialle Suomeen! \u261b Tutustu tuotteeseen ja tilaa k\u00e4tev\u00e4sti STORIT-verkkokaupasta!","robots":{"index":"index","follow":"follow","max-snippet":"max-snippet:-1","max-image-preview":"max-image-preview:large","max-video-preview":"max-video-preview:-1"},"canonical":"https:\/\/storitgroup.com\/fi\/tuote\/tyokaluvaunu-1660-x-1000mm\/","og_locale":"fi_FI","og_type":"article","og_title":"Ty\u00f6kalusein\u00e4 1660x1000x750 mm, A-muoto &#8226; Storit","og_description":"Ty\u00f6kalusein\u00e4 1660x1000x750 mm, A-muoto \u2014 kohtuulliseen hintaan. Toimitukset kaikkialle Suomeen! \u261b Tutustu tuotteeseen ja tilaa k\u00e4tev\u00e4sti STORIT-verkkokaupasta!","og_url":"https:\/\/storitgroup.com\/fi\/tuote\/tyokaluvaunu-1660-x-1000mm\/","og_site_name":"Storit","article_modified_time":"2026-04-09T21:13:03+00:00","og_image":[{"width":449,"height":511,"url":"https:\/\/storitgroup.com\/uploads\/2021\/03\/10-74050_sein-1.jpg","type":"image\/jpeg"}],"twitter_card":"summary_large_image","schema":{"@context":"https:\/\/schema.org","@graph":[{"@type":["WebPage","ItemPage"],"@id":"https:\/\/storitgroup.com\/fi\/tuote\/tyokaluvaunu-1660-x-1000mm\/","url":"https:\/\/storitgroup.com\/fi\/tuote\/tyokaluvaunu-1660-x-1000mm\/","name":"Ty\u00f6kalusein\u00e4 1660x1000x750 mm, A-muoto &#8226; Storit","isPartOf":{"@id":"https:\/\/storitgroup.com\/fi\/#website"},"primaryImageOfPage":{"@id":"https:\/\/storitgroup.com\/fi\/tuote\/tyokaluvaunu-1660-x-1000mm\/#primaryimage"},"image":{"@id":"https:\/\/storitgroup.com\/fi\/tuote\/tyokaluvaunu-1660-x-1000mm\/#primaryimage"},"thumbnailUrl":"https:\/\/storitgroup.com\/uploads\/2021\/03\/10-74050_sein-1.jpg","datePublished":"2021-03-05T13:29:43+00:00","dateModified":"2026-04-09T21:13:03+00:00","description":"Ty\u00f6kalusein\u00e4 1660x1000x750 mm, A-muoto \u2014 kohtuulliseen hintaan. Toimitukset kaikkialle Suomeen! \u261b Tutustu tuotteeseen ja tilaa k\u00e4tev\u00e4sti STORIT-verkkokaupasta!","breadcrumb":{"@id":"https:\/\/storitgroup.com\/fi\/tuote\/tyokaluvaunu-1660-x-1000mm\/#breadcrumb"},"inLanguage":"fi","potentialAction":[{"@type":"ReadAction","target":["https:\/\/storitgroup.com\/fi\/tuote\/tyokaluvaunu-1660-x-1000mm\/"]}]},{"@type":"ImageObject","inLanguage":"fi","@id":"https:\/\/storitgroup.com\/fi\/tuote\/tyokaluvaunu-1660-x-1000mm\/#primaryimage","url":"https:\/\/storitgroup.com\/uploads\/2021\/03\/10-74050_sein-1.jpg","contentUrl":"https:\/\/storitgroup.com\/uploads\/2021\/03\/10-74050_sein-1.jpg","width":449,"height":511},{"@type":"BreadcrumbList","@id":"https:\/\/storitgroup.com\/fi\/tuote\/tyokaluvaunu-1660-x-1000mm\/#breadcrumb","itemListElement":[{"@type":"ListItem","position":1,"name":"Kotisivu","item":"https:\/\/storitgroup.com\/fi\/"},{"@type":"ListItem","position":2,"name":"Tuotteet","item":"https:\/\/storitgroup.com\/fi\/tuotteet\/"},{"@type":"ListItem","position":3,"name":"P\u00f6yd\u00e4t, tuolit, ty\u00f6kaluvarasto","item":"https:\/\/storitgroup.com\/fi\/poydat-tuolit-tyokaluvarasto\/"},{"@type":"ListItem","position":4,"name":"Reik\u00e4levyt, reik\u00e4levyyn tarvikkeet","item":"https:\/\/storitgroup.com\/fi\/poydat-tuolit-tyokaluvarasto\/reikalevyt-reikalevyyn-tarvikkeet\/"},{"@type":"ListItem","position":5,"name":"Reik\u00e4levyt: INTRA","item":"https:\/\/storitgroup.com\/fi\/poydat-tuolit-tyokaluvarasto\/reikalevyt-reikalevyyn-tarvikkeet\/reikalevyt-intra\/"},{"@type":"ListItem","position":6,"name":"Ty\u00f6kalusein\u00e4 1660x1000x750 mm, A-muoto"}]},{"@type":"WebSite","@id":"https:\/\/storitgroup.com\/fi\/#website","url":"https:\/\/storitgroup.com\/fi\/","name":"Storit","description":"","potentialAction":[{"@type":"SearchAction","target":{"@type":"EntryPoint","urlTemplate":"https:\/\/storitgroup.com\/fi\/?s={search_term_string}"},"query-input":{"@type":"PropertyValueSpecification","valueRequired":true,"valueName":"search_term_string"}}],"inLanguage":"fi"}]}},"_links":{"self":[{"href":"https:\/\/storitgroup.com\/fi\/wp-json\/wp\/v2\/product\/14181","targetHints":{"allow":["GET"]}}],"collection":[{"href":"https:\/\/storitgroup.com\/fi\/wp-json\/wp\/v2\/product"}],"about":[{"href":"https:\/\/storitgroup.com\/fi\/wp-json\/wp\/v2\/types\/product"}],"wp:featuredmedia":[{"embeddable":true,"href":"https:\/\/storitgroup.com\/fi\/wp-json\/wp\/v2\/media\/202984"}],"wp:attachment":[{"href":"https:\/\/storitgroup.com\/fi\/wp-json\/wp\/v2\/media?parent=14181"}],"wp:term":[{"taxonomy":"product_brand","embeddable":true,"href":"https:\/\/storitgroup.com\/fi\/wp-json\/wp\/v2\/product_brand?post=14181"},{"taxonomy":"product_cat","embeddable":true,"href":"https:\/\/storitgroup.com\/fi\/wp-json\/wp\/v2\/product_cat?post=14181"},{"taxonomy":"product_tag","embeddable":true,"href":"https:\/\/storitgroup.com\/fi\/wp-json\/wp\/v2\/product_tag?post=14181"}],"curies":[{"name":"wp","href":"https:\/\/api.w.org\/{rel}","templated":true}]}}