{"id":14179,"date":"2021-03-05T13:29:42","date_gmt":"2021-03-05T13:29:42","guid":{"rendered":"https:\/\/storitgroup.com\/?post_type=product&#038;p=14179"},"modified":"2025-02-08T07:46:42","modified_gmt":"2025-02-08T05:46:42","slug":"reikalevy-ak40-tt-sarjan-tyokaluvaunuun","status":"publish","type":"product","link":"https:\/\/storitgroup.com\/fi\/tuote\/reikalevy-ak40-tt-sarjan-tyokaluvaunuun\/","title":{"rendered":"Reik\u00e4levy AK40 TT-sarjan ty\u00f6kaluvaunuun"},"content":{"rendered":"<p>H0191  mitat: 925 x 825 mm (lk)<br \/>  Settiin kuuluu:  &#8211; 2\u00a0pylv\u00e4st\u00e4,  &#8211; 1 reik\u00e4levy,  &#8211; 1 laatikkokisko ja\u00a07 muovilaatikkoa,  &#8211; 1 peltihylly,  &#8211;\u00a0koukkusarja (20 koukkua, katso\u00a0V0007)<br \/>  paino:\u00a020 kg.<\/p>\n","protected":false},"excerpt":{"rendered":"<p>H0191  mitat: 925 x 825 mm (lk)<br \/>\n  Settiin kuuluu:  &#8211; 2\u00a0pylv\u00e4st\u00e4,  &#8211; 1 reik\u00e4levy,  &#8211; 1 laatikkokisko ja\u00a07 muovilaatikkoa,  &#8211; 1 peltihylly,  &#8211;\u00a0koukkusarja (20 koukkua, katso\u00a0V0007)<br \/>\n  paino:\u00a020 kg.<\/p>\n","protected":false},"featured_media":21625,"template":"","meta":{"_acf_changed":false},"product_brand":[],"product_cat":[7248],"product_tag":[],"class_list":{"0":"post-14179","1":"product","2":"type-product","3":"status-publish","4":"has-post-thumbnail","6":"product_room-tyopaja-ja-autotalli","7":"product_room-kaupankaynti-ja-myymalat","8":"product_room-pieni-varasto","9":"product_room-teollisuus-ja-tuotanto-ergonomiset-tyopaikat-tyokaluvarasto","10":"product_room-kotiratkaisut","11":"product_cat-reikalevyt-intra","13":"first","14":"onbackorder","15":"taxable","16":"shipping-taxable","17":"purchasable","18":"product-type-simple"},"acf":[],"yoast_head":"<!-- This site is optimized with the Yoast SEO plugin v27.2 - https:\/\/yoast.com\/product\/yoast-seo-wordpress\/ -->\n<title>Reik\u00e4levy AK40 TT-sarjan ty\u00f6kaluvaunuun &#8226; Storit<\/title>\n<meta name=\"description\" content=\"Reik\u00e4levy AK40 TT-sarjan ty\u00f6kaluvaunuun \u2014 kohtuulliseen hintaan. Toimitukset kaikkialle Suomeen! \u261b Tutustu tuotteeseen ja tilaa k\u00e4tev\u00e4sti STORIT-verkkokaupasta!\" \/>\n<meta name=\"robots\" content=\"index, follow, max-snippet:-1, max-image-preview:large, max-video-preview:-1\" \/>\n<link rel=\"canonical\" href=\"https:\/\/storitgroup.com\/fi\/tuote\/reikalevy-ak40-tt-sarjan-tyokaluvaunuun\/\" \/>\n<meta property=\"og:locale\" content=\"fi_FI\" \/>\n<meta property=\"og:type\" content=\"article\" \/>\n<meta property=\"og:title\" content=\"Reik\u00e4levy AK40 TT-sarjan ty\u00f6kaluvaunuun &#8226; Storit\" \/>\n<meta property=\"og:description\" content=\"Reik\u00e4levy AK40 TT-sarjan ty\u00f6kaluvaunuun \u2014 kohtuulliseen hintaan. Toimitukset kaikkialle Suomeen! \u261b Tutustu tuotteeseen ja tilaa k\u00e4tev\u00e4sti STORIT-verkkokaupasta!\" \/>\n<meta property=\"og:url\" content=\"https:\/\/storitgroup.com\/fi\/tuote\/reikalevy-ak40-tt-sarjan-tyokaluvaunuun\/\" \/>\n<meta property=\"og:site_name\" content=\"Storit\" \/>\n<meta property=\"article:modified_time\" content=\"2025-02-08T05:46:42+00:00\" \/>\n<meta property=\"og:image\" content=\"https:\/\/storitgroup.com\/uploads\/2021\/03\/perfopaneel-ak-40-1.png\" \/>\n\t<meta property=\"og:image:width\" content=\"1062\" \/>\n\t<meta property=\"og:image:height\" content=\"1060\" \/>\n\t<meta property=\"og:image:type\" content=\"image\/png\" \/>\n<meta name=\"twitter:card\" content=\"summary_large_image\" \/>\n<script type=\"application\/ld+json\" class=\"yoast-schema-graph\">{\"@context\":\"https:\/\/schema.org\",\"@graph\":[{\"@type\":[\"WebPage\",\"ItemPage\"],\"@id\":\"https:\/\/storitgroup.com\/fi\/tuote\/reikalevy-ak40-tt-sarjan-tyokaluvaunuun\/\",\"url\":\"https:\/\/storitgroup.com\/fi\/tuote\/reikalevy-ak40-tt-sarjan-tyokaluvaunuun\/\",\"name\":\"Reik\u00e4levy AK40 TT-sarjan ty\u00f6kaluvaunuun &#8226; Storit\",\"isPartOf\":{\"@id\":\"https:\/\/storitgroup.com\/fi\/#website\"},\"primaryImageOfPage\":{\"@id\":\"https:\/\/storitgroup.com\/fi\/tuote\/reikalevy-ak40-tt-sarjan-tyokaluvaunuun\/#primaryimage\"},\"image\":{\"@id\":\"https:\/\/storitgroup.com\/fi\/tuote\/reikalevy-ak40-tt-sarjan-tyokaluvaunuun\/#primaryimage\"},\"thumbnailUrl\":\"https:\/\/storitgroup.com\/uploads\/2021\/03\/perfopaneel-ak-40-1.png\",\"datePublished\":\"2021-03-05T13:29:42+00:00\",\"dateModified\":\"2025-02-08T05:46:42+00:00\",\"description\":\"Reik\u00e4levy AK40 TT-sarjan ty\u00f6kaluvaunuun \u2014 kohtuulliseen hintaan. Toimitukset kaikkialle Suomeen! \u261b Tutustu tuotteeseen ja tilaa k\u00e4tev\u00e4sti STORIT-verkkokaupasta!\",\"breadcrumb\":{\"@id\":\"https:\/\/storitgroup.com\/fi\/tuote\/reikalevy-ak40-tt-sarjan-tyokaluvaunuun\/#breadcrumb\"},\"inLanguage\":\"fi\",\"potentialAction\":[{\"@type\":\"ReadAction\",\"target\":[\"https:\/\/storitgroup.com\/fi\/tuote\/reikalevy-ak40-tt-sarjan-tyokaluvaunuun\/\"]}]},{\"@type\":\"ImageObject\",\"inLanguage\":\"fi\",\"@id\":\"https:\/\/storitgroup.com\/fi\/tuote\/reikalevy-ak40-tt-sarjan-tyokaluvaunuun\/#primaryimage\",\"url\":\"https:\/\/storitgroup.com\/uploads\/2021\/03\/perfopaneel-ak-40-1.png\",\"contentUrl\":\"https:\/\/storitgroup.com\/uploads\/2021\/03\/perfopaneel-ak-40-1.png\",\"width\":1062,\"height\":1060},{\"@type\":\"BreadcrumbList\",\"@id\":\"https:\/\/storitgroup.com\/fi\/tuote\/reikalevy-ak40-tt-sarjan-tyokaluvaunuun\/#breadcrumb\",\"itemListElement\":[{\"@type\":\"ListItem\",\"position\":1,\"name\":\"Kotisivu\",\"item\":\"https:\/\/storitgroup.com\/fi\/\"},{\"@type\":\"ListItem\",\"position\":2,\"name\":\"Tuotteet\",\"item\":\"https:\/\/storitgroup.com\/fi\/tuotteet\/\"},{\"@type\":\"ListItem\",\"position\":3,\"name\":\"P\u00f6yd\u00e4t, tuolit, ty\u00f6kaluvarasto\",\"item\":\"https:\/\/storitgroup.com\/fi\/poydat-tuolit-tyokaluvarasto\/\"},{\"@type\":\"ListItem\",\"position\":4,\"name\":\"Reik\u00e4levyt, reik\u00e4levyyn tarvikkeet\",\"item\":\"https:\/\/storitgroup.com\/fi\/poydat-tuolit-tyokaluvarasto\/reikalevyt-reikalevyyn-tarvikkeet\/\"},{\"@type\":\"ListItem\",\"position\":5,\"name\":\"Reik\u00e4levyt: INTRA\",\"item\":\"https:\/\/storitgroup.com\/fi\/poydat-tuolit-tyokaluvarasto\/reikalevyt-reikalevyyn-tarvikkeet\/reikalevyt-intra\/\"},{\"@type\":\"ListItem\",\"position\":6,\"name\":\"Reik\u00e4levy AK40 TT-sarjan ty\u00f6kaluvaunuun\"}]},{\"@type\":\"WebSite\",\"@id\":\"https:\/\/storitgroup.com\/fi\/#website\",\"url\":\"https:\/\/storitgroup.com\/fi\/\",\"name\":\"Storit\",\"description\":\"\",\"potentialAction\":[{\"@type\":\"SearchAction\",\"target\":{\"@type\":\"EntryPoint\",\"urlTemplate\":\"https:\/\/storitgroup.com\/fi\/?s={search_term_string}\"},\"query-input\":{\"@type\":\"PropertyValueSpecification\",\"valueRequired\":true,\"valueName\":\"search_term_string\"}}],\"inLanguage\":\"fi\"}]}<\/script>\n<!-- \/ Yoast SEO plugin. -->","yoast_head_json":{"title":"Reik\u00e4levy AK40 TT-sarjan ty\u00f6kaluvaunuun &#8226; Storit","description":"Reik\u00e4levy AK40 TT-sarjan ty\u00f6kaluvaunuun \u2014 kohtuulliseen hintaan. Toimitukset kaikkialle Suomeen! \u261b Tutustu tuotteeseen ja tilaa k\u00e4tev\u00e4sti STORIT-verkkokaupasta!","robots":{"index":"index","follow":"follow","max-snippet":"max-snippet:-1","max-image-preview":"max-image-preview:large","max-video-preview":"max-video-preview:-1"},"canonical":"https:\/\/storitgroup.com\/fi\/tuote\/reikalevy-ak40-tt-sarjan-tyokaluvaunuun\/","og_locale":"fi_FI","og_type":"article","og_title":"Reik\u00e4levy AK40 TT-sarjan ty\u00f6kaluvaunuun &#8226; Storit","og_description":"Reik\u00e4levy AK40 TT-sarjan ty\u00f6kaluvaunuun \u2014 kohtuulliseen hintaan. Toimitukset kaikkialle Suomeen! \u261b Tutustu tuotteeseen ja tilaa k\u00e4tev\u00e4sti STORIT-verkkokaupasta!","og_url":"https:\/\/storitgroup.com\/fi\/tuote\/reikalevy-ak40-tt-sarjan-tyokaluvaunuun\/","og_site_name":"Storit","article_modified_time":"2025-02-08T05:46:42+00:00","og_image":[{"width":1062,"height":1060,"url":"https:\/\/storitgroup.com\/uploads\/2021\/03\/perfopaneel-ak-40-1.png","type":"image\/png"}],"twitter_card":"summary_large_image","schema":{"@context":"https:\/\/schema.org","@graph":[{"@type":["WebPage","ItemPage"],"@id":"https:\/\/storitgroup.com\/fi\/tuote\/reikalevy-ak40-tt-sarjan-tyokaluvaunuun\/","url":"https:\/\/storitgroup.com\/fi\/tuote\/reikalevy-ak40-tt-sarjan-tyokaluvaunuun\/","name":"Reik\u00e4levy AK40 TT-sarjan ty\u00f6kaluvaunuun &#8226; Storit","isPartOf":{"@id":"https:\/\/storitgroup.com\/fi\/#website"},"primaryImageOfPage":{"@id":"https:\/\/storitgroup.com\/fi\/tuote\/reikalevy-ak40-tt-sarjan-tyokaluvaunuun\/#primaryimage"},"image":{"@id":"https:\/\/storitgroup.com\/fi\/tuote\/reikalevy-ak40-tt-sarjan-tyokaluvaunuun\/#primaryimage"},"thumbnailUrl":"https:\/\/storitgroup.com\/uploads\/2021\/03\/perfopaneel-ak-40-1.png","datePublished":"2021-03-05T13:29:42+00:00","dateModified":"2025-02-08T05:46:42+00:00","description":"Reik\u00e4levy AK40 TT-sarjan ty\u00f6kaluvaunuun \u2014 kohtuulliseen hintaan. Toimitukset kaikkialle Suomeen! \u261b Tutustu tuotteeseen ja tilaa k\u00e4tev\u00e4sti STORIT-verkkokaupasta!","breadcrumb":{"@id":"https:\/\/storitgroup.com\/fi\/tuote\/reikalevy-ak40-tt-sarjan-tyokaluvaunuun\/#breadcrumb"},"inLanguage":"fi","potentialAction":[{"@type":"ReadAction","target":["https:\/\/storitgroup.com\/fi\/tuote\/reikalevy-ak40-tt-sarjan-tyokaluvaunuun\/"]}]},{"@type":"ImageObject","inLanguage":"fi","@id":"https:\/\/storitgroup.com\/fi\/tuote\/reikalevy-ak40-tt-sarjan-tyokaluvaunuun\/#primaryimage","url":"https:\/\/storitgroup.com\/uploads\/2021\/03\/perfopaneel-ak-40-1.png","contentUrl":"https:\/\/storitgroup.com\/uploads\/2021\/03\/perfopaneel-ak-40-1.png","width":1062,"height":1060},{"@type":"BreadcrumbList","@id":"https:\/\/storitgroup.com\/fi\/tuote\/reikalevy-ak40-tt-sarjan-tyokaluvaunuun\/#breadcrumb","itemListElement":[{"@type":"ListItem","position":1,"name":"Kotisivu","item":"https:\/\/storitgroup.com\/fi\/"},{"@type":"ListItem","position":2,"name":"Tuotteet","item":"https:\/\/storitgroup.com\/fi\/tuotteet\/"},{"@type":"ListItem","position":3,"name":"P\u00f6yd\u00e4t, tuolit, ty\u00f6kaluvarasto","item":"https:\/\/storitgroup.com\/fi\/poydat-tuolit-tyokaluvarasto\/"},{"@type":"ListItem","position":4,"name":"Reik\u00e4levyt, reik\u00e4levyyn tarvikkeet","item":"https:\/\/storitgroup.com\/fi\/poydat-tuolit-tyokaluvarasto\/reikalevyt-reikalevyyn-tarvikkeet\/"},{"@type":"ListItem","position":5,"name":"Reik\u00e4levyt: INTRA","item":"https:\/\/storitgroup.com\/fi\/poydat-tuolit-tyokaluvarasto\/reikalevyt-reikalevyyn-tarvikkeet\/reikalevyt-intra\/"},{"@type":"ListItem","position":6,"name":"Reik\u00e4levy AK40 TT-sarjan ty\u00f6kaluvaunuun"}]},{"@type":"WebSite","@id":"https:\/\/storitgroup.com\/fi\/#website","url":"https:\/\/storitgroup.com\/fi\/","name":"Storit","description":"","potentialAction":[{"@type":"SearchAction","target":{"@type":"EntryPoint","urlTemplate":"https:\/\/storitgroup.com\/fi\/?s={search_term_string}"},"query-input":{"@type":"PropertyValueSpecification","valueRequired":true,"valueName":"search_term_string"}}],"inLanguage":"fi"}]}},"_links":{"self":[{"href":"https:\/\/storitgroup.com\/fi\/wp-json\/wp\/v2\/product\/14179","targetHints":{"allow":["GET"]}}],"collection":[{"href":"https:\/\/storitgroup.com\/fi\/wp-json\/wp\/v2\/product"}],"about":[{"href":"https:\/\/storitgroup.com\/fi\/wp-json\/wp\/v2\/types\/product"}],"wp:featuredmedia":[{"embeddable":true,"href":"https:\/\/storitgroup.com\/fi\/wp-json\/wp\/v2\/media\/21625"}],"wp:attachment":[{"href":"https:\/\/storitgroup.com\/fi\/wp-json\/wp\/v2\/media?parent=14179"}],"wp:term":[{"taxonomy":"product_brand","embeddable":true,"href":"https:\/\/storitgroup.com\/fi\/wp-json\/wp\/v2\/product_brand?post=14179"},{"taxonomy":"product_cat","embeddable":true,"href":"https:\/\/storitgroup.com\/fi\/wp-json\/wp\/v2\/product_cat?post=14179"},{"taxonomy":"product_tag","embeddable":true,"href":"https:\/\/storitgroup.com\/fi\/wp-json\/wp\/v2\/product_tag?post=14179"}],"curies":[{"name":"wp","href":"https:\/\/api.w.org\/{rel}","templated":true}]}}