{"id":14175,"date":"2021-03-05T15:29:40","date_gmt":"2021-03-05T13:29:40","guid":{"rendered":"https:\/\/storitgroup.com\/?post_type=product&#038;p=14175"},"modified":"2026-01-01T21:55:05","modified_gmt":"2026-01-01T19:55:05","slug":"tyokaluvaunu-tt30-2x5-laatikkoa","status":"publish","type":"product","link":"https:\/\/storitgroup.com\/fi\/tuote\/tyokaluvaunu-tt30-2x5-laatikkoa\/","title":{"rendered":"Ty\u00f6kaluvaunu TT30, 2&#215;5 laatikkoa"},"content":{"rendered":"<p>H0189 mitat: 1025 x 900 x 600 mm (lks)<br \/> kantavuus: 600 kg<br \/> ty\u00f6taso: liimapuu, tammi<br \/> 2 x\u00a05 laatikkoa, korkeus: 2 x 200 mm,\u00a08 x 100 mm<br \/> vetolaatikon kantavuus: 40 kg<br \/> laatikoissa kuulalaakeroidut kiskot ja ne avautuvat t\u00e4ysin<br \/> sylinterilukot<br \/> keskuslukitus<br \/> py\u00f6r\u00e4t: \u00d8 130 x 40 mm, umpikumi, 2 kiinte\u00e4\u00e4 + 2 jarrullista k\u00e4\u00e4ntyv\u00e4\u00e4<br \/>\u00a0 paino: 121 kg<br \/> vaunun voi varustaa ty\u00f6kalupanelilla.<\/p>\n","protected":false},"excerpt":{"rendered":"<p>H0189 mitat: 1025 x 900 x 600 mm (lks)<br \/>\n kantavuus: 600 kg<br \/>\n ty\u00f6taso: liimapuu, tammi<\/p>\n","protected":false},"featured_media":21622,"template":"","meta":{"_acf_changed":false},"product_brand":[],"product_cat":[7071,7109],"product_tag":[],"class_list":{"0":"post-14175","1":"product","2":"type-product","3":"status-publish","4":"has-post-thumbnail","6":"product_room-laakeyhtiot-ja-laboratoriot","7":"product_room-teollisuus-ja-tuotanto-ergonomiset-tyopaikat-tyokaluvarasto","8":"product_room-kotitoimisto","9":"product_room-kotiratkaisut","10":"product_room-kiinteistokehitys","11":"product_room-tyopaja-ja-autotalli","12":"product_room-kuljetus-ja-logistiikka","13":"product_room-ruuan-kasittely","14":"product_room-arkisto-museo","15":"product_room-kaupankaynti-ja-myymalat","16":"product_room-kokoonpano-ja-keraily","17":"product_room-pakkaus","18":"product_room-toimisto","19":"product_room-koulut-ja-paivakodit","20":"product_cat-tyokalukaapit-ja-vaunut","21":"product_cat-loytonurkkaus","23":"first","24":"instock","25":"taxable","26":"shipping-taxable","27":"purchasable","28":"product-type-simple"},"acf":[],"yoast_head":"<!-- This site is optimized with the Yoast SEO plugin v27.2 - https:\/\/yoast.com\/product\/yoast-seo-wordpress\/ -->\n<title>Ty\u00f6kaluvaunu TT30, 2x5 laatikkoa &#8226; Storit<\/title>\n<meta name=\"description\" content=\"Ty\u00f6kaluvaunu TT30, 2x5 laatikkoa \u2014 kohtuulliseen hintaan. Toimitukset kaikkialle Suomeen! \u261b Tutustu tuotteeseen ja tilaa k\u00e4tev\u00e4sti STORIT-verkkokaupasta!\" \/>\n<meta name=\"robots\" content=\"index, follow, max-snippet:-1, max-image-preview:large, max-video-preview:-1\" \/>\n<link rel=\"canonical\" href=\"https:\/\/storitgroup.com\/fi\/tuote\/tyokaluvaunu-tt30-2x5-laatikkoa\/\" \/>\n<meta property=\"og:locale\" content=\"fi_FI\" \/>\n<meta property=\"og:type\" content=\"article\" \/>\n<meta property=\"og:title\" content=\"Ty\u00f6kaluvaunu TT30, 2x5 laatikkoa &#8226; Storit\" \/>\n<meta property=\"og:description\" content=\"Ty\u00f6kaluvaunu TT30, 2x5 laatikkoa \u2014 kohtuulliseen hintaan. Toimitukset kaikkialle Suomeen! \u261b Tutustu tuotteeseen ja tilaa k\u00e4tev\u00e4sti STORIT-verkkokaupasta!\" \/>\n<meta property=\"og:url\" content=\"https:\/\/storitgroup.com\/fi\/tuote\/tyokaluvaunu-tt30-2x5-laatikkoa\/\" \/>\n<meta property=\"og:site_name\" content=\"Storit\" \/>\n<meta property=\"article:modified_time\" content=\"2026-01-01T19:55:05+00:00\" \/>\n<meta property=\"og:image\" content=\"https:\/\/storitgroup.com\/uploads\/2021\/03\/ratastel-toolaud-tooriistakaru-tt-30-31-1.jpg\" \/>\n\t<meta property=\"og:image:width\" content=\"1620\" \/>\n\t<meta property=\"og:image:height\" content=\"1620\" \/>\n\t<meta property=\"og:image:type\" content=\"image\/jpeg\" \/>\n<meta name=\"twitter:card\" content=\"summary_large_image\" \/>\n<script type=\"application\/ld+json\" class=\"yoast-schema-graph\">{\"@context\":\"https:\/\/schema.org\",\"@graph\":[{\"@type\":[\"WebPage\",\"ItemPage\"],\"@id\":\"https:\/\/storitgroup.com\/fi\/tuote\/tyokaluvaunu-tt30-2x5-laatikkoa\/\",\"url\":\"https:\/\/storitgroup.com\/fi\/tuote\/tyokaluvaunu-tt30-2x5-laatikkoa\/\",\"name\":\"Ty\u00f6kaluvaunu TT30, 2x5 laatikkoa &#8226; Storit\",\"isPartOf\":{\"@id\":\"https:\/\/storitgroup.com\/fi\/#website\"},\"primaryImageOfPage\":{\"@id\":\"https:\/\/storitgroup.com\/fi\/tuote\/tyokaluvaunu-tt30-2x5-laatikkoa\/#primaryimage\"},\"image\":{\"@id\":\"https:\/\/storitgroup.com\/fi\/tuote\/tyokaluvaunu-tt30-2x5-laatikkoa\/#primaryimage\"},\"thumbnailUrl\":\"https:\/\/storitgroup.com\/uploads\/2021\/03\/ratastel-toolaud-tooriistakaru-tt-30-31-1.jpg\",\"datePublished\":\"2021-03-05T13:29:40+00:00\",\"dateModified\":\"2026-01-01T19:55:05+00:00\",\"description\":\"Ty\u00f6kaluvaunu TT30, 2x5 laatikkoa \u2014 kohtuulliseen hintaan. Toimitukset kaikkialle Suomeen! \u261b Tutustu tuotteeseen ja tilaa k\u00e4tev\u00e4sti STORIT-verkkokaupasta!\",\"breadcrumb\":{\"@id\":\"https:\/\/storitgroup.com\/fi\/tuote\/tyokaluvaunu-tt30-2x5-laatikkoa\/#breadcrumb\"},\"inLanguage\":\"fi\",\"potentialAction\":[{\"@type\":\"ReadAction\",\"target\":[\"https:\/\/storitgroup.com\/fi\/tuote\/tyokaluvaunu-tt30-2x5-laatikkoa\/\"]}]},{\"@type\":\"ImageObject\",\"inLanguage\":\"fi\",\"@id\":\"https:\/\/storitgroup.com\/fi\/tuote\/tyokaluvaunu-tt30-2x5-laatikkoa\/#primaryimage\",\"url\":\"https:\/\/storitgroup.com\/uploads\/2021\/03\/ratastel-toolaud-tooriistakaru-tt-30-31-1.jpg\",\"contentUrl\":\"https:\/\/storitgroup.com\/uploads\/2021\/03\/ratastel-toolaud-tooriistakaru-tt-30-31-1.jpg\",\"width\":1620,\"height\":1620},{\"@type\":\"BreadcrumbList\",\"@id\":\"https:\/\/storitgroup.com\/fi\/tuote\/tyokaluvaunu-tt30-2x5-laatikkoa\/#breadcrumb\",\"itemListElement\":[{\"@type\":\"ListItem\",\"position\":1,\"name\":\"Kotisivu\",\"item\":\"https:\/\/storitgroup.com\/fi\/\"},{\"@type\":\"ListItem\",\"position\":2,\"name\":\"Tuotteet\",\"item\":\"https:\/\/storitgroup.com\/fi\/tuotteet\/\"},{\"@type\":\"ListItem\",\"position\":3,\"name\":\"Metallikaapit, pukukaapit\",\"item\":\"https:\/\/storitgroup.com\/fi\/metallikaapit-pukukaapit\/\"},{\"@type\":\"ListItem\",\"position\":4,\"name\":\"Ty\u00f6kalukaapit ja -vaunut\",\"item\":\"https:\/\/storitgroup.com\/fi\/metallikaapit-pukukaapit\/tyokalukaapit-ja-vaunut\/\"},{\"@type\":\"ListItem\",\"position\":5,\"name\":\"Ty\u00f6kaluvaunu TT30, 2&#215;5 laatikkoa\"}]},{\"@type\":\"WebSite\",\"@id\":\"https:\/\/storitgroup.com\/fi\/#website\",\"url\":\"https:\/\/storitgroup.com\/fi\/\",\"name\":\"Storit\",\"description\":\"\",\"potentialAction\":[{\"@type\":\"SearchAction\",\"target\":{\"@type\":\"EntryPoint\",\"urlTemplate\":\"https:\/\/storitgroup.com\/fi\/?s={search_term_string}\"},\"query-input\":{\"@type\":\"PropertyValueSpecification\",\"valueRequired\":true,\"valueName\":\"search_term_string\"}}],\"inLanguage\":\"fi\"}]}<\/script>\n<!-- \/ Yoast SEO plugin. -->","yoast_head_json":{"title":"Ty\u00f6kaluvaunu TT30, 2x5 laatikkoa &#8226; Storit","description":"Ty\u00f6kaluvaunu TT30, 2x5 laatikkoa \u2014 kohtuulliseen hintaan. Toimitukset kaikkialle Suomeen! \u261b Tutustu tuotteeseen ja tilaa k\u00e4tev\u00e4sti STORIT-verkkokaupasta!","robots":{"index":"index","follow":"follow","max-snippet":"max-snippet:-1","max-image-preview":"max-image-preview:large","max-video-preview":"max-video-preview:-1"},"canonical":"https:\/\/storitgroup.com\/fi\/tuote\/tyokaluvaunu-tt30-2x5-laatikkoa\/","og_locale":"fi_FI","og_type":"article","og_title":"Ty\u00f6kaluvaunu TT30, 2x5 laatikkoa &#8226; Storit","og_description":"Ty\u00f6kaluvaunu TT30, 2x5 laatikkoa \u2014 kohtuulliseen hintaan. Toimitukset kaikkialle Suomeen! \u261b Tutustu tuotteeseen ja tilaa k\u00e4tev\u00e4sti STORIT-verkkokaupasta!","og_url":"https:\/\/storitgroup.com\/fi\/tuote\/tyokaluvaunu-tt30-2x5-laatikkoa\/","og_site_name":"Storit","article_modified_time":"2026-01-01T19:55:05+00:00","og_image":[{"width":1620,"height":1620,"url":"https:\/\/storitgroup.com\/uploads\/2021\/03\/ratastel-toolaud-tooriistakaru-tt-30-31-1.jpg","type":"image\/jpeg"}],"twitter_card":"summary_large_image","schema":{"@context":"https:\/\/schema.org","@graph":[{"@type":["WebPage","ItemPage"],"@id":"https:\/\/storitgroup.com\/fi\/tuote\/tyokaluvaunu-tt30-2x5-laatikkoa\/","url":"https:\/\/storitgroup.com\/fi\/tuote\/tyokaluvaunu-tt30-2x5-laatikkoa\/","name":"Ty\u00f6kaluvaunu TT30, 2x5 laatikkoa &#8226; Storit","isPartOf":{"@id":"https:\/\/storitgroup.com\/fi\/#website"},"primaryImageOfPage":{"@id":"https:\/\/storitgroup.com\/fi\/tuote\/tyokaluvaunu-tt30-2x5-laatikkoa\/#primaryimage"},"image":{"@id":"https:\/\/storitgroup.com\/fi\/tuote\/tyokaluvaunu-tt30-2x5-laatikkoa\/#primaryimage"},"thumbnailUrl":"https:\/\/storitgroup.com\/uploads\/2021\/03\/ratastel-toolaud-tooriistakaru-tt-30-31-1.jpg","datePublished":"2021-03-05T13:29:40+00:00","dateModified":"2026-01-01T19:55:05+00:00","description":"Ty\u00f6kaluvaunu TT30, 2x5 laatikkoa \u2014 kohtuulliseen hintaan. Toimitukset kaikkialle Suomeen! \u261b Tutustu tuotteeseen ja tilaa k\u00e4tev\u00e4sti STORIT-verkkokaupasta!","breadcrumb":{"@id":"https:\/\/storitgroup.com\/fi\/tuote\/tyokaluvaunu-tt30-2x5-laatikkoa\/#breadcrumb"},"inLanguage":"fi","potentialAction":[{"@type":"ReadAction","target":["https:\/\/storitgroup.com\/fi\/tuote\/tyokaluvaunu-tt30-2x5-laatikkoa\/"]}]},{"@type":"ImageObject","inLanguage":"fi","@id":"https:\/\/storitgroup.com\/fi\/tuote\/tyokaluvaunu-tt30-2x5-laatikkoa\/#primaryimage","url":"https:\/\/storitgroup.com\/uploads\/2021\/03\/ratastel-toolaud-tooriistakaru-tt-30-31-1.jpg","contentUrl":"https:\/\/storitgroup.com\/uploads\/2021\/03\/ratastel-toolaud-tooriistakaru-tt-30-31-1.jpg","width":1620,"height":1620},{"@type":"BreadcrumbList","@id":"https:\/\/storitgroup.com\/fi\/tuote\/tyokaluvaunu-tt30-2x5-laatikkoa\/#breadcrumb","itemListElement":[{"@type":"ListItem","position":1,"name":"Kotisivu","item":"https:\/\/storitgroup.com\/fi\/"},{"@type":"ListItem","position":2,"name":"Tuotteet","item":"https:\/\/storitgroup.com\/fi\/tuotteet\/"},{"@type":"ListItem","position":3,"name":"Metallikaapit, pukukaapit","item":"https:\/\/storitgroup.com\/fi\/metallikaapit-pukukaapit\/"},{"@type":"ListItem","position":4,"name":"Ty\u00f6kalukaapit ja -vaunut","item":"https:\/\/storitgroup.com\/fi\/metallikaapit-pukukaapit\/tyokalukaapit-ja-vaunut\/"},{"@type":"ListItem","position":5,"name":"Ty\u00f6kaluvaunu TT30, 2&#215;5 laatikkoa"}]},{"@type":"WebSite","@id":"https:\/\/storitgroup.com\/fi\/#website","url":"https:\/\/storitgroup.com\/fi\/","name":"Storit","description":"","potentialAction":[{"@type":"SearchAction","target":{"@type":"EntryPoint","urlTemplate":"https:\/\/storitgroup.com\/fi\/?s={search_term_string}"},"query-input":{"@type":"PropertyValueSpecification","valueRequired":true,"valueName":"search_term_string"}}],"inLanguage":"fi"}]}},"_links":{"self":[{"href":"https:\/\/storitgroup.com\/fi\/wp-json\/wp\/v2\/product\/14175","targetHints":{"allow":["GET"]}}],"collection":[{"href":"https:\/\/storitgroup.com\/fi\/wp-json\/wp\/v2\/product"}],"about":[{"href":"https:\/\/storitgroup.com\/fi\/wp-json\/wp\/v2\/types\/product"}],"wp:featuredmedia":[{"embeddable":true,"href":"https:\/\/storitgroup.com\/fi\/wp-json\/wp\/v2\/media\/21622"}],"wp:attachment":[{"href":"https:\/\/storitgroup.com\/fi\/wp-json\/wp\/v2\/media?parent=14175"}],"wp:term":[{"taxonomy":"product_brand","embeddable":true,"href":"https:\/\/storitgroup.com\/fi\/wp-json\/wp\/v2\/product_brand?post=14175"},{"taxonomy":"product_cat","embeddable":true,"href":"https:\/\/storitgroup.com\/fi\/wp-json\/wp\/v2\/product_cat?post=14175"},{"taxonomy":"product_tag","embeddable":true,"href":"https:\/\/storitgroup.com\/fi\/wp-json\/wp\/v2\/product_tag?post=14175"}],"curies":[{"name":"wp","href":"https:\/\/api.w.org\/{rel}","templated":true}]}}