{"id":14156,"date":"2021-03-05T15:29:28","date_gmt":"2021-03-05T13:29:28","guid":{"rendered":"https:\/\/storitgroup.com\/?post_type=product&#038;p=14156"},"modified":"2025-02-08T07:46:11","modified_gmt":"2025-02-08T05:46:11","slug":"tietokonekaappi-71154-lcd-naytolle-harmaa","status":"publish","type":"product","link":"https:\/\/storitgroup.com\/fi\/tuote\/tietokonekaappi-71154-lcd-naytolle-harmaa\/","title":{"rendered":"Tietokonekaappi 1730x640x280 mm, 21&#8243; n\u00e4yt\u00f6lle, harmaa"},"content":{"rendered":"<p>Ter\u00e4ksinen tietokoneen kaappi on jauhemaalattu ja suojaa tietokonetta p\u00f6lylt\u00e4, lialta, luvattomalta k\u00e4ytt\u00e4jilt\u00e4 ja mekaanisilta vaurioilta. Se on tiiviisti pakattu ja helppo koota.<\/p>\n<p> Kolme erillist\u00e4 osiota n\u00e4yt\u00f6lle, ulos vedett\u00e4v\u00e4lle n\u00e4pp\u00e4imist\u00f6laatikolle ja tietokoneelle, kaikilla erikseen  koodilukko.<br \/> Voi laittaa jopa 24 tuuman n\u00e4yt\u00f6n.<br \/> Ilmaa rei\u00e4t sivulla.<\/p>\n","protected":false},"excerpt":{"rendered":"<p>Ter\u00e4ksinen tietokoneen kaappi on jauhemaalattu ja suojaa tietokonetta p\u00f6lylt\u00e4, lialta, luvattomalta k\u00e4ytt\u00e4jilt\u00e4 ja mekaanisilta vaurioilta. Se on tiiviisti pakattu ja helppo koota.<\/p>\n<p> Kolme erillist\u00e4 osiota n\u00e4yt\u00f6lle, ulos vedett\u00e4v\u00e4lle n\u00e4pp\u00e4imist\u00f6laatikolle ja tietokoneelle, kaikilla erikseen  koodilukko.<\/p>\n","protected":false},"featured_media":204681,"template":"","meta":{"_acf_changed":false},"product_brand":[],"product_cat":[7074],"product_tag":[],"class_list":{"0":"post-14156","1":"product","2":"type-product","3":"status-publish","4":"has-post-thumbnail","6":"product_room-toimisto","7":"product_room-koulut-ja-paivakodit","8":"product_cat-tietokonekaapit","10":"first","11":"onbackorder","12":"taxable","13":"shipping-taxable","14":"purchasable","15":"product-type-simple"},"acf":[],"yoast_head":"<!-- This site is optimized with the Yoast SEO plugin v27.2 - https:\/\/yoast.com\/product\/yoast-seo-wordpress\/ -->\n<title>Tietokonekaappi 1730x640x280 mm, 21&quot; n\u00e4yt\u00f6lle, harmaa &#8226; Storit<\/title>\n<meta name=\"description\" content=\"Tietokonekaappi 1730x640x280 mm, 21&quot; n\u00e4yt\u00f6lle, harmaa \u2014 kohtuulliseen hintaan. Toimitukset kaikkialle Suomeen! \u261b Tutustu tuotteeseen ja tilaa k\u00e4tev\u00e4sti STORIT-verkkokaupasta!\" \/>\n<meta name=\"robots\" content=\"index, follow, max-snippet:-1, max-image-preview:large, max-video-preview:-1\" \/>\n<link rel=\"canonical\" href=\"https:\/\/storitgroup.com\/fi\/tuote\/tietokonekaappi-71154-lcd-naytolle-harmaa\/\" \/>\n<meta property=\"og:locale\" content=\"fi_FI\" \/>\n<meta property=\"og:type\" content=\"article\" \/>\n<meta property=\"og:title\" content=\"Tietokonekaappi 1730x640x280 mm, 21&quot; n\u00e4yt\u00f6lle, harmaa &#8226; Storit\" \/>\n<meta property=\"og:description\" content=\"Tietokonekaappi 1730x640x280 mm, 21&quot; n\u00e4yt\u00f6lle, harmaa \u2014 kohtuulliseen hintaan. Toimitukset kaikkialle Suomeen! \u261b Tutustu tuotteeseen ja tilaa k\u00e4tev\u00e4sti STORIT-verkkokaupasta!\" \/>\n<meta property=\"og:url\" content=\"https:\/\/storitgroup.com\/fi\/tuote\/tietokonekaappi-71154-lcd-naytolle-harmaa\/\" \/>\n<meta property=\"og:site_name\" content=\"Storit\" \/>\n<meta property=\"article:modified_time\" content=\"2025-02-08T05:46:11+00:00\" \/>\n<meta property=\"og:image\" content=\"https:\/\/storitgroup.com\/uploads\/2021\/03\/18-71154-1.jpg\" \/>\n\t<meta property=\"og:image:width\" content=\"480\" \/>\n\t<meta property=\"og:image:height\" content=\"539\" \/>\n\t<meta property=\"og:image:type\" content=\"image\/jpeg\" \/>\n<meta name=\"twitter:card\" content=\"summary_large_image\" \/>\n<script type=\"application\/ld+json\" class=\"yoast-schema-graph\">{\"@context\":\"https:\/\/schema.org\",\"@graph\":[{\"@type\":[\"WebPage\",\"ItemPage\"],\"@id\":\"https:\/\/storitgroup.com\/fi\/tuote\/tietokonekaappi-71154-lcd-naytolle-harmaa\/\",\"url\":\"https:\/\/storitgroup.com\/fi\/tuote\/tietokonekaappi-71154-lcd-naytolle-harmaa\/\",\"name\":\"Tietokonekaappi 1730x640x280 mm, 21\\\" n\u00e4yt\u00f6lle, harmaa &#8226; Storit\",\"isPartOf\":{\"@id\":\"https:\/\/storitgroup.com\/fi\/#website\"},\"primaryImageOfPage\":{\"@id\":\"https:\/\/storitgroup.com\/fi\/tuote\/tietokonekaappi-71154-lcd-naytolle-harmaa\/#primaryimage\"},\"image\":{\"@id\":\"https:\/\/storitgroup.com\/fi\/tuote\/tietokonekaappi-71154-lcd-naytolle-harmaa\/#primaryimage\"},\"thumbnailUrl\":\"https:\/\/storitgroup.com\/uploads\/2021\/03\/18-71154-1.jpg\",\"datePublished\":\"2021-03-05T13:29:28+00:00\",\"dateModified\":\"2025-02-08T05:46:11+00:00\",\"description\":\"Tietokonekaappi 1730x640x280 mm, 21\\\" n\u00e4yt\u00f6lle, harmaa \u2014 kohtuulliseen hintaan. Toimitukset kaikkialle Suomeen! \u261b Tutustu tuotteeseen ja tilaa k\u00e4tev\u00e4sti STORIT-verkkokaupasta!\",\"breadcrumb\":{\"@id\":\"https:\/\/storitgroup.com\/fi\/tuote\/tietokonekaappi-71154-lcd-naytolle-harmaa\/#breadcrumb\"},\"inLanguage\":\"fi\",\"potentialAction\":[{\"@type\":\"ReadAction\",\"target\":[\"https:\/\/storitgroup.com\/fi\/tuote\/tietokonekaappi-71154-lcd-naytolle-harmaa\/\"]}]},{\"@type\":\"ImageObject\",\"inLanguage\":\"fi\",\"@id\":\"https:\/\/storitgroup.com\/fi\/tuote\/tietokonekaappi-71154-lcd-naytolle-harmaa\/#primaryimage\",\"url\":\"https:\/\/storitgroup.com\/uploads\/2021\/03\/18-71154-1.jpg\",\"contentUrl\":\"https:\/\/storitgroup.com\/uploads\/2021\/03\/18-71154-1.jpg\",\"width\":480,\"height\":539},{\"@type\":\"BreadcrumbList\",\"@id\":\"https:\/\/storitgroup.com\/fi\/tuote\/tietokonekaappi-71154-lcd-naytolle-harmaa\/#breadcrumb\",\"itemListElement\":[{\"@type\":\"ListItem\",\"position\":1,\"name\":\"Kotisivu\",\"item\":\"https:\/\/storitgroup.com\/fi\/\"},{\"@type\":\"ListItem\",\"position\":2,\"name\":\"Tuotteet\",\"item\":\"https:\/\/storitgroup.com\/fi\/tuotteet\/\"},{\"@type\":\"ListItem\",\"position\":3,\"name\":\"Metallikaapit, pukukaapit\",\"item\":\"https:\/\/storitgroup.com\/fi\/metallikaapit-pukukaapit\/\"},{\"@type\":\"ListItem\",\"position\":4,\"name\":\"Tietokonekaapit\",\"item\":\"https:\/\/storitgroup.com\/fi\/metallikaapit-pukukaapit\/tietokonekaapit\/\"},{\"@type\":\"ListItem\",\"position\":5,\"name\":\"Tietokonekaappi 1730x640x280 mm, 21&#8243; n\u00e4yt\u00f6lle, harmaa\"}]},{\"@type\":\"WebSite\",\"@id\":\"https:\/\/storitgroup.com\/fi\/#website\",\"url\":\"https:\/\/storitgroup.com\/fi\/\",\"name\":\"Storit\",\"description\":\"\",\"potentialAction\":[{\"@type\":\"SearchAction\",\"target\":{\"@type\":\"EntryPoint\",\"urlTemplate\":\"https:\/\/storitgroup.com\/fi\/?s={search_term_string}\"},\"query-input\":{\"@type\":\"PropertyValueSpecification\",\"valueRequired\":true,\"valueName\":\"search_term_string\"}}],\"inLanguage\":\"fi\"}]}<\/script>\n<!-- \/ Yoast SEO plugin. -->","yoast_head_json":{"title":"Tietokonekaappi 1730x640x280 mm, 21\" n\u00e4yt\u00f6lle, harmaa &#8226; Storit","description":"Tietokonekaappi 1730x640x280 mm, 21\" n\u00e4yt\u00f6lle, harmaa \u2014 kohtuulliseen hintaan. Toimitukset kaikkialle Suomeen! \u261b Tutustu tuotteeseen ja tilaa k\u00e4tev\u00e4sti STORIT-verkkokaupasta!","robots":{"index":"index","follow":"follow","max-snippet":"max-snippet:-1","max-image-preview":"max-image-preview:large","max-video-preview":"max-video-preview:-1"},"canonical":"https:\/\/storitgroup.com\/fi\/tuote\/tietokonekaappi-71154-lcd-naytolle-harmaa\/","og_locale":"fi_FI","og_type":"article","og_title":"Tietokonekaappi 1730x640x280 mm, 21\" n\u00e4yt\u00f6lle, harmaa &#8226; Storit","og_description":"Tietokonekaappi 1730x640x280 mm, 21\" n\u00e4yt\u00f6lle, harmaa \u2014 kohtuulliseen hintaan. Toimitukset kaikkialle Suomeen! \u261b Tutustu tuotteeseen ja tilaa k\u00e4tev\u00e4sti STORIT-verkkokaupasta!","og_url":"https:\/\/storitgroup.com\/fi\/tuote\/tietokonekaappi-71154-lcd-naytolle-harmaa\/","og_site_name":"Storit","article_modified_time":"2025-02-08T05:46:11+00:00","og_image":[{"width":480,"height":539,"url":"https:\/\/storitgroup.com\/uploads\/2021\/03\/18-71154-1.jpg","type":"image\/jpeg"}],"twitter_card":"summary_large_image","schema":{"@context":"https:\/\/schema.org","@graph":[{"@type":["WebPage","ItemPage"],"@id":"https:\/\/storitgroup.com\/fi\/tuote\/tietokonekaappi-71154-lcd-naytolle-harmaa\/","url":"https:\/\/storitgroup.com\/fi\/tuote\/tietokonekaappi-71154-lcd-naytolle-harmaa\/","name":"Tietokonekaappi 1730x640x280 mm, 21\" n\u00e4yt\u00f6lle, harmaa &#8226; Storit","isPartOf":{"@id":"https:\/\/storitgroup.com\/fi\/#website"},"primaryImageOfPage":{"@id":"https:\/\/storitgroup.com\/fi\/tuote\/tietokonekaappi-71154-lcd-naytolle-harmaa\/#primaryimage"},"image":{"@id":"https:\/\/storitgroup.com\/fi\/tuote\/tietokonekaappi-71154-lcd-naytolle-harmaa\/#primaryimage"},"thumbnailUrl":"https:\/\/storitgroup.com\/uploads\/2021\/03\/18-71154-1.jpg","datePublished":"2021-03-05T13:29:28+00:00","dateModified":"2025-02-08T05:46:11+00:00","description":"Tietokonekaappi 1730x640x280 mm, 21\" n\u00e4yt\u00f6lle, harmaa \u2014 kohtuulliseen hintaan. Toimitukset kaikkialle Suomeen! \u261b Tutustu tuotteeseen ja tilaa k\u00e4tev\u00e4sti STORIT-verkkokaupasta!","breadcrumb":{"@id":"https:\/\/storitgroup.com\/fi\/tuote\/tietokonekaappi-71154-lcd-naytolle-harmaa\/#breadcrumb"},"inLanguage":"fi","potentialAction":[{"@type":"ReadAction","target":["https:\/\/storitgroup.com\/fi\/tuote\/tietokonekaappi-71154-lcd-naytolle-harmaa\/"]}]},{"@type":"ImageObject","inLanguage":"fi","@id":"https:\/\/storitgroup.com\/fi\/tuote\/tietokonekaappi-71154-lcd-naytolle-harmaa\/#primaryimage","url":"https:\/\/storitgroup.com\/uploads\/2021\/03\/18-71154-1.jpg","contentUrl":"https:\/\/storitgroup.com\/uploads\/2021\/03\/18-71154-1.jpg","width":480,"height":539},{"@type":"BreadcrumbList","@id":"https:\/\/storitgroup.com\/fi\/tuote\/tietokonekaappi-71154-lcd-naytolle-harmaa\/#breadcrumb","itemListElement":[{"@type":"ListItem","position":1,"name":"Kotisivu","item":"https:\/\/storitgroup.com\/fi\/"},{"@type":"ListItem","position":2,"name":"Tuotteet","item":"https:\/\/storitgroup.com\/fi\/tuotteet\/"},{"@type":"ListItem","position":3,"name":"Metallikaapit, pukukaapit","item":"https:\/\/storitgroup.com\/fi\/metallikaapit-pukukaapit\/"},{"@type":"ListItem","position":4,"name":"Tietokonekaapit","item":"https:\/\/storitgroup.com\/fi\/metallikaapit-pukukaapit\/tietokonekaapit\/"},{"@type":"ListItem","position":5,"name":"Tietokonekaappi 1730x640x280 mm, 21&#8243; n\u00e4yt\u00f6lle, harmaa"}]},{"@type":"WebSite","@id":"https:\/\/storitgroup.com\/fi\/#website","url":"https:\/\/storitgroup.com\/fi\/","name":"Storit","description":"","potentialAction":[{"@type":"SearchAction","target":{"@type":"EntryPoint","urlTemplate":"https:\/\/storitgroup.com\/fi\/?s={search_term_string}"},"query-input":{"@type":"PropertyValueSpecification","valueRequired":true,"valueName":"search_term_string"}}],"inLanguage":"fi"}]}},"_links":{"self":[{"href":"https:\/\/storitgroup.com\/fi\/wp-json\/wp\/v2\/product\/14156","targetHints":{"allow":["GET"]}}],"collection":[{"href":"https:\/\/storitgroup.com\/fi\/wp-json\/wp\/v2\/product"}],"about":[{"href":"https:\/\/storitgroup.com\/fi\/wp-json\/wp\/v2\/types\/product"}],"wp:featuredmedia":[{"embeddable":true,"href":"https:\/\/storitgroup.com\/fi\/wp-json\/wp\/v2\/media\/204681"}],"wp:attachment":[{"href":"https:\/\/storitgroup.com\/fi\/wp-json\/wp\/v2\/media?parent=14156"}],"wp:term":[{"taxonomy":"product_brand","embeddable":true,"href":"https:\/\/storitgroup.com\/fi\/wp-json\/wp\/v2\/product_brand?post=14156"},{"taxonomy":"product_cat","embeddable":true,"href":"https:\/\/storitgroup.com\/fi\/wp-json\/wp\/v2\/product_cat?post=14156"},{"taxonomy":"product_tag","embeddable":true,"href":"https:\/\/storitgroup.com\/fi\/wp-json\/wp\/v2\/product_tag?post=14156"}],"curies":[{"name":"wp","href":"https:\/\/api.w.org\/{rel}","templated":true}]}}