{"id":14119,"date":"2021-03-05T15:29:16","date_gmt":"2021-03-05T13:29:16","guid":{"rendered":"https:\/\/storitgroup.com\/?post_type=product&#038;p=14119"},"modified":"2026-04-03T20:47:33","modified_gmt":"2026-04-03T17:47:33","slug":"metallikaappi-economy-1800-x-900-x-400mm-ral7035-7035","status":"publish","type":"product","link":"https:\/\/storitgroup.com\/fi\/tuote\/metallikaappi-economy-1800-x-900-x-400mm-ral7035-7035\/","title":{"rendered":"Arkistokaappi Economy 1800x900x400 mm, hall"},"content":{"rendered":"<p>Fiksusti suunniteltu ter\u00e4slevykaappi, joka voidaan koota ilman ruuveja tai ty\u00f6kaluja. Toimitetaan osissa.<\/p>\n<p>Kaapissa on 4 hylly\u00e4, joiden kantavuus on 50 kg, jotka ovat s\u00e4\u00e4dett\u00e4viss\u00e4 25 mm v\u00e4lein.<\/p>\n<p>Kaappi on lukittava, mukana 2 avainta. <\/p>\n<p> Hyllyj\u00e4 my\u00f6s tilattavissa lis\u00e4varusteina.<\/p>\n","protected":false},"excerpt":{"rendered":"<p>Fiksusti suunniteltu ter\u00e4slevykaappi, joka voidaan koota ilman ruuveja tai ty\u00f6kaluja. Toimitetaan osissa.<\/p>\n<p>Kaapissa on 4 hylly\u00e4, joiden kantavuus on 50 kg, jotka ovat s\u00e4\u00e4dett\u00e4viss\u00e4 25 mm v\u00e4lein.<\/p>\n","protected":false},"featured_media":199980,"template":"","meta":{"_acf_changed":false},"product_brand":[],"product_cat":[7070],"product_tag":[],"class_list":{"0":"post-14119","1":"product","2":"type-product","3":"status-publish","4":"has-post-thumbnail","6":"product_room-kokoonpano-ja-keraily","7":"product_room-toimisto","8":"product_room-koulut-ja-paivakodit","9":"product_room-kotitoimisto","10":"product_room-kotiratkaisut","11":"product_room-arkisto-museo","12":"product_cat-arkistokaapit","14":"first","15":"instock","16":"taxable","17":"shipping-taxable","18":"purchasable","19":"product-type-simple"},"acf":[],"yoast_head":"<!-- This site is optimized with the Yoast SEO plugin v27.2 - https:\/\/yoast.com\/product\/yoast-seo-wordpress\/ -->\n<title>Arkistokaappi Economy 1800x900x400 mm, hall &#8226; Storit<\/title>\n<meta name=\"description\" content=\"Arkistokaappi Economy 1800x900x400 mm, hall \u2014 kohtuulliseen hintaan. Toimitukset kaikkialle Suomeen! \u261b Tutustu tuotteeseen ja tilaa k\u00e4tev\u00e4sti STORIT-verkkokaupasta!\" \/>\n<meta name=\"robots\" content=\"index, follow, max-snippet:-1, max-image-preview:large, max-video-preview:-1\" \/>\n<link rel=\"canonical\" href=\"https:\/\/storitgroup.com\/fi\/tuote\/metallikaappi-economy-1800-x-900-x-400mm-ral7035-7035\/\" \/>\n<meta property=\"og:locale\" content=\"fi_FI\" \/>\n<meta property=\"og:type\" content=\"article\" \/>\n<meta property=\"og:title\" content=\"Arkistokaappi Economy 1800x900x400 mm, hall &#8226; Storit\" \/>\n<meta property=\"og:description\" content=\"Arkistokaappi Economy 1800x900x400 mm, hall \u2014 kohtuulliseen hintaan. Toimitukset kaikkialle Suomeen! \u261b Tutustu tuotteeseen ja tilaa k\u00e4tev\u00e4sti STORIT-verkkokaupasta!\" \/>\n<meta property=\"og:url\" content=\"https:\/\/storitgroup.com\/fi\/tuote\/metallikaappi-economy-1800-x-900-x-400mm-ral7035-7035\/\" \/>\n<meta property=\"og:site_name\" content=\"Storit\" \/>\n<meta property=\"article:modified_time\" content=\"2026-04-03T17:47:33+00:00\" \/>\n<meta property=\"og:image\" content=\"https:\/\/storitgroup.com\/uploads\/2021\/03\/28-economy_71603-1.jpg\" \/>\n\t<meta property=\"og:image:width\" content=\"399\" \/>\n\t<meta property=\"og:image:height\" content=\"580\" \/>\n\t<meta property=\"og:image:type\" content=\"image\/jpeg\" \/>\n<meta name=\"twitter:card\" content=\"summary_large_image\" \/>\n<script type=\"application\/ld+json\" class=\"yoast-schema-graph\">{\"@context\":\"https:\/\/schema.org\",\"@graph\":[{\"@type\":[\"WebPage\",\"ItemPage\"],\"@id\":\"https:\/\/storitgroup.com\/fi\/tuote\/metallikaappi-economy-1800-x-900-x-400mm-ral7035-7035\/\",\"url\":\"https:\/\/storitgroup.com\/fi\/tuote\/metallikaappi-economy-1800-x-900-x-400mm-ral7035-7035\/\",\"name\":\"Arkistokaappi Economy 1800x900x400 mm, hall &#8226; Storit\",\"isPartOf\":{\"@id\":\"https:\/\/storitgroup.com\/fi\/#website\"},\"primaryImageOfPage\":{\"@id\":\"https:\/\/storitgroup.com\/fi\/tuote\/metallikaappi-economy-1800-x-900-x-400mm-ral7035-7035\/#primaryimage\"},\"image\":{\"@id\":\"https:\/\/storitgroup.com\/fi\/tuote\/metallikaappi-economy-1800-x-900-x-400mm-ral7035-7035\/#primaryimage\"},\"thumbnailUrl\":\"https:\/\/storitgroup.com\/uploads\/2021\/03\/28-economy_71603-1.jpg\",\"datePublished\":\"2021-03-05T13:29:16+00:00\",\"dateModified\":\"2026-04-03T17:47:33+00:00\",\"description\":\"Arkistokaappi Economy 1800x900x400 mm, hall \u2014 kohtuulliseen hintaan. Toimitukset kaikkialle Suomeen! \u261b Tutustu tuotteeseen ja tilaa k\u00e4tev\u00e4sti STORIT-verkkokaupasta!\",\"breadcrumb\":{\"@id\":\"https:\/\/storitgroup.com\/fi\/tuote\/metallikaappi-economy-1800-x-900-x-400mm-ral7035-7035\/#breadcrumb\"},\"inLanguage\":\"fi\",\"potentialAction\":[{\"@type\":\"ReadAction\",\"target\":[\"https:\/\/storitgroup.com\/fi\/tuote\/metallikaappi-economy-1800-x-900-x-400mm-ral7035-7035\/\"]}]},{\"@type\":\"ImageObject\",\"inLanguage\":\"fi\",\"@id\":\"https:\/\/storitgroup.com\/fi\/tuote\/metallikaappi-economy-1800-x-900-x-400mm-ral7035-7035\/#primaryimage\",\"url\":\"https:\/\/storitgroup.com\/uploads\/2021\/03\/28-economy_71603-1.jpg\",\"contentUrl\":\"https:\/\/storitgroup.com\/uploads\/2021\/03\/28-economy_71603-1.jpg\",\"width\":399,\"height\":580},{\"@type\":\"BreadcrumbList\",\"@id\":\"https:\/\/storitgroup.com\/fi\/tuote\/metallikaappi-economy-1800-x-900-x-400mm-ral7035-7035\/#breadcrumb\",\"itemListElement\":[{\"@type\":\"ListItem\",\"position\":1,\"name\":\"Kotisivu\",\"item\":\"https:\/\/storitgroup.com\/fi\/\"},{\"@type\":\"ListItem\",\"position\":2,\"name\":\"Tuotteet\",\"item\":\"https:\/\/storitgroup.com\/fi\/tuotteet\/\"},{\"@type\":\"ListItem\",\"position\":3,\"name\":\"Metallikaapit, pukukaapit\",\"item\":\"https:\/\/storitgroup.com\/fi\/metallikaapit-pukukaapit\/\"},{\"@type\":\"ListItem\",\"position\":4,\"name\":\"Arkistokaapit\",\"item\":\"https:\/\/storitgroup.com\/fi\/metallikaapit-pukukaapit\/arkistokaapit\/\"},{\"@type\":\"ListItem\",\"position\":5,\"name\":\"Arkistokaappi Economy 1800x900x400 mm, hall\"}]},{\"@type\":\"WebSite\",\"@id\":\"https:\/\/storitgroup.com\/fi\/#website\",\"url\":\"https:\/\/storitgroup.com\/fi\/\",\"name\":\"Storit\",\"description\":\"\",\"potentialAction\":[{\"@type\":\"SearchAction\",\"target\":{\"@type\":\"EntryPoint\",\"urlTemplate\":\"https:\/\/storitgroup.com\/fi\/?s={search_term_string}\"},\"query-input\":{\"@type\":\"PropertyValueSpecification\",\"valueRequired\":true,\"valueName\":\"search_term_string\"}}],\"inLanguage\":\"fi\"}]}<\/script>\n<!-- \/ Yoast SEO plugin. -->","yoast_head_json":{"title":"Arkistokaappi Economy 1800x900x400 mm, hall &#8226; Storit","description":"Arkistokaappi Economy 1800x900x400 mm, hall \u2014 kohtuulliseen hintaan. Toimitukset kaikkialle Suomeen! \u261b Tutustu tuotteeseen ja tilaa k\u00e4tev\u00e4sti STORIT-verkkokaupasta!","robots":{"index":"index","follow":"follow","max-snippet":"max-snippet:-1","max-image-preview":"max-image-preview:large","max-video-preview":"max-video-preview:-1"},"canonical":"https:\/\/storitgroup.com\/fi\/tuote\/metallikaappi-economy-1800-x-900-x-400mm-ral7035-7035\/","og_locale":"fi_FI","og_type":"article","og_title":"Arkistokaappi Economy 1800x900x400 mm, hall &#8226; Storit","og_description":"Arkistokaappi Economy 1800x900x400 mm, hall \u2014 kohtuulliseen hintaan. Toimitukset kaikkialle Suomeen! \u261b Tutustu tuotteeseen ja tilaa k\u00e4tev\u00e4sti STORIT-verkkokaupasta!","og_url":"https:\/\/storitgroup.com\/fi\/tuote\/metallikaappi-economy-1800-x-900-x-400mm-ral7035-7035\/","og_site_name":"Storit","article_modified_time":"2026-04-03T17:47:33+00:00","og_image":[{"width":399,"height":580,"url":"https:\/\/storitgroup.com\/uploads\/2021\/03\/28-economy_71603-1.jpg","type":"image\/jpeg"}],"twitter_card":"summary_large_image","schema":{"@context":"https:\/\/schema.org","@graph":[{"@type":["WebPage","ItemPage"],"@id":"https:\/\/storitgroup.com\/fi\/tuote\/metallikaappi-economy-1800-x-900-x-400mm-ral7035-7035\/","url":"https:\/\/storitgroup.com\/fi\/tuote\/metallikaappi-economy-1800-x-900-x-400mm-ral7035-7035\/","name":"Arkistokaappi Economy 1800x900x400 mm, hall &#8226; Storit","isPartOf":{"@id":"https:\/\/storitgroup.com\/fi\/#website"},"primaryImageOfPage":{"@id":"https:\/\/storitgroup.com\/fi\/tuote\/metallikaappi-economy-1800-x-900-x-400mm-ral7035-7035\/#primaryimage"},"image":{"@id":"https:\/\/storitgroup.com\/fi\/tuote\/metallikaappi-economy-1800-x-900-x-400mm-ral7035-7035\/#primaryimage"},"thumbnailUrl":"https:\/\/storitgroup.com\/uploads\/2021\/03\/28-economy_71603-1.jpg","datePublished":"2021-03-05T13:29:16+00:00","dateModified":"2026-04-03T17:47:33+00:00","description":"Arkistokaappi Economy 1800x900x400 mm, hall \u2014 kohtuulliseen hintaan. Toimitukset kaikkialle Suomeen! \u261b Tutustu tuotteeseen ja tilaa k\u00e4tev\u00e4sti STORIT-verkkokaupasta!","breadcrumb":{"@id":"https:\/\/storitgroup.com\/fi\/tuote\/metallikaappi-economy-1800-x-900-x-400mm-ral7035-7035\/#breadcrumb"},"inLanguage":"fi","potentialAction":[{"@type":"ReadAction","target":["https:\/\/storitgroup.com\/fi\/tuote\/metallikaappi-economy-1800-x-900-x-400mm-ral7035-7035\/"]}]},{"@type":"ImageObject","inLanguage":"fi","@id":"https:\/\/storitgroup.com\/fi\/tuote\/metallikaappi-economy-1800-x-900-x-400mm-ral7035-7035\/#primaryimage","url":"https:\/\/storitgroup.com\/uploads\/2021\/03\/28-economy_71603-1.jpg","contentUrl":"https:\/\/storitgroup.com\/uploads\/2021\/03\/28-economy_71603-1.jpg","width":399,"height":580},{"@type":"BreadcrumbList","@id":"https:\/\/storitgroup.com\/fi\/tuote\/metallikaappi-economy-1800-x-900-x-400mm-ral7035-7035\/#breadcrumb","itemListElement":[{"@type":"ListItem","position":1,"name":"Kotisivu","item":"https:\/\/storitgroup.com\/fi\/"},{"@type":"ListItem","position":2,"name":"Tuotteet","item":"https:\/\/storitgroup.com\/fi\/tuotteet\/"},{"@type":"ListItem","position":3,"name":"Metallikaapit, pukukaapit","item":"https:\/\/storitgroup.com\/fi\/metallikaapit-pukukaapit\/"},{"@type":"ListItem","position":4,"name":"Arkistokaapit","item":"https:\/\/storitgroup.com\/fi\/metallikaapit-pukukaapit\/arkistokaapit\/"},{"@type":"ListItem","position":5,"name":"Arkistokaappi Economy 1800x900x400 mm, hall"}]},{"@type":"WebSite","@id":"https:\/\/storitgroup.com\/fi\/#website","url":"https:\/\/storitgroup.com\/fi\/","name":"Storit","description":"","potentialAction":[{"@type":"SearchAction","target":{"@type":"EntryPoint","urlTemplate":"https:\/\/storitgroup.com\/fi\/?s={search_term_string}"},"query-input":{"@type":"PropertyValueSpecification","valueRequired":true,"valueName":"search_term_string"}}],"inLanguage":"fi"}]}},"_links":{"self":[{"href":"https:\/\/storitgroup.com\/fi\/wp-json\/wp\/v2\/product\/14119","targetHints":{"allow":["GET"]}}],"collection":[{"href":"https:\/\/storitgroup.com\/fi\/wp-json\/wp\/v2\/product"}],"about":[{"href":"https:\/\/storitgroup.com\/fi\/wp-json\/wp\/v2\/types\/product"}],"wp:featuredmedia":[{"embeddable":true,"href":"https:\/\/storitgroup.com\/fi\/wp-json\/wp\/v2\/media\/199980"}],"wp:attachment":[{"href":"https:\/\/storitgroup.com\/fi\/wp-json\/wp\/v2\/media?parent=14119"}],"wp:term":[{"taxonomy":"product_brand","embeddable":true,"href":"https:\/\/storitgroup.com\/fi\/wp-json\/wp\/v2\/product_brand?post=14119"},{"taxonomy":"product_cat","embeddable":true,"href":"https:\/\/storitgroup.com\/fi\/wp-json\/wp\/v2\/product_cat?post=14119"},{"taxonomy":"product_tag","embeddable":true,"href":"https:\/\/storitgroup.com\/fi\/wp-json\/wp\/v2\/product_tag?post=14119"}],"curies":[{"name":"wp","href":"https:\/\/api.w.org\/{rel}","templated":true}]}}