{"id":14000,"date":"2021-03-09T00:51:27","date_gmt":"2021-03-09T00:51:27","guid":{"rendered":"https:\/\/storitgroup.com\/?post_type=product&#038;p=14000"},"modified":"2025-02-08T07:43:56","modified_gmt":"2025-02-08T05:43:56","slug":"jatesailio-metalli-pyorilla-400-l-sininen-lukittava","status":"publish","type":"product","link":"https:\/\/storitgroup.com\/fi\/tuote\/jatesailio-metalli-pyorilla-400-l-sininen-lukittava\/","title":{"rendered":"Ty\u00f6kalulaatikko 400 l py\u00f6rill\u00e4, lukittava"},"content":{"rendered":"<p>Tukeva py\u00f6rill\u00e4 varustettu vaunu ty\u00f6kalujen turvalliseen s\u00e4ilytykseen esimerkiksi rakennusty\u00f6mailla. Vahva lukko kolmella lukituspisteell\u00e4. Laatikko on nelj\u00e4ll\u00e4 umpikumipy\u00f6r\u00e4ll\u00e4 \u00d8 160 mm, joista kaksi on varustettu jarruilla. Sopii my\u00f6s ty\u00f6p\u00f6yd\u00e4ksi.<\/p>\n<p>Sis\u00e4mitat:<br \/>pituus 623 mm,<br \/>leveys 996 mm,<br \/>korkeus 659 mm.<\/p>\n<p>Laatikko sis\u00e4lt\u00e4\u00e4 siirrett\u00e4v\u00e4n hyllyn, jonka pituus on 623 mm ja leveys 494 mm. Hyllyn alla on tilaa, jonka pituus on 623 mm, leveys 996 mm ja korkeus 327 mm.<\/p>\n<p>Sivulla on \u00d8 40 mm kaapeliaukko.<\/p>\n","protected":false},"excerpt":{"rendered":"<p>Tukeva py\u00f6rill\u00e4 varustettu vaunu ty\u00f6kalujen turvalliseen s\u00e4ilytykseen esimerkiksi rakennusty\u00f6mailla. Vahva lukko kolmella lukituspisteell\u00e4. Laatikko on nelj\u00e4ll\u00e4 umpikumipy\u00f6r\u00e4ll\u00e4 \u00d8 160 mm, joista kaksi on varustettu jarruilla. Sopii my\u00f6s ty\u00f6p\u00f6yd\u00e4ksi.<\/p>\n<p>Sis\u00e4mitat:<\/p>\n","protected":false},"featured_media":35195,"template":"","meta":{"_acf_changed":false},"product_brand":[],"product_cat":[7071],"product_tag":[],"class_list":{"0":"post-14000","1":"product","2":"type-product","3":"status-publish","4":"has-post-thumbnail","6":"product_room-tyopaja-ja-autotalli","7":"product_room-tynnyrien-ja-kaapeleiden-kasittely","8":"product_room-ulkoalue","9":"product_cat-tyokalukaapit-ja-vaunut","11":"first","12":"instock","13":"taxable","14":"shipping-taxable","15":"purchasable","16":"product-type-simple"},"acf":[],"yoast_head":"<!-- This site is optimized with the Yoast SEO plugin v27.3 - https:\/\/yoast.com\/product\/yoast-seo-wordpress\/ -->\n<title>Ty\u00f6kalulaatikko 400 l py\u00f6rill\u00e4, lukittava &#8226; Storit<\/title>\n<meta name=\"description\" content=\"Ty\u00f6kalulaatikko 400 l py\u00f6rill\u00e4, lukittava \u2014 kohtuulliseen hintaan. Toimitukset kaikkialle Suomeen! \u261b Tutustu tuotteeseen ja tilaa k\u00e4tev\u00e4sti STORIT-verkkokaupasta!\" \/>\n<meta name=\"robots\" content=\"index, follow, max-snippet:-1, max-image-preview:large, max-video-preview:-1\" \/>\n<link rel=\"canonical\" href=\"https:\/\/storitgroup.com\/fi\/tuote\/jatesailio-metalli-pyorilla-400-l-sininen-lukittava\/\" \/>\n<meta property=\"og:locale\" content=\"fi_FI\" \/>\n<meta property=\"og:type\" content=\"article\" \/>\n<meta property=\"og:title\" content=\"Ty\u00f6kalulaatikko 400 l py\u00f6rill\u00e4, lukittava &#8226; Storit\" \/>\n<meta property=\"og:description\" content=\"Ty\u00f6kalulaatikko 400 l py\u00f6rill\u00e4, lukittava \u2014 kohtuulliseen hintaan. Toimitukset kaikkialle Suomeen! \u261b Tutustu tuotteeseen ja tilaa k\u00e4tev\u00e4sti STORIT-verkkokaupasta!\" \/>\n<meta property=\"og:url\" content=\"https:\/\/storitgroup.com\/fi\/tuote\/jatesailio-metalli-pyorilla-400-l-sininen-lukittava\/\" \/>\n<meta property=\"og:site_name\" content=\"Storit\" \/>\n<meta property=\"article:modified_time\" content=\"2025-02-08T05:43:56+00:00\" \/>\n<meta property=\"og:image\" content=\"https:\/\/storitgroup.com\/uploads\/2021\/03\/ratastel-metallist-lukustatav-konteiner-400-l-sinine-1.jpg\" \/>\n\t<meta property=\"og:image:width\" content=\"1920\" \/>\n\t<meta property=\"og:image:height\" content=\"1926\" \/>\n\t<meta property=\"og:image:type\" content=\"image\/jpeg\" \/>\n<meta name=\"twitter:card\" content=\"summary_large_image\" \/>\n<script type=\"application\/ld+json\" class=\"yoast-schema-graph\">{\"@context\":\"https:\\\/\\\/schema.org\",\"@graph\":[{\"@type\":[\"WebPage\",\"ItemPage\"],\"@id\":\"https:\\\/\\\/storitgroup.com\\\/fi\\\/tuote\\\/jatesailio-metalli-pyorilla-400-l-sininen-lukittava\\\/\",\"url\":\"https:\\\/\\\/storitgroup.com\\\/fi\\\/tuote\\\/jatesailio-metalli-pyorilla-400-l-sininen-lukittava\\\/\",\"name\":\"Ty\u00f6kalulaatikko 400 l py\u00f6rill\u00e4, lukittava &#8226; Storit\",\"isPartOf\":{\"@id\":\"https:\\\/\\\/storitgroup.com\\\/fi\\\/#website\"},\"primaryImageOfPage\":{\"@id\":\"https:\\\/\\\/storitgroup.com\\\/fi\\\/tuote\\\/jatesailio-metalli-pyorilla-400-l-sininen-lukittava\\\/#primaryimage\"},\"image\":{\"@id\":\"https:\\\/\\\/storitgroup.com\\\/fi\\\/tuote\\\/jatesailio-metalli-pyorilla-400-l-sininen-lukittava\\\/#primaryimage\"},\"thumbnailUrl\":\"https:\\\/\\\/storitgroup.com\\\/uploads\\\/2021\\\/03\\\/ratastel-metallist-lukustatav-konteiner-400-l-sinine-1.jpg\",\"datePublished\":\"2021-03-09T00:51:27+00:00\",\"dateModified\":\"2025-02-08T05:43:56+00:00\",\"description\":\"Ty\u00f6kalulaatikko 400 l py\u00f6rill\u00e4, lukittava \u2014 kohtuulliseen hintaan. Toimitukset kaikkialle Suomeen! \u261b Tutustu tuotteeseen ja tilaa k\u00e4tev\u00e4sti STORIT-verkkokaupasta!\",\"breadcrumb\":{\"@id\":\"https:\\\/\\\/storitgroup.com\\\/fi\\\/tuote\\\/jatesailio-metalli-pyorilla-400-l-sininen-lukittava\\\/#breadcrumb\"},\"inLanguage\":\"fi\",\"potentialAction\":[{\"@type\":\"ReadAction\",\"target\":[\"https:\\\/\\\/storitgroup.com\\\/fi\\\/tuote\\\/jatesailio-metalli-pyorilla-400-l-sininen-lukittava\\\/\"]}]},{\"@type\":\"ImageObject\",\"inLanguage\":\"fi\",\"@id\":\"https:\\\/\\\/storitgroup.com\\\/fi\\\/tuote\\\/jatesailio-metalli-pyorilla-400-l-sininen-lukittava\\\/#primaryimage\",\"url\":\"https:\\\/\\\/storitgroup.com\\\/uploads\\\/2021\\\/03\\\/ratastel-metallist-lukustatav-konteiner-400-l-sinine-1.jpg\",\"contentUrl\":\"https:\\\/\\\/storitgroup.com\\\/uploads\\\/2021\\\/03\\\/ratastel-metallist-lukustatav-konteiner-400-l-sinine-1.jpg\",\"width\":1920,\"height\":1926},{\"@type\":\"BreadcrumbList\",\"@id\":\"https:\\\/\\\/storitgroup.com\\\/fi\\\/tuote\\\/jatesailio-metalli-pyorilla-400-l-sininen-lukittava\\\/#breadcrumb\",\"itemListElement\":[{\"@type\":\"ListItem\",\"position\":1,\"name\":\"Kotisivu\",\"item\":\"https:\\\/\\\/storitgroup.com\\\/fi\\\/\"},{\"@type\":\"ListItem\",\"position\":2,\"name\":\"Tuotteet\",\"item\":\"https:\\\/\\\/storitgroup.com\\\/fi\\\/tuotteet\\\/\"},{\"@type\":\"ListItem\",\"position\":3,\"name\":\"Metallikaapit, pukukaapit\",\"item\":\"https:\\\/\\\/storitgroup.com\\\/fi\\\/metallikaapit-pukukaapit\\\/\"},{\"@type\":\"ListItem\",\"position\":4,\"name\":\"Ty\u00f6kalukaapit ja -vaunut\",\"item\":\"https:\\\/\\\/storitgroup.com\\\/fi\\\/metallikaapit-pukukaapit\\\/tyokalukaapit-ja-vaunut\\\/\"},{\"@type\":\"ListItem\",\"position\":5,\"name\":\"Ty\u00f6kalulaatikko 400 l py\u00f6rill\u00e4, lukittava\"}]},{\"@type\":\"WebSite\",\"@id\":\"https:\\\/\\\/storitgroup.com\\\/fi\\\/#website\",\"url\":\"https:\\\/\\\/storitgroup.com\\\/fi\\\/\",\"name\":\"Storit\",\"description\":\"\",\"potentialAction\":[{\"@type\":\"SearchAction\",\"target\":{\"@type\":\"EntryPoint\",\"urlTemplate\":\"https:\\\/\\\/storitgroup.com\\\/fi\\\/?s={search_term_string}\"},\"query-input\":{\"@type\":\"PropertyValueSpecification\",\"valueRequired\":true,\"valueName\":\"search_term_string\"}}],\"inLanguage\":\"fi\"}]}<\/script>\n<!-- \/ Yoast SEO plugin. -->","yoast_head_json":{"title":"Ty\u00f6kalulaatikko 400 l py\u00f6rill\u00e4, lukittava &#8226; Storit","description":"Ty\u00f6kalulaatikko 400 l py\u00f6rill\u00e4, lukittava \u2014 kohtuulliseen hintaan. Toimitukset kaikkialle Suomeen! \u261b Tutustu tuotteeseen ja tilaa k\u00e4tev\u00e4sti STORIT-verkkokaupasta!","robots":{"index":"index","follow":"follow","max-snippet":"max-snippet:-1","max-image-preview":"max-image-preview:large","max-video-preview":"max-video-preview:-1"},"canonical":"https:\/\/storitgroup.com\/fi\/tuote\/jatesailio-metalli-pyorilla-400-l-sininen-lukittava\/","og_locale":"fi_FI","og_type":"article","og_title":"Ty\u00f6kalulaatikko 400 l py\u00f6rill\u00e4, lukittava &#8226; Storit","og_description":"Ty\u00f6kalulaatikko 400 l py\u00f6rill\u00e4, lukittava \u2014 kohtuulliseen hintaan. Toimitukset kaikkialle Suomeen! \u261b Tutustu tuotteeseen ja tilaa k\u00e4tev\u00e4sti STORIT-verkkokaupasta!","og_url":"https:\/\/storitgroup.com\/fi\/tuote\/jatesailio-metalli-pyorilla-400-l-sininen-lukittava\/","og_site_name":"Storit","article_modified_time":"2025-02-08T05:43:56+00:00","og_image":[{"width":1920,"height":1926,"url":"https:\/\/storitgroup.com\/uploads\/2021\/03\/ratastel-metallist-lukustatav-konteiner-400-l-sinine-1.jpg","type":"image\/jpeg"}],"twitter_card":"summary_large_image","schema":{"@context":"https:\/\/schema.org","@graph":[{"@type":["WebPage","ItemPage"],"@id":"https:\/\/storitgroup.com\/fi\/tuote\/jatesailio-metalli-pyorilla-400-l-sininen-lukittava\/","url":"https:\/\/storitgroup.com\/fi\/tuote\/jatesailio-metalli-pyorilla-400-l-sininen-lukittava\/","name":"Ty\u00f6kalulaatikko 400 l py\u00f6rill\u00e4, lukittava &#8226; Storit","isPartOf":{"@id":"https:\/\/storitgroup.com\/fi\/#website"},"primaryImageOfPage":{"@id":"https:\/\/storitgroup.com\/fi\/tuote\/jatesailio-metalli-pyorilla-400-l-sininen-lukittava\/#primaryimage"},"image":{"@id":"https:\/\/storitgroup.com\/fi\/tuote\/jatesailio-metalli-pyorilla-400-l-sininen-lukittava\/#primaryimage"},"thumbnailUrl":"https:\/\/storitgroup.com\/uploads\/2021\/03\/ratastel-metallist-lukustatav-konteiner-400-l-sinine-1.jpg","datePublished":"2021-03-09T00:51:27+00:00","dateModified":"2025-02-08T05:43:56+00:00","description":"Ty\u00f6kalulaatikko 400 l py\u00f6rill\u00e4, lukittava \u2014 kohtuulliseen hintaan. Toimitukset kaikkialle Suomeen! \u261b Tutustu tuotteeseen ja tilaa k\u00e4tev\u00e4sti STORIT-verkkokaupasta!","breadcrumb":{"@id":"https:\/\/storitgroup.com\/fi\/tuote\/jatesailio-metalli-pyorilla-400-l-sininen-lukittava\/#breadcrumb"},"inLanguage":"fi","potentialAction":[{"@type":"ReadAction","target":["https:\/\/storitgroup.com\/fi\/tuote\/jatesailio-metalli-pyorilla-400-l-sininen-lukittava\/"]}]},{"@type":"ImageObject","inLanguage":"fi","@id":"https:\/\/storitgroup.com\/fi\/tuote\/jatesailio-metalli-pyorilla-400-l-sininen-lukittava\/#primaryimage","url":"https:\/\/storitgroup.com\/uploads\/2021\/03\/ratastel-metallist-lukustatav-konteiner-400-l-sinine-1.jpg","contentUrl":"https:\/\/storitgroup.com\/uploads\/2021\/03\/ratastel-metallist-lukustatav-konteiner-400-l-sinine-1.jpg","width":1920,"height":1926},{"@type":"BreadcrumbList","@id":"https:\/\/storitgroup.com\/fi\/tuote\/jatesailio-metalli-pyorilla-400-l-sininen-lukittava\/#breadcrumb","itemListElement":[{"@type":"ListItem","position":1,"name":"Kotisivu","item":"https:\/\/storitgroup.com\/fi\/"},{"@type":"ListItem","position":2,"name":"Tuotteet","item":"https:\/\/storitgroup.com\/fi\/tuotteet\/"},{"@type":"ListItem","position":3,"name":"Metallikaapit, pukukaapit","item":"https:\/\/storitgroup.com\/fi\/metallikaapit-pukukaapit\/"},{"@type":"ListItem","position":4,"name":"Ty\u00f6kalukaapit ja -vaunut","item":"https:\/\/storitgroup.com\/fi\/metallikaapit-pukukaapit\/tyokalukaapit-ja-vaunut\/"},{"@type":"ListItem","position":5,"name":"Ty\u00f6kalulaatikko 400 l py\u00f6rill\u00e4, lukittava"}]},{"@type":"WebSite","@id":"https:\/\/storitgroup.com\/fi\/#website","url":"https:\/\/storitgroup.com\/fi\/","name":"Storit","description":"","potentialAction":[{"@type":"SearchAction","target":{"@type":"EntryPoint","urlTemplate":"https:\/\/storitgroup.com\/fi\/?s={search_term_string}"},"query-input":{"@type":"PropertyValueSpecification","valueRequired":true,"valueName":"search_term_string"}}],"inLanguage":"fi"}]}},"_links":{"self":[{"href":"https:\/\/storitgroup.com\/fi\/wp-json\/wp\/v2\/product\/14000","targetHints":{"allow":["GET"]}}],"collection":[{"href":"https:\/\/storitgroup.com\/fi\/wp-json\/wp\/v2\/product"}],"about":[{"href":"https:\/\/storitgroup.com\/fi\/wp-json\/wp\/v2\/types\/product"}],"wp:featuredmedia":[{"embeddable":true,"href":"https:\/\/storitgroup.com\/fi\/wp-json\/wp\/v2\/media\/35195"}],"wp:attachment":[{"href":"https:\/\/storitgroup.com\/fi\/wp-json\/wp\/v2\/media?parent=14000"}],"wp:term":[{"taxonomy":"product_brand","embeddable":true,"href":"https:\/\/storitgroup.com\/fi\/wp-json\/wp\/v2\/product_brand?post=14000"},{"taxonomy":"product_cat","embeddable":true,"href":"https:\/\/storitgroup.com\/fi\/wp-json\/wp\/v2\/product_cat?post=14000"},{"taxonomy":"product_tag","embeddable":true,"href":"https:\/\/storitgroup.com\/fi\/wp-json\/wp\/v2\/product_tag?post=14000"}],"curies":[{"name":"wp","href":"https:\/\/api.w.org\/{rel}","templated":true}]}}